{"id":42884,"date":"2025-04-09T09:31:10","date_gmt":"2025-04-09T15:31:10","guid":{"rendered":"https:\/\/www.mexicanguitarplayers.com\/tienda\/sin categor\u00eda\/pedal-t-c-p-guitarra-mod-magus-pro\/"},"modified":"2026-04-14T04:15:10","modified_gmt":"2026-04-14T10:15:10","slug":"pedal-t-c-p-guitarra-mod-magus-pro","status":"publish","type":"product","link":"https:\/\/www.mexicanguitarplayers.com\/en\/tienda\/cuerdas\/efectos\/efectos-individuales\/pedal-t-c-p-guitarra-mod-magus-pro\/","title":{"rendered":"PEDAL T.C. P\/GUITARRA MOD. MAGUS PRO"},"content":{"rendered":"<div style=\"text-align: justify\">\n<div>\n<h3>Distorsi\u00f3n anal\u00f3gica cl\u00e1sica y vers\u00e1til.<\/h3>\n<\/div>\n<div>Si alguna vez necesitaste un pedal de distorsi\u00f3n de alta ganancia anal\u00f3gico cl\u00e1sico, pero no pudiste encontrar uno con la versatilidad suficiente para adaptarse a cualquier escenario, el MAGUS PRO ser\u00e1 una gran sorpresa para ti. Su velocidad de respuesta lenta, control de filtro de agudos y tres modos diferentes de operaci\u00f3n brindan una variaci\u00f3n m\u00e1s que suficiente en el enfoque y el tono para complementar cualquier estilo de interpretaci\u00f3n. Hemos dise\u00f1ado especialmente un circuito para recrear el movimiento lento cl\u00e1sico del infame amplificador operacional LM308 utilizando componentes modernos f\u00e1cilmente disponibles. Al mantener el slew rate lento se eliminan los sobretonos arm\u00f3nicos no deseados y las interferencias, dej\u00e1ndolo con una capa suave de distorsi\u00f3n pura mientras aumenta la ganancia. Una caracter\u00edstica particularmente distintiva del MAGUS PRO es el control de filtro de agudos. Es un filtro de corte de agudos extremadamente eficaz, que te permite adaptar totalmente tu top end. MAGUS PRO viene con tres modos diferentes, lo que te brinda m\u00e1s alcance que nunca. El MODO CLASSIC nos lleva a un mundo de la vieja escuela, de alta ganancia, MEDIOS potentes y un bottom end apretado y apasionante. Mientras tanto el MODO TURBO activa los diodos de recorte LED para obtener un mayor margen, menos saturaci\u00f3n y un mayor nivel de salida. Finalmente el MODO FAT da un impulso a los graves mientras remodela los medios superiores para ese tono de rock puro definitivo. Cuando usas el MAGUS PRO como un boost de solo, la resonancia arm\u00f3nica uniformemente equilibrada produce un sustain duradero y sin esfuerzo para llevarte m\u00e1s all\u00e1 del horizonte. Tambi\u00e9n proporcionar\u00e1 retroalimentaci\u00f3n musical cuando sea necesario en configuraciones de alta ganancia, mientras que si slew rate lento mantiene a raya el chisporroteo no deseado. Todo esto se entrega con una calidez y un tono que esperar\u00edas solo de los mejores circuitos anal\u00f3gicos. True bypass te asegura mantener una se\u00f1al totalmente pura y conservar la integridad del tono de tu instrumento cuando el pedal no est\u00e1 en uso. MAGUS PRO est\u00e1 alojado en una caja de metal incre\u00edblemente compacta, construida para el uso rudo. Siempre conscientes de que tu colecci\u00f3n de pedales puede estar creciendo mientras que tu pedalera no, hemos montado los conectores jack y la entrada de alimentaci\u00f3n en la parte superior de la carcasa para ahorrarte un valioso espacio en la pedalera, permiti\u00e9ndote apilar m\u00e1s pedales que nunca en la fila.<\/div>\n<div>\n<h4>Quick look<\/h4>\n<\/div>\n<ul style=\"margin: 0px 0px 0px 25px\">\n<li style=\"list-style-type: circle;margin: 5px\">Entrance.<\/li>\n<li style=\"list-style-type: circle;margin: 5px\">Departure.<\/li>\n<li style=\"list-style-type: circle;margin: 5px\">Power supply.<\/li>\n<li style=\"list-style-type: circle;margin: 5px\">Dimensions.<\/li>\n<li style=\"list-style-type: circle;margin: 5px\">Weight.<\/li>\n<\/ul>\n<div>\n<div style=\"font-weight: bold\">Entrance.<\/div>\n<div>\n<p>Conector: TS 1\/4&#8243;. Impedancia: 1 mili-ohm.<\/p>\n<\/div>\n<div style=\"font-weight: bold\">Departure.<\/div>\n<div>\n<p>Conector: TS 1\/4&#8243;.<\/p>\n<\/div>\n<div style=\"font-weight: bold\">Power supply.<\/div>\n<div>\n<p>Est\u00e1ndar 9V DC, centro negativo, 40 mA.<\/p>\n<\/div>\n<div style=\"font-weight: bold\">Dimensions.<\/div>\n<div>\n<p>99 x 57 x 56 mm.<\/p>\n<\/div>\n<div style=\"font-weight: bold\">Weight.<\/div>\n<div>\n<p>0.29 kg.<\/p>\n<\/div>\n<\/div>\n<\/div>","protected":false},"excerpt":{"rendered":"<p>Pedal cl\u00e1sico de distorsi\u00f3n de alta ganancia con medios gruesos y bajos apretados, control de filtro de agudos y 3 modos de clipping que capturan iteraciones sucias, turbo y cl\u00e1sicas de ese circuito de distorsi\u00f3n principal, respuesta org\u00e1nica similar a un bulbo, resonancia arm\u00f3nica uniformemente equilibrada que produce un sustain sin esfuerzo en configuraciones de alta ganancia, ideal para rock cl\u00e1sico, indie y punk, circuito totalmente anal\u00f3gico que produce ricos tonos c\u00e1lidos, tama\u00f1o compacto que cabe en cualquier pedalera, los jacks montados en la parte superior permiten apilar m\u00e1s pedales en tu pedalera, construcci\u00f3n de uso rudo, dimensiones: 99 x 57 x 56 mm, peso: 0.29 kg.&hellip; <a class=\"kt-excerpt-readmore more-link\" href=\"https:\/\/www.mexicanguitarplayers.com\/en\/tienda\/cuerdas\/efectos\/efectos-individuales\/pedal-t-c-p-guitarra-mod-magus-pro\/\">Read more<\/a><\/p>","protected":false},"featured_media":42880,"comment_status":"open","ping_status":"closed","template":"","meta":{"kt_blocks_editor_width":""},"pwb-brand":[170],"product_brand":[],"product_cat":[224,241,504],"product_tag":[],"class_list":{"0":"post-42884","1":"product","2":"type-product","3":"status-publish","4":"has-post-thumbnail","6":"pwb-brand-tc-electronic","7":"product_cat-cuerdas","8":"product_cat-efectos","9":"product_cat-efectos-individuales","10":"product_shipping_class-0-5-kg","12":"first","13":"outofstock","14":"taxable","15":"shipping-taxable","16":"purchasable","17":"product-type-simple"},"yoast_head":"<!-- This site is optimized with the Yoast SEO plugin v27.5 - https:\/\/yoast.com\/product\/yoast-seo-wordpress\/ -->\n<title>PEDAL T.C. P\/GUITARRA MOD. MAGUS PRO - Mexican Guitar Players<\/title>\n<meta name=\"description\" content=\"Pedal cl\u00e1sico de distorsi\u00f3n de alta ganancia con medios gruesos y bajos apretados, control de filtro de agudos y 3 modos de clipping que capturan iteraciones sucias, turbo y cl\u00e1sicas de ese circuito de distorsi\u00f3n principal, respuesta org\u00e1nica similar a un bulbo, resonancia arm\u00f3nica uniformemente equilibrada que produce un sustain sin esfuerzo en configuraciones de alta ganancia, ideal para rock cl\u00e1sico, indie y punk, circuito totalmente anal\u00f3gico que produce ricos tonos c\u00e1lidos, tama\u00f1o compacto que cabe en cualquier pedalera, los jacks montados en la parte superior permiten apilar m\u00e1s pedales en tu pedalera, construcci\u00f3n de uso rudo, dimensiones: 99 x 57 x 56 mm, peso: 0.29 kg.\" \/>\n<meta name=\"robots\" content=\"index, follow, max-snippet:-1, max-image-preview:large, max-video-preview:-1\" \/>\n<link rel=\"canonical\" href=\"https:\/\/www.mexicanguitarplayers.com\/en\/tienda\/sin%20categor\u00eda\/pedal-t-c-p-guitarra-mod-magus-pro\/\" \/>\n<meta property=\"og:locale\" content=\"en_US\" \/>\n<meta property=\"og:type\" content=\"article\" \/>\n<meta property=\"og:title\" content=\"PEDAL T.C. P\/GUITARRA MOD. MAGUS PRO - Mexican Guitar Players\" \/>\n<meta property=\"og:description\" content=\"Pedal cl\u00e1sico de distorsi\u00f3n de alta ganancia con medios gruesos y bajos apretados, control de filtro de agudos y 3 modos de clipping que capturan iteraciones sucias, turbo y cl\u00e1sicas de ese circuito de distorsi\u00f3n principal, respuesta org\u00e1nica similar a un bulbo, resonancia arm\u00f3nica uniformemente equilibrada que produce un sustain sin esfuerzo en configuraciones de alta ganancia, ideal para rock cl\u00e1sico, indie y punk, circuito totalmente anal\u00f3gico que produce ricos tonos c\u00e1lidos, tama\u00f1o compacto que cabe en cualquier pedalera, los jacks montados en la parte superior permiten apilar m\u00e1s pedales en tu pedalera, construcci\u00f3n de uso rudo, dimensiones: 99 x 57 x 56 mm, peso: 0.29 kg.\" \/>\n<meta property=\"og:url\" content=\"https:\/\/www.mexicanguitarplayers.com\/en\/tienda\/sin categor\u00eda\/pedal-t-c-p-guitarra-mod-magus-pro\/\" \/>\n<meta property=\"og:site_name\" content=\"Mexican Guitar Players\" \/>\n<meta property=\"article:modified_time\" content=\"2026-04-14T10:15:10+00:00\" \/>\n<meta name=\"twitter:card\" content=\"summary_large_image\" \/>\n<meta name=\"twitter:label1\" content=\"Est. reading time\" \/>\n\t<meta name=\"twitter:data1\" content=\"2 minutes\" \/>\n<script type=\"application\/ld+json\" class=\"yoast-schema-graph\">{\"@context\":\"https:\\\/\\\/schema.org\",\"@graph\":[{\"@type\":[\"WebPage\",\"ItemPage\"],\"@id\":\"https:\\\/\\\/www.mexicanguitarplayers.com\\\/tienda\\\/sin categor\u00eda\\\/pedal-t-c-p-guitarra-mod-magus-pro\\\/\",\"url\":\"https:\\\/\\\/www.mexicanguitarplayers.com\\\/tienda\\\/sin categor\u00eda\\\/pedal-t-c-p-guitarra-mod-magus-pro\\\/\",\"name\":\"PEDAL T.C. P\\\/GUITARRA MOD. MAGUS PRO - Mexican Guitar Players\",\"isPartOf\":{\"@id\":\"https:\\\/\\\/www.mexicanguitarplayers.com\\\/#website\"},\"primaryImageOfPage\":{\"@id\":\"https:\\\/\\\/www.mexicanguitarplayers.com\\\/tienda\\\/sin categor\u00eda\\\/pedal-t-c-p-guitarra-mod-magus-pro\\\/#primaryimage\"},\"image\":{\"@id\":\"https:\\\/\\\/www.mexicanguitarplayers.com\\\/tienda\\\/sin categor\u00eda\\\/pedal-t-c-p-guitarra-mod-magus-pro\\\/#primaryimage\"},\"thumbnailUrl\":\"https:\\\/\\\/www.mexicanguitarplayers.com\\\/wp-content\\\/uploads\\\/2025\\\/04\\\/VATCEMAGUSPRO.jpg\",\"datePublished\":\"2025-04-09T15:31:10+00:00\",\"dateModified\":\"2026-04-14T10:15:10+00:00\",\"description\":\"Pedal cl\u00e1sico de distorsi\u00f3n de alta ganancia con medios gruesos y bajos apretados, control de filtro de agudos y 3 modos de clipping que capturan iteraciones sucias, turbo y cl\u00e1sicas de ese circuito de distorsi\u00f3n principal, respuesta org\u00e1nica similar a un bulbo, resonancia arm\u00f3nica uniformemente equilibrada que produce un sustain sin esfuerzo en configuraciones de alta ganancia, ideal para rock cl\u00e1sico, indie y punk, circuito totalmente anal\u00f3gico que produce ricos tonos c\u00e1lidos, tama\u00f1o compacto que cabe en cualquier pedalera, los jacks montados en la parte superior permiten apilar m\u00e1s pedales en tu pedalera, construcci\u00f3n de uso rudo, dimensiones: 99 x 57 x 56 mm, peso: 0.29 kg.\",\"breadcrumb\":{\"@id\":\"https:\\\/\\\/www.mexicanguitarplayers.com\\\/tienda\\\/sin categor\u00eda\\\/pedal-t-c-p-guitarra-mod-magus-pro\\\/#breadcrumb\"},\"inLanguage\":\"en-US\",\"potentialAction\":[{\"@type\":\"ReadAction\",\"target\":[\"https:\\\/\\\/www.mexicanguitarplayers.com\\\/tienda\\\/sin categor\u00eda\\\/pedal-t-c-p-guitarra-mod-magus-pro\\\/\"]}]},{\"@type\":\"ImageObject\",\"inLanguage\":\"en-US\",\"@id\":\"https:\\\/\\\/www.mexicanguitarplayers.com\\\/tienda\\\/sin categor\u00eda\\\/pedal-t-c-p-guitarra-mod-magus-pro\\\/#primaryimage\",\"url\":\"https:\\\/\\\/www.mexicanguitarplayers.com\\\/wp-content\\\/uploads\\\/2025\\\/04\\\/VATCEMAGUSPRO.jpg\",\"contentUrl\":\"https:\\\/\\\/www.mexicanguitarplayers.com\\\/wp-content\\\/uploads\\\/2025\\\/04\\\/VATCEMAGUSPRO.jpg\",\"width\":1200,\"height\":1200},{\"@type\":\"BreadcrumbList\",\"@id\":\"https:\\\/\\\/www.mexicanguitarplayers.com\\\/tienda\\\/sin categor\u00eda\\\/pedal-t-c-p-guitarra-mod-magus-pro\\\/#breadcrumb\",\"itemListElement\":[{\"@type\":\"ListItem\",\"position\":1,\"name\":\"Portada\",\"item\":\"https:\\\/\\\/www.mexicanguitarplayers.com\\\/\"},{\"@type\":\"ListItem\",\"position\":2,\"name\":\"Tienda\",\"item\":\"https:\\\/\\\/www.mexicanguitarplayers.com\\\/tienda\\\/\"},{\"@type\":\"ListItem\",\"position\":3,\"name\":\"PEDAL T.C. P\\\/GUITARRA MOD. MAGUS PRO\"}]},{\"@type\":\"WebSite\",\"@id\":\"https:\\\/\\\/www.mexicanguitarplayers.com\\\/#website\",\"url\":\"https:\\\/\\\/www.mexicanguitarplayers.com\\\/\",\"name\":\"Mexican Guitar Players\",\"description\":\"Website\",\"publisher\":{\"@id\":\"https:\\\/\\\/www.mexicanguitarplayers.com\\\/#organization\"},\"potentialAction\":[{\"@type\":\"SearchAction\",\"target\":{\"@type\":\"EntryPoint\",\"urlTemplate\":\"https:\\\/\\\/www.mexicanguitarplayers.com\\\/?s={search_term_string}\"},\"query-input\":{\"@type\":\"PropertyValueSpecification\",\"valueRequired\":true,\"valueName\":\"search_term_string\"}}],\"inLanguage\":\"en-US\"},{\"@type\":\"Organization\",\"@id\":\"https:\\\/\\\/www.mexicanguitarplayers.com\\\/#organization\",\"name\":\"Mexican Guitar Players\",\"url\":\"https:\\\/\\\/www.mexicanguitarplayers.com\\\/\",\"logo\":{\"@type\":\"ImageObject\",\"inLanguage\":\"en-US\",\"@id\":\"https:\\\/\\\/www.mexicanguitarplayers.com\\\/#\\\/schema\\\/logo\\\/image\\\/\",\"url\":\"\",\"contentUrl\":\"\",\"caption\":\"Mexican Guitar Players\"},\"image\":{\"@id\":\"https:\\\/\\\/www.mexicanguitarplayers.com\\\/#\\\/schema\\\/logo\\\/image\\\/\"}}]}<\/script>\n<!-- \/ Yoast SEO plugin. -->","yoast_head_json":{"title":"PEDAL T.C. P\/GUITARRA MOD. MAGUS PRO - Mexican Guitar Players","description":"Pedal cl\u00e1sico de distorsi\u00f3n de alta ganancia con medios gruesos y bajos apretados, control de filtro de agudos y 3 modos de clipping que capturan iteraciones sucias, turbo y cl\u00e1sicas de ese circuito de distorsi\u00f3n principal, respuesta org\u00e1nica similar a un bulbo, resonancia arm\u00f3nica uniformemente equilibrada que produce un sustain sin esfuerzo en configuraciones de alta ganancia, ideal para rock cl\u00e1sico, indie y punk, circuito totalmente anal\u00f3gico que produce ricos tonos c\u00e1lidos, tama\u00f1o compacto que cabe en cualquier pedalera, los jacks montados en la parte superior permiten apilar m\u00e1s pedales en tu pedalera, construcci\u00f3n de uso rudo, dimensiones: 99 x 57 x 56 mm, peso: 0.29 kg.","robots":{"index":"index","follow":"follow","max-snippet":"max-snippet:-1","max-image-preview":"max-image-preview:large","max-video-preview":"max-video-preview:-1"},"canonical":"https:\/\/www.mexicanguitarplayers.com\/en\/tienda\/sin categor\u00eda\/pedal-t-c-p-guitarra-mod-magus-pro\/","og_locale":"en_US","og_type":"article","og_title":"PEDAL T.C. P\/GUITARRA MOD. MAGUS PRO - Mexican Guitar Players","og_description":"Pedal cl\u00e1sico de distorsi\u00f3n de alta ganancia con medios gruesos y bajos apretados, control de filtro de agudos y 3 modos de clipping que capturan iteraciones sucias, turbo y cl\u00e1sicas de ese circuito de distorsi\u00f3n principal, respuesta org\u00e1nica similar a un bulbo, resonancia arm\u00f3nica uniformemente equilibrada que produce un sustain sin esfuerzo en configuraciones de alta ganancia, ideal para rock cl\u00e1sico, indie y punk, circuito totalmente anal\u00f3gico que produce ricos tonos c\u00e1lidos, tama\u00f1o compacto que cabe en cualquier pedalera, los jacks montados en la parte superior permiten apilar m\u00e1s pedales en tu pedalera, construcci\u00f3n de uso rudo, dimensiones: 99 x 57 x 56 mm, peso: 0.29 kg.","og_url":"https:\/\/www.mexicanguitarplayers.com\/en\/tienda\/sin categor\u00eda\/pedal-t-c-p-guitarra-mod-magus-pro\/","og_site_name":"Mexican Guitar Players","article_modified_time":"2026-04-14T10:15:10+00:00","twitter_card":"summary_large_image","twitter_misc":{"Est. reading time":"2 minutes"},"schema":{"@context":"https:\/\/schema.org","@graph":[{"@type":["WebPage","ItemPage"],"@id":"https:\/\/www.mexicanguitarplayers.com\/tienda\/sin categor\u00eda\/pedal-t-c-p-guitarra-mod-magus-pro\/","url":"https:\/\/www.mexicanguitarplayers.com\/tienda\/sin categor\u00eda\/pedal-t-c-p-guitarra-mod-magus-pro\/","name":"PEDAL T.C. P\/GUITARRA MOD. MAGUS PRO - Mexican Guitar Players","isPartOf":{"@id":"https:\/\/www.mexicanguitarplayers.com\/#website"},"primaryImageOfPage":{"@id":"https:\/\/www.mexicanguitarplayers.com\/tienda\/sin categor\u00eda\/pedal-t-c-p-guitarra-mod-magus-pro\/#primaryimage"},"image":{"@id":"https:\/\/www.mexicanguitarplayers.com\/tienda\/sin categor\u00eda\/pedal-t-c-p-guitarra-mod-magus-pro\/#primaryimage"},"thumbnailUrl":"https:\/\/www.mexicanguitarplayers.com\/wp-content\/uploads\/2025\/04\/VATCEMAGUSPRO.jpg","datePublished":"2025-04-09T15:31:10+00:00","dateModified":"2026-04-14T10:15:10+00:00","description":"Pedal cl\u00e1sico de distorsi\u00f3n de alta ganancia con medios gruesos y bajos apretados, control de filtro de agudos y 3 modos de clipping que capturan iteraciones sucias, turbo y cl\u00e1sicas de ese circuito de distorsi\u00f3n principal, respuesta org\u00e1nica similar a un bulbo, resonancia arm\u00f3nica uniformemente equilibrada que produce un sustain sin esfuerzo en configuraciones de alta ganancia, ideal para rock cl\u00e1sico, indie y punk, circuito totalmente anal\u00f3gico que produce ricos tonos c\u00e1lidos, tama\u00f1o compacto que cabe en cualquier pedalera, los jacks montados en la parte superior permiten apilar m\u00e1s pedales en tu pedalera, construcci\u00f3n de uso rudo, dimensiones: 99 x 57 x 56 mm, peso: 0.29 kg.","breadcrumb":{"@id":"https:\/\/www.mexicanguitarplayers.com\/tienda\/sin categor\u00eda\/pedal-t-c-p-guitarra-mod-magus-pro\/#breadcrumb"},"inLanguage":"en-US","potentialAction":[{"@type":"ReadAction","target":["https:\/\/www.mexicanguitarplayers.com\/tienda\/sin categor\u00eda\/pedal-t-c-p-guitarra-mod-magus-pro\/"]}]},{"@type":"ImageObject","inLanguage":"en-US","@id":"https:\/\/www.mexicanguitarplayers.com\/tienda\/sin categor\u00eda\/pedal-t-c-p-guitarra-mod-magus-pro\/#primaryimage","url":"https:\/\/www.mexicanguitarplayers.com\/wp-content\/uploads\/2025\/04\/VATCEMAGUSPRO.jpg","contentUrl":"https:\/\/www.mexicanguitarplayers.com\/wp-content\/uploads\/2025\/04\/VATCEMAGUSPRO.jpg","width":1200,"height":1200},{"@type":"BreadcrumbList","@id":"https:\/\/www.mexicanguitarplayers.com\/tienda\/sin categor\u00eda\/pedal-t-c-p-guitarra-mod-magus-pro\/#breadcrumb","itemListElement":[{"@type":"ListItem","position":1,"name":"Portada","item":"https:\/\/www.mexicanguitarplayers.com\/"},{"@type":"ListItem","position":2,"name":"Tienda","item":"https:\/\/www.mexicanguitarplayers.com\/tienda\/"},{"@type":"ListItem","position":3,"name":"PEDAL T.C. P\/GUITARRA MOD. MAGUS PRO"}]},{"@type":"WebSite","@id":"https:\/\/www.mexicanguitarplayers.com\/#website","url":"https:\/\/www.mexicanguitarplayers.com\/","name":"Mexican Guitar Players","description":"Website","publisher":{"@id":"https:\/\/www.mexicanguitarplayers.com\/#organization"},"potentialAction":[{"@type":"SearchAction","target":{"@type":"EntryPoint","urlTemplate":"https:\/\/www.mexicanguitarplayers.com\/?s={search_term_string}"},"query-input":{"@type":"PropertyValueSpecification","valueRequired":true,"valueName":"search_term_string"}}],"inLanguage":"en-US"},{"@type":"Organization","@id":"https:\/\/www.mexicanguitarplayers.com\/#organization","name":"Mexican Guitar Players","url":"https:\/\/www.mexicanguitarplayers.com\/","logo":{"@type":"ImageObject","inLanguage":"en-US","@id":"https:\/\/www.mexicanguitarplayers.com\/#\/schema\/logo\/image\/","url":"","contentUrl":"","caption":"Mexican Guitar Players"},"image":{"@id":"https:\/\/www.mexicanguitarplayers.com\/#\/schema\/logo\/image\/"}}]}},"brands":[{"id":170,"name":"TC-ELECTRONIC","slug":"tc-electronic"}],"_links":{"self":[{"href":"https:\/\/www.mexicanguitarplayers.com\/en\/wp-json\/wp\/v2\/product\/42884","targetHints":{"allow":["GET"]}}],"collection":[{"href":"https:\/\/www.mexicanguitarplayers.com\/en\/wp-json\/wp\/v2\/product"}],"about":[{"href":"https:\/\/www.mexicanguitarplayers.com\/en\/wp-json\/wp\/v2\/types\/product"}],"replies":[{"embeddable":true,"href":"https:\/\/www.mexicanguitarplayers.com\/en\/wp-json\/wp\/v2\/comments?post=42884"}],"wp:featuredmedia":[{"embeddable":true,"href":"https:\/\/www.mexicanguitarplayers.com\/en\/wp-json\/wp\/v2\/media\/42880"}],"wp:attachment":[{"href":"https:\/\/www.mexicanguitarplayers.com\/en\/wp-json\/wp\/v2\/media?parent=42884"}],"wp:term":[{"taxonomy":"pwb-brand","embeddable":true,"href":"https:\/\/www.mexicanguitarplayers.com\/en\/wp-json\/wp\/v2\/pwb-brand?post=42884"},{"taxonomy":"product_brand","embeddable":true,"href":"https:\/\/www.mexicanguitarplayers.com\/en\/wp-json\/wp\/v2\/product_brand?post=42884"},{"taxonomy":"product_cat","embeddable":true,"href":"https:\/\/www.mexicanguitarplayers.com\/en\/wp-json\/wp\/v2\/product_cat?post=42884"},{"taxonomy":"product_tag","embeddable":true,"href":"https:\/\/www.mexicanguitarplayers.com\/en\/wp-json\/wp\/v2\/product_tag?post=42884"}],"curies":[{"name":"wp","href":"https:\/\/api.w.org\/{rel}","templated":true}]}}