{"id":42893,"date":"2025-04-09T09:31:23","date_gmt":"2025-04-09T15:31:23","guid":{"rendered":"https:\/\/www.mexicanguitarplayers.com\/tienda\/sin categor\u00eda\/bocina-beyma-10-mod-10g40\/"},"modified":"2026-04-10T04:15:47","modified_gmt":"2026-04-10T10:15:47","slug":"bocina-beyma-10-mod-10g40","status":"publish","type":"product","link":"https:\/\/www.mexicanguitarplayers.com\/en\/tienda\/audio\/bafles-y-bocinas\/bocinas-y-componentes\/graves\/bocina-beyma-10-mod-10g40\/","title":{"rendered":"BOCINA BEYMA  10     MOD. 10G40"},"content":{"rendered":"<div style=\"text-align: justify\">\n<div>\n<h3>Componentes de calidad.<\/h3>\n<\/div>\n<div>Este transductor de baja frecuencia ha sido especialmente dise\u00f1ado para las aplicaciones m\u00e1s exigentes. Su concepto de dise\u00f1o surge de la necesidad de conseguir un altavoz m\u00e1s resistente. Para lograr esto, casi todos los componentes del altavoz han sido reconsiderados: su bobina tiene los beneficios de un proceso de fabricaci\u00f3n mejorado, hecha con materiales de primera calidad y el diafragma ha sido cuidadosamente desarrollado para dar una extremadamente plana respuesta suave.  Estas caracter\u00edsticas hacen que su integraci\u00f3n en sistemas compactos que cubren la gama de baja frecuencia sea una tarea sencilla. Por otra parte, sus par\u00e1metros se han optimizado para obtener una excelente respuesta de graves cuando se utiliza en peque\u00f1as cajas bass-reflex.<\/div>\n<div>\n<h4>Quick look<\/h4>\n<\/div>\n<ul style=\"margin: 0px 0px 0px 25px\">\n<li style=\"list-style-type: circle;margin: 5px\">Di\u00e1metro nominal.<\/li>\n<li style=\"list-style-type: circle;margin: 5px\">Nominal impedance.<\/li>\n<li style=\"list-style-type: circle;margin: 5px\">Impedancia m\u00ednima.<\/li>\n<li style=\"list-style-type: circle;margin: 5px\">Power.<\/li>\n<li style=\"list-style-type: circle;margin: 5px\">Sensitivity.<\/li>\n<li style=\"list-style-type: circle;margin: 5px\">Rango de frecuencia.<\/li>\n<li style=\"list-style-type: circle;margin: 5px\">Volumen recomendado del gabinete.<\/li>\n<li style=\"list-style-type: circle;margin: 5px\">Di\u00e1metro de la bobina m\u00f3vil.<\/li>\n<li style=\"list-style-type: circle;margin: 5px\">Factor BL.<\/li>\n<li style=\"list-style-type: circle;margin: 5px\">Masa m\u00f3vil.<\/li>\n<li style=\"list-style-type: circle;margin: 5px\">Longitud del bobinado.<\/li>\n<li style=\"list-style-type: circle;margin: 5px\">Altura del entrehierro.<\/li>\n<li style=\"list-style-type: circle;margin: 5px\">Xdamage pp.<\/li>\n<li style=\"list-style-type: circle;margin: 5px\">FS.<\/li>\n<li style=\"list-style-type: circle;margin: 5px\">Resistencia.<\/li>\n<li style=\"list-style-type: circle;margin: 5px\">QMS.<\/li>\n<li style=\"list-style-type: circle;margin: 5px\">QES.<\/li>\n<li style=\"list-style-type: circle;margin: 5px\">QTS.<\/li>\n<li style=\"list-style-type: circle;margin: 5px\">VAS.<\/li>\n<li style=\"list-style-type: circle;margin: 5px\">CMS.<\/li>\n<li style=\"list-style-type: circle;margin: 5px\">RMS.<\/li>\n<li style=\"list-style-type: circle;margin: 5px\">Porcentaje de eficiencia.<\/li>\n<li style=\"list-style-type: circle;margin: 5px\">SD.<\/li>\n<li style=\"list-style-type: circle;margin: 5px\">XMAX.<\/li>\n<li style=\"list-style-type: circle;margin: 5px\">VD.<\/li>\n<li style=\"list-style-type: circle;margin: 5px\">Le @ 1 kHz.<\/li>\n<li style=\"list-style-type: circle;margin: 5px\">Weight.<\/li>\n<li style=\"list-style-type: circle;margin: 5px\">Im\u00e1n.<\/li>\n<\/ul>\n<div>\n<div style=\"font-weight: bold\">Di\u00e1metro nominal.<\/div>\n<div>\n<p>10&#8243; pulgadas (250 mm).<\/p>\n<\/div>\n<div style=\"font-weight: bold\">Nominal impedance.<\/div>\n<div>\n<p>8 ohms.<\/p>\n<\/div>\n<div style=\"font-weight: bold\">Impedancia m\u00ednima.<\/div>\n<div>\n<p>6.6 ohms @ 5.3 kHz.<\/p>\n<\/div>\n<div style=\"font-weight: bold\">Power.<\/div>\n<div>\n<p>AES: 400 watts. Programa: 800 watts.<\/p>\n<\/div>\n<div style=\"font-weight: bold\">Sensitivity.<\/div>\n<div>\n<p>95 dB 1W@1m @ 2?.<\/p>\n<\/div>\n<div style=\"font-weight: bold\">Rango de frecuencia.<\/div>\n<div>\n<p>45 &#8211; 4,000 Hz.<\/p>\n<\/div>\n<div style=\"font-weight: bold\">Volumen recomendado del gabinete.<\/div>\n<div>\n<p>20 \/ 70 l 0.7 \/ 2.6 ft.\u00b3.<\/p>\n<\/div>\n<div style=\"font-weight: bold\">Di\u00e1metro de la bobina m\u00f3vil.<\/div>\n<div>\n<p>3&#8243; pulgadas (77 mm).<\/p>\n<\/div>\n<div style=\"font-weight: bold\">Factor BL.<\/div>\n<div>\n<p>17 N\/A.<\/p>\n<\/div>\n<div style=\"font-weight: bold\">Masa m\u00f3vil.<\/div>\n<div>\n<p>0.052 kg.<\/p>\n<\/div>\n<div style=\"font-weight: bold\">Longitud del bobinado.<\/div>\n<div>\n<p>17.5 mm.<\/p>\n<\/div>\n<div style=\"font-weight: bold\">Altura del entrehierro.<\/div>\n<div>\n<p>7 mm.<\/p>\n<\/div>\n<div style=\"font-weight: bold\">Xdamage pp.<\/div>\n<div>\n<p>28 mm.<\/p>\n<\/div>\n<div style=\"font-weight: bold\">FS.<\/div>\n<div>\n<p>45 Hz.<\/p>\n<\/div>\n<div style=\"font-weight: bold\">Resistencia.<\/div>\n<div>\n<p>6.2 ohms.<\/p>\n<\/div>\n<div style=\"font-weight: bold\">QMS.<\/div>\n<div>\n<p>7.1.<\/p>\n<\/div>\n<div style=\"font-weight: bold\">QES.<\/div>\n<div>\n<p>0.32.<\/p>\n<\/div>\n<div style=\"font-weight: bold\">QTS.<\/div>\n<div>\n<p>0.3.<\/p>\n<\/div>\n<div style=\"font-weight: bold\">VAS.<\/div>\n<div>\n<p>49 l.<\/p>\n<\/div>\n<div style=\"font-weight: bold\">CMS.<\/div>\n<div>\n<p>241 \u00b5m \/ N.<\/p>\n<\/div>\n<div style=\"font-weight: bold\">RMS.<\/div>\n<div>\n<p>2.1 kg\/s.<\/p>\n<\/div>\n<div style=\"font-weight: bold\">Porcentaje de eficiencia.<\/div>\n<div>\n<p>1.4%.<\/p>\n<\/div>\n<div style=\"font-weight: bold\">SD.<\/div>\n<div>\n<p>0.038 m\u00b2.<\/p>\n<\/div>\n<div style=\"font-weight: bold\">XMAX.<\/div>\n<div>\n<p>7 mm.<\/p>\n<\/div>\n<div style=\"font-weight: bold\">VD.<\/div>\n<div>\n<p>266 cm\u00b3.<\/p>\n<\/div>\n<div style=\"font-weight: bold\">Le @ 1 kHz.<\/div>\n<div>\n<p>0.6 mH.<\/p>\n<\/div>\n<div style=\"font-weight: bold\">Weight.<\/div>\n<div>\n<p>5.7 kg.<\/p>\n<\/div>\n<div style=\"font-weight: bold\">Im\u00e1n.<\/div>\n<div>\n<p>Ferrita.<\/p>\n<\/div>\n<\/div>\n<\/div>","protected":false},"excerpt":{"rendered":"<p>Bocina Beyma de 10\u201d pulgadas, impedancia: 8 ohms, potencia AES: 400 watts, programa: 800 watts, sensibilidad: 95 dB, rango de frecuencia: 45 &#8211; 4,000 Hz, bobina m\u00f3vil: 3\u201d pulgadas, peso: 5.7 kg, im\u00e1n: ferrita.&hellip; <a class=\"kt-excerpt-readmore more-link\" href=\"https:\/\/www.mexicanguitarplayers.com\/en\/tienda\/audio\/bafles-y-bocinas\/bocinas-y-componentes\/graves\/bocina-beyma-10-mod-10g40\/\">Read more<\/a><\/p>","protected":false},"featured_media":42889,"comment_status":"open","ping_status":"closed","template":"","meta":{"kt_blocks_editor_width":""},"pwb-brand":[477],"product_brand":[],"product_cat":[213,221,474,529],"product_tag":[],"class_list":{"0":"post-42893","1":"product","2":"type-product","3":"status-publish","4":"has-post-thumbnail","6":"pwb-brand-beyma","7":"product_cat-audio","8":"product_cat-bafles-y-bocinas","9":"product_cat-bocinas-y-componentes","10":"product_cat-graves","11":"product_shipping_class-5-10-kg","13":"first","14":"outofstock","15":"taxable","16":"shipping-taxable","17":"purchasable","18":"product-type-simple"},"yoast_head":"<!-- This site is optimized with the Yoast SEO plugin v27.5 - https:\/\/yoast.com\/product\/yoast-seo-wordpress\/ -->\n<title>BOCINA BEYMA 10   MOD. 10G40 - Mexican Guitar Players<\/title>\n<meta name=\"description\" content=\"Bocina Beyma de 10\u201d pulgadas, impedancia: 8 ohms, potencia AES: 400 watts, programa: 800 watts, sensibilidad: 95 dB, rango de frecuencia: 45 - 4,000 Hz, bobina m\u00f3vil: 3\u201d pulgadas, peso: 5.7 kg, im\u00e1n: ferrita.\" \/>\n<meta name=\"robots\" content=\"index, follow, max-snippet:-1, max-image-preview:large, max-video-preview:-1\" \/>\n<link rel=\"canonical\" href=\"https:\/\/www.mexicanguitarplayers.com\/en\/tienda\/sin%20categor\u00eda\/bocina-beyma-10-mod-10g40\/\" \/>\n<meta property=\"og:locale\" content=\"en_US\" \/>\n<meta property=\"og:type\" content=\"article\" \/>\n<meta property=\"og:title\" content=\"BOCINA BEYMA 10   MOD. 10G40 - Mexican Guitar Players\" \/>\n<meta property=\"og:description\" content=\"Bocina Beyma de 10\u201d pulgadas, impedancia: 8 ohms, potencia AES: 400 watts, programa: 800 watts, sensibilidad: 95 dB, rango de frecuencia: 45 - 4,000 Hz, bobina m\u00f3vil: 3\u201d pulgadas, peso: 5.7 kg, im\u00e1n: ferrita.\" \/>\n<meta property=\"og:url\" content=\"https:\/\/www.mexicanguitarplayers.com\/en\/tienda\/sin categor\u00eda\/bocina-beyma-10-mod-10g40\/\" \/>\n<meta property=\"og:site_name\" content=\"Mexican Guitar Players\" \/>\n<meta property=\"article:modified_time\" content=\"2026-04-10T10:15:47+00:00\" \/>\n<meta name=\"twitter:card\" content=\"summary_large_image\" \/>\n<meta name=\"twitter:label1\" content=\"Est. reading time\" \/>\n\t<meta name=\"twitter:data1\" content=\"1 minute\" \/>\n<script type=\"application\/ld+json\" class=\"yoast-schema-graph\">{\"@context\":\"https:\\\/\\\/schema.org\",\"@graph\":[{\"@type\":[\"WebPage\",\"ItemPage\"],\"@id\":\"https:\\\/\\\/www.mexicanguitarplayers.com\\\/tienda\\\/sin categor\u00eda\\\/bocina-beyma-10-mod-10g40\\\/\",\"url\":\"https:\\\/\\\/www.mexicanguitarplayers.com\\\/tienda\\\/sin categor\u00eda\\\/bocina-beyma-10-mod-10g40\\\/\",\"name\":\"BOCINA BEYMA 10 MOD. 10G40 - Mexican Guitar Players\",\"isPartOf\":{\"@id\":\"https:\\\/\\\/www.mexicanguitarplayers.com\\\/#website\"},\"primaryImageOfPage\":{\"@id\":\"https:\\\/\\\/www.mexicanguitarplayers.com\\\/tienda\\\/sin categor\u00eda\\\/bocina-beyma-10-mod-10g40\\\/#primaryimage\"},\"image\":{\"@id\":\"https:\\\/\\\/www.mexicanguitarplayers.com\\\/tienda\\\/sin categor\u00eda\\\/bocina-beyma-10-mod-10g40\\\/#primaryimage\"},\"thumbnailUrl\":\"https:\\\/\\\/www.mexicanguitarplayers.com\\\/wp-content\\\/uploads\\\/2025\\\/04\\\/IABEY10G408.jpg\",\"datePublished\":\"2025-04-09T15:31:23+00:00\",\"dateModified\":\"2026-04-10T10:15:47+00:00\",\"description\":\"Bocina Beyma de 10\u201d pulgadas, impedancia: 8 ohms, potencia AES: 400 watts, programa: 800 watts, sensibilidad: 95 dB, rango de frecuencia: 45 - 4,000 Hz, bobina m\u00f3vil: 3\u201d pulgadas, peso: 5.7 kg, im\u00e1n: ferrita.\",\"breadcrumb\":{\"@id\":\"https:\\\/\\\/www.mexicanguitarplayers.com\\\/tienda\\\/sin categor\u00eda\\\/bocina-beyma-10-mod-10g40\\\/#breadcrumb\"},\"inLanguage\":\"en-US\",\"potentialAction\":[{\"@type\":\"ReadAction\",\"target\":[\"https:\\\/\\\/www.mexicanguitarplayers.com\\\/tienda\\\/sin categor\u00eda\\\/bocina-beyma-10-mod-10g40\\\/\"]}]},{\"@type\":\"ImageObject\",\"inLanguage\":\"en-US\",\"@id\":\"https:\\\/\\\/www.mexicanguitarplayers.com\\\/tienda\\\/sin categor\u00eda\\\/bocina-beyma-10-mod-10g40\\\/#primaryimage\",\"url\":\"https:\\\/\\\/www.mexicanguitarplayers.com\\\/wp-content\\\/uploads\\\/2025\\\/04\\\/IABEY10G408.jpg\",\"contentUrl\":\"https:\\\/\\\/www.mexicanguitarplayers.com\\\/wp-content\\\/uploads\\\/2025\\\/04\\\/IABEY10G408.jpg\",\"width\":1600,\"height\":800},{\"@type\":\"BreadcrumbList\",\"@id\":\"https:\\\/\\\/www.mexicanguitarplayers.com\\\/tienda\\\/sin categor\u00eda\\\/bocina-beyma-10-mod-10g40\\\/#breadcrumb\",\"itemListElement\":[{\"@type\":\"ListItem\",\"position\":1,\"name\":\"Portada\",\"item\":\"https:\\\/\\\/www.mexicanguitarplayers.com\\\/\"},{\"@type\":\"ListItem\",\"position\":2,\"name\":\"Tienda\",\"item\":\"https:\\\/\\\/www.mexicanguitarplayers.com\\\/tienda\\\/\"},{\"@type\":\"ListItem\",\"position\":3,\"name\":\"BOCINA BEYMA 10 MOD. 10G40\"}]},{\"@type\":\"WebSite\",\"@id\":\"https:\\\/\\\/www.mexicanguitarplayers.com\\\/#website\",\"url\":\"https:\\\/\\\/www.mexicanguitarplayers.com\\\/\",\"name\":\"Mexican Guitar Players\",\"description\":\"Website\",\"publisher\":{\"@id\":\"https:\\\/\\\/www.mexicanguitarplayers.com\\\/#organization\"},\"potentialAction\":[{\"@type\":\"SearchAction\",\"target\":{\"@type\":\"EntryPoint\",\"urlTemplate\":\"https:\\\/\\\/www.mexicanguitarplayers.com\\\/?s={search_term_string}\"},\"query-input\":{\"@type\":\"PropertyValueSpecification\",\"valueRequired\":true,\"valueName\":\"search_term_string\"}}],\"inLanguage\":\"en-US\"},{\"@type\":\"Organization\",\"@id\":\"https:\\\/\\\/www.mexicanguitarplayers.com\\\/#organization\",\"name\":\"Mexican Guitar Players\",\"url\":\"https:\\\/\\\/www.mexicanguitarplayers.com\\\/\",\"logo\":{\"@type\":\"ImageObject\",\"inLanguage\":\"en-US\",\"@id\":\"https:\\\/\\\/www.mexicanguitarplayers.com\\\/#\\\/schema\\\/logo\\\/image\\\/\",\"url\":\"\",\"contentUrl\":\"\",\"caption\":\"Mexican Guitar Players\"},\"image\":{\"@id\":\"https:\\\/\\\/www.mexicanguitarplayers.com\\\/#\\\/schema\\\/logo\\\/image\\\/\"}}]}<\/script>\n<!-- \/ Yoast SEO plugin. -->","yoast_head_json":{"title":"BOCINA BEYMA 10   MOD. 10G40 - Mexican Guitar Players","description":"Bocina Beyma de 10\u201d pulgadas, impedancia: 8 ohms, potencia AES: 400 watts, programa: 800 watts, sensibilidad: 95 dB, rango de frecuencia: 45 - 4,000 Hz, bobina m\u00f3vil: 3\u201d pulgadas, peso: 5.7 kg, im\u00e1n: ferrita.","robots":{"index":"index","follow":"follow","max-snippet":"max-snippet:-1","max-image-preview":"max-image-preview:large","max-video-preview":"max-video-preview:-1"},"canonical":"https:\/\/www.mexicanguitarplayers.com\/en\/tienda\/sin categor\u00eda\/bocina-beyma-10-mod-10g40\/","og_locale":"en_US","og_type":"article","og_title":"BOCINA BEYMA 10   MOD. 10G40 - Mexican Guitar Players","og_description":"Bocina Beyma de 10\u201d pulgadas, impedancia: 8 ohms, potencia AES: 400 watts, programa: 800 watts, sensibilidad: 95 dB, rango de frecuencia: 45 - 4,000 Hz, bobina m\u00f3vil: 3\u201d pulgadas, peso: 5.7 kg, im\u00e1n: ferrita.","og_url":"https:\/\/www.mexicanguitarplayers.com\/en\/tienda\/sin categor\u00eda\/bocina-beyma-10-mod-10g40\/","og_site_name":"Mexican Guitar Players","article_modified_time":"2026-04-10T10:15:47+00:00","twitter_card":"summary_large_image","twitter_misc":{"Est. reading time":"1 minute"},"schema":{"@context":"https:\/\/schema.org","@graph":[{"@type":["WebPage","ItemPage"],"@id":"https:\/\/www.mexicanguitarplayers.com\/tienda\/sin categor\u00eda\/bocina-beyma-10-mod-10g40\/","url":"https:\/\/www.mexicanguitarplayers.com\/tienda\/sin categor\u00eda\/bocina-beyma-10-mod-10g40\/","name":"BOCINA BEYMA 10 MOD. 10G40 - Mexican Guitar Players","isPartOf":{"@id":"https:\/\/www.mexicanguitarplayers.com\/#website"},"primaryImageOfPage":{"@id":"https:\/\/www.mexicanguitarplayers.com\/tienda\/sin categor\u00eda\/bocina-beyma-10-mod-10g40\/#primaryimage"},"image":{"@id":"https:\/\/www.mexicanguitarplayers.com\/tienda\/sin categor\u00eda\/bocina-beyma-10-mod-10g40\/#primaryimage"},"thumbnailUrl":"https:\/\/www.mexicanguitarplayers.com\/wp-content\/uploads\/2025\/04\/IABEY10G408.jpg","datePublished":"2025-04-09T15:31:23+00:00","dateModified":"2026-04-10T10:15:47+00:00","description":"Bocina Beyma de 10\u201d pulgadas, impedancia: 8 ohms, potencia AES: 400 watts, programa: 800 watts, sensibilidad: 95 dB, rango de frecuencia: 45 - 4,000 Hz, bobina m\u00f3vil: 3\u201d pulgadas, peso: 5.7 kg, im\u00e1n: ferrita.","breadcrumb":{"@id":"https:\/\/www.mexicanguitarplayers.com\/tienda\/sin categor\u00eda\/bocina-beyma-10-mod-10g40\/#breadcrumb"},"inLanguage":"en-US","potentialAction":[{"@type":"ReadAction","target":["https:\/\/www.mexicanguitarplayers.com\/tienda\/sin categor\u00eda\/bocina-beyma-10-mod-10g40\/"]}]},{"@type":"ImageObject","inLanguage":"en-US","@id":"https:\/\/www.mexicanguitarplayers.com\/tienda\/sin categor\u00eda\/bocina-beyma-10-mod-10g40\/#primaryimage","url":"https:\/\/www.mexicanguitarplayers.com\/wp-content\/uploads\/2025\/04\/IABEY10G408.jpg","contentUrl":"https:\/\/www.mexicanguitarplayers.com\/wp-content\/uploads\/2025\/04\/IABEY10G408.jpg","width":1600,"height":800},{"@type":"BreadcrumbList","@id":"https:\/\/www.mexicanguitarplayers.com\/tienda\/sin categor\u00eda\/bocina-beyma-10-mod-10g40\/#breadcrumb","itemListElement":[{"@type":"ListItem","position":1,"name":"Portada","item":"https:\/\/www.mexicanguitarplayers.com\/"},{"@type":"ListItem","position":2,"name":"Tienda","item":"https:\/\/www.mexicanguitarplayers.com\/tienda\/"},{"@type":"ListItem","position":3,"name":"BOCINA BEYMA 10 MOD. 10G40"}]},{"@type":"WebSite","@id":"https:\/\/www.mexicanguitarplayers.com\/#website","url":"https:\/\/www.mexicanguitarplayers.com\/","name":"Mexican Guitar Players","description":"Website","publisher":{"@id":"https:\/\/www.mexicanguitarplayers.com\/#organization"},"potentialAction":[{"@type":"SearchAction","target":{"@type":"EntryPoint","urlTemplate":"https:\/\/www.mexicanguitarplayers.com\/?s={search_term_string}"},"query-input":{"@type":"PropertyValueSpecification","valueRequired":true,"valueName":"search_term_string"}}],"inLanguage":"en-US"},{"@type":"Organization","@id":"https:\/\/www.mexicanguitarplayers.com\/#organization","name":"Mexican Guitar Players","url":"https:\/\/www.mexicanguitarplayers.com\/","logo":{"@type":"ImageObject","inLanguage":"en-US","@id":"https:\/\/www.mexicanguitarplayers.com\/#\/schema\/logo\/image\/","url":"","contentUrl":"","caption":"Mexican Guitar Players"},"image":{"@id":"https:\/\/www.mexicanguitarplayers.com\/#\/schema\/logo\/image\/"}}]}},"brands":[{"id":477,"name":"BEYMA","slug":"beyma"}],"_links":{"self":[{"href":"https:\/\/www.mexicanguitarplayers.com\/en\/wp-json\/wp\/v2\/product\/42893","targetHints":{"allow":["GET"]}}],"collection":[{"href":"https:\/\/www.mexicanguitarplayers.com\/en\/wp-json\/wp\/v2\/product"}],"about":[{"href":"https:\/\/www.mexicanguitarplayers.com\/en\/wp-json\/wp\/v2\/types\/product"}],"replies":[{"embeddable":true,"href":"https:\/\/www.mexicanguitarplayers.com\/en\/wp-json\/wp\/v2\/comments?post=42893"}],"wp:featuredmedia":[{"embeddable":true,"href":"https:\/\/www.mexicanguitarplayers.com\/en\/wp-json\/wp\/v2\/media\/42889"}],"wp:attachment":[{"href":"https:\/\/www.mexicanguitarplayers.com\/en\/wp-json\/wp\/v2\/media?parent=42893"}],"wp:term":[{"taxonomy":"pwb-brand","embeddable":true,"href":"https:\/\/www.mexicanguitarplayers.com\/en\/wp-json\/wp\/v2\/pwb-brand?post=42893"},{"taxonomy":"product_brand","embeddable":true,"href":"https:\/\/www.mexicanguitarplayers.com\/en\/wp-json\/wp\/v2\/product_brand?post=42893"},{"taxonomy":"product_cat","embeddable":true,"href":"https:\/\/www.mexicanguitarplayers.com\/en\/wp-json\/wp\/v2\/product_cat?post=42893"},{"taxonomy":"product_tag","embeddable":true,"href":"https:\/\/www.mexicanguitarplayers.com\/en\/wp-json\/wp\/v2\/product_tag?post=42893"}],"curies":[{"name":"wp","href":"https:\/\/api.w.org\/{rel}","templated":true}]}}