{"id":42905,"date":"2025-04-09T09:31:37","date_gmt":"2025-04-09T15:31:37","guid":{"rendered":"https:\/\/www.mexicanguitarplayers.com\/tienda\/sin categor\u00eda\/cable-behringer-mod-imc251-cl\/"},"modified":"2026-04-10T04:15:43","modified_gmt":"2026-04-10T10:15:43","slug":"cable-behringer-mod-imc251-cl","status":"publish","type":"product","link":"https:\/\/www.mexicanguitarplayers.com\/en\/tienda\/audio\/cables\/cables-armados\/cables-especiales\/cable-behringer-mod-imc251-cl\/","title":{"rendered":"CABLE BEHRINGER MOD. IMC251-CL"},"content":{"rendered":"<div style=\"text-align: justify\">\n<div>\n<h3>Ligero como una pluma pero altamente aislante de ruido.<\/h3>\n<\/div>\n<div>Te mereces un cable de monitor intrauditivo de alta calidad que ofrezca un sonido transparente con un rango din\u00e1mico ultra amplio. Nuestro cable de monitor intrauditivo IMC251-CL satisface sus necesidades a un precio que se adapta a todos los presupuestos. El dise\u00f1o ultraligero y seguro para colocar sobre las orejas del cable IMC251-CL te permite mantenerlos puestos durante sesiones prolongadas de estudio, chat y juegos sin sentir ning\u00fan peso sobre tu cabeza. El cable blindado electromagn\u00e9ticamente de alta calidad a\u00edsla todos los ruidos cercanos presentes en un entorno de estudio lleno de dispositivos electr\u00f3nicos. El deslizador de cable en l\u00ednea brinda ayuda adicional para mantener tus aud\u00edfonos seguros y sin enredos. IMC251-CL viene con un conector de presi\u00f3n de bloqueo MMCX chapado en oro giratorio universal de 360 grados, brinda opciones de conectividad vers\u00e1tiles para aud\u00edfonos compatibles. Adem\u00e1s, puedes comprar los aud\u00edfonos para obtener tu libertad inal\u00e1mbrica.<\/div>\n<div>\n<h4>Quick look<\/h4>\n<\/div>\n<ul style=\"margin: 0px 0px 0px 25px\">\n<li style=\"list-style-type: circle;margin: 5px\">Cable.<\/li>\n<li style=\"list-style-type: circle;margin: 5px\">Connector<\/li>\n<li style=\"list-style-type: circle;margin: 5px\">Longitud del cable.<\/li>\n<\/ul>\n<div>\n<div style=\"font-weight: bold\">Cable.<\/div>\n<div>\n<p>Blindado, desmontable.<\/p>\n<\/div>\n<div style=\"font-weight: bold\">Connector<\/div>\n<div>\n<p>Conector MMCX desmontable.<\/p>\n<\/div>\n<div style=\"font-weight: bold\">Longitud del cable.<\/div>\n<div>\n<p>1.6 m (63&#8243;).<\/p>\n<\/div>\n<\/div>\n<\/div>","protected":false},"excerpt":{"rendered":"<p>Cable blindado para monitores in-ears con conectores MMCX, compatible con la mayor\u00eda de los aud\u00edfonos con conectores MMCX, conector de cierre a presi\u00f3n MMCX chapado en oro giratorio de 360 grados para mayor comodidad y flexibilidad, dise\u00f1o resistente y duradero para resistir los viajes y el uso diario, cable blindado electromagn\u00e9ticamente para el m\u00e1s alto nivel de aislamiento de ruido, el dise\u00f1o de cable seguro sobre la oreja garantiza estabilidad comodidad dentro de la oreja, el cable extra largo de 63\u201d pulgadas (1.6 metros) brinda una distancia flexible para sentarse.&hellip; <a class=\"kt-excerpt-readmore more-link\" href=\"https:\/\/www.mexicanguitarplayers.com\/en\/tienda\/audio\/cables\/cables-armados\/cables-especiales\/cable-behringer-mod-imc251-cl\/\">Read more<\/a><\/p>","protected":false},"featured_media":42900,"comment_status":"open","ping_status":"closed","template":"","meta":{"kt_blocks_editor_width":""},"pwb-brand":[171],"product_brand":[],"product_cat":[213,358,499,420],"product_tag":[],"class_list":{"0":"post-42905","1":"product","2":"type-product","3":"status-publish","4":"has-post-thumbnail","6":"pwb-brand-behringer","7":"product_cat-audio","8":"product_cat-cables","9":"product_cat-cables-bulk","10":"product_cat-cables-especiales","11":"product_shipping_class-0-5-kg","13":"first","14":"instock","15":"taxable","16":"shipping-taxable","17":"purchasable","18":"product-type-simple"},"yoast_head":"<!-- This site is optimized with the Yoast SEO plugin v27.5 - https:\/\/yoast.com\/product\/yoast-seo-wordpress\/ -->\n<title>CABLE BEHRINGER MOD. IMC251-CL - Mexican Guitar Players<\/title>\n<meta name=\"description\" content=\"Cable blindado para monitores in-ears con conectores MMCX, compatible con la mayor\u00eda de los aud\u00edfonos con conectores MMCX, conector de cierre a presi\u00f3n MMCX chapado en oro giratorio de 360 grados para mayor comodidad y flexibilidad, dise\u00f1o resistente y duradero para resistir los viajes y el uso diario, cable blindado electromagn\u00e9ticamente para el m\u00e1s alto nivel de aislamiento de ruido, el dise\u00f1o de cable seguro sobre la oreja garantiza estabilidad comodidad dentro de la oreja, el cable extra largo de 63\u201d pulgadas (1.6 metros) brinda una distancia flexible para sentarse.\" \/>\n<meta name=\"robots\" content=\"index, follow, max-snippet:-1, max-image-preview:large, max-video-preview:-1\" \/>\n<link rel=\"canonical\" href=\"https:\/\/www.mexicanguitarplayers.com\/en\/tienda\/sin%20categor\u00eda\/cable-behringer-mod-imc251-cl\/\" \/>\n<meta property=\"og:locale\" content=\"en_US\" \/>\n<meta property=\"og:type\" content=\"article\" \/>\n<meta property=\"og:title\" content=\"CABLE BEHRINGER MOD. IMC251-CL - Mexican Guitar Players\" \/>\n<meta property=\"og:description\" content=\"Cable blindado para monitores in-ears con conectores MMCX, compatible con la mayor\u00eda de los aud\u00edfonos con conectores MMCX, conector de cierre a presi\u00f3n MMCX chapado en oro giratorio de 360 grados para mayor comodidad y flexibilidad, dise\u00f1o resistente y duradero para resistir los viajes y el uso diario, cable blindado electromagn\u00e9ticamente para el m\u00e1s alto nivel de aislamiento de ruido, el dise\u00f1o de cable seguro sobre la oreja garantiza estabilidad comodidad dentro de la oreja, el cable extra largo de 63\u201d pulgadas (1.6 metros) brinda una distancia flexible para sentarse.\" \/>\n<meta property=\"og:url\" content=\"https:\/\/www.mexicanguitarplayers.com\/en\/tienda\/sin categor\u00eda\/cable-behringer-mod-imc251-cl\/\" \/>\n<meta property=\"og:site_name\" content=\"Mexican Guitar Players\" \/>\n<meta property=\"article:modified_time\" content=\"2026-04-10T10:15:43+00:00\" \/>\n<meta name=\"twitter:card\" content=\"summary_large_image\" \/>\n<meta name=\"twitter:label1\" content=\"Est. reading time\" \/>\n\t<meta name=\"twitter:data1\" content=\"1 minute\" \/>\n<script type=\"application\/ld+json\" class=\"yoast-schema-graph\">{\"@context\":\"https:\\\/\\\/schema.org\",\"@graph\":[{\"@type\":[\"WebPage\",\"ItemPage\"],\"@id\":\"https:\\\/\\\/www.mexicanguitarplayers.com\\\/tienda\\\/sin categor\u00eda\\\/cable-behringer-mod-imc251-cl\\\/\",\"url\":\"https:\\\/\\\/www.mexicanguitarplayers.com\\\/tienda\\\/sin categor\u00eda\\\/cable-behringer-mod-imc251-cl\\\/\",\"name\":\"CABLE BEHRINGER MOD. IMC251-CL - Mexican Guitar Players\",\"isPartOf\":{\"@id\":\"https:\\\/\\\/www.mexicanguitarplayers.com\\\/#website\"},\"primaryImageOfPage\":{\"@id\":\"https:\\\/\\\/www.mexicanguitarplayers.com\\\/tienda\\\/sin categor\u00eda\\\/cable-behringer-mod-imc251-cl\\\/#primaryimage\"},\"image\":{\"@id\":\"https:\\\/\\\/www.mexicanguitarplayers.com\\\/tienda\\\/sin categor\u00eda\\\/cable-behringer-mod-imc251-cl\\\/#primaryimage\"},\"thumbnailUrl\":\"https:\\\/\\\/www.mexicanguitarplayers.com\\\/wp-content\\\/uploads\\\/2025\\\/04\\\/RABEHIMC251CL.jpg\",\"datePublished\":\"2025-04-09T15:31:37+00:00\",\"dateModified\":\"2026-04-10T10:15:43+00:00\",\"description\":\"Cable blindado para monitores in-ears con conectores MMCX, compatible con la mayor\u00eda de los aud\u00edfonos con conectores MMCX, conector de cierre a presi\u00f3n MMCX chapado en oro giratorio de 360 grados para mayor comodidad y flexibilidad, dise\u00f1o resistente y duradero para resistir los viajes y el uso diario, cable blindado electromagn\u00e9ticamente para el m\u00e1s alto nivel de aislamiento de ruido, el dise\u00f1o de cable seguro sobre la oreja garantiza estabilidad comodidad dentro de la oreja, el cable extra largo de 63\u201d pulgadas (1.6 metros) brinda una distancia flexible para sentarse.\",\"breadcrumb\":{\"@id\":\"https:\\\/\\\/www.mexicanguitarplayers.com\\\/tienda\\\/sin categor\u00eda\\\/cable-behringer-mod-imc251-cl\\\/#breadcrumb\"},\"inLanguage\":\"en-US\",\"potentialAction\":[{\"@type\":\"ReadAction\",\"target\":[\"https:\\\/\\\/www.mexicanguitarplayers.com\\\/tienda\\\/sin categor\u00eda\\\/cable-behringer-mod-imc251-cl\\\/\"]}]},{\"@type\":\"ImageObject\",\"inLanguage\":\"en-US\",\"@id\":\"https:\\\/\\\/www.mexicanguitarplayers.com\\\/tienda\\\/sin categor\u00eda\\\/cable-behringer-mod-imc251-cl\\\/#primaryimage\",\"url\":\"https:\\\/\\\/www.mexicanguitarplayers.com\\\/wp-content\\\/uploads\\\/2025\\\/04\\\/RABEHIMC251CL.jpg\",\"contentUrl\":\"https:\\\/\\\/www.mexicanguitarplayers.com\\\/wp-content\\\/uploads\\\/2025\\\/04\\\/RABEHIMC251CL.jpg\",\"width\":1200,\"height\":1200},{\"@type\":\"BreadcrumbList\",\"@id\":\"https:\\\/\\\/www.mexicanguitarplayers.com\\\/tienda\\\/sin categor\u00eda\\\/cable-behringer-mod-imc251-cl\\\/#breadcrumb\",\"itemListElement\":[{\"@type\":\"ListItem\",\"position\":1,\"name\":\"Portada\",\"item\":\"https:\\\/\\\/www.mexicanguitarplayers.com\\\/\"},{\"@type\":\"ListItem\",\"position\":2,\"name\":\"Tienda\",\"item\":\"https:\\\/\\\/www.mexicanguitarplayers.com\\\/tienda\\\/\"},{\"@type\":\"ListItem\",\"position\":3,\"name\":\"CABLE BEHRINGER MOD. IMC251-CL\"}]},{\"@type\":\"WebSite\",\"@id\":\"https:\\\/\\\/www.mexicanguitarplayers.com\\\/#website\",\"url\":\"https:\\\/\\\/www.mexicanguitarplayers.com\\\/\",\"name\":\"Mexican Guitar Players\",\"description\":\"Website\",\"publisher\":{\"@id\":\"https:\\\/\\\/www.mexicanguitarplayers.com\\\/#organization\"},\"potentialAction\":[{\"@type\":\"SearchAction\",\"target\":{\"@type\":\"EntryPoint\",\"urlTemplate\":\"https:\\\/\\\/www.mexicanguitarplayers.com\\\/?s={search_term_string}\"},\"query-input\":{\"@type\":\"PropertyValueSpecification\",\"valueRequired\":true,\"valueName\":\"search_term_string\"}}],\"inLanguage\":\"en-US\"},{\"@type\":\"Organization\",\"@id\":\"https:\\\/\\\/www.mexicanguitarplayers.com\\\/#organization\",\"name\":\"Mexican Guitar Players\",\"url\":\"https:\\\/\\\/www.mexicanguitarplayers.com\\\/\",\"logo\":{\"@type\":\"ImageObject\",\"inLanguage\":\"en-US\",\"@id\":\"https:\\\/\\\/www.mexicanguitarplayers.com\\\/#\\\/schema\\\/logo\\\/image\\\/\",\"url\":\"\",\"contentUrl\":\"\",\"caption\":\"Mexican Guitar Players\"},\"image\":{\"@id\":\"https:\\\/\\\/www.mexicanguitarplayers.com\\\/#\\\/schema\\\/logo\\\/image\\\/\"}}]}<\/script>\n<!-- \/ Yoast SEO plugin. -->","yoast_head_json":{"title":"CABLE BEHRINGER MOD. IMC251-CL - Mexican Guitar Players","description":"Cable blindado para monitores in-ears con conectores MMCX, compatible con la mayor\u00eda de los aud\u00edfonos con conectores MMCX, conector de cierre a presi\u00f3n MMCX chapado en oro giratorio de 360 grados para mayor comodidad y flexibilidad, dise\u00f1o resistente y duradero para resistir los viajes y el uso diario, cable blindado electromagn\u00e9ticamente para el m\u00e1s alto nivel de aislamiento de ruido, el dise\u00f1o de cable seguro sobre la oreja garantiza estabilidad comodidad dentro de la oreja, el cable extra largo de 63\u201d pulgadas (1.6 metros) brinda una distancia flexible para sentarse.","robots":{"index":"index","follow":"follow","max-snippet":"max-snippet:-1","max-image-preview":"max-image-preview:large","max-video-preview":"max-video-preview:-1"},"canonical":"https:\/\/www.mexicanguitarplayers.com\/en\/tienda\/sin categor\u00eda\/cable-behringer-mod-imc251-cl\/","og_locale":"en_US","og_type":"article","og_title":"CABLE BEHRINGER MOD. IMC251-CL - Mexican Guitar Players","og_description":"Cable blindado para monitores in-ears con conectores MMCX, compatible con la mayor\u00eda de los aud\u00edfonos con conectores MMCX, conector de cierre a presi\u00f3n MMCX chapado en oro giratorio de 360 grados para mayor comodidad y flexibilidad, dise\u00f1o resistente y duradero para resistir los viajes y el uso diario, cable blindado electromagn\u00e9ticamente para el m\u00e1s alto nivel de aislamiento de ruido, el dise\u00f1o de cable seguro sobre la oreja garantiza estabilidad comodidad dentro de la oreja, el cable extra largo de 63\u201d pulgadas (1.6 metros) brinda una distancia flexible para sentarse.","og_url":"https:\/\/www.mexicanguitarplayers.com\/en\/tienda\/sin categor\u00eda\/cable-behringer-mod-imc251-cl\/","og_site_name":"Mexican Guitar Players","article_modified_time":"2026-04-10T10:15:43+00:00","twitter_card":"summary_large_image","twitter_misc":{"Est. reading time":"1 minute"},"schema":{"@context":"https:\/\/schema.org","@graph":[{"@type":["WebPage","ItemPage"],"@id":"https:\/\/www.mexicanguitarplayers.com\/tienda\/sin categor\u00eda\/cable-behringer-mod-imc251-cl\/","url":"https:\/\/www.mexicanguitarplayers.com\/tienda\/sin categor\u00eda\/cable-behringer-mod-imc251-cl\/","name":"CABLE BEHRINGER MOD. IMC251-CL - Mexican Guitar Players","isPartOf":{"@id":"https:\/\/www.mexicanguitarplayers.com\/#website"},"primaryImageOfPage":{"@id":"https:\/\/www.mexicanguitarplayers.com\/tienda\/sin categor\u00eda\/cable-behringer-mod-imc251-cl\/#primaryimage"},"image":{"@id":"https:\/\/www.mexicanguitarplayers.com\/tienda\/sin categor\u00eda\/cable-behringer-mod-imc251-cl\/#primaryimage"},"thumbnailUrl":"https:\/\/www.mexicanguitarplayers.com\/wp-content\/uploads\/2025\/04\/RABEHIMC251CL.jpg","datePublished":"2025-04-09T15:31:37+00:00","dateModified":"2026-04-10T10:15:43+00:00","description":"Cable blindado para monitores in-ears con conectores MMCX, compatible con la mayor\u00eda de los aud\u00edfonos con conectores MMCX, conector de cierre a presi\u00f3n MMCX chapado en oro giratorio de 360 grados para mayor comodidad y flexibilidad, dise\u00f1o resistente y duradero para resistir los viajes y el uso diario, cable blindado electromagn\u00e9ticamente para el m\u00e1s alto nivel de aislamiento de ruido, el dise\u00f1o de cable seguro sobre la oreja garantiza estabilidad comodidad dentro de la oreja, el cable extra largo de 63\u201d pulgadas (1.6 metros) brinda una distancia flexible para sentarse.","breadcrumb":{"@id":"https:\/\/www.mexicanguitarplayers.com\/tienda\/sin categor\u00eda\/cable-behringer-mod-imc251-cl\/#breadcrumb"},"inLanguage":"en-US","potentialAction":[{"@type":"ReadAction","target":["https:\/\/www.mexicanguitarplayers.com\/tienda\/sin categor\u00eda\/cable-behringer-mod-imc251-cl\/"]}]},{"@type":"ImageObject","inLanguage":"en-US","@id":"https:\/\/www.mexicanguitarplayers.com\/tienda\/sin categor\u00eda\/cable-behringer-mod-imc251-cl\/#primaryimage","url":"https:\/\/www.mexicanguitarplayers.com\/wp-content\/uploads\/2025\/04\/RABEHIMC251CL.jpg","contentUrl":"https:\/\/www.mexicanguitarplayers.com\/wp-content\/uploads\/2025\/04\/RABEHIMC251CL.jpg","width":1200,"height":1200},{"@type":"BreadcrumbList","@id":"https:\/\/www.mexicanguitarplayers.com\/tienda\/sin categor\u00eda\/cable-behringer-mod-imc251-cl\/#breadcrumb","itemListElement":[{"@type":"ListItem","position":1,"name":"Portada","item":"https:\/\/www.mexicanguitarplayers.com\/"},{"@type":"ListItem","position":2,"name":"Tienda","item":"https:\/\/www.mexicanguitarplayers.com\/tienda\/"},{"@type":"ListItem","position":3,"name":"CABLE BEHRINGER MOD. IMC251-CL"}]},{"@type":"WebSite","@id":"https:\/\/www.mexicanguitarplayers.com\/#website","url":"https:\/\/www.mexicanguitarplayers.com\/","name":"Mexican Guitar Players","description":"Website","publisher":{"@id":"https:\/\/www.mexicanguitarplayers.com\/#organization"},"potentialAction":[{"@type":"SearchAction","target":{"@type":"EntryPoint","urlTemplate":"https:\/\/www.mexicanguitarplayers.com\/?s={search_term_string}"},"query-input":{"@type":"PropertyValueSpecification","valueRequired":true,"valueName":"search_term_string"}}],"inLanguage":"en-US"},{"@type":"Organization","@id":"https:\/\/www.mexicanguitarplayers.com\/#organization","name":"Mexican Guitar Players","url":"https:\/\/www.mexicanguitarplayers.com\/","logo":{"@type":"ImageObject","inLanguage":"en-US","@id":"https:\/\/www.mexicanguitarplayers.com\/#\/schema\/logo\/image\/","url":"","contentUrl":"","caption":"Mexican Guitar Players"},"image":{"@id":"https:\/\/www.mexicanguitarplayers.com\/#\/schema\/logo\/image\/"}}]}},"brands":[{"id":171,"name":"BEHRINGER","slug":"behringer"}],"_links":{"self":[{"href":"https:\/\/www.mexicanguitarplayers.com\/en\/wp-json\/wp\/v2\/product\/42905","targetHints":{"allow":["GET"]}}],"collection":[{"href":"https:\/\/www.mexicanguitarplayers.com\/en\/wp-json\/wp\/v2\/product"}],"about":[{"href":"https:\/\/www.mexicanguitarplayers.com\/en\/wp-json\/wp\/v2\/types\/product"}],"replies":[{"embeddable":true,"href":"https:\/\/www.mexicanguitarplayers.com\/en\/wp-json\/wp\/v2\/comments?post=42905"}],"wp:featuredmedia":[{"embeddable":true,"href":"https:\/\/www.mexicanguitarplayers.com\/en\/wp-json\/wp\/v2\/media\/42900"}],"wp:attachment":[{"href":"https:\/\/www.mexicanguitarplayers.com\/en\/wp-json\/wp\/v2\/media?parent=42905"}],"wp:term":[{"taxonomy":"pwb-brand","embeddable":true,"href":"https:\/\/www.mexicanguitarplayers.com\/en\/wp-json\/wp\/v2\/pwb-brand?post=42905"},{"taxonomy":"product_brand","embeddable":true,"href":"https:\/\/www.mexicanguitarplayers.com\/en\/wp-json\/wp\/v2\/product_brand?post=42905"},{"taxonomy":"product_cat","embeddable":true,"href":"https:\/\/www.mexicanguitarplayers.com\/en\/wp-json\/wp\/v2\/product_cat?post=42905"},{"taxonomy":"product_tag","embeddable":true,"href":"https:\/\/www.mexicanguitarplayers.com\/en\/wp-json\/wp\/v2\/product_tag?post=42905"}],"curies":[{"name":"wp","href":"https:\/\/api.w.org\/{rel}","templated":true}]}}