{"id":42909,"date":"2025-04-09T09:31:42","date_gmt":"2025-04-09T15:31:42","guid":{"rendered":"https:\/\/www.mexicanguitarplayers.com\/tienda\/sin categor\u00eda\/cana-excel-p-saxofon-alto-2\/"},"modified":"2026-04-10T04:15:42","modified_gmt":"2026-04-10T10:15:42","slug":"cana-excel-p-saxofon-alto-2","status":"publish","type":"product","link":"https:\/\/www.mexicanguitarplayers.com\/en\/tienda\/accesorios\/estuches-y-fundas\/para-alientos-estuches-y-fundas\/cana-excel-p-saxofon-alto-2\/","title":{"rendered":"CA\u00d1A EXCEL P\/SAXOFON ALTO 2"},"content":{"rendered":"<div style=\"text-align: justify\">\n<div>\n<h3>La respuesta m\u00e1s r\u00e1pida en todo el registro.<\/h3>\n<\/div>\n<div>Las ca\u00f1as Excel de Marca son el \u00faltimo resultado de la investigaci\u00f3n y el dise\u00f1o intensivo de Marca. Excel est\u00e1 hecho de la ca\u00f1a m\u00e1s selecta de Marca y cuenta con un excelente corte que permite una vibraci\u00f3n superior en colaboraci\u00f3n con la curva de la boquilla. El resultado es una calidad de tono m\u00e1s balanceada y una respuesta sensible en todo el rango del instrumento. Los m\u00fasicos disfrutar\u00e1n especialmente el ataque n\u00edtido que proporciona Excel durante los pasajes articulados, as\u00ed como la facilidad que ofrecen las notas de alto registro.<\/div>\n<div>\n<h4>Characteristics<\/h4>\n<\/div>\n<div>\n<ul style=\"margin: 0px 0px 0px 25px\">\n<li style=\"list-style-type: circle;margin: 5px\">Ca\u00f1a para saxof\u00f3n alto.<\/li>\n<li style=\"list-style-type: circle;margin: 5px\">Fuerza: 2.<\/li>\n<li style=\"list-style-type: circle;margin: 5px\">Nota: Eb.<\/li>\n<li style=\"list-style-type: circle;margin: 5px\">Uso integral con \u00e9nfasis especial, en conjuntos de viento, orquestales y juegos de c\u00e1mara.<\/li>\n<li style=\"list-style-type: circle;margin: 5px\">Excelente y r\u00e1pida respuesta en todos los registros.<\/li>\n<li style=\"list-style-type: circle;margin: 5px\">Permite el ataque en todo el rango del instrumento con mayor facilidad en el registro alto.<\/li>\n<li style=\"list-style-type: circle;margin: 5px\">Hechas a mano \u00fanicamente de ca\u00f1a francesa.<\/li>\n<li style=\"list-style-type: circle;margin: 5px\">Peso: 50 g.<\/li>\n<\/ul>\n<\/div>\n<\/div>","protected":false},"excerpt":{"rendered":"<p>Ca\u00f1a para saxof\u00f3n alto, fuerza: 2, nota: Eb, dise\u00f1ada para uso integral con un \u00e9nfasis especial en conjuntos de viento, orquestales y juegos de c\u00e1mara, excelente y r\u00e1pida respuesta en todos los registros, permite el ataque en todo el rango del instrumento con mayor facilidad en el registro alto, hechas a mano \u00fanicamente de ca\u00f1a francesa con la m\u00e1s alta calidad, peso: 50 g.&hellip; <a class=\"kt-excerpt-readmore more-link\" href=\"https:\/\/www.mexicanguitarplayers.com\/en\/tienda\/accesorios\/estuches-y-fundas\/para-alientos-estuches-y-fundas\/cana-excel-p-saxofon-alto-2\/\">Read more<\/a><\/p>","protected":false},"featured_media":42908,"comment_status":"open","ping_status":"closed","template":"","meta":{"kt_blocks_editor_width":""},"pwb-brand":[625],"product_brand":[],"product_cat":[85,624,607],"product_tag":[],"class_list":{"0":"post-42909","1":"product","2":"type-product","3":"status-publish","4":"has-post-thumbnail","6":"pwb-brand-marca-reeds","7":"product_cat-accesorios","8":"product_cat-boquillas","9":"product_cat-para-alientos-estuches-y-fundas","10":"product_shipping_class-0-5-kg","12":"first","13":"outofstock","14":"taxable","15":"shipping-taxable","16":"purchasable","17":"product-type-simple"},"yoast_head":"<!-- This site is optimized with the Yoast SEO plugin v27.5 - https:\/\/yoast.com\/product\/yoast-seo-wordpress\/ -->\n<title>CA\u00d1A EXCEL P\/SAXOFON ALTO 2 - Mexican Guitar Players<\/title>\n<meta name=\"description\" content=\"Ca\u00f1a para saxof\u00f3n alto, fuerza: 2, nota: Eb, dise\u00f1ada para uso integral con un \u00e9nfasis especial en conjuntos de viento, orquestales y juegos de c\u00e1mara, excelente y r\u00e1pida respuesta en todos los registros, permite el ataque en todo el rango del instrumento con mayor facilidad en el registro alto, hechas a mano \u00fanicamente de ca\u00f1a francesa con la m\u00e1s alta calidad, peso: 50 g.\" \/>\n<meta name=\"robots\" content=\"index, follow, max-snippet:-1, max-image-preview:large, max-video-preview:-1\" \/>\n<link rel=\"canonical\" href=\"https:\/\/www.mexicanguitarplayers.com\/en\/tienda\/sin%20categor\u00eda\/cana-excel-p-saxofon-alto-2\/\" \/>\n<meta property=\"og:locale\" content=\"en_US\" \/>\n<meta property=\"og:type\" content=\"article\" \/>\n<meta property=\"og:title\" content=\"CA\u00d1A EXCEL P\/SAXOFON ALTO 2 - Mexican Guitar Players\" \/>\n<meta property=\"og:description\" content=\"Ca\u00f1a para saxof\u00f3n alto, fuerza: 2, nota: Eb, dise\u00f1ada para uso integral con un \u00e9nfasis especial en conjuntos de viento, orquestales y juegos de c\u00e1mara, excelente y r\u00e1pida respuesta en todos los registros, permite el ataque en todo el rango del instrumento con mayor facilidad en el registro alto, hechas a mano \u00fanicamente de ca\u00f1a francesa con la m\u00e1s alta calidad, peso: 50 g.\" \/>\n<meta property=\"og:url\" content=\"https:\/\/www.mexicanguitarplayers.com\/en\/tienda\/sin categor\u00eda\/cana-excel-p-saxofon-alto-2\/\" \/>\n<meta property=\"og:site_name\" content=\"Mexican Guitar Players\" \/>\n<meta property=\"article:modified_time\" content=\"2026-04-10T10:15:42+00:00\" \/>\n<meta name=\"twitter:card\" content=\"summary_large_image\" \/>\n<meta name=\"twitter:label1\" content=\"Est. reading time\" \/>\n\t<meta name=\"twitter:data1\" content=\"1 minute\" \/>\n<script type=\"application\/ld+json\" class=\"yoast-schema-graph\">{\"@context\":\"https:\\\/\\\/schema.org\",\"@graph\":[{\"@type\":[\"WebPage\",\"ItemPage\"],\"@id\":\"https:\\\/\\\/www.mexicanguitarplayers.com\\\/tienda\\\/sin categor\u00eda\\\/cana-excel-p-saxofon-alto-2\\\/\",\"url\":\"https:\\\/\\\/www.mexicanguitarplayers.com\\\/tienda\\\/sin categor\u00eda\\\/cana-excel-p-saxofon-alto-2\\\/\",\"name\":\"CA\u00d1A EXCEL P\\\/SAXOFON ALTO 2 - Mexican Guitar Players\",\"isPartOf\":{\"@id\":\"https:\\\/\\\/www.mexicanguitarplayers.com\\\/#website\"},\"primaryImageOfPage\":{\"@id\":\"https:\\\/\\\/www.mexicanguitarplayers.com\\\/tienda\\\/sin categor\u00eda\\\/cana-excel-p-saxofon-alto-2\\\/#primaryimage\"},\"image\":{\"@id\":\"https:\\\/\\\/www.mexicanguitarplayers.com\\\/tienda\\\/sin categor\u00eda\\\/cana-excel-p-saxofon-alto-2\\\/#primaryimage\"},\"thumbnailUrl\":\"https:\\\/\\\/www.mexicanguitarplayers.com\\\/wp-content\\\/uploads\\\/2025\\\/04\\\/RAMRDEX420.jpg\",\"datePublished\":\"2025-04-09T15:31:42+00:00\",\"dateModified\":\"2026-04-10T10:15:42+00:00\",\"description\":\"Ca\u00f1a para saxof\u00f3n alto, fuerza: 2, nota: Eb, dise\u00f1ada para uso integral con un \u00e9nfasis especial en conjuntos de viento, orquestales y juegos de c\u00e1mara, excelente y r\u00e1pida respuesta en todos los registros, permite el ataque en todo el rango del instrumento con mayor facilidad en el registro alto, hechas a mano \u00fanicamente de ca\u00f1a francesa con la m\u00e1s alta calidad, peso: 50 g.\",\"breadcrumb\":{\"@id\":\"https:\\\/\\\/www.mexicanguitarplayers.com\\\/tienda\\\/sin categor\u00eda\\\/cana-excel-p-saxofon-alto-2\\\/#breadcrumb\"},\"inLanguage\":\"en-US\",\"potentialAction\":[{\"@type\":\"ReadAction\",\"target\":[\"https:\\\/\\\/www.mexicanguitarplayers.com\\\/tienda\\\/sin categor\u00eda\\\/cana-excel-p-saxofon-alto-2\\\/\"]}]},{\"@type\":\"ImageObject\",\"inLanguage\":\"en-US\",\"@id\":\"https:\\\/\\\/www.mexicanguitarplayers.com\\\/tienda\\\/sin categor\u00eda\\\/cana-excel-p-saxofon-alto-2\\\/#primaryimage\",\"url\":\"https:\\\/\\\/www.mexicanguitarplayers.com\\\/wp-content\\\/uploads\\\/2025\\\/04\\\/RAMRDEX420.jpg\",\"contentUrl\":\"https:\\\/\\\/www.mexicanguitarplayers.com\\\/wp-content\\\/uploads\\\/2025\\\/04\\\/RAMRDEX420.jpg\",\"width\":1200,\"height\":1200},{\"@type\":\"BreadcrumbList\",\"@id\":\"https:\\\/\\\/www.mexicanguitarplayers.com\\\/tienda\\\/sin categor\u00eda\\\/cana-excel-p-saxofon-alto-2\\\/#breadcrumb\",\"itemListElement\":[{\"@type\":\"ListItem\",\"position\":1,\"name\":\"Portada\",\"item\":\"https:\\\/\\\/www.mexicanguitarplayers.com\\\/\"},{\"@type\":\"ListItem\",\"position\":2,\"name\":\"Tienda\",\"item\":\"https:\\\/\\\/www.mexicanguitarplayers.com\\\/tienda\\\/\"},{\"@type\":\"ListItem\",\"position\":3,\"name\":\"CA\u00d1A EXCEL P\\\/SAXOFON ALTO 2\"}]},{\"@type\":\"WebSite\",\"@id\":\"https:\\\/\\\/www.mexicanguitarplayers.com\\\/#website\",\"url\":\"https:\\\/\\\/www.mexicanguitarplayers.com\\\/\",\"name\":\"Mexican Guitar Players\",\"description\":\"Website\",\"publisher\":{\"@id\":\"https:\\\/\\\/www.mexicanguitarplayers.com\\\/#organization\"},\"potentialAction\":[{\"@type\":\"SearchAction\",\"target\":{\"@type\":\"EntryPoint\",\"urlTemplate\":\"https:\\\/\\\/www.mexicanguitarplayers.com\\\/?s={search_term_string}\"},\"query-input\":{\"@type\":\"PropertyValueSpecification\",\"valueRequired\":true,\"valueName\":\"search_term_string\"}}],\"inLanguage\":\"en-US\"},{\"@type\":\"Organization\",\"@id\":\"https:\\\/\\\/www.mexicanguitarplayers.com\\\/#organization\",\"name\":\"Mexican Guitar Players\",\"url\":\"https:\\\/\\\/www.mexicanguitarplayers.com\\\/\",\"logo\":{\"@type\":\"ImageObject\",\"inLanguage\":\"en-US\",\"@id\":\"https:\\\/\\\/www.mexicanguitarplayers.com\\\/#\\\/schema\\\/logo\\\/image\\\/\",\"url\":\"\",\"contentUrl\":\"\",\"caption\":\"Mexican Guitar Players\"},\"image\":{\"@id\":\"https:\\\/\\\/www.mexicanguitarplayers.com\\\/#\\\/schema\\\/logo\\\/image\\\/\"}}]}<\/script>\n<!-- \/ Yoast SEO plugin. -->","yoast_head_json":{"title":"CA\u00d1A EXCEL P\/SAXOFON ALTO 2 - Mexican Guitar Players","description":"Ca\u00f1a para saxof\u00f3n alto, fuerza: 2, nota: Eb, dise\u00f1ada para uso integral con un \u00e9nfasis especial en conjuntos de viento, orquestales y juegos de c\u00e1mara, excelente y r\u00e1pida respuesta en todos los registros, permite el ataque en todo el rango del instrumento con mayor facilidad en el registro alto, hechas a mano \u00fanicamente de ca\u00f1a francesa con la m\u00e1s alta calidad, peso: 50 g.","robots":{"index":"index","follow":"follow","max-snippet":"max-snippet:-1","max-image-preview":"max-image-preview:large","max-video-preview":"max-video-preview:-1"},"canonical":"https:\/\/www.mexicanguitarplayers.com\/en\/tienda\/sin categor\u00eda\/cana-excel-p-saxofon-alto-2\/","og_locale":"en_US","og_type":"article","og_title":"CA\u00d1A EXCEL P\/SAXOFON ALTO 2 - Mexican Guitar Players","og_description":"Ca\u00f1a para saxof\u00f3n alto, fuerza: 2, nota: Eb, dise\u00f1ada para uso integral con un \u00e9nfasis especial en conjuntos de viento, orquestales y juegos de c\u00e1mara, excelente y r\u00e1pida respuesta en todos los registros, permite el ataque en todo el rango del instrumento con mayor facilidad en el registro alto, hechas a mano \u00fanicamente de ca\u00f1a francesa con la m\u00e1s alta calidad, peso: 50 g.","og_url":"https:\/\/www.mexicanguitarplayers.com\/en\/tienda\/sin categor\u00eda\/cana-excel-p-saxofon-alto-2\/","og_site_name":"Mexican Guitar Players","article_modified_time":"2026-04-10T10:15:42+00:00","twitter_card":"summary_large_image","twitter_misc":{"Est. reading time":"1 minute"},"schema":{"@context":"https:\/\/schema.org","@graph":[{"@type":["WebPage","ItemPage"],"@id":"https:\/\/www.mexicanguitarplayers.com\/tienda\/sin categor\u00eda\/cana-excel-p-saxofon-alto-2\/","url":"https:\/\/www.mexicanguitarplayers.com\/tienda\/sin categor\u00eda\/cana-excel-p-saxofon-alto-2\/","name":"CA\u00d1A EXCEL P\/SAXOFON ALTO 2 - Mexican Guitar Players","isPartOf":{"@id":"https:\/\/www.mexicanguitarplayers.com\/#website"},"primaryImageOfPage":{"@id":"https:\/\/www.mexicanguitarplayers.com\/tienda\/sin categor\u00eda\/cana-excel-p-saxofon-alto-2\/#primaryimage"},"image":{"@id":"https:\/\/www.mexicanguitarplayers.com\/tienda\/sin categor\u00eda\/cana-excel-p-saxofon-alto-2\/#primaryimage"},"thumbnailUrl":"https:\/\/www.mexicanguitarplayers.com\/wp-content\/uploads\/2025\/04\/RAMRDEX420.jpg","datePublished":"2025-04-09T15:31:42+00:00","dateModified":"2026-04-10T10:15:42+00:00","description":"Ca\u00f1a para saxof\u00f3n alto, fuerza: 2, nota: Eb, dise\u00f1ada para uso integral con un \u00e9nfasis especial en conjuntos de viento, orquestales y juegos de c\u00e1mara, excelente y r\u00e1pida respuesta en todos los registros, permite el ataque en todo el rango del instrumento con mayor facilidad en el registro alto, hechas a mano \u00fanicamente de ca\u00f1a francesa con la m\u00e1s alta calidad, peso: 50 g.","breadcrumb":{"@id":"https:\/\/www.mexicanguitarplayers.com\/tienda\/sin categor\u00eda\/cana-excel-p-saxofon-alto-2\/#breadcrumb"},"inLanguage":"en-US","potentialAction":[{"@type":"ReadAction","target":["https:\/\/www.mexicanguitarplayers.com\/tienda\/sin categor\u00eda\/cana-excel-p-saxofon-alto-2\/"]}]},{"@type":"ImageObject","inLanguage":"en-US","@id":"https:\/\/www.mexicanguitarplayers.com\/tienda\/sin categor\u00eda\/cana-excel-p-saxofon-alto-2\/#primaryimage","url":"https:\/\/www.mexicanguitarplayers.com\/wp-content\/uploads\/2025\/04\/RAMRDEX420.jpg","contentUrl":"https:\/\/www.mexicanguitarplayers.com\/wp-content\/uploads\/2025\/04\/RAMRDEX420.jpg","width":1200,"height":1200},{"@type":"BreadcrumbList","@id":"https:\/\/www.mexicanguitarplayers.com\/tienda\/sin categor\u00eda\/cana-excel-p-saxofon-alto-2\/#breadcrumb","itemListElement":[{"@type":"ListItem","position":1,"name":"Portada","item":"https:\/\/www.mexicanguitarplayers.com\/"},{"@type":"ListItem","position":2,"name":"Tienda","item":"https:\/\/www.mexicanguitarplayers.com\/tienda\/"},{"@type":"ListItem","position":3,"name":"CA\u00d1A EXCEL P\/SAXOFON ALTO 2"}]},{"@type":"WebSite","@id":"https:\/\/www.mexicanguitarplayers.com\/#website","url":"https:\/\/www.mexicanguitarplayers.com\/","name":"Mexican Guitar Players","description":"Website","publisher":{"@id":"https:\/\/www.mexicanguitarplayers.com\/#organization"},"potentialAction":[{"@type":"SearchAction","target":{"@type":"EntryPoint","urlTemplate":"https:\/\/www.mexicanguitarplayers.com\/?s={search_term_string}"},"query-input":{"@type":"PropertyValueSpecification","valueRequired":true,"valueName":"search_term_string"}}],"inLanguage":"en-US"},{"@type":"Organization","@id":"https:\/\/www.mexicanguitarplayers.com\/#organization","name":"Mexican Guitar Players","url":"https:\/\/www.mexicanguitarplayers.com\/","logo":{"@type":"ImageObject","inLanguage":"en-US","@id":"https:\/\/www.mexicanguitarplayers.com\/#\/schema\/logo\/image\/","url":"","contentUrl":"","caption":"Mexican Guitar Players"},"image":{"@id":"https:\/\/www.mexicanguitarplayers.com\/#\/schema\/logo\/image\/"}}]}},"brands":[{"id":625,"name":"REEDS BRAND","slug":"marca-reeds"}],"_links":{"self":[{"href":"https:\/\/www.mexicanguitarplayers.com\/en\/wp-json\/wp\/v2\/product\/42909","targetHints":{"allow":["GET"]}}],"collection":[{"href":"https:\/\/www.mexicanguitarplayers.com\/en\/wp-json\/wp\/v2\/product"}],"about":[{"href":"https:\/\/www.mexicanguitarplayers.com\/en\/wp-json\/wp\/v2\/types\/product"}],"replies":[{"embeddable":true,"href":"https:\/\/www.mexicanguitarplayers.com\/en\/wp-json\/wp\/v2\/comments?post=42909"}],"wp:featuredmedia":[{"embeddable":true,"href":"https:\/\/www.mexicanguitarplayers.com\/en\/wp-json\/wp\/v2\/media\/42908"}],"wp:attachment":[{"href":"https:\/\/www.mexicanguitarplayers.com\/en\/wp-json\/wp\/v2\/media?parent=42909"}],"wp:term":[{"taxonomy":"pwb-brand","embeddable":true,"href":"https:\/\/www.mexicanguitarplayers.com\/en\/wp-json\/wp\/v2\/pwb-brand?post=42909"},{"taxonomy":"product_brand","embeddable":true,"href":"https:\/\/www.mexicanguitarplayers.com\/en\/wp-json\/wp\/v2\/product_brand?post=42909"},{"taxonomy":"product_cat","embeddable":true,"href":"https:\/\/www.mexicanguitarplayers.com\/en\/wp-json\/wp\/v2\/product_cat?post=42909"},{"taxonomy":"product_tag","embeddable":true,"href":"https:\/\/www.mexicanguitarplayers.com\/en\/wp-json\/wp\/v2\/product_tag?post=42909"}],"curies":[{"name":"wp","href":"https:\/\/api.w.org\/{rel}","templated":true}]}}