{"id":43031,"date":"2025-04-09T15:30:33","date_gmt":"2025-04-09T21:30:33","guid":{"rendered":"https:\/\/www.mexicanguitarplayers.com\/tienda\/sin categor\u00eda\/bafle-prosound-mod-ps-12dsp\/"},"modified":"2026-04-15T04:15:21","modified_gmt":"2026-04-15T10:15:21","slug":"bafle-prosound-mod-ps-12dsp","status":"publish","type":"product","link":"https:\/\/www.mexicanguitarplayers.com\/en\/tienda\/audio\/bafles-y-bocinas\/bafles\/bafles-activos\/bafle-prosound-mod-ps-12dsp\/","title":{"rendered":"BAFLE PROSOUND MOD. PS-12DSP"},"content":{"rendered":"<div style=\"text-align: justify\">\n<div>\n<h3>\u00a1Potencia y Versatilidad en Cada Nota! Bafle Amplificado Prosound de 12\u201d con Bluetooth, DSP y 4 Presets para Sonido Perfecto en Cualquier Momento<\/h3>\n<\/div>\n<div>Bafles Prosound con DSP, ideales para sonorizaciones b\u00e1sicas en vivo, o para usos en casa. Tiene todas las caracter\u00edsticas que se requieren.  DSP integrado para felicidad de configuraci\u00f3n, 4 Presets elaborados por la marca para adecuarse a cualquier aplicaci\u00f3n.  Normal: ideal para la reproducci\u00f3n de m\u00fasica grabada.  Live: Logra una ecualizaci\u00f3n lo m\u00e1s plana posible para sonorizar.  Speech: Ideal para voces.  Club: Incrementa considerablemente las frecuencias graves.  Con su conexi\u00f3n Bluetooth est\u00e9reo podr\u00edas enlazar hasta dos bocinas simult\u00e1neamente a un dispositivo.<\/div>\n<div>\n<h4>Quick look<\/h4>\n<\/div>\n<ul style=\"margin: 0px 0px 0px 25px\">\n<li style=\"list-style-type: circle;margin: 5px\">SPL\/1M m\u00e1ximo calculado (continuo\/pico)<\/li>\n<li style=\"list-style-type: circle;margin: 5px\">HF<\/li>\n<li style=\"list-style-type: circle;margin: 5px\">LF<\/li>\n<li style=\"list-style-type: circle;margin: 5px\">PROCESADOR <\/li>\n<li style=\"list-style-type: circle;margin: 5px\">PREAJUSTES <\/li>\n<li style=\"list-style-type: circle;margin: 5px\">CIRCUITO DE AMPLIFICACION<\/li>\n<li style=\"list-style-type: circle;margin: 5px\">POTENCIA (NORMAS RMS) <\/li>\n<li style=\"list-style-type: circle;margin: 5px\">POTENCIA MAXIMA <\/li>\n<li style=\"list-style-type: circle;margin: 5px\">FREQUENCY RESPONSE <\/li>\n<li style=\"list-style-type: circle;margin: 5px\">SISTEMA DE REFRIGERACI\u00d3N <\/li>\n<li style=\"list-style-type: circle;margin: 5px\">PROTECCI\u00d3N <\/li>\n<li style=\"list-style-type: circle;margin: 5px\">CONECTORES DE ENTRADA DE SE\u00d1AL  <\/li>\n<li style=\"list-style-type: circle;margin: 5px\">CONECTORES DE SALIDA DE SE\u00d1AL <\/li>\n<li style=\"list-style-type: circle;margin: 5px\">CONECTORES DE ENTRADA DE ALIMENTACI\u00d3N<\/li>\n<li style=\"list-style-type: circle;margin: 5px\">RANGO DE FUNCIONAMIENTO DE LA ALIMENTACI\u00d3N DE CA <\/li>\n<li style=\"list-style-type: circle;margin: 5px\">CONSUMO DE ENERGIA <\/li>\n<li style=\"list-style-type: circle;margin: 5px\">MATERIAL DEL ARMARIO <\/li>\n<li style=\"list-style-type: circle;margin: 5px\">AJUSTE DE ANGULO <\/li>\n<li style=\"list-style-type: circle;margin: 5px\">REVESTIMIENTO <\/li>\n<li style=\"list-style-type: circle;margin: 5px\">COLOR DEL ARMADO <\/li>\n<li style=\"list-style-type: circle;margin: 5px\">REJILLA <\/li>\n<li style=\"list-style-type: circle;margin: 5px\">ASAS <\/li>\n<li style=\"list-style-type: circle;margin: 5px\">DIMENSIONES DEL ALTAVOZ <\/li>\n<li style=\"list-style-type: circle;margin: 5px\">PESO NETO  <\/li>\n<li style=\"list-style-type: circle;margin: 5px\">ASISTENCIA T\u00c9CNICA Y SERVICIO POSVENTA  <\/li>\n<\/ul>\n<div>\n<div style=\"font-weight: bold\">SPL\/1M m\u00e1ximo calculado (continuo\/pico)<\/div>\n<div>\n<p>119\/125 dBSPL  <\/p>\n<\/div>\n<div style=\"font-weight: bold\">HF<\/div>\n<div>\n<p>TRANSDUCTOR DE FERRITA 1.75&#8243; <\/p>\n<\/div>\n<div style=\"font-weight: bold\">LF<\/div>\n<div>\n<p>TRANSDUCTOR DE FERRITA 1 X 12&#8243;  <\/p>\n<\/div>\n<div style=\"font-weight: bold\">PROCESADOR <\/div>\n<div>\n<p>FRECUENCIA DE MUESTREO 48KHz, 24 bit <\/p>\n<\/div>\n<div style=\"font-weight: bold\">PREAJUSTES <\/div>\n<div>\n<p>NORMAL\/LIVE\/DJ\/SPEECH <\/p>\n<\/div>\n<div style=\"font-weight: bold\">CIRCUITO DE AMPLIFICACION<\/div>\n<div>\n<p>CALSE D <\/p>\n<\/div>\n<div style=\"font-weight: bold\">POTENCIA (NORMAS RMS) <\/div>\n<div>\n<p>500W<\/p>\n<\/div>\n<div style=\"font-weight: bold\">POTENCIA MAXIMA <\/div>\n<div>\n<p>1000W<\/p>\n<\/div>\n<div style=\"font-weight: bold\">FREQUENCY RESPONSE <\/div>\n<div>\n<p>50Hz-20kHz (-10dB)<\/p>\n<\/div>\n<div style=\"font-weight: bold\">SISTEMA DE REFRIGERACI\u00d3N <\/div>\n<div>\n<p>DISIPADOR DE CALOR <\/p>\n<\/div>\n<div style=\"font-weight: bold\">PROTECCI\u00d3N <\/div>\n<div>\n<p>PORTECCION CONTRA SOBRE CARGA DE ENTRADA, PROTECCION CONTRA SOBRE CARGA DE SALIDA, PORTECCION CONTRA SOBRETENSI\u00d3N, PROTECCION CONTRA SUBTENCI\u00d3N. <\/p>\n<\/div>\n<div style=\"font-weight: bold\">CONECTORES DE ENTRADA DE SE\u00d1AL  <\/div>\n<div>\n<p>2 XLR HEMBRA  1X 3.5 AUX<\/p>\n<\/div>\n<div style=\"font-weight: bold\">CONECTORES DE SALIDA DE SE\u00d1AL <\/div>\n<div>\n<p>1 XLR MACHO <\/p>\n<\/div>\n<div style=\"font-weight: bold\">CONECTORES DE ENTRADA DE ALIMENTACI\u00d3N<\/div>\n<div>\n<p>INTERLOCK  <\/p>\n<\/div>\n<div style=\"font-weight: bold\">RANGO DE FUNCIONAMIENTO DE LA ALIMENTACI\u00d3N DE CA <\/div>\n<div>\n<p>100V-240V CONMUTADA <\/p>\n<\/div>\n<div style=\"font-weight: bold\">CONSUMO DE ENERGIA <\/div>\n<div>\n<p>500W<\/p>\n<\/div>\n<div style=\"font-weight: bold\">MATERIAL DEL ARMARIO <\/div>\n<div>\n<p>POLIPROPILENO<\/p>\n<\/div>\n<div style=\"font-weight: bold\">AJUSTE DE ANGULO <\/div>\n<div>\n<p>0, 10. DOBLE ORIFICIO PARA TUBO<\/p>\n<\/div>\n<div style=\"font-weight: bold\">REVESTIMIENTO <\/div>\n<div>\n<p>POLIPROPILENO <\/p>\n<\/div>\n<div style=\"font-weight: bold\">COLOR DEL ARMADO <\/div>\n<div>\n<p>NEGRO <\/p>\n<\/div>\n<div style=\"font-weight: bold\">REJILLA <\/div>\n<div>\n<p>MALLA DE HIERRO<\/p>\n<\/div>\n<div style=\"font-weight: bold\">ASAS <\/div>\n<div>\n<p>1 LATERAL, 1 EN LA PARTE DE ARRIBA<\/p>\n<\/div>\n<div style=\"font-weight: bold\">DIMENSIONES DEL ALTAVOZ <\/div>\n<div>\n<p>48mm x 68mm x42mm (W x H x D) <\/p>\n<\/div>\n<div style=\"font-weight: bold\">PESO NETO  <\/div>\n<div>\n<p>13 Kg <\/p>\n<\/div>\n<div style=\"font-weight: bold\">ASISTENCIA T\u00c9CNICA Y SERVICIO POSVENTA  <\/div>\n<div>\n<p>SERVICIO AUTORIZADO DISTRIBUIDORA GONHER<\/p>\n<\/div>\n<\/div>\n<\/div>","protected":false},"excerpt":{"rendered":"<p>Bafle amplificado Prosound de 12\u201d pulgadas, driver de 1.75\u201d pulgadas, los dos componentes Ferrita. Amplificador clase D de 1000W pico, 500W RMS. Presion sonora m\u00e1xima @1m 125dBSPL. Pantalla LCD, 4 presets desarrollados por la marca, NORMAL, LIVE, SPEECH, CLUB. Ecualizador de 4 bandas (AGUDAS, MEDIAS, GRAVES). Cortes para Xover (80Hz, 100Hz, 120HZ). Respuesta de frecuncia -10dB (50HZ-20kHz) Conexi\u00f3n Bluetooth Mono y tambi\u00e9n cuenta con la tecnolog\u00eda TWS True Wireless Stereo para conectarse a otra bocina inal\u00e1mbricamente (solo se puede enlazar m\u00e1ximo 2 bocinas). Dispersi\u00f3n de la bocina: 90 x 60. Material con \u00e9l se elabora el gabinete: Polipropileno.&hellip; <a class=\"kt-excerpt-readmore more-link\" href=\"https:\/\/www.mexicanguitarplayers.com\/en\/tienda\/audio\/bafles-y-bocinas\/bafles\/bafles-activos\/bafle-prosound-mod-ps-12dsp\/\">Read more<\/a><\/p>","protected":false},"featured_media":43018,"comment_status":"open","ping_status":"closed","template":"","meta":{"kt_blocks_editor_width":""},"pwb-brand":[542],"product_brand":[],"product_cat":[213,222,472,221],"product_tag":[],"class_list":{"0":"post-43031","1":"product","2":"type-product","3":"status-publish","4":"has-post-thumbnail","6":"pwb-brand-prosound","7":"product_cat-audio","8":"product_cat-bafles","9":"product_cat-bafles-activos","10":"product_cat-bafles-y-bocinas","11":"product_shipping_class-15-20-kg","13":"first","14":"instock","15":"taxable","16":"shipping-taxable","17":"purchasable","18":"product-type-simple"},"yoast_head":"<!-- This site is optimized with the Yoast SEO plugin v27.5 - https:\/\/yoast.com\/product\/yoast-seo-wordpress\/ -->\n<title>BAFLE PROSOUND MOD. PS-12DSP - Mexican Guitar Players<\/title>\n<meta name=\"description\" content=\"Bafle amplificado Prosound de 12\u201d pulgadas, driver de 1.75\u201d pulgadas, los dos componentes Ferrita. Amplificador clase D de 1000W pico, 500W RMS. Presion sonora m\u00e1xima @1m 125dBSPL. Pantalla LCD, 4 presets desarrollados por la marca, NORMAL, LIVE, SPEECH, CLUB. Ecualizador de 4 bandas (AGUDAS, MEDIAS, GRAVES). Cortes para Xover (80Hz, 100Hz, 120HZ). Respuesta de frecuncia -10dB (50HZ-20kHz) Conexi\u00f3n Bluetooth Mono y tambi\u00e9n cuenta con la tecnolog\u00eda TWS True Wireless Stereo para conectarse a otra bocina inal\u00e1mbricamente (solo se puede enlazar m\u00e1ximo 2 bocinas). Dispersi\u00f3n de la bocina: 90 x 60. Material con \u00e9l se elabora el gabinete: Polipropileno.\" \/>\n<meta name=\"robots\" content=\"index, follow, max-snippet:-1, max-image-preview:large, max-video-preview:-1\" \/>\n<link rel=\"canonical\" href=\"https:\/\/www.mexicanguitarplayers.com\/en\/tienda\/sin%20categor\u00eda\/bafle-prosound-mod-ps-12dsp\/\" \/>\n<meta property=\"og:locale\" content=\"en_US\" \/>\n<meta property=\"og:type\" content=\"article\" \/>\n<meta property=\"og:title\" content=\"BAFLE PROSOUND MOD. PS-12DSP - Mexican Guitar Players\" \/>\n<meta property=\"og:description\" content=\"Bafle amplificado Prosound de 12\u201d pulgadas, driver de 1.75\u201d pulgadas, los dos componentes Ferrita. Amplificador clase D de 1000W pico, 500W RMS. Presion sonora m\u00e1xima @1m 125dBSPL. Pantalla LCD, 4 presets desarrollados por la marca, NORMAL, LIVE, SPEECH, CLUB. Ecualizador de 4 bandas (AGUDAS, MEDIAS, GRAVES). Cortes para Xover (80Hz, 100Hz, 120HZ). Respuesta de frecuncia -10dB (50HZ-20kHz) Conexi\u00f3n Bluetooth Mono y tambi\u00e9n cuenta con la tecnolog\u00eda TWS True Wireless Stereo para conectarse a otra bocina inal\u00e1mbricamente (solo se puede enlazar m\u00e1ximo 2 bocinas). Dispersi\u00f3n de la bocina: 90 x 60. Material con \u00e9l se elabora el gabinete: Polipropileno.\" \/>\n<meta property=\"og:url\" content=\"https:\/\/www.mexicanguitarplayers.com\/en\/tienda\/sin categor\u00eda\/bafle-prosound-mod-ps-12dsp\/\" \/>\n<meta property=\"og:site_name\" content=\"Mexican Guitar Players\" \/>\n<meta property=\"article:modified_time\" content=\"2026-04-15T10:15:21+00:00\" \/>\n<meta name=\"twitter:card\" content=\"summary_large_image\" \/>\n<meta name=\"twitter:label1\" content=\"Est. reading time\" \/>\n\t<meta name=\"twitter:data1\" content=\"2 minutes\" \/>\n<script type=\"application\/ld+json\" class=\"yoast-schema-graph\">{\"@context\":\"https:\\\/\\\/schema.org\",\"@graph\":[{\"@type\":[\"WebPage\",\"ItemPage\"],\"@id\":\"https:\\\/\\\/www.mexicanguitarplayers.com\\\/tienda\\\/sin categor\u00eda\\\/bafle-prosound-mod-ps-12dsp\\\/\",\"url\":\"https:\\\/\\\/www.mexicanguitarplayers.com\\\/tienda\\\/sin categor\u00eda\\\/bafle-prosound-mod-ps-12dsp\\\/\",\"name\":\"BAFLE PROSOUND MOD. PS-12DSP - Mexican Guitar Players\",\"isPartOf\":{\"@id\":\"https:\\\/\\\/www.mexicanguitarplayers.com\\\/#website\"},\"primaryImageOfPage\":{\"@id\":\"https:\\\/\\\/www.mexicanguitarplayers.com\\\/tienda\\\/sin categor\u00eda\\\/bafle-prosound-mod-ps-12dsp\\\/#primaryimage\"},\"image\":{\"@id\":\"https:\\\/\\\/www.mexicanguitarplayers.com\\\/tienda\\\/sin categor\u00eda\\\/bafle-prosound-mod-ps-12dsp\\\/#primaryimage\"},\"thumbnailUrl\":\"https:\\\/\\\/www.mexicanguitarplayers.com\\\/wp-content\\\/uploads\\\/2025\\\/04\\\/IAPRSPS12DSP-1.png\",\"datePublished\":\"2025-04-09T21:30:33+00:00\",\"dateModified\":\"2026-04-15T10:15:21+00:00\",\"description\":\"Bafle amplificado Prosound de 12\u201d pulgadas, driver de 1.75\u201d pulgadas, los dos componentes Ferrita. Amplificador clase D de 1000W pico, 500W RMS. Presion sonora m\u00e1xima @1m 125dBSPL. Pantalla LCD, 4 presets desarrollados por la marca, NORMAL, LIVE, SPEECH, CLUB. Ecualizador de 4 bandas (AGUDAS, MEDIAS, GRAVES). Cortes para Xover (80Hz, 100Hz, 120HZ). Respuesta de frecuncia -10dB (50HZ-20kHz) Conexi\u00f3n Bluetooth Mono y tambi\u00e9n cuenta con la tecnolog\u00eda TWS True Wireless Stereo para conectarse a otra bocina inal\u00e1mbricamente (solo se puede enlazar m\u00e1ximo 2 bocinas). Dispersi\u00f3n de la bocina: 90 x 60. Material con \u00e9l se elabora el gabinete: Polipropileno.\",\"breadcrumb\":{\"@id\":\"https:\\\/\\\/www.mexicanguitarplayers.com\\\/tienda\\\/sin categor\u00eda\\\/bafle-prosound-mod-ps-12dsp\\\/#breadcrumb\"},\"inLanguage\":\"en-US\",\"potentialAction\":[{\"@type\":\"ReadAction\",\"target\":[\"https:\\\/\\\/www.mexicanguitarplayers.com\\\/tienda\\\/sin categor\u00eda\\\/bafle-prosound-mod-ps-12dsp\\\/\"]}]},{\"@type\":\"ImageObject\",\"inLanguage\":\"en-US\",\"@id\":\"https:\\\/\\\/www.mexicanguitarplayers.com\\\/tienda\\\/sin categor\u00eda\\\/bafle-prosound-mod-ps-12dsp\\\/#primaryimage\",\"url\":\"https:\\\/\\\/www.mexicanguitarplayers.com\\\/wp-content\\\/uploads\\\/2025\\\/04\\\/IAPRSPS12DSP-1.png\",\"contentUrl\":\"https:\\\/\\\/www.mexicanguitarplayers.com\\\/wp-content\\\/uploads\\\/2025\\\/04\\\/IAPRSPS12DSP-1.png\",\"width\":800,\"height\":1422},{\"@type\":\"BreadcrumbList\",\"@id\":\"https:\\\/\\\/www.mexicanguitarplayers.com\\\/tienda\\\/sin categor\u00eda\\\/bafle-prosound-mod-ps-12dsp\\\/#breadcrumb\",\"itemListElement\":[{\"@type\":\"ListItem\",\"position\":1,\"name\":\"Portada\",\"item\":\"https:\\\/\\\/www.mexicanguitarplayers.com\\\/\"},{\"@type\":\"ListItem\",\"position\":2,\"name\":\"Tienda\",\"item\":\"https:\\\/\\\/www.mexicanguitarplayers.com\\\/tienda\\\/\"},{\"@type\":\"ListItem\",\"position\":3,\"name\":\"BAFLE PROSOUND MOD. PS-12DSP\"}]},{\"@type\":\"WebSite\",\"@id\":\"https:\\\/\\\/www.mexicanguitarplayers.com\\\/#website\",\"url\":\"https:\\\/\\\/www.mexicanguitarplayers.com\\\/\",\"name\":\"Mexican Guitar Players\",\"description\":\"Website\",\"publisher\":{\"@id\":\"https:\\\/\\\/www.mexicanguitarplayers.com\\\/#organization\"},\"potentialAction\":[{\"@type\":\"SearchAction\",\"target\":{\"@type\":\"EntryPoint\",\"urlTemplate\":\"https:\\\/\\\/www.mexicanguitarplayers.com\\\/?s={search_term_string}\"},\"query-input\":{\"@type\":\"PropertyValueSpecification\",\"valueRequired\":true,\"valueName\":\"search_term_string\"}}],\"inLanguage\":\"en-US\"},{\"@type\":\"Organization\",\"@id\":\"https:\\\/\\\/www.mexicanguitarplayers.com\\\/#organization\",\"name\":\"Mexican Guitar Players\",\"url\":\"https:\\\/\\\/www.mexicanguitarplayers.com\\\/\",\"logo\":{\"@type\":\"ImageObject\",\"inLanguage\":\"en-US\",\"@id\":\"https:\\\/\\\/www.mexicanguitarplayers.com\\\/#\\\/schema\\\/logo\\\/image\\\/\",\"url\":\"\",\"contentUrl\":\"\",\"caption\":\"Mexican Guitar Players\"},\"image\":{\"@id\":\"https:\\\/\\\/www.mexicanguitarplayers.com\\\/#\\\/schema\\\/logo\\\/image\\\/\"}}]}<\/script>\n<!-- \/ Yoast SEO plugin. -->","yoast_head_json":{"title":"BAFLE PROSOUND MOD. PS-12DSP - Mexican Guitar Players","description":"Bafle amplificado Prosound de 12\u201d pulgadas, driver de 1.75\u201d pulgadas, los dos componentes Ferrita. Amplificador clase D de 1000W pico, 500W RMS. Presion sonora m\u00e1xima @1m 125dBSPL. Pantalla LCD, 4 presets desarrollados por la marca, NORMAL, LIVE, SPEECH, CLUB. Ecualizador de 4 bandas (AGUDAS, MEDIAS, GRAVES). Cortes para Xover (80Hz, 100Hz, 120HZ). Respuesta de frecuncia -10dB (50HZ-20kHz) Conexi\u00f3n Bluetooth Mono y tambi\u00e9n cuenta con la tecnolog\u00eda TWS True Wireless Stereo para conectarse a otra bocina inal\u00e1mbricamente (solo se puede enlazar m\u00e1ximo 2 bocinas). Dispersi\u00f3n de la bocina: 90 x 60. Material con \u00e9l se elabora el gabinete: Polipropileno.","robots":{"index":"index","follow":"follow","max-snippet":"max-snippet:-1","max-image-preview":"max-image-preview:large","max-video-preview":"max-video-preview:-1"},"canonical":"https:\/\/www.mexicanguitarplayers.com\/en\/tienda\/sin categor\u00eda\/bafle-prosound-mod-ps-12dsp\/","og_locale":"en_US","og_type":"article","og_title":"BAFLE PROSOUND MOD. PS-12DSP - Mexican Guitar Players","og_description":"Bafle amplificado Prosound de 12\u201d pulgadas, driver de 1.75\u201d pulgadas, los dos componentes Ferrita. Amplificador clase D de 1000W pico, 500W RMS. Presion sonora m\u00e1xima @1m 125dBSPL. Pantalla LCD, 4 presets desarrollados por la marca, NORMAL, LIVE, SPEECH, CLUB. Ecualizador de 4 bandas (AGUDAS, MEDIAS, GRAVES). Cortes para Xover (80Hz, 100Hz, 120HZ). Respuesta de frecuncia -10dB (50HZ-20kHz) Conexi\u00f3n Bluetooth Mono y tambi\u00e9n cuenta con la tecnolog\u00eda TWS True Wireless Stereo para conectarse a otra bocina inal\u00e1mbricamente (solo se puede enlazar m\u00e1ximo 2 bocinas). Dispersi\u00f3n de la bocina: 90 x 60. Material con \u00e9l se elabora el gabinete: Polipropileno.","og_url":"https:\/\/www.mexicanguitarplayers.com\/en\/tienda\/sin categor\u00eda\/bafle-prosound-mod-ps-12dsp\/","og_site_name":"Mexican Guitar Players","article_modified_time":"2026-04-15T10:15:21+00:00","twitter_card":"summary_large_image","twitter_misc":{"Est. reading time":"2 minutes"},"schema":{"@context":"https:\/\/schema.org","@graph":[{"@type":["WebPage","ItemPage"],"@id":"https:\/\/www.mexicanguitarplayers.com\/tienda\/sin categor\u00eda\/bafle-prosound-mod-ps-12dsp\/","url":"https:\/\/www.mexicanguitarplayers.com\/tienda\/sin categor\u00eda\/bafle-prosound-mod-ps-12dsp\/","name":"BAFLE PROSOUND MOD. PS-12DSP - Mexican Guitar Players","isPartOf":{"@id":"https:\/\/www.mexicanguitarplayers.com\/#website"},"primaryImageOfPage":{"@id":"https:\/\/www.mexicanguitarplayers.com\/tienda\/sin categor\u00eda\/bafle-prosound-mod-ps-12dsp\/#primaryimage"},"image":{"@id":"https:\/\/www.mexicanguitarplayers.com\/tienda\/sin categor\u00eda\/bafle-prosound-mod-ps-12dsp\/#primaryimage"},"thumbnailUrl":"https:\/\/www.mexicanguitarplayers.com\/wp-content\/uploads\/2025\/04\/IAPRSPS12DSP-1.png","datePublished":"2025-04-09T21:30:33+00:00","dateModified":"2026-04-15T10:15:21+00:00","description":"Bafle amplificado Prosound de 12\u201d pulgadas, driver de 1.75\u201d pulgadas, los dos componentes Ferrita. Amplificador clase D de 1000W pico, 500W RMS. Presion sonora m\u00e1xima @1m 125dBSPL. Pantalla LCD, 4 presets desarrollados por la marca, NORMAL, LIVE, SPEECH, CLUB. Ecualizador de 4 bandas (AGUDAS, MEDIAS, GRAVES). Cortes para Xover (80Hz, 100Hz, 120HZ). Respuesta de frecuncia -10dB (50HZ-20kHz) Conexi\u00f3n Bluetooth Mono y tambi\u00e9n cuenta con la tecnolog\u00eda TWS True Wireless Stereo para conectarse a otra bocina inal\u00e1mbricamente (solo se puede enlazar m\u00e1ximo 2 bocinas). Dispersi\u00f3n de la bocina: 90 x 60. Material con \u00e9l se elabora el gabinete: Polipropileno.","breadcrumb":{"@id":"https:\/\/www.mexicanguitarplayers.com\/tienda\/sin categor\u00eda\/bafle-prosound-mod-ps-12dsp\/#breadcrumb"},"inLanguage":"en-US","potentialAction":[{"@type":"ReadAction","target":["https:\/\/www.mexicanguitarplayers.com\/tienda\/sin categor\u00eda\/bafle-prosound-mod-ps-12dsp\/"]}]},{"@type":"ImageObject","inLanguage":"en-US","@id":"https:\/\/www.mexicanguitarplayers.com\/tienda\/sin categor\u00eda\/bafle-prosound-mod-ps-12dsp\/#primaryimage","url":"https:\/\/www.mexicanguitarplayers.com\/wp-content\/uploads\/2025\/04\/IAPRSPS12DSP-1.png","contentUrl":"https:\/\/www.mexicanguitarplayers.com\/wp-content\/uploads\/2025\/04\/IAPRSPS12DSP-1.png","width":800,"height":1422},{"@type":"BreadcrumbList","@id":"https:\/\/www.mexicanguitarplayers.com\/tienda\/sin categor\u00eda\/bafle-prosound-mod-ps-12dsp\/#breadcrumb","itemListElement":[{"@type":"ListItem","position":1,"name":"Portada","item":"https:\/\/www.mexicanguitarplayers.com\/"},{"@type":"ListItem","position":2,"name":"Tienda","item":"https:\/\/www.mexicanguitarplayers.com\/tienda\/"},{"@type":"ListItem","position":3,"name":"BAFLE PROSOUND MOD. PS-12DSP"}]},{"@type":"WebSite","@id":"https:\/\/www.mexicanguitarplayers.com\/#website","url":"https:\/\/www.mexicanguitarplayers.com\/","name":"Mexican Guitar Players","description":"Website","publisher":{"@id":"https:\/\/www.mexicanguitarplayers.com\/#organization"},"potentialAction":[{"@type":"SearchAction","target":{"@type":"EntryPoint","urlTemplate":"https:\/\/www.mexicanguitarplayers.com\/?s={search_term_string}"},"query-input":{"@type":"PropertyValueSpecification","valueRequired":true,"valueName":"search_term_string"}}],"inLanguage":"en-US"},{"@type":"Organization","@id":"https:\/\/www.mexicanguitarplayers.com\/#organization","name":"Mexican Guitar Players","url":"https:\/\/www.mexicanguitarplayers.com\/","logo":{"@type":"ImageObject","inLanguage":"en-US","@id":"https:\/\/www.mexicanguitarplayers.com\/#\/schema\/logo\/image\/","url":"","contentUrl":"","caption":"Mexican Guitar Players"},"image":{"@id":"https:\/\/www.mexicanguitarplayers.com\/#\/schema\/logo\/image\/"}}]}},"brands":[{"id":542,"name":"PROSOUND","slug":"prosound"}],"_links":{"self":[{"href":"https:\/\/www.mexicanguitarplayers.com\/en\/wp-json\/wp\/v2\/product\/43031","targetHints":{"allow":["GET"]}}],"collection":[{"href":"https:\/\/www.mexicanguitarplayers.com\/en\/wp-json\/wp\/v2\/product"}],"about":[{"href":"https:\/\/www.mexicanguitarplayers.com\/en\/wp-json\/wp\/v2\/types\/product"}],"replies":[{"embeddable":true,"href":"https:\/\/www.mexicanguitarplayers.com\/en\/wp-json\/wp\/v2\/comments?post=43031"}],"wp:featuredmedia":[{"embeddable":true,"href":"https:\/\/www.mexicanguitarplayers.com\/en\/wp-json\/wp\/v2\/media\/43018"}],"wp:attachment":[{"href":"https:\/\/www.mexicanguitarplayers.com\/en\/wp-json\/wp\/v2\/media?parent=43031"}],"wp:term":[{"taxonomy":"pwb-brand","embeddable":true,"href":"https:\/\/www.mexicanguitarplayers.com\/en\/wp-json\/wp\/v2\/pwb-brand?post=43031"},{"taxonomy":"product_brand","embeddable":true,"href":"https:\/\/www.mexicanguitarplayers.com\/en\/wp-json\/wp\/v2\/product_brand?post=43031"},{"taxonomy":"product_cat","embeddable":true,"href":"https:\/\/www.mexicanguitarplayers.com\/en\/wp-json\/wp\/v2\/product_cat?post=43031"},{"taxonomy":"product_tag","embeddable":true,"href":"https:\/\/www.mexicanguitarplayers.com\/en\/wp-json\/wp\/v2\/product_tag?post=43031"}],"curies":[{"name":"wp","href":"https:\/\/api.w.org\/{rel}","templated":true}]}}