{"id":43047,"date":"2025-04-09T15:31:41","date_gmt":"2025-04-09T21:31:41","guid":{"rendered":"https:\/\/www.mexicanguitarplayers.com\/tienda\/sin categor\u00eda\/bafle-electrovoice-mod-zlx-15p-g2\/"},"modified":"2026-03-12T13:14:58","modified_gmt":"2026-03-12T19:14:58","slug":"bafle-electrovoice-mod-zlx-15p-g2","status":"publish","type":"product","link":"https:\/\/www.mexicanguitarplayers.com\/en\/tienda\/audio\/bafles-y-bocinas\/bafles\/bafles-activos\/bafle-electrovoice-mod-zlx-15p-g2\/","title":{"rendered":"BAFLE ELECTROVOICE MOD. ZLX-15P-G2"},"content":{"rendered":"<div style=\"text-align: justify\">\n<div>\n<h3>ZLX-G2 de Electro-Voice: Potencia y Precisi\u00f3n en Cada Nota<\/h3>\n<\/div>\n<div>Dise\u00f1ada para una mayor durabilidad y portabilidad, la serie incluye altavoces autoamplificados con mezclador digital incorporado, efectos, ecualizaci\u00f3n y supresi\u00f3n de retroalimentaci\u00f3n. La conectividad Bluetooth\u00ae permite una configuraci\u00f3n True Wireless Stereo (TWS) y el control remoto de todas las funciones se realiza a trav\u00e9s de la aplicaci\u00f3n Electro-Voice QuickSmart Mobile. Adem\u00e1s, disponen de ajustes preseleccionados espec\u00edficos para optimizaci\u00f3n ac\u00fastica, filtros paso alto adicionales y una variedad de accesorios, como fundas acolchadas y soportes de montaje.<\/div>\n<div>\n<h4>Quick look<\/h4>\n<\/div>\n<ul style=\"margin: 0px 0px 0px 25px\">\n<li style=\"list-style-type: circle;margin: 5px\">Respuesta en frecuencias (-3 dB) (Hz)<\/li>\n<li style=\"list-style-type: circle;margin: 5px\">Intervalo de frecuencias (-10 dB) (Hz)<\/li>\n<li style=\"list-style-type: circle;margin: 5px\">Nivel m\u00e1ximo de presi\u00f3n ac\u00fastica a una distancia de 1\u00a0m (dB) <\/li>\n<li style=\"list-style-type: circle;margin: 5px\">\u00c1ngulo de cobertura HxV (\u00b0)<\/li>\n<li style=\"list-style-type: circle;margin: 5px\">Frecuencia de cruce (kHz)<\/li>\n<li style=\"list-style-type: circle;margin: 5px\">Potencia (W)<\/li>\n<li style=\"list-style-type: circle;margin: 5px\">Consumo de potencia (V, Hz)<\/li>\n<li style=\"list-style-type: circle;margin: 5px\">Transductor de bajas frecuencias<\/li>\n<li style=\"list-style-type: circle;margin: 5px\">Tama\u00f1o de transductor LF (pulgadas)<\/li>\n<li style=\"list-style-type: circle;margin: 5px\">Material magn\u00e9tico de transductor de baja frecuencia<\/li>\n<li style=\"list-style-type: circle;margin: 5px\">Transductor de altas frecuencias<\/li>\n<li style=\"list-style-type: circle;margin: 5px\">Tipo de transductor de altas frecuencias<\/li>\n<li style=\"list-style-type: circle;margin: 5px\">Tama\u00f1o de transductor HF (in)<\/li>\n<li style=\"list-style-type: circle;margin: 5px\">Material magn\u00e9tico de transductor HF<\/li>\n<li style=\"list-style-type: circle;margin: 5px\">Material del diafragma del transductor de altas frecuencias<\/li>\n<li style=\"list-style-type: circle;margin: 5px\">Tipo de conector<\/li>\n<li style=\"list-style-type: circle;margin: 5px\">Material<\/li>\n<li style=\"list-style-type: circle;margin: 5px\">Material de la rejilla<\/li>\n<li style=\"list-style-type: circle;margin: 5px\">Peso (kg)<\/li>\n<li style=\"list-style-type: circle;margin: 5px\">Peso de env\u00edo (kg)<\/li>\n<\/ul>\n<div>\n<div style=\"font-weight: bold\">Respuesta en frecuencias (-3 dB) (Hz)<\/div>\n<div>\n<p>48 Hz \u2013 18,000 Hz<\/p>\n<\/div>\n<div style=\"font-weight: bold\">Intervalo de frecuencias (-10 dB) (Hz)<\/div>\n<div>\n<p>42 Hz \u2013 20,000 Hz<\/p>\n<\/div>\n<div style=\"font-weight: bold\">Nivel m\u00e1ximo de presi\u00f3n ac\u00fastica a una distancia de 1\u00a0m (dB) <\/div>\n<div>\n<p>129 dB<\/p>\n<\/div>\n<div style=\"font-weight: bold\">\u00c1ngulo de cobertura HxV (\u00b0)<\/div>\n<div>\n<p>90\u00b0 x 60\u00b0<\/p>\n<\/div>\n<div style=\"font-weight: bold\">Frecuencia de cruce (kHz)<\/div>\n<div>\n<p>1.40 kHz<\/p>\n<\/div>\n<div style=\"font-weight: bold\">Potencia (W)<\/div>\n<div>\n<p>1000\u00a0W<\/p>\n<\/div>\n<div style=\"font-weight: bold\">Consumo de potencia (V, Hz)<\/div>\n<div>\n<p>100 &#8211; 240\u00a0V~, 50 &#8211; 60\u00a0Hz<\/p>\n<\/div>\n<div style=\"font-weight: bold\">Transductor de bajas frecuencias<\/div>\n<div>\n<p>WECA2158<\/p>\n<\/div>\n<div style=\"font-weight: bold\">Tama\u00f1o de transductor LF (pulgadas)<\/div>\n<div>\n<p>15 in<\/p>\n<\/div>\n<div style=\"font-weight: bold\">Material magn\u00e9tico de transductor de baja frecuencia<\/div>\n<div>\n<p>Ferrita<\/p>\n<\/div>\n<div style=\"font-weight: bold\">Transductor de altas frecuencias<\/div>\n<div>\n<p>DECA2516<\/p>\n<\/div>\n<div style=\"font-weight: bold\">Tipo de transductor de altas frecuencias<\/div>\n<div>\n<p>Motor de compresi\u00f3n<\/p>\n<\/div>\n<div style=\"font-weight: bold\">Tama\u00f1o de transductor HF (in)<\/div>\n<div>\n<p>1.40 in<\/p>\n<\/div>\n<div style=\"font-weight: bold\">Material magn\u00e9tico de transductor HF<\/div>\n<div>\n<p>Ferrita<\/p>\n<\/div>\n<div style=\"font-weight: bold\">Material del diafragma del transductor de altas frecuencias<\/div>\n<div>\n<p>Titanio<\/p>\n<\/div>\n<div style=\"font-weight: bold\">Tipo de conector<\/div>\n<div>\n<p>(2) combinados XLR\/TRS, (1) TS HiZ de \u00bc de pulgada<\/p>\n<\/div>\n<div style=\"font-weight: bold\">Material<\/div>\n<div>\n<p>Polipropileno<\/p>\n<\/div>\n<div style=\"font-weight: bold\">Material de la rejilla<\/div>\n<div>\n<p>Acero recubierto con pintura en polvo<\/p>\n<\/div>\n<div style=\"font-weight: bold\">Peso (kg)<\/div>\n<div>\n<p>16.78 kg<\/p>\n<\/div>\n<div style=\"font-weight: bold\">Peso de env\u00edo (kg)<\/div>\n<div>\n<p>19.64 kg<\/p>\n<\/div>\n<\/div>\n<\/div>","protected":false},"excerpt":{"rendered":"<p>La serie ZLX-G2 de altavoces profesionales de Electro-Voice lleva la calidad y funcionalidad a un nuevo nivel. Con su tama\u00f1os de woofer 15 pulgadas, ofrece versiones activas y pasivas con un rango de frecuencia extendido y una cobertura uniforme gracias a la tecnolog\u00eda de transductores sincronizados de se\u00f1al (SST).&hellip; <a class=\"kt-excerpt-readmore more-link\" href=\"https:\/\/www.mexicanguitarplayers.com\/en\/tienda\/audio\/bafles-y-bocinas\/bafles\/bafles-activos\/bafle-electrovoice-mod-zlx-15p-g2\/\">Read more<\/a><\/p>","protected":false},"featured_media":43042,"comment_status":"open","ping_status":"closed","template":"","meta":{"kt_blocks_editor_width":""},"pwb-brand":[535],"product_brand":[],"product_cat":[213,222,472,221],"product_tag":[],"class_list":{"0":"post-43047","1":"product","2":"type-product","3":"status-publish","4":"has-post-thumbnail","6":"pwb-brand-electrovoice","7":"product_cat-audio","8":"product_cat-bafles","9":"product_cat-bafles-activos","10":"product_cat-bafles-y-bocinas","11":"product_shipping_class-15-20-kg","13":"first","14":"instock","15":"taxable","16":"shipping-taxable","17":"purchasable","18":"product-type-simple"},"yoast_head":"<!-- This site is optimized with the Yoast SEO plugin v27.3 - https:\/\/yoast.com\/product\/yoast-seo-wordpress\/ -->\n<title>BAFLE ELECTROVOICE MOD. ZLX-15P-G2 - Mexican Guitar Players<\/title>\n<meta name=\"description\" content=\"La serie ZLX-G2 de altavoces profesionales de Electro-Voice lleva la calidad y funcionalidad a un nuevo nivel. Con su tama\u00f1os de woofer 15 pulgadas, ofrece versiones activas y pasivas con un rango de frecuencia extendido y una cobertura uniforme gracias a la tecnolog\u00eda de transductores sincronizados de se\u00f1al (SST).\" \/>\n<meta name=\"robots\" content=\"index, follow, max-snippet:-1, max-image-preview:large, max-video-preview:-1\" \/>\n<link rel=\"canonical\" href=\"https:\/\/www.mexicanguitarplayers.com\/en\/tienda\/sin%20categor\u00eda\/bafle-electrovoice-mod-zlx-15p-g2\/\" \/>\n<meta property=\"og:locale\" content=\"en_US\" \/>\n<meta property=\"og:type\" content=\"article\" \/>\n<meta property=\"og:title\" content=\"BAFLE ELECTROVOICE MOD. ZLX-15P-G2 - Mexican Guitar Players\" \/>\n<meta property=\"og:description\" content=\"La serie ZLX-G2 de altavoces profesionales de Electro-Voice lleva la calidad y funcionalidad a un nuevo nivel. Con su tama\u00f1os de woofer 15 pulgadas, ofrece versiones activas y pasivas con un rango de frecuencia extendido y una cobertura uniforme gracias a la tecnolog\u00eda de transductores sincronizados de se\u00f1al (SST).\" \/>\n<meta property=\"og:url\" content=\"https:\/\/www.mexicanguitarplayers.com\/en\/tienda\/sin categor\u00eda\/bafle-electrovoice-mod-zlx-15p-g2\/\" \/>\n<meta property=\"og:site_name\" content=\"Mexican Guitar Players\" \/>\n<meta property=\"article:modified_time\" content=\"2026-03-12T19:14:58+00:00\" \/>\n<meta name=\"twitter:card\" content=\"summary_large_image\" \/>\n<meta name=\"twitter:label1\" content=\"Est. reading time\" \/>\n\t<meta name=\"twitter:data1\" content=\"2 minutes\" \/>\n<script type=\"application\/ld+json\" class=\"yoast-schema-graph\">{\"@context\":\"https:\\\/\\\/schema.org\",\"@graph\":[{\"@type\":[\"WebPage\",\"ItemPage\"],\"@id\":\"https:\\\/\\\/www.mexicanguitarplayers.com\\\/tienda\\\/sin categor\u00eda\\\/bafle-electrovoice-mod-zlx-15p-g2\\\/\",\"url\":\"https:\\\/\\\/www.mexicanguitarplayers.com\\\/tienda\\\/sin categor\u00eda\\\/bafle-electrovoice-mod-zlx-15p-g2\\\/\",\"name\":\"BAFLE ELECTROVOICE MOD. ZLX-15P-G2 - Mexican Guitar Players\",\"isPartOf\":{\"@id\":\"https:\\\/\\\/www.mexicanguitarplayers.com\\\/#website\"},\"primaryImageOfPage\":{\"@id\":\"https:\\\/\\\/www.mexicanguitarplayers.com\\\/tienda\\\/sin categor\u00eda\\\/bafle-electrovoice-mod-zlx-15p-g2\\\/#primaryimage\"},\"image\":{\"@id\":\"https:\\\/\\\/www.mexicanguitarplayers.com\\\/tienda\\\/sin categor\u00eda\\\/bafle-electrovoice-mod-zlx-15p-g2\\\/#primaryimage\"},\"thumbnailUrl\":\"https:\\\/\\\/www.mexicanguitarplayers.com\\\/wp-content\\\/uploads\\\/2025\\\/04\\\/IAEVOZLX15PG2-1.png\",\"datePublished\":\"2025-04-09T21:31:41+00:00\",\"dateModified\":\"2026-03-12T19:14:58+00:00\",\"description\":\"La serie ZLX-G2 de altavoces profesionales de Electro-Voice lleva la calidad y funcionalidad a un nuevo nivel. Con su tama\u00f1os de woofer 15 pulgadas, ofrece versiones activas y pasivas con un rango de frecuencia extendido y una cobertura uniforme gracias a la tecnolog\u00eda de transductores sincronizados de se\u00f1al (SST).\",\"breadcrumb\":{\"@id\":\"https:\\\/\\\/www.mexicanguitarplayers.com\\\/tienda\\\/sin categor\u00eda\\\/bafle-electrovoice-mod-zlx-15p-g2\\\/#breadcrumb\"},\"inLanguage\":\"en-US\",\"potentialAction\":[{\"@type\":\"ReadAction\",\"target\":[\"https:\\\/\\\/www.mexicanguitarplayers.com\\\/tienda\\\/sin categor\u00eda\\\/bafle-electrovoice-mod-zlx-15p-g2\\\/\"]}]},{\"@type\":\"ImageObject\",\"inLanguage\":\"en-US\",\"@id\":\"https:\\\/\\\/www.mexicanguitarplayers.com\\\/tienda\\\/sin categor\u00eda\\\/bafle-electrovoice-mod-zlx-15p-g2\\\/#primaryimage\",\"url\":\"https:\\\/\\\/www.mexicanguitarplayers.com\\\/wp-content\\\/uploads\\\/2025\\\/04\\\/IAEVOZLX15PG2-1.png\",\"contentUrl\":\"https:\\\/\\\/www.mexicanguitarplayers.com\\\/wp-content\\\/uploads\\\/2025\\\/04\\\/IAEVOZLX15PG2-1.png\",\"width\":800,\"height\":1600},{\"@type\":\"BreadcrumbList\",\"@id\":\"https:\\\/\\\/www.mexicanguitarplayers.com\\\/tienda\\\/sin categor\u00eda\\\/bafle-electrovoice-mod-zlx-15p-g2\\\/#breadcrumb\",\"itemListElement\":[{\"@type\":\"ListItem\",\"position\":1,\"name\":\"Portada\",\"item\":\"https:\\\/\\\/www.mexicanguitarplayers.com\\\/\"},{\"@type\":\"ListItem\",\"position\":2,\"name\":\"Tienda\",\"item\":\"https:\\\/\\\/www.mexicanguitarplayers.com\\\/tienda\\\/\"},{\"@type\":\"ListItem\",\"position\":3,\"name\":\"BAFLE ELECTROVOICE MOD. ZLX-15P-G2\"}]},{\"@type\":\"WebSite\",\"@id\":\"https:\\\/\\\/www.mexicanguitarplayers.com\\\/#website\",\"url\":\"https:\\\/\\\/www.mexicanguitarplayers.com\\\/\",\"name\":\"Mexican Guitar Players\",\"description\":\"Website\",\"publisher\":{\"@id\":\"https:\\\/\\\/www.mexicanguitarplayers.com\\\/#organization\"},\"potentialAction\":[{\"@type\":\"SearchAction\",\"target\":{\"@type\":\"EntryPoint\",\"urlTemplate\":\"https:\\\/\\\/www.mexicanguitarplayers.com\\\/?s={search_term_string}\"},\"query-input\":{\"@type\":\"PropertyValueSpecification\",\"valueRequired\":true,\"valueName\":\"search_term_string\"}}],\"inLanguage\":\"en-US\"},{\"@type\":\"Organization\",\"@id\":\"https:\\\/\\\/www.mexicanguitarplayers.com\\\/#organization\",\"name\":\"Mexican Guitar Players\",\"url\":\"https:\\\/\\\/www.mexicanguitarplayers.com\\\/\",\"logo\":{\"@type\":\"ImageObject\",\"inLanguage\":\"en-US\",\"@id\":\"https:\\\/\\\/www.mexicanguitarplayers.com\\\/#\\\/schema\\\/logo\\\/image\\\/\",\"url\":\"\",\"contentUrl\":\"\",\"caption\":\"Mexican Guitar Players\"},\"image\":{\"@id\":\"https:\\\/\\\/www.mexicanguitarplayers.com\\\/#\\\/schema\\\/logo\\\/image\\\/\"}}]}<\/script>\n<!-- \/ Yoast SEO plugin. -->","yoast_head_json":{"title":"BAFLE ELECTROVOICE MOD. ZLX-15P-G2 - Mexican Guitar Players","description":"La serie ZLX-G2 de altavoces profesionales de Electro-Voice lleva la calidad y funcionalidad a un nuevo nivel. Con su tama\u00f1os de woofer 15 pulgadas, ofrece versiones activas y pasivas con un rango de frecuencia extendido y una cobertura uniforme gracias a la tecnolog\u00eda de transductores sincronizados de se\u00f1al (SST).","robots":{"index":"index","follow":"follow","max-snippet":"max-snippet:-1","max-image-preview":"max-image-preview:large","max-video-preview":"max-video-preview:-1"},"canonical":"https:\/\/www.mexicanguitarplayers.com\/en\/tienda\/sin categor\u00eda\/bafle-electrovoice-mod-zlx-15p-g2\/","og_locale":"en_US","og_type":"article","og_title":"BAFLE ELECTROVOICE MOD. ZLX-15P-G2 - Mexican Guitar Players","og_description":"La serie ZLX-G2 de altavoces profesionales de Electro-Voice lleva la calidad y funcionalidad a un nuevo nivel. Con su tama\u00f1os de woofer 15 pulgadas, ofrece versiones activas y pasivas con un rango de frecuencia extendido y una cobertura uniforme gracias a la tecnolog\u00eda de transductores sincronizados de se\u00f1al (SST).","og_url":"https:\/\/www.mexicanguitarplayers.com\/en\/tienda\/sin categor\u00eda\/bafle-electrovoice-mod-zlx-15p-g2\/","og_site_name":"Mexican Guitar Players","article_modified_time":"2026-03-12T19:14:58+00:00","twitter_card":"summary_large_image","twitter_misc":{"Est. reading time":"2 minutes"},"schema":{"@context":"https:\/\/schema.org","@graph":[{"@type":["WebPage","ItemPage"],"@id":"https:\/\/www.mexicanguitarplayers.com\/tienda\/sin categor\u00eda\/bafle-electrovoice-mod-zlx-15p-g2\/","url":"https:\/\/www.mexicanguitarplayers.com\/tienda\/sin categor\u00eda\/bafle-electrovoice-mod-zlx-15p-g2\/","name":"BAFLE ELECTROVOICE MOD. ZLX-15P-G2 - Mexican Guitar Players","isPartOf":{"@id":"https:\/\/www.mexicanguitarplayers.com\/#website"},"primaryImageOfPage":{"@id":"https:\/\/www.mexicanguitarplayers.com\/tienda\/sin categor\u00eda\/bafle-electrovoice-mod-zlx-15p-g2\/#primaryimage"},"image":{"@id":"https:\/\/www.mexicanguitarplayers.com\/tienda\/sin categor\u00eda\/bafle-electrovoice-mod-zlx-15p-g2\/#primaryimage"},"thumbnailUrl":"https:\/\/www.mexicanguitarplayers.com\/wp-content\/uploads\/2025\/04\/IAEVOZLX15PG2-1.png","datePublished":"2025-04-09T21:31:41+00:00","dateModified":"2026-03-12T19:14:58+00:00","description":"La serie ZLX-G2 de altavoces profesionales de Electro-Voice lleva la calidad y funcionalidad a un nuevo nivel. Con su tama\u00f1os de woofer 15 pulgadas, ofrece versiones activas y pasivas con un rango de frecuencia extendido y una cobertura uniforme gracias a la tecnolog\u00eda de transductores sincronizados de se\u00f1al (SST).","breadcrumb":{"@id":"https:\/\/www.mexicanguitarplayers.com\/tienda\/sin categor\u00eda\/bafle-electrovoice-mod-zlx-15p-g2\/#breadcrumb"},"inLanguage":"en-US","potentialAction":[{"@type":"ReadAction","target":["https:\/\/www.mexicanguitarplayers.com\/tienda\/sin categor\u00eda\/bafle-electrovoice-mod-zlx-15p-g2\/"]}]},{"@type":"ImageObject","inLanguage":"en-US","@id":"https:\/\/www.mexicanguitarplayers.com\/tienda\/sin categor\u00eda\/bafle-electrovoice-mod-zlx-15p-g2\/#primaryimage","url":"https:\/\/www.mexicanguitarplayers.com\/wp-content\/uploads\/2025\/04\/IAEVOZLX15PG2-1.png","contentUrl":"https:\/\/www.mexicanguitarplayers.com\/wp-content\/uploads\/2025\/04\/IAEVOZLX15PG2-1.png","width":800,"height":1600},{"@type":"BreadcrumbList","@id":"https:\/\/www.mexicanguitarplayers.com\/tienda\/sin categor\u00eda\/bafle-electrovoice-mod-zlx-15p-g2\/#breadcrumb","itemListElement":[{"@type":"ListItem","position":1,"name":"Portada","item":"https:\/\/www.mexicanguitarplayers.com\/"},{"@type":"ListItem","position":2,"name":"Tienda","item":"https:\/\/www.mexicanguitarplayers.com\/tienda\/"},{"@type":"ListItem","position":3,"name":"BAFLE ELECTROVOICE MOD. ZLX-15P-G2"}]},{"@type":"WebSite","@id":"https:\/\/www.mexicanguitarplayers.com\/#website","url":"https:\/\/www.mexicanguitarplayers.com\/","name":"Mexican Guitar Players","description":"Website","publisher":{"@id":"https:\/\/www.mexicanguitarplayers.com\/#organization"},"potentialAction":[{"@type":"SearchAction","target":{"@type":"EntryPoint","urlTemplate":"https:\/\/www.mexicanguitarplayers.com\/?s={search_term_string}"},"query-input":{"@type":"PropertyValueSpecification","valueRequired":true,"valueName":"search_term_string"}}],"inLanguage":"en-US"},{"@type":"Organization","@id":"https:\/\/www.mexicanguitarplayers.com\/#organization","name":"Mexican Guitar Players","url":"https:\/\/www.mexicanguitarplayers.com\/","logo":{"@type":"ImageObject","inLanguage":"en-US","@id":"https:\/\/www.mexicanguitarplayers.com\/#\/schema\/logo\/image\/","url":"","contentUrl":"","caption":"Mexican Guitar Players"},"image":{"@id":"https:\/\/www.mexicanguitarplayers.com\/#\/schema\/logo\/image\/"}}]}},"brands":[{"id":535,"name":"ELECTROVOICE","slug":"electrovoice"}],"_links":{"self":[{"href":"https:\/\/www.mexicanguitarplayers.com\/en\/wp-json\/wp\/v2\/product\/43047","targetHints":{"allow":["GET"]}}],"collection":[{"href":"https:\/\/www.mexicanguitarplayers.com\/en\/wp-json\/wp\/v2\/product"}],"about":[{"href":"https:\/\/www.mexicanguitarplayers.com\/en\/wp-json\/wp\/v2\/types\/product"}],"replies":[{"embeddable":true,"href":"https:\/\/www.mexicanguitarplayers.com\/en\/wp-json\/wp\/v2\/comments?post=43047"}],"wp:featuredmedia":[{"embeddable":true,"href":"https:\/\/www.mexicanguitarplayers.com\/en\/wp-json\/wp\/v2\/media\/43042"}],"wp:attachment":[{"href":"https:\/\/www.mexicanguitarplayers.com\/en\/wp-json\/wp\/v2\/media?parent=43047"}],"wp:term":[{"taxonomy":"pwb-brand","embeddable":true,"href":"https:\/\/www.mexicanguitarplayers.com\/en\/wp-json\/wp\/v2\/pwb-brand?post=43047"},{"taxonomy":"product_brand","embeddable":true,"href":"https:\/\/www.mexicanguitarplayers.com\/en\/wp-json\/wp\/v2\/product_brand?post=43047"},{"taxonomy":"product_cat","embeddable":true,"href":"https:\/\/www.mexicanguitarplayers.com\/en\/wp-json\/wp\/v2\/product_cat?post=43047"},{"taxonomy":"product_tag","embeddable":true,"href":"https:\/\/www.mexicanguitarplayers.com\/en\/wp-json\/wp\/v2\/product_tag?post=43047"}],"curies":[{"name":"wp","href":"https:\/\/api.w.org\/{rel}","templated":true}]}}