{"id":43054,"date":"2025-04-09T15:32:02","date_gmt":"2025-04-09T21:32:02","guid":{"rendered":"https:\/\/www.mexicanguitarplayers.com\/tienda\/sin categor\u00eda\/conga-meinl-11-3-4-mod-s1134pbk\/"},"modified":"2026-05-01T07:15:33","modified_gmt":"2026-05-01T13:15:33","slug":"conga-meinl-11-3-4-mod-s1134pbk","status":"publish","type":"product","link":"https:\/\/www.mexicanguitarplayers.com\/en\/tienda\/accesorios\/para-percusion\/parches-para-percusion\/congas-parches-para-percusion\/conga-meinl-11-3-4-mod-s1134pbk\/","title":{"rendered":"CONGA MEINL 11 3\/4   MOD.  S1134PBK"},"content":{"rendered":"<div style=\"text-align: justify\">\n<div>\n<h3>Conga Meinl 11 3\/4&#8221; \u2013 Sonido c\u00e1lido y proyecci\u00f3n profesional en Phantom Black<\/h3>\n<\/div>\n<div>La Meinl Percussion Spectrum Series Conga 11 3\/4&#8221; es una conga dise\u00f1ada para m\u00fasicos que buscan calidad profesional en cualquier situaci\u00f3n, desde el estudio hasta el escenario o una jam session. Construida con tres capas de roble Siam, garantiza una resistencia superior y un sonido c\u00e1lido y resonante que se adapta a una gran variedad de estilos musicales. Su parche de b\u00fafalo natural True Skin proporciona un tono rico y definido, mientras que los aros SSR redondeados de 4 mm aseguran comodidad durante la interpretaci\u00f3n. Las clavijas de afinaci\u00f3n de 10 mm permiten un ajuste preciso y estable, incluso en sesiones prolongadas. El elegante acabado Phantom Black de alto brillo no solo le da un toque moderno y sofisticado, sino que tambi\u00e9n resalta en cualquier entorno. La conga viene equipada con todo lo necesario para su uso inmediato, incluyendo un soporte Steely II, protector de conga, mango, soundpads, una llave de afinaci\u00f3n en L, aceite de mantenimiento y una bolsa de accesorios. Robusta, elegante y con un sonido excepcional, esta conga est\u00e1 lista para acompa\u00f1arte en cualquier escenario.<\/div>\n<div>\n<h4>Quick look<\/h4>\n<\/div>\n<ul style=\"margin: 0px 0px 0px 25px\">\n<li style=\"list-style-type: circle;margin: 5px\">Di\u00e1metro<\/li>\n<li style=\"list-style-type: circle;margin: 5px\">Height<\/li>\n<li style=\"list-style-type: circle;margin: 5px\">Acabado<\/li>\n<li style=\"list-style-type: circle;margin: 5px\">Material<\/li>\n<li style=\"list-style-type: circle;margin: 5px\">Head<\/li>\n<li style=\"list-style-type: circle;margin: 5px\">Incluye<\/li>\n<\/ul>\n<div>\n<div style=\"font-weight: bold\">Di\u00e1metro<\/div>\n<div>\n<p>11 3\/4<\/p>\n<\/div>\n<div style=\"font-weight: bold\">Height<\/div>\n<div>\n<p>30&#8221;<\/p>\n<\/div>\n<div style=\"font-weight: bold\">Acabado<\/div>\n<div>\n<p>Alto brillo<\/p>\n<\/div>\n<div style=\"font-weight: bold\">Material<\/div>\n<div>\n<p>Roble Siam de tres capas<\/p>\n<\/div>\n<div style=\"font-weight: bold\">Head<\/div>\n<div>\n<p>Cabezal de b\u00fafalo True Skin<\/p>\n<\/div>\n<div style=\"font-weight: bold\">Incluye<\/div>\n<div>\n<p>Soporte de conga Steely II Meinl Protector de Conga Meinl Mango de conga Meinl Almohadillas de sonido Bolsa de accesorios Llave de afinaci\u00f3n en forma de L Aceite de afinaci\u00f3n<\/p>\n<\/div>\n<\/div>\n<\/div>","protected":false},"excerpt":{"rendered":"<p>La Meinl Spectrum Series Conga 11 3\/4&#8221; es ideal para m\u00fasicos profesionales y aficionados. Fabricada en roble Siam de tres capas, ofrece un tono c\u00e1lido y resonante, con parche de b\u00fafalo True Skin para un sonido aut\u00e9ntico. Incorpora aros SSR de 4 mm y clavijas de afinaci\u00f3n de 10 mm para comodidad y estabilidad. Su acabado Phantom Black de alto brillo la hace destacar en cualquier escenario. Incluye soporte Steely II, protector, mango, pads, llave de afinaci\u00f3n y aceite.&hellip; <a class=\"kt-excerpt-readmore more-link\" href=\"https:\/\/www.mexicanguitarplayers.com\/en\/tienda\/accesorios\/para-percusion\/parches-para-percusion\/congas-parches-para-percusion\/conga-meinl-11-3-4-mod-s1134pbk\/\">Read more<\/a><\/p>","protected":false},"featured_media":43048,"comment_status":"open","ping_status":"closed","template":"","meta":{"kt_blocks_editor_width":""},"pwb-brand":[290],"product_brand":[],"product_cat":[438,208,267],"product_tag":[],"class_list":{"0":"post-43054","1":"product","2":"type-product","3":"status-publish","4":"has-post-thumbnail","6":"pwb-brand-meinl","7":"product_cat-congas-parches-para-percusion","8":"product_cat-percusiones","9":"product_cat-percusiones-mayores","10":"product_shipping_class-15-20-kg","12":"first","13":"instock","14":"taxable","15":"shipping-taxable","16":"purchasable","17":"product-type-simple"},"yoast_head":"<!-- This site is optimized with the Yoast SEO plugin v27.6 - https:\/\/yoast.com\/product\/yoast-seo-wordpress\/ -->\n<title>CONGA MEINL 11 3\/4  MOD. S1134PBK - Mexican Guitar Players<\/title>\n<meta name=\"description\" content=\"La Meinl Spectrum Series Conga 11 3\/4&#039;&#039; es ideal para m\u00fasicos profesionales y aficionados. Fabricada en roble Siam de tres capas, ofrece un tono c\u00e1lido y resonante, con parche de b\u00fafalo True Skin para un sonido aut\u00e9ntico. Incorpora aros SSR de 4 mm y clavijas de afinaci\u00f3n de 10 mm para comodidad y estabilidad. Su acabado Phantom Black de alto brillo la hace destacar en cualquier escenario. Incluye soporte Steely II, protector, mango, pads, llave de afinaci\u00f3n y aceite.\" \/>\n<meta name=\"robots\" content=\"index, follow, max-snippet:-1, max-image-preview:large, max-video-preview:-1\" \/>\n<link rel=\"canonical\" href=\"https:\/\/www.mexicanguitarplayers.com\/en\/tienda\/sin%20categor\u00eda\/conga-meinl-11-3-4-mod-s1134pbk\/\" \/>\n<meta property=\"og:locale\" content=\"en_US\" \/>\n<meta property=\"og:type\" content=\"article\" \/>\n<meta property=\"og:title\" content=\"CONGA MEINL 11 3\/4  MOD. S1134PBK - Mexican Guitar Players\" \/>\n<meta property=\"og:description\" content=\"La Meinl Spectrum Series Conga 11 3\/4&#039;&#039; es ideal para m\u00fasicos profesionales y aficionados. Fabricada en roble Siam de tres capas, ofrece un tono c\u00e1lido y resonante, con parche de b\u00fafalo True Skin para un sonido aut\u00e9ntico. Incorpora aros SSR de 4 mm y clavijas de afinaci\u00f3n de 10 mm para comodidad y estabilidad. Su acabado Phantom Black de alto brillo la hace destacar en cualquier escenario. Incluye soporte Steely II, protector, mango, pads, llave de afinaci\u00f3n y aceite.\" \/>\n<meta property=\"og:url\" content=\"https:\/\/www.mexicanguitarplayers.com\/en\/tienda\/sin categor\u00eda\/conga-meinl-11-3-4-mod-s1134pbk\/\" \/>\n<meta property=\"og:site_name\" content=\"Mexican Guitar Players\" \/>\n<meta property=\"article:modified_time\" content=\"2026-05-01T13:15:33+00:00\" \/>\n<meta name=\"twitter:card\" content=\"summary_large_image\" \/>\n<meta name=\"twitter:label1\" content=\"Est. reading time\" \/>\n\t<meta name=\"twitter:data1\" content=\"1 minute\" \/>\n<script type=\"application\/ld+json\" class=\"yoast-schema-graph\">{\"@context\":\"https:\\\/\\\/schema.org\",\"@graph\":[{\"@type\":[\"WebPage\",\"ItemPage\"],\"@id\":\"https:\\\/\\\/www.mexicanguitarplayers.com\\\/tienda\\\/sin categor\u00eda\\\/conga-meinl-11-3-4-mod-s1134pbk\\\/\",\"url\":\"https:\\\/\\\/www.mexicanguitarplayers.com\\\/tienda\\\/sin categor\u00eda\\\/conga-meinl-11-3-4-mod-s1134pbk\\\/\",\"name\":\"CONGA MEINL 11 3\\\/4 MOD. S1134PBK - Mexican Guitar Players\",\"isPartOf\":{\"@id\":\"https:\\\/\\\/www.mexicanguitarplayers.com\\\/#website\"},\"primaryImageOfPage\":{\"@id\":\"https:\\\/\\\/www.mexicanguitarplayers.com\\\/tienda\\\/sin categor\u00eda\\\/conga-meinl-11-3-4-mod-s1134pbk\\\/#primaryimage\"},\"image\":{\"@id\":\"https:\\\/\\\/www.mexicanguitarplayers.com\\\/tienda\\\/sin categor\u00eda\\\/conga-meinl-11-3-4-mod-s1134pbk\\\/#primaryimage\"},\"thumbnailUrl\":\"https:\\\/\\\/www.mexicanguitarplayers.com\\\/wp-content\\\/uploads\\\/2025\\\/04\\\/IPMEIS1134PBK.png\",\"datePublished\":\"2025-04-09T21:32:02+00:00\",\"dateModified\":\"2026-05-01T13:15:33+00:00\",\"description\":\"La Meinl Spectrum Series Conga 11 3\\\/4'' es ideal para m\u00fasicos profesionales y aficionados. Fabricada en roble Siam de tres capas, ofrece un tono c\u00e1lido y resonante, con parche de b\u00fafalo True Skin para un sonido aut\u00e9ntico. Incorpora aros SSR de 4 mm y clavijas de afinaci\u00f3n de 10 mm para comodidad y estabilidad. Su acabado Phantom Black de alto brillo la hace destacar en cualquier escenario. Incluye soporte Steely II, protector, mango, pads, llave de afinaci\u00f3n y aceite.\",\"breadcrumb\":{\"@id\":\"https:\\\/\\\/www.mexicanguitarplayers.com\\\/tienda\\\/sin categor\u00eda\\\/conga-meinl-11-3-4-mod-s1134pbk\\\/#breadcrumb\"},\"inLanguage\":\"en-US\",\"potentialAction\":[{\"@type\":\"ReadAction\",\"target\":[\"https:\\\/\\\/www.mexicanguitarplayers.com\\\/tienda\\\/sin categor\u00eda\\\/conga-meinl-11-3-4-mod-s1134pbk\\\/\"]}]},{\"@type\":\"ImageObject\",\"inLanguage\":\"en-US\",\"@id\":\"https:\\\/\\\/www.mexicanguitarplayers.com\\\/tienda\\\/sin categor\u00eda\\\/conga-meinl-11-3-4-mod-s1134pbk\\\/#primaryimage\",\"url\":\"https:\\\/\\\/www.mexicanguitarplayers.com\\\/wp-content\\\/uploads\\\/2025\\\/04\\\/IPMEIS1134PBK.png\",\"contentUrl\":\"https:\\\/\\\/www.mexicanguitarplayers.com\\\/wp-content\\\/uploads\\\/2025\\\/04\\\/IPMEIS1134PBK.png\",\"width\":800,\"height\":1600},{\"@type\":\"BreadcrumbList\",\"@id\":\"https:\\\/\\\/www.mexicanguitarplayers.com\\\/tienda\\\/sin categor\u00eda\\\/conga-meinl-11-3-4-mod-s1134pbk\\\/#breadcrumb\",\"itemListElement\":[{\"@type\":\"ListItem\",\"position\":1,\"name\":\"Portada\",\"item\":\"https:\\\/\\\/www.mexicanguitarplayers.com\\\/\"},{\"@type\":\"ListItem\",\"position\":2,\"name\":\"Tienda\",\"item\":\"https:\\\/\\\/www.mexicanguitarplayers.com\\\/tienda\\\/\"},{\"@type\":\"ListItem\",\"position\":3,\"name\":\"CONGA MEINL 11 3\\\/4 MOD. S1134PBK\"}]},{\"@type\":\"WebSite\",\"@id\":\"https:\\\/\\\/www.mexicanguitarplayers.com\\\/#website\",\"url\":\"https:\\\/\\\/www.mexicanguitarplayers.com\\\/\",\"name\":\"Mexican Guitar Players\",\"description\":\"Website\",\"publisher\":{\"@id\":\"https:\\\/\\\/www.mexicanguitarplayers.com\\\/#organization\"},\"potentialAction\":[{\"@type\":\"SearchAction\",\"target\":{\"@type\":\"EntryPoint\",\"urlTemplate\":\"https:\\\/\\\/www.mexicanguitarplayers.com\\\/?s={search_term_string}\"},\"query-input\":{\"@type\":\"PropertyValueSpecification\",\"valueRequired\":true,\"valueName\":\"search_term_string\"}}],\"inLanguage\":\"en-US\"},{\"@type\":\"Organization\",\"@id\":\"https:\\\/\\\/www.mexicanguitarplayers.com\\\/#organization\",\"name\":\"Mexican Guitar Players\",\"url\":\"https:\\\/\\\/www.mexicanguitarplayers.com\\\/\",\"logo\":{\"@type\":\"ImageObject\",\"inLanguage\":\"en-US\",\"@id\":\"https:\\\/\\\/www.mexicanguitarplayers.com\\\/#\\\/schema\\\/logo\\\/image\\\/\",\"url\":\"\",\"contentUrl\":\"\",\"caption\":\"Mexican Guitar Players\"},\"image\":{\"@id\":\"https:\\\/\\\/www.mexicanguitarplayers.com\\\/#\\\/schema\\\/logo\\\/image\\\/\"}}]}<\/script>\n<!-- \/ Yoast SEO plugin. -->","yoast_head_json":{"title":"CONGA MEINL 11 3\/4  MOD. S1134PBK - Mexican Guitar Players","description":"La Meinl Spectrum Series Conga 11 3\/4'' es ideal para m\u00fasicos profesionales y aficionados. Fabricada en roble Siam de tres capas, ofrece un tono c\u00e1lido y resonante, con parche de b\u00fafalo True Skin para un sonido aut\u00e9ntico. Incorpora aros SSR de 4 mm y clavijas de afinaci\u00f3n de 10 mm para comodidad y estabilidad. Su acabado Phantom Black de alto brillo la hace destacar en cualquier escenario. Incluye soporte Steely II, protector, mango, pads, llave de afinaci\u00f3n y aceite.","robots":{"index":"index","follow":"follow","max-snippet":"max-snippet:-1","max-image-preview":"max-image-preview:large","max-video-preview":"max-video-preview:-1"},"canonical":"https:\/\/www.mexicanguitarplayers.com\/en\/tienda\/sin categor\u00eda\/conga-meinl-11-3-4-mod-s1134pbk\/","og_locale":"en_US","og_type":"article","og_title":"CONGA MEINL 11 3\/4  MOD. S1134PBK - Mexican Guitar Players","og_description":"La Meinl Spectrum Series Conga 11 3\/4'' es ideal para m\u00fasicos profesionales y aficionados. Fabricada en roble Siam de tres capas, ofrece un tono c\u00e1lido y resonante, con parche de b\u00fafalo True Skin para un sonido aut\u00e9ntico. Incorpora aros SSR de 4 mm y clavijas de afinaci\u00f3n de 10 mm para comodidad y estabilidad. Su acabado Phantom Black de alto brillo la hace destacar en cualquier escenario. Incluye soporte Steely II, protector, mango, pads, llave de afinaci\u00f3n y aceite.","og_url":"https:\/\/www.mexicanguitarplayers.com\/en\/tienda\/sin categor\u00eda\/conga-meinl-11-3-4-mod-s1134pbk\/","og_site_name":"Mexican Guitar Players","article_modified_time":"2026-05-01T13:15:33+00:00","twitter_card":"summary_large_image","twitter_misc":{"Est. reading time":"1 minute"},"schema":{"@context":"https:\/\/schema.org","@graph":[{"@type":["WebPage","ItemPage"],"@id":"https:\/\/www.mexicanguitarplayers.com\/tienda\/sin categor\u00eda\/conga-meinl-11-3-4-mod-s1134pbk\/","url":"https:\/\/www.mexicanguitarplayers.com\/tienda\/sin categor\u00eda\/conga-meinl-11-3-4-mod-s1134pbk\/","name":"CONGA MEINL 11 3\/4 MOD. S1134PBK - Mexican Guitar Players","isPartOf":{"@id":"https:\/\/www.mexicanguitarplayers.com\/#website"},"primaryImageOfPage":{"@id":"https:\/\/www.mexicanguitarplayers.com\/tienda\/sin categor\u00eda\/conga-meinl-11-3-4-mod-s1134pbk\/#primaryimage"},"image":{"@id":"https:\/\/www.mexicanguitarplayers.com\/tienda\/sin categor\u00eda\/conga-meinl-11-3-4-mod-s1134pbk\/#primaryimage"},"thumbnailUrl":"https:\/\/www.mexicanguitarplayers.com\/wp-content\/uploads\/2025\/04\/IPMEIS1134PBK.png","datePublished":"2025-04-09T21:32:02+00:00","dateModified":"2026-05-01T13:15:33+00:00","description":"La Meinl Spectrum Series Conga 11 3\/4'' es ideal para m\u00fasicos profesionales y aficionados. Fabricada en roble Siam de tres capas, ofrece un tono c\u00e1lido y resonante, con parche de b\u00fafalo True Skin para un sonido aut\u00e9ntico. Incorpora aros SSR de 4 mm y clavijas de afinaci\u00f3n de 10 mm para comodidad y estabilidad. Su acabado Phantom Black de alto brillo la hace destacar en cualquier escenario. Incluye soporte Steely II, protector, mango, pads, llave de afinaci\u00f3n y aceite.","breadcrumb":{"@id":"https:\/\/www.mexicanguitarplayers.com\/tienda\/sin categor\u00eda\/conga-meinl-11-3-4-mod-s1134pbk\/#breadcrumb"},"inLanguage":"en-US","potentialAction":[{"@type":"ReadAction","target":["https:\/\/www.mexicanguitarplayers.com\/tienda\/sin categor\u00eda\/conga-meinl-11-3-4-mod-s1134pbk\/"]}]},{"@type":"ImageObject","inLanguage":"en-US","@id":"https:\/\/www.mexicanguitarplayers.com\/tienda\/sin categor\u00eda\/conga-meinl-11-3-4-mod-s1134pbk\/#primaryimage","url":"https:\/\/www.mexicanguitarplayers.com\/wp-content\/uploads\/2025\/04\/IPMEIS1134PBK.png","contentUrl":"https:\/\/www.mexicanguitarplayers.com\/wp-content\/uploads\/2025\/04\/IPMEIS1134PBK.png","width":800,"height":1600},{"@type":"BreadcrumbList","@id":"https:\/\/www.mexicanguitarplayers.com\/tienda\/sin categor\u00eda\/conga-meinl-11-3-4-mod-s1134pbk\/#breadcrumb","itemListElement":[{"@type":"ListItem","position":1,"name":"Portada","item":"https:\/\/www.mexicanguitarplayers.com\/"},{"@type":"ListItem","position":2,"name":"Tienda","item":"https:\/\/www.mexicanguitarplayers.com\/tienda\/"},{"@type":"ListItem","position":3,"name":"CONGA MEINL 11 3\/4 MOD. S1134PBK"}]},{"@type":"WebSite","@id":"https:\/\/www.mexicanguitarplayers.com\/#website","url":"https:\/\/www.mexicanguitarplayers.com\/","name":"Mexican Guitar Players","description":"Website","publisher":{"@id":"https:\/\/www.mexicanguitarplayers.com\/#organization"},"potentialAction":[{"@type":"SearchAction","target":{"@type":"EntryPoint","urlTemplate":"https:\/\/www.mexicanguitarplayers.com\/?s={search_term_string}"},"query-input":{"@type":"PropertyValueSpecification","valueRequired":true,"valueName":"search_term_string"}}],"inLanguage":"en-US"},{"@type":"Organization","@id":"https:\/\/www.mexicanguitarplayers.com\/#organization","name":"Mexican Guitar Players","url":"https:\/\/www.mexicanguitarplayers.com\/","logo":{"@type":"ImageObject","inLanguage":"en-US","@id":"https:\/\/www.mexicanguitarplayers.com\/#\/schema\/logo\/image\/","url":"","contentUrl":"","caption":"Mexican Guitar Players"},"image":{"@id":"https:\/\/www.mexicanguitarplayers.com\/#\/schema\/logo\/image\/"}}]}},"brands":[{"id":290,"name":"MEINL","slug":"meinl"}],"_links":{"self":[{"href":"https:\/\/www.mexicanguitarplayers.com\/en\/wp-json\/wp\/v2\/product\/43054","targetHints":{"allow":["GET"]}}],"collection":[{"href":"https:\/\/www.mexicanguitarplayers.com\/en\/wp-json\/wp\/v2\/product"}],"about":[{"href":"https:\/\/www.mexicanguitarplayers.com\/en\/wp-json\/wp\/v2\/types\/product"}],"replies":[{"embeddable":true,"href":"https:\/\/www.mexicanguitarplayers.com\/en\/wp-json\/wp\/v2\/comments?post=43054"}],"wp:featuredmedia":[{"embeddable":true,"href":"https:\/\/www.mexicanguitarplayers.com\/en\/wp-json\/wp\/v2\/media\/43048"}],"wp:attachment":[{"href":"https:\/\/www.mexicanguitarplayers.com\/en\/wp-json\/wp\/v2\/media?parent=43054"}],"wp:term":[{"taxonomy":"pwb-brand","embeddable":true,"href":"https:\/\/www.mexicanguitarplayers.com\/en\/wp-json\/wp\/v2\/pwb-brand?post=43054"},{"taxonomy":"product_brand","embeddable":true,"href":"https:\/\/www.mexicanguitarplayers.com\/en\/wp-json\/wp\/v2\/product_brand?post=43054"},{"taxonomy":"product_cat","embeddable":true,"href":"https:\/\/www.mexicanguitarplayers.com\/en\/wp-json\/wp\/v2\/product_cat?post=43054"},{"taxonomy":"product_tag","embeddable":true,"href":"https:\/\/www.mexicanguitarplayers.com\/en\/wp-json\/wp\/v2\/product_tag?post=43054"}],"curies":[{"name":"wp","href":"https:\/\/api.w.org\/{rel}","templated":true}]}}