{"id":43061,"date":"2025-04-09T15:32:29","date_gmt":"2025-04-09T21:32:29","guid":{"rendered":"https:\/\/www.mexicanguitarplayers.com\/tienda\/sin categor\u00eda\/bongo-meinl-mod-rs400pw\/"},"modified":"2026-05-01T07:15:32","modified_gmt":"2026-05-01T13:15:32","slug":"bongo-meinl-mod-rs400pw","status":"publish","type":"product","link":"https:\/\/www.mexicanguitarplayers.com\/en\/tienda\/percusiones\/percusiones-mayores\/bongos\/bongo-meinl-mod-rs400pw\/","title":{"rendered":"BONGO MEINL          MOD.  RS400PW"},"content":{"rendered":"<div style=\"text-align: justify\">\n<div>\n<h3>Bongo Meinl Roberto Serrano \u2013 Estilo y resonancia para el m\u00fasico exigente&#8221; <\/h3>\n<\/div>\n<div>El Meinl Percussion Artist Series Bong\u00f3 Roberto Serrano es ideal para percusionistas que buscan un sonido excepcional y una construcci\u00f3n robusta. Fabricado con roble Siam y un acabado de alto brillo Pearl White, ofrece una est\u00e9tica elegante y un sonido c\u00e1lido gracias a sus cabezas REMO Fiberskyn. Equipado con el sistema de suspensi\u00f3n Meinl Free Ride, garantiza una resonancia superior y estabilidad durante la interpretaci\u00f3n. Las llantas SSR redondeadas de 3 mm y las clavijas de afinaci\u00f3n de 8 mm aseguran una afinaci\u00f3n precisa. El hardware de n\u00edquel cepillado proporciona durabilidad, y el paquete incluye accesorios como una llave de afinaci\u00f3n, aceite de afinaci\u00f3n y una funda para su mantenimiento.<\/div>\n<div>\n<h4>Quick look<\/h4>\n<\/div>\n<ul style=\"margin: 0px 0px 0px 25px\">\n<li style=\"list-style-type: circle;margin: 5px\">Cabezales<\/li>\n<li style=\"list-style-type: circle;margin: 5px\">Di\u00e1metro<\/li>\n<li style=\"list-style-type: circle;margin: 5px\">Material<\/li>\n<li style=\"list-style-type: circle;margin: 5px\">Acabado<\/li>\n<li style=\"list-style-type: circle;margin: 5px\">Connection<\/li>\n<li style=\"list-style-type: circle;margin: 5px\">Herrajes<\/li>\n<li style=\"list-style-type: circle;margin: 5px\">Clavijas<\/li>\n<li style=\"list-style-type: circle;margin: 5px\">Llantas<\/li>\n<li style=\"list-style-type: circle;margin: 5px\">Tipo de llanta<\/li>\n<\/ul>\n<div>\n<div style=\"font-weight: bold\">Cabezales<\/div>\n<div>\n<p>Cabezas REMO Fiberskyn<\/p>\n<\/div>\n<div style=\"font-weight: bold\">Di\u00e1metro<\/div>\n<div>\n<p>7&#8221; &amp; 8 1\/2&#8221;<\/p>\n<\/div>\n<div style=\"font-weight: bold\">Material<\/div>\n<div>\n<p>Roble Siam<\/p>\n<\/div>\n<div style=\"font-weight: bold\">Acabado<\/div>\n<div>\n<p>Alto brillo<\/p>\n<\/div>\n<div style=\"font-weight: bold\">Connection<\/div>\n<div>\n<p>Meinl Sistema de suspensi\u00f3n libre Ride<\/p>\n<\/div>\n<div style=\"font-weight: bold\">Herrajes<\/div>\n<div>\n<p>N\u00edquel cepillado<\/p>\n<\/div>\n<div style=\"font-weight: bold\">Clavijas<\/div>\n<div>\n<p>Clavijas de afinaci\u00f3n fuerte de 8 mm<\/p>\n<\/div>\n<div style=\"font-weight: bold\">Llantas<\/div>\n<div>\n<p>Llantas SSR redondeadas de 3 mm<\/p>\n<\/div>\n<div style=\"font-weight: bold\">Tipo de llanta<\/div>\n<div>\n<p>SSR<\/p>\n<\/div>\n<\/div>\n<\/div>","protected":false},"excerpt":{"rendered":"<p>El Meinl Percussion Artist Series Bong\u00f3 Roberto Serrano ofrece un sonido c\u00e1lido y rico con cabezas REMO Fiberskyn. Fabricado en roble Siam con un acabado Pearl White, cuenta con el sistema de suspensi\u00f3n Meinl Free Ride para mayor resonancia y estabilidad. Las llantas SSR de 3 mm y las clavijas de 8 mm aseguran una afinaci\u00f3n precisa. Incluye accesorios esenciales como una llave de afinaci\u00f3n y aceite de afinaci\u00f3n.&hellip; <a class=\"kt-excerpt-readmore more-link\" href=\"https:\/\/www.mexicanguitarplayers.com\/en\/tienda\/percusiones\/percusiones-mayores\/bongos\/bongo-meinl-mod-rs400pw\/\">Read more<\/a><\/p>","protected":false},"featured_media":43055,"comment_status":"open","ping_status":"closed","template":"","meta":{"kt_blocks_editor_width":""},"pwb-brand":[290],"product_brand":[],"product_cat":[269,208,267],"product_tag":[],"class_list":{"0":"post-43061","1":"product","2":"type-product","3":"status-publish","4":"has-post-thumbnail","6":"pwb-brand-meinl","7":"product_cat-bongos","8":"product_cat-percusiones","9":"product_cat-percusiones-mayores","10":"product_shipping_class-15-20-kg","12":"first","13":"instock","14":"taxable","15":"shipping-taxable","16":"purchasable","17":"product-type-simple"},"yoast_head":"<!-- This site is optimized with the Yoast SEO plugin v27.6 - https:\/\/yoast.com\/product\/yoast-seo-wordpress\/ -->\n<title>BONGO MEINL     MOD. RS400PW - Mexican Guitar Players<\/title>\n<meta name=\"description\" content=\"El Meinl Percussion Artist Series Bong\u00f3 Roberto Serrano ofrece un sonido c\u00e1lido y rico con cabezas REMO Fiberskyn. Fabricado en roble Siam con un acabado Pearl White, cuenta con el sistema de suspensi\u00f3n Meinl Free Ride para mayor resonancia y estabilidad. Las llantas SSR de 3 mm y las clavijas de 8 mm aseguran una afinaci\u00f3n precisa. Incluye accesorios esenciales como una llave de afinaci\u00f3n y aceite de afinaci\u00f3n.\" \/>\n<meta name=\"robots\" content=\"index, follow, max-snippet:-1, max-image-preview:large, max-video-preview:-1\" \/>\n<link rel=\"canonical\" href=\"https:\/\/www.mexicanguitarplayers.com\/en\/tienda\/sin%20categor\u00eda\/bongo-meinl-mod-rs400pw\/\" \/>\n<meta property=\"og:locale\" content=\"en_US\" \/>\n<meta property=\"og:type\" content=\"article\" \/>\n<meta property=\"og:title\" content=\"BONGO MEINL     MOD. RS400PW - Mexican Guitar Players\" \/>\n<meta property=\"og:description\" content=\"El Meinl Percussion Artist Series Bong\u00f3 Roberto Serrano ofrece un sonido c\u00e1lido y rico con cabezas REMO Fiberskyn. Fabricado en roble Siam con un acabado Pearl White, cuenta con el sistema de suspensi\u00f3n Meinl Free Ride para mayor resonancia y estabilidad. Las llantas SSR de 3 mm y las clavijas de 8 mm aseguran una afinaci\u00f3n precisa. Incluye accesorios esenciales como una llave de afinaci\u00f3n y aceite de afinaci\u00f3n.\" \/>\n<meta property=\"og:url\" content=\"https:\/\/www.mexicanguitarplayers.com\/en\/tienda\/sin categor\u00eda\/bongo-meinl-mod-rs400pw\/\" \/>\n<meta property=\"og:site_name\" content=\"Mexican Guitar Players\" \/>\n<meta property=\"article:modified_time\" content=\"2026-05-01T13:15:32+00:00\" \/>\n<meta name=\"twitter:card\" content=\"summary_large_image\" \/>\n<meta name=\"twitter:label1\" content=\"Est. reading time\" \/>\n\t<meta name=\"twitter:data1\" content=\"1 minute\" \/>\n<script type=\"application\/ld+json\" class=\"yoast-schema-graph\">{\"@context\":\"https:\\\/\\\/schema.org\",\"@graph\":[{\"@type\":[\"WebPage\",\"ItemPage\"],\"@id\":\"https:\\\/\\\/www.mexicanguitarplayers.com\\\/tienda\\\/sin categor\u00eda\\\/bongo-meinl-mod-rs400pw\\\/\",\"url\":\"https:\\\/\\\/www.mexicanguitarplayers.com\\\/tienda\\\/sin categor\u00eda\\\/bongo-meinl-mod-rs400pw\\\/\",\"name\":\"BONGO MEINL MOD. RS400PW - Mexican Guitar Players\",\"isPartOf\":{\"@id\":\"https:\\\/\\\/www.mexicanguitarplayers.com\\\/#website\"},\"primaryImageOfPage\":{\"@id\":\"https:\\\/\\\/www.mexicanguitarplayers.com\\\/tienda\\\/sin categor\u00eda\\\/bongo-meinl-mod-rs400pw\\\/#primaryimage\"},\"image\":{\"@id\":\"https:\\\/\\\/www.mexicanguitarplayers.com\\\/tienda\\\/sin categor\u00eda\\\/bongo-meinl-mod-rs400pw\\\/#primaryimage\"},\"thumbnailUrl\":\"https:\\\/\\\/www.mexicanguitarplayers.com\\\/wp-content\\\/uploads\\\/2025\\\/04\\\/IPMEIRS400PW.png\",\"datePublished\":\"2025-04-09T21:32:29+00:00\",\"dateModified\":\"2026-05-01T13:15:32+00:00\",\"description\":\"El Meinl Percussion Artist Series Bong\u00f3 Roberto Serrano ofrece un sonido c\u00e1lido y rico con cabezas REMO Fiberskyn. Fabricado en roble Siam con un acabado Pearl White, cuenta con el sistema de suspensi\u00f3n Meinl Free Ride para mayor resonancia y estabilidad. Las llantas SSR de 3 mm y las clavijas de 8 mm aseguran una afinaci\u00f3n precisa. Incluye accesorios esenciales como una llave de afinaci\u00f3n y aceite de afinaci\u00f3n.\",\"breadcrumb\":{\"@id\":\"https:\\\/\\\/www.mexicanguitarplayers.com\\\/tienda\\\/sin categor\u00eda\\\/bongo-meinl-mod-rs400pw\\\/#breadcrumb\"},\"inLanguage\":\"en-US\",\"potentialAction\":[{\"@type\":\"ReadAction\",\"target\":[\"https:\\\/\\\/www.mexicanguitarplayers.com\\\/tienda\\\/sin categor\u00eda\\\/bongo-meinl-mod-rs400pw\\\/\"]}]},{\"@type\":\"ImageObject\",\"inLanguage\":\"en-US\",\"@id\":\"https:\\\/\\\/www.mexicanguitarplayers.com\\\/tienda\\\/sin categor\u00eda\\\/bongo-meinl-mod-rs400pw\\\/#primaryimage\",\"url\":\"https:\\\/\\\/www.mexicanguitarplayers.com\\\/wp-content\\\/uploads\\\/2025\\\/04\\\/IPMEIRS400PW.png\",\"contentUrl\":\"https:\\\/\\\/www.mexicanguitarplayers.com\\\/wp-content\\\/uploads\\\/2025\\\/04\\\/IPMEIRS400PW.png\",\"width\":1600,\"height\":800},{\"@type\":\"BreadcrumbList\",\"@id\":\"https:\\\/\\\/www.mexicanguitarplayers.com\\\/tienda\\\/sin categor\u00eda\\\/bongo-meinl-mod-rs400pw\\\/#breadcrumb\",\"itemListElement\":[{\"@type\":\"ListItem\",\"position\":1,\"name\":\"Portada\",\"item\":\"https:\\\/\\\/www.mexicanguitarplayers.com\\\/\"},{\"@type\":\"ListItem\",\"position\":2,\"name\":\"Tienda\",\"item\":\"https:\\\/\\\/www.mexicanguitarplayers.com\\\/tienda\\\/\"},{\"@type\":\"ListItem\",\"position\":3,\"name\":\"BONGO MEINL MOD. RS400PW\"}]},{\"@type\":\"WebSite\",\"@id\":\"https:\\\/\\\/www.mexicanguitarplayers.com\\\/#website\",\"url\":\"https:\\\/\\\/www.mexicanguitarplayers.com\\\/\",\"name\":\"Mexican Guitar Players\",\"description\":\"Website\",\"publisher\":{\"@id\":\"https:\\\/\\\/www.mexicanguitarplayers.com\\\/#organization\"},\"potentialAction\":[{\"@type\":\"SearchAction\",\"target\":{\"@type\":\"EntryPoint\",\"urlTemplate\":\"https:\\\/\\\/www.mexicanguitarplayers.com\\\/?s={search_term_string}\"},\"query-input\":{\"@type\":\"PropertyValueSpecification\",\"valueRequired\":true,\"valueName\":\"search_term_string\"}}],\"inLanguage\":\"en-US\"},{\"@type\":\"Organization\",\"@id\":\"https:\\\/\\\/www.mexicanguitarplayers.com\\\/#organization\",\"name\":\"Mexican Guitar Players\",\"url\":\"https:\\\/\\\/www.mexicanguitarplayers.com\\\/\",\"logo\":{\"@type\":\"ImageObject\",\"inLanguage\":\"en-US\",\"@id\":\"https:\\\/\\\/www.mexicanguitarplayers.com\\\/#\\\/schema\\\/logo\\\/image\\\/\",\"url\":\"\",\"contentUrl\":\"\",\"caption\":\"Mexican Guitar Players\"},\"image\":{\"@id\":\"https:\\\/\\\/www.mexicanguitarplayers.com\\\/#\\\/schema\\\/logo\\\/image\\\/\"}}]}<\/script>\n<!-- \/ Yoast SEO plugin. -->","yoast_head_json":{"title":"BONGO MEINL     MOD. RS400PW - Mexican Guitar Players","description":"El Meinl Percussion Artist Series Bong\u00f3 Roberto Serrano ofrece un sonido c\u00e1lido y rico con cabezas REMO Fiberskyn. Fabricado en roble Siam con un acabado Pearl White, cuenta con el sistema de suspensi\u00f3n Meinl Free Ride para mayor resonancia y estabilidad. Las llantas SSR de 3 mm y las clavijas de 8 mm aseguran una afinaci\u00f3n precisa. Incluye accesorios esenciales como una llave de afinaci\u00f3n y aceite de afinaci\u00f3n.","robots":{"index":"index","follow":"follow","max-snippet":"max-snippet:-1","max-image-preview":"max-image-preview:large","max-video-preview":"max-video-preview:-1"},"canonical":"https:\/\/www.mexicanguitarplayers.com\/en\/tienda\/sin categor\u00eda\/bongo-meinl-mod-rs400pw\/","og_locale":"en_US","og_type":"article","og_title":"BONGO MEINL     MOD. RS400PW - Mexican Guitar Players","og_description":"El Meinl Percussion Artist Series Bong\u00f3 Roberto Serrano ofrece un sonido c\u00e1lido y rico con cabezas REMO Fiberskyn. Fabricado en roble Siam con un acabado Pearl White, cuenta con el sistema de suspensi\u00f3n Meinl Free Ride para mayor resonancia y estabilidad. Las llantas SSR de 3 mm y las clavijas de 8 mm aseguran una afinaci\u00f3n precisa. Incluye accesorios esenciales como una llave de afinaci\u00f3n y aceite de afinaci\u00f3n.","og_url":"https:\/\/www.mexicanguitarplayers.com\/en\/tienda\/sin categor\u00eda\/bongo-meinl-mod-rs400pw\/","og_site_name":"Mexican Guitar Players","article_modified_time":"2026-05-01T13:15:32+00:00","twitter_card":"summary_large_image","twitter_misc":{"Est. reading time":"1 minute"},"schema":{"@context":"https:\/\/schema.org","@graph":[{"@type":["WebPage","ItemPage"],"@id":"https:\/\/www.mexicanguitarplayers.com\/tienda\/sin categor\u00eda\/bongo-meinl-mod-rs400pw\/","url":"https:\/\/www.mexicanguitarplayers.com\/tienda\/sin categor\u00eda\/bongo-meinl-mod-rs400pw\/","name":"BONGO MEINL MOD. RS400PW - Mexican Guitar Players","isPartOf":{"@id":"https:\/\/www.mexicanguitarplayers.com\/#website"},"primaryImageOfPage":{"@id":"https:\/\/www.mexicanguitarplayers.com\/tienda\/sin categor\u00eda\/bongo-meinl-mod-rs400pw\/#primaryimage"},"image":{"@id":"https:\/\/www.mexicanguitarplayers.com\/tienda\/sin categor\u00eda\/bongo-meinl-mod-rs400pw\/#primaryimage"},"thumbnailUrl":"https:\/\/www.mexicanguitarplayers.com\/wp-content\/uploads\/2025\/04\/IPMEIRS400PW.png","datePublished":"2025-04-09T21:32:29+00:00","dateModified":"2026-05-01T13:15:32+00:00","description":"El Meinl Percussion Artist Series Bong\u00f3 Roberto Serrano ofrece un sonido c\u00e1lido y rico con cabezas REMO Fiberskyn. Fabricado en roble Siam con un acabado Pearl White, cuenta con el sistema de suspensi\u00f3n Meinl Free Ride para mayor resonancia y estabilidad. Las llantas SSR de 3 mm y las clavijas de 8 mm aseguran una afinaci\u00f3n precisa. Incluye accesorios esenciales como una llave de afinaci\u00f3n y aceite de afinaci\u00f3n.","breadcrumb":{"@id":"https:\/\/www.mexicanguitarplayers.com\/tienda\/sin categor\u00eda\/bongo-meinl-mod-rs400pw\/#breadcrumb"},"inLanguage":"en-US","potentialAction":[{"@type":"ReadAction","target":["https:\/\/www.mexicanguitarplayers.com\/tienda\/sin categor\u00eda\/bongo-meinl-mod-rs400pw\/"]}]},{"@type":"ImageObject","inLanguage":"en-US","@id":"https:\/\/www.mexicanguitarplayers.com\/tienda\/sin categor\u00eda\/bongo-meinl-mod-rs400pw\/#primaryimage","url":"https:\/\/www.mexicanguitarplayers.com\/wp-content\/uploads\/2025\/04\/IPMEIRS400PW.png","contentUrl":"https:\/\/www.mexicanguitarplayers.com\/wp-content\/uploads\/2025\/04\/IPMEIRS400PW.png","width":1600,"height":800},{"@type":"BreadcrumbList","@id":"https:\/\/www.mexicanguitarplayers.com\/tienda\/sin categor\u00eda\/bongo-meinl-mod-rs400pw\/#breadcrumb","itemListElement":[{"@type":"ListItem","position":1,"name":"Portada","item":"https:\/\/www.mexicanguitarplayers.com\/"},{"@type":"ListItem","position":2,"name":"Tienda","item":"https:\/\/www.mexicanguitarplayers.com\/tienda\/"},{"@type":"ListItem","position":3,"name":"BONGO MEINL MOD. RS400PW"}]},{"@type":"WebSite","@id":"https:\/\/www.mexicanguitarplayers.com\/#website","url":"https:\/\/www.mexicanguitarplayers.com\/","name":"Mexican Guitar Players","description":"Website","publisher":{"@id":"https:\/\/www.mexicanguitarplayers.com\/#organization"},"potentialAction":[{"@type":"SearchAction","target":{"@type":"EntryPoint","urlTemplate":"https:\/\/www.mexicanguitarplayers.com\/?s={search_term_string}"},"query-input":{"@type":"PropertyValueSpecification","valueRequired":true,"valueName":"search_term_string"}}],"inLanguage":"en-US"},{"@type":"Organization","@id":"https:\/\/www.mexicanguitarplayers.com\/#organization","name":"Mexican Guitar Players","url":"https:\/\/www.mexicanguitarplayers.com\/","logo":{"@type":"ImageObject","inLanguage":"en-US","@id":"https:\/\/www.mexicanguitarplayers.com\/#\/schema\/logo\/image\/","url":"","contentUrl":"","caption":"Mexican Guitar Players"},"image":{"@id":"https:\/\/www.mexicanguitarplayers.com\/#\/schema\/logo\/image\/"}}]}},"brands":[{"id":290,"name":"MEINL","slug":"meinl"}],"_links":{"self":[{"href":"https:\/\/www.mexicanguitarplayers.com\/en\/wp-json\/wp\/v2\/product\/43061","targetHints":{"allow":["GET"]}}],"collection":[{"href":"https:\/\/www.mexicanguitarplayers.com\/en\/wp-json\/wp\/v2\/product"}],"about":[{"href":"https:\/\/www.mexicanguitarplayers.com\/en\/wp-json\/wp\/v2\/types\/product"}],"replies":[{"embeddable":true,"href":"https:\/\/www.mexicanguitarplayers.com\/en\/wp-json\/wp\/v2\/comments?post=43061"}],"wp:featuredmedia":[{"embeddable":true,"href":"https:\/\/www.mexicanguitarplayers.com\/en\/wp-json\/wp\/v2\/media\/43055"}],"wp:attachment":[{"href":"https:\/\/www.mexicanguitarplayers.com\/en\/wp-json\/wp\/v2\/media?parent=43061"}],"wp:term":[{"taxonomy":"pwb-brand","embeddable":true,"href":"https:\/\/www.mexicanguitarplayers.com\/en\/wp-json\/wp\/v2\/pwb-brand?post=43061"},{"taxonomy":"product_brand","embeddable":true,"href":"https:\/\/www.mexicanguitarplayers.com\/en\/wp-json\/wp\/v2\/product_brand?post=43061"},{"taxonomy":"product_cat","embeddable":true,"href":"https:\/\/www.mexicanguitarplayers.com\/en\/wp-json\/wp\/v2\/product_cat?post=43061"},{"taxonomy":"product_tag","embeddable":true,"href":"https:\/\/www.mexicanguitarplayers.com\/en\/wp-json\/wp\/v2\/product_tag?post=43061"}],"curies":[{"name":"wp","href":"https:\/\/api.w.org\/{rel}","templated":true}]}}