{"id":43161,"date":"2025-04-09T15:39:47","date_gmt":"2025-04-09T21:39:47","guid":{"rendered":"https:\/\/www.mexicanguitarplayers.com\/tienda\/sin categor\u00eda\/subwoofer-electrovoice-mod-evolve50-sw\/"},"modified":"2026-02-04T04:14:57","modified_gmt":"2026-02-04T10:14:57","slug":"subwoofer-electrovoice-mod-evolve50-sw","status":"publish","type":"product","link":"https:\/\/www.mexicanguitarplayers.com\/en\/tienda\/audio\/bafles-y-bocinas\/bafles\/lineal\/subwoofer-electrovoice-mod-evolve50-sw\/","title":{"rendered":"SUBWOOFER ELECTROVOICE MOD. EVOLVE50-SW"},"content":{"rendered":"<div style=\"text-align: justify\">\n<div>\n<h3>El mejor sistema de columna.<\/h3>\n<\/div>\n<div>El sistema de columna portable EVOLVE 50 de Electro-Voice es un componente con amplificador Clase D de 1,000 watts e impulsado por QuickSmartDSP de Electro-Voice. El sistema consiste en un gabinete de madera de 15 mm, portable y amplificado que aloja un subwoofer de 12\u201d pulgadas capaz de una frecuencia de salida funcional de 37 Hz. El polo de conexi\u00f3n bidireccional de aluminio al subwoofer se asegura utilizando un im\u00e1n y el arreglo de columna se sujeta por gravedad al sub-polo. La se\u00f1al es internamente ruteada hacia los componentes. 8 drivers de neodimio de 3.5\u201d pulgadas en el arreglo de columna acoplados con el subwoofer de 12\u201d pulgadas proporcionando un SPL de hasta 127 dB. Las 8 gu\u00edas de onda compuestas controlas las altas frecuencias con una cobertura horizontal de 120\u00b0 grados y una cobertura vertical asim\u00e9trica de 40\u00b0 grados (orientada hacia abajo), para garantizar un rendimiento adecuado de salida para audiencias tanto sentadas como de pie. El sub-polo y el arreglo de columna vienen en una bolsa de transporte. El motor de procesamiento permite una v\u00eda de configuraci\u00f3n f\u00e1cil de 4 pre-ajustes (Music, Live, Speech y Club), ecualizador, pre-ajustes programables de usuario (ajustes Store y Recall), delay de salida, alimentaci\u00f3n phantom (+15V), monitoreo visual del estado del limitados, nivel de control de entrada y medidores y control de volumen master para asegurar una estructura \u00f3ptima de ganancia. La nueva aplicaci\u00f3n QuickSmart Mobil de Electro-Voice utiliza tecnolog\u00eda Bluetooth de Baja Energ\u00eda (BTLE) para configuraci\u00f3n inal\u00e1mbrica, control y monitoreo de hasta seis sistemas EVOLVE 50 simult\u00e1neamente. La transmisi\u00f3n de audio Bluetooth de alta resoluci\u00f3n es ideal para reproducci\u00f3n musical en salas de juntas, intermedios y acompa\u00f1amiento musical.<\/div>\n<div>\n<h4>Quick look<\/h4>\n<\/div>\n<ul style=\"margin: 0px 0px 0px 25px\">\n<li style=\"list-style-type: circle;margin: 5px\">Woofer.<\/li>\n<li style=\"list-style-type: circle;margin: 5px\">Tipo de conector.<\/li>\n<li style=\"list-style-type: circle;margin: 5px\">Cobertura (nominal -6 dB).<\/li>\n<li style=\"list-style-type: circle;margin: 5px\">Frecuencia de crossover.<\/li>\n<li style=\"list-style-type: circle;margin: 5px\">Profundidad.<\/li>\n<li style=\"list-style-type: circle;margin: 5px\">Material del gabinete.<\/li>\n<li style=\"list-style-type: circle;margin: 5px\">Familia.<\/li>\n<li style=\"list-style-type: circle;margin: 5px\">Rango de frecuencia (-10 dB).<\/li>\n<li style=\"list-style-type: circle;margin: 5px\">Respuesta de frecuencia (-3 dB).<\/li>\n<li style=\"list-style-type: circle;margin: 5px\">Rejilla.<\/li>\n<li style=\"list-style-type: circle;margin: 5px\">Manejo de potencia.<\/li>\n<li style=\"list-style-type: circle;margin: 5px\">SPL m\u00e1ximo (calculado).<\/li>\n<li style=\"list-style-type: circle;margin: 5px\">Energy consumption.<\/li>\n<li style=\"list-style-type: circle;margin: 5px\">Potencia nominal.<\/li>\n<li style=\"list-style-type: circle;margin: 5px\">Tipo de sistema.<\/li>\n<li style=\"list-style-type: circle;margin: 5px\">Dimensions.<\/li>\n<li style=\"list-style-type: circle;margin: 5px\">Weight.<\/li>\n<\/ul>\n<div>\n<div style=\"font-weight: bold\">Woofer.<\/div>\n<div>\n<p>12\u201d pulgadas.<\/p>\n<\/div>\n<div style=\"font-weight: bold\">Tipo de conector.<\/div>\n<div>\n<p>Entradas: 2x XLR\/TRS combo jack, 1 jack 3.5 mm, 1 RCA Est\u00e9reo, 1 Wireless Bluetooth\u00ae audio. Salidas: 1 XLR THRU y 1  XLR MIX OUT.<\/p>\n<\/div>\n<div style=\"font-weight: bold\">Cobertura (nominal -6 dB).<\/div>\n<div>\n<p>Horizontal: 120\u00b0. Vertical: 40\u00b0.<\/p>\n<\/div>\n<div style=\"font-weight: bold\">Frecuencia de crossover.<\/div>\n<div>\n<p>200 Hz.<\/p>\n<\/div>\n<div style=\"font-weight: bold\">Profundidad.<\/div>\n<div>\n<p>Sub 18.5\u201d pulgadas, polo: 2.2\u201d pulgadas. (55 mm).<\/p>\n<\/div>\n<div style=\"font-weight: bold\">Material del gabinete.<\/div>\n<div>\n<p>Madera contrachapada de 15 mm.<\/p>\n<\/div>\n<div style=\"font-weight: bold\">Familia.<\/div>\n<div>\n<p>EVOLVE 50.<\/p>\n<\/div>\n<div style=\"font-weight: bold\">Rango de frecuencia (-10 dB).<\/div>\n<div>\n<p>37 Hz &#8211; 20 kHz.<\/p>\n<\/div>\n<div style=\"font-weight: bold\">Respuesta de frecuencia (-3 dB).<\/div>\n<div>\n<p>43 Hz &#8211; 20 kHz.<\/p>\n<\/div>\n<div style=\"font-weight: bold\">Rejilla.<\/div>\n<div>\n<p>Acero con pintura en polvo.<\/p>\n<\/div>\n<div style=\"font-weight: bold\">Manejo de potencia.<\/div>\n<div>\n<p>500 watts.<\/p>\n<\/div>\n<div style=\"font-weight: bold\">SPL m\u00e1ximo (calculado).<\/div>\n<div>\n<p>127 dB.<\/p>\n<\/div>\n<div style=\"font-weight: bold\">Energy consumption.<\/div>\n<div>\n<p>100 &#8211; 240 V AC, 50 &#8211; 60 Hz, 1.5 &#8211; 0.6\u00aa.<\/p>\n<\/div>\n<div style=\"font-weight: bold\">Potencia nominal.<\/div>\n<div>\n<p>1000 watts.<\/p>\n<\/div>\n<div style=\"font-weight: bold\">Tipo de sistema.<\/div>\n<div>\n<p>Full range amplificado.<\/p>\n<\/div>\n<div style=\"font-weight: bold\">Dimensions.<\/div>\n<div>\n<p>Ancho: 13.6\u201d pulgadas (345 mm), polo: 1.9\u201d pulgadas (48.5 mm). Altura: 20.9\u201d pulgadas (230 mm), polo: 36.6\u201d pulgada (929 mm).<\/p>\n<\/div>\n<div style=\"font-weight: bold\">Weight.<\/div>\n<div>\n<p>26.25 kg.<\/p>\n<\/div>\n<\/div>\n<\/div>","protected":false},"excerpt":{"rendered":"<p>Subwoofer del sistema activo EVOLVE50, woofer de 12\u201d pulgadas en un gabinete de madera contrachapada de 15 mm, 1,000 watts de potencia, sistema full-range, amplificador Clase D, entradas XLR\/TRS combo, RCA y Bluetooth, salidas: XLR THRU y XLR MIX OUT, cobertura horizontal: 120\u00b0, vertical: 40\u00b0, frecuencia de crossover: 200 Hz, rango de frecuencia: 37 Hz &#8211; 20 kHz, respuesta de frecuencia: 43 Hz &#8211; 20 kHz, rejilla de acero con pintura en polvo, SPL m\u00e1ximo: 127 dB, peso: 26.25 kg.&hellip; <a class=\"kt-excerpt-readmore more-link\" href=\"https:\/\/www.mexicanguitarplayers.com\/en\/tienda\/audio\/bafles-y-bocinas\/bafles\/lineal\/subwoofer-electrovoice-mod-evolve50-sw\/\">Read more<\/a><\/p>","protected":false},"featured_media":43160,"comment_status":"open","ping_status":"closed","template":"","meta":{"kt_blocks_editor_width":""},"pwb-brand":[535],"product_brand":[],"product_cat":[213,222,221,520],"product_tag":[],"class_list":{"0":"post-43161","1":"product","2":"type-product","3":"status-publish","4":"has-post-thumbnail","6":"pwb-brand-electrovoice","7":"product_cat-audio","8":"product_cat-bafles","9":"product_cat-bafles-y-bocinas","10":"product_cat-lineal","11":"product_shipping_class-20-25-kg","13":"first","14":"outofstock","15":"taxable","16":"shipping-taxable","17":"purchasable","18":"product-type-simple"},"yoast_head":"<!-- This site is optimized with the Yoast SEO plugin v27.3 - https:\/\/yoast.com\/product\/yoast-seo-wordpress\/ -->\n<title>SUBWOOFER ELECTROVOICE MOD. EVOLVE50-SW - Mexican Guitar Players<\/title>\n<meta name=\"description\" content=\"Subwoofer del sistema activo EVOLVE50, woofer de 12\u201d pulgadas en un gabinete de madera contrachapada de 15 mm, 1,000 watts de potencia, sistema full-range, amplificador Clase D, entradas XLR\/TRS combo, RCA y Bluetooth, salidas: XLR THRU y XLR MIX OUT, cobertura horizontal: 120\u00b0, vertical: 40\u00b0, frecuencia de crossover: 200 Hz, rango de frecuencia: 37 Hz - 20 kHz, respuesta de frecuencia: 43 Hz - 20 kHz, rejilla de acero con pintura en polvo, SPL m\u00e1ximo: 127 dB, peso: 26.25 kg.\" \/>\n<meta name=\"robots\" content=\"index, follow, max-snippet:-1, max-image-preview:large, max-video-preview:-1\" \/>\n<link rel=\"canonical\" href=\"https:\/\/www.mexicanguitarplayers.com\/en\/tienda\/sin%20categor\u00eda\/subwoofer-electrovoice-mod-evolve50-sw\/\" \/>\n<meta property=\"og:locale\" content=\"en_US\" \/>\n<meta property=\"og:type\" content=\"article\" \/>\n<meta property=\"og:title\" content=\"SUBWOOFER ELECTROVOICE MOD. EVOLVE50-SW - Mexican Guitar Players\" \/>\n<meta property=\"og:description\" content=\"Subwoofer del sistema activo EVOLVE50, woofer de 12\u201d pulgadas en un gabinete de madera contrachapada de 15 mm, 1,000 watts de potencia, sistema full-range, amplificador Clase D, entradas XLR\/TRS combo, RCA y Bluetooth, salidas: XLR THRU y XLR MIX OUT, cobertura horizontal: 120\u00b0, vertical: 40\u00b0, frecuencia de crossover: 200 Hz, rango de frecuencia: 37 Hz - 20 kHz, respuesta de frecuencia: 43 Hz - 20 kHz, rejilla de acero con pintura en polvo, SPL m\u00e1ximo: 127 dB, peso: 26.25 kg.\" \/>\n<meta property=\"og:url\" content=\"https:\/\/www.mexicanguitarplayers.com\/en\/tienda\/sin categor\u00eda\/subwoofer-electrovoice-mod-evolve50-sw\/\" \/>\n<meta property=\"og:site_name\" content=\"Mexican Guitar Players\" \/>\n<meta property=\"article:modified_time\" content=\"2026-02-04T10:14:57+00:00\" \/>\n<meta name=\"twitter:card\" content=\"summary_large_image\" \/>\n<meta name=\"twitter:label1\" content=\"Est. reading time\" \/>\n\t<meta name=\"twitter:data1\" content=\"2 minutes\" \/>\n<script type=\"application\/ld+json\" class=\"yoast-schema-graph\">{\"@context\":\"https:\\\/\\\/schema.org\",\"@graph\":[{\"@type\":[\"WebPage\",\"ItemPage\"],\"@id\":\"https:\\\/\\\/www.mexicanguitarplayers.com\\\/tienda\\\/sin categor\u00eda\\\/subwoofer-electrovoice-mod-evolve50-sw\\\/\",\"url\":\"https:\\\/\\\/www.mexicanguitarplayers.com\\\/tienda\\\/sin categor\u00eda\\\/subwoofer-electrovoice-mod-evolve50-sw\\\/\",\"name\":\"SUBWOOFER ELECTROVOICE MOD. EVOLVE50-SW - Mexican Guitar Players\",\"isPartOf\":{\"@id\":\"https:\\\/\\\/www.mexicanguitarplayers.com\\\/#website\"},\"primaryImageOfPage\":{\"@id\":\"https:\\\/\\\/www.mexicanguitarplayers.com\\\/tienda\\\/sin categor\u00eda\\\/subwoofer-electrovoice-mod-evolve50-sw\\\/#primaryimage\"},\"image\":{\"@id\":\"https:\\\/\\\/www.mexicanguitarplayers.com\\\/tienda\\\/sin categor\u00eda\\\/subwoofer-electrovoice-mod-evolve50-sw\\\/#primaryimage\"},\"thumbnailUrl\":\"https:\\\/\\\/www.mexicanguitarplayers.com\\\/wp-content\\\/uploads\\\/2025\\\/04\\\/IAEVOEVOLV50SW.jpg\",\"datePublished\":\"2025-04-09T21:39:47+00:00\",\"dateModified\":\"2026-02-04T10:14:57+00:00\",\"description\":\"Subwoofer del sistema activo EVOLVE50, woofer de 12\u201d pulgadas en un gabinete de madera contrachapada de 15 mm, 1,000 watts de potencia, sistema full-range, amplificador Clase D, entradas XLR\\\/TRS combo, RCA y Bluetooth, salidas: XLR THRU y XLR MIX OUT, cobertura horizontal: 120\u00b0, vertical: 40\u00b0, frecuencia de crossover: 200 Hz, rango de frecuencia: 37 Hz - 20 kHz, respuesta de frecuencia: 43 Hz - 20 kHz, rejilla de acero con pintura en polvo, SPL m\u00e1ximo: 127 dB, peso: 26.25 kg.\",\"breadcrumb\":{\"@id\":\"https:\\\/\\\/www.mexicanguitarplayers.com\\\/tienda\\\/sin categor\u00eda\\\/subwoofer-electrovoice-mod-evolve50-sw\\\/#breadcrumb\"},\"inLanguage\":\"en-US\",\"potentialAction\":[{\"@type\":\"ReadAction\",\"target\":[\"https:\\\/\\\/www.mexicanguitarplayers.com\\\/tienda\\\/sin categor\u00eda\\\/subwoofer-electrovoice-mod-evolve50-sw\\\/\"]}]},{\"@type\":\"ImageObject\",\"inLanguage\":\"en-US\",\"@id\":\"https:\\\/\\\/www.mexicanguitarplayers.com\\\/tienda\\\/sin categor\u00eda\\\/subwoofer-electrovoice-mod-evolve50-sw\\\/#primaryimage\",\"url\":\"https:\\\/\\\/www.mexicanguitarplayers.com\\\/wp-content\\\/uploads\\\/2025\\\/04\\\/IAEVOEVOLV50SW.jpg\",\"contentUrl\":\"https:\\\/\\\/www.mexicanguitarplayers.com\\\/wp-content\\\/uploads\\\/2025\\\/04\\\/IAEVOEVOLV50SW.jpg\",\"width\":1200,\"height\":1200},{\"@type\":\"BreadcrumbList\",\"@id\":\"https:\\\/\\\/www.mexicanguitarplayers.com\\\/tienda\\\/sin categor\u00eda\\\/subwoofer-electrovoice-mod-evolve50-sw\\\/#breadcrumb\",\"itemListElement\":[{\"@type\":\"ListItem\",\"position\":1,\"name\":\"Portada\",\"item\":\"https:\\\/\\\/www.mexicanguitarplayers.com\\\/\"},{\"@type\":\"ListItem\",\"position\":2,\"name\":\"Tienda\",\"item\":\"https:\\\/\\\/www.mexicanguitarplayers.com\\\/tienda\\\/\"},{\"@type\":\"ListItem\",\"position\":3,\"name\":\"SUBWOOFER ELECTROVOICE MOD. EVOLVE50-SW\"}]},{\"@type\":\"WebSite\",\"@id\":\"https:\\\/\\\/www.mexicanguitarplayers.com\\\/#website\",\"url\":\"https:\\\/\\\/www.mexicanguitarplayers.com\\\/\",\"name\":\"Mexican Guitar Players\",\"description\":\"Website\",\"publisher\":{\"@id\":\"https:\\\/\\\/www.mexicanguitarplayers.com\\\/#organization\"},\"potentialAction\":[{\"@type\":\"SearchAction\",\"target\":{\"@type\":\"EntryPoint\",\"urlTemplate\":\"https:\\\/\\\/www.mexicanguitarplayers.com\\\/?s={search_term_string}\"},\"query-input\":{\"@type\":\"PropertyValueSpecification\",\"valueRequired\":true,\"valueName\":\"search_term_string\"}}],\"inLanguage\":\"en-US\"},{\"@type\":\"Organization\",\"@id\":\"https:\\\/\\\/www.mexicanguitarplayers.com\\\/#organization\",\"name\":\"Mexican Guitar Players\",\"url\":\"https:\\\/\\\/www.mexicanguitarplayers.com\\\/\",\"logo\":{\"@type\":\"ImageObject\",\"inLanguage\":\"en-US\",\"@id\":\"https:\\\/\\\/www.mexicanguitarplayers.com\\\/#\\\/schema\\\/logo\\\/image\\\/\",\"url\":\"\",\"contentUrl\":\"\",\"caption\":\"Mexican Guitar Players\"},\"image\":{\"@id\":\"https:\\\/\\\/www.mexicanguitarplayers.com\\\/#\\\/schema\\\/logo\\\/image\\\/\"}}]}<\/script>\n<!-- \/ Yoast SEO plugin. -->","yoast_head_json":{"title":"SUBWOOFER ELECTROVOICE MOD. EVOLVE50-SW - Mexican Guitar Players","description":"Subwoofer del sistema activo EVOLVE50, woofer de 12\u201d pulgadas en un gabinete de madera contrachapada de 15 mm, 1,000 watts de potencia, sistema full-range, amplificador Clase D, entradas XLR\/TRS combo, RCA y Bluetooth, salidas: XLR THRU y XLR MIX OUT, cobertura horizontal: 120\u00b0, vertical: 40\u00b0, frecuencia de crossover: 200 Hz, rango de frecuencia: 37 Hz - 20 kHz, respuesta de frecuencia: 43 Hz - 20 kHz, rejilla de acero con pintura en polvo, SPL m\u00e1ximo: 127 dB, peso: 26.25 kg.","robots":{"index":"index","follow":"follow","max-snippet":"max-snippet:-1","max-image-preview":"max-image-preview:large","max-video-preview":"max-video-preview:-1"},"canonical":"https:\/\/www.mexicanguitarplayers.com\/en\/tienda\/sin categor\u00eda\/subwoofer-electrovoice-mod-evolve50-sw\/","og_locale":"en_US","og_type":"article","og_title":"SUBWOOFER ELECTROVOICE MOD. EVOLVE50-SW - Mexican Guitar Players","og_description":"Subwoofer del sistema activo EVOLVE50, woofer de 12\u201d pulgadas en un gabinete de madera contrachapada de 15 mm, 1,000 watts de potencia, sistema full-range, amplificador Clase D, entradas XLR\/TRS combo, RCA y Bluetooth, salidas: XLR THRU y XLR MIX OUT, cobertura horizontal: 120\u00b0, vertical: 40\u00b0, frecuencia de crossover: 200 Hz, rango de frecuencia: 37 Hz - 20 kHz, respuesta de frecuencia: 43 Hz - 20 kHz, rejilla de acero con pintura en polvo, SPL m\u00e1ximo: 127 dB, peso: 26.25 kg.","og_url":"https:\/\/www.mexicanguitarplayers.com\/en\/tienda\/sin categor\u00eda\/subwoofer-electrovoice-mod-evolve50-sw\/","og_site_name":"Mexican Guitar Players","article_modified_time":"2026-02-04T10:14:57+00:00","twitter_card":"summary_large_image","twitter_misc":{"Est. reading time":"2 minutes"},"schema":{"@context":"https:\/\/schema.org","@graph":[{"@type":["WebPage","ItemPage"],"@id":"https:\/\/www.mexicanguitarplayers.com\/tienda\/sin categor\u00eda\/subwoofer-electrovoice-mod-evolve50-sw\/","url":"https:\/\/www.mexicanguitarplayers.com\/tienda\/sin categor\u00eda\/subwoofer-electrovoice-mod-evolve50-sw\/","name":"SUBWOOFER ELECTROVOICE MOD. EVOLVE50-SW - Mexican Guitar Players","isPartOf":{"@id":"https:\/\/www.mexicanguitarplayers.com\/#website"},"primaryImageOfPage":{"@id":"https:\/\/www.mexicanguitarplayers.com\/tienda\/sin categor\u00eda\/subwoofer-electrovoice-mod-evolve50-sw\/#primaryimage"},"image":{"@id":"https:\/\/www.mexicanguitarplayers.com\/tienda\/sin categor\u00eda\/subwoofer-electrovoice-mod-evolve50-sw\/#primaryimage"},"thumbnailUrl":"https:\/\/www.mexicanguitarplayers.com\/wp-content\/uploads\/2025\/04\/IAEVOEVOLV50SW.jpg","datePublished":"2025-04-09T21:39:47+00:00","dateModified":"2026-02-04T10:14:57+00:00","description":"Subwoofer del sistema activo EVOLVE50, woofer de 12\u201d pulgadas en un gabinete de madera contrachapada de 15 mm, 1,000 watts de potencia, sistema full-range, amplificador Clase D, entradas XLR\/TRS combo, RCA y Bluetooth, salidas: XLR THRU y XLR MIX OUT, cobertura horizontal: 120\u00b0, vertical: 40\u00b0, frecuencia de crossover: 200 Hz, rango de frecuencia: 37 Hz - 20 kHz, respuesta de frecuencia: 43 Hz - 20 kHz, rejilla de acero con pintura en polvo, SPL m\u00e1ximo: 127 dB, peso: 26.25 kg.","breadcrumb":{"@id":"https:\/\/www.mexicanguitarplayers.com\/tienda\/sin categor\u00eda\/subwoofer-electrovoice-mod-evolve50-sw\/#breadcrumb"},"inLanguage":"en-US","potentialAction":[{"@type":"ReadAction","target":["https:\/\/www.mexicanguitarplayers.com\/tienda\/sin categor\u00eda\/subwoofer-electrovoice-mod-evolve50-sw\/"]}]},{"@type":"ImageObject","inLanguage":"en-US","@id":"https:\/\/www.mexicanguitarplayers.com\/tienda\/sin categor\u00eda\/subwoofer-electrovoice-mod-evolve50-sw\/#primaryimage","url":"https:\/\/www.mexicanguitarplayers.com\/wp-content\/uploads\/2025\/04\/IAEVOEVOLV50SW.jpg","contentUrl":"https:\/\/www.mexicanguitarplayers.com\/wp-content\/uploads\/2025\/04\/IAEVOEVOLV50SW.jpg","width":1200,"height":1200},{"@type":"BreadcrumbList","@id":"https:\/\/www.mexicanguitarplayers.com\/tienda\/sin categor\u00eda\/subwoofer-electrovoice-mod-evolve50-sw\/#breadcrumb","itemListElement":[{"@type":"ListItem","position":1,"name":"Portada","item":"https:\/\/www.mexicanguitarplayers.com\/"},{"@type":"ListItem","position":2,"name":"Tienda","item":"https:\/\/www.mexicanguitarplayers.com\/tienda\/"},{"@type":"ListItem","position":3,"name":"SUBWOOFER ELECTROVOICE MOD. EVOLVE50-SW"}]},{"@type":"WebSite","@id":"https:\/\/www.mexicanguitarplayers.com\/#website","url":"https:\/\/www.mexicanguitarplayers.com\/","name":"Mexican Guitar Players","description":"Website","publisher":{"@id":"https:\/\/www.mexicanguitarplayers.com\/#organization"},"potentialAction":[{"@type":"SearchAction","target":{"@type":"EntryPoint","urlTemplate":"https:\/\/www.mexicanguitarplayers.com\/?s={search_term_string}"},"query-input":{"@type":"PropertyValueSpecification","valueRequired":true,"valueName":"search_term_string"}}],"inLanguage":"en-US"},{"@type":"Organization","@id":"https:\/\/www.mexicanguitarplayers.com\/#organization","name":"Mexican Guitar Players","url":"https:\/\/www.mexicanguitarplayers.com\/","logo":{"@type":"ImageObject","inLanguage":"en-US","@id":"https:\/\/www.mexicanguitarplayers.com\/#\/schema\/logo\/image\/","url":"","contentUrl":"","caption":"Mexican Guitar Players"},"image":{"@id":"https:\/\/www.mexicanguitarplayers.com\/#\/schema\/logo\/image\/"}}]}},"brands":[{"id":535,"name":"ELECTROVOICE","slug":"electrovoice"}],"_links":{"self":[{"href":"https:\/\/www.mexicanguitarplayers.com\/en\/wp-json\/wp\/v2\/product\/43161","targetHints":{"allow":["GET"]}}],"collection":[{"href":"https:\/\/www.mexicanguitarplayers.com\/en\/wp-json\/wp\/v2\/product"}],"about":[{"href":"https:\/\/www.mexicanguitarplayers.com\/en\/wp-json\/wp\/v2\/types\/product"}],"replies":[{"embeddable":true,"href":"https:\/\/www.mexicanguitarplayers.com\/en\/wp-json\/wp\/v2\/comments?post=43161"}],"wp:featuredmedia":[{"embeddable":true,"href":"https:\/\/www.mexicanguitarplayers.com\/en\/wp-json\/wp\/v2\/media\/43160"}],"wp:attachment":[{"href":"https:\/\/www.mexicanguitarplayers.com\/en\/wp-json\/wp\/v2\/media?parent=43161"}],"wp:term":[{"taxonomy":"pwb-brand","embeddable":true,"href":"https:\/\/www.mexicanguitarplayers.com\/en\/wp-json\/wp\/v2\/pwb-brand?post=43161"},{"taxonomy":"product_brand","embeddable":true,"href":"https:\/\/www.mexicanguitarplayers.com\/en\/wp-json\/wp\/v2\/product_brand?post=43161"},{"taxonomy":"product_cat","embeddable":true,"href":"https:\/\/www.mexicanguitarplayers.com\/en\/wp-json\/wp\/v2\/product_cat?post=43161"},{"taxonomy":"product_tag","embeddable":true,"href":"https:\/\/www.mexicanguitarplayers.com\/en\/wp-json\/wp\/v2\/product_tag?post=43161"}],"curies":[{"name":"wp","href":"https:\/\/api.w.org\/{rel}","templated":true}]}}