{"id":43211,"date":"2025-04-09T15:42:29","date_gmt":"2025-04-09T21:42:29","guid":{"rendered":"https:\/\/www.mexicanguitarplayers.com\/tienda\/sin categor\u00eda\/guitarra-mars-electrica-mod-hollowbody-335-classic\/"},"modified":"2026-05-01T07:15:30","modified_gmt":"2026-05-01T13:15:30","slug":"guitarra-mars-electrica-mod-hollowbody-335-classic","status":"publish","type":"product","link":"https:\/\/www.mexicanguitarplayers.com\/en\/tienda\/cuerdas\/guitarras-cuerdas\/electricas\/guitarra-mars-electrica-mod-hollowbody-335-classic\/","title":{"rendered":"GUITARRA MARS ELECTRICA MOD. HOLLOWBODY 335 CLASSIC"},"content":{"rendered":"<div style=\"text-align: justify\">\n<div>\n<h3>Guitarra El\u00e9ctrica Maple: Potencia y Estilo en Cada Nota<\/h3>\n<\/div>\n<div>Explora el potencial ilimitado de esta guitarra el\u00e9ctrica con cuerpo de arce y tapa de chapa de arce. Su m\u00e1stil de arce con forma moderna tipo C y diapas\u00f3n de palisandro ofrecen comodidad y versatilidad, ideal para cualquier estilo. Equipada con 2 potentes humbuckers cer\u00e1micos, un puente tipo stop bar tail y controles precisos de volumen, tono y selector de 3 posiciones para una variedad tonal incre\u00edble. Todo esto envuelto en un dise\u00f1o elegante disponible en colores vibrantes: rojo ardiente, negro cl\u00e1sico, violeta profundo y marr\u00f3n elegante.<\/div>\n<div>\n<h4>Quick look<\/h4>\n<\/div>\n<ul style=\"margin: 0px 0px 0px 25px\">\n<li style=\"list-style-type: circle;margin: 5px\">Clavijas de afinaci\u00f3n<\/li>\n<li style=\"list-style-type: circle;margin: 5px\">M\u00e1stil<\/li>\n<li style=\"list-style-type: circle;margin: 5px\">Forma del m\u00e1stil<\/li>\n<li style=\"list-style-type: circle;margin: 5px\">Diapas\u00f3n<\/li>\n<li style=\"list-style-type: circle;margin: 5px\">Radio del diapas\u00f3n<\/li>\n<li style=\"list-style-type: circle;margin: 5px\">Ancho de la cejuela<\/li>\n<li style=\"list-style-type: circle;margin: 5px\">Material de Cejuela<\/li>\n<li style=\"list-style-type: circle;margin: 5px\">Longitud de la escala de las cuerdas<\/li>\n<li style=\"list-style-type: circle;margin: 5px\">N\u00famero de trastes<\/li>\n<li style=\"list-style-type: circle;margin: 5px\">Forma del cuerpo<\/li>\n<li style=\"list-style-type: circle;margin: 5px\">Body<\/li>\n<li style=\"list-style-type: circle;margin: 5px\">Tapa<\/li>\n<li style=\"list-style-type: circle;margin: 5px\">Tablets<\/li>\n<li style=\"list-style-type: circle;margin: 5px\">Puente<\/li>\n<li style=\"list-style-type: circle;margin: 5px\">Controls<\/li>\n<li style=\"list-style-type: circle;margin: 5px\">Herrajes<\/li>\n<li style=\"list-style-type: circle;margin: 5px\">Colores<\/li>\n<\/ul>\n<div>\n<div style=\"font-weight: bold\">Clavijas de afinaci\u00f3n<\/div>\n<div>\n<p>Configuraci\u00f3n 3&#215;3.<\/p>\n<\/div>\n<div style=\"font-weight: bold\">M\u00e1stil<\/div>\n<div>\n<p>Arce.<\/p>\n<\/div>\n<div style=\"font-weight: bold\">Forma del m\u00e1stil<\/div>\n<div>\n<p>Moderna tipo C.<\/p>\n<\/div>\n<div style=\"font-weight: bold\">Diapas\u00f3n<\/div>\n<div>\n<p>Rosewood.<\/p>\n<\/div>\n<div style=\"font-weight: bold\">Radio del diapas\u00f3n<\/div>\n<div>\n<p>12 pulgadas.<\/p>\n<\/div>\n<div style=\"font-weight: bold\">Ancho de la cejuela<\/div>\n<div>\n<p>1.65 pulgadas.<\/p>\n<\/div>\n<div style=\"font-weight: bold\">Material de Cejuela<\/div>\n<div>\n<p>Pl\u00e1stico (U-Lite).<\/p>\n<\/div>\n<div style=\"font-weight: bold\">Longitud de la escala de las cuerdas<\/div>\n<div>\n<p>628 mm (25 pulgadas).<\/p>\n<\/div>\n<div style=\"font-weight: bold\">N\u00famero de trastes<\/div>\n<div>\n<p>22 trastes.<\/p>\n<\/div>\n<div style=\"font-weight: bold\">Forma del cuerpo<\/div>\n<div>\n<p>Doble cutaway con tapa en arco.<\/p>\n<\/div>\n<div style=\"font-weight: bold\">Body<\/div>\n<div>\n<p>Contrachapado de arce.<\/p>\n<\/div>\n<div style=\"font-weight: bold\">Tapa<\/div>\n<div>\n<p>Arce.<\/p>\n<\/div>\n<div style=\"font-weight: bold\">Tablets<\/div>\n<div>\n<p>2 humbuckers cer\u00e1micos.<\/p>\n<\/div>\n<div style=\"font-weight: bold\">Puente<\/div>\n<div>\n<p>Puente tipo stop bar.<\/p>\n<\/div>\n<div style=\"font-weight: bold\">Controls<\/div>\n<div>\n<p>2 de volumen, 2 de tono y selector de 3 posiciones.<\/p>\n<\/div>\n<div style=\"font-weight: bold\">Herrajes<\/div>\n<div>\n<p>Cromados.<\/p>\n<\/div>\n<div style=\"font-weight: bold\">Colores<\/div>\n<div>\n<p>Rojo (RD), negro (BK), violin sunburst (VT), marr\u00f3n (BN).<\/p>\n<\/div>\n<\/div>\n<\/div>","protected":false},"excerpt":{"rendered":"<p>Hollowbody 335 Classic, guitarra el\u00e9ctrica con cuerpo y tapa de arce, m\u00e1stil moderno en C de arce y diapas\u00f3n de palisandro. Equipada con 2 humbuckers cer\u00e1micos, puente stop bar tail y controles de volumen, tono y selector de 3 posiciones. Disponible en colores vibrantes: rojo, negro, violeta y marr\u00f3n, ofreciendo versatilidad y un sonido potente ideal para diversos estilos.&hellip; <a class=\"kt-excerpt-readmore more-link\" href=\"https:\/\/www.mexicanguitarplayers.com\/en\/tienda\/cuerdas\/guitarras-cuerdas\/electricas\/guitarra-mars-electrica-mod-hollowbody-335-classic\/\">Read more<\/a><\/p>","protected":false},"featured_media":43178,"comment_status":"open","ping_status":"closed","template":"","meta":{"kt_blocks_editor_width":""},"pwb-brand":[332],"product_brand":[],"product_cat":[224,313,312],"product_tag":[],"class_list":{"0":"post-43211","1":"product","2":"type-product","3":"status-publish","4":"has-post-thumbnail","6":"pwb-brand-mars","7":"product_cat-cuerdas","8":"product_cat-electricas","9":"product_cat-guitarras-cuerdas","10":"product_shipping_class-0-5-kg","12":"first","13":"instock","14":"taxable","15":"shipping-taxable","16":"purchasable","17":"product-type-simple"},"yoast_head":"<!-- This site is optimized with the Yoast SEO plugin v27.6 - https:\/\/yoast.com\/product\/yoast-seo-wordpress\/ -->\n<title>GUITARRA MARS ELECTRICA MOD. HOLLOWBODY 335 CLASSIC - Mexican Guitar Players<\/title>\n<meta name=\"description\" content=\"Hollowbody 335 Classic, guitarra el\u00e9ctrica con cuerpo y tapa de arce, m\u00e1stil moderno en C de arce y diapas\u00f3n de palisandro. Equipada con 2 humbuckers cer\u00e1micos, puente stop bar tail y controles de volumen, tono y selector de 3 posiciones. Disponible en colores vibrantes: rojo, negro, violeta y marr\u00f3n, ofreciendo versatilidad y un sonido potente ideal para diversos estilos.\" \/>\n<meta name=\"robots\" content=\"index, follow, max-snippet:-1, max-image-preview:large, max-video-preview:-1\" \/>\n<link rel=\"canonical\" href=\"https:\/\/www.mexicanguitarplayers.com\/en\/tienda\/sin%20categor\u00eda\/guitarra-mars-electrica-mod-hollowbody-335-classic\/\" \/>\n<meta property=\"og:locale\" content=\"en_US\" \/>\n<meta property=\"og:type\" content=\"article\" \/>\n<meta property=\"og:title\" content=\"GUITARRA MARS ELECTRICA MOD. HOLLOWBODY 335 CLASSIC - Mexican Guitar Players\" \/>\n<meta property=\"og:description\" content=\"Hollowbody 335 Classic, guitarra el\u00e9ctrica con cuerpo y tapa de arce, m\u00e1stil moderno en C de arce y diapas\u00f3n de palisandro. Equipada con 2 humbuckers cer\u00e1micos, puente stop bar tail y controles de volumen, tono y selector de 3 posiciones. Disponible en colores vibrantes: rojo, negro, violeta y marr\u00f3n, ofreciendo versatilidad y un sonido potente ideal para diversos estilos.\" \/>\n<meta property=\"og:url\" content=\"https:\/\/www.mexicanguitarplayers.com\/en\/tienda\/sin categor\u00eda\/guitarra-mars-electrica-mod-hollowbody-335-classic\/\" \/>\n<meta property=\"og:site_name\" content=\"Mexican Guitar Players\" \/>\n<meta property=\"article:modified_time\" content=\"2026-05-01T13:15:30+00:00\" \/>\n<meta name=\"twitter:card\" content=\"summary_large_image\" \/>\n<meta name=\"twitter:label1\" content=\"Est. reading time\" \/>\n\t<meta name=\"twitter:data1\" content=\"1 minute\" \/>\n<script type=\"application\/ld+json\" class=\"yoast-schema-graph\">{\"@context\":\"https:\\\/\\\/schema.org\",\"@graph\":[{\"@type\":[\"WebPage\",\"ItemPage\"],\"@id\":\"https:\\\/\\\/www.mexicanguitarplayers.com\\\/tienda\\\/sin categor\u00eda\\\/guitarra-mars-electrica-mod-hollowbody-335-classic\\\/\",\"url\":\"https:\\\/\\\/www.mexicanguitarplayers.com\\\/tienda\\\/sin categor\u00eda\\\/guitarra-mars-electrica-mod-hollowbody-335-classic\\\/\",\"name\":\"GUITARRA MARS ELECTRICA MOD. HOLLOWBODY 335 CLASSIC - Mexican Guitar Players\",\"isPartOf\":{\"@id\":\"https:\\\/\\\/www.mexicanguitarplayers.com\\\/#website\"},\"primaryImageOfPage\":{\"@id\":\"https:\\\/\\\/www.mexicanguitarplayers.com\\\/tienda\\\/sin categor\u00eda\\\/guitarra-mars-electrica-mod-hollowbody-335-classic\\\/#primaryimage\"},\"image\":{\"@id\":\"https:\\\/\\\/www.mexicanguitarplayers.com\\\/tienda\\\/sin categor\u00eda\\\/guitarra-mars-electrica-mod-hollowbody-335-classic\\\/#primaryimage\"},\"thumbnailUrl\":\"https:\\\/\\\/www.mexicanguitarplayers.com\\\/wp-content\\\/uploads\\\/2025\\\/04\\\/ISMASHB335CL-1.png\",\"datePublished\":\"2025-04-09T21:42:29+00:00\",\"dateModified\":\"2026-05-01T13:15:30+00:00\",\"description\":\"Hollowbody 335 Classic, guitarra el\u00e9ctrica con cuerpo y tapa de arce, m\u00e1stil moderno en C de arce y diapas\u00f3n de palisandro. Equipada con 2 humbuckers cer\u00e1micos, puente stop bar tail y controles de volumen, tono y selector de 3 posiciones. Disponible en colores vibrantes: rojo, negro, violeta y marr\u00f3n, ofreciendo versatilidad y un sonido potente ideal para diversos estilos.\",\"breadcrumb\":{\"@id\":\"https:\\\/\\\/www.mexicanguitarplayers.com\\\/tienda\\\/sin categor\u00eda\\\/guitarra-mars-electrica-mod-hollowbody-335-classic\\\/#breadcrumb\"},\"inLanguage\":\"en-US\",\"potentialAction\":[{\"@type\":\"ReadAction\",\"target\":[\"https:\\\/\\\/www.mexicanguitarplayers.com\\\/tienda\\\/sin categor\u00eda\\\/guitarra-mars-electrica-mod-hollowbody-335-classic\\\/\"]}]},{\"@type\":\"ImageObject\",\"inLanguage\":\"en-US\",\"@id\":\"https:\\\/\\\/www.mexicanguitarplayers.com\\\/tienda\\\/sin categor\u00eda\\\/guitarra-mars-electrica-mod-hollowbody-335-classic\\\/#primaryimage\",\"url\":\"https:\\\/\\\/www.mexicanguitarplayers.com\\\/wp-content\\\/uploads\\\/2025\\\/04\\\/ISMASHB335CL-1.png\",\"contentUrl\":\"https:\\\/\\\/www.mexicanguitarplayers.com\\\/wp-content\\\/uploads\\\/2025\\\/04\\\/ISMASHB335CL-1.png\",\"width\":800,\"height\":1600},{\"@type\":\"BreadcrumbList\",\"@id\":\"https:\\\/\\\/www.mexicanguitarplayers.com\\\/tienda\\\/sin categor\u00eda\\\/guitarra-mars-electrica-mod-hollowbody-335-classic\\\/#breadcrumb\",\"itemListElement\":[{\"@type\":\"ListItem\",\"position\":1,\"name\":\"Portada\",\"item\":\"https:\\\/\\\/www.mexicanguitarplayers.com\\\/\"},{\"@type\":\"ListItem\",\"position\":2,\"name\":\"Tienda\",\"item\":\"https:\\\/\\\/www.mexicanguitarplayers.com\\\/tienda\\\/\"},{\"@type\":\"ListItem\",\"position\":3,\"name\":\"GUITARRA MARS ELECTRICA MOD. HOLLOWBODY 335 CLASSIC\"}]},{\"@type\":\"WebSite\",\"@id\":\"https:\\\/\\\/www.mexicanguitarplayers.com\\\/#website\",\"url\":\"https:\\\/\\\/www.mexicanguitarplayers.com\\\/\",\"name\":\"Mexican Guitar Players\",\"description\":\"Website\",\"publisher\":{\"@id\":\"https:\\\/\\\/www.mexicanguitarplayers.com\\\/#organization\"},\"potentialAction\":[{\"@type\":\"SearchAction\",\"target\":{\"@type\":\"EntryPoint\",\"urlTemplate\":\"https:\\\/\\\/www.mexicanguitarplayers.com\\\/?s={search_term_string}\"},\"query-input\":{\"@type\":\"PropertyValueSpecification\",\"valueRequired\":true,\"valueName\":\"search_term_string\"}}],\"inLanguage\":\"en-US\"},{\"@type\":\"Organization\",\"@id\":\"https:\\\/\\\/www.mexicanguitarplayers.com\\\/#organization\",\"name\":\"Mexican Guitar Players\",\"url\":\"https:\\\/\\\/www.mexicanguitarplayers.com\\\/\",\"logo\":{\"@type\":\"ImageObject\",\"inLanguage\":\"en-US\",\"@id\":\"https:\\\/\\\/www.mexicanguitarplayers.com\\\/#\\\/schema\\\/logo\\\/image\\\/\",\"url\":\"\",\"contentUrl\":\"\",\"caption\":\"Mexican Guitar Players\"},\"image\":{\"@id\":\"https:\\\/\\\/www.mexicanguitarplayers.com\\\/#\\\/schema\\\/logo\\\/image\\\/\"}}]}<\/script>\n<!-- \/ Yoast SEO plugin. -->","yoast_head_json":{"title":"GUITARRA MARS ELECTRICA MOD. HOLLOWBODY 335 CLASSIC - Mexican Guitar Players","description":"Hollowbody 335 Classic, guitarra el\u00e9ctrica con cuerpo y tapa de arce, m\u00e1stil moderno en C de arce y diapas\u00f3n de palisandro. Equipada con 2 humbuckers cer\u00e1micos, puente stop bar tail y controles de volumen, tono y selector de 3 posiciones. Disponible en colores vibrantes: rojo, negro, violeta y marr\u00f3n, ofreciendo versatilidad y un sonido potente ideal para diversos estilos.","robots":{"index":"index","follow":"follow","max-snippet":"max-snippet:-1","max-image-preview":"max-image-preview:large","max-video-preview":"max-video-preview:-1"},"canonical":"https:\/\/www.mexicanguitarplayers.com\/en\/tienda\/sin categor\u00eda\/guitarra-mars-electrica-mod-hollowbody-335-classic\/","og_locale":"en_US","og_type":"article","og_title":"GUITARRA MARS ELECTRICA MOD. HOLLOWBODY 335 CLASSIC - Mexican Guitar Players","og_description":"Hollowbody 335 Classic, guitarra el\u00e9ctrica con cuerpo y tapa de arce, m\u00e1stil moderno en C de arce y diapas\u00f3n de palisandro. Equipada con 2 humbuckers cer\u00e1micos, puente stop bar tail y controles de volumen, tono y selector de 3 posiciones. Disponible en colores vibrantes: rojo, negro, violeta y marr\u00f3n, ofreciendo versatilidad y un sonido potente ideal para diversos estilos.","og_url":"https:\/\/www.mexicanguitarplayers.com\/en\/tienda\/sin categor\u00eda\/guitarra-mars-electrica-mod-hollowbody-335-classic\/","og_site_name":"Mexican Guitar Players","article_modified_time":"2026-05-01T13:15:30+00:00","twitter_card":"summary_large_image","twitter_misc":{"Est. reading time":"1 minute"},"schema":{"@context":"https:\/\/schema.org","@graph":[{"@type":["WebPage","ItemPage"],"@id":"https:\/\/www.mexicanguitarplayers.com\/tienda\/sin categor\u00eda\/guitarra-mars-electrica-mod-hollowbody-335-classic\/","url":"https:\/\/www.mexicanguitarplayers.com\/tienda\/sin categor\u00eda\/guitarra-mars-electrica-mod-hollowbody-335-classic\/","name":"GUITARRA MARS ELECTRICA MOD. HOLLOWBODY 335 CLASSIC - Mexican Guitar Players","isPartOf":{"@id":"https:\/\/www.mexicanguitarplayers.com\/#website"},"primaryImageOfPage":{"@id":"https:\/\/www.mexicanguitarplayers.com\/tienda\/sin categor\u00eda\/guitarra-mars-electrica-mod-hollowbody-335-classic\/#primaryimage"},"image":{"@id":"https:\/\/www.mexicanguitarplayers.com\/tienda\/sin categor\u00eda\/guitarra-mars-electrica-mod-hollowbody-335-classic\/#primaryimage"},"thumbnailUrl":"https:\/\/www.mexicanguitarplayers.com\/wp-content\/uploads\/2025\/04\/ISMASHB335CL-1.png","datePublished":"2025-04-09T21:42:29+00:00","dateModified":"2026-05-01T13:15:30+00:00","description":"Hollowbody 335 Classic, guitarra el\u00e9ctrica con cuerpo y tapa de arce, m\u00e1stil moderno en C de arce y diapas\u00f3n de palisandro. Equipada con 2 humbuckers cer\u00e1micos, puente stop bar tail y controles de volumen, tono y selector de 3 posiciones. Disponible en colores vibrantes: rojo, negro, violeta y marr\u00f3n, ofreciendo versatilidad y un sonido potente ideal para diversos estilos.","breadcrumb":{"@id":"https:\/\/www.mexicanguitarplayers.com\/tienda\/sin categor\u00eda\/guitarra-mars-electrica-mod-hollowbody-335-classic\/#breadcrumb"},"inLanguage":"en-US","potentialAction":[{"@type":"ReadAction","target":["https:\/\/www.mexicanguitarplayers.com\/tienda\/sin categor\u00eda\/guitarra-mars-electrica-mod-hollowbody-335-classic\/"]}]},{"@type":"ImageObject","inLanguage":"en-US","@id":"https:\/\/www.mexicanguitarplayers.com\/tienda\/sin categor\u00eda\/guitarra-mars-electrica-mod-hollowbody-335-classic\/#primaryimage","url":"https:\/\/www.mexicanguitarplayers.com\/wp-content\/uploads\/2025\/04\/ISMASHB335CL-1.png","contentUrl":"https:\/\/www.mexicanguitarplayers.com\/wp-content\/uploads\/2025\/04\/ISMASHB335CL-1.png","width":800,"height":1600},{"@type":"BreadcrumbList","@id":"https:\/\/www.mexicanguitarplayers.com\/tienda\/sin categor\u00eda\/guitarra-mars-electrica-mod-hollowbody-335-classic\/#breadcrumb","itemListElement":[{"@type":"ListItem","position":1,"name":"Portada","item":"https:\/\/www.mexicanguitarplayers.com\/"},{"@type":"ListItem","position":2,"name":"Tienda","item":"https:\/\/www.mexicanguitarplayers.com\/tienda\/"},{"@type":"ListItem","position":3,"name":"GUITARRA MARS ELECTRICA MOD. HOLLOWBODY 335 CLASSIC"}]},{"@type":"WebSite","@id":"https:\/\/www.mexicanguitarplayers.com\/#website","url":"https:\/\/www.mexicanguitarplayers.com\/","name":"Mexican Guitar Players","description":"Website","publisher":{"@id":"https:\/\/www.mexicanguitarplayers.com\/#organization"},"potentialAction":[{"@type":"SearchAction","target":{"@type":"EntryPoint","urlTemplate":"https:\/\/www.mexicanguitarplayers.com\/?s={search_term_string}"},"query-input":{"@type":"PropertyValueSpecification","valueRequired":true,"valueName":"search_term_string"}}],"inLanguage":"en-US"},{"@type":"Organization","@id":"https:\/\/www.mexicanguitarplayers.com\/#organization","name":"Mexican Guitar Players","url":"https:\/\/www.mexicanguitarplayers.com\/","logo":{"@type":"ImageObject","inLanguage":"en-US","@id":"https:\/\/www.mexicanguitarplayers.com\/#\/schema\/logo\/image\/","url":"","contentUrl":"","caption":"Mexican Guitar Players"},"image":{"@id":"https:\/\/www.mexicanguitarplayers.com\/#\/schema\/logo\/image\/"}}]}},"brands":[{"id":332,"name":"MARS","slug":"mars"}],"_links":{"self":[{"href":"https:\/\/www.mexicanguitarplayers.com\/en\/wp-json\/wp\/v2\/product\/43211","targetHints":{"allow":["GET"]}}],"collection":[{"href":"https:\/\/www.mexicanguitarplayers.com\/en\/wp-json\/wp\/v2\/product"}],"about":[{"href":"https:\/\/www.mexicanguitarplayers.com\/en\/wp-json\/wp\/v2\/types\/product"}],"replies":[{"embeddable":true,"href":"https:\/\/www.mexicanguitarplayers.com\/en\/wp-json\/wp\/v2\/comments?post=43211"}],"wp:featuredmedia":[{"embeddable":true,"href":"https:\/\/www.mexicanguitarplayers.com\/en\/wp-json\/wp\/v2\/media\/43178"}],"wp:attachment":[{"href":"https:\/\/www.mexicanguitarplayers.com\/en\/wp-json\/wp\/v2\/media?parent=43211"}],"wp:term":[{"taxonomy":"pwb-brand","embeddable":true,"href":"https:\/\/www.mexicanguitarplayers.com\/en\/wp-json\/wp\/v2\/pwb-brand?post=43211"},{"taxonomy":"product_brand","embeddable":true,"href":"https:\/\/www.mexicanguitarplayers.com\/en\/wp-json\/wp\/v2\/product_brand?post=43211"},{"taxonomy":"product_cat","embeddable":true,"href":"https:\/\/www.mexicanguitarplayers.com\/en\/wp-json\/wp\/v2\/product_cat?post=43211"},{"taxonomy":"product_tag","embeddable":true,"href":"https:\/\/www.mexicanguitarplayers.com\/en\/wp-json\/wp\/v2\/product_tag?post=43211"}],"curies":[{"name":"wp","href":"https:\/\/api.w.org\/{rel}","templated":true}]}}