{"id":43296,"date":"2025-04-09T15:45:53","date_gmt":"2025-04-09T21:45:53","guid":{"rendered":"https:\/\/www.mexicanguitarplayers.com\/tienda\/sin categor\u00eda\/guitarra-schecter-elect-mod-aaron-marshall-am-7\/"},"modified":"2026-04-10T04:15:31","modified_gmt":"2026-04-10T10:15:31","slug":"guitarra-schecter-elect-mod-aaron-marshall-am-7","status":"publish","type":"product","link":"https:\/\/www.mexicanguitarplayers.com\/en\/tienda\/cuerdas\/guitarras-cuerdas\/electricas\/guitarras-electricas-solidas\/guitarra-schecter-elect-mod-aaron-marshall-am-7\/","title":{"rendered":"GUITARRA SCHECTER ELECT. MOD. AARON MARSHALL AM-7"},"content":{"rendered":"<div style=\"text-align: justify\">\n<div>\n<h3>Aaron Marshall AM-7 Cobalt Slate<\/h3>\n<\/div>\n<div>Durante m\u00e1s de una d\u00e9cada, Aaron Marshall ha empujado los l\u00edmites del metal progresivo con su proyecto Intervals. Teniendo en cuenta que la fuerza impulsora de la banda es su mezcla de dominio de la guitarra t\u00e9cnica y de buen gusto, no sorprende que la guitarra el\u00e9ctrica Schecter Aaron Marshall AM-7 sea la combinaci\u00f3n perfecta de rendimiento, jugabilidad y tono. Este instrumento comienza con un cuerpo liviano de tilo que est\u00e1 cargado con humbuckers Equinox y Solstice, creado por Schecter USA para abordar sin esfuerzo todo, desde chug de rango extendido de ganancia ultra alta hasta tonos limpios atmosf\u00e9ricos. A continuaci\u00f3n, la delgada forma de &#8220;C&#8221; del m\u00e1stil de wengu\u00e9 seguramente complacer\u00e1 a cualquier jugador t\u00e9cnicamente inclinado, mientras que los trastes jumbo de acero inoxidable y el radio de 16 pulgadas hacen que todo, desde arpegios r\u00e1pidos hasta curvas masivas de varios pasos, sea muy f\u00e1cil. Finalmente,<\/div>\n<div>\n<h4>Characteristics<\/h4>\n<\/div>\n<div>\n<ul style=\"margin: 0px 0px 0px 25px\">\n<li style=\"list-style-type: circle;margin: 5px\">N\u00daMERO DE CUERDAS<\/li>\n<li style=\"list-style-type: circle;margin: 5px\">CUERPO<\/li>\n<li style=\"list-style-type: circle;margin: 5px\">CUELLO<\/li>\n<li style=\"list-style-type: circle;margin: 5px\">HARDWARE<\/li>\n<li style=\"list-style-type: circle;margin: 5px\">ELECTRONICS<\/li>\n<li style=\"list-style-type: circle;margin: 5px\">ACCESORIOS<\/li>\n<\/ul>\n<\/div>\n<\/div>","protected":false},"excerpt":{"rendered":"<p>Guitarra el\u00e9ctrica SCHECTER AARON MARSHALL AM-7, guitarra construida con cuerpo ligero de tilo, m\u00e1stil de wengu\u00e9 aserrado en un cuarto en un perfil delgado en \u201dC\u201d de juego r\u00e1pido. Magn\u00edfico diapas\u00f3n de \u00e9bano de Macassar con 24 trastes jumbo de acero inoxidable son altamente resistentes al desgaste del juego. Cuenta con radio de 16 pulgadas facilita el juego en todo el tablero. Los humbuckers Schecter USA Solstice y Equinox cubren sin esfuerzo desde tonos bajos hasta tonos limpios y atmosf\u00e9ricos. El puente fijo Hipshot de 7 cuerdas y los afinadores Hipshot Grip Lock conservan la estabilidad de afinaci\u00f3n.&hellip; <a class=\"kt-excerpt-readmore more-link\" href=\"https:\/\/www.mexicanguitarplayers.com\/en\/tienda\/cuerdas\/guitarras-cuerdas\/electricas\/guitarras-electricas-solidas\/guitarra-schecter-elect-mod-aaron-marshall-am-7\/\">Read more<\/a><\/p>","protected":false},"featured_media":43286,"comment_status":"open","ping_status":"closed","template":"","meta":{"kt_blocks_editor_width":""},"pwb-brand":[175],"product_brand":[],"product_cat":[224,313,312,314],"product_tag":[],"class_list":{"0":"post-43296","1":"product","2":"type-product","3":"status-publish","4":"has-post-thumbnail","6":"pwb-brand-schecter","7":"product_cat-cuerdas","8":"product_cat-electricas","9":"product_cat-guitarras-cuerdas","10":"product_cat-guitarras-electricas-solidas","11":"product_shipping_class-0-5-kg","13":"first","14":"outofstock","15":"taxable","16":"shipping-taxable","17":"purchasable","18":"product-type-simple"},"yoast_head":"<!-- This site is optimized with the Yoast SEO plugin v27.5 - https:\/\/yoast.com\/product\/yoast-seo-wordpress\/ -->\n<title>GUITARRA SCHECTER ELECT. MOD. AARON MARSHALL AM-7 - Mexican Guitar Players<\/title>\n<meta name=\"description\" content=\"Guitarra el\u00e9ctrica SCHECTER AARON MARSHALL AM-7, guitarra construida con cuerpo ligero de tilo, m\u00e1stil de wengu\u00e9 aserrado en un cuarto en un perfil delgado en \u201dC\u201d de juego r\u00e1pido. Magn\u00edfico diapas\u00f3n de \u00e9bano de Macassar con 24 trastes jumbo de acero inoxidable son altamente resistentes al desgaste del juego. Cuenta con radio de 16 pulgadas facilita el juego en todo el tablero. Los humbuckers Schecter USA Solstice y Equinox cubren sin esfuerzo desde tonos bajos hasta tonos limpios y atmosf\u00e9ricos. El puente fijo Hipshot de 7 cuerdas y los afinadores Hipshot Grip Lock conservan la estabilidad de afinaci\u00f3n.\" \/>\n<meta name=\"robots\" content=\"index, follow, max-snippet:-1, max-image-preview:large, max-video-preview:-1\" \/>\n<link rel=\"canonical\" href=\"https:\/\/www.mexicanguitarplayers.com\/en\/tienda\/sin%20categor\u00eda\/guitarra-schecter-elect-mod-aaron-marshall-am-7\/\" \/>\n<meta property=\"og:locale\" content=\"en_US\" \/>\n<meta property=\"og:type\" content=\"article\" \/>\n<meta property=\"og:title\" content=\"GUITARRA SCHECTER ELECT. MOD. AARON MARSHALL AM-7 - Mexican Guitar Players\" \/>\n<meta property=\"og:description\" content=\"Guitarra el\u00e9ctrica SCHECTER AARON MARSHALL AM-7, guitarra construida con cuerpo ligero de tilo, m\u00e1stil de wengu\u00e9 aserrado en un cuarto en un perfil delgado en \u201dC\u201d de juego r\u00e1pido. Magn\u00edfico diapas\u00f3n de \u00e9bano de Macassar con 24 trastes jumbo de acero inoxidable son altamente resistentes al desgaste del juego. Cuenta con radio de 16 pulgadas facilita el juego en todo el tablero. Los humbuckers Schecter USA Solstice y Equinox cubren sin esfuerzo desde tonos bajos hasta tonos limpios y atmosf\u00e9ricos. El puente fijo Hipshot de 7 cuerdas y los afinadores Hipshot Grip Lock conservan la estabilidad de afinaci\u00f3n.\" \/>\n<meta property=\"og:url\" content=\"https:\/\/www.mexicanguitarplayers.com\/en\/tienda\/sin categor\u00eda\/guitarra-schecter-elect-mod-aaron-marshall-am-7\/\" \/>\n<meta property=\"og:site_name\" content=\"Mexican Guitar Players\" \/>\n<meta property=\"article:modified_time\" content=\"2026-04-10T10:15:31+00:00\" \/>\n<meta name=\"twitter:card\" content=\"summary_large_image\" \/>\n<meta name=\"twitter:label1\" content=\"Est. reading time\" \/>\n\t<meta name=\"twitter:data1\" content=\"1 minute\" \/>\n<script type=\"application\/ld+json\" class=\"yoast-schema-graph\">{\"@context\":\"https:\\\/\\\/schema.org\",\"@graph\":[{\"@type\":[\"WebPage\",\"ItemPage\"],\"@id\":\"https:\\\/\\\/www.mexicanguitarplayers.com\\\/tienda\\\/sin categor\u00eda\\\/guitarra-schecter-elect-mod-aaron-marshall-am-7\\\/\",\"url\":\"https:\\\/\\\/www.mexicanguitarplayers.com\\\/tienda\\\/sin categor\u00eda\\\/guitarra-schecter-elect-mod-aaron-marshall-am-7\\\/\",\"name\":\"GUITARRA SCHECTER ELECT. MOD. AARON MARSHALL AM-7 - Mexican Guitar Players\",\"isPartOf\":{\"@id\":\"https:\\\/\\\/www.mexicanguitarplayers.com\\\/#website\"},\"primaryImageOfPage\":{\"@id\":\"https:\\\/\\\/www.mexicanguitarplayers.com\\\/tienda\\\/sin categor\u00eda\\\/guitarra-schecter-elect-mod-aaron-marshall-am-7\\\/#primaryimage\"},\"image\":{\"@id\":\"https:\\\/\\\/www.mexicanguitarplayers.com\\\/tienda\\\/sin categor\u00eda\\\/guitarra-schecter-elect-mod-aaron-marshall-am-7\\\/#primaryimage\"},\"thumbnailUrl\":\"https:\\\/\\\/www.mexicanguitarplayers.com\\\/wp-content\\\/uploads\\\/2025\\\/04\\\/ISSCCAARONMAM7-1.jpg\",\"datePublished\":\"2025-04-09T21:45:53+00:00\",\"dateModified\":\"2026-04-10T10:15:31+00:00\",\"description\":\"Guitarra el\u00e9ctrica SCHECTER AARON MARSHALL AM-7, guitarra construida con cuerpo ligero de tilo, m\u00e1stil de wengu\u00e9 aserrado en un cuarto en un perfil delgado en \u201dC\u201d de juego r\u00e1pido. Magn\u00edfico diapas\u00f3n de \u00e9bano de Macassar con 24 trastes jumbo de acero inoxidable son altamente resistentes al desgaste del juego. Cuenta con radio de 16 pulgadas facilita el juego en todo el tablero. Los humbuckers Schecter USA Solstice y Equinox cubren sin esfuerzo desde tonos bajos hasta tonos limpios y atmosf\u00e9ricos. El puente fijo Hipshot de 7 cuerdas y los afinadores Hipshot Grip Lock conservan la estabilidad de afinaci\u00f3n.\",\"breadcrumb\":{\"@id\":\"https:\\\/\\\/www.mexicanguitarplayers.com\\\/tienda\\\/sin categor\u00eda\\\/guitarra-schecter-elect-mod-aaron-marshall-am-7\\\/#breadcrumb\"},\"inLanguage\":\"en-US\",\"potentialAction\":[{\"@type\":\"ReadAction\",\"target\":[\"https:\\\/\\\/www.mexicanguitarplayers.com\\\/tienda\\\/sin categor\u00eda\\\/guitarra-schecter-elect-mod-aaron-marshall-am-7\\\/\"]}]},{\"@type\":\"ImageObject\",\"inLanguage\":\"en-US\",\"@id\":\"https:\\\/\\\/www.mexicanguitarplayers.com\\\/tienda\\\/sin categor\u00eda\\\/guitarra-schecter-elect-mod-aaron-marshall-am-7\\\/#primaryimage\",\"url\":\"https:\\\/\\\/www.mexicanguitarplayers.com\\\/wp-content\\\/uploads\\\/2025\\\/04\\\/ISSCCAARONMAM7-1.jpg\",\"contentUrl\":\"https:\\\/\\\/www.mexicanguitarplayers.com\\\/wp-content\\\/uploads\\\/2025\\\/04\\\/ISSCCAARONMAM7-1.jpg\",\"width\":800,\"height\":1600},{\"@type\":\"BreadcrumbList\",\"@id\":\"https:\\\/\\\/www.mexicanguitarplayers.com\\\/tienda\\\/sin categor\u00eda\\\/guitarra-schecter-elect-mod-aaron-marshall-am-7\\\/#breadcrumb\",\"itemListElement\":[{\"@type\":\"ListItem\",\"position\":1,\"name\":\"Portada\",\"item\":\"https:\\\/\\\/www.mexicanguitarplayers.com\\\/\"},{\"@type\":\"ListItem\",\"position\":2,\"name\":\"Tienda\",\"item\":\"https:\\\/\\\/www.mexicanguitarplayers.com\\\/tienda\\\/\"},{\"@type\":\"ListItem\",\"position\":3,\"name\":\"GUITARRA SCHECTER ELECT. MOD. AARON MARSHALL AM-7\"}]},{\"@type\":\"WebSite\",\"@id\":\"https:\\\/\\\/www.mexicanguitarplayers.com\\\/#website\",\"url\":\"https:\\\/\\\/www.mexicanguitarplayers.com\\\/\",\"name\":\"Mexican Guitar Players\",\"description\":\"Website\",\"publisher\":{\"@id\":\"https:\\\/\\\/www.mexicanguitarplayers.com\\\/#organization\"},\"potentialAction\":[{\"@type\":\"SearchAction\",\"target\":{\"@type\":\"EntryPoint\",\"urlTemplate\":\"https:\\\/\\\/www.mexicanguitarplayers.com\\\/?s={search_term_string}\"},\"query-input\":{\"@type\":\"PropertyValueSpecification\",\"valueRequired\":true,\"valueName\":\"search_term_string\"}}],\"inLanguage\":\"en-US\"},{\"@type\":\"Organization\",\"@id\":\"https:\\\/\\\/www.mexicanguitarplayers.com\\\/#organization\",\"name\":\"Mexican Guitar Players\",\"url\":\"https:\\\/\\\/www.mexicanguitarplayers.com\\\/\",\"logo\":{\"@type\":\"ImageObject\",\"inLanguage\":\"en-US\",\"@id\":\"https:\\\/\\\/www.mexicanguitarplayers.com\\\/#\\\/schema\\\/logo\\\/image\\\/\",\"url\":\"\",\"contentUrl\":\"\",\"caption\":\"Mexican Guitar Players\"},\"image\":{\"@id\":\"https:\\\/\\\/www.mexicanguitarplayers.com\\\/#\\\/schema\\\/logo\\\/image\\\/\"}}]}<\/script>\n<!-- \/ Yoast SEO plugin. -->","yoast_head_json":{"title":"GUITARRA SCHECTER ELECT. MOD. AARON MARSHALL AM-7 - Mexican Guitar Players","description":"Guitarra el\u00e9ctrica SCHECTER AARON MARSHALL AM-7, guitarra construida con cuerpo ligero de tilo, m\u00e1stil de wengu\u00e9 aserrado en un cuarto en un perfil delgado en \u201dC\u201d de juego r\u00e1pido. Magn\u00edfico diapas\u00f3n de \u00e9bano de Macassar con 24 trastes jumbo de acero inoxidable son altamente resistentes al desgaste del juego. Cuenta con radio de 16 pulgadas facilita el juego en todo el tablero. Los humbuckers Schecter USA Solstice y Equinox cubren sin esfuerzo desde tonos bajos hasta tonos limpios y atmosf\u00e9ricos. El puente fijo Hipshot de 7 cuerdas y los afinadores Hipshot Grip Lock conservan la estabilidad de afinaci\u00f3n.","robots":{"index":"index","follow":"follow","max-snippet":"max-snippet:-1","max-image-preview":"max-image-preview:large","max-video-preview":"max-video-preview:-1"},"canonical":"https:\/\/www.mexicanguitarplayers.com\/en\/tienda\/sin categor\u00eda\/guitarra-schecter-elect-mod-aaron-marshall-am-7\/","og_locale":"en_US","og_type":"article","og_title":"GUITARRA SCHECTER ELECT. MOD. AARON MARSHALL AM-7 - Mexican Guitar Players","og_description":"Guitarra el\u00e9ctrica SCHECTER AARON MARSHALL AM-7, guitarra construida con cuerpo ligero de tilo, m\u00e1stil de wengu\u00e9 aserrado en un cuarto en un perfil delgado en \u201dC\u201d de juego r\u00e1pido. Magn\u00edfico diapas\u00f3n de \u00e9bano de Macassar con 24 trastes jumbo de acero inoxidable son altamente resistentes al desgaste del juego. Cuenta con radio de 16 pulgadas facilita el juego en todo el tablero. Los humbuckers Schecter USA Solstice y Equinox cubren sin esfuerzo desde tonos bajos hasta tonos limpios y atmosf\u00e9ricos. El puente fijo Hipshot de 7 cuerdas y los afinadores Hipshot Grip Lock conservan la estabilidad de afinaci\u00f3n.","og_url":"https:\/\/www.mexicanguitarplayers.com\/en\/tienda\/sin categor\u00eda\/guitarra-schecter-elect-mod-aaron-marshall-am-7\/","og_site_name":"Mexican Guitar Players","article_modified_time":"2026-04-10T10:15:31+00:00","twitter_card":"summary_large_image","twitter_misc":{"Est. reading time":"1 minute"},"schema":{"@context":"https:\/\/schema.org","@graph":[{"@type":["WebPage","ItemPage"],"@id":"https:\/\/www.mexicanguitarplayers.com\/tienda\/sin categor\u00eda\/guitarra-schecter-elect-mod-aaron-marshall-am-7\/","url":"https:\/\/www.mexicanguitarplayers.com\/tienda\/sin categor\u00eda\/guitarra-schecter-elect-mod-aaron-marshall-am-7\/","name":"GUITARRA SCHECTER ELECT. MOD. AARON MARSHALL AM-7 - Mexican Guitar Players","isPartOf":{"@id":"https:\/\/www.mexicanguitarplayers.com\/#website"},"primaryImageOfPage":{"@id":"https:\/\/www.mexicanguitarplayers.com\/tienda\/sin categor\u00eda\/guitarra-schecter-elect-mod-aaron-marshall-am-7\/#primaryimage"},"image":{"@id":"https:\/\/www.mexicanguitarplayers.com\/tienda\/sin categor\u00eda\/guitarra-schecter-elect-mod-aaron-marshall-am-7\/#primaryimage"},"thumbnailUrl":"https:\/\/www.mexicanguitarplayers.com\/wp-content\/uploads\/2025\/04\/ISSCCAARONMAM7-1.jpg","datePublished":"2025-04-09T21:45:53+00:00","dateModified":"2026-04-10T10:15:31+00:00","description":"Guitarra el\u00e9ctrica SCHECTER AARON MARSHALL AM-7, guitarra construida con cuerpo ligero de tilo, m\u00e1stil de wengu\u00e9 aserrado en un cuarto en un perfil delgado en \u201dC\u201d de juego r\u00e1pido. Magn\u00edfico diapas\u00f3n de \u00e9bano de Macassar con 24 trastes jumbo de acero inoxidable son altamente resistentes al desgaste del juego. Cuenta con radio de 16 pulgadas facilita el juego en todo el tablero. Los humbuckers Schecter USA Solstice y Equinox cubren sin esfuerzo desde tonos bajos hasta tonos limpios y atmosf\u00e9ricos. El puente fijo Hipshot de 7 cuerdas y los afinadores Hipshot Grip Lock conservan la estabilidad de afinaci\u00f3n.","breadcrumb":{"@id":"https:\/\/www.mexicanguitarplayers.com\/tienda\/sin categor\u00eda\/guitarra-schecter-elect-mod-aaron-marshall-am-7\/#breadcrumb"},"inLanguage":"en-US","potentialAction":[{"@type":"ReadAction","target":["https:\/\/www.mexicanguitarplayers.com\/tienda\/sin categor\u00eda\/guitarra-schecter-elect-mod-aaron-marshall-am-7\/"]}]},{"@type":"ImageObject","inLanguage":"en-US","@id":"https:\/\/www.mexicanguitarplayers.com\/tienda\/sin categor\u00eda\/guitarra-schecter-elect-mod-aaron-marshall-am-7\/#primaryimage","url":"https:\/\/www.mexicanguitarplayers.com\/wp-content\/uploads\/2025\/04\/ISSCCAARONMAM7-1.jpg","contentUrl":"https:\/\/www.mexicanguitarplayers.com\/wp-content\/uploads\/2025\/04\/ISSCCAARONMAM7-1.jpg","width":800,"height":1600},{"@type":"BreadcrumbList","@id":"https:\/\/www.mexicanguitarplayers.com\/tienda\/sin categor\u00eda\/guitarra-schecter-elect-mod-aaron-marshall-am-7\/#breadcrumb","itemListElement":[{"@type":"ListItem","position":1,"name":"Portada","item":"https:\/\/www.mexicanguitarplayers.com\/"},{"@type":"ListItem","position":2,"name":"Tienda","item":"https:\/\/www.mexicanguitarplayers.com\/tienda\/"},{"@type":"ListItem","position":3,"name":"GUITARRA SCHECTER ELECT. MOD. AARON MARSHALL AM-7"}]},{"@type":"WebSite","@id":"https:\/\/www.mexicanguitarplayers.com\/#website","url":"https:\/\/www.mexicanguitarplayers.com\/","name":"Mexican Guitar Players","description":"Website","publisher":{"@id":"https:\/\/www.mexicanguitarplayers.com\/#organization"},"potentialAction":[{"@type":"SearchAction","target":{"@type":"EntryPoint","urlTemplate":"https:\/\/www.mexicanguitarplayers.com\/?s={search_term_string}"},"query-input":{"@type":"PropertyValueSpecification","valueRequired":true,"valueName":"search_term_string"}}],"inLanguage":"en-US"},{"@type":"Organization","@id":"https:\/\/www.mexicanguitarplayers.com\/#organization","name":"Mexican Guitar Players","url":"https:\/\/www.mexicanguitarplayers.com\/","logo":{"@type":"ImageObject","inLanguage":"en-US","@id":"https:\/\/www.mexicanguitarplayers.com\/#\/schema\/logo\/image\/","url":"","contentUrl":"","caption":"Mexican Guitar Players"},"image":{"@id":"https:\/\/www.mexicanguitarplayers.com\/#\/schema\/logo\/image\/"}}]}},"brands":[{"id":175,"name":"SCHECTER","slug":"schecter"}],"_links":{"self":[{"href":"https:\/\/www.mexicanguitarplayers.com\/en\/wp-json\/wp\/v2\/product\/43296","targetHints":{"allow":["GET"]}}],"collection":[{"href":"https:\/\/www.mexicanguitarplayers.com\/en\/wp-json\/wp\/v2\/product"}],"about":[{"href":"https:\/\/www.mexicanguitarplayers.com\/en\/wp-json\/wp\/v2\/types\/product"}],"replies":[{"embeddable":true,"href":"https:\/\/www.mexicanguitarplayers.com\/en\/wp-json\/wp\/v2\/comments?post=43296"}],"wp:featuredmedia":[{"embeddable":true,"href":"https:\/\/www.mexicanguitarplayers.com\/en\/wp-json\/wp\/v2\/media\/43286"}],"wp:attachment":[{"href":"https:\/\/www.mexicanguitarplayers.com\/en\/wp-json\/wp\/v2\/media?parent=43296"}],"wp:term":[{"taxonomy":"pwb-brand","embeddable":true,"href":"https:\/\/www.mexicanguitarplayers.com\/en\/wp-json\/wp\/v2\/pwb-brand?post=43296"},{"taxonomy":"product_brand","embeddable":true,"href":"https:\/\/www.mexicanguitarplayers.com\/en\/wp-json\/wp\/v2\/product_brand?post=43296"},{"taxonomy":"product_cat","embeddable":true,"href":"https:\/\/www.mexicanguitarplayers.com\/en\/wp-json\/wp\/v2\/product_cat?post=43296"},{"taxonomy":"product_tag","embeddable":true,"href":"https:\/\/www.mexicanguitarplayers.com\/en\/wp-json\/wp\/v2\/product_tag?post=43296"}],"curies":[{"name":"wp","href":"https:\/\/api.w.org\/{rel}","templated":true}]}}