{"id":43309,"date":"2025-04-09T15:46:24","date_gmt":"2025-04-09T21:46:24","guid":{"rendered":"https:\/\/www.mexicanguitarplayers.com\/tienda\/sin categor\u00eda\/pedal-t-c-p-guitarra-mod-scf-gold\/"},"modified":"2026-04-14T04:15:06","modified_gmt":"2026-04-14T10:15:06","slug":"pedal-t-c-p-guitarra-mod-scf-gold","status":"publish","type":"product","link":"https:\/\/www.mexicanguitarplayers.com\/en\/tienda\/cuerdas\/efectos\/efectos-individuales\/pedal-t-c-p-guitarra-mod-scf-gold\/","title":{"rendered":"PEDAL T.C. P\/GUITARRA MOD. SCF GOLD"},"content":{"rendered":"<div style=\"text-align: justify\">\n<div>\n<h3>Aqu\u00ed es donde todo comenz\u00f3 y donde todo comienza.<\/h3>\n<\/div>\n<div>El legendario Stereo Chorus Flanger fue el primer producto de TC Electronic. Alguna vez. Nuestro fundador, quien tambi\u00e9n es m\u00fasico, estaba molesto con la calidad de los pedales de efectos disponibles en los a\u00f1os 70, eran demasiado ruidosos. Entonces, siendo ingeniero, se propuso dise\u00f1ar un pedal que estuviera a la altura de sus expectativas y altos est\u00e1ndares. As\u00ed naci\u00f3 el SCF all\u00e1 por 1976 y el resto, como dicen, es historia. \u00a1Pero, hey! Nadie dijo que la historia hab\u00eda terminado. Por el contrario, estamos sumando a esa historia. De hecho, se ha cerrado el c\u00edrculo y realmente estamos entrando en una nueva era de las historias de SCF. Conoce a SCF GOLD: Un futuro legendario pedal. Una vez que se lanz\u00f3 el SCF original y toneladas de guitarristas lo adoptaron y lo incluyeron en sus equipos, el apodo de esta maravillosa gema de modulaci\u00f3n pronto se convirti\u00f3 en &#8220;The Sound of Silence&#8221; debido a su total ausencia de ruido. Bueno, nos complace decir que la versi\u00f3n reeditada de SCF GOLD tambi\u00e9n se mantiene absolutamente fiel a su predecesor en t\u00e9rminos de relaci\u00f3n se\u00f1al a ruido fuera de lo com\u00fan, el ruido no deseado simplemente no es un problema. Chorus. Flanger. Pitch Modulation. Tres modos que ofrecen los remolinos m\u00e1gicos, las maravillas tambaleantes y la genialidad pura y reluciente del SCF que conocemos y amamos, manteni\u00e9ndose fiel y rindiendo homenaje al original. La misma unidad que ha tomado por sorpresa a innumerables guitarristas y ha dejado boquiabiertos todo lo que cre\u00edan saber sobre los efectos de modulaci\u00f3n en el rasgueo de un acorde. Subimos el preamplificador anal\u00f3gico, que es la primera etapa con la que se encuentra tu se\u00f1al, al nivel de oro. Ahora, obtienes a\u00fan m\u00e1s headroom, as\u00ed como una mejor respuesta de baja frecuencia. Y uno de los beneficios m\u00e1s notables que experimentar\u00e1s nada m\u00e1s sac\u00e1ndolo de la caja, es un enorme rango din\u00e1mico que hace que tu tono sobresalga independientemente de si est\u00e1s tocando suavemente con los dedos o golpeando un riff funky a la altura m\u00e1xima de volumen. Un aspecto del SCF original que sentimos que pod\u00edamos mejorar era c\u00f3mo lo activas. El original ven\u00eda con un cable de alimentaci\u00f3n y deb\u00edas tenerlo en cuenta en el dise\u00f1o de tu pedalera. SCF GOLD viene con una toma de corriente est\u00e1ndar de 9V DC lista para una f\u00e1cil integraci\u00f3n en pedaleras modernas. Al igual que el original, SCF GOLD se basa en un verdadero circuito de dispositivo de brigada de cubo para mantener ese delicioso tono retro que simplemente no encontramos ninguna raz\u00f3n para manipular. Al igual que la Stratocaster puede haber sido refinada ligeramente a lo largo de las d\u00e9cadas, fundamentalmente sigue siendo una Strat. Algunas guitarras tienen una salida m\u00e1s potente que otras y la mayor\u00eda de los pedales se ocupan de eso. SCF GOLD lo trata de manera diferente. Con su indicador INPUT GAIN y OVERLAD dedicado, puedes configurar la ganancia de entrada de la manera correcta, asegur\u00e1ndote de que te beneficiar\u00e1s de tener la mejor relaci\u00f3n se\u00f1al a ruido en la jungla de los pedales y mantener ese rango din\u00e1mico extremo. Una de las cosas que (tambi\u00e9n) puso al SCF original en el mapa fue su secci\u00f3n de salida dual. Claro, pod\u00edas salir en mono, pero si realmente quer\u00edas crear paisajes sonoros especiales que hicieran estallar la mente colectiva de la audiencia, el est\u00e9reo era el \u00fanico juego en la ciudad. Hoy en d\u00eda, sigue siendo la forma de crear un caos de modulaci\u00f3n incre\u00edblemente amplio. Conf\u00eda en nosotros, \u00a1Es mucho m\u00e1s del doble de bueno!<\/div>\n<div>\n<h4>Quick look<\/h4>\n<\/div>\n<ul style=\"margin: 0px 0px 0px 25px\">\n<li style=\"list-style-type: circle;margin: 5px\">Input connectors.<\/li>\n<li style=\"list-style-type: circle;margin: 5px\">Input impedance.<\/li>\n<li style=\"list-style-type: circle;margin: 5px\">Output connectors.<\/li>\n<li style=\"list-style-type: circle;margin: 5px\">Output impedance.<\/li>\n<li style=\"list-style-type: circle;margin: 5px\">Power input.<\/li>\n<li style=\"list-style-type: circle;margin: 5px\">Rango de temperatura de funcionamiento est\u00e1ndar.<\/li>\n<li style=\"list-style-type: circle;margin: 5px\">Dimensions.<\/li>\n<li style=\"list-style-type: circle;margin: 5px\">Weight.<\/li>\n<\/ul>\n<div>\n<div style=\"font-weight: bold\">Input connectors.<\/div>\n<div>\n<p>Jack TS 1\/4&#8243; balanceado.<\/p>\n<\/div>\n<div style=\"font-weight: bold\">Input impedance.<\/div>\n<div>\n<p>1 milli-ohm.<\/p>\n<\/div>\n<div style=\"font-weight: bold\">Output connectors.<\/div>\n<div>\n<p>2 jacks TS \/4&#8243; desbalanceado.<\/p>\n<\/div>\n<div style=\"font-weight: bold\">Output impedance.<\/div>\n<div>\n<p>4 kilo-ohms.<\/p>\n<\/div>\n<div style=\"font-weight: bold\">Power input.<\/div>\n<div>\n<p>Est\u00e1ndar 9V DC, centro negativo, 150 mA (no incluido).<\/p>\n<\/div>\n<div style=\"font-weight: bold\">Rango de temperatura de funcionamiento est\u00e1ndar.<\/div>\n<div>\n<p>5\u00b0 &#8211; 45\u00b0 C.<\/p>\n<\/div>\n<div style=\"font-weight: bold\">Dimensions.<\/div>\n<div>\n<p>126 x 95 x 49 mm.<\/p>\n<\/div>\n<div style=\"font-weight: bold\">Weight.<\/div>\n<div>\n<p>0.34 kg.<\/p>\n<\/div>\n<\/div>\n<\/div>","protected":false},"excerpt":{"rendered":"<p>Reedici\u00f3n del pedal SCF Stereo Chorus Flanger con 3 modos de modulaci\u00f3n chorus, flange y pitch, circuito BBD original utilizado por artistas de renombre mundial, reeditado para un verdadero tono retro, actualizado con una toma de corriente est\u00e1ndar de 9V DC para un uso conveniente en tu pedalera, preamplificador anal\u00f3gico de alta fidelidad con mayor headroom y respuesta de baja frecuencia mejorada, la ganancia de entrada ajustable con indicador de clip proporciona versatilidad para usar con cualquier instrumento, altos niveles de headroom facilitan un enorme rango din\u00e1mico, relaci\u00f3n se\u00f1al a ruido alucinante, SCF es completamente silencioso en lo que respecta al ruido no deseado, las salidas duales dividen su se\u00f1al proporcionando una gran difusi\u00f3n est\u00e9reo y una dimensi\u00f3n espacial \u00fanica, dimensiones: 126 x 95 x 49 mm, peso: 0.34 kg.&hellip; <a class=\"kt-excerpt-readmore more-link\" href=\"https:\/\/www.mexicanguitarplayers.com\/en\/tienda\/cuerdas\/efectos\/efectos-individuales\/pedal-t-c-p-guitarra-mod-scf-gold\/\">Read more<\/a><\/p>","protected":false},"featured_media":43305,"comment_status":"open","ping_status":"closed","template":"","meta":{"kt_blocks_editor_width":""},"pwb-brand":[170],"product_brand":[],"product_cat":[224,241,504],"product_tag":[],"class_list":{"0":"post-43309","1":"product","2":"type-product","3":"status-publish","4":"has-post-thumbnail","6":"pwb-brand-tc-electronic","7":"product_cat-cuerdas","8":"product_cat-efectos","9":"product_cat-efectos-individuales","10":"product_shipping_class-0-5-kg","12":"first","13":"outofstock","14":"taxable","15":"shipping-taxable","16":"purchasable","17":"product-type-simple"},"yoast_head":"<!-- This site is optimized with the Yoast SEO plugin v27.6 - https:\/\/yoast.com\/product\/yoast-seo-wordpress\/ -->\n<title>PEDAL T.C. P\/GUITARRA MOD. SCF GOLD - Mexican Guitar Players<\/title>\n<meta name=\"description\" content=\"Reedici\u00f3n del pedal SCF Stereo Chorus Flanger con 3 modos de modulaci\u00f3n chorus, flange y pitch, circuito BBD original utilizado por artistas de renombre mundial, reeditado para un verdadero tono retro, actualizado con una toma de corriente est\u00e1ndar de 9V DC para un uso conveniente en tu pedalera, preamplificador anal\u00f3gico de alta fidelidad con mayor headroom y respuesta de baja frecuencia mejorada, la ganancia de entrada ajustable con indicador de clip proporciona versatilidad para usar con cualquier instrumento, altos niveles de headroom facilitan un enorme rango din\u00e1mico, relaci\u00f3n se\u00f1al a ruido alucinante, SCF es completamente silencioso en lo que respecta al ruido no deseado, las salidas duales dividen su se\u00f1al proporcionando una gran difusi\u00f3n est\u00e9reo y una dimensi\u00f3n espacial \u00fanica, dimensiones: 126 x 95 x 49 mm, peso: 0.34 kg.\" \/>\n<meta name=\"robots\" content=\"index, follow, max-snippet:-1, max-image-preview:large, max-video-preview:-1\" \/>\n<link rel=\"canonical\" href=\"https:\/\/www.mexicanguitarplayers.com\/en\/tienda\/sin%20categor\u00eda\/pedal-t-c-p-guitarra-mod-scf-gold\/\" \/>\n<meta property=\"og:locale\" content=\"en_US\" \/>\n<meta property=\"og:type\" content=\"article\" \/>\n<meta property=\"og:title\" content=\"PEDAL T.C. P\/GUITARRA MOD. SCF GOLD - Mexican Guitar Players\" \/>\n<meta property=\"og:description\" content=\"Reedici\u00f3n del pedal SCF Stereo Chorus Flanger con 3 modos de modulaci\u00f3n chorus, flange y pitch, circuito BBD original utilizado por artistas de renombre mundial, reeditado para un verdadero tono retro, actualizado con una toma de corriente est\u00e1ndar de 9V DC para un uso conveniente en tu pedalera, preamplificador anal\u00f3gico de alta fidelidad con mayor headroom y respuesta de baja frecuencia mejorada, la ganancia de entrada ajustable con indicador de clip proporciona versatilidad para usar con cualquier instrumento, altos niveles de headroom facilitan un enorme rango din\u00e1mico, relaci\u00f3n se\u00f1al a ruido alucinante, SCF es completamente silencioso en lo que respecta al ruido no deseado, las salidas duales dividen su se\u00f1al proporcionando una gran difusi\u00f3n est\u00e9reo y una dimensi\u00f3n espacial \u00fanica, dimensiones: 126 x 95 x 49 mm, peso: 0.34 kg.\" \/>\n<meta property=\"og:url\" content=\"https:\/\/www.mexicanguitarplayers.com\/en\/tienda\/sin categor\u00eda\/pedal-t-c-p-guitarra-mod-scf-gold\/\" \/>\n<meta property=\"og:site_name\" content=\"Mexican Guitar Players\" \/>\n<meta property=\"article:modified_time\" content=\"2026-04-14T10:15:06+00:00\" \/>\n<meta name=\"twitter:card\" content=\"summary_large_image\" \/>\n<meta name=\"twitter:label1\" content=\"Est. reading time\" \/>\n\t<meta name=\"twitter:data1\" content=\"4 minutes\" \/>\n<script type=\"application\/ld+json\" class=\"yoast-schema-graph\">{\"@context\":\"https:\\\/\\\/schema.org\",\"@graph\":[{\"@type\":[\"WebPage\",\"ItemPage\"],\"@id\":\"https:\\\/\\\/www.mexicanguitarplayers.com\\\/tienda\\\/sin categor\u00eda\\\/pedal-t-c-p-guitarra-mod-scf-gold\\\/\",\"url\":\"https:\\\/\\\/www.mexicanguitarplayers.com\\\/tienda\\\/sin categor\u00eda\\\/pedal-t-c-p-guitarra-mod-scf-gold\\\/\",\"name\":\"PEDAL T.C. P\\\/GUITARRA MOD. SCF GOLD - Mexican Guitar Players\",\"isPartOf\":{\"@id\":\"https:\\\/\\\/www.mexicanguitarplayers.com\\\/#website\"},\"primaryImageOfPage\":{\"@id\":\"https:\\\/\\\/www.mexicanguitarplayers.com\\\/tienda\\\/sin categor\u00eda\\\/pedal-t-c-p-guitarra-mod-scf-gold\\\/#primaryimage\"},\"image\":{\"@id\":\"https:\\\/\\\/www.mexicanguitarplayers.com\\\/tienda\\\/sin categor\u00eda\\\/pedal-t-c-p-guitarra-mod-scf-gold\\\/#primaryimage\"},\"thumbnailUrl\":\"https:\\\/\\\/www.mexicanguitarplayers.com\\\/wp-content\\\/uploads\\\/2025\\\/04\\\/VATCESCFGOLD-1.jpg\",\"datePublished\":\"2025-04-09T21:46:24+00:00\",\"dateModified\":\"2026-04-14T10:15:06+00:00\",\"description\":\"Reedici\u00f3n del pedal SCF Stereo Chorus Flanger con 3 modos de modulaci\u00f3n chorus, flange y pitch, circuito BBD original utilizado por artistas de renombre mundial, reeditado para un verdadero tono retro, actualizado con una toma de corriente est\u00e1ndar de 9V DC para un uso conveniente en tu pedalera, preamplificador anal\u00f3gico de alta fidelidad con mayor headroom y respuesta de baja frecuencia mejorada, la ganancia de entrada ajustable con indicador de clip proporciona versatilidad para usar con cualquier instrumento, altos niveles de headroom facilitan un enorme rango din\u00e1mico, relaci\u00f3n se\u00f1al a ruido alucinante, SCF es completamente silencioso en lo que respecta al ruido no deseado, las salidas duales dividen su se\u00f1al proporcionando una gran difusi\u00f3n est\u00e9reo y una dimensi\u00f3n espacial \u00fanica, dimensiones: 126 x 95 x 49 mm, peso: 0.34 kg.\",\"breadcrumb\":{\"@id\":\"https:\\\/\\\/www.mexicanguitarplayers.com\\\/tienda\\\/sin categor\u00eda\\\/pedal-t-c-p-guitarra-mod-scf-gold\\\/#breadcrumb\"},\"inLanguage\":\"en-US\",\"potentialAction\":[{\"@type\":\"ReadAction\",\"target\":[\"https:\\\/\\\/www.mexicanguitarplayers.com\\\/tienda\\\/sin categor\u00eda\\\/pedal-t-c-p-guitarra-mod-scf-gold\\\/\"]}]},{\"@type\":\"ImageObject\",\"inLanguage\":\"en-US\",\"@id\":\"https:\\\/\\\/www.mexicanguitarplayers.com\\\/tienda\\\/sin categor\u00eda\\\/pedal-t-c-p-guitarra-mod-scf-gold\\\/#primaryimage\",\"url\":\"https:\\\/\\\/www.mexicanguitarplayers.com\\\/wp-content\\\/uploads\\\/2025\\\/04\\\/VATCESCFGOLD-1.jpg\",\"contentUrl\":\"https:\\\/\\\/www.mexicanguitarplayers.com\\\/wp-content\\\/uploads\\\/2025\\\/04\\\/VATCESCFGOLD-1.jpg\",\"width\":1200,\"height\":1200},{\"@type\":\"BreadcrumbList\",\"@id\":\"https:\\\/\\\/www.mexicanguitarplayers.com\\\/tienda\\\/sin categor\u00eda\\\/pedal-t-c-p-guitarra-mod-scf-gold\\\/#breadcrumb\",\"itemListElement\":[{\"@type\":\"ListItem\",\"position\":1,\"name\":\"Portada\",\"item\":\"https:\\\/\\\/www.mexicanguitarplayers.com\\\/\"},{\"@type\":\"ListItem\",\"position\":2,\"name\":\"Tienda\",\"item\":\"https:\\\/\\\/www.mexicanguitarplayers.com\\\/tienda\\\/\"},{\"@type\":\"ListItem\",\"position\":3,\"name\":\"PEDAL T.C. P\\\/GUITARRA MOD. SCF GOLD\"}]},{\"@type\":\"WebSite\",\"@id\":\"https:\\\/\\\/www.mexicanguitarplayers.com\\\/#website\",\"url\":\"https:\\\/\\\/www.mexicanguitarplayers.com\\\/\",\"name\":\"Mexican Guitar Players\",\"description\":\"Website\",\"publisher\":{\"@id\":\"https:\\\/\\\/www.mexicanguitarplayers.com\\\/#organization\"},\"potentialAction\":[{\"@type\":\"SearchAction\",\"target\":{\"@type\":\"EntryPoint\",\"urlTemplate\":\"https:\\\/\\\/www.mexicanguitarplayers.com\\\/?s={search_term_string}\"},\"query-input\":{\"@type\":\"PropertyValueSpecification\",\"valueRequired\":true,\"valueName\":\"search_term_string\"}}],\"inLanguage\":\"en-US\"},{\"@type\":\"Organization\",\"@id\":\"https:\\\/\\\/www.mexicanguitarplayers.com\\\/#organization\",\"name\":\"Mexican Guitar Players\",\"url\":\"https:\\\/\\\/www.mexicanguitarplayers.com\\\/\",\"logo\":{\"@type\":\"ImageObject\",\"inLanguage\":\"en-US\",\"@id\":\"https:\\\/\\\/www.mexicanguitarplayers.com\\\/#\\\/schema\\\/logo\\\/image\\\/\",\"url\":\"\",\"contentUrl\":\"\",\"caption\":\"Mexican Guitar Players\"},\"image\":{\"@id\":\"https:\\\/\\\/www.mexicanguitarplayers.com\\\/#\\\/schema\\\/logo\\\/image\\\/\"}}]}<\/script>\n<!-- \/ Yoast SEO plugin. -->","yoast_head_json":{"title":"PEDAL T.C. P\/GUITARRA MOD. SCF GOLD - Mexican Guitar Players","description":"Reedici\u00f3n del pedal SCF Stereo Chorus Flanger con 3 modos de modulaci\u00f3n chorus, flange y pitch, circuito BBD original utilizado por artistas de renombre mundial, reeditado para un verdadero tono retro, actualizado con una toma de corriente est\u00e1ndar de 9V DC para un uso conveniente en tu pedalera, preamplificador anal\u00f3gico de alta fidelidad con mayor headroom y respuesta de baja frecuencia mejorada, la ganancia de entrada ajustable con indicador de clip proporciona versatilidad para usar con cualquier instrumento, altos niveles de headroom facilitan un enorme rango din\u00e1mico, relaci\u00f3n se\u00f1al a ruido alucinante, SCF es completamente silencioso en lo que respecta al ruido no deseado, las salidas duales dividen su se\u00f1al proporcionando una gran difusi\u00f3n est\u00e9reo y una dimensi\u00f3n espacial \u00fanica, dimensiones: 126 x 95 x 49 mm, peso: 0.34 kg.","robots":{"index":"index","follow":"follow","max-snippet":"max-snippet:-1","max-image-preview":"max-image-preview:large","max-video-preview":"max-video-preview:-1"},"canonical":"https:\/\/www.mexicanguitarplayers.com\/en\/tienda\/sin categor\u00eda\/pedal-t-c-p-guitarra-mod-scf-gold\/","og_locale":"en_US","og_type":"article","og_title":"PEDAL T.C. P\/GUITARRA MOD. SCF GOLD - Mexican Guitar Players","og_description":"Reedici\u00f3n del pedal SCF Stereo Chorus Flanger con 3 modos de modulaci\u00f3n chorus, flange y pitch, circuito BBD original utilizado por artistas de renombre mundial, reeditado para un verdadero tono retro, actualizado con una toma de corriente est\u00e1ndar de 9V DC para un uso conveniente en tu pedalera, preamplificador anal\u00f3gico de alta fidelidad con mayor headroom y respuesta de baja frecuencia mejorada, la ganancia de entrada ajustable con indicador de clip proporciona versatilidad para usar con cualquier instrumento, altos niveles de headroom facilitan un enorme rango din\u00e1mico, relaci\u00f3n se\u00f1al a ruido alucinante, SCF es completamente silencioso en lo que respecta al ruido no deseado, las salidas duales dividen su se\u00f1al proporcionando una gran difusi\u00f3n est\u00e9reo y una dimensi\u00f3n espacial \u00fanica, dimensiones: 126 x 95 x 49 mm, peso: 0.34 kg.","og_url":"https:\/\/www.mexicanguitarplayers.com\/en\/tienda\/sin categor\u00eda\/pedal-t-c-p-guitarra-mod-scf-gold\/","og_site_name":"Mexican Guitar Players","article_modified_time":"2026-04-14T10:15:06+00:00","twitter_card":"summary_large_image","twitter_misc":{"Est. reading time":"4 minutes"},"schema":{"@context":"https:\/\/schema.org","@graph":[{"@type":["WebPage","ItemPage"],"@id":"https:\/\/www.mexicanguitarplayers.com\/tienda\/sin categor\u00eda\/pedal-t-c-p-guitarra-mod-scf-gold\/","url":"https:\/\/www.mexicanguitarplayers.com\/tienda\/sin categor\u00eda\/pedal-t-c-p-guitarra-mod-scf-gold\/","name":"PEDAL T.C. P\/GUITARRA MOD. SCF GOLD - Mexican Guitar Players","isPartOf":{"@id":"https:\/\/www.mexicanguitarplayers.com\/#website"},"primaryImageOfPage":{"@id":"https:\/\/www.mexicanguitarplayers.com\/tienda\/sin categor\u00eda\/pedal-t-c-p-guitarra-mod-scf-gold\/#primaryimage"},"image":{"@id":"https:\/\/www.mexicanguitarplayers.com\/tienda\/sin categor\u00eda\/pedal-t-c-p-guitarra-mod-scf-gold\/#primaryimage"},"thumbnailUrl":"https:\/\/www.mexicanguitarplayers.com\/wp-content\/uploads\/2025\/04\/VATCESCFGOLD-1.jpg","datePublished":"2025-04-09T21:46:24+00:00","dateModified":"2026-04-14T10:15:06+00:00","description":"Reedici\u00f3n del pedal SCF Stereo Chorus Flanger con 3 modos de modulaci\u00f3n chorus, flange y pitch, circuito BBD original utilizado por artistas de renombre mundial, reeditado para un verdadero tono retro, actualizado con una toma de corriente est\u00e1ndar de 9V DC para un uso conveniente en tu pedalera, preamplificador anal\u00f3gico de alta fidelidad con mayor headroom y respuesta de baja frecuencia mejorada, la ganancia de entrada ajustable con indicador de clip proporciona versatilidad para usar con cualquier instrumento, altos niveles de headroom facilitan un enorme rango din\u00e1mico, relaci\u00f3n se\u00f1al a ruido alucinante, SCF es completamente silencioso en lo que respecta al ruido no deseado, las salidas duales dividen su se\u00f1al proporcionando una gran difusi\u00f3n est\u00e9reo y una dimensi\u00f3n espacial \u00fanica, dimensiones: 126 x 95 x 49 mm, peso: 0.34 kg.","breadcrumb":{"@id":"https:\/\/www.mexicanguitarplayers.com\/tienda\/sin categor\u00eda\/pedal-t-c-p-guitarra-mod-scf-gold\/#breadcrumb"},"inLanguage":"en-US","potentialAction":[{"@type":"ReadAction","target":["https:\/\/www.mexicanguitarplayers.com\/tienda\/sin categor\u00eda\/pedal-t-c-p-guitarra-mod-scf-gold\/"]}]},{"@type":"ImageObject","inLanguage":"en-US","@id":"https:\/\/www.mexicanguitarplayers.com\/tienda\/sin categor\u00eda\/pedal-t-c-p-guitarra-mod-scf-gold\/#primaryimage","url":"https:\/\/www.mexicanguitarplayers.com\/wp-content\/uploads\/2025\/04\/VATCESCFGOLD-1.jpg","contentUrl":"https:\/\/www.mexicanguitarplayers.com\/wp-content\/uploads\/2025\/04\/VATCESCFGOLD-1.jpg","width":1200,"height":1200},{"@type":"BreadcrumbList","@id":"https:\/\/www.mexicanguitarplayers.com\/tienda\/sin categor\u00eda\/pedal-t-c-p-guitarra-mod-scf-gold\/#breadcrumb","itemListElement":[{"@type":"ListItem","position":1,"name":"Portada","item":"https:\/\/www.mexicanguitarplayers.com\/"},{"@type":"ListItem","position":2,"name":"Tienda","item":"https:\/\/www.mexicanguitarplayers.com\/tienda\/"},{"@type":"ListItem","position":3,"name":"PEDAL T.C. P\/GUITARRA MOD. SCF GOLD"}]},{"@type":"WebSite","@id":"https:\/\/www.mexicanguitarplayers.com\/#website","url":"https:\/\/www.mexicanguitarplayers.com\/","name":"Mexican Guitar Players","description":"Website","publisher":{"@id":"https:\/\/www.mexicanguitarplayers.com\/#organization"},"potentialAction":[{"@type":"SearchAction","target":{"@type":"EntryPoint","urlTemplate":"https:\/\/www.mexicanguitarplayers.com\/?s={search_term_string}"},"query-input":{"@type":"PropertyValueSpecification","valueRequired":true,"valueName":"search_term_string"}}],"inLanguage":"en-US"},{"@type":"Organization","@id":"https:\/\/www.mexicanguitarplayers.com\/#organization","name":"Mexican Guitar Players","url":"https:\/\/www.mexicanguitarplayers.com\/","logo":{"@type":"ImageObject","inLanguage":"en-US","@id":"https:\/\/www.mexicanguitarplayers.com\/#\/schema\/logo\/image\/","url":"","contentUrl":"","caption":"Mexican Guitar Players"},"image":{"@id":"https:\/\/www.mexicanguitarplayers.com\/#\/schema\/logo\/image\/"}}]}},"brands":[{"id":170,"name":"TC-ELECTRONIC","slug":"tc-electronic"}],"_links":{"self":[{"href":"https:\/\/www.mexicanguitarplayers.com\/en\/wp-json\/wp\/v2\/product\/43309","targetHints":{"allow":["GET"]}}],"collection":[{"href":"https:\/\/www.mexicanguitarplayers.com\/en\/wp-json\/wp\/v2\/product"}],"about":[{"href":"https:\/\/www.mexicanguitarplayers.com\/en\/wp-json\/wp\/v2\/types\/product"}],"replies":[{"embeddable":true,"href":"https:\/\/www.mexicanguitarplayers.com\/en\/wp-json\/wp\/v2\/comments?post=43309"}],"wp:featuredmedia":[{"embeddable":true,"href":"https:\/\/www.mexicanguitarplayers.com\/en\/wp-json\/wp\/v2\/media\/43305"}],"wp:attachment":[{"href":"https:\/\/www.mexicanguitarplayers.com\/en\/wp-json\/wp\/v2\/media?parent=43309"}],"wp:term":[{"taxonomy":"pwb-brand","embeddable":true,"href":"https:\/\/www.mexicanguitarplayers.com\/en\/wp-json\/wp\/v2\/pwb-brand?post=43309"},{"taxonomy":"product_brand","embeddable":true,"href":"https:\/\/www.mexicanguitarplayers.com\/en\/wp-json\/wp\/v2\/product_brand?post=43309"},{"taxonomy":"product_cat","embeddable":true,"href":"https:\/\/www.mexicanguitarplayers.com\/en\/wp-json\/wp\/v2\/product_cat?post=43309"},{"taxonomy":"product_tag","embeddable":true,"href":"https:\/\/www.mexicanguitarplayers.com\/en\/wp-json\/wp\/v2\/product_tag?post=43309"}],"curies":[{"name":"wp","href":"https:\/\/api.w.org\/{rel}","templated":true}]}}