{"id":43364,"date":"2025-04-09T15:49:47","date_gmt":"2025-04-09T21:49:47","guid":{"rendered":"https:\/\/www.mexicanguitarplayers.com\/tienda\/sin categor\u00eda\/controlador-behringer-mod-studio-xl\/"},"modified":"2026-04-10T04:15:29","modified_gmt":"2026-04-10T10:15:29","slug":"controlador-behringer-mod-studio-xl","status":"publish","type":"product","link":"https:\/\/www.mexicanguitarplayers.com\/en\/tienda\/audio\/distribucion-de-audio\/controlador-behringer-mod-studio-xl\/","title":{"rendered":"CONTROLADOR BEHRINGER MOD. STUDIO XL"},"content":{"rendered":"<div style=\"text-align: justify\">\n<div>\n<h3>CONTROLADOR BEHRINGER MOD. STUDIO XL<\/h3>\n<\/div>\n<div>El STUDIO XL es m\u00e1s que un simple controlador de monitor: hemos a\u00f1adido una de las mejores interfaces de audio USB con la m\u00e1s alta resoluci\u00f3n y la menor latencia posible. Una frecuencia de muestreo completa de 192 kHz y una clara resoluci\u00f3n de 24 bits te har\u00e1n sonre\u00edr al escuchar el sonido n\u00edtido y asombroso que obtendr\u00e1s. Con el STUDIO XL, no tendr\u00e1s que preocuparte por ning\u00fan ruido o zumbido USB. Una entrada\/salida USB s\u00faper silenciosa con hasta 8 dB menos de ruido que otras interfaces de audio en el mercado, mientras que la menor impedancia de salida en el STUDIO XL permite un volumen de salida a\u00fan mayor.<\/div>\n<div>\n<h4>Characteristics<\/h4>\n<\/div>\n<div>\n<ul style=\"margin: 0px 0px 0px 25px\">\n<li style=\"list-style-type: circle;margin: 5px\">Tickets<\/li>\n<li style=\"list-style-type: circle;margin: 5px\">Departures<\/li>\n<li style=\"list-style-type: circle;margin: 5px\">Sistemas operativos compatibles<\/li>\n<li style=\"list-style-type: circle;margin: 5px\">Audio<\/li>\n<li style=\"list-style-type: circle;margin: 5px\">Resoluci\u00f3n del convertidor<\/li>\n<li style=\"list-style-type: circle;margin: 5px\">Frecuencia de muestreo admitida<\/li>\n<li style=\"list-style-type: circle;margin: 5px\">Secci\u00f3n de conversaci\u00f3n<\/li>\n<li style=\"list-style-type: circle;margin: 5px\">Control<\/li>\n<li style=\"list-style-type: circle;margin: 5px\">Sistema<\/li>\n<li style=\"list-style-type: circle;margin: 5px\">requerimientos de energ\u00eda<\/li>\n<li style=\"list-style-type: circle;margin: 5px\">Physical<\/li>\n<\/ul>\n<\/div>\n<\/div>","protected":false},"excerpt":{"rendered":"<p>El Studio XL es un centro de control y comunicaci\u00f3n de estudio premium, dise\u00f1ado para proporcionar un entorno de trabajo de alta calidad y sin ruido para estudios de grabaci\u00f3n. Cuenta con dos preamplificadores de micr\u00f3fono Midas de \u00faltima generaci\u00f3n con alimentaci\u00f3n phantom de +48 V, una interfaz de audio USB de 192 kHz 2&#215;4 para estudios basados en computadora y control VCA verdadero para ajustes de nivel extremadamente precisos y seguimiento est\u00e9reo. Con seis entradas con controles de nivel, una entrada de mezcla auxiliar adicional y monitoreo USB desde tu DAW, as\u00ed como tres salidas de monitor independientes y ajustables para conectar hasta tres juegos de monitores de estudio, este dispositivo ofrece una variedad de opciones para controlar tu entorno de escucha. Adem\u00e1s, cuenta con opciones de talkback vers\u00e1tiles con entrada de micr\u00f3fono incorporada y externa, control de pie y controles de nivel, funciones pr\u00e1cticas como mono, mute y dim, dos amplificadores de auriculares potentes con controles de volumen separados y conmutadores de selecci\u00f3n de fuente, monitoreo directo de latencia cero con mezcla controlada entre entradas directas y fuentes de mezcla de cue, una entrada auxiliar de acceso r\u00e1pido para conectar tu smartphone y reproductor de m\u00fasica para pistas de referencia, y medidores LED dobles de alta precisi\u00f3n para una visi\u00f3n perfecta del nivel.&hellip; <a class=\"kt-excerpt-readmore more-link\" href=\"https:\/\/www.mexicanguitarplayers.com\/en\/tienda\/audio\/distribucion-de-audio\/controlador-behringer-mod-studio-xl\/\">Read more<\/a><\/p>","protected":false},"featured_media":43359,"comment_status":"open","ping_status":"closed","template":"","meta":{"kt_blocks_editor_width":""},"pwb-brand":[171],"product_brand":[],"product_cat":[213,246],"product_tag":[],"class_list":{"0":"post-43364","1":"product","2":"type-product","3":"status-publish","4":"has-post-thumbnail","6":"pwb-brand-behringer","7":"product_cat-audio","8":"product_cat-distribucion-de-audio","9":"product_shipping_class-10-15-kg","11":"first","12":"outofstock","13":"taxable","14":"shipping-taxable","15":"purchasable","16":"product-type-simple"},"yoast_head":"<!-- This site is optimized with the Yoast SEO plugin v27.6 - https:\/\/yoast.com\/product\/yoast-seo-wordpress\/ -->\n<title>CONTROLADOR BEHRINGER MOD. STUDIO XL - Mexican Guitar Players<\/title>\n<meta name=\"description\" content=\"El Studio XL es un centro de control y comunicaci\u00f3n de estudio premium, dise\u00f1ado para proporcionar un entorno de trabajo de alta calidad y sin ruido para estudios de grabaci\u00f3n. Cuenta con dos preamplificadores de micr\u00f3fono Midas de \u00faltima generaci\u00f3n con alimentaci\u00f3n phantom de +48 V, una interfaz de audio USB de 192 kHz 2x4 para estudios basados en computadora y control VCA verdadero para ajustes de nivel extremadamente precisos y seguimiento est\u00e9reo. Con seis entradas con controles de nivel, una entrada de mezcla auxiliar adicional y monitoreo USB desde tu DAW, as\u00ed como tres salidas de monitor independientes y ajustables para conectar hasta tres juegos de monitores de estudio, este dispositivo ofrece una variedad de opciones para controlar tu entorno de escucha. Adem\u00e1s, cuenta con opciones de talkback vers\u00e1tiles con entrada de micr\u00f3fono incorporada y externa, control de pie y controles de nivel, funciones pr\u00e1cticas como mono, mute y dim, dos amplificadores de auriculares potentes con controles de volumen separados y conmutadores de selecci\u00f3n de fuente, monitoreo directo de latencia cero con mezcla controlada entre entradas directas y fuentes de mezcla de cue, una entrada auxiliar de acceso r\u00e1pido para conectar tu smartphone y reproductor de m\u00fasica para pistas de referencia, y medidores LED dobles de alta precisi\u00f3n para una visi\u00f3n perfecta del nivel.\" \/>\n<meta name=\"robots\" content=\"index, follow, max-snippet:-1, max-image-preview:large, max-video-preview:-1\" \/>\n<link rel=\"canonical\" href=\"https:\/\/www.mexicanguitarplayers.com\/en\/tienda\/sin%20categor\u00eda\/controlador-behringer-mod-studio-xl\/\" \/>\n<meta property=\"og:locale\" content=\"en_US\" \/>\n<meta property=\"og:type\" content=\"article\" \/>\n<meta property=\"og:title\" content=\"CONTROLADOR BEHRINGER MOD. STUDIO XL - Mexican Guitar Players\" \/>\n<meta property=\"og:description\" content=\"El Studio XL es un centro de control y comunicaci\u00f3n de estudio premium, dise\u00f1ado para proporcionar un entorno de trabajo de alta calidad y sin ruido para estudios de grabaci\u00f3n. Cuenta con dos preamplificadores de micr\u00f3fono Midas de \u00faltima generaci\u00f3n con alimentaci\u00f3n phantom de +48 V, una interfaz de audio USB de 192 kHz 2x4 para estudios basados en computadora y control VCA verdadero para ajustes de nivel extremadamente precisos y seguimiento est\u00e9reo. Con seis entradas con controles de nivel, una entrada de mezcla auxiliar adicional y monitoreo USB desde tu DAW, as\u00ed como tres salidas de monitor independientes y ajustables para conectar hasta tres juegos de monitores de estudio, este dispositivo ofrece una variedad de opciones para controlar tu entorno de escucha. Adem\u00e1s, cuenta con opciones de talkback vers\u00e1tiles con entrada de micr\u00f3fono incorporada y externa, control de pie y controles de nivel, funciones pr\u00e1cticas como mono, mute y dim, dos amplificadores de auriculares potentes con controles de volumen separados y conmutadores de selecci\u00f3n de fuente, monitoreo directo de latencia cero con mezcla controlada entre entradas directas y fuentes de mezcla de cue, una entrada auxiliar de acceso r\u00e1pido para conectar tu smartphone y reproductor de m\u00fasica para pistas de referencia, y medidores LED dobles de alta precisi\u00f3n para una visi\u00f3n perfecta del nivel.\" \/>\n<meta property=\"og:url\" content=\"https:\/\/www.mexicanguitarplayers.com\/en\/tienda\/sin categor\u00eda\/controlador-behringer-mod-studio-xl\/\" \/>\n<meta property=\"og:site_name\" content=\"Mexican Guitar Players\" \/>\n<meta property=\"article:modified_time\" content=\"2026-04-10T10:15:29+00:00\" \/>\n<meta name=\"twitter:card\" content=\"summary_large_image\" \/>\n<meta name=\"twitter:label1\" content=\"Est. reading time\" \/>\n\t<meta name=\"twitter:data1\" content=\"1 minute\" \/>\n<script type=\"application\/ld+json\" class=\"yoast-schema-graph\">{\"@context\":\"https:\\\/\\\/schema.org\",\"@graph\":[{\"@type\":[\"WebPage\",\"ItemPage\"],\"@id\":\"https:\\\/\\\/www.mexicanguitarplayers.com\\\/tienda\\\/sin categor\u00eda\\\/controlador-behringer-mod-studio-xl\\\/\",\"url\":\"https:\\\/\\\/www.mexicanguitarplayers.com\\\/tienda\\\/sin categor\u00eda\\\/controlador-behringer-mod-studio-xl\\\/\",\"name\":\"CONTROLADOR BEHRINGER MOD. STUDIO XL - Mexican Guitar Players\",\"isPartOf\":{\"@id\":\"https:\\\/\\\/www.mexicanguitarplayers.com\\\/#website\"},\"primaryImageOfPage\":{\"@id\":\"https:\\\/\\\/www.mexicanguitarplayers.com\\\/tienda\\\/sin categor\u00eda\\\/controlador-behringer-mod-studio-xl\\\/#primaryimage\"},\"image\":{\"@id\":\"https:\\\/\\\/www.mexicanguitarplayers.com\\\/tienda\\\/sin categor\u00eda\\\/controlador-behringer-mod-studio-xl\\\/#primaryimage\"},\"thumbnailUrl\":\"https:\\\/\\\/www.mexicanguitarplayers.com\\\/wp-content\\\/uploads\\\/2025\\\/04\\\/IABEHSTUDIOXL-1.png\",\"datePublished\":\"2025-04-09T21:49:47+00:00\",\"dateModified\":\"2026-04-10T10:15:29+00:00\",\"description\":\"El Studio XL es un centro de control y comunicaci\u00f3n de estudio premium, dise\u00f1ado para proporcionar un entorno de trabajo de alta calidad y sin ruido para estudios de grabaci\u00f3n. Cuenta con dos preamplificadores de micr\u00f3fono Midas de \u00faltima generaci\u00f3n con alimentaci\u00f3n phantom de +48 V, una interfaz de audio USB de 192 kHz 2x4 para estudios basados en computadora y control VCA verdadero para ajustes de nivel extremadamente precisos y seguimiento est\u00e9reo. Con seis entradas con controles de nivel, una entrada de mezcla auxiliar adicional y monitoreo USB desde tu DAW, as\u00ed como tres salidas de monitor independientes y ajustables para conectar hasta tres juegos de monitores de estudio, este dispositivo ofrece una variedad de opciones para controlar tu entorno de escucha. Adem\u00e1s, cuenta con opciones de talkback vers\u00e1tiles con entrada de micr\u00f3fono incorporada y externa, control de pie y controles de nivel, funciones pr\u00e1cticas como mono, mute y dim, dos amplificadores de auriculares potentes con controles de volumen separados y conmutadores de selecci\u00f3n de fuente, monitoreo directo de latencia cero con mezcla controlada entre entradas directas y fuentes de mezcla de cue, una entrada auxiliar de acceso r\u00e1pido para conectar tu smartphone y reproductor de m\u00fasica para pistas de referencia, y medidores LED dobles de alta precisi\u00f3n para una visi\u00f3n perfecta del nivel.\",\"breadcrumb\":{\"@id\":\"https:\\\/\\\/www.mexicanguitarplayers.com\\\/tienda\\\/sin categor\u00eda\\\/controlador-behringer-mod-studio-xl\\\/#breadcrumb\"},\"inLanguage\":\"en-US\",\"potentialAction\":[{\"@type\":\"ReadAction\",\"target\":[\"https:\\\/\\\/www.mexicanguitarplayers.com\\\/tienda\\\/sin categor\u00eda\\\/controlador-behringer-mod-studio-xl\\\/\"]}]},{\"@type\":\"ImageObject\",\"inLanguage\":\"en-US\",\"@id\":\"https:\\\/\\\/www.mexicanguitarplayers.com\\\/tienda\\\/sin categor\u00eda\\\/controlador-behringer-mod-studio-xl\\\/#primaryimage\",\"url\":\"https:\\\/\\\/www.mexicanguitarplayers.com\\\/wp-content\\\/uploads\\\/2025\\\/04\\\/IABEHSTUDIOXL-1.png\",\"contentUrl\":\"https:\\\/\\\/www.mexicanguitarplayers.com\\\/wp-content\\\/uploads\\\/2025\\\/04\\\/IABEHSTUDIOXL-1.png\",\"width\":1600,\"height\":800},{\"@type\":\"BreadcrumbList\",\"@id\":\"https:\\\/\\\/www.mexicanguitarplayers.com\\\/tienda\\\/sin categor\u00eda\\\/controlador-behringer-mod-studio-xl\\\/#breadcrumb\",\"itemListElement\":[{\"@type\":\"ListItem\",\"position\":1,\"name\":\"Portada\",\"item\":\"https:\\\/\\\/www.mexicanguitarplayers.com\\\/\"},{\"@type\":\"ListItem\",\"position\":2,\"name\":\"Tienda\",\"item\":\"https:\\\/\\\/www.mexicanguitarplayers.com\\\/tienda\\\/\"},{\"@type\":\"ListItem\",\"position\":3,\"name\":\"CONTROLADOR BEHRINGER MOD. STUDIO XL\"}]},{\"@type\":\"WebSite\",\"@id\":\"https:\\\/\\\/www.mexicanguitarplayers.com\\\/#website\",\"url\":\"https:\\\/\\\/www.mexicanguitarplayers.com\\\/\",\"name\":\"Mexican Guitar Players\",\"description\":\"Website\",\"publisher\":{\"@id\":\"https:\\\/\\\/www.mexicanguitarplayers.com\\\/#organization\"},\"potentialAction\":[{\"@type\":\"SearchAction\",\"target\":{\"@type\":\"EntryPoint\",\"urlTemplate\":\"https:\\\/\\\/www.mexicanguitarplayers.com\\\/?s={search_term_string}\"},\"query-input\":{\"@type\":\"PropertyValueSpecification\",\"valueRequired\":true,\"valueName\":\"search_term_string\"}}],\"inLanguage\":\"en-US\"},{\"@type\":\"Organization\",\"@id\":\"https:\\\/\\\/www.mexicanguitarplayers.com\\\/#organization\",\"name\":\"Mexican Guitar Players\",\"url\":\"https:\\\/\\\/www.mexicanguitarplayers.com\\\/\",\"logo\":{\"@type\":\"ImageObject\",\"inLanguage\":\"en-US\",\"@id\":\"https:\\\/\\\/www.mexicanguitarplayers.com\\\/#\\\/schema\\\/logo\\\/image\\\/\",\"url\":\"\",\"contentUrl\":\"\",\"caption\":\"Mexican Guitar Players\"},\"image\":{\"@id\":\"https:\\\/\\\/www.mexicanguitarplayers.com\\\/#\\\/schema\\\/logo\\\/image\\\/\"}}]}<\/script>\n<!-- \/ Yoast SEO plugin. -->","yoast_head_json":{"title":"CONTROLADOR BEHRINGER MOD. STUDIO XL - Mexican Guitar Players","description":"El Studio XL es un centro de control y comunicaci\u00f3n de estudio premium, dise\u00f1ado para proporcionar un entorno de trabajo de alta calidad y sin ruido para estudios de grabaci\u00f3n. Cuenta con dos preamplificadores de micr\u00f3fono Midas de \u00faltima generaci\u00f3n con alimentaci\u00f3n phantom de +48 V, una interfaz de audio USB de 192 kHz 2x4 para estudios basados en computadora y control VCA verdadero para ajustes de nivel extremadamente precisos y seguimiento est\u00e9reo. Con seis entradas con controles de nivel, una entrada de mezcla auxiliar adicional y monitoreo USB desde tu DAW, as\u00ed como tres salidas de monitor independientes y ajustables para conectar hasta tres juegos de monitores de estudio, este dispositivo ofrece una variedad de opciones para controlar tu entorno de escucha. Adem\u00e1s, cuenta con opciones de talkback vers\u00e1tiles con entrada de micr\u00f3fono incorporada y externa, control de pie y controles de nivel, funciones pr\u00e1cticas como mono, mute y dim, dos amplificadores de auriculares potentes con controles de volumen separados y conmutadores de selecci\u00f3n de fuente, monitoreo directo de latencia cero con mezcla controlada entre entradas directas y fuentes de mezcla de cue, una entrada auxiliar de acceso r\u00e1pido para conectar tu smartphone y reproductor de m\u00fasica para pistas de referencia, y medidores LED dobles de alta precisi\u00f3n para una visi\u00f3n perfecta del nivel.","robots":{"index":"index","follow":"follow","max-snippet":"max-snippet:-1","max-image-preview":"max-image-preview:large","max-video-preview":"max-video-preview:-1"},"canonical":"https:\/\/www.mexicanguitarplayers.com\/en\/tienda\/sin categor\u00eda\/controlador-behringer-mod-studio-xl\/","og_locale":"en_US","og_type":"article","og_title":"CONTROLADOR BEHRINGER MOD. STUDIO XL - Mexican Guitar Players","og_description":"El Studio XL es un centro de control y comunicaci\u00f3n de estudio premium, dise\u00f1ado para proporcionar un entorno de trabajo de alta calidad y sin ruido para estudios de grabaci\u00f3n. Cuenta con dos preamplificadores de micr\u00f3fono Midas de \u00faltima generaci\u00f3n con alimentaci\u00f3n phantom de +48 V, una interfaz de audio USB de 192 kHz 2x4 para estudios basados en computadora y control VCA verdadero para ajustes de nivel extremadamente precisos y seguimiento est\u00e9reo. Con seis entradas con controles de nivel, una entrada de mezcla auxiliar adicional y monitoreo USB desde tu DAW, as\u00ed como tres salidas de monitor independientes y ajustables para conectar hasta tres juegos de monitores de estudio, este dispositivo ofrece una variedad de opciones para controlar tu entorno de escucha. Adem\u00e1s, cuenta con opciones de talkback vers\u00e1tiles con entrada de micr\u00f3fono incorporada y externa, control de pie y controles de nivel, funciones pr\u00e1cticas como mono, mute y dim, dos amplificadores de auriculares potentes con controles de volumen separados y conmutadores de selecci\u00f3n de fuente, monitoreo directo de latencia cero con mezcla controlada entre entradas directas y fuentes de mezcla de cue, una entrada auxiliar de acceso r\u00e1pido para conectar tu smartphone y reproductor de m\u00fasica para pistas de referencia, y medidores LED dobles de alta precisi\u00f3n para una visi\u00f3n perfecta del nivel.","og_url":"https:\/\/www.mexicanguitarplayers.com\/en\/tienda\/sin categor\u00eda\/controlador-behringer-mod-studio-xl\/","og_site_name":"Mexican Guitar Players","article_modified_time":"2026-04-10T10:15:29+00:00","twitter_card":"summary_large_image","twitter_misc":{"Est. reading time":"1 minute"},"schema":{"@context":"https:\/\/schema.org","@graph":[{"@type":["WebPage","ItemPage"],"@id":"https:\/\/www.mexicanguitarplayers.com\/tienda\/sin categor\u00eda\/controlador-behringer-mod-studio-xl\/","url":"https:\/\/www.mexicanguitarplayers.com\/tienda\/sin categor\u00eda\/controlador-behringer-mod-studio-xl\/","name":"CONTROLADOR BEHRINGER MOD. STUDIO XL - Mexican Guitar Players","isPartOf":{"@id":"https:\/\/www.mexicanguitarplayers.com\/#website"},"primaryImageOfPage":{"@id":"https:\/\/www.mexicanguitarplayers.com\/tienda\/sin categor\u00eda\/controlador-behringer-mod-studio-xl\/#primaryimage"},"image":{"@id":"https:\/\/www.mexicanguitarplayers.com\/tienda\/sin categor\u00eda\/controlador-behringer-mod-studio-xl\/#primaryimage"},"thumbnailUrl":"https:\/\/www.mexicanguitarplayers.com\/wp-content\/uploads\/2025\/04\/IABEHSTUDIOXL-1.png","datePublished":"2025-04-09T21:49:47+00:00","dateModified":"2026-04-10T10:15:29+00:00","description":"El Studio XL es un centro de control y comunicaci\u00f3n de estudio premium, dise\u00f1ado para proporcionar un entorno de trabajo de alta calidad y sin ruido para estudios de grabaci\u00f3n. Cuenta con dos preamplificadores de micr\u00f3fono Midas de \u00faltima generaci\u00f3n con alimentaci\u00f3n phantom de +48 V, una interfaz de audio USB de 192 kHz 2x4 para estudios basados en computadora y control VCA verdadero para ajustes de nivel extremadamente precisos y seguimiento est\u00e9reo. Con seis entradas con controles de nivel, una entrada de mezcla auxiliar adicional y monitoreo USB desde tu DAW, as\u00ed como tres salidas de monitor independientes y ajustables para conectar hasta tres juegos de monitores de estudio, este dispositivo ofrece una variedad de opciones para controlar tu entorno de escucha. Adem\u00e1s, cuenta con opciones de talkback vers\u00e1tiles con entrada de micr\u00f3fono incorporada y externa, control de pie y controles de nivel, funciones pr\u00e1cticas como mono, mute y dim, dos amplificadores de auriculares potentes con controles de volumen separados y conmutadores de selecci\u00f3n de fuente, monitoreo directo de latencia cero con mezcla controlada entre entradas directas y fuentes de mezcla de cue, una entrada auxiliar de acceso r\u00e1pido para conectar tu smartphone y reproductor de m\u00fasica para pistas de referencia, y medidores LED dobles de alta precisi\u00f3n para una visi\u00f3n perfecta del nivel.","breadcrumb":{"@id":"https:\/\/www.mexicanguitarplayers.com\/tienda\/sin categor\u00eda\/controlador-behringer-mod-studio-xl\/#breadcrumb"},"inLanguage":"en-US","potentialAction":[{"@type":"ReadAction","target":["https:\/\/www.mexicanguitarplayers.com\/tienda\/sin categor\u00eda\/controlador-behringer-mod-studio-xl\/"]}]},{"@type":"ImageObject","inLanguage":"en-US","@id":"https:\/\/www.mexicanguitarplayers.com\/tienda\/sin categor\u00eda\/controlador-behringer-mod-studio-xl\/#primaryimage","url":"https:\/\/www.mexicanguitarplayers.com\/wp-content\/uploads\/2025\/04\/IABEHSTUDIOXL-1.png","contentUrl":"https:\/\/www.mexicanguitarplayers.com\/wp-content\/uploads\/2025\/04\/IABEHSTUDIOXL-1.png","width":1600,"height":800},{"@type":"BreadcrumbList","@id":"https:\/\/www.mexicanguitarplayers.com\/tienda\/sin categor\u00eda\/controlador-behringer-mod-studio-xl\/#breadcrumb","itemListElement":[{"@type":"ListItem","position":1,"name":"Portada","item":"https:\/\/www.mexicanguitarplayers.com\/"},{"@type":"ListItem","position":2,"name":"Tienda","item":"https:\/\/www.mexicanguitarplayers.com\/tienda\/"},{"@type":"ListItem","position":3,"name":"CONTROLADOR BEHRINGER MOD. STUDIO XL"}]},{"@type":"WebSite","@id":"https:\/\/www.mexicanguitarplayers.com\/#website","url":"https:\/\/www.mexicanguitarplayers.com\/","name":"Mexican Guitar Players","description":"Website","publisher":{"@id":"https:\/\/www.mexicanguitarplayers.com\/#organization"},"potentialAction":[{"@type":"SearchAction","target":{"@type":"EntryPoint","urlTemplate":"https:\/\/www.mexicanguitarplayers.com\/?s={search_term_string}"},"query-input":{"@type":"PropertyValueSpecification","valueRequired":true,"valueName":"search_term_string"}}],"inLanguage":"en-US"},{"@type":"Organization","@id":"https:\/\/www.mexicanguitarplayers.com\/#organization","name":"Mexican Guitar Players","url":"https:\/\/www.mexicanguitarplayers.com\/","logo":{"@type":"ImageObject","inLanguage":"en-US","@id":"https:\/\/www.mexicanguitarplayers.com\/#\/schema\/logo\/image\/","url":"","contentUrl":"","caption":"Mexican Guitar Players"},"image":{"@id":"https:\/\/www.mexicanguitarplayers.com\/#\/schema\/logo\/image\/"}}]}},"brands":[{"id":171,"name":"BEHRINGER","slug":"behringer"}],"_links":{"self":[{"href":"https:\/\/www.mexicanguitarplayers.com\/en\/wp-json\/wp\/v2\/product\/43364","targetHints":{"allow":["GET"]}}],"collection":[{"href":"https:\/\/www.mexicanguitarplayers.com\/en\/wp-json\/wp\/v2\/product"}],"about":[{"href":"https:\/\/www.mexicanguitarplayers.com\/en\/wp-json\/wp\/v2\/types\/product"}],"replies":[{"embeddable":true,"href":"https:\/\/www.mexicanguitarplayers.com\/en\/wp-json\/wp\/v2\/comments?post=43364"}],"wp:featuredmedia":[{"embeddable":true,"href":"https:\/\/www.mexicanguitarplayers.com\/en\/wp-json\/wp\/v2\/media\/43359"}],"wp:attachment":[{"href":"https:\/\/www.mexicanguitarplayers.com\/en\/wp-json\/wp\/v2\/media?parent=43364"}],"wp:term":[{"taxonomy":"pwb-brand","embeddable":true,"href":"https:\/\/www.mexicanguitarplayers.com\/en\/wp-json\/wp\/v2\/pwb-brand?post=43364"},{"taxonomy":"product_brand","embeddable":true,"href":"https:\/\/www.mexicanguitarplayers.com\/en\/wp-json\/wp\/v2\/product_brand?post=43364"},{"taxonomy":"product_cat","embeddable":true,"href":"https:\/\/www.mexicanguitarplayers.com\/en\/wp-json\/wp\/v2\/product_cat?post=43364"},{"taxonomy":"product_tag","embeddable":true,"href":"https:\/\/www.mexicanguitarplayers.com\/en\/wp-json\/wp\/v2\/product_tag?post=43364"}],"curies":[{"name":"wp","href":"https:\/\/api.w.org\/{rel}","templated":true}]}}