{"id":43421,"date":"2025-04-09T15:52:48","date_gmt":"2025-04-09T21:52:48","guid":{"rendered":"https:\/\/www.mexicanguitarplayers.com\/tienda\/sin categor\u00eda\/ukelele-flight-tenor-elect-vanguard\/"},"modified":"2026-04-10T04:15:27","modified_gmt":"2026-04-10T10:15:27","slug":"ukelele-flight-tenor-elect-vanguard","status":"publish","type":"product","link":"https:\/\/www.mexicanguitarplayers.com\/en\/tienda\/cuerdas\/folkloricos-y-regionales\/ukelele-flight-tenor-elect-vanguard\/","title":{"rendered":"UKELELE FLIGHT TENOR ELECT.    VANGUARD"},"content":{"rendered":"<div style=\"text-align: justify\">\n<div>\n<h3>\u00bfEst\u00e1s listo para rockear?<\/h3>\n<\/div>\n<div>El Vanguard de Flight es un ukelele tenor de cuerpo s\u00f3lido con cuerdas de acero y doble cutaway que ofrece las posibilidades tonales de un verdadero ukelele el\u00e9ctrico con el nombre de Flight. El ukelele en s\u00ed tiene una hermosa tapa de maple flameado con cuerpo y brazo de caoba y marcadores de trastes de rayas compensadas de aspecto elegante. Este ukelele cuenta con encuadernaci\u00f3n de ABS blanco, puente hardtail fixed, encordado inverso, dos pastillas humbuckers, herrajes cromados, controles \u00fanicos para volumen y tono y un switch de tres posiciones. Con su aspecto cl\u00e1sico y su sonido fant\u00e1stico, estar\u00e1s listo para rockear en cualquier lugar, as\u00ed como para agregar pedales de efectos o stompboxes a tu sonido amplificado final. Los ukeleles el\u00e9ctricos representan un gran valor y una alta calidad, as\u00ed que compra el tuyo hoy.<\/div>\n<div>\n<h4>Quick look<\/h4>\n<\/div>\n<ul style=\"margin: 0px 0px 0px 25px\">\n<li style=\"list-style-type: circle;margin: 5px\">Bondades del maple flameado.<\/li>\n<li style=\"list-style-type: circle;margin: 5px\">Vamos a tocar.<\/li>\n<li style=\"list-style-type: circle;margin: 5px\">Una gran experiencia de toque.<\/li>\n<li style=\"list-style-type: circle;margin: 5px\">Dise\u00f1o cl\u00e1sico.<\/li>\n<li style=\"list-style-type: circle;margin: 5px\">Comodidad en mente.<\/li>\n<li style=\"list-style-type: circle;margin: 5px\">Componentes el\u00e9ctricos tradicionales.<\/li>\n<li style=\"list-style-type: circle;margin: 5px\">Todo comienza con el cabezal.<\/li>\n<li style=\"list-style-type: circle;margin: 5px\">Funda azul ligero.<\/li>\n<\/ul>\n<div>\n<div style=\"font-weight: bold\">Bondades del maple flameado.<\/div>\n<div>\n<p>El ukelele el\u00e9ctrico Vanguard de Flight cuenta con un cuerpo s\u00f3lido con una chapa de maple flameado cl\u00e1sico. Esta combinaci\u00f3n crea un  ukelele el\u00e9ctrico que se ve tan bien como suena.<\/p>\n<\/div>\n<div style=\"font-weight: bold\">Vamos a tocar.<\/div>\n<div>\n<p>Diapas\u00f3n de palo de rosa y brazo de caoba. Siguiendo la tradici\u00f3n de las guitarras el\u00e9ctricas de cuerpo s\u00f3lido con doble cutaway, Vanguard cuenta con diapas\u00f3n de palo de rosa y brazo de caoba con modernas incrustaciones compensadas, lo que da como resultado un ataque limpio, c\u00e1lido y n\u00edtido al tono. <\/p>\n<\/div>\n<div style=\"font-weight: bold\">Una gran experiencia de toque.<\/div>\n<div>\n<p>Cejuela de hueso, traste cero y puente hardtail fixed.El Flight Vanguard presenta una cejuela de hueso real, un traste cero  y un puente hardtail fixed para proporcionar un espaciado de cuerdas constante, buena acci\u00f3n y generar un maravilloso tono central.<\/p>\n<\/div>\n<div style=\"font-weight: bold\">Dise\u00f1o cl\u00e1sico.<\/div>\n<div>\n<p>En la tradici\u00f3n de muchas guitarras el\u00e9ctricas populares, el ukelele Vanguard de Flight presenta un doble cutaway que brinda acceso a los trastes m\u00e1s altos y se suma a la apariencia deslumbrante de este ukelele.<\/p>\n<\/div>\n<div style=\"font-weight: bold\">Comodidad en mente.<\/div>\n<div>\n<p>Botones de tahal\u00ed y diapas\u00f3n encuadernado. El ukelele Vanguard de Flight incluye un diapas\u00f3n encuadernado y dos botones de tahal\u00ed, lo que lo hace un instrumento f\u00e1cil de sostener y c\u00f3mo para tocar.<\/p>\n<\/div>\n<div style=\"font-weight: bold\">Componentes el\u00e9ctricos tradicionales.<\/div>\n<div>\n<p>Configuraci\u00f3n HH. El ukelele Vanguard de Flight cuenta con dos pastillas humbucker en una configuraci\u00f3n HH, adem\u00e1s de una palanca de 3 v\u00edas. Como resultado, mientras tocas, puedes usar un humbucker o el otro o ambos humbuckers juntos para producir el sonido que deseas. Los humbuckers comparten un volumen cromado y un control de tono.<\/p>\n<\/div>\n<div style=\"font-weight: bold\">Todo comienza con el cabezal.<\/div>\n<div>\n<p>Como toque final, el ukelele Vanguard de Flight presenta un clavijero con una chapa negra brillante, el logotipo de Flight de abul\u00f3n y afinadores de engranajes cerrados. El clavijero es el complemento perfecto para este ukelele de estilo moderno.<\/p>\n<\/div>\n<div style=\"font-weight: bold\">Funda azul ligero.<\/div>\n<div>\n<p>Toda la protecci\u00f3n que necesitas. Para la serie Rock, Flight ha introducido un nuevo tono de funda, azul claro. La funda de conciertos, est\u00e1 equipada con acolchado de 15 mm, un asa frontal acolchada y un bolsillo frontal, lo que mantiene tu ukelele el\u00e9ctrico de cuerpo s\u00f3lido totalmente seguro durante tus viajes.<\/p>\n<\/div>\n<\/div>\n<\/div>","protected":false},"excerpt":{"rendered":"<p>Ukelele el\u00e9ctrico tama\u00f1o Tenor, 19 trastes, tapa de maple flameado, cuerpo de caoba s\u00f3lida, puente Hardtail Fixed, cuerdas met\u00e1licas de calibre 10-46, brazo de caoba, diapas\u00f3n de palo de rosa, cejuela de hueso de 35 mm de ancho, montura de hueso, 2 humbuckers, configuraci\u00f3n HH y palanca de 3 posiciones, marcadores de posici\u00f3n en los trastes 3, 5, 7, 10, 12, 15, 17 y 19, cuerdas met\u00e1licas, clavijero de chapa negra, diapas\u00f3n encuadernado, traste cero, afinadores de engranajes cerrados, un control de volumen y un control de tono, incluye funda de concierto acolchada de lujo de 20 mm.&hellip; <a class=\"kt-excerpt-readmore more-link\" href=\"https:\/\/www.mexicanguitarplayers.com\/en\/tienda\/cuerdas\/folkloricos-y-regionales\/ukelele-flight-tenor-elect-vanguard\/\">Read more<\/a><\/p>","protected":false},"featured_media":43405,"comment_status":"open","ping_status":"closed","template":"","meta":{"kt_blocks_editor_width":""},"pwb-brand":[322],"product_brand":[],"product_cat":[224,320],"product_tag":[],"class_list":{"0":"post-43421","1":"product","2":"type-product","3":"status-publish","4":"has-post-thumbnail","6":"pwb-brand-flight","7":"product_cat-cuerdas","8":"product_cat-folkloricos-y-regionales","9":"product_shipping_class-0-5-kg","11":"first","12":"outofstock","13":"taxable","14":"shipping-taxable","15":"purchasable","16":"product-type-simple"},"yoast_head":"<!-- This site is optimized with the Yoast SEO plugin v27.6 - https:\/\/yoast.com\/product\/yoast-seo-wordpress\/ -->\n<title>UKELELE FLIGHT TENOR ELECT.  VANGUARD - Mexican Guitar Players<\/title>\n<meta name=\"description\" content=\"Ukelele el\u00e9ctrico tama\u00f1o Tenor, 19 trastes, tapa de maple flameado, cuerpo de caoba s\u00f3lida, puente Hardtail Fixed, cuerdas met\u00e1licas de calibre 10-46, brazo de caoba, diapas\u00f3n de palo de rosa, cejuela de hueso de 35 mm de ancho, montura de hueso, 2 humbuckers, configuraci\u00f3n HH y palanca de 3 posiciones, marcadores de posici\u00f3n en los trastes 3, 5, 7, 10, 12, 15, 17 y 19, cuerdas met\u00e1licas, clavijero de chapa negra, diapas\u00f3n encuadernado, traste cero, afinadores de engranajes cerrados, un control de volumen y un control de tono, incluye funda de concierto acolchada de lujo de 20 mm.\" \/>\n<meta name=\"robots\" content=\"index, follow, max-snippet:-1, max-image-preview:large, max-video-preview:-1\" \/>\n<link rel=\"canonical\" href=\"https:\/\/www.mexicanguitarplayers.com\/en\/tienda\/sin%20categor\u00eda\/ukelele-flight-tenor-elect-vanguard\/\" \/>\n<meta property=\"og:locale\" content=\"en_US\" \/>\n<meta property=\"og:type\" content=\"article\" \/>\n<meta property=\"og:title\" content=\"UKELELE FLIGHT TENOR ELECT.  VANGUARD - Mexican Guitar Players\" \/>\n<meta property=\"og:description\" content=\"Ukelele el\u00e9ctrico tama\u00f1o Tenor, 19 trastes, tapa de maple flameado, cuerpo de caoba s\u00f3lida, puente Hardtail Fixed, cuerdas met\u00e1licas de calibre 10-46, brazo de caoba, diapas\u00f3n de palo de rosa, cejuela de hueso de 35 mm de ancho, montura de hueso, 2 humbuckers, configuraci\u00f3n HH y palanca de 3 posiciones, marcadores de posici\u00f3n en los trastes 3, 5, 7, 10, 12, 15, 17 y 19, cuerdas met\u00e1licas, clavijero de chapa negra, diapas\u00f3n encuadernado, traste cero, afinadores de engranajes cerrados, un control de volumen y un control de tono, incluye funda de concierto acolchada de lujo de 20 mm.\" \/>\n<meta property=\"og:url\" content=\"https:\/\/www.mexicanguitarplayers.com\/en\/tienda\/sin categor\u00eda\/ukelele-flight-tenor-elect-vanguard\/\" \/>\n<meta property=\"og:site_name\" content=\"Mexican Guitar Players\" \/>\n<meta property=\"article:modified_time\" content=\"2026-04-10T10:15:27+00:00\" \/>\n<meta name=\"twitter:card\" content=\"summary_large_image\" \/>\n<meta name=\"twitter:label1\" content=\"Est. reading time\" \/>\n\t<meta name=\"twitter:data1\" content=\"3 minutes\" \/>\n<script type=\"application\/ld+json\" class=\"yoast-schema-graph\">{\"@context\":\"https:\\\/\\\/schema.org\",\"@graph\":[{\"@type\":[\"WebPage\",\"ItemPage\"],\"@id\":\"https:\\\/\\\/www.mexicanguitarplayers.com\\\/tienda\\\/sin categor\u00eda\\\/ukelele-flight-tenor-elect-vanguard\\\/\",\"url\":\"https:\\\/\\\/www.mexicanguitarplayers.com\\\/tienda\\\/sin categor\u00eda\\\/ukelele-flight-tenor-elect-vanguard\\\/\",\"name\":\"UKELELE FLIGHT TENOR ELECT. VANGUARD - Mexican Guitar Players\",\"isPartOf\":{\"@id\":\"https:\\\/\\\/www.mexicanguitarplayers.com\\\/#website\"},\"primaryImageOfPage\":{\"@id\":\"https:\\\/\\\/www.mexicanguitarplayers.com\\\/tienda\\\/sin categor\u00eda\\\/ukelele-flight-tenor-elect-vanguard\\\/#primaryimage\"},\"image\":{\"@id\":\"https:\\\/\\\/www.mexicanguitarplayers.com\\\/tienda\\\/sin categor\u00eda\\\/ukelele-flight-tenor-elect-vanguard\\\/#primaryimage\"},\"thumbnailUrl\":\"https:\\\/\\\/www.mexicanguitarplayers.com\\\/wp-content\\\/uploads\\\/2025\\\/04\\\/ISFLIVANGUARD-1.jpg\",\"datePublished\":\"2025-04-09T21:52:48+00:00\",\"dateModified\":\"2026-04-10T10:15:27+00:00\",\"description\":\"Ukelele el\u00e9ctrico tama\u00f1o Tenor, 19 trastes, tapa de maple flameado, cuerpo de caoba s\u00f3lida, puente Hardtail Fixed, cuerdas met\u00e1licas de calibre 10-46, brazo de caoba, diapas\u00f3n de palo de rosa, cejuela de hueso de 35 mm de ancho, montura de hueso, 2 humbuckers, configuraci\u00f3n HH y palanca de 3 posiciones, marcadores de posici\u00f3n en los trastes 3, 5, 7, 10, 12, 15, 17 y 19, cuerdas met\u00e1licas, clavijero de chapa negra, diapas\u00f3n encuadernado, traste cero, afinadores de engranajes cerrados, un control de volumen y un control de tono, incluye funda de concierto acolchada de lujo de 20 mm.\",\"breadcrumb\":{\"@id\":\"https:\\\/\\\/www.mexicanguitarplayers.com\\\/tienda\\\/sin categor\u00eda\\\/ukelele-flight-tenor-elect-vanguard\\\/#breadcrumb\"},\"inLanguage\":\"en-US\",\"potentialAction\":[{\"@type\":\"ReadAction\",\"target\":[\"https:\\\/\\\/www.mexicanguitarplayers.com\\\/tienda\\\/sin categor\u00eda\\\/ukelele-flight-tenor-elect-vanguard\\\/\"]}]},{\"@type\":\"ImageObject\",\"inLanguage\":\"en-US\",\"@id\":\"https:\\\/\\\/www.mexicanguitarplayers.com\\\/tienda\\\/sin categor\u00eda\\\/ukelele-flight-tenor-elect-vanguard\\\/#primaryimage\",\"url\":\"https:\\\/\\\/www.mexicanguitarplayers.com\\\/wp-content\\\/uploads\\\/2025\\\/04\\\/ISFLIVANGUARD-1.jpg\",\"contentUrl\":\"https:\\\/\\\/www.mexicanguitarplayers.com\\\/wp-content\\\/uploads\\\/2025\\\/04\\\/ISFLIVANGUARD-1.jpg\",\"width\":1200,\"height\":1200},{\"@type\":\"BreadcrumbList\",\"@id\":\"https:\\\/\\\/www.mexicanguitarplayers.com\\\/tienda\\\/sin categor\u00eda\\\/ukelele-flight-tenor-elect-vanguard\\\/#breadcrumb\",\"itemListElement\":[{\"@type\":\"ListItem\",\"position\":1,\"name\":\"Portada\",\"item\":\"https:\\\/\\\/www.mexicanguitarplayers.com\\\/\"},{\"@type\":\"ListItem\",\"position\":2,\"name\":\"Tienda\",\"item\":\"https:\\\/\\\/www.mexicanguitarplayers.com\\\/tienda\\\/\"},{\"@type\":\"ListItem\",\"position\":3,\"name\":\"UKELELE FLIGHT TENOR ELECT. VANGUARD\"}]},{\"@type\":\"WebSite\",\"@id\":\"https:\\\/\\\/www.mexicanguitarplayers.com\\\/#website\",\"url\":\"https:\\\/\\\/www.mexicanguitarplayers.com\\\/\",\"name\":\"Mexican Guitar Players\",\"description\":\"Website\",\"publisher\":{\"@id\":\"https:\\\/\\\/www.mexicanguitarplayers.com\\\/#organization\"},\"potentialAction\":[{\"@type\":\"SearchAction\",\"target\":{\"@type\":\"EntryPoint\",\"urlTemplate\":\"https:\\\/\\\/www.mexicanguitarplayers.com\\\/?s={search_term_string}\"},\"query-input\":{\"@type\":\"PropertyValueSpecification\",\"valueRequired\":true,\"valueName\":\"search_term_string\"}}],\"inLanguage\":\"en-US\"},{\"@type\":\"Organization\",\"@id\":\"https:\\\/\\\/www.mexicanguitarplayers.com\\\/#organization\",\"name\":\"Mexican Guitar Players\",\"url\":\"https:\\\/\\\/www.mexicanguitarplayers.com\\\/\",\"logo\":{\"@type\":\"ImageObject\",\"inLanguage\":\"en-US\",\"@id\":\"https:\\\/\\\/www.mexicanguitarplayers.com\\\/#\\\/schema\\\/logo\\\/image\\\/\",\"url\":\"\",\"contentUrl\":\"\",\"caption\":\"Mexican Guitar Players\"},\"image\":{\"@id\":\"https:\\\/\\\/www.mexicanguitarplayers.com\\\/#\\\/schema\\\/logo\\\/image\\\/\"}}]}<\/script>\n<!-- \/ Yoast SEO plugin. -->","yoast_head_json":{"title":"UKELELE FLIGHT TENOR ELECT.  VANGUARD - Mexican Guitar Players","description":"Ukelele el\u00e9ctrico tama\u00f1o Tenor, 19 trastes, tapa de maple flameado, cuerpo de caoba s\u00f3lida, puente Hardtail Fixed, cuerdas met\u00e1licas de calibre 10-46, brazo de caoba, diapas\u00f3n de palo de rosa, cejuela de hueso de 35 mm de ancho, montura de hueso, 2 humbuckers, configuraci\u00f3n HH y palanca de 3 posiciones, marcadores de posici\u00f3n en los trastes 3, 5, 7, 10, 12, 15, 17 y 19, cuerdas met\u00e1licas, clavijero de chapa negra, diapas\u00f3n encuadernado, traste cero, afinadores de engranajes cerrados, un control de volumen y un control de tono, incluye funda de concierto acolchada de lujo de 20 mm.","robots":{"index":"index","follow":"follow","max-snippet":"max-snippet:-1","max-image-preview":"max-image-preview:large","max-video-preview":"max-video-preview:-1"},"canonical":"https:\/\/www.mexicanguitarplayers.com\/en\/tienda\/sin categor\u00eda\/ukelele-flight-tenor-elect-vanguard\/","og_locale":"en_US","og_type":"article","og_title":"UKELELE FLIGHT TENOR ELECT.  VANGUARD - Mexican Guitar Players","og_description":"Ukelele el\u00e9ctrico tama\u00f1o Tenor, 19 trastes, tapa de maple flameado, cuerpo de caoba s\u00f3lida, puente Hardtail Fixed, cuerdas met\u00e1licas de calibre 10-46, brazo de caoba, diapas\u00f3n de palo de rosa, cejuela de hueso de 35 mm de ancho, montura de hueso, 2 humbuckers, configuraci\u00f3n HH y palanca de 3 posiciones, marcadores de posici\u00f3n en los trastes 3, 5, 7, 10, 12, 15, 17 y 19, cuerdas met\u00e1licas, clavijero de chapa negra, diapas\u00f3n encuadernado, traste cero, afinadores de engranajes cerrados, un control de volumen y un control de tono, incluye funda de concierto acolchada de lujo de 20 mm.","og_url":"https:\/\/www.mexicanguitarplayers.com\/en\/tienda\/sin categor\u00eda\/ukelele-flight-tenor-elect-vanguard\/","og_site_name":"Mexican Guitar Players","article_modified_time":"2026-04-10T10:15:27+00:00","twitter_card":"summary_large_image","twitter_misc":{"Est. reading time":"3 minutes"},"schema":{"@context":"https:\/\/schema.org","@graph":[{"@type":["WebPage","ItemPage"],"@id":"https:\/\/www.mexicanguitarplayers.com\/tienda\/sin categor\u00eda\/ukelele-flight-tenor-elect-vanguard\/","url":"https:\/\/www.mexicanguitarplayers.com\/tienda\/sin categor\u00eda\/ukelele-flight-tenor-elect-vanguard\/","name":"UKELELE FLIGHT TENOR ELECT. VANGUARD - Mexican Guitar Players","isPartOf":{"@id":"https:\/\/www.mexicanguitarplayers.com\/#website"},"primaryImageOfPage":{"@id":"https:\/\/www.mexicanguitarplayers.com\/tienda\/sin categor\u00eda\/ukelele-flight-tenor-elect-vanguard\/#primaryimage"},"image":{"@id":"https:\/\/www.mexicanguitarplayers.com\/tienda\/sin categor\u00eda\/ukelele-flight-tenor-elect-vanguard\/#primaryimage"},"thumbnailUrl":"https:\/\/www.mexicanguitarplayers.com\/wp-content\/uploads\/2025\/04\/ISFLIVANGUARD-1.jpg","datePublished":"2025-04-09T21:52:48+00:00","dateModified":"2026-04-10T10:15:27+00:00","description":"Ukelele el\u00e9ctrico tama\u00f1o Tenor, 19 trastes, tapa de maple flameado, cuerpo de caoba s\u00f3lida, puente Hardtail Fixed, cuerdas met\u00e1licas de calibre 10-46, brazo de caoba, diapas\u00f3n de palo de rosa, cejuela de hueso de 35 mm de ancho, montura de hueso, 2 humbuckers, configuraci\u00f3n HH y palanca de 3 posiciones, marcadores de posici\u00f3n en los trastes 3, 5, 7, 10, 12, 15, 17 y 19, cuerdas met\u00e1licas, clavijero de chapa negra, diapas\u00f3n encuadernado, traste cero, afinadores de engranajes cerrados, un control de volumen y un control de tono, incluye funda de concierto acolchada de lujo de 20 mm.","breadcrumb":{"@id":"https:\/\/www.mexicanguitarplayers.com\/tienda\/sin categor\u00eda\/ukelele-flight-tenor-elect-vanguard\/#breadcrumb"},"inLanguage":"en-US","potentialAction":[{"@type":"ReadAction","target":["https:\/\/www.mexicanguitarplayers.com\/tienda\/sin categor\u00eda\/ukelele-flight-tenor-elect-vanguard\/"]}]},{"@type":"ImageObject","inLanguage":"en-US","@id":"https:\/\/www.mexicanguitarplayers.com\/tienda\/sin categor\u00eda\/ukelele-flight-tenor-elect-vanguard\/#primaryimage","url":"https:\/\/www.mexicanguitarplayers.com\/wp-content\/uploads\/2025\/04\/ISFLIVANGUARD-1.jpg","contentUrl":"https:\/\/www.mexicanguitarplayers.com\/wp-content\/uploads\/2025\/04\/ISFLIVANGUARD-1.jpg","width":1200,"height":1200},{"@type":"BreadcrumbList","@id":"https:\/\/www.mexicanguitarplayers.com\/tienda\/sin categor\u00eda\/ukelele-flight-tenor-elect-vanguard\/#breadcrumb","itemListElement":[{"@type":"ListItem","position":1,"name":"Portada","item":"https:\/\/www.mexicanguitarplayers.com\/"},{"@type":"ListItem","position":2,"name":"Tienda","item":"https:\/\/www.mexicanguitarplayers.com\/tienda\/"},{"@type":"ListItem","position":3,"name":"UKELELE FLIGHT TENOR ELECT. VANGUARD"}]},{"@type":"WebSite","@id":"https:\/\/www.mexicanguitarplayers.com\/#website","url":"https:\/\/www.mexicanguitarplayers.com\/","name":"Mexican Guitar Players","description":"Website","publisher":{"@id":"https:\/\/www.mexicanguitarplayers.com\/#organization"},"potentialAction":[{"@type":"SearchAction","target":{"@type":"EntryPoint","urlTemplate":"https:\/\/www.mexicanguitarplayers.com\/?s={search_term_string}"},"query-input":{"@type":"PropertyValueSpecification","valueRequired":true,"valueName":"search_term_string"}}],"inLanguage":"en-US"},{"@type":"Organization","@id":"https:\/\/www.mexicanguitarplayers.com\/#organization","name":"Mexican Guitar Players","url":"https:\/\/www.mexicanguitarplayers.com\/","logo":{"@type":"ImageObject","inLanguage":"en-US","@id":"https:\/\/www.mexicanguitarplayers.com\/#\/schema\/logo\/image\/","url":"","contentUrl":"","caption":"Mexican Guitar Players"},"image":{"@id":"https:\/\/www.mexicanguitarplayers.com\/#\/schema\/logo\/image\/"}}]}},"brands":[{"id":322,"name":"FLIGHT","slug":"flight"}],"_links":{"self":[{"href":"https:\/\/www.mexicanguitarplayers.com\/en\/wp-json\/wp\/v2\/product\/43421","targetHints":{"allow":["GET"]}}],"collection":[{"href":"https:\/\/www.mexicanguitarplayers.com\/en\/wp-json\/wp\/v2\/product"}],"about":[{"href":"https:\/\/www.mexicanguitarplayers.com\/en\/wp-json\/wp\/v2\/types\/product"}],"replies":[{"embeddable":true,"href":"https:\/\/www.mexicanguitarplayers.com\/en\/wp-json\/wp\/v2\/comments?post=43421"}],"wp:featuredmedia":[{"embeddable":true,"href":"https:\/\/www.mexicanguitarplayers.com\/en\/wp-json\/wp\/v2\/media\/43405"}],"wp:attachment":[{"href":"https:\/\/www.mexicanguitarplayers.com\/en\/wp-json\/wp\/v2\/media?parent=43421"}],"wp:term":[{"taxonomy":"pwb-brand","embeddable":true,"href":"https:\/\/www.mexicanguitarplayers.com\/en\/wp-json\/wp\/v2\/pwb-brand?post=43421"},{"taxonomy":"product_brand","embeddable":true,"href":"https:\/\/www.mexicanguitarplayers.com\/en\/wp-json\/wp\/v2\/product_brand?post=43421"},{"taxonomy":"product_cat","embeddable":true,"href":"https:\/\/www.mexicanguitarplayers.com\/en\/wp-json\/wp\/v2\/product_cat?post=43421"},{"taxonomy":"product_tag","embeddable":true,"href":"https:\/\/www.mexicanguitarplayers.com\/en\/wp-json\/wp\/v2\/product_tag?post=43421"}],"curies":[{"name":"wp","href":"https:\/\/api.w.org\/{rel}","templated":true}]}}