{"id":43450,"date":"2025-04-09T15:53:46","date_gmt":"2025-04-09T21:53:46","guid":{"rendered":"https:\/\/www.mexicanguitarplayers.com\/tienda\/sin categor\u00eda\/funda-gator-p-mezcladora-g-mixerbag-0909\/"},"modified":"2026-05-01T07:15:26","modified_gmt":"2026-05-01T13:15:26","slug":"funda-gator-p-mezcladora-g-mixerbag-0909","status":"publish","type":"product","link":"https:\/\/www.mexicanguitarplayers.com\/en\/tienda\/accesorios\/estuches-y-fundas\/para-mixers\/funda-gator-p-mezcladora-g-mixerbag-0909\/","title":{"rendered":"FUNDA GATOR P\/MEZCLADORA G-MIXERBAG-0909"},"content":{"rendered":"<div style=\"text-align: justify\">\n<div>\n<h3>La mejor protecci\u00f3n para tu mixer.<\/h3>\n<\/div>\n<div>Las fundas acolchadas de Gator para mezcladoras vienen en todos los tama\u00f1os para adaptarse a casi cualquier mezcladora en el mercado. El exterior est\u00e1 fabricado con resistente material de nylon con cierres grandes y resistentes, correa para hombro extra\u00edble y c\u00f3modas asas acolchadas, se completa con un bolsillo en donde podr\u00e1s guardar el adaptador de corriente, tapones para los o\u00eddos u otros elementos esenciales para el show. El interior est\u00e1 fabricado con un material resistente de tricot con una protecci\u00f3n de espuma de doble capa de 10 mm y es ideal para proteger tu inversi\u00f3n.<\/div>\n<div>\n<h4>Quick look<\/h4>\n<\/div>\n<ul style=\"margin: 0px 0px 0px 25px\">\n<li style=\"list-style-type: circle;margin: 5px\">Dimensiones interiores.<\/li>\n<li style=\"list-style-type: circle;margin: 5px\">Dimensiones exteriores.<\/li>\n<li style=\"list-style-type: circle;margin: 5px\">Weight.<\/li>\n<\/ul>\n<div>\n<div style=\"font-weight: bold\">Dimensiones interiores.<\/div>\n<div>\n<p>Longitud interior: 9.5&#8243; (241.3 mm). Ancho interior: 9.25&#8243; (241.3 mm). Altura interior: 2.75&#8243; (69.85 mm).<\/p>\n<\/div>\n<div style=\"font-weight: bold\">Dimensiones exteriores.<\/div>\n<div>\n<p>Longitud exterior: 10&#8243; (254 mm). Ancho exterior: 10&#8243; (254 mm). Altura exterior: 3.5&#8243; (88.9 mm).<\/p>\n<\/div>\n<div style=\"font-weight: bold\">Weight.<\/div>\n<div>\n<p>0.6 kg.<\/p>\n<\/div>\n<\/div>\n<div>\n<h4>Characteristics<\/h4>\n<\/div>\n<div>\n<ul style=\"margin: 0px 0px 0px 25px\">\n<li style=\"list-style-type: circle;margin: 5px\">Funda para mezcladoras de hasta 9? x 9? x 2.75?.<\/li>\n<li style=\"list-style-type: circle;margin: 5px\">Exterior de nylon resistente.<\/li>\n<li style=\"list-style-type: circle;margin: 5px\">Protecci\u00f3n acolchada de doble capa de 10 mm.<\/li>\n<li style=\"list-style-type: circle;margin: 5px\">Interior forrado de tricot.<\/li>\n<li style=\"list-style-type: circle;margin: 5px\">Correa de hombro extra\u00edble.<\/li>\n<li style=\"list-style-type: circle;margin: 5px\">Asas palmeadas.<\/li>\n<li style=\"list-style-type: circle;margin: 5px\">Bolsillos externos de almacenamiento con gestor de cables.<\/li>\n<li style=\"list-style-type: circle;margin: 5px\">AIAIAI <\/li>\n<li style=\"list-style-type: circle;margin: 5px\">Alesis <\/li>\n<li style=\"list-style-type: circle;margin: 5px\">Allen &amp; Heath <\/li>\n<li style=\"list-style-type: circle;margin: 5px\">Alto Professional <\/li>\n<li style=\"list-style-type: circle;margin: 5px\">AMS-Neve <\/li>\n<li style=\"list-style-type: circle;margin: 5px\">API Audio <\/li>\n<li style=\"list-style-type: circle;margin: 5px\">Apple <\/li>\n<li style=\"list-style-type: circle;margin: 5px\">ART <\/li>\n<li style=\"list-style-type: circle;margin: 5px\">Avid <\/li>\n<li style=\"list-style-type: circle;margin: 5px\">Azden <\/li>\n<li style=\"list-style-type: circle;margin: 5px\">Behringer <\/li>\n<li style=\"list-style-type: circle;margin: 5px\">Bose <\/li>\n<li style=\"list-style-type: circle;margin: 5px\">Chauvet <\/li>\n<li style=\"list-style-type: circle;margin: 5px\">dbx <\/li>\n<li style=\"list-style-type: circle;margin: 5px\">Digidesign <\/li>\n<li style=\"list-style-type: circle;margin: 5px\">Digitech <\/li>\n<li style=\"list-style-type: circle;margin: 5px\">Edirol <\/li>\n<li style=\"list-style-type: circle;margin: 5px\">Elektron <\/li>\n<li style=\"list-style-type: circle;margin: 5px\">EMU <\/li>\n<li style=\"list-style-type: circle;margin: 5px\">FMR Audio <\/li>\n<li style=\"list-style-type: circle;margin: 5px\">Focusrite <\/li>\n<li style=\"list-style-type: circle;margin: 5px\">Frontier <\/li>\n<li style=\"list-style-type: circle;margin: 5px\">Henry Engineering <\/li>\n<li style=\"list-style-type: circle;margin: 5px\">iConnectivity <\/li>\n<li style=\"list-style-type: circle;margin: 5px\">IK Multimedia <\/li>\n<li style=\"list-style-type: circle;margin: 5px\">Inter-M <\/li>\n<li style=\"list-style-type: circle;margin: 5px\">Korg <\/li>\n<li style=\"list-style-type: circle;margin: 5px\">Lexicon <\/li>\n<li style=\"list-style-type: circle;margin: 5px\">Line 6 <\/li>\n<li style=\"list-style-type: circle;margin: 5px\">Mackie <\/li>\n<li style=\"list-style-type: circle;margin: 5px\">M-Audio <\/li>\n<li style=\"list-style-type: circle;margin: 5px\">MOTU <\/li>\n<li style=\"list-style-type: circle;margin: 5px\">Nady <\/li>\n<li style=\"list-style-type: circle;margin: 5px\">Novation <\/li>\n<li style=\"list-style-type: circle;margin: 5px\">Phonic <\/li>\n<li style=\"list-style-type: circle;margin: 5px\">Pittsburgh Modular <\/li>\n<li style=\"list-style-type: circle;margin: 5px\">Presonus <\/li>\n<li style=\"list-style-type: circle;margin: 5px\">Roland <\/li>\n<li style=\"list-style-type: circle;margin: 5px\">Samson <\/li>\n<li style=\"list-style-type: circle;margin: 5px\">Shure <\/li>\n<li style=\"list-style-type: circle;margin: 5px\">Solid State Logic <\/li>\n<li style=\"list-style-type: circle;margin: 5px\">Steinberg <\/li>\n<li style=\"list-style-type: circle;margin: 5px\">Tapco <\/li>\n<li style=\"list-style-type: circle;margin: 5px\">TC Electronic <\/li>\n<li style=\"list-style-type: circle;margin: 5px\">TC-Helicon <\/li>\n<li style=\"list-style-type: circle;margin: 5px\">Universal Audio <\/li>\n<li style=\"list-style-type: circle;margin: 5px\">Vocalist <\/li>\n<li style=\"list-style-type: circle;margin: 5px\">Yamaha <\/li>\n<li style=\"list-style-type: circle;margin: 5px\">Zoom <\/li>\n<\/ul>\n<\/div>\n<\/div>","protected":false},"excerpt":{"rendered":"<p>Funda para mezcladoras de hasta 9\u201d x 9\u201d x 2.75\u201d, exterior de nylon resistente, protecci\u00f3n acolchada de doble capa de 10 mm, interior forrado de tricot protector, correa de hombro extra\u00edble y c\u00f3modas asas palmeadas, bolsillos externos de almacenamiento con gestor de cables.&hellip; <a class=\"kt-excerpt-readmore more-link\" href=\"https:\/\/www.mexicanguitarplayers.com\/en\/tienda\/accesorios\/estuches-y-fundas\/para-mixers\/funda-gator-p-mezcladora-g-mixerbag-0909\/\">Read more<\/a><\/p>","protected":false},"featured_media":43435,"comment_status":"open","ping_status":"closed","template":"","meta":{"kt_blocks_editor_width":""},"pwb-brand":[572],"product_brand":[],"product_cat":[85,517,652],"product_tag":[],"class_list":{"0":"post-43450","1":"product","2":"type-product","3":"status-publish","4":"has-post-thumbnail","6":"pwb-brand-gator","7":"product_cat-accesorios","8":"product_cat-estuches-y-fundas","9":"product_cat-para-mixers","10":"product_shipping_class-0-5-kg","12":"first","13":"instock","14":"taxable","15":"shipping-taxable","16":"purchasable","17":"product-type-simple"},"yoast_head":"<!-- This site is optimized with the Yoast SEO plugin v27.5 - https:\/\/yoast.com\/product\/yoast-seo-wordpress\/ -->\n<title>FUNDA GATOR P\/MEZCLADORA G-MIXERBAG-0909 - Mexican Guitar Players<\/title>\n<meta name=\"description\" content=\"Funda para mezcladoras de hasta 9\u201d x 9\u201d x 2.75\u201d, exterior de nylon resistente, protecci\u00f3n acolchada de doble capa de 10 mm, interior forrado de tricot protector, correa de hombro extra\u00edble y c\u00f3modas asas palmeadas, bolsillos externos de almacenamiento con gestor de cables.\" \/>\n<meta name=\"robots\" content=\"index, follow, max-snippet:-1, max-image-preview:large, max-video-preview:-1\" \/>\n<link rel=\"canonical\" href=\"https:\/\/www.mexicanguitarplayers.com\/en\/tienda\/sin%20categor\u00eda\/funda-gator-p-mezcladora-g-mixerbag-0909\/\" \/>\n<meta property=\"og:locale\" content=\"en_US\" \/>\n<meta property=\"og:type\" content=\"article\" \/>\n<meta property=\"og:title\" content=\"FUNDA GATOR P\/MEZCLADORA G-MIXERBAG-0909 - Mexican Guitar Players\" \/>\n<meta property=\"og:description\" content=\"Funda para mezcladoras de hasta 9\u201d x 9\u201d x 2.75\u201d, exterior de nylon resistente, protecci\u00f3n acolchada de doble capa de 10 mm, interior forrado de tricot protector, correa de hombro extra\u00edble y c\u00f3modas asas palmeadas, bolsillos externos de almacenamiento con gestor de cables.\" \/>\n<meta property=\"og:url\" content=\"https:\/\/www.mexicanguitarplayers.com\/en\/tienda\/sin categor\u00eda\/funda-gator-p-mezcladora-g-mixerbag-0909\/\" \/>\n<meta property=\"og:site_name\" content=\"Mexican Guitar Players\" \/>\n<meta property=\"article:modified_time\" content=\"2026-05-01T13:15:26+00:00\" \/>\n<meta name=\"twitter:card\" content=\"summary_large_image\" \/>\n<meta name=\"twitter:label1\" content=\"Est. reading time\" \/>\n\t<meta name=\"twitter:data1\" content=\"1 minute\" \/>\n<script type=\"application\/ld+json\" class=\"yoast-schema-graph\">{\"@context\":\"https:\\\/\\\/schema.org\",\"@graph\":[{\"@type\":[\"WebPage\",\"ItemPage\"],\"@id\":\"https:\\\/\\\/www.mexicanguitarplayers.com\\\/tienda\\\/sin categor\u00eda\\\/funda-gator-p-mezcladora-g-mixerbag-0909\\\/\",\"url\":\"https:\\\/\\\/www.mexicanguitarplayers.com\\\/tienda\\\/sin categor\u00eda\\\/funda-gator-p-mezcladora-g-mixerbag-0909\\\/\",\"name\":\"FUNDA GATOR P\\\/MEZCLADORA G-MIXERBAG-0909 - Mexican Guitar Players\",\"isPartOf\":{\"@id\":\"https:\\\/\\\/www.mexicanguitarplayers.com\\\/#website\"},\"primaryImageOfPage\":{\"@id\":\"https:\\\/\\\/www.mexicanguitarplayers.com\\\/tienda\\\/sin categor\u00eda\\\/funda-gator-p-mezcladora-g-mixerbag-0909\\\/#primaryimage\"},\"image\":{\"@id\":\"https:\\\/\\\/www.mexicanguitarplayers.com\\\/tienda\\\/sin categor\u00eda\\\/funda-gator-p-mezcladora-g-mixerbag-0909\\\/#primaryimage\"},\"thumbnailUrl\":\"https:\\\/\\\/www.mexicanguitarplayers.com\\\/wp-content\\\/uploads\\\/2025\\\/04\\\/VAGATGMIXE0909-1.jpg\",\"datePublished\":\"2025-04-09T21:53:46+00:00\",\"dateModified\":\"2026-05-01T13:15:26+00:00\",\"description\":\"Funda para mezcladoras de hasta 9\u201d x 9\u201d x 2.75\u201d, exterior de nylon resistente, protecci\u00f3n acolchada de doble capa de 10 mm, interior forrado de tricot protector, correa de hombro extra\u00edble y c\u00f3modas asas palmeadas, bolsillos externos de almacenamiento con gestor de cables.\",\"breadcrumb\":{\"@id\":\"https:\\\/\\\/www.mexicanguitarplayers.com\\\/tienda\\\/sin categor\u00eda\\\/funda-gator-p-mezcladora-g-mixerbag-0909\\\/#breadcrumb\"},\"inLanguage\":\"en-US\",\"potentialAction\":[{\"@type\":\"ReadAction\",\"target\":[\"https:\\\/\\\/www.mexicanguitarplayers.com\\\/tienda\\\/sin categor\u00eda\\\/funda-gator-p-mezcladora-g-mixerbag-0909\\\/\"]}]},{\"@type\":\"ImageObject\",\"inLanguage\":\"en-US\",\"@id\":\"https:\\\/\\\/www.mexicanguitarplayers.com\\\/tienda\\\/sin categor\u00eda\\\/funda-gator-p-mezcladora-g-mixerbag-0909\\\/#primaryimage\",\"url\":\"https:\\\/\\\/www.mexicanguitarplayers.com\\\/wp-content\\\/uploads\\\/2025\\\/04\\\/VAGATGMIXE0909-1.jpg\",\"contentUrl\":\"https:\\\/\\\/www.mexicanguitarplayers.com\\\/wp-content\\\/uploads\\\/2025\\\/04\\\/VAGATGMIXE0909-1.jpg\",\"width\":800,\"height\":1600},{\"@type\":\"BreadcrumbList\",\"@id\":\"https:\\\/\\\/www.mexicanguitarplayers.com\\\/tienda\\\/sin categor\u00eda\\\/funda-gator-p-mezcladora-g-mixerbag-0909\\\/#breadcrumb\",\"itemListElement\":[{\"@type\":\"ListItem\",\"position\":1,\"name\":\"Portada\",\"item\":\"https:\\\/\\\/www.mexicanguitarplayers.com\\\/\"},{\"@type\":\"ListItem\",\"position\":2,\"name\":\"Tienda\",\"item\":\"https:\\\/\\\/www.mexicanguitarplayers.com\\\/tienda\\\/\"},{\"@type\":\"ListItem\",\"position\":3,\"name\":\"FUNDA GATOR P\\\/MEZCLADORA G-MIXERBAG-0909\"}]},{\"@type\":\"WebSite\",\"@id\":\"https:\\\/\\\/www.mexicanguitarplayers.com\\\/#website\",\"url\":\"https:\\\/\\\/www.mexicanguitarplayers.com\\\/\",\"name\":\"Mexican Guitar Players\",\"description\":\"Website\",\"publisher\":{\"@id\":\"https:\\\/\\\/www.mexicanguitarplayers.com\\\/#organization\"},\"potentialAction\":[{\"@type\":\"SearchAction\",\"target\":{\"@type\":\"EntryPoint\",\"urlTemplate\":\"https:\\\/\\\/www.mexicanguitarplayers.com\\\/?s={search_term_string}\"},\"query-input\":{\"@type\":\"PropertyValueSpecification\",\"valueRequired\":true,\"valueName\":\"search_term_string\"}}],\"inLanguage\":\"en-US\"},{\"@type\":\"Organization\",\"@id\":\"https:\\\/\\\/www.mexicanguitarplayers.com\\\/#organization\",\"name\":\"Mexican Guitar Players\",\"url\":\"https:\\\/\\\/www.mexicanguitarplayers.com\\\/\",\"logo\":{\"@type\":\"ImageObject\",\"inLanguage\":\"en-US\",\"@id\":\"https:\\\/\\\/www.mexicanguitarplayers.com\\\/#\\\/schema\\\/logo\\\/image\\\/\",\"url\":\"\",\"contentUrl\":\"\",\"caption\":\"Mexican Guitar Players\"},\"image\":{\"@id\":\"https:\\\/\\\/www.mexicanguitarplayers.com\\\/#\\\/schema\\\/logo\\\/image\\\/\"}}]}<\/script>\n<!-- \/ Yoast SEO plugin. -->","yoast_head_json":{"title":"FUNDA GATOR P\/MEZCLADORA G-MIXERBAG-0909 - Mexican Guitar Players","description":"Funda para mezcladoras de hasta 9\u201d x 9\u201d x 2.75\u201d, exterior de nylon resistente, protecci\u00f3n acolchada de doble capa de 10 mm, interior forrado de tricot protector, correa de hombro extra\u00edble y c\u00f3modas asas palmeadas, bolsillos externos de almacenamiento con gestor de cables.","robots":{"index":"index","follow":"follow","max-snippet":"max-snippet:-1","max-image-preview":"max-image-preview:large","max-video-preview":"max-video-preview:-1"},"canonical":"https:\/\/www.mexicanguitarplayers.com\/en\/tienda\/sin categor\u00eda\/funda-gator-p-mezcladora-g-mixerbag-0909\/","og_locale":"en_US","og_type":"article","og_title":"FUNDA GATOR P\/MEZCLADORA G-MIXERBAG-0909 - Mexican Guitar Players","og_description":"Funda para mezcladoras de hasta 9\u201d x 9\u201d x 2.75\u201d, exterior de nylon resistente, protecci\u00f3n acolchada de doble capa de 10 mm, interior forrado de tricot protector, correa de hombro extra\u00edble y c\u00f3modas asas palmeadas, bolsillos externos de almacenamiento con gestor de cables.","og_url":"https:\/\/www.mexicanguitarplayers.com\/en\/tienda\/sin categor\u00eda\/funda-gator-p-mezcladora-g-mixerbag-0909\/","og_site_name":"Mexican Guitar Players","article_modified_time":"2026-05-01T13:15:26+00:00","twitter_card":"summary_large_image","twitter_misc":{"Est. reading time":"1 minute"},"schema":{"@context":"https:\/\/schema.org","@graph":[{"@type":["WebPage","ItemPage"],"@id":"https:\/\/www.mexicanguitarplayers.com\/tienda\/sin categor\u00eda\/funda-gator-p-mezcladora-g-mixerbag-0909\/","url":"https:\/\/www.mexicanguitarplayers.com\/tienda\/sin categor\u00eda\/funda-gator-p-mezcladora-g-mixerbag-0909\/","name":"FUNDA GATOR P\/MEZCLADORA G-MIXERBAG-0909 - Mexican Guitar Players","isPartOf":{"@id":"https:\/\/www.mexicanguitarplayers.com\/#website"},"primaryImageOfPage":{"@id":"https:\/\/www.mexicanguitarplayers.com\/tienda\/sin categor\u00eda\/funda-gator-p-mezcladora-g-mixerbag-0909\/#primaryimage"},"image":{"@id":"https:\/\/www.mexicanguitarplayers.com\/tienda\/sin categor\u00eda\/funda-gator-p-mezcladora-g-mixerbag-0909\/#primaryimage"},"thumbnailUrl":"https:\/\/www.mexicanguitarplayers.com\/wp-content\/uploads\/2025\/04\/VAGATGMIXE0909-1.jpg","datePublished":"2025-04-09T21:53:46+00:00","dateModified":"2026-05-01T13:15:26+00:00","description":"Funda para mezcladoras de hasta 9\u201d x 9\u201d x 2.75\u201d, exterior de nylon resistente, protecci\u00f3n acolchada de doble capa de 10 mm, interior forrado de tricot protector, correa de hombro extra\u00edble y c\u00f3modas asas palmeadas, bolsillos externos de almacenamiento con gestor de cables.","breadcrumb":{"@id":"https:\/\/www.mexicanguitarplayers.com\/tienda\/sin categor\u00eda\/funda-gator-p-mezcladora-g-mixerbag-0909\/#breadcrumb"},"inLanguage":"en-US","potentialAction":[{"@type":"ReadAction","target":["https:\/\/www.mexicanguitarplayers.com\/tienda\/sin categor\u00eda\/funda-gator-p-mezcladora-g-mixerbag-0909\/"]}]},{"@type":"ImageObject","inLanguage":"en-US","@id":"https:\/\/www.mexicanguitarplayers.com\/tienda\/sin categor\u00eda\/funda-gator-p-mezcladora-g-mixerbag-0909\/#primaryimage","url":"https:\/\/www.mexicanguitarplayers.com\/wp-content\/uploads\/2025\/04\/VAGATGMIXE0909-1.jpg","contentUrl":"https:\/\/www.mexicanguitarplayers.com\/wp-content\/uploads\/2025\/04\/VAGATGMIXE0909-1.jpg","width":800,"height":1600},{"@type":"BreadcrumbList","@id":"https:\/\/www.mexicanguitarplayers.com\/tienda\/sin categor\u00eda\/funda-gator-p-mezcladora-g-mixerbag-0909\/#breadcrumb","itemListElement":[{"@type":"ListItem","position":1,"name":"Portada","item":"https:\/\/www.mexicanguitarplayers.com\/"},{"@type":"ListItem","position":2,"name":"Tienda","item":"https:\/\/www.mexicanguitarplayers.com\/tienda\/"},{"@type":"ListItem","position":3,"name":"FUNDA GATOR P\/MEZCLADORA G-MIXERBAG-0909"}]},{"@type":"WebSite","@id":"https:\/\/www.mexicanguitarplayers.com\/#website","url":"https:\/\/www.mexicanguitarplayers.com\/","name":"Mexican Guitar Players","description":"Website","publisher":{"@id":"https:\/\/www.mexicanguitarplayers.com\/#organization"},"potentialAction":[{"@type":"SearchAction","target":{"@type":"EntryPoint","urlTemplate":"https:\/\/www.mexicanguitarplayers.com\/?s={search_term_string}"},"query-input":{"@type":"PropertyValueSpecification","valueRequired":true,"valueName":"search_term_string"}}],"inLanguage":"en-US"},{"@type":"Organization","@id":"https:\/\/www.mexicanguitarplayers.com\/#organization","name":"Mexican Guitar Players","url":"https:\/\/www.mexicanguitarplayers.com\/","logo":{"@type":"ImageObject","inLanguage":"en-US","@id":"https:\/\/www.mexicanguitarplayers.com\/#\/schema\/logo\/image\/","url":"","contentUrl":"","caption":"Mexican Guitar Players"},"image":{"@id":"https:\/\/www.mexicanguitarplayers.com\/#\/schema\/logo\/image\/"}}]}},"brands":[{"id":572,"name":"GATOR","slug":"gator"}],"_links":{"self":[{"href":"https:\/\/www.mexicanguitarplayers.com\/en\/wp-json\/wp\/v2\/product\/43450","targetHints":{"allow":["GET"]}}],"collection":[{"href":"https:\/\/www.mexicanguitarplayers.com\/en\/wp-json\/wp\/v2\/product"}],"about":[{"href":"https:\/\/www.mexicanguitarplayers.com\/en\/wp-json\/wp\/v2\/types\/product"}],"replies":[{"embeddable":true,"href":"https:\/\/www.mexicanguitarplayers.com\/en\/wp-json\/wp\/v2\/comments?post=43450"}],"wp:featuredmedia":[{"embeddable":true,"href":"https:\/\/www.mexicanguitarplayers.com\/en\/wp-json\/wp\/v2\/media\/43435"}],"wp:attachment":[{"href":"https:\/\/www.mexicanguitarplayers.com\/en\/wp-json\/wp\/v2\/media?parent=43450"}],"wp:term":[{"taxonomy":"pwb-brand","embeddable":true,"href":"https:\/\/www.mexicanguitarplayers.com\/en\/wp-json\/wp\/v2\/pwb-brand?post=43450"},{"taxonomy":"product_brand","embeddable":true,"href":"https:\/\/www.mexicanguitarplayers.com\/en\/wp-json\/wp\/v2\/product_brand?post=43450"},{"taxonomy":"product_cat","embeddable":true,"href":"https:\/\/www.mexicanguitarplayers.com\/en\/wp-json\/wp\/v2\/product_cat?post=43450"},{"taxonomy":"product_tag","embeddable":true,"href":"https:\/\/www.mexicanguitarplayers.com\/en\/wp-json\/wp\/v2\/product_tag?post=43450"}],"curies":[{"name":"wp","href":"https:\/\/api.w.org\/{rel}","templated":true}]}}