{"id":43510,"date":"2025-04-09T15:56:21","date_gmt":"2025-04-09T21:56:21","guid":{"rendered":"https:\/\/www.mexicanguitarplayers.com\/tienda\/sin categor\u00eda\/guitarra-washburn-electrica-pxs29frtbbm\/"},"modified":"2026-04-10T04:15:22","modified_gmt":"2026-04-10T10:15:22","slug":"guitarra-washburn-electrica-pxs29frtbbm","status":"publish","type":"product","link":"https:\/\/www.mexicanguitarplayers.com\/en\/tienda\/cuerdas\/guitarras-cuerdas\/electricas\/guitarras-electricas-solidas\/guitarra-washburn-electrica-pxs29frtbbm\/","title":{"rendered":"GUITARRA WASHBURN ELECTRICA PXS29FRTBBM"},"content":{"rendered":"<div style=\"text-align: justify\">\n<div>\n<h3>Toda una m\u00e1quina para conciertos.<\/h3>\n<\/div>\n<div>La guitarra el\u00e9ctrica Parallaxe PXS29FRTBBM de cuerpo s\u00f3lido est\u00e1 dise\u00f1ada para el metalero moderno, esta guitarra ofrece todas las herramientas necesarias para un shredder profesional. Cuenta con un cuerpo de caoba, pastillas Duncan SCR1N cool rails\/TB6, brazo de maple, diapas\u00f3n de \u00e9bano y con todo esto estar\u00e1s listo para incendiar el escenario Washburn fabrica guitarras el\u00e9ctricas, guitarras ac\u00fasticas, bajos el\u00e9ctricos, bajos ac\u00fasticos, banjos, mandolinas, guitarras de viaje y amplificadores. Washburn ha ido ganando mucho reconocimiento en los \u00faltimos a\u00f1os, especialmente en el metal extremo, el hardcore punk y las escenas post-rock. Ha fabricado y dise\u00f1ado guitarras el\u00e9ctricas, ac\u00fasticas y bajos y ha sido la marca favorita de guitarristas como Dimebag Darrell, Scott Ian, Jennifer Batten, Nuno Bettencourt, Stu Hamm, Paul Stanley y muchos m\u00e1s.<\/div>\n<div>\n<h4>Quick look<\/h4>\n<\/div>\n<ul style=\"margin: 0px 0px 0px 25px\">\n<li style=\"list-style-type: circle;margin: 5px\">Serie.<\/li>\n<li style=\"list-style-type: circle;margin: 5px\">Forma.<\/li>\n<li style=\"list-style-type: circle;margin: 5px\">Cuerpo.<\/li>\n<li style=\"list-style-type: circle;margin: 5px\">Arm.<\/li>\n<li style=\"list-style-type: circle;margin: 5px\">Diapason.<\/li>\n<li style=\"list-style-type: circle;margin: 5px\">Color.<\/li>\n<li style=\"list-style-type: circle;margin: 5px\">Frets<\/li>\n<li style=\"list-style-type: circle;margin: 5px\">Scale.<\/li>\n<li style=\"list-style-type: circle;margin: 5px\">Inlays.<\/li>\n<li style=\"list-style-type: circle;margin: 5px\">Nut.<\/li>\n<li style=\"list-style-type: circle;margin: 5px\">Ancho de la cejuela.<\/li>\n<li style=\"list-style-type: circle;margin: 5px\">Pastillas.<\/li>\n<li style=\"list-style-type: circle;margin: 5px\">Controls<\/li>\n<li style=\"list-style-type: circle;margin: 5px\">Selector.<\/li>\n<li style=\"list-style-type: circle;margin: 5px\">Hardware.<\/li>\n<li style=\"list-style-type: circle;margin: 5px\">Bridge.<\/li>\n<li style=\"list-style-type: circle;margin: 5px\">Machinery.<\/li>\n<li style=\"list-style-type: circle;margin: 5px\">Terminado.<\/li>\n<li style=\"list-style-type: circle;margin: 5px\">Strings<\/li>\n<\/ul>\n<div>\n<div style=\"font-weight: bold\">Serie.<\/div>\n<div>\n<p>Parallaxe.<\/p>\n<\/div>\n<div style=\"font-weight: bold\">Forma.<\/div>\n<div>\n<p>PXL Doble Cutaway.<\/p>\n<\/div>\n<div style=\"font-weight: bold\">Cuerpo.<\/div>\n<div>\n<p>Mahogany.<\/p>\n<\/div>\n<div style=\"font-weight: bold\">Arm.<\/div>\n<div>\n<p>Maple.<\/p>\n<\/div>\n<div style=\"font-weight: bold\">Diapason.<\/div>\n<div>\n<p>Ebony.<\/p>\n<\/div>\n<div style=\"font-weight: bold\">Color.<\/div>\n<div>\n<p>Flame Trans Black.<\/p>\n<\/div>\n<div style=\"font-weight: bold\">Frets<\/div>\n<div>\n<p>29.<\/p>\n<\/div>\n<div style=\"font-weight: bold\">Scale.<\/div>\n<div>\n<p>25.5&#8243;.<\/p>\n<\/div>\n<div style=\"font-weight: bold\">Inlays.<\/div>\n<div>\n<p>Peque\u00f1os puntos con inlay Parallaxe en el traste 12.<\/p>\n<\/div>\n<div style=\"font-weight: bold\">Nut.<\/div>\n<div>\n<p>Locking nut.<\/p>\n<\/div>\n<div style=\"font-weight: bold\">Ancho de la cejuela.<\/div>\n<div>\n<p>43 mm.<\/p>\n<\/div>\n<div style=\"font-weight: bold\">Pastillas.<\/div>\n<div>\n<p>S \/ H.Duncan SCR1N cool rails\/TB6.<\/p>\n<\/div>\n<div style=\"font-weight: bold\">Controls<\/div>\n<div>\n<p>1 volume, 1 tone.<\/p>\n<\/div>\n<div style=\"font-weight: bold\">Selector.<\/div>\n<div>\n<p>3 positions.<\/p>\n<\/div>\n<div style=\"font-weight: bold\">Hardware.<\/div>\n<div>\n<p>Cromado.<\/p>\n<\/div>\n<div style=\"font-weight: bold\">Bridge.<\/div>\n<div>\n<p>Floyd Rose 1000 con bloqueo y silenciador.<\/p>\n<\/div>\n<div style=\"font-weight: bold\">Machinery.<\/div>\n<div>\n<p>Chrome Grover Exclusive 18:1.<\/p>\n<\/div>\n<div style=\"font-weight: bold\">Terminado.<\/div>\n<div>\n<p>Mate.<\/p>\n<\/div>\n<div style=\"font-weight: bold\">Strings<\/div>\n<div>\n<p>D&#8217;addario EXL 120 light gauge.<\/p>\n<\/div>\n<\/div>\n<\/div>","protected":false},"excerpt":{"rendered":"<p>Guitarra el\u00e9ctrica Washburn, Serie Parallaxe, PXL Doble Cutaway, cuerpo de caoba, brazo de maple, diapas\u00f3n de \u00e9bano, color Flame Trans Black, 29 trastes, escala25.5\u201d, peque\u00f1os puntos con inlay Parallaxe en el traste 12, cejuela Locking nutde 43 mm, pastillas: S \/ H. Duncan SCR1N cool rails\/TB6, 1 volumen, 1 tono, selector de 3 posiciones, puente Floyd Rose 1000 con bloqueo y silenciador, maquinaria Chrome Grover Exclusive 18:1, terminado mate, cuerdas D&#8217;addario EXL 120 light gauge.&hellip; <a class=\"kt-excerpt-readmore more-link\" href=\"https:\/\/www.mexicanguitarplayers.com\/en\/tienda\/cuerdas\/guitarras-cuerdas\/electricas\/guitarras-electricas-solidas\/guitarra-washburn-electrica-pxs29frtbbm\/\">Read more<\/a><\/p>","protected":false},"featured_media":43508,"comment_status":"open","ping_status":"closed","template":"","meta":{"kt_blocks_editor_width":""},"pwb-brand":[178],"product_brand":[],"product_cat":[224,313,312,314],"product_tag":[],"class_list":{"0":"post-43510","1":"product","2":"type-product","3":"status-publish","4":"has-post-thumbnail","6":"pwb-brand-washburn","7":"product_cat-cuerdas","8":"product_cat-electricas","9":"product_cat-guitarras-cuerdas","10":"product_cat-guitarras-electricas-solidas","11":"product_shipping_class-0-5-kg","13":"first","14":"outofstock","15":"taxable","16":"shipping-taxable","17":"purchasable","18":"product-type-simple"},"yoast_head":"<!-- This site is optimized with the Yoast SEO plugin v27.6 - https:\/\/yoast.com\/product\/yoast-seo-wordpress\/ -->\n<title>GUITARRA WASHBURN ELECTRICA PXS29FRTBBM - Mexican Guitar Players<\/title>\n<meta name=\"description\" content=\"Guitarra el\u00e9ctrica Washburn, Serie Parallaxe, PXL Doble Cutaway, cuerpo de caoba, brazo de maple, diapas\u00f3n de \u00e9bano, color Flame Trans Black, 29 trastes, escala25.5\u201d, peque\u00f1os puntos con inlay Parallaxe en el traste 12, cejuela Locking nutde 43 mm, pastillas: S \/ H. Duncan SCR1N cool rails\/TB6, 1 volumen, 1 tono, selector de 3 posiciones, puente Floyd Rose 1000 con bloqueo y silenciador, maquinaria Chrome Grover Exclusive 18:1, terminado mate, cuerdas D&#039;addario EXL 120 light gauge.\" \/>\n<meta name=\"robots\" content=\"index, follow, max-snippet:-1, max-image-preview:large, max-video-preview:-1\" \/>\n<link rel=\"canonical\" href=\"https:\/\/www.mexicanguitarplayers.com\/en\/tienda\/sin%20categor\u00eda\/guitarra-washburn-electrica-pxs29frtbbm\/\" \/>\n<meta property=\"og:locale\" content=\"en_US\" \/>\n<meta property=\"og:type\" content=\"article\" \/>\n<meta property=\"og:title\" content=\"GUITARRA WASHBURN ELECTRICA PXS29FRTBBM - Mexican Guitar Players\" \/>\n<meta property=\"og:description\" content=\"Guitarra el\u00e9ctrica Washburn, Serie Parallaxe, PXL Doble Cutaway, cuerpo de caoba, brazo de maple, diapas\u00f3n de \u00e9bano, color Flame Trans Black, 29 trastes, escala25.5\u201d, peque\u00f1os puntos con inlay Parallaxe en el traste 12, cejuela Locking nutde 43 mm, pastillas: S \/ H. Duncan SCR1N cool rails\/TB6, 1 volumen, 1 tono, selector de 3 posiciones, puente Floyd Rose 1000 con bloqueo y silenciador, maquinaria Chrome Grover Exclusive 18:1, terminado mate, cuerdas D&#039;addario EXL 120 light gauge.\" \/>\n<meta property=\"og:url\" content=\"https:\/\/www.mexicanguitarplayers.com\/en\/tienda\/sin categor\u00eda\/guitarra-washburn-electrica-pxs29frtbbm\/\" \/>\n<meta property=\"og:site_name\" content=\"Mexican Guitar Players\" \/>\n<meta property=\"article:modified_time\" content=\"2026-04-10T10:15:22+00:00\" \/>\n<meta name=\"twitter:card\" content=\"summary_large_image\" \/>\n<meta name=\"twitter:label1\" content=\"Est. reading time\" \/>\n\t<meta name=\"twitter:data1\" content=\"1 minute\" \/>\n<script type=\"application\/ld+json\" class=\"yoast-schema-graph\">{\"@context\":\"https:\\\/\\\/schema.org\",\"@graph\":[{\"@type\":[\"WebPage\",\"ItemPage\"],\"@id\":\"https:\\\/\\\/www.mexicanguitarplayers.com\\\/tienda\\\/sin categor\u00eda\\\/guitarra-washburn-electrica-pxs29frtbbm\\\/\",\"url\":\"https:\\\/\\\/www.mexicanguitarplayers.com\\\/tienda\\\/sin categor\u00eda\\\/guitarra-washburn-electrica-pxs29frtbbm\\\/\",\"name\":\"GUITARRA WASHBURN ELECTRICA PXS29FRTBBM - Mexican Guitar Players\",\"isPartOf\":{\"@id\":\"https:\\\/\\\/www.mexicanguitarplayers.com\\\/#website\"},\"primaryImageOfPage\":{\"@id\":\"https:\\\/\\\/www.mexicanguitarplayers.com\\\/tienda\\\/sin categor\u00eda\\\/guitarra-washburn-electrica-pxs29frtbbm\\\/#primaryimage\"},\"image\":{\"@id\":\"https:\\\/\\\/www.mexicanguitarplayers.com\\\/tienda\\\/sin categor\u00eda\\\/guitarra-washburn-electrica-pxs29frtbbm\\\/#primaryimage\"},\"thumbnailUrl\":\"https:\\\/\\\/www.mexicanguitarplayers.com\\\/wp-content\\\/uploads\\\/2025\\\/04\\\/ISWASPXS29FRTB-1.jpg\",\"datePublished\":\"2025-04-09T21:56:21+00:00\",\"dateModified\":\"2026-04-10T10:15:22+00:00\",\"description\":\"Guitarra el\u00e9ctrica Washburn, Serie Parallaxe, PXL Doble Cutaway, cuerpo de caoba, brazo de maple, diapas\u00f3n de \u00e9bano, color Flame Trans Black, 29 trastes, escala25.5\u201d, peque\u00f1os puntos con inlay Parallaxe en el traste 12, cejuela Locking nutde 43 mm, pastillas: S \\\/ H. Duncan SCR1N cool rails\\\/TB6, 1 volumen, 1 tono, selector de 3 posiciones, puente Floyd Rose 1000 con bloqueo y silenciador, maquinaria Chrome Grover Exclusive 18:1, terminado mate, cuerdas D'addario EXL 120 light gauge.\",\"breadcrumb\":{\"@id\":\"https:\\\/\\\/www.mexicanguitarplayers.com\\\/tienda\\\/sin categor\u00eda\\\/guitarra-washburn-electrica-pxs29frtbbm\\\/#breadcrumb\"},\"inLanguage\":\"en-US\",\"potentialAction\":[{\"@type\":\"ReadAction\",\"target\":[\"https:\\\/\\\/www.mexicanguitarplayers.com\\\/tienda\\\/sin categor\u00eda\\\/guitarra-washburn-electrica-pxs29frtbbm\\\/\"]}]},{\"@type\":\"ImageObject\",\"inLanguage\":\"en-US\",\"@id\":\"https:\\\/\\\/www.mexicanguitarplayers.com\\\/tienda\\\/sin categor\u00eda\\\/guitarra-washburn-electrica-pxs29frtbbm\\\/#primaryimage\",\"url\":\"https:\\\/\\\/www.mexicanguitarplayers.com\\\/wp-content\\\/uploads\\\/2025\\\/04\\\/ISWASPXS29FRTB-1.jpg\",\"contentUrl\":\"https:\\\/\\\/www.mexicanguitarplayers.com\\\/wp-content\\\/uploads\\\/2025\\\/04\\\/ISWASPXS29FRTB-1.jpg\",\"width\":800,\"height\":1600},{\"@type\":\"BreadcrumbList\",\"@id\":\"https:\\\/\\\/www.mexicanguitarplayers.com\\\/tienda\\\/sin categor\u00eda\\\/guitarra-washburn-electrica-pxs29frtbbm\\\/#breadcrumb\",\"itemListElement\":[{\"@type\":\"ListItem\",\"position\":1,\"name\":\"Portada\",\"item\":\"https:\\\/\\\/www.mexicanguitarplayers.com\\\/\"},{\"@type\":\"ListItem\",\"position\":2,\"name\":\"Tienda\",\"item\":\"https:\\\/\\\/www.mexicanguitarplayers.com\\\/tienda\\\/\"},{\"@type\":\"ListItem\",\"position\":3,\"name\":\"GUITARRA WASHBURN ELECTRICA PXS29FRTBBM\"}]},{\"@type\":\"WebSite\",\"@id\":\"https:\\\/\\\/www.mexicanguitarplayers.com\\\/#website\",\"url\":\"https:\\\/\\\/www.mexicanguitarplayers.com\\\/\",\"name\":\"Mexican Guitar Players\",\"description\":\"Website\",\"publisher\":{\"@id\":\"https:\\\/\\\/www.mexicanguitarplayers.com\\\/#organization\"},\"potentialAction\":[{\"@type\":\"SearchAction\",\"target\":{\"@type\":\"EntryPoint\",\"urlTemplate\":\"https:\\\/\\\/www.mexicanguitarplayers.com\\\/?s={search_term_string}\"},\"query-input\":{\"@type\":\"PropertyValueSpecification\",\"valueRequired\":true,\"valueName\":\"search_term_string\"}}],\"inLanguage\":\"en-US\"},{\"@type\":\"Organization\",\"@id\":\"https:\\\/\\\/www.mexicanguitarplayers.com\\\/#organization\",\"name\":\"Mexican Guitar Players\",\"url\":\"https:\\\/\\\/www.mexicanguitarplayers.com\\\/\",\"logo\":{\"@type\":\"ImageObject\",\"inLanguage\":\"en-US\",\"@id\":\"https:\\\/\\\/www.mexicanguitarplayers.com\\\/#\\\/schema\\\/logo\\\/image\\\/\",\"url\":\"\",\"contentUrl\":\"\",\"caption\":\"Mexican Guitar Players\"},\"image\":{\"@id\":\"https:\\\/\\\/www.mexicanguitarplayers.com\\\/#\\\/schema\\\/logo\\\/image\\\/\"}}]}<\/script>\n<!-- \/ Yoast SEO plugin. -->","yoast_head_json":{"title":"GUITARRA WASHBURN ELECTRICA PXS29FRTBBM - Mexican Guitar Players","description":"Guitarra el\u00e9ctrica Washburn, Serie Parallaxe, PXL Doble Cutaway, cuerpo de caoba, brazo de maple, diapas\u00f3n de \u00e9bano, color Flame Trans Black, 29 trastes, escala25.5\u201d, peque\u00f1os puntos con inlay Parallaxe en el traste 12, cejuela Locking nutde 43 mm, pastillas: S \/ H. Duncan SCR1N cool rails\/TB6, 1 volumen, 1 tono, selector de 3 posiciones, puente Floyd Rose 1000 con bloqueo y silenciador, maquinaria Chrome Grover Exclusive 18:1, terminado mate, cuerdas D'addario EXL 120 light gauge.","robots":{"index":"index","follow":"follow","max-snippet":"max-snippet:-1","max-image-preview":"max-image-preview:large","max-video-preview":"max-video-preview:-1"},"canonical":"https:\/\/www.mexicanguitarplayers.com\/en\/tienda\/sin categor\u00eda\/guitarra-washburn-electrica-pxs29frtbbm\/","og_locale":"en_US","og_type":"article","og_title":"GUITARRA WASHBURN ELECTRICA PXS29FRTBBM - Mexican Guitar Players","og_description":"Guitarra el\u00e9ctrica Washburn, Serie Parallaxe, PXL Doble Cutaway, cuerpo de caoba, brazo de maple, diapas\u00f3n de \u00e9bano, color Flame Trans Black, 29 trastes, escala25.5\u201d, peque\u00f1os puntos con inlay Parallaxe en el traste 12, cejuela Locking nutde 43 mm, pastillas: S \/ H. Duncan SCR1N cool rails\/TB6, 1 volumen, 1 tono, selector de 3 posiciones, puente Floyd Rose 1000 con bloqueo y silenciador, maquinaria Chrome Grover Exclusive 18:1, terminado mate, cuerdas D'addario EXL 120 light gauge.","og_url":"https:\/\/www.mexicanguitarplayers.com\/en\/tienda\/sin categor\u00eda\/guitarra-washburn-electrica-pxs29frtbbm\/","og_site_name":"Mexican Guitar Players","article_modified_time":"2026-04-10T10:15:22+00:00","twitter_card":"summary_large_image","twitter_misc":{"Est. reading time":"1 minute"},"schema":{"@context":"https:\/\/schema.org","@graph":[{"@type":["WebPage","ItemPage"],"@id":"https:\/\/www.mexicanguitarplayers.com\/tienda\/sin categor\u00eda\/guitarra-washburn-electrica-pxs29frtbbm\/","url":"https:\/\/www.mexicanguitarplayers.com\/tienda\/sin categor\u00eda\/guitarra-washburn-electrica-pxs29frtbbm\/","name":"GUITARRA WASHBURN ELECTRICA PXS29FRTBBM - Mexican Guitar Players","isPartOf":{"@id":"https:\/\/www.mexicanguitarplayers.com\/#website"},"primaryImageOfPage":{"@id":"https:\/\/www.mexicanguitarplayers.com\/tienda\/sin categor\u00eda\/guitarra-washburn-electrica-pxs29frtbbm\/#primaryimage"},"image":{"@id":"https:\/\/www.mexicanguitarplayers.com\/tienda\/sin categor\u00eda\/guitarra-washburn-electrica-pxs29frtbbm\/#primaryimage"},"thumbnailUrl":"https:\/\/www.mexicanguitarplayers.com\/wp-content\/uploads\/2025\/04\/ISWASPXS29FRTB-1.jpg","datePublished":"2025-04-09T21:56:21+00:00","dateModified":"2026-04-10T10:15:22+00:00","description":"Guitarra el\u00e9ctrica Washburn, Serie Parallaxe, PXL Doble Cutaway, cuerpo de caoba, brazo de maple, diapas\u00f3n de \u00e9bano, color Flame Trans Black, 29 trastes, escala25.5\u201d, peque\u00f1os puntos con inlay Parallaxe en el traste 12, cejuela Locking nutde 43 mm, pastillas: S \/ H. Duncan SCR1N cool rails\/TB6, 1 volumen, 1 tono, selector de 3 posiciones, puente Floyd Rose 1000 con bloqueo y silenciador, maquinaria Chrome Grover Exclusive 18:1, terminado mate, cuerdas D'addario EXL 120 light gauge.","breadcrumb":{"@id":"https:\/\/www.mexicanguitarplayers.com\/tienda\/sin categor\u00eda\/guitarra-washburn-electrica-pxs29frtbbm\/#breadcrumb"},"inLanguage":"en-US","potentialAction":[{"@type":"ReadAction","target":["https:\/\/www.mexicanguitarplayers.com\/tienda\/sin categor\u00eda\/guitarra-washburn-electrica-pxs29frtbbm\/"]}]},{"@type":"ImageObject","inLanguage":"en-US","@id":"https:\/\/www.mexicanguitarplayers.com\/tienda\/sin categor\u00eda\/guitarra-washburn-electrica-pxs29frtbbm\/#primaryimage","url":"https:\/\/www.mexicanguitarplayers.com\/wp-content\/uploads\/2025\/04\/ISWASPXS29FRTB-1.jpg","contentUrl":"https:\/\/www.mexicanguitarplayers.com\/wp-content\/uploads\/2025\/04\/ISWASPXS29FRTB-1.jpg","width":800,"height":1600},{"@type":"BreadcrumbList","@id":"https:\/\/www.mexicanguitarplayers.com\/tienda\/sin categor\u00eda\/guitarra-washburn-electrica-pxs29frtbbm\/#breadcrumb","itemListElement":[{"@type":"ListItem","position":1,"name":"Portada","item":"https:\/\/www.mexicanguitarplayers.com\/"},{"@type":"ListItem","position":2,"name":"Tienda","item":"https:\/\/www.mexicanguitarplayers.com\/tienda\/"},{"@type":"ListItem","position":3,"name":"GUITARRA WASHBURN ELECTRICA PXS29FRTBBM"}]},{"@type":"WebSite","@id":"https:\/\/www.mexicanguitarplayers.com\/#website","url":"https:\/\/www.mexicanguitarplayers.com\/","name":"Mexican Guitar Players","description":"Website","publisher":{"@id":"https:\/\/www.mexicanguitarplayers.com\/#organization"},"potentialAction":[{"@type":"SearchAction","target":{"@type":"EntryPoint","urlTemplate":"https:\/\/www.mexicanguitarplayers.com\/?s={search_term_string}"},"query-input":{"@type":"PropertyValueSpecification","valueRequired":true,"valueName":"search_term_string"}}],"inLanguage":"en-US"},{"@type":"Organization","@id":"https:\/\/www.mexicanguitarplayers.com\/#organization","name":"Mexican Guitar Players","url":"https:\/\/www.mexicanguitarplayers.com\/","logo":{"@type":"ImageObject","inLanguage":"en-US","@id":"https:\/\/www.mexicanguitarplayers.com\/#\/schema\/logo\/image\/","url":"","contentUrl":"","caption":"Mexican Guitar Players"},"image":{"@id":"https:\/\/www.mexicanguitarplayers.com\/#\/schema\/logo\/image\/"}}]}},"brands":[{"id":178,"name":"WASHBURN","slug":"washburn"}],"_links":{"self":[{"href":"https:\/\/www.mexicanguitarplayers.com\/en\/wp-json\/wp\/v2\/product\/43510","targetHints":{"allow":["GET"]}}],"collection":[{"href":"https:\/\/www.mexicanguitarplayers.com\/en\/wp-json\/wp\/v2\/product"}],"about":[{"href":"https:\/\/www.mexicanguitarplayers.com\/en\/wp-json\/wp\/v2\/types\/product"}],"replies":[{"embeddable":true,"href":"https:\/\/www.mexicanguitarplayers.com\/en\/wp-json\/wp\/v2\/comments?post=43510"}],"wp:featuredmedia":[{"embeddable":true,"href":"https:\/\/www.mexicanguitarplayers.com\/en\/wp-json\/wp\/v2\/media\/43508"}],"wp:attachment":[{"href":"https:\/\/www.mexicanguitarplayers.com\/en\/wp-json\/wp\/v2\/media?parent=43510"}],"wp:term":[{"taxonomy":"pwb-brand","embeddable":true,"href":"https:\/\/www.mexicanguitarplayers.com\/en\/wp-json\/wp\/v2\/pwb-brand?post=43510"},{"taxonomy":"product_brand","embeddable":true,"href":"https:\/\/www.mexicanguitarplayers.com\/en\/wp-json\/wp\/v2\/product_brand?post=43510"},{"taxonomy":"product_cat","embeddable":true,"href":"https:\/\/www.mexicanguitarplayers.com\/en\/wp-json\/wp\/v2\/product_cat?post=43510"},{"taxonomy":"product_tag","embeddable":true,"href":"https:\/\/www.mexicanguitarplayers.com\/en\/wp-json\/wp\/v2\/product_tag?post=43510"}],"curies":[{"name":"wp","href":"https:\/\/api.w.org\/{rel}","templated":true}]}}