{"id":43523,"date":"2025-04-09T15:56:48","date_gmt":"2025-04-09T21:56:48","guid":{"rendered":"https:\/\/www.mexicanguitarplayers.com\/tienda\/sin categor\u00eda\/pedal-ashdown-p-bajo-mod-j-myungpedal\/"},"modified":"2026-05-01T07:15:23","modified_gmt":"2026-05-01T13:15:23","slug":"pedal-ashdown-p-bajo-mod-j-myungpedal","status":"publish","type":"product","link":"https:\/\/www.mexicanguitarplayers.com\/en\/tienda\/cuerdas\/efectos\/efectos-individuales\/pedal-ashdown-p-bajo-mod-j-myungpedal\/","title":{"rendered":"PEDAL ASHDOWN P\/BAJO MOD. J.MYUNGPEDAL"},"content":{"rendered":"<div style=\"text-align: justify\">\n<div>\n<h3>Pedal John Myung Signature con doble medidor VU.<\/h3>\n<\/div>\n<div>Despu\u00e9s de hablar con John al comienzo de las sesiones de grabaci\u00f3n para el \u00faltimo \u00e1lbum de Dream Theater, John quer\u00eda seguir construyendo su tono con Ashdown, hab\u00eda estado usando nuestros ABM-600 durante alg\u00fan tiempo y quer\u00eda algo para promover la relaci\u00f3n y como nunca antes hab\u00edamos hecho un pedal caracter\u00edstico, quer\u00edamos producir algo digno de un m\u00fasico tan majestuoso. Despu\u00e9s de hablar con su t\u00e9cnico y jefe de equipo de Dream Theater a largo plazo, Maddi, nos hicimos una idea de lo que se requer\u00eda para estar en l\u00ednea con sus amplificadores e instrumento. El Music Man Bongo tiene una calidad tonal bastante \u00fanica y su signature de 6 cuerdas suena y se reproduce como ninguna otra cosa. La distorsi\u00f3n de graves requiere una estructura de ganancia fuerte para replicar una amplia gama de frecuencias y con John tocando esto ten\u00eda que ser correcto. John ten\u00eda esto que decir al respecto: &#8220;Me encanta el pedal, lo he estado usando en un entorno DAW y creo que se traducir\u00e1 bien en un escenario en vivo, siempre es genial tener una opci\u00f3n como esta. Lo necesitaba. Gracias por crear un pedal tan bueno&#8221;. Drive 1: Es excelente para la distorsi\u00f3n arm\u00f3nica. Drive 2: Ofrece un gran ajuste en la presencia de graves al poder resaltarlo sin interferir en s\u00ed mismo. El pedal cuenta con dos distorsiones individuales que se pueden apilar para lograr nuevos niveles de ganancia. Un Di aislado por transformador para su uso con interfaces FOH o DAW, construido con Zintec de 1.6 mm con un panel de aleaci\u00f3n de 0.9 mm, garantiza que el pedal est\u00e1 construido para durar. Los medidores VU duales adornan la parte superior del pedal registrando las se\u00f1ales de entrada y salida del pedal para garantizar una estructura de ganancia correcta en funci\u00f3n de la fuente de entrada. El pedal vendr\u00e1 con una selecci\u00f3n de cables y accesorios para garantizar que puedas usarlo directamente de la caja, incluidos cables de instrumento de 2 x 6 pies, un cable XLR-XLR y una fuente de alimentaci\u00f3n de 9V.<\/div>\n<div>\n<h4>Quick look<\/h4>\n<\/div>\n<ul style=\"margin: 0px 0px 0px 25px\">\n<li style=\"list-style-type: circle;margin: 5px\">Drive 1.<\/li>\n<li style=\"list-style-type: circle;margin: 5px\">Drive 2.<\/li>\n<li style=\"list-style-type: circle;margin: 5px\">Departure.<\/li>\n<li style=\"list-style-type: circle;margin: 5px\">Medidor VU 1.<\/li>\n<li style=\"list-style-type: circle;margin: 5px\">Medidor VU 2.<\/li>\n<li style=\"list-style-type: circle;margin: 5px\">Energy.<\/li>\n<li style=\"list-style-type: circle;margin: 5px\">Drive.<\/li>\n<li style=\"list-style-type: circle;margin: 5px\">Dimensions.<\/li>\n<li style=\"list-style-type: circle;margin: 5px\">Weight.<\/li>\n<\/ul>\n<div>\n<div style=\"font-weight: bold\">Drive 1.<\/div>\n<div>\n<p>Con controles de Gain, Loud y Tone tienes un control total sobre esta \u00fatil distorsi\u00f3n.<\/p>\n<\/div>\n<div style=\"font-weight: bold\">Drive 2.<\/div>\n<div>\n<p>Un fuzz estilo vintage proporciona gru\u00f1idos c\u00e1lidos a un overdrive desagarrador. Una vez que apilas con el Drive 1, los tonos de saturaci\u00f3n se vuelven ilimitados.<\/p>\n<\/div>\n<div style=\"font-weight: bold\">Departure.<\/div>\n<div>\n<p>Viene con una salida DI balanceada Pro aislada por transformador para conectar en Front Of House o cualquier otra entrada de nivel de l\u00ednea. Tambi\u00e9n con un ground-lift cuando sea necesario para evitar ruidos no deseados.<\/p>\n<\/div>\n<div style=\"font-weight: bold\">Medidor VU 1.<\/div>\n<div>\n<p>Esto se usa para monitorear el nivel de entrada de tu instrumento. El LED azul izquierdo se enciende en la VU cuando se selecciona Drive 1.<\/p>\n<\/div>\n<div style=\"font-weight: bold\">Medidor VU 2.<\/div>\n<div>\n<p>Esto se usa para monitorear el nivel de salida del pedal. El LED azul VU se enciende cuando se selecciona Drive 2.<\/p>\n<\/div>\n<div style=\"font-weight: bold\">Energy.<\/div>\n<div>\n<p>9-18V Fuente de alimentaci\u00f3n externa, pin centro negativo.<\/p>\n<\/div>\n<div style=\"font-weight: bold\">Drive.<\/div>\n<div>\n<p>2 channels.<\/p>\n<\/div>\n<div style=\"font-weight: bold\">Dimensions.<\/div>\n<div>\n<p>60 x 180 x 120 mm.<\/p>\n<\/div>\n<div style=\"font-weight: bold\">Weight.<\/div>\n<div>\n<p>1.2 kg.<\/p>\n<\/div>\n<\/div>\n<\/div>","protected":false},"excerpt":{"rendered":"<p>Pedal para bajo, John Myung Signature, 2 canales, Drive 1: Controles de Gain, Loud y Tone tienes un control total sobre esta \u00fatil distorsi\u00f3n, Drive 2: Un fuzz estilo vintage proporciona gru\u00f1idos c\u00e1lidos a un overdrive desagarrador, una vez que apilas con el Drive 1, los tonos de saturaci\u00f3n se vuelven ilimitados, salida DI balanceada Pro aislada para conectar FOH o cualquier otra entrada de nivel de l\u00ednea, dos medidores VU: Uno monitorea el nivel de entrada del instrumento y el otro monitorea el nivel de salida del pedal, energ\u00eda: 9-18V, fuente de alimentaci\u00f3n externa, pin centro negativo, dimensiones: 60 x 180 x 120 mm, peso: 1.2 kg.&hellip; <a class=\"kt-excerpt-readmore more-link\" href=\"https:\/\/www.mexicanguitarplayers.com\/en\/tienda\/cuerdas\/efectos\/efectos-individuales\/pedal-ashdown-p-bajo-mod-j-myungpedal\/\">Read more<\/a><\/p>","protected":false},"featured_media":43518,"comment_status":"open","ping_status":"closed","template":"","meta":{"kt_blocks_editor_width":""},"pwb-brand":[257],"product_brand":[],"product_cat":[224,241,504],"product_tag":[],"class_list":{"0":"post-43523","1":"product","2":"type-product","3":"status-publish","4":"has-post-thumbnail","6":"pwb-brand-ashdown","7":"product_cat-cuerdas","8":"product_cat-efectos","9":"product_cat-efectos-individuales","10":"product_shipping_class-0-5-kg","12":"first","13":"instock","14":"taxable","15":"shipping-taxable","16":"purchasable","17":"product-type-simple"},"yoast_head":"<!-- This site is optimized with the Yoast SEO plugin v27.5 - https:\/\/yoast.com\/product\/yoast-seo-wordpress\/ -->\n<title>PEDAL ASHDOWN P\/BAJO MOD. J.MYUNGPEDAL - Mexican Guitar Players<\/title>\n<meta name=\"description\" content=\"Pedal para bajo, John Myung Signature, 2 canales, Drive 1: Controles de Gain, Loud y Tone tienes un control total sobre esta \u00fatil distorsi\u00f3n, Drive 2: Un fuzz estilo vintage proporciona gru\u00f1idos c\u00e1lidos a un overdrive desagarrador, una vez que apilas con el Drive 1, los tonos de saturaci\u00f3n se vuelven ilimitados, salida DI balanceada Pro aislada para conectar FOH o cualquier otra entrada de nivel de l\u00ednea, dos medidores VU: Uno monitorea el nivel de entrada del instrumento y el otro monitorea el nivel de salida del pedal, energ\u00eda: 9-18V, fuente de alimentaci\u00f3n externa, pin centro negativo, dimensiones: 60 x 180 x 120 mm, peso: 1.2 kg.\" \/>\n<meta name=\"robots\" content=\"index, follow, max-snippet:-1, max-image-preview:large, max-video-preview:-1\" \/>\n<link rel=\"canonical\" href=\"https:\/\/www.mexicanguitarplayers.com\/en\/tienda\/sin%20categor\u00eda\/pedal-ashdown-p-bajo-mod-j-myungpedal\/\" \/>\n<meta property=\"og:locale\" content=\"en_US\" \/>\n<meta property=\"og:type\" content=\"article\" \/>\n<meta property=\"og:title\" content=\"PEDAL ASHDOWN P\/BAJO MOD. J.MYUNGPEDAL - Mexican Guitar Players\" \/>\n<meta property=\"og:description\" content=\"Pedal para bajo, John Myung Signature, 2 canales, Drive 1: Controles de Gain, Loud y Tone tienes un control total sobre esta \u00fatil distorsi\u00f3n, Drive 2: Un fuzz estilo vintage proporciona gru\u00f1idos c\u00e1lidos a un overdrive desagarrador, una vez que apilas con el Drive 1, los tonos de saturaci\u00f3n se vuelven ilimitados, salida DI balanceada Pro aislada para conectar FOH o cualquier otra entrada de nivel de l\u00ednea, dos medidores VU: Uno monitorea el nivel de entrada del instrumento y el otro monitorea el nivel de salida del pedal, energ\u00eda: 9-18V, fuente de alimentaci\u00f3n externa, pin centro negativo, dimensiones: 60 x 180 x 120 mm, peso: 1.2 kg.\" \/>\n<meta property=\"og:url\" content=\"https:\/\/www.mexicanguitarplayers.com\/en\/tienda\/sin categor\u00eda\/pedal-ashdown-p-bajo-mod-j-myungpedal\/\" \/>\n<meta property=\"og:site_name\" content=\"Mexican Guitar Players\" \/>\n<meta property=\"article:modified_time\" content=\"2026-05-01T13:15:23+00:00\" \/>\n<meta name=\"twitter:card\" content=\"summary_large_image\" \/>\n<meta name=\"twitter:label1\" content=\"Est. reading time\" \/>\n\t<meta name=\"twitter:data1\" content=\"3 minutes\" \/>\n<script type=\"application\/ld+json\" class=\"yoast-schema-graph\">{\"@context\":\"https:\\\/\\\/schema.org\",\"@graph\":[{\"@type\":[\"WebPage\",\"ItemPage\"],\"@id\":\"https:\\\/\\\/www.mexicanguitarplayers.com\\\/tienda\\\/sin categor\u00eda\\\/pedal-ashdown-p-bajo-mod-j-myungpedal\\\/\",\"url\":\"https:\\\/\\\/www.mexicanguitarplayers.com\\\/tienda\\\/sin categor\u00eda\\\/pedal-ashdown-p-bajo-mod-j-myungpedal\\\/\",\"name\":\"PEDAL ASHDOWN P\\\/BAJO MOD. J.MYUNGPEDAL - Mexican Guitar Players\",\"isPartOf\":{\"@id\":\"https:\\\/\\\/www.mexicanguitarplayers.com\\\/#website\"},\"primaryImageOfPage\":{\"@id\":\"https:\\\/\\\/www.mexicanguitarplayers.com\\\/tienda\\\/sin categor\u00eda\\\/pedal-ashdown-p-bajo-mod-j-myungpedal\\\/#primaryimage\"},\"image\":{\"@id\":\"https:\\\/\\\/www.mexicanguitarplayers.com\\\/tienda\\\/sin categor\u00eda\\\/pedal-ashdown-p-bajo-mod-j-myungpedal\\\/#primaryimage\"},\"thumbnailUrl\":\"https:\\\/\\\/www.mexicanguitarplayers.com\\\/wp-content\\\/uploads\\\/2025\\\/04\\\/VAASOJMDDPEDAL.jpg\",\"datePublished\":\"2025-04-09T21:56:48+00:00\",\"dateModified\":\"2026-05-01T13:15:23+00:00\",\"description\":\"Pedal para bajo, John Myung Signature, 2 canales, Drive 1: Controles de Gain, Loud y Tone tienes un control total sobre esta \u00fatil distorsi\u00f3n, Drive 2: Un fuzz estilo vintage proporciona gru\u00f1idos c\u00e1lidos a un overdrive desagarrador, una vez que apilas con el Drive 1, los tonos de saturaci\u00f3n se vuelven ilimitados, salida DI balanceada Pro aislada para conectar FOH o cualquier otra entrada de nivel de l\u00ednea, dos medidores VU: Uno monitorea el nivel de entrada del instrumento y el otro monitorea el nivel de salida del pedal, energ\u00eda: 9-18V, fuente de alimentaci\u00f3n externa, pin centro negativo, dimensiones: 60 x 180 x 120 mm, peso: 1.2 kg.\",\"breadcrumb\":{\"@id\":\"https:\\\/\\\/www.mexicanguitarplayers.com\\\/tienda\\\/sin categor\u00eda\\\/pedal-ashdown-p-bajo-mod-j-myungpedal\\\/#breadcrumb\"},\"inLanguage\":\"en-US\",\"potentialAction\":[{\"@type\":\"ReadAction\",\"target\":[\"https:\\\/\\\/www.mexicanguitarplayers.com\\\/tienda\\\/sin categor\u00eda\\\/pedal-ashdown-p-bajo-mod-j-myungpedal\\\/\"]}]},{\"@type\":\"ImageObject\",\"inLanguage\":\"en-US\",\"@id\":\"https:\\\/\\\/www.mexicanguitarplayers.com\\\/tienda\\\/sin categor\u00eda\\\/pedal-ashdown-p-bajo-mod-j-myungpedal\\\/#primaryimage\",\"url\":\"https:\\\/\\\/www.mexicanguitarplayers.com\\\/wp-content\\\/uploads\\\/2025\\\/04\\\/VAASOJMDDPEDAL.jpg\",\"contentUrl\":\"https:\\\/\\\/www.mexicanguitarplayers.com\\\/wp-content\\\/uploads\\\/2025\\\/04\\\/VAASOJMDDPEDAL.jpg\",\"width\":1200,\"height\":1200},{\"@type\":\"BreadcrumbList\",\"@id\":\"https:\\\/\\\/www.mexicanguitarplayers.com\\\/tienda\\\/sin categor\u00eda\\\/pedal-ashdown-p-bajo-mod-j-myungpedal\\\/#breadcrumb\",\"itemListElement\":[{\"@type\":\"ListItem\",\"position\":1,\"name\":\"Portada\",\"item\":\"https:\\\/\\\/www.mexicanguitarplayers.com\\\/\"},{\"@type\":\"ListItem\",\"position\":2,\"name\":\"Tienda\",\"item\":\"https:\\\/\\\/www.mexicanguitarplayers.com\\\/tienda\\\/\"},{\"@type\":\"ListItem\",\"position\":3,\"name\":\"PEDAL ASHDOWN P\\\/BAJO MOD. J.MYUNGPEDAL\"}]},{\"@type\":\"WebSite\",\"@id\":\"https:\\\/\\\/www.mexicanguitarplayers.com\\\/#website\",\"url\":\"https:\\\/\\\/www.mexicanguitarplayers.com\\\/\",\"name\":\"Mexican Guitar Players\",\"description\":\"Website\",\"publisher\":{\"@id\":\"https:\\\/\\\/www.mexicanguitarplayers.com\\\/#organization\"},\"potentialAction\":[{\"@type\":\"SearchAction\",\"target\":{\"@type\":\"EntryPoint\",\"urlTemplate\":\"https:\\\/\\\/www.mexicanguitarplayers.com\\\/?s={search_term_string}\"},\"query-input\":{\"@type\":\"PropertyValueSpecification\",\"valueRequired\":true,\"valueName\":\"search_term_string\"}}],\"inLanguage\":\"en-US\"},{\"@type\":\"Organization\",\"@id\":\"https:\\\/\\\/www.mexicanguitarplayers.com\\\/#organization\",\"name\":\"Mexican Guitar Players\",\"url\":\"https:\\\/\\\/www.mexicanguitarplayers.com\\\/\",\"logo\":{\"@type\":\"ImageObject\",\"inLanguage\":\"en-US\",\"@id\":\"https:\\\/\\\/www.mexicanguitarplayers.com\\\/#\\\/schema\\\/logo\\\/image\\\/\",\"url\":\"\",\"contentUrl\":\"\",\"caption\":\"Mexican Guitar Players\"},\"image\":{\"@id\":\"https:\\\/\\\/www.mexicanguitarplayers.com\\\/#\\\/schema\\\/logo\\\/image\\\/\"}}]}<\/script>\n<!-- \/ Yoast SEO plugin. -->","yoast_head_json":{"title":"PEDAL ASHDOWN P\/BAJO MOD. J.MYUNGPEDAL - Mexican Guitar Players","description":"Pedal para bajo, John Myung Signature, 2 canales, Drive 1: Controles de Gain, Loud y Tone tienes un control total sobre esta \u00fatil distorsi\u00f3n, Drive 2: Un fuzz estilo vintage proporciona gru\u00f1idos c\u00e1lidos a un overdrive desagarrador, una vez que apilas con el Drive 1, los tonos de saturaci\u00f3n se vuelven ilimitados, salida DI balanceada Pro aislada para conectar FOH o cualquier otra entrada de nivel de l\u00ednea, dos medidores VU: Uno monitorea el nivel de entrada del instrumento y el otro monitorea el nivel de salida del pedal, energ\u00eda: 9-18V, fuente de alimentaci\u00f3n externa, pin centro negativo, dimensiones: 60 x 180 x 120 mm, peso: 1.2 kg.","robots":{"index":"index","follow":"follow","max-snippet":"max-snippet:-1","max-image-preview":"max-image-preview:large","max-video-preview":"max-video-preview:-1"},"canonical":"https:\/\/www.mexicanguitarplayers.com\/en\/tienda\/sin categor\u00eda\/pedal-ashdown-p-bajo-mod-j-myungpedal\/","og_locale":"en_US","og_type":"article","og_title":"PEDAL ASHDOWN P\/BAJO MOD. J.MYUNGPEDAL - Mexican Guitar Players","og_description":"Pedal para bajo, John Myung Signature, 2 canales, Drive 1: Controles de Gain, Loud y Tone tienes un control total sobre esta \u00fatil distorsi\u00f3n, Drive 2: Un fuzz estilo vintage proporciona gru\u00f1idos c\u00e1lidos a un overdrive desagarrador, una vez que apilas con el Drive 1, los tonos de saturaci\u00f3n se vuelven ilimitados, salida DI balanceada Pro aislada para conectar FOH o cualquier otra entrada de nivel de l\u00ednea, dos medidores VU: Uno monitorea el nivel de entrada del instrumento y el otro monitorea el nivel de salida del pedal, energ\u00eda: 9-18V, fuente de alimentaci\u00f3n externa, pin centro negativo, dimensiones: 60 x 180 x 120 mm, peso: 1.2 kg.","og_url":"https:\/\/www.mexicanguitarplayers.com\/en\/tienda\/sin categor\u00eda\/pedal-ashdown-p-bajo-mod-j-myungpedal\/","og_site_name":"Mexican Guitar Players","article_modified_time":"2026-05-01T13:15:23+00:00","twitter_card":"summary_large_image","twitter_misc":{"Est. reading time":"3 minutes"},"schema":{"@context":"https:\/\/schema.org","@graph":[{"@type":["WebPage","ItemPage"],"@id":"https:\/\/www.mexicanguitarplayers.com\/tienda\/sin categor\u00eda\/pedal-ashdown-p-bajo-mod-j-myungpedal\/","url":"https:\/\/www.mexicanguitarplayers.com\/tienda\/sin categor\u00eda\/pedal-ashdown-p-bajo-mod-j-myungpedal\/","name":"PEDAL ASHDOWN P\/BAJO MOD. J.MYUNGPEDAL - Mexican Guitar Players","isPartOf":{"@id":"https:\/\/www.mexicanguitarplayers.com\/#website"},"primaryImageOfPage":{"@id":"https:\/\/www.mexicanguitarplayers.com\/tienda\/sin categor\u00eda\/pedal-ashdown-p-bajo-mod-j-myungpedal\/#primaryimage"},"image":{"@id":"https:\/\/www.mexicanguitarplayers.com\/tienda\/sin categor\u00eda\/pedal-ashdown-p-bajo-mod-j-myungpedal\/#primaryimage"},"thumbnailUrl":"https:\/\/www.mexicanguitarplayers.com\/wp-content\/uploads\/2025\/04\/VAASOJMDDPEDAL.jpg","datePublished":"2025-04-09T21:56:48+00:00","dateModified":"2026-05-01T13:15:23+00:00","description":"Pedal para bajo, John Myung Signature, 2 canales, Drive 1: Controles de Gain, Loud y Tone tienes un control total sobre esta \u00fatil distorsi\u00f3n, Drive 2: Un fuzz estilo vintage proporciona gru\u00f1idos c\u00e1lidos a un overdrive desagarrador, una vez que apilas con el Drive 1, los tonos de saturaci\u00f3n se vuelven ilimitados, salida DI balanceada Pro aislada para conectar FOH o cualquier otra entrada de nivel de l\u00ednea, dos medidores VU: Uno monitorea el nivel de entrada del instrumento y el otro monitorea el nivel de salida del pedal, energ\u00eda: 9-18V, fuente de alimentaci\u00f3n externa, pin centro negativo, dimensiones: 60 x 180 x 120 mm, peso: 1.2 kg.","breadcrumb":{"@id":"https:\/\/www.mexicanguitarplayers.com\/tienda\/sin categor\u00eda\/pedal-ashdown-p-bajo-mod-j-myungpedal\/#breadcrumb"},"inLanguage":"en-US","potentialAction":[{"@type":"ReadAction","target":["https:\/\/www.mexicanguitarplayers.com\/tienda\/sin categor\u00eda\/pedal-ashdown-p-bajo-mod-j-myungpedal\/"]}]},{"@type":"ImageObject","inLanguage":"en-US","@id":"https:\/\/www.mexicanguitarplayers.com\/tienda\/sin categor\u00eda\/pedal-ashdown-p-bajo-mod-j-myungpedal\/#primaryimage","url":"https:\/\/www.mexicanguitarplayers.com\/wp-content\/uploads\/2025\/04\/VAASOJMDDPEDAL.jpg","contentUrl":"https:\/\/www.mexicanguitarplayers.com\/wp-content\/uploads\/2025\/04\/VAASOJMDDPEDAL.jpg","width":1200,"height":1200},{"@type":"BreadcrumbList","@id":"https:\/\/www.mexicanguitarplayers.com\/tienda\/sin categor\u00eda\/pedal-ashdown-p-bajo-mod-j-myungpedal\/#breadcrumb","itemListElement":[{"@type":"ListItem","position":1,"name":"Portada","item":"https:\/\/www.mexicanguitarplayers.com\/"},{"@type":"ListItem","position":2,"name":"Tienda","item":"https:\/\/www.mexicanguitarplayers.com\/tienda\/"},{"@type":"ListItem","position":3,"name":"PEDAL ASHDOWN P\/BAJO MOD. J.MYUNGPEDAL"}]},{"@type":"WebSite","@id":"https:\/\/www.mexicanguitarplayers.com\/#website","url":"https:\/\/www.mexicanguitarplayers.com\/","name":"Mexican Guitar Players","description":"Website","publisher":{"@id":"https:\/\/www.mexicanguitarplayers.com\/#organization"},"potentialAction":[{"@type":"SearchAction","target":{"@type":"EntryPoint","urlTemplate":"https:\/\/www.mexicanguitarplayers.com\/?s={search_term_string}"},"query-input":{"@type":"PropertyValueSpecification","valueRequired":true,"valueName":"search_term_string"}}],"inLanguage":"en-US"},{"@type":"Organization","@id":"https:\/\/www.mexicanguitarplayers.com\/#organization","name":"Mexican Guitar Players","url":"https:\/\/www.mexicanguitarplayers.com\/","logo":{"@type":"ImageObject","inLanguage":"en-US","@id":"https:\/\/www.mexicanguitarplayers.com\/#\/schema\/logo\/image\/","url":"","contentUrl":"","caption":"Mexican Guitar Players"},"image":{"@id":"https:\/\/www.mexicanguitarplayers.com\/#\/schema\/logo\/image\/"}}]}},"brands":[{"id":257,"name":"ASHDOWN","slug":"ashdown"}],"_links":{"self":[{"href":"https:\/\/www.mexicanguitarplayers.com\/en\/wp-json\/wp\/v2\/product\/43523","targetHints":{"allow":["GET"]}}],"collection":[{"href":"https:\/\/www.mexicanguitarplayers.com\/en\/wp-json\/wp\/v2\/product"}],"about":[{"href":"https:\/\/www.mexicanguitarplayers.com\/en\/wp-json\/wp\/v2\/types\/product"}],"replies":[{"embeddable":true,"href":"https:\/\/www.mexicanguitarplayers.com\/en\/wp-json\/wp\/v2\/comments?post=43523"}],"wp:featuredmedia":[{"embeddable":true,"href":"https:\/\/www.mexicanguitarplayers.com\/en\/wp-json\/wp\/v2\/media\/43518"}],"wp:attachment":[{"href":"https:\/\/www.mexicanguitarplayers.com\/en\/wp-json\/wp\/v2\/media?parent=43523"}],"wp:term":[{"taxonomy":"pwb-brand","embeddable":true,"href":"https:\/\/www.mexicanguitarplayers.com\/en\/wp-json\/wp\/v2\/pwb-brand?post=43523"},{"taxonomy":"product_brand","embeddable":true,"href":"https:\/\/www.mexicanguitarplayers.com\/en\/wp-json\/wp\/v2\/product_brand?post=43523"},{"taxonomy":"product_cat","embeddable":true,"href":"https:\/\/www.mexicanguitarplayers.com\/en\/wp-json\/wp\/v2\/product_cat?post=43523"},{"taxonomy":"product_tag","embeddable":true,"href":"https:\/\/www.mexicanguitarplayers.com\/en\/wp-json\/wp\/v2\/product_tag?post=43523"}],"curies":[{"name":"wp","href":"https:\/\/api.w.org\/{rel}","templated":true}]}}