{"id":43587,"date":"2025-04-09T16:02:00","date_gmt":"2025-04-09T22:02:00","guid":{"rendered":"https:\/\/www.mexicanguitarplayers.com\/tienda\/sin categor\u00eda\/pedal-nux-nch-3-voodoo-vibe\/"},"modified":"2026-05-01T07:15:21","modified_gmt":"2026-05-01T13:15:21","slug":"pedal-nux-nch-3-voodoo-vibe","status":"publish","type":"product","link":"https:\/\/www.mexicanguitarplayers.com\/en\/tienda\/cuerdas\/efectos\/efectos-individuales\/pedal-nux-nch-3-voodoo-vibe\/","title":{"rendered":"PEDAL NUX NCH-3 VOODOO VIBE"},"content":{"rendered":"<div style=\"text-align: justify\">\n<div>\n<h3>Este pedal entrega su enorme sonido 3D simulando el efecto f\u00edsico del altavoz giratorio.<\/h3>\n<\/div>\n<div>El Voodoo Vibe (NCH-3) es un mini pedal Uni-Vibe con 2 modos diferentes: Vibe y Chorus. Puedes cambiar de modo manteniendo presionado el footswitch. Voodoo Vibe se inspir\u00f3 en Dunlop Uni-Vibe por su magn\u00edfico sonido que se asocia f\u00e1cilmente con las expresiones faciales de flexi\u00f3n de Hendrix en sus shows de los a\u00f1os 70s. El DSP de tecnolog\u00eda moderna de NUX produce una combinaci\u00f3n perfecta de ambos mundos: anal\u00f3gico y digital. A diferencia del Uni-Vibe original, ahora puedes alimentar el Voodoo Vibe con 9V en lugar de 18V. Utilizando la tecnolog\u00eda DSP, NUX puede ofrecer un mini pedal con funci\u00f3n Smart Tap Tempo. Y es m\u00e1s f\u00e1cil mejorar el modo Chorus sin problemas de ca\u00edda de volumen en el mundo digital, mientras se conservan las mismas buenas vibras y el sonido anal\u00f3gico. Ajusta la perilla Intensity primero: En el modo Chorus cambiar\u00e1 la profundidad del efecto sweeping. En el modo Vibrato cambiar\u00e1 el grado de modulaci\u00f3n de tono. Ajusta la perilla Speed al final: EN ajustes m\u00e1s bajos (en sentido contrario a las agujas del reloj), producir\u00e1 efectos sweep lentos. En ajustes m\u00e1s altos (en el sentido de las agujas del reloj), producir\u00e1 un pulso r\u00e1pido y reluciente. Peque\u00f1o pero poderoso. Tambi\u00e9n admite entrada y salida est\u00e9reo (usa un cable TRS 1\/4&#8243; y elije el modo est\u00e9reo). Se proporciona un puerto USB-C para actualizaciones ocasionales de firmware. Conecta el cable USB a una PC y mant\u00e9n presionado el footswitch para iniciar el dispositivo e ingresar al modo DFU (actualizaci\u00f3n de firmware del dispositivo). Una vez conectado, puedes realizar actualizaciones de firmware usando el software de actualizaci\u00f3n DFU). Puedes descargar el firmware relacionado y la gu\u00eda de actualizaci\u00f3n de firmware desde la p\u00e1gina de producto.<\/div>\n<div>\n<h4>Quick look<\/h4>\n<\/div>\n<ul style=\"margin: 0px 0px 0px 25px\">\n<li style=\"list-style-type: circle;margin: 5px\">Input impedance.<\/li>\n<li style=\"list-style-type: circle;margin: 5px\">Output impedance.<\/li>\n<li style=\"list-style-type: circle;margin: 5px\"> Rango din\u00e1mico.<\/li>\n<li style=\"list-style-type: circle;margin: 5px\">Procesamiento DSP.<\/li>\n<li style=\"list-style-type: circle;margin: 5px\">Tasa de muestreo A\/D D\/A.<\/li>\n<li style=\"list-style-type: circle;margin: 5px\">Energy.<\/li>\n<li style=\"list-style-type: circle;margin: 5px\">Consumo de corriente,<\/li>\n<li style=\"list-style-type: circle;margin: 5px\">Dimensions.<\/li>\n<li style=\"list-style-type: circle;margin: 5px\">Weight: <\/li>\n<\/ul>\n<div>\n<div style=\"font-weight: bold\">Input impedance.<\/div>\n<div>\n<p>1 milli-ohm.<\/p>\n<\/div>\n<div style=\"font-weight: bold\">Output impedance.<\/div>\n<div>\n<p>10 kilo-ohms.<\/p>\n<\/div>\n<div style=\"font-weight: bold\"> Rango din\u00e1mico.<\/div>\n<div>\n<p>103 dB.<\/p>\n<\/div>\n<div style=\"font-weight: bold\">Procesamiento DSP.<\/div>\n<div>\n<p>48 kHz \/ 32-bit.<\/p>\n<\/div>\n<div style=\"font-weight: bold\">Tasa de muestreo A\/D D\/A.<\/div>\n<div>\n<p>48 kHz \/ 24-bit.<\/p>\n<\/div>\n<div style=\"font-weight: bold\">Energy.<\/div>\n<div>\n<p>9V DC (Centro negativo, Opcional adaptador ACD-006A).<\/p>\n<\/div>\n<div style=\"font-weight: bold\">Consumo de corriente,<\/div>\n<div>\n<p>Menos de 100 mA.<\/p>\n<\/div>\n<div style=\"font-weight: bold\">Dimensions.<\/div>\n<div>\n<p>94 x 51 x 53 mm.<\/p>\n<\/div>\n<div style=\"font-weight: bold\">Weight: <\/div>\n<div>\n<p>175 g.<\/p>\n<\/div>\n<\/div>\n<\/div>","protected":false},"excerpt":{"rendered":"<p>Mini pedal Uni-Vibe con 2 modos diferentes: Chorus (la intensidad cambiar\u00e1 la profundidad del efecto sweeping) y Vibrato (la intensidad cambiar\u00e1 el grado de modulaci\u00f3n de tono), smart tap tempo, true-bypass o buffer-bypass, admite E\/S est\u00e9reo con cable TRS, bajo consumo de energ\u00eda (menos de 100 mA), se\u00f1al seca anal\u00f3gica para bajo ruido y latencia cero, impedancia de entrada: 1 mili-ohm, impedancia de salida: 10 kilo-ohms, rango din\u00e1mico: 103 dB, procesamiento DSP: 48 kHz \/ 32-bit, tasa de muestreo A\/D, D\/A: 48 kHz \/ 24-bit, energ\u00eda 9V DC (centro negativo, adaptador de corriente opcional ACD-006A), consumo de corriente: menor a 100 mA), dimensiones: 94 x 51 x 53 mm, peso: 175 g.&hellip; <a class=\"kt-excerpt-readmore more-link\" href=\"https:\/\/www.mexicanguitarplayers.com\/en\/tienda\/cuerdas\/efectos\/efectos-individuales\/pedal-nux-nch-3-voodoo-vibe\/\">Read more<\/a><\/p>","protected":false},"featured_media":43579,"comment_status":"open","ping_status":"closed","template":"","meta":{"kt_blocks_editor_width":""},"pwb-brand":[177],"product_brand":[],"product_cat":[224,241,504],"product_tag":[],"class_list":{"0":"post-43587","1":"product","2":"type-product","3":"status-publish","4":"has-post-thumbnail","6":"pwb-brand-nux","7":"product_cat-cuerdas","8":"product_cat-efectos","9":"product_cat-efectos-individuales","10":"product_shipping_class-0-5-kg","12":"first","13":"instock","14":"taxable","15":"shipping-taxable","16":"purchasable","17":"product-type-simple"},"yoast_head":"<!-- This site is optimized with the Yoast SEO plugin v27.5 - https:\/\/yoast.com\/product\/yoast-seo-wordpress\/ -->\n<title>PEDAL NUX NCH-3 VOODOO VIBE - Mexican Guitar Players<\/title>\n<meta name=\"description\" content=\"Mini pedal Uni-Vibe con 2 modos diferentes: Chorus (la intensidad cambiar\u00e1 la profundidad del efecto sweeping) y Vibrato (la intensidad cambiar\u00e1 el grado de modulaci\u00f3n de tono), smart tap tempo, true-bypass o buffer-bypass, admite E\/S est\u00e9reo con cable TRS, bajo consumo de energ\u00eda (menos de 100 mA), se\u00f1al seca anal\u00f3gica para bajo ruido y latencia cero, impedancia de entrada: 1 mili-ohm, impedancia de salida: 10 kilo-ohms, rango din\u00e1mico: 103 dB, procesamiento DSP: 48 kHz \/ 32-bit, tasa de muestreo A\/D, D\/A: 48 kHz \/ 24-bit, energ\u00eda 9V DC (centro negativo, adaptador de corriente opcional ACD-006A), consumo de corriente: menor a 100 mA), dimensiones: 94 x 51 x 53 mm, peso: 175 g.\" \/>\n<meta name=\"robots\" content=\"index, follow, max-snippet:-1, max-image-preview:large, max-video-preview:-1\" \/>\n<link rel=\"canonical\" href=\"https:\/\/www.mexicanguitarplayers.com\/en\/tienda\/sin%20categor\u00eda\/pedal-nux-nch-3-voodoo-vibe\/\" \/>\n<meta property=\"og:locale\" content=\"en_US\" \/>\n<meta property=\"og:type\" content=\"article\" \/>\n<meta property=\"og:title\" content=\"PEDAL NUX NCH-3 VOODOO VIBE - Mexican Guitar Players\" \/>\n<meta property=\"og:description\" content=\"Mini pedal Uni-Vibe con 2 modos diferentes: Chorus (la intensidad cambiar\u00e1 la profundidad del efecto sweeping) y Vibrato (la intensidad cambiar\u00e1 el grado de modulaci\u00f3n de tono), smart tap tempo, true-bypass o buffer-bypass, admite E\/S est\u00e9reo con cable TRS, bajo consumo de energ\u00eda (menos de 100 mA), se\u00f1al seca anal\u00f3gica para bajo ruido y latencia cero, impedancia de entrada: 1 mili-ohm, impedancia de salida: 10 kilo-ohms, rango din\u00e1mico: 103 dB, procesamiento DSP: 48 kHz \/ 32-bit, tasa de muestreo A\/D, D\/A: 48 kHz \/ 24-bit, energ\u00eda 9V DC (centro negativo, adaptador de corriente opcional ACD-006A), consumo de corriente: menor a 100 mA), dimensiones: 94 x 51 x 53 mm, peso: 175 g.\" \/>\n<meta property=\"og:url\" content=\"https:\/\/www.mexicanguitarplayers.com\/en\/tienda\/sin categor\u00eda\/pedal-nux-nch-3-voodoo-vibe\/\" \/>\n<meta property=\"og:site_name\" content=\"Mexican Guitar Players\" \/>\n<meta property=\"article:modified_time\" content=\"2026-05-01T13:15:21+00:00\" \/>\n<meta name=\"twitter:card\" content=\"summary_large_image\" \/>\n<meta name=\"twitter:label1\" content=\"Est. reading time\" \/>\n\t<meta name=\"twitter:data1\" content=\"2 minutes\" \/>\n<script type=\"application\/ld+json\" class=\"yoast-schema-graph\">{\"@context\":\"https:\\\/\\\/schema.org\",\"@graph\":[{\"@type\":[\"WebPage\",\"ItemPage\"],\"@id\":\"https:\\\/\\\/www.mexicanguitarplayers.com\\\/tienda\\\/sin categor\u00eda\\\/pedal-nux-nch-3-voodoo-vibe\\\/\",\"url\":\"https:\\\/\\\/www.mexicanguitarplayers.com\\\/tienda\\\/sin categor\u00eda\\\/pedal-nux-nch-3-voodoo-vibe\\\/\",\"name\":\"PEDAL NUX NCH-3 VOODOO VIBE - Mexican Guitar Players\",\"isPartOf\":{\"@id\":\"https:\\\/\\\/www.mexicanguitarplayers.com\\\/#website\"},\"primaryImageOfPage\":{\"@id\":\"https:\\\/\\\/www.mexicanguitarplayers.com\\\/tienda\\\/sin categor\u00eda\\\/pedal-nux-nch-3-voodoo-vibe\\\/#primaryimage\"},\"image\":{\"@id\":\"https:\\\/\\\/www.mexicanguitarplayers.com\\\/tienda\\\/sin categor\u00eda\\\/pedal-nux-nch-3-voodoo-vibe\\\/#primaryimage\"},\"thumbnailUrl\":\"https:\\\/\\\/www.mexicanguitarplayers.com\\\/wp-content\\\/uploads\\\/2025\\\/04\\\/VANUXNCH3-1.jpg\",\"datePublished\":\"2025-04-09T22:02:00+00:00\",\"dateModified\":\"2026-05-01T13:15:21+00:00\",\"description\":\"Mini pedal Uni-Vibe con 2 modos diferentes: Chorus (la intensidad cambiar\u00e1 la profundidad del efecto sweeping) y Vibrato (la intensidad cambiar\u00e1 el grado de modulaci\u00f3n de tono), smart tap tempo, true-bypass o buffer-bypass, admite E\\\/S est\u00e9reo con cable TRS, bajo consumo de energ\u00eda (menos de 100 mA), se\u00f1al seca anal\u00f3gica para bajo ruido y latencia cero, impedancia de entrada: 1 mili-ohm, impedancia de salida: 10 kilo-ohms, rango din\u00e1mico: 103 dB, procesamiento DSP: 48 kHz \\\/ 32-bit, tasa de muestreo A\\\/D, D\\\/A: 48 kHz \\\/ 24-bit, energ\u00eda 9V DC (centro negativo, adaptador de corriente opcional ACD-006A), consumo de corriente: menor a 100 mA), dimensiones: 94 x 51 x 53 mm, peso: 175 g.\",\"breadcrumb\":{\"@id\":\"https:\\\/\\\/www.mexicanguitarplayers.com\\\/tienda\\\/sin categor\u00eda\\\/pedal-nux-nch-3-voodoo-vibe\\\/#breadcrumb\"},\"inLanguage\":\"en-US\",\"potentialAction\":[{\"@type\":\"ReadAction\",\"target\":[\"https:\\\/\\\/www.mexicanguitarplayers.com\\\/tienda\\\/sin categor\u00eda\\\/pedal-nux-nch-3-voodoo-vibe\\\/\"]}]},{\"@type\":\"ImageObject\",\"inLanguage\":\"en-US\",\"@id\":\"https:\\\/\\\/www.mexicanguitarplayers.com\\\/tienda\\\/sin categor\u00eda\\\/pedal-nux-nch-3-voodoo-vibe\\\/#primaryimage\",\"url\":\"https:\\\/\\\/www.mexicanguitarplayers.com\\\/wp-content\\\/uploads\\\/2025\\\/04\\\/VANUXNCH3-1.jpg\",\"contentUrl\":\"https:\\\/\\\/www.mexicanguitarplayers.com\\\/wp-content\\\/uploads\\\/2025\\\/04\\\/VANUXNCH3-1.jpg\",\"width\":1200,\"height\":1200},{\"@type\":\"BreadcrumbList\",\"@id\":\"https:\\\/\\\/www.mexicanguitarplayers.com\\\/tienda\\\/sin categor\u00eda\\\/pedal-nux-nch-3-voodoo-vibe\\\/#breadcrumb\",\"itemListElement\":[{\"@type\":\"ListItem\",\"position\":1,\"name\":\"Portada\",\"item\":\"https:\\\/\\\/www.mexicanguitarplayers.com\\\/\"},{\"@type\":\"ListItem\",\"position\":2,\"name\":\"Tienda\",\"item\":\"https:\\\/\\\/www.mexicanguitarplayers.com\\\/tienda\\\/\"},{\"@type\":\"ListItem\",\"position\":3,\"name\":\"PEDAL NUX NCH-3 VOODOO VIBE\"}]},{\"@type\":\"WebSite\",\"@id\":\"https:\\\/\\\/www.mexicanguitarplayers.com\\\/#website\",\"url\":\"https:\\\/\\\/www.mexicanguitarplayers.com\\\/\",\"name\":\"Mexican Guitar Players\",\"description\":\"Website\",\"publisher\":{\"@id\":\"https:\\\/\\\/www.mexicanguitarplayers.com\\\/#organization\"},\"potentialAction\":[{\"@type\":\"SearchAction\",\"target\":{\"@type\":\"EntryPoint\",\"urlTemplate\":\"https:\\\/\\\/www.mexicanguitarplayers.com\\\/?s={search_term_string}\"},\"query-input\":{\"@type\":\"PropertyValueSpecification\",\"valueRequired\":true,\"valueName\":\"search_term_string\"}}],\"inLanguage\":\"en-US\"},{\"@type\":\"Organization\",\"@id\":\"https:\\\/\\\/www.mexicanguitarplayers.com\\\/#organization\",\"name\":\"Mexican Guitar Players\",\"url\":\"https:\\\/\\\/www.mexicanguitarplayers.com\\\/\",\"logo\":{\"@type\":\"ImageObject\",\"inLanguage\":\"en-US\",\"@id\":\"https:\\\/\\\/www.mexicanguitarplayers.com\\\/#\\\/schema\\\/logo\\\/image\\\/\",\"url\":\"\",\"contentUrl\":\"\",\"caption\":\"Mexican Guitar Players\"},\"image\":{\"@id\":\"https:\\\/\\\/www.mexicanguitarplayers.com\\\/#\\\/schema\\\/logo\\\/image\\\/\"}}]}<\/script>\n<!-- \/ Yoast SEO plugin. -->","yoast_head_json":{"title":"PEDAL NUX NCH-3 VOODOO VIBE - Mexican Guitar Players","description":"Mini pedal Uni-Vibe con 2 modos diferentes: Chorus (la intensidad cambiar\u00e1 la profundidad del efecto sweeping) y Vibrato (la intensidad cambiar\u00e1 el grado de modulaci\u00f3n de tono), smart tap tempo, true-bypass o buffer-bypass, admite E\/S est\u00e9reo con cable TRS, bajo consumo de energ\u00eda (menos de 100 mA), se\u00f1al seca anal\u00f3gica para bajo ruido y latencia cero, impedancia de entrada: 1 mili-ohm, impedancia de salida: 10 kilo-ohms, rango din\u00e1mico: 103 dB, procesamiento DSP: 48 kHz \/ 32-bit, tasa de muestreo A\/D, D\/A: 48 kHz \/ 24-bit, energ\u00eda 9V DC (centro negativo, adaptador de corriente opcional ACD-006A), consumo de corriente: menor a 100 mA), dimensiones: 94 x 51 x 53 mm, peso: 175 g.","robots":{"index":"index","follow":"follow","max-snippet":"max-snippet:-1","max-image-preview":"max-image-preview:large","max-video-preview":"max-video-preview:-1"},"canonical":"https:\/\/www.mexicanguitarplayers.com\/en\/tienda\/sin categor\u00eda\/pedal-nux-nch-3-voodoo-vibe\/","og_locale":"en_US","og_type":"article","og_title":"PEDAL NUX NCH-3 VOODOO VIBE - Mexican Guitar Players","og_description":"Mini pedal Uni-Vibe con 2 modos diferentes: Chorus (la intensidad cambiar\u00e1 la profundidad del efecto sweeping) y Vibrato (la intensidad cambiar\u00e1 el grado de modulaci\u00f3n de tono), smart tap tempo, true-bypass o buffer-bypass, admite E\/S est\u00e9reo con cable TRS, bajo consumo de energ\u00eda (menos de 100 mA), se\u00f1al seca anal\u00f3gica para bajo ruido y latencia cero, impedancia de entrada: 1 mili-ohm, impedancia de salida: 10 kilo-ohms, rango din\u00e1mico: 103 dB, procesamiento DSP: 48 kHz \/ 32-bit, tasa de muestreo A\/D, D\/A: 48 kHz \/ 24-bit, energ\u00eda 9V DC (centro negativo, adaptador de corriente opcional ACD-006A), consumo de corriente: menor a 100 mA), dimensiones: 94 x 51 x 53 mm, peso: 175 g.","og_url":"https:\/\/www.mexicanguitarplayers.com\/en\/tienda\/sin categor\u00eda\/pedal-nux-nch-3-voodoo-vibe\/","og_site_name":"Mexican Guitar Players","article_modified_time":"2026-05-01T13:15:21+00:00","twitter_card":"summary_large_image","twitter_misc":{"Est. reading time":"2 minutes"},"schema":{"@context":"https:\/\/schema.org","@graph":[{"@type":["WebPage","ItemPage"],"@id":"https:\/\/www.mexicanguitarplayers.com\/tienda\/sin categor\u00eda\/pedal-nux-nch-3-voodoo-vibe\/","url":"https:\/\/www.mexicanguitarplayers.com\/tienda\/sin categor\u00eda\/pedal-nux-nch-3-voodoo-vibe\/","name":"PEDAL NUX NCH-3 VOODOO VIBE - Mexican Guitar Players","isPartOf":{"@id":"https:\/\/www.mexicanguitarplayers.com\/#website"},"primaryImageOfPage":{"@id":"https:\/\/www.mexicanguitarplayers.com\/tienda\/sin categor\u00eda\/pedal-nux-nch-3-voodoo-vibe\/#primaryimage"},"image":{"@id":"https:\/\/www.mexicanguitarplayers.com\/tienda\/sin categor\u00eda\/pedal-nux-nch-3-voodoo-vibe\/#primaryimage"},"thumbnailUrl":"https:\/\/www.mexicanguitarplayers.com\/wp-content\/uploads\/2025\/04\/VANUXNCH3-1.jpg","datePublished":"2025-04-09T22:02:00+00:00","dateModified":"2026-05-01T13:15:21+00:00","description":"Mini pedal Uni-Vibe con 2 modos diferentes: Chorus (la intensidad cambiar\u00e1 la profundidad del efecto sweeping) y Vibrato (la intensidad cambiar\u00e1 el grado de modulaci\u00f3n de tono), smart tap tempo, true-bypass o buffer-bypass, admite E\/S est\u00e9reo con cable TRS, bajo consumo de energ\u00eda (menos de 100 mA), se\u00f1al seca anal\u00f3gica para bajo ruido y latencia cero, impedancia de entrada: 1 mili-ohm, impedancia de salida: 10 kilo-ohms, rango din\u00e1mico: 103 dB, procesamiento DSP: 48 kHz \/ 32-bit, tasa de muestreo A\/D, D\/A: 48 kHz \/ 24-bit, energ\u00eda 9V DC (centro negativo, adaptador de corriente opcional ACD-006A), consumo de corriente: menor a 100 mA), dimensiones: 94 x 51 x 53 mm, peso: 175 g.","breadcrumb":{"@id":"https:\/\/www.mexicanguitarplayers.com\/tienda\/sin categor\u00eda\/pedal-nux-nch-3-voodoo-vibe\/#breadcrumb"},"inLanguage":"en-US","potentialAction":[{"@type":"ReadAction","target":["https:\/\/www.mexicanguitarplayers.com\/tienda\/sin categor\u00eda\/pedal-nux-nch-3-voodoo-vibe\/"]}]},{"@type":"ImageObject","inLanguage":"en-US","@id":"https:\/\/www.mexicanguitarplayers.com\/tienda\/sin categor\u00eda\/pedal-nux-nch-3-voodoo-vibe\/#primaryimage","url":"https:\/\/www.mexicanguitarplayers.com\/wp-content\/uploads\/2025\/04\/VANUXNCH3-1.jpg","contentUrl":"https:\/\/www.mexicanguitarplayers.com\/wp-content\/uploads\/2025\/04\/VANUXNCH3-1.jpg","width":1200,"height":1200},{"@type":"BreadcrumbList","@id":"https:\/\/www.mexicanguitarplayers.com\/tienda\/sin categor\u00eda\/pedal-nux-nch-3-voodoo-vibe\/#breadcrumb","itemListElement":[{"@type":"ListItem","position":1,"name":"Portada","item":"https:\/\/www.mexicanguitarplayers.com\/"},{"@type":"ListItem","position":2,"name":"Tienda","item":"https:\/\/www.mexicanguitarplayers.com\/tienda\/"},{"@type":"ListItem","position":3,"name":"PEDAL NUX NCH-3 VOODOO VIBE"}]},{"@type":"WebSite","@id":"https:\/\/www.mexicanguitarplayers.com\/#website","url":"https:\/\/www.mexicanguitarplayers.com\/","name":"Mexican Guitar Players","description":"Website","publisher":{"@id":"https:\/\/www.mexicanguitarplayers.com\/#organization"},"potentialAction":[{"@type":"SearchAction","target":{"@type":"EntryPoint","urlTemplate":"https:\/\/www.mexicanguitarplayers.com\/?s={search_term_string}"},"query-input":{"@type":"PropertyValueSpecification","valueRequired":true,"valueName":"search_term_string"}}],"inLanguage":"en-US"},{"@type":"Organization","@id":"https:\/\/www.mexicanguitarplayers.com\/#organization","name":"Mexican Guitar Players","url":"https:\/\/www.mexicanguitarplayers.com\/","logo":{"@type":"ImageObject","inLanguage":"en-US","@id":"https:\/\/www.mexicanguitarplayers.com\/#\/schema\/logo\/image\/","url":"","contentUrl":"","caption":"Mexican Guitar Players"},"image":{"@id":"https:\/\/www.mexicanguitarplayers.com\/#\/schema\/logo\/image\/"}}]}},"brands":[{"id":177,"name":"NUX","slug":"nux"}],"_links":{"self":[{"href":"https:\/\/www.mexicanguitarplayers.com\/en\/wp-json\/wp\/v2\/product\/43587","targetHints":{"allow":["GET"]}}],"collection":[{"href":"https:\/\/www.mexicanguitarplayers.com\/en\/wp-json\/wp\/v2\/product"}],"about":[{"href":"https:\/\/www.mexicanguitarplayers.com\/en\/wp-json\/wp\/v2\/types\/product"}],"replies":[{"embeddable":true,"href":"https:\/\/www.mexicanguitarplayers.com\/en\/wp-json\/wp\/v2\/comments?post=43587"}],"wp:featuredmedia":[{"embeddable":true,"href":"https:\/\/www.mexicanguitarplayers.com\/en\/wp-json\/wp\/v2\/media\/43579"}],"wp:attachment":[{"href":"https:\/\/www.mexicanguitarplayers.com\/en\/wp-json\/wp\/v2\/media?parent=43587"}],"wp:term":[{"taxonomy":"pwb-brand","embeddable":true,"href":"https:\/\/www.mexicanguitarplayers.com\/en\/wp-json\/wp\/v2\/pwb-brand?post=43587"},{"taxonomy":"product_brand","embeddable":true,"href":"https:\/\/www.mexicanguitarplayers.com\/en\/wp-json\/wp\/v2\/product_brand?post=43587"},{"taxonomy":"product_cat","embeddable":true,"href":"https:\/\/www.mexicanguitarplayers.com\/en\/wp-json\/wp\/v2\/product_cat?post=43587"},{"taxonomy":"product_tag","embeddable":true,"href":"https:\/\/www.mexicanguitarplayers.com\/en\/wp-json\/wp\/v2\/product_tag?post=43587"}],"curies":[{"name":"wp","href":"https:\/\/api.w.org\/{rel}","templated":true}]}}