{"id":43617,"date":"2025-04-09T16:04:06","date_gmt":"2025-04-09T22:04:06","guid":{"rendered":"https:\/\/www.mexicanguitarplayers.com\/tienda\/sin categor\u00eda\/guitarra-schecter-elect-sunset-6-triad\/"},"modified":"2026-05-01T07:15:20","modified_gmt":"2026-05-01T13:15:20","slug":"guitarra-schecter-elect-sunset-6-triad","status":"publish","type":"product","link":"https:\/\/www.mexicanguitarplayers.com\/en\/tienda\/cuerdas\/guitarras-cuerdas\/electricas\/guitarras-electricas-solidas\/guitarra-schecter-elect-sunset-6-triad\/","title":{"rendered":"GUITARRA SCHECTER ELECT. SUNSET-6 TRIAD"},"content":{"rendered":"<div style=\"text-align: justify\">\n<div>\n<h3>Schecter Sunset-6 Triad, Potencia, Estilo y Sonido Inigualable<\/h3>\n<\/div>\n<div>La Schecter Sunset-6 Triad es una guitarra el\u00e9ctrica de alto rendimiento que combina est\u00e9tica moderna y una potencia sonora \u00fanica. Con un cuerpo de Nyatoh y acabado Gloss Black, esta guitarra presenta un dise\u00f1o elegante con un contorno Flat Top y biselado. El m\u00e1stil de 5 piezas de arce y palisandro, reforzado con varillas de fibra de carbono, asegura durabilidad y estabilidad, mientras que el perfil Ultra Thin &#8220;C&#8221; y la curvatura del diapas\u00f3n de 16&#8243; brindan una experiencia de juego c\u00f3moda y r\u00e1pida. Equipada con 24 trastes jumbo de acero inoxidable, esta guitarra ofrece un tono claro y preciso. La longitud de escala de 25.5&#8243; proporciona un rango tonal vers\u00e1til, y la cejuela de Graph Tech XL Black Tusq mejora la resonancia y la estabilidad de afinaci\u00f3n. En el campo de la electr\u00f3nica, la Schecter USA Apocalypse est\u00e1 equipada con una pastilla de puente Schecter USA Tripocalypse Triple Coil y una pastilla de m\u00e1stil Schecter USA Apocalypse Single Coil, que ofrecen un sonido potente, con una rica respuesta tanto en tonos bajos como agudos. Los controles incluyen un volumen, un tono y un interruptor de 5 posiciones, permitiendo al guitarrista una amplia variedad de opciones tonales. El puente Schecter Diamond Hardtail proporciona estabilidad y sustain, mientras que los afinadores Schecter Locking garantizan que la afinaci\u00f3n se mantenga firme. Esta guitarra viene con cuerdas Ernie Ball Regular Slinky y un estuche r\u00edgido Schecter 1620 SGR-1C C-Shape (se vende por separado) para una protecci\u00f3n adicional.<\/div>\n<div>\n<h4>Quick look<\/h4>\n<\/div>\n<ul style=\"margin: 0px 0px 0px 25px\">\n<li style=\"list-style-type: circle;margin: 5px\">Estuche<\/li>\n<li style=\"list-style-type: circle;margin: 5px\">Cejuela<\/li>\n<\/ul>\n<div>\n<div style=\"font-weight: bold\">Estuche<\/div>\n<div>\n<p>1620 SGR-1C C-Shape Hardcase (Se vende por separado)<\/p>\n<\/div>\n<div style=\"font-weight: bold\">Cejuela<\/div>\n<div>\n<p>Graph Tech XL Black Tusq (Ancho: 1.653&#8243; \/ 42 mm)<\/p>\n<\/div>\n<\/div>\n<\/div>","protected":false},"excerpt":{"rendered":"<p>La Schecter Sunset-6 Triad es una guitarra el\u00e9ctrica de alto rendimiento con cuerpo de Nyatoh y acabado Gloss Black. Su m\u00e1stil de 5 piezas de arce y palisandro con refuerzo de fibra de carbono y el perfil Ultra Thin \u201dC\u201d ofrecen comodidad y estabilidad. Equipado con 24 trastes jumbo de acero inoxidable y pastillas Schecter USA Apocalypse (Triple Coil en el puente y Single Coil en el m\u00e1stil), esta guitarra ofrece un sonido potente y vers\u00e1til. El puente Schecter Diamond Hardtail asegura afinaci\u00f3n estable y sustain. Incluye afinadores Schecter Locking y un estuche r\u00edgido Schecter (se vende por separado). Ideal para guitarristas que buscan calidad y versatilidad sonora.&hellip; <a class=\"kt-excerpt-readmore more-link\" href=\"https:\/\/www.mexicanguitarplayers.com\/en\/tienda\/cuerdas\/guitarras-cuerdas\/electricas\/guitarras-electricas-solidas\/guitarra-schecter-elect-sunset-6-triad\/\">Read more<\/a><\/p>","protected":false},"featured_media":43609,"comment_status":"open","ping_status":"closed","template":"","meta":{"kt_blocks_editor_width":""},"pwb-brand":[175],"product_brand":[],"product_cat":[224,313,312,314],"product_tag":[],"class_list":{"0":"post-43617","1":"product","2":"type-product","3":"status-publish","4":"has-post-thumbnail","6":"pwb-brand-schecter","7":"product_cat-cuerdas","8":"product_cat-electricas","9":"product_cat-guitarras-cuerdas","10":"product_cat-guitarras-electricas-solidas","11":"product_shipping_class-0-5-kg","13":"first","14":"instock","15":"taxable","16":"shipping-taxable","17":"purchasable","18":"product-type-simple"},"yoast_head":"<!-- This site is optimized with the Yoast SEO plugin v27.5 - https:\/\/yoast.com\/product\/yoast-seo-wordpress\/ -->\n<title>GUITARRA SCHECTER ELECT. SUNSET-6 TRIAD - Mexican Guitar Players<\/title>\n<meta name=\"description\" content=\"La Schecter Sunset-6 Triad es una guitarra el\u00e9ctrica de alto rendimiento con cuerpo de Nyatoh y acabado Gloss Black. Su m\u00e1stil de 5 piezas de arce y palisandro con refuerzo de fibra de carbono y el perfil Ultra Thin \u201dC\u201d ofrecen comodidad y estabilidad. Equipado con 24 trastes jumbo de acero inoxidable y pastillas Schecter USA Apocalypse (Triple Coil en el puente y Single Coil en el m\u00e1stil), esta guitarra ofrece un sonido potente y vers\u00e1til. El puente Schecter Diamond Hardtail asegura afinaci\u00f3n estable y sustain. Incluye afinadores Schecter Locking y un estuche r\u00edgido Schecter (se vende por separado). Ideal para guitarristas que buscan calidad y versatilidad sonora.\" \/>\n<meta name=\"robots\" content=\"index, follow, max-snippet:-1, max-image-preview:large, max-video-preview:-1\" \/>\n<link rel=\"canonical\" href=\"https:\/\/www.mexicanguitarplayers.com\/en\/tienda\/sin%20categor\u00eda\/guitarra-schecter-elect-sunset-6-triad\/\" \/>\n<meta property=\"og:locale\" content=\"en_US\" \/>\n<meta property=\"og:type\" content=\"article\" \/>\n<meta property=\"og:title\" content=\"GUITARRA SCHECTER ELECT. SUNSET-6 TRIAD - Mexican Guitar Players\" \/>\n<meta property=\"og:description\" content=\"La Schecter Sunset-6 Triad es una guitarra el\u00e9ctrica de alto rendimiento con cuerpo de Nyatoh y acabado Gloss Black. Su m\u00e1stil de 5 piezas de arce y palisandro con refuerzo de fibra de carbono y el perfil Ultra Thin \u201dC\u201d ofrecen comodidad y estabilidad. Equipado con 24 trastes jumbo de acero inoxidable y pastillas Schecter USA Apocalypse (Triple Coil en el puente y Single Coil en el m\u00e1stil), esta guitarra ofrece un sonido potente y vers\u00e1til. El puente Schecter Diamond Hardtail asegura afinaci\u00f3n estable y sustain. Incluye afinadores Schecter Locking y un estuche r\u00edgido Schecter (se vende por separado). Ideal para guitarristas que buscan calidad y versatilidad sonora.\" \/>\n<meta property=\"og:url\" content=\"https:\/\/www.mexicanguitarplayers.com\/en\/tienda\/sin categor\u00eda\/guitarra-schecter-elect-sunset-6-triad\/\" \/>\n<meta property=\"og:site_name\" content=\"Mexican Guitar Players\" \/>\n<meta property=\"article:modified_time\" content=\"2026-05-01T13:15:20+00:00\" \/>\n<meta name=\"twitter:card\" content=\"summary_large_image\" \/>\n<meta name=\"twitter:label1\" content=\"Est. reading time\" \/>\n\t<meta name=\"twitter:data1\" content=\"1 minute\" \/>\n<script type=\"application\/ld+json\" class=\"yoast-schema-graph\">{\"@context\":\"https:\\\/\\\/schema.org\",\"@graph\":[{\"@type\":[\"WebPage\",\"ItemPage\"],\"@id\":\"https:\\\/\\\/www.mexicanguitarplayers.com\\\/tienda\\\/sin categor\u00eda\\\/guitarra-schecter-elect-sunset-6-triad\\\/\",\"url\":\"https:\\\/\\\/www.mexicanguitarplayers.com\\\/tienda\\\/sin categor\u00eda\\\/guitarra-schecter-elect-sunset-6-triad\\\/\",\"name\":\"GUITARRA SCHECTER ELECT. SUNSET-6 TRIAD - Mexican Guitar Players\",\"isPartOf\":{\"@id\":\"https:\\\/\\\/www.mexicanguitarplayers.com\\\/#website\"},\"primaryImageOfPage\":{\"@id\":\"https:\\\/\\\/www.mexicanguitarplayers.com\\\/tienda\\\/sin categor\u00eda\\\/guitarra-schecter-elect-sunset-6-triad\\\/#primaryimage\"},\"image\":{\"@id\":\"https:\\\/\\\/www.mexicanguitarplayers.com\\\/tienda\\\/sin categor\u00eda\\\/guitarra-schecter-elect-sunset-6-triad\\\/#primaryimage\"},\"thumbnailUrl\":\"https:\\\/\\\/www.mexicanguitarplayers.com\\\/wp-content\\\/uploads\\\/2025\\\/04\\\/ISSCCSUNSET6TR-1.png\",\"datePublished\":\"2025-04-09T22:04:06+00:00\",\"dateModified\":\"2026-05-01T13:15:20+00:00\",\"description\":\"La Schecter Sunset-6 Triad es una guitarra el\u00e9ctrica de alto rendimiento con cuerpo de Nyatoh y acabado Gloss Black. Su m\u00e1stil de 5 piezas de arce y palisandro con refuerzo de fibra de carbono y el perfil Ultra Thin \u201dC\u201d ofrecen comodidad y estabilidad. Equipado con 24 trastes jumbo de acero inoxidable y pastillas Schecter USA Apocalypse (Triple Coil en el puente y Single Coil en el m\u00e1stil), esta guitarra ofrece un sonido potente y vers\u00e1til. El puente Schecter Diamond Hardtail asegura afinaci\u00f3n estable y sustain. Incluye afinadores Schecter Locking y un estuche r\u00edgido Schecter (se vende por separado). Ideal para guitarristas que buscan calidad y versatilidad sonora.\",\"breadcrumb\":{\"@id\":\"https:\\\/\\\/www.mexicanguitarplayers.com\\\/tienda\\\/sin categor\u00eda\\\/guitarra-schecter-elect-sunset-6-triad\\\/#breadcrumb\"},\"inLanguage\":\"en-US\",\"potentialAction\":[{\"@type\":\"ReadAction\",\"target\":[\"https:\\\/\\\/www.mexicanguitarplayers.com\\\/tienda\\\/sin categor\u00eda\\\/guitarra-schecter-elect-sunset-6-triad\\\/\"]}]},{\"@type\":\"ImageObject\",\"inLanguage\":\"en-US\",\"@id\":\"https:\\\/\\\/www.mexicanguitarplayers.com\\\/tienda\\\/sin categor\u00eda\\\/guitarra-schecter-elect-sunset-6-triad\\\/#primaryimage\",\"url\":\"https:\\\/\\\/www.mexicanguitarplayers.com\\\/wp-content\\\/uploads\\\/2025\\\/04\\\/ISSCCSUNSET6TR-1.png\",\"contentUrl\":\"https:\\\/\\\/www.mexicanguitarplayers.com\\\/wp-content\\\/uploads\\\/2025\\\/04\\\/ISSCCSUNSET6TR-1.png\",\"width\":800,\"height\":1600},{\"@type\":\"BreadcrumbList\",\"@id\":\"https:\\\/\\\/www.mexicanguitarplayers.com\\\/tienda\\\/sin categor\u00eda\\\/guitarra-schecter-elect-sunset-6-triad\\\/#breadcrumb\",\"itemListElement\":[{\"@type\":\"ListItem\",\"position\":1,\"name\":\"Portada\",\"item\":\"https:\\\/\\\/www.mexicanguitarplayers.com\\\/\"},{\"@type\":\"ListItem\",\"position\":2,\"name\":\"Tienda\",\"item\":\"https:\\\/\\\/www.mexicanguitarplayers.com\\\/tienda\\\/\"},{\"@type\":\"ListItem\",\"position\":3,\"name\":\"GUITARRA SCHECTER ELECT. SUNSET-6 TRIAD\"}]},{\"@type\":\"WebSite\",\"@id\":\"https:\\\/\\\/www.mexicanguitarplayers.com\\\/#website\",\"url\":\"https:\\\/\\\/www.mexicanguitarplayers.com\\\/\",\"name\":\"Mexican Guitar Players\",\"description\":\"Website\",\"publisher\":{\"@id\":\"https:\\\/\\\/www.mexicanguitarplayers.com\\\/#organization\"},\"potentialAction\":[{\"@type\":\"SearchAction\",\"target\":{\"@type\":\"EntryPoint\",\"urlTemplate\":\"https:\\\/\\\/www.mexicanguitarplayers.com\\\/?s={search_term_string}\"},\"query-input\":{\"@type\":\"PropertyValueSpecification\",\"valueRequired\":true,\"valueName\":\"search_term_string\"}}],\"inLanguage\":\"en-US\"},{\"@type\":\"Organization\",\"@id\":\"https:\\\/\\\/www.mexicanguitarplayers.com\\\/#organization\",\"name\":\"Mexican Guitar Players\",\"url\":\"https:\\\/\\\/www.mexicanguitarplayers.com\\\/\",\"logo\":{\"@type\":\"ImageObject\",\"inLanguage\":\"en-US\",\"@id\":\"https:\\\/\\\/www.mexicanguitarplayers.com\\\/#\\\/schema\\\/logo\\\/image\\\/\",\"url\":\"\",\"contentUrl\":\"\",\"caption\":\"Mexican Guitar Players\"},\"image\":{\"@id\":\"https:\\\/\\\/www.mexicanguitarplayers.com\\\/#\\\/schema\\\/logo\\\/image\\\/\"}}]}<\/script>\n<!-- \/ Yoast SEO plugin. -->","yoast_head_json":{"title":"GUITARRA SCHECTER ELECT. SUNSET-6 TRIAD - Mexican Guitar Players","description":"La Schecter Sunset-6 Triad es una guitarra el\u00e9ctrica de alto rendimiento con cuerpo de Nyatoh y acabado Gloss Black. Su m\u00e1stil de 5 piezas de arce y palisandro con refuerzo de fibra de carbono y el perfil Ultra Thin \u201dC\u201d ofrecen comodidad y estabilidad. Equipado con 24 trastes jumbo de acero inoxidable y pastillas Schecter USA Apocalypse (Triple Coil en el puente y Single Coil en el m\u00e1stil), esta guitarra ofrece un sonido potente y vers\u00e1til. El puente Schecter Diamond Hardtail asegura afinaci\u00f3n estable y sustain. Incluye afinadores Schecter Locking y un estuche r\u00edgido Schecter (se vende por separado). Ideal para guitarristas que buscan calidad y versatilidad sonora.","robots":{"index":"index","follow":"follow","max-snippet":"max-snippet:-1","max-image-preview":"max-image-preview:large","max-video-preview":"max-video-preview:-1"},"canonical":"https:\/\/www.mexicanguitarplayers.com\/en\/tienda\/sin categor\u00eda\/guitarra-schecter-elect-sunset-6-triad\/","og_locale":"en_US","og_type":"article","og_title":"GUITARRA SCHECTER ELECT. SUNSET-6 TRIAD - Mexican Guitar Players","og_description":"La Schecter Sunset-6 Triad es una guitarra el\u00e9ctrica de alto rendimiento con cuerpo de Nyatoh y acabado Gloss Black. Su m\u00e1stil de 5 piezas de arce y palisandro con refuerzo de fibra de carbono y el perfil Ultra Thin \u201dC\u201d ofrecen comodidad y estabilidad. Equipado con 24 trastes jumbo de acero inoxidable y pastillas Schecter USA Apocalypse (Triple Coil en el puente y Single Coil en el m\u00e1stil), esta guitarra ofrece un sonido potente y vers\u00e1til. El puente Schecter Diamond Hardtail asegura afinaci\u00f3n estable y sustain. Incluye afinadores Schecter Locking y un estuche r\u00edgido Schecter (se vende por separado). Ideal para guitarristas que buscan calidad y versatilidad sonora.","og_url":"https:\/\/www.mexicanguitarplayers.com\/en\/tienda\/sin categor\u00eda\/guitarra-schecter-elect-sunset-6-triad\/","og_site_name":"Mexican Guitar Players","article_modified_time":"2026-05-01T13:15:20+00:00","twitter_card":"summary_large_image","twitter_misc":{"Est. reading time":"1 minute"},"schema":{"@context":"https:\/\/schema.org","@graph":[{"@type":["WebPage","ItemPage"],"@id":"https:\/\/www.mexicanguitarplayers.com\/tienda\/sin categor\u00eda\/guitarra-schecter-elect-sunset-6-triad\/","url":"https:\/\/www.mexicanguitarplayers.com\/tienda\/sin categor\u00eda\/guitarra-schecter-elect-sunset-6-triad\/","name":"GUITARRA SCHECTER ELECT. SUNSET-6 TRIAD - Mexican Guitar Players","isPartOf":{"@id":"https:\/\/www.mexicanguitarplayers.com\/#website"},"primaryImageOfPage":{"@id":"https:\/\/www.mexicanguitarplayers.com\/tienda\/sin categor\u00eda\/guitarra-schecter-elect-sunset-6-triad\/#primaryimage"},"image":{"@id":"https:\/\/www.mexicanguitarplayers.com\/tienda\/sin categor\u00eda\/guitarra-schecter-elect-sunset-6-triad\/#primaryimage"},"thumbnailUrl":"https:\/\/www.mexicanguitarplayers.com\/wp-content\/uploads\/2025\/04\/ISSCCSUNSET6TR-1.png","datePublished":"2025-04-09T22:04:06+00:00","dateModified":"2026-05-01T13:15:20+00:00","description":"La Schecter Sunset-6 Triad es una guitarra el\u00e9ctrica de alto rendimiento con cuerpo de Nyatoh y acabado Gloss Black. Su m\u00e1stil de 5 piezas de arce y palisandro con refuerzo de fibra de carbono y el perfil Ultra Thin \u201dC\u201d ofrecen comodidad y estabilidad. Equipado con 24 trastes jumbo de acero inoxidable y pastillas Schecter USA Apocalypse (Triple Coil en el puente y Single Coil en el m\u00e1stil), esta guitarra ofrece un sonido potente y vers\u00e1til. El puente Schecter Diamond Hardtail asegura afinaci\u00f3n estable y sustain. Incluye afinadores Schecter Locking y un estuche r\u00edgido Schecter (se vende por separado). Ideal para guitarristas que buscan calidad y versatilidad sonora.","breadcrumb":{"@id":"https:\/\/www.mexicanguitarplayers.com\/tienda\/sin categor\u00eda\/guitarra-schecter-elect-sunset-6-triad\/#breadcrumb"},"inLanguage":"en-US","potentialAction":[{"@type":"ReadAction","target":["https:\/\/www.mexicanguitarplayers.com\/tienda\/sin categor\u00eda\/guitarra-schecter-elect-sunset-6-triad\/"]}]},{"@type":"ImageObject","inLanguage":"en-US","@id":"https:\/\/www.mexicanguitarplayers.com\/tienda\/sin categor\u00eda\/guitarra-schecter-elect-sunset-6-triad\/#primaryimage","url":"https:\/\/www.mexicanguitarplayers.com\/wp-content\/uploads\/2025\/04\/ISSCCSUNSET6TR-1.png","contentUrl":"https:\/\/www.mexicanguitarplayers.com\/wp-content\/uploads\/2025\/04\/ISSCCSUNSET6TR-1.png","width":800,"height":1600},{"@type":"BreadcrumbList","@id":"https:\/\/www.mexicanguitarplayers.com\/tienda\/sin categor\u00eda\/guitarra-schecter-elect-sunset-6-triad\/#breadcrumb","itemListElement":[{"@type":"ListItem","position":1,"name":"Portada","item":"https:\/\/www.mexicanguitarplayers.com\/"},{"@type":"ListItem","position":2,"name":"Tienda","item":"https:\/\/www.mexicanguitarplayers.com\/tienda\/"},{"@type":"ListItem","position":3,"name":"GUITARRA SCHECTER ELECT. SUNSET-6 TRIAD"}]},{"@type":"WebSite","@id":"https:\/\/www.mexicanguitarplayers.com\/#website","url":"https:\/\/www.mexicanguitarplayers.com\/","name":"Mexican Guitar Players","description":"Website","publisher":{"@id":"https:\/\/www.mexicanguitarplayers.com\/#organization"},"potentialAction":[{"@type":"SearchAction","target":{"@type":"EntryPoint","urlTemplate":"https:\/\/www.mexicanguitarplayers.com\/?s={search_term_string}"},"query-input":{"@type":"PropertyValueSpecification","valueRequired":true,"valueName":"search_term_string"}}],"inLanguage":"en-US"},{"@type":"Organization","@id":"https:\/\/www.mexicanguitarplayers.com\/#organization","name":"Mexican Guitar Players","url":"https:\/\/www.mexicanguitarplayers.com\/","logo":{"@type":"ImageObject","inLanguage":"en-US","@id":"https:\/\/www.mexicanguitarplayers.com\/#\/schema\/logo\/image\/","url":"","contentUrl":"","caption":"Mexican Guitar Players"},"image":{"@id":"https:\/\/www.mexicanguitarplayers.com\/#\/schema\/logo\/image\/"}}]}},"brands":[{"id":175,"name":"SCHECTER","slug":"schecter"}],"_links":{"self":[{"href":"https:\/\/www.mexicanguitarplayers.com\/en\/wp-json\/wp\/v2\/product\/43617","targetHints":{"allow":["GET"]}}],"collection":[{"href":"https:\/\/www.mexicanguitarplayers.com\/en\/wp-json\/wp\/v2\/product"}],"about":[{"href":"https:\/\/www.mexicanguitarplayers.com\/en\/wp-json\/wp\/v2\/types\/product"}],"replies":[{"embeddable":true,"href":"https:\/\/www.mexicanguitarplayers.com\/en\/wp-json\/wp\/v2\/comments?post=43617"}],"wp:featuredmedia":[{"embeddable":true,"href":"https:\/\/www.mexicanguitarplayers.com\/en\/wp-json\/wp\/v2\/media\/43609"}],"wp:attachment":[{"href":"https:\/\/www.mexicanguitarplayers.com\/en\/wp-json\/wp\/v2\/media?parent=43617"}],"wp:term":[{"taxonomy":"pwb-brand","embeddable":true,"href":"https:\/\/www.mexicanguitarplayers.com\/en\/wp-json\/wp\/v2\/pwb-brand?post=43617"},{"taxonomy":"product_brand","embeddable":true,"href":"https:\/\/www.mexicanguitarplayers.com\/en\/wp-json\/wp\/v2\/product_brand?post=43617"},{"taxonomy":"product_cat","embeddable":true,"href":"https:\/\/www.mexicanguitarplayers.com\/en\/wp-json\/wp\/v2\/product_cat?post=43617"},{"taxonomy":"product_tag","embeddable":true,"href":"https:\/\/www.mexicanguitarplayers.com\/en\/wp-json\/wp\/v2\/product_tag?post=43617"}],"curies":[{"name":"wp","href":"https:\/\/api.w.org\/{rel}","templated":true}]}}