{"id":43699,"date":"2025-04-09T16:09:11","date_gmt":"2025-04-09T22:09:11","guid":{"rendered":"https:\/\/www.mexicanguitarplayers.com\/tienda\/sin categor\u00eda\/guitarra-mars-electrica-mod-hollowbody-335-studio\/"},"modified":"2026-05-01T07:15:19","modified_gmt":"2026-05-01T13:15:19","slug":"guitarra-mars-electrica-mod-hollowbody-335-studio","status":"publish","type":"product","link":"https:\/\/www.mexicanguitarplayers.com\/en\/tienda\/cuerdas\/guitarras-cuerdas\/electricas\/guitarras-electricas-semisolidas\/guitarra-mars-electrica-mod-hollowbody-335-studio\/","title":{"rendered":"GUITARRA MARS ELECTRICA MOD. HOLLOWBODY 335 STUDIO"},"content":{"rendered":"<div style=\"text-align: justify\">\n<div>\n<h3>\u00a1Descubre la Guitarra El\u00e9ctrica de Arce con Sonido Potente y Estilo Vers\u00e1til!<\/h3>\n<\/div>\n<div>Sum\u00e9rgete en el potente sonido y el estilo incomparable de esta guitarra el\u00e9ctrica. Con cuerpo de contrachapado de arce y elegante tapa de chapa de arce, su m\u00e1stil moderno en forma de C de arce y diapas\u00f3n de palo de rosa de 12 pulgadas te ofrecen una experiencia de juego excepcional. Equipada con 2 humbuckers cer\u00e1micos para tonos potentes y definidos, y un sistema de controles vers\u00e1til que incluye 2 potenci\u00f3metros de volumen, 2 de tono y un selector de 3 posiciones. El puente tipo stop bar tail y los herrajes cromados aseguran una afinaci\u00f3n estable y durabilidad. Disponible en colores vibrantes: rosa, negro, verde y marr\u00f3n. <\/div>\n<div>\n<h4>Quick look<\/h4>\n<\/div>\n<ul style=\"margin: 0px 0px 0px 25px\">\n<li style=\"list-style-type: circle;margin: 5px\">Clavijas de afinaci\u00f3n<\/li>\n<li style=\"list-style-type: circle;margin: 5px\">M\u00e1stil<\/li>\n<li style=\"list-style-type: circle;margin: 5px\">Forma del m\u00e1stil<\/li>\n<li style=\"list-style-type: circle;margin: 5px\">Diapas\u00f3n<\/li>\n<li style=\"list-style-type: circle;margin: 5px\">Radio del diapas\u00f3n<\/li>\n<li style=\"list-style-type: circle;margin: 5px\">Ancho de la cejuela<\/li>\n<li style=\"list-style-type: circle;margin: 5px\">Material de la Cejuela<\/li>\n<li style=\"list-style-type: circle;margin: 5px\">Longitud de la escala de las cuerdas<\/li>\n<li style=\"list-style-type: circle;margin: 5px\">N\u00famero de trastes<\/li>\n<li style=\"list-style-type: circle;margin: 5px\">Forma del cuerpo<\/li>\n<li style=\"list-style-type: circle;margin: 5px\">Body<\/li>\n<li style=\"list-style-type: circle;margin: 5px\">Tapa<\/li>\n<li style=\"list-style-type: circle;margin: 5px\">Tablets<\/li>\n<li style=\"list-style-type: circle;margin: 5px\">Puente<\/li>\n<li style=\"list-style-type: circle;margin: 5px\">Controls<\/li>\n<li style=\"list-style-type: circle;margin: 5px\">Hardware<\/li>\n<li style=\"list-style-type: circle;margin: 5px\">Colores<\/li>\n<\/ul>\n<div>\n<div style=\"font-weight: bold\">Clavijas de afinaci\u00f3n<\/div>\n<div>\n<p>Configuraci\u00f3n 3&#215;3.<\/p>\n<\/div>\n<div style=\"font-weight: bold\">M\u00e1stil<\/div>\n<div>\n<p>Arce.<\/p>\n<\/div>\n<div style=\"font-weight: bold\">Forma del m\u00e1stil<\/div>\n<div>\n<p>Moderna tipo C.<\/p>\n<\/div>\n<div style=\"font-weight: bold\">Diapas\u00f3n<\/div>\n<div>\n<p>Palo de rosa<\/p>\n<\/div>\n<div style=\"font-weight: bold\">Radio del diapas\u00f3n<\/div>\n<div>\n<p>12 pulgadas.<\/p>\n<\/div>\n<div style=\"font-weight: bold\">Ancho de la cejuela<\/div>\n<div>\n<p>1.65 pulgadas.<\/p>\n<\/div>\n<div style=\"font-weight: bold\">Material de la Cejuela<\/div>\n<div>\n<p>Pl\u00e1stico (U-Lite).<\/p>\n<\/div>\n<div style=\"font-weight: bold\">Longitud de la escala de las cuerdas<\/div>\n<div>\n<p>628 mm (25 pulgadas).<\/p>\n<\/div>\n<div style=\"font-weight: bold\">N\u00famero de trastes<\/div>\n<div>\n<p>22 trastes. <\/p>\n<\/div>\n<div style=\"font-weight: bold\">Forma del cuerpo<\/div>\n<div>\n<p>Doble cutaway con parte superior en arco.<\/p>\n<\/div>\n<div style=\"font-weight: bold\">Body<\/div>\n<div>\n<p>Contrachapado de arce.<\/p>\n<\/div>\n<div style=\"font-weight: bold\">Tapa<\/div>\n<div>\n<p>Chapa de arce.<\/p>\n<\/div>\n<div style=\"font-weight: bold\">Tablets<\/div>\n<div>\n<p>2 humbuckers cer\u00e1micos.<\/p>\n<\/div>\n<div style=\"font-weight: bold\">Puente<\/div>\n<div>\n<p>Puente tipo stop bar.<\/p>\n<\/div>\n<div style=\"font-weight: bold\">Controls<\/div>\n<div>\n<p>2 de volumen, 2 de tono y selector de 3 posiciones.<\/p>\n<\/div>\n<div style=\"font-weight: bold\">Hardware<\/div>\n<div>\n<p>Cromado.<\/p>\n<\/div>\n<div style=\"font-weight: bold\">Colores<\/div>\n<div>\n<p>Rosa (PIK), negro (BAC), verde (GRN), marr\u00f3n (BRO).<\/p>\n<\/div>\n<\/div>\n<\/div>","protected":false},"excerpt":{"rendered":"<p>Descubre la guitarra el\u00e9ctrica Hollowbody 335 Studio con cuerpo de arce y tapa elegante, m\u00e1stil moderno en forma de C de arce y diapas\u00f3n de palo de rosa. Equipada con 2 humbuckers cer\u00e1micos para tonos potentes, puente tipo stop bar tail y herrajes cromados. Disponible en colores llamativos: rosa, negro, verde y marr\u00f3n.&hellip; <a class=\"kt-excerpt-readmore more-link\" href=\"https:\/\/www.mexicanguitarplayers.com\/en\/tienda\/cuerdas\/guitarras-cuerdas\/electricas\/guitarras-electricas-semisolidas\/guitarra-mars-electrica-mod-hollowbody-335-studio\/\">Read more<\/a><\/p>","protected":false},"featured_media":43666,"comment_status":"open","ping_status":"closed","template":"","meta":{"kt_blocks_editor_width":""},"pwb-brand":[332],"product_brand":[],"product_cat":[224,313,312,334],"product_tag":[],"class_list":{"0":"post-43699","1":"product","2":"type-product","3":"status-publish","4":"has-post-thumbnail","6":"pwb-brand-mars","7":"product_cat-cuerdas","8":"product_cat-electricas","9":"product_cat-guitarras-cuerdas","10":"product_cat-guitarras-electricas-semisolidas","11":"product_shipping_class-0-5-kg","13":"first","14":"instock","15":"taxable","16":"shipping-taxable","17":"purchasable","18":"product-type-simple"},"yoast_head":"<!-- This site is optimized with the Yoast SEO plugin v27.6 - https:\/\/yoast.com\/product\/yoast-seo-wordpress\/ -->\n<title>GUITARRA MARS ELECTRICA MOD. HOLLOWBODY 335 STUDIO - Mexican Guitar Players<\/title>\n<meta name=\"description\" content=\"Descubre la guitarra el\u00e9ctrica Hollowbody 335 Studio con cuerpo de arce y tapa elegante, m\u00e1stil moderno en forma de C de arce y diapas\u00f3n de palo de rosa. Equipada con 2 humbuckers cer\u00e1micos para tonos potentes, puente tipo stop bar tail y herrajes cromados. Disponible en colores llamativos: rosa, negro, verde y marr\u00f3n.\" \/>\n<meta name=\"robots\" content=\"index, follow, max-snippet:-1, max-image-preview:large, max-video-preview:-1\" \/>\n<link rel=\"canonical\" href=\"https:\/\/www.mexicanguitarplayers.com\/en\/tienda\/sin%20categor\u00eda\/guitarra-mars-electrica-mod-hollowbody-335-studio\/\" \/>\n<meta property=\"og:locale\" content=\"en_US\" \/>\n<meta property=\"og:type\" content=\"article\" \/>\n<meta property=\"og:title\" content=\"GUITARRA MARS ELECTRICA MOD. HOLLOWBODY 335 STUDIO - Mexican Guitar Players\" \/>\n<meta property=\"og:description\" content=\"Descubre la guitarra el\u00e9ctrica Hollowbody 335 Studio con cuerpo de arce y tapa elegante, m\u00e1stil moderno en forma de C de arce y diapas\u00f3n de palo de rosa. Equipada con 2 humbuckers cer\u00e1micos para tonos potentes, puente tipo stop bar tail y herrajes cromados. Disponible en colores llamativos: rosa, negro, verde y marr\u00f3n.\" \/>\n<meta property=\"og:url\" content=\"https:\/\/www.mexicanguitarplayers.com\/en\/tienda\/sin categor\u00eda\/guitarra-mars-electrica-mod-hollowbody-335-studio\/\" \/>\n<meta property=\"og:site_name\" content=\"Mexican Guitar Players\" \/>\n<meta property=\"article:modified_time\" content=\"2026-05-01T13:15:19+00:00\" \/>\n<meta name=\"twitter:card\" content=\"summary_large_image\" \/>\n<meta name=\"twitter:label1\" content=\"Est. reading time\" \/>\n\t<meta name=\"twitter:data1\" content=\"1 minute\" \/>\n<script type=\"application\/ld+json\" class=\"yoast-schema-graph\">{\"@context\":\"https:\\\/\\\/schema.org\",\"@graph\":[{\"@type\":[\"WebPage\",\"ItemPage\"],\"@id\":\"https:\\\/\\\/www.mexicanguitarplayers.com\\\/tienda\\\/sin categor\u00eda\\\/guitarra-mars-electrica-mod-hollowbody-335-studio\\\/\",\"url\":\"https:\\\/\\\/www.mexicanguitarplayers.com\\\/tienda\\\/sin categor\u00eda\\\/guitarra-mars-electrica-mod-hollowbody-335-studio\\\/\",\"name\":\"GUITARRA MARS ELECTRICA MOD. HOLLOWBODY 335 STUDIO - Mexican Guitar Players\",\"isPartOf\":{\"@id\":\"https:\\\/\\\/www.mexicanguitarplayers.com\\\/#website\"},\"primaryImageOfPage\":{\"@id\":\"https:\\\/\\\/www.mexicanguitarplayers.com\\\/tienda\\\/sin categor\u00eda\\\/guitarra-mars-electrica-mod-hollowbody-335-studio\\\/#primaryimage\"},\"image\":{\"@id\":\"https:\\\/\\\/www.mexicanguitarplayers.com\\\/tienda\\\/sin categor\u00eda\\\/guitarra-mars-electrica-mod-hollowbody-335-studio\\\/#primaryimage\"},\"thumbnailUrl\":\"https:\\\/\\\/www.mexicanguitarplayers.com\\\/wp-content\\\/uploads\\\/2025\\\/04\\\/ISMASHB335ST-1.jpg\",\"datePublished\":\"2025-04-09T22:09:11+00:00\",\"dateModified\":\"2026-05-01T13:15:19+00:00\",\"description\":\"Descubre la guitarra el\u00e9ctrica Hollowbody 335 Studio con cuerpo de arce y tapa elegante, m\u00e1stil moderno en forma de C de arce y diapas\u00f3n de palo de rosa. Equipada con 2 humbuckers cer\u00e1micos para tonos potentes, puente tipo stop bar tail y herrajes cromados. Disponible en colores llamativos: rosa, negro, verde y marr\u00f3n.\",\"breadcrumb\":{\"@id\":\"https:\\\/\\\/www.mexicanguitarplayers.com\\\/tienda\\\/sin categor\u00eda\\\/guitarra-mars-electrica-mod-hollowbody-335-studio\\\/#breadcrumb\"},\"inLanguage\":\"en-US\",\"potentialAction\":[{\"@type\":\"ReadAction\",\"target\":[\"https:\\\/\\\/www.mexicanguitarplayers.com\\\/tienda\\\/sin categor\u00eda\\\/guitarra-mars-electrica-mod-hollowbody-335-studio\\\/\"]}]},{\"@type\":\"ImageObject\",\"inLanguage\":\"en-US\",\"@id\":\"https:\\\/\\\/www.mexicanguitarplayers.com\\\/tienda\\\/sin categor\u00eda\\\/guitarra-mars-electrica-mod-hollowbody-335-studio\\\/#primaryimage\",\"url\":\"https:\\\/\\\/www.mexicanguitarplayers.com\\\/wp-content\\\/uploads\\\/2025\\\/04\\\/ISMASHB335ST-1.jpg\",\"contentUrl\":\"https:\\\/\\\/www.mexicanguitarplayers.com\\\/wp-content\\\/uploads\\\/2025\\\/04\\\/ISMASHB335ST-1.jpg\",\"width\":800,\"height\":1600},{\"@type\":\"BreadcrumbList\",\"@id\":\"https:\\\/\\\/www.mexicanguitarplayers.com\\\/tienda\\\/sin categor\u00eda\\\/guitarra-mars-electrica-mod-hollowbody-335-studio\\\/#breadcrumb\",\"itemListElement\":[{\"@type\":\"ListItem\",\"position\":1,\"name\":\"Portada\",\"item\":\"https:\\\/\\\/www.mexicanguitarplayers.com\\\/\"},{\"@type\":\"ListItem\",\"position\":2,\"name\":\"Tienda\",\"item\":\"https:\\\/\\\/www.mexicanguitarplayers.com\\\/tienda\\\/\"},{\"@type\":\"ListItem\",\"position\":3,\"name\":\"GUITARRA MARS ELECTRICA MOD. HOLLOWBODY 335 STUDIO\"}]},{\"@type\":\"WebSite\",\"@id\":\"https:\\\/\\\/www.mexicanguitarplayers.com\\\/#website\",\"url\":\"https:\\\/\\\/www.mexicanguitarplayers.com\\\/\",\"name\":\"Mexican Guitar Players\",\"description\":\"Website\",\"publisher\":{\"@id\":\"https:\\\/\\\/www.mexicanguitarplayers.com\\\/#organization\"},\"potentialAction\":[{\"@type\":\"SearchAction\",\"target\":{\"@type\":\"EntryPoint\",\"urlTemplate\":\"https:\\\/\\\/www.mexicanguitarplayers.com\\\/?s={search_term_string}\"},\"query-input\":{\"@type\":\"PropertyValueSpecification\",\"valueRequired\":true,\"valueName\":\"search_term_string\"}}],\"inLanguage\":\"en-US\"},{\"@type\":\"Organization\",\"@id\":\"https:\\\/\\\/www.mexicanguitarplayers.com\\\/#organization\",\"name\":\"Mexican Guitar Players\",\"url\":\"https:\\\/\\\/www.mexicanguitarplayers.com\\\/\",\"logo\":{\"@type\":\"ImageObject\",\"inLanguage\":\"en-US\",\"@id\":\"https:\\\/\\\/www.mexicanguitarplayers.com\\\/#\\\/schema\\\/logo\\\/image\\\/\",\"url\":\"\",\"contentUrl\":\"\",\"caption\":\"Mexican Guitar Players\"},\"image\":{\"@id\":\"https:\\\/\\\/www.mexicanguitarplayers.com\\\/#\\\/schema\\\/logo\\\/image\\\/\"}}]}<\/script>\n<!-- \/ Yoast SEO plugin. -->","yoast_head_json":{"title":"GUITARRA MARS ELECTRICA MOD. HOLLOWBODY 335 STUDIO - Mexican Guitar Players","description":"Descubre la guitarra el\u00e9ctrica Hollowbody 335 Studio con cuerpo de arce y tapa elegante, m\u00e1stil moderno en forma de C de arce y diapas\u00f3n de palo de rosa. Equipada con 2 humbuckers cer\u00e1micos para tonos potentes, puente tipo stop bar tail y herrajes cromados. Disponible en colores llamativos: rosa, negro, verde y marr\u00f3n.","robots":{"index":"index","follow":"follow","max-snippet":"max-snippet:-1","max-image-preview":"max-image-preview:large","max-video-preview":"max-video-preview:-1"},"canonical":"https:\/\/www.mexicanguitarplayers.com\/en\/tienda\/sin categor\u00eda\/guitarra-mars-electrica-mod-hollowbody-335-studio\/","og_locale":"en_US","og_type":"article","og_title":"GUITARRA MARS ELECTRICA MOD. HOLLOWBODY 335 STUDIO - Mexican Guitar Players","og_description":"Descubre la guitarra el\u00e9ctrica Hollowbody 335 Studio con cuerpo de arce y tapa elegante, m\u00e1stil moderno en forma de C de arce y diapas\u00f3n de palo de rosa. Equipada con 2 humbuckers cer\u00e1micos para tonos potentes, puente tipo stop bar tail y herrajes cromados. Disponible en colores llamativos: rosa, negro, verde y marr\u00f3n.","og_url":"https:\/\/www.mexicanguitarplayers.com\/en\/tienda\/sin categor\u00eda\/guitarra-mars-electrica-mod-hollowbody-335-studio\/","og_site_name":"Mexican Guitar Players","article_modified_time":"2026-05-01T13:15:19+00:00","twitter_card":"summary_large_image","twitter_misc":{"Est. reading time":"1 minute"},"schema":{"@context":"https:\/\/schema.org","@graph":[{"@type":["WebPage","ItemPage"],"@id":"https:\/\/www.mexicanguitarplayers.com\/tienda\/sin categor\u00eda\/guitarra-mars-electrica-mod-hollowbody-335-studio\/","url":"https:\/\/www.mexicanguitarplayers.com\/tienda\/sin categor\u00eda\/guitarra-mars-electrica-mod-hollowbody-335-studio\/","name":"GUITARRA MARS ELECTRICA MOD. HOLLOWBODY 335 STUDIO - Mexican Guitar Players","isPartOf":{"@id":"https:\/\/www.mexicanguitarplayers.com\/#website"},"primaryImageOfPage":{"@id":"https:\/\/www.mexicanguitarplayers.com\/tienda\/sin categor\u00eda\/guitarra-mars-electrica-mod-hollowbody-335-studio\/#primaryimage"},"image":{"@id":"https:\/\/www.mexicanguitarplayers.com\/tienda\/sin categor\u00eda\/guitarra-mars-electrica-mod-hollowbody-335-studio\/#primaryimage"},"thumbnailUrl":"https:\/\/www.mexicanguitarplayers.com\/wp-content\/uploads\/2025\/04\/ISMASHB335ST-1.jpg","datePublished":"2025-04-09T22:09:11+00:00","dateModified":"2026-05-01T13:15:19+00:00","description":"Descubre la guitarra el\u00e9ctrica Hollowbody 335 Studio con cuerpo de arce y tapa elegante, m\u00e1stil moderno en forma de C de arce y diapas\u00f3n de palo de rosa. Equipada con 2 humbuckers cer\u00e1micos para tonos potentes, puente tipo stop bar tail y herrajes cromados. Disponible en colores llamativos: rosa, negro, verde y marr\u00f3n.","breadcrumb":{"@id":"https:\/\/www.mexicanguitarplayers.com\/tienda\/sin categor\u00eda\/guitarra-mars-electrica-mod-hollowbody-335-studio\/#breadcrumb"},"inLanguage":"en-US","potentialAction":[{"@type":"ReadAction","target":["https:\/\/www.mexicanguitarplayers.com\/tienda\/sin categor\u00eda\/guitarra-mars-electrica-mod-hollowbody-335-studio\/"]}]},{"@type":"ImageObject","inLanguage":"en-US","@id":"https:\/\/www.mexicanguitarplayers.com\/tienda\/sin categor\u00eda\/guitarra-mars-electrica-mod-hollowbody-335-studio\/#primaryimage","url":"https:\/\/www.mexicanguitarplayers.com\/wp-content\/uploads\/2025\/04\/ISMASHB335ST-1.jpg","contentUrl":"https:\/\/www.mexicanguitarplayers.com\/wp-content\/uploads\/2025\/04\/ISMASHB335ST-1.jpg","width":800,"height":1600},{"@type":"BreadcrumbList","@id":"https:\/\/www.mexicanguitarplayers.com\/tienda\/sin categor\u00eda\/guitarra-mars-electrica-mod-hollowbody-335-studio\/#breadcrumb","itemListElement":[{"@type":"ListItem","position":1,"name":"Portada","item":"https:\/\/www.mexicanguitarplayers.com\/"},{"@type":"ListItem","position":2,"name":"Tienda","item":"https:\/\/www.mexicanguitarplayers.com\/tienda\/"},{"@type":"ListItem","position":3,"name":"GUITARRA MARS ELECTRICA MOD. HOLLOWBODY 335 STUDIO"}]},{"@type":"WebSite","@id":"https:\/\/www.mexicanguitarplayers.com\/#website","url":"https:\/\/www.mexicanguitarplayers.com\/","name":"Mexican Guitar Players","description":"Website","publisher":{"@id":"https:\/\/www.mexicanguitarplayers.com\/#organization"},"potentialAction":[{"@type":"SearchAction","target":{"@type":"EntryPoint","urlTemplate":"https:\/\/www.mexicanguitarplayers.com\/?s={search_term_string}"},"query-input":{"@type":"PropertyValueSpecification","valueRequired":true,"valueName":"search_term_string"}}],"inLanguage":"en-US"},{"@type":"Organization","@id":"https:\/\/www.mexicanguitarplayers.com\/#organization","name":"Mexican Guitar Players","url":"https:\/\/www.mexicanguitarplayers.com\/","logo":{"@type":"ImageObject","inLanguage":"en-US","@id":"https:\/\/www.mexicanguitarplayers.com\/#\/schema\/logo\/image\/","url":"","contentUrl":"","caption":"Mexican Guitar Players"},"image":{"@id":"https:\/\/www.mexicanguitarplayers.com\/#\/schema\/logo\/image\/"}}]}},"brands":[{"id":332,"name":"MARS","slug":"mars"}],"_links":{"self":[{"href":"https:\/\/www.mexicanguitarplayers.com\/en\/wp-json\/wp\/v2\/product\/43699","targetHints":{"allow":["GET"]}}],"collection":[{"href":"https:\/\/www.mexicanguitarplayers.com\/en\/wp-json\/wp\/v2\/product"}],"about":[{"href":"https:\/\/www.mexicanguitarplayers.com\/en\/wp-json\/wp\/v2\/types\/product"}],"replies":[{"embeddable":true,"href":"https:\/\/www.mexicanguitarplayers.com\/en\/wp-json\/wp\/v2\/comments?post=43699"}],"wp:featuredmedia":[{"embeddable":true,"href":"https:\/\/www.mexicanguitarplayers.com\/en\/wp-json\/wp\/v2\/media\/43666"}],"wp:attachment":[{"href":"https:\/\/www.mexicanguitarplayers.com\/en\/wp-json\/wp\/v2\/media?parent=43699"}],"wp:term":[{"taxonomy":"pwb-brand","embeddable":true,"href":"https:\/\/www.mexicanguitarplayers.com\/en\/wp-json\/wp\/v2\/pwb-brand?post=43699"},{"taxonomy":"product_brand","embeddable":true,"href":"https:\/\/www.mexicanguitarplayers.com\/en\/wp-json\/wp\/v2\/product_brand?post=43699"},{"taxonomy":"product_cat","embeddable":true,"href":"https:\/\/www.mexicanguitarplayers.com\/en\/wp-json\/wp\/v2\/product_cat?post=43699"},{"taxonomy":"product_tag","embeddable":true,"href":"https:\/\/www.mexicanguitarplayers.com\/en\/wp-json\/wp\/v2\/product_tag?post=43699"}],"curies":[{"name":"wp","href":"https:\/\/api.w.org\/{rel}","templated":true}]}}