{"id":43737,"date":"2025-04-09T16:11:18","date_gmt":"2025-04-09T22:11:18","guid":{"rendered":"https:\/\/www.mexicanguitarplayers.com\/tienda\/sin categor\u00eda\/guitarra-schecter-elect-c-5-standard\/"},"modified":"2026-05-01T07:15:17","modified_gmt":"2026-05-01T13:15:17","slug":"guitarra-schecter-elect-c-5-standard","status":"publish","type":"product","link":"https:\/\/www.mexicanguitarplayers.com\/en\/tienda\/cuerdas\/guitarras-cuerdas\/electricas\/guitarras-electricas-solidas\/guitarra-schecter-elect-c-5-standard\/","title":{"rendered":"GUITARRA SCHECTER ELECT. C-5 STANDARD"},"content":{"rendered":"<div style=\"text-align: justify\">\n<div>\n<h3>Schecter Bass 35&#8243;: Potencia, Estilo y Precisi\u00f3n en Cada Nota<\/h3>\n<\/div>\n<div>El Schecter Bass, guitarra de alto rendimiento dise\u00f1ado para ofrecer un sonido poderoso y un confort excepcional. El m\u00e1stil de arce tostado y el diapas\u00f3n de palo de rosa brindan una jugabilidad fluida, mientras que la escala de 35&#8243; y la forma &#8220;C delgada&#8221; aseguran comodidad durante el toque. Con 24 trastes gigantes y un radio de 16&#8243;, es ideal para tocar con precisi\u00f3n y rapidez. El ancho de la tuerca de 45 mm y la barra de armadura ajustable de 2 v\u00edas permiten una excelente personalizaci\u00f3n del ajuste. El cuerpo de ceniza con acabado Sat\u00e9n de carb\u00f3n y un contorno plano ofrece una est\u00e9tica moderna y elegante. Su puente Schecter Diamond proporciona una mayor estabilidad y resonancia. La construcci\u00f3n atornillada asegura una excelente durabilidad y una mayor transferencia de sonido. En cuanto a la electr\u00f3nica, el bajo est\u00e1 equipado con pastillas Schecter Diamond Standard Soapbar tanto en el puente como en el m\u00e1stil, lo que proporciona un tono potente y definido. Los controles de volumen y tono para cada pastilla permiten un ajuste fino del sonido para adaptarse a diferentes estilos musicales. Este bajo es ideal para m\u00fasicos diestros que buscan un instrumento confiable y de alto rendimiento, tanto en est\u00e9tica como en funcionalidad.<\/div>\n<div>\n<h4>Quick look<\/h4>\n<\/div>\n<ul style=\"margin: 0px 0px 0px 25px\">\n<li style=\"list-style-type: circle;margin: 5px\">Varilla de ajuste<\/li>\n<li style=\"list-style-type: circle;margin: 5px\">Pastilla del puente<\/li>\n<\/ul>\n<div>\n<div style=\"font-weight: bold\">Varilla de ajuste<\/div>\n<div>\n<p>2 v\u00edas, ajustable con llave Allen de 5\/32&#8243; (4mm)<\/p>\n<\/div>\n<div style=\"font-weight: bold\">Pastilla del puente<\/div>\n<div>\n<p>Schecter Diamond Standard Soapbar<\/p>\n<\/div>\n<\/div>\n<\/div>","protected":false},"excerpt":{"rendered":"<p>Schecter Bass, guitarra de alto rendimiento con m\u00e1stil de arce tostado y diapas\u00f3n de palo de rosa, ofreciendo una escala de 35\u201d y 24 trastes gigantes para una jugabilidad c\u00f3moda y precisa. Su cuerpo de ceniza con acabado Sat\u00e9n de carb\u00f3n y puente Schecter Diamond garantizan durabilidad y excelente resonancia. Equipado con pastillas Schecter Diamond Standard Soapbar y controles de volumen y tono para cada pastilla, proporciona un sonido potente y vers\u00e1til. Ideal para m\u00fasicos diestros que buscan un bajo de gran calidad y dise\u00f1o moderno.&hellip; <a class=\"kt-excerpt-readmore more-link\" href=\"https:\/\/www.mexicanguitarplayers.com\/en\/tienda\/cuerdas\/guitarras-cuerdas\/electricas\/guitarras-electricas-solidas\/guitarra-schecter-elect-c-5-standard\/\">Read more<\/a><\/p>","protected":false},"featured_media":43724,"comment_status":"open","ping_status":"closed","template":"","meta":{"kt_blocks_editor_width":""},"pwb-brand":[175],"product_brand":[],"product_cat":[224,313,312,314],"product_tag":[],"class_list":{"0":"post-43737","1":"product","2":"type-product","3":"status-publish","4":"has-post-thumbnail","6":"pwb-brand-schecter","7":"product_cat-cuerdas","8":"product_cat-electricas","9":"product_cat-guitarras-cuerdas","10":"product_cat-guitarras-electricas-solidas","11":"product_shipping_class-0-5-kg","13":"first","14":"instock","15":"taxable","16":"shipping-taxable","17":"purchasable","18":"product-type-simple"},"yoast_head":"<!-- This site is optimized with the Yoast SEO plugin v27.5 - https:\/\/yoast.com\/product\/yoast-seo-wordpress\/ -->\n<title>GUITARRA SCHECTER ELECT. C-5 STANDARD - Mexican Guitar Players<\/title>\n<meta name=\"description\" content=\"Schecter Bass, guitarra de alto rendimiento con m\u00e1stil de arce tostado y diapas\u00f3n de palo de rosa, ofreciendo una escala de 35\u201d y 24 trastes gigantes para una jugabilidad c\u00f3moda y precisa. Su cuerpo de ceniza con acabado Sat\u00e9n de carb\u00f3n y puente Schecter Diamond garantizan durabilidad y excelente resonancia. Equipado con pastillas Schecter Diamond Standard Soapbar y controles de volumen y tono para cada pastilla, proporciona un sonido potente y vers\u00e1til. Ideal para m\u00fasicos diestros que buscan un bajo de gran calidad y dise\u00f1o moderno.\" \/>\n<meta name=\"robots\" content=\"index, follow, max-snippet:-1, max-image-preview:large, max-video-preview:-1\" \/>\n<link rel=\"canonical\" href=\"https:\/\/www.mexicanguitarplayers.com\/en\/tienda\/sin%20categor\u00eda\/guitarra-schecter-elect-c-5-standard\/\" \/>\n<meta property=\"og:locale\" content=\"en_US\" \/>\n<meta property=\"og:type\" content=\"article\" \/>\n<meta property=\"og:title\" content=\"GUITARRA SCHECTER ELECT. C-5 STANDARD - Mexican Guitar Players\" \/>\n<meta property=\"og:description\" content=\"Schecter Bass, guitarra de alto rendimiento con m\u00e1stil de arce tostado y diapas\u00f3n de palo de rosa, ofreciendo una escala de 35\u201d y 24 trastes gigantes para una jugabilidad c\u00f3moda y precisa. Su cuerpo de ceniza con acabado Sat\u00e9n de carb\u00f3n y puente Schecter Diamond garantizan durabilidad y excelente resonancia. Equipado con pastillas Schecter Diamond Standard Soapbar y controles de volumen y tono para cada pastilla, proporciona un sonido potente y vers\u00e1til. Ideal para m\u00fasicos diestros que buscan un bajo de gran calidad y dise\u00f1o moderno.\" \/>\n<meta property=\"og:url\" content=\"https:\/\/www.mexicanguitarplayers.com\/en\/tienda\/sin categor\u00eda\/guitarra-schecter-elect-c-5-standard\/\" \/>\n<meta property=\"og:site_name\" content=\"Mexican Guitar Players\" \/>\n<meta property=\"article:modified_time\" content=\"2026-05-01T13:15:17+00:00\" \/>\n<meta name=\"twitter:card\" content=\"summary_large_image\" \/>\n<meta name=\"twitter:label1\" content=\"Est. reading time\" \/>\n\t<meta name=\"twitter:data1\" content=\"1 minute\" \/>\n<script type=\"application\/ld+json\" class=\"yoast-schema-graph\">{\"@context\":\"https:\\\/\\\/schema.org\",\"@graph\":[{\"@type\":[\"WebPage\",\"ItemPage\"],\"@id\":\"https:\\\/\\\/www.mexicanguitarplayers.com\\\/tienda\\\/sin categor\u00eda\\\/guitarra-schecter-elect-c-5-standard\\\/\",\"url\":\"https:\\\/\\\/www.mexicanguitarplayers.com\\\/tienda\\\/sin categor\u00eda\\\/guitarra-schecter-elect-c-5-standard\\\/\",\"name\":\"GUITARRA SCHECTER ELECT. C-5 STANDARD - Mexican Guitar Players\",\"isPartOf\":{\"@id\":\"https:\\\/\\\/www.mexicanguitarplayers.com\\\/#website\"},\"primaryImageOfPage\":{\"@id\":\"https:\\\/\\\/www.mexicanguitarplayers.com\\\/tienda\\\/sin categor\u00eda\\\/guitarra-schecter-elect-c-5-standard\\\/#primaryimage\"},\"image\":{\"@id\":\"https:\\\/\\\/www.mexicanguitarplayers.com\\\/tienda\\\/sin categor\u00eda\\\/guitarra-schecter-elect-c-5-standard\\\/#primaryimage\"},\"thumbnailUrl\":\"https:\\\/\\\/www.mexicanguitarplayers.com\\\/wp-content\\\/uploads\\\/2025\\\/04\\\/ISSCCC5STANDAR-1.png\",\"datePublished\":\"2025-04-09T22:11:18+00:00\",\"dateModified\":\"2026-05-01T13:15:17+00:00\",\"description\":\"Schecter Bass, guitarra de alto rendimiento con m\u00e1stil de arce tostado y diapas\u00f3n de palo de rosa, ofreciendo una escala de 35\u201d y 24 trastes gigantes para una jugabilidad c\u00f3moda y precisa. Su cuerpo de ceniza con acabado Sat\u00e9n de carb\u00f3n y puente Schecter Diamond garantizan durabilidad y excelente resonancia. Equipado con pastillas Schecter Diamond Standard Soapbar y controles de volumen y tono para cada pastilla, proporciona un sonido potente y vers\u00e1til. Ideal para m\u00fasicos diestros que buscan un bajo de gran calidad y dise\u00f1o moderno.\",\"breadcrumb\":{\"@id\":\"https:\\\/\\\/www.mexicanguitarplayers.com\\\/tienda\\\/sin categor\u00eda\\\/guitarra-schecter-elect-c-5-standard\\\/#breadcrumb\"},\"inLanguage\":\"en-US\",\"potentialAction\":[{\"@type\":\"ReadAction\",\"target\":[\"https:\\\/\\\/www.mexicanguitarplayers.com\\\/tienda\\\/sin categor\u00eda\\\/guitarra-schecter-elect-c-5-standard\\\/\"]}]},{\"@type\":\"ImageObject\",\"inLanguage\":\"en-US\",\"@id\":\"https:\\\/\\\/www.mexicanguitarplayers.com\\\/tienda\\\/sin categor\u00eda\\\/guitarra-schecter-elect-c-5-standard\\\/#primaryimage\",\"url\":\"https:\\\/\\\/www.mexicanguitarplayers.com\\\/wp-content\\\/uploads\\\/2025\\\/04\\\/ISSCCC5STANDAR-1.png\",\"contentUrl\":\"https:\\\/\\\/www.mexicanguitarplayers.com\\\/wp-content\\\/uploads\\\/2025\\\/04\\\/ISSCCC5STANDAR-1.png\",\"width\":800,\"height\":1600},{\"@type\":\"BreadcrumbList\",\"@id\":\"https:\\\/\\\/www.mexicanguitarplayers.com\\\/tienda\\\/sin categor\u00eda\\\/guitarra-schecter-elect-c-5-standard\\\/#breadcrumb\",\"itemListElement\":[{\"@type\":\"ListItem\",\"position\":1,\"name\":\"Portada\",\"item\":\"https:\\\/\\\/www.mexicanguitarplayers.com\\\/\"},{\"@type\":\"ListItem\",\"position\":2,\"name\":\"Tienda\",\"item\":\"https:\\\/\\\/www.mexicanguitarplayers.com\\\/tienda\\\/\"},{\"@type\":\"ListItem\",\"position\":3,\"name\":\"GUITARRA SCHECTER ELECT. C-5 STANDARD\"}]},{\"@type\":\"WebSite\",\"@id\":\"https:\\\/\\\/www.mexicanguitarplayers.com\\\/#website\",\"url\":\"https:\\\/\\\/www.mexicanguitarplayers.com\\\/\",\"name\":\"Mexican Guitar Players\",\"description\":\"Website\",\"publisher\":{\"@id\":\"https:\\\/\\\/www.mexicanguitarplayers.com\\\/#organization\"},\"potentialAction\":[{\"@type\":\"SearchAction\",\"target\":{\"@type\":\"EntryPoint\",\"urlTemplate\":\"https:\\\/\\\/www.mexicanguitarplayers.com\\\/?s={search_term_string}\"},\"query-input\":{\"@type\":\"PropertyValueSpecification\",\"valueRequired\":true,\"valueName\":\"search_term_string\"}}],\"inLanguage\":\"en-US\"},{\"@type\":\"Organization\",\"@id\":\"https:\\\/\\\/www.mexicanguitarplayers.com\\\/#organization\",\"name\":\"Mexican Guitar Players\",\"url\":\"https:\\\/\\\/www.mexicanguitarplayers.com\\\/\",\"logo\":{\"@type\":\"ImageObject\",\"inLanguage\":\"en-US\",\"@id\":\"https:\\\/\\\/www.mexicanguitarplayers.com\\\/#\\\/schema\\\/logo\\\/image\\\/\",\"url\":\"\",\"contentUrl\":\"\",\"caption\":\"Mexican Guitar Players\"},\"image\":{\"@id\":\"https:\\\/\\\/www.mexicanguitarplayers.com\\\/#\\\/schema\\\/logo\\\/image\\\/\"}}]}<\/script>\n<!-- \/ Yoast SEO plugin. -->","yoast_head_json":{"title":"GUITARRA SCHECTER ELECT. C-5 STANDARD - Mexican Guitar Players","description":"Schecter Bass, guitarra de alto rendimiento con m\u00e1stil de arce tostado y diapas\u00f3n de palo de rosa, ofreciendo una escala de 35\u201d y 24 trastes gigantes para una jugabilidad c\u00f3moda y precisa. Su cuerpo de ceniza con acabado Sat\u00e9n de carb\u00f3n y puente Schecter Diamond garantizan durabilidad y excelente resonancia. Equipado con pastillas Schecter Diamond Standard Soapbar y controles de volumen y tono para cada pastilla, proporciona un sonido potente y vers\u00e1til. Ideal para m\u00fasicos diestros que buscan un bajo de gran calidad y dise\u00f1o moderno.","robots":{"index":"index","follow":"follow","max-snippet":"max-snippet:-1","max-image-preview":"max-image-preview:large","max-video-preview":"max-video-preview:-1"},"canonical":"https:\/\/www.mexicanguitarplayers.com\/en\/tienda\/sin categor\u00eda\/guitarra-schecter-elect-c-5-standard\/","og_locale":"en_US","og_type":"article","og_title":"GUITARRA SCHECTER ELECT. C-5 STANDARD - Mexican Guitar Players","og_description":"Schecter Bass, guitarra de alto rendimiento con m\u00e1stil de arce tostado y diapas\u00f3n de palo de rosa, ofreciendo una escala de 35\u201d y 24 trastes gigantes para una jugabilidad c\u00f3moda y precisa. Su cuerpo de ceniza con acabado Sat\u00e9n de carb\u00f3n y puente Schecter Diamond garantizan durabilidad y excelente resonancia. Equipado con pastillas Schecter Diamond Standard Soapbar y controles de volumen y tono para cada pastilla, proporciona un sonido potente y vers\u00e1til. Ideal para m\u00fasicos diestros que buscan un bajo de gran calidad y dise\u00f1o moderno.","og_url":"https:\/\/www.mexicanguitarplayers.com\/en\/tienda\/sin categor\u00eda\/guitarra-schecter-elect-c-5-standard\/","og_site_name":"Mexican Guitar Players","article_modified_time":"2026-05-01T13:15:17+00:00","twitter_card":"summary_large_image","twitter_misc":{"Est. reading time":"1 minute"},"schema":{"@context":"https:\/\/schema.org","@graph":[{"@type":["WebPage","ItemPage"],"@id":"https:\/\/www.mexicanguitarplayers.com\/tienda\/sin categor\u00eda\/guitarra-schecter-elect-c-5-standard\/","url":"https:\/\/www.mexicanguitarplayers.com\/tienda\/sin categor\u00eda\/guitarra-schecter-elect-c-5-standard\/","name":"GUITARRA SCHECTER ELECT. C-5 STANDARD - Mexican Guitar Players","isPartOf":{"@id":"https:\/\/www.mexicanguitarplayers.com\/#website"},"primaryImageOfPage":{"@id":"https:\/\/www.mexicanguitarplayers.com\/tienda\/sin categor\u00eda\/guitarra-schecter-elect-c-5-standard\/#primaryimage"},"image":{"@id":"https:\/\/www.mexicanguitarplayers.com\/tienda\/sin categor\u00eda\/guitarra-schecter-elect-c-5-standard\/#primaryimage"},"thumbnailUrl":"https:\/\/www.mexicanguitarplayers.com\/wp-content\/uploads\/2025\/04\/ISSCCC5STANDAR-1.png","datePublished":"2025-04-09T22:11:18+00:00","dateModified":"2026-05-01T13:15:17+00:00","description":"Schecter Bass, guitarra de alto rendimiento con m\u00e1stil de arce tostado y diapas\u00f3n de palo de rosa, ofreciendo una escala de 35\u201d y 24 trastes gigantes para una jugabilidad c\u00f3moda y precisa. Su cuerpo de ceniza con acabado Sat\u00e9n de carb\u00f3n y puente Schecter Diamond garantizan durabilidad y excelente resonancia. Equipado con pastillas Schecter Diamond Standard Soapbar y controles de volumen y tono para cada pastilla, proporciona un sonido potente y vers\u00e1til. Ideal para m\u00fasicos diestros que buscan un bajo de gran calidad y dise\u00f1o moderno.","breadcrumb":{"@id":"https:\/\/www.mexicanguitarplayers.com\/tienda\/sin categor\u00eda\/guitarra-schecter-elect-c-5-standard\/#breadcrumb"},"inLanguage":"en-US","potentialAction":[{"@type":"ReadAction","target":["https:\/\/www.mexicanguitarplayers.com\/tienda\/sin categor\u00eda\/guitarra-schecter-elect-c-5-standard\/"]}]},{"@type":"ImageObject","inLanguage":"en-US","@id":"https:\/\/www.mexicanguitarplayers.com\/tienda\/sin categor\u00eda\/guitarra-schecter-elect-c-5-standard\/#primaryimage","url":"https:\/\/www.mexicanguitarplayers.com\/wp-content\/uploads\/2025\/04\/ISSCCC5STANDAR-1.png","contentUrl":"https:\/\/www.mexicanguitarplayers.com\/wp-content\/uploads\/2025\/04\/ISSCCC5STANDAR-1.png","width":800,"height":1600},{"@type":"BreadcrumbList","@id":"https:\/\/www.mexicanguitarplayers.com\/tienda\/sin categor\u00eda\/guitarra-schecter-elect-c-5-standard\/#breadcrumb","itemListElement":[{"@type":"ListItem","position":1,"name":"Portada","item":"https:\/\/www.mexicanguitarplayers.com\/"},{"@type":"ListItem","position":2,"name":"Tienda","item":"https:\/\/www.mexicanguitarplayers.com\/tienda\/"},{"@type":"ListItem","position":3,"name":"GUITARRA SCHECTER ELECT. C-5 STANDARD"}]},{"@type":"WebSite","@id":"https:\/\/www.mexicanguitarplayers.com\/#website","url":"https:\/\/www.mexicanguitarplayers.com\/","name":"Mexican Guitar Players","description":"Website","publisher":{"@id":"https:\/\/www.mexicanguitarplayers.com\/#organization"},"potentialAction":[{"@type":"SearchAction","target":{"@type":"EntryPoint","urlTemplate":"https:\/\/www.mexicanguitarplayers.com\/?s={search_term_string}"},"query-input":{"@type":"PropertyValueSpecification","valueRequired":true,"valueName":"search_term_string"}}],"inLanguage":"en-US"},{"@type":"Organization","@id":"https:\/\/www.mexicanguitarplayers.com\/#organization","name":"Mexican Guitar Players","url":"https:\/\/www.mexicanguitarplayers.com\/","logo":{"@type":"ImageObject","inLanguage":"en-US","@id":"https:\/\/www.mexicanguitarplayers.com\/#\/schema\/logo\/image\/","url":"","contentUrl":"","caption":"Mexican Guitar Players"},"image":{"@id":"https:\/\/www.mexicanguitarplayers.com\/#\/schema\/logo\/image\/"}}]}},"brands":[{"id":175,"name":"SCHECTER","slug":"schecter"}],"_links":{"self":[{"href":"https:\/\/www.mexicanguitarplayers.com\/en\/wp-json\/wp\/v2\/product\/43737","targetHints":{"allow":["GET"]}}],"collection":[{"href":"https:\/\/www.mexicanguitarplayers.com\/en\/wp-json\/wp\/v2\/product"}],"about":[{"href":"https:\/\/www.mexicanguitarplayers.com\/en\/wp-json\/wp\/v2\/types\/product"}],"replies":[{"embeddable":true,"href":"https:\/\/www.mexicanguitarplayers.com\/en\/wp-json\/wp\/v2\/comments?post=43737"}],"wp:featuredmedia":[{"embeddable":true,"href":"https:\/\/www.mexicanguitarplayers.com\/en\/wp-json\/wp\/v2\/media\/43724"}],"wp:attachment":[{"href":"https:\/\/www.mexicanguitarplayers.com\/en\/wp-json\/wp\/v2\/media?parent=43737"}],"wp:term":[{"taxonomy":"pwb-brand","embeddable":true,"href":"https:\/\/www.mexicanguitarplayers.com\/en\/wp-json\/wp\/v2\/pwb-brand?post=43737"},{"taxonomy":"product_brand","embeddable":true,"href":"https:\/\/www.mexicanguitarplayers.com\/en\/wp-json\/wp\/v2\/product_brand?post=43737"},{"taxonomy":"product_cat","embeddable":true,"href":"https:\/\/www.mexicanguitarplayers.com\/en\/wp-json\/wp\/v2\/product_cat?post=43737"},{"taxonomy":"product_tag","embeddable":true,"href":"https:\/\/www.mexicanguitarplayers.com\/en\/wp-json\/wp\/v2\/product_tag?post=43737"}],"curies":[{"name":"wp","href":"https:\/\/api.w.org\/{rel}","templated":true}]}}