{"id":43780,"date":"2025-04-09T16:13:22","date_gmt":"2025-04-09T22:13:22","guid":{"rendered":"https:\/\/www.mexicanguitarplayers.com\/tienda\/sin categor\u00eda\/sistema-behringer-inalambrico-mod-ulm302mic\/"},"modified":"2026-04-10T04:15:12","modified_gmt":"2026-04-10T10:15:12","slug":"sistema-behringer-inalambrico-mod-ulm302mic","status":"publish","type":"product","link":"https:\/\/www.mexicanguitarplayers.com\/en\/tienda\/audio\/sistema-de-monitoreo-personal\/transmisores-y-receptores-sistema-de-monitoreo-personal\/sistema-behringer-inalambrico-mod-ulm302mic\/","title":{"rendered":"SISTEMA BEHRINGER INALAMBRICO MOD. ULM302MIC"},"content":{"rendered":"<div style=\"text-align: justify\">\n<div>\n<h3>Rendimiento sin interferencias.<\/h3>\n<\/div>\n<div>Una vez m\u00e1s hemos roto la barrera de la asequibilidad, con nuestro nuevo sistema de micr\u00f3fono inal\u00e1mbrico ULTRALINK ULM302MIC que incluye 2 de nuestros micr\u00f3fonos de mano ULM300M de alta calidad y el igualmente impresionante receptor de dos canales ULM300RD. Ahora eres libre de trabajar en el contenido de tu coraz\u00f3n sin la molesta y la restricci\u00f3n de los cables debajo de los pies. El sonido de la m\u00e1s alta calidad lo proporciona la c\u00e1psula de micr\u00f3fono dise\u00f1ada a medida del ULM300MIC que est\u00e1 optimizada para la interpretaci\u00f3n vocal y el transmisor integrado que funciona en el rango de 2,4 GHz sin licencia. Nuestro transmisor de \u00faltima generaci\u00f3n funciona en la banda de frecuencia de 2.4 GHz que est\u00e1 bastante alejada de las estaciones de televisi\u00f3n y las torres de telefon\u00eda celular. Y dado que est\u00e1 encriptada digitalmente, su se\u00f1al se transmite en toda su calidad pr\u00edstina de alta definici\u00f3n, sin los artefactos aleatorios que a menudo afectan a otros sistemas inal\u00e1mbricos. El receptor de dos canales ULM300RD realiza un seguimiento de todos sus movimientos, con un alcance de hasta 60 metros. Reemplazar las bater\u00edas de los micr\u00f3fonos inal\u00e1mbricos puede volverse costoso muy r\u00e1pido y dejar que se agoten a la mitad de tu show puede ser un verdadero l\u00edo. Es por eso que dedicamos m\u00e1s tiempo al desarrollo del ULM300M para garantizar que la duraci\u00f3n de la bater\u00eda se extienda tanto como sea posible. Obtienes 24 horas honestas de tiempo de rendimiento con un par de pilas alcalinas AA que est\u00e1n disponibles en pr\u00e1cticamente cualquier parte del planeta. La configuraci\u00f3n no podr\u00eda ser m\u00e1s f\u00e1cil porque los micr\u00f3fonos ULM300M se emparejan autom\u00e1ticamente con el receptor de dos canales ULM300RD sin que tengas que mover un dedo. Los pr\u00e1cticos LED del panel frontal del receptor muestran la presencia y la intensidad de la se\u00f1al, mientras que los indicadores del transmisor te permiten saber de un  vistazo cu\u00e1ndo es el momento de cambiar las pilas. Las salidas de audio XLR balanceadas y TS 1\/4&#8243; desbalanceadas, lo que te permite conectarse a sistemas de megafon\u00eda y salas de conferencia o amplificadores de instrumentos de alta calidad. Quer\u00edamos que el ULM302MIC fuera muy f\u00e1cil de operar, por lo que le dimos a cada micr\u00f3fono botones de volumen f\u00e1ciles de entender y operar directamente en el cuerpo del micr\u00f3fono. Y si accidentalmente ingresas a la Zona de Retroalimentaci\u00f3n, incluimos una pr\u00e1ctica funci\u00f3n de silenciamiento de p\u00e1nico que se activa cuando presionas y mantienes presionado el bot\u00f3n para bajar el volumen. Operar en la banda de 2.4 GHz permite que tu sistema de micr\u00f3fono inal\u00e1mbrico ULM302MIC se use en todo el mundo sin ning\u00fan requisito de licencia espacial. El sistema de micr\u00f3fono inal\u00e1mbrico ULM302MIC solo est\u00e1 disponible en Behringer, el principal fabricante de audio reconocido en todo el mundo por su excelente calidad de construcci\u00f3n y su valor excepcional.<\/div>\n<div>\n<h4>Quick look<\/h4>\n<\/div>\n<ul style=\"margin: 0px 0px 0px 25px\">\n<li style=\"list-style-type: circle;margin: 5px\">Salida RF.<\/li>\n<li style=\"list-style-type: circle;margin: 5px\">Rango de operaci\u00f3n m\u00e1ximo.<\/li>\n<li style=\"list-style-type: circle;margin: 5px\">Gama din\u00e1mica.<\/li>\n<li style=\"list-style-type: circle;margin: 5px\">Ruido de entrada equivalente.<\/li>\n<li style=\"list-style-type: circle;margin: 5px\">Frequency response.<\/li>\n<li style=\"list-style-type: circle;margin: 5px\">Tasa de muestreo.<\/li>\n<li style=\"list-style-type: circle;margin: 5px\">Resoluci\u00f3n.<\/li>\n<li style=\"list-style-type: circle;margin: 5px\">Codificaci\u00f3n.<\/li>\n<li style=\"list-style-type: circle;margin: 5px\">Latencia m\u00e1xima.<\/li>\n<li style=\"list-style-type: circle;margin: 5px\">Frecuencia de radiofrecuencia.<\/li>\n<li style=\"list-style-type: circle;margin: 5px\">Tipo de bater\u00eda.<\/li>\n<li style=\"list-style-type: circle;margin: 5px\">Duraci\u00f3n de la bater\u00eda.<\/li>\n<li style=\"list-style-type: circle;margin: 5px\">Dimensiones del ULM300M.<\/li>\n<li style=\"list-style-type: circle;margin: 5px\">Dimensiones del ULM300RD.<\/li>\n<li style=\"list-style-type: circle;margin: 5px\">Peso del ULM300M.<\/li>\n<li style=\"list-style-type: circle;margin: 5px\">Peso del ULM300RD.<\/li>\n<\/ul>\n<div>\n<div style=\"font-weight: bold\">Salida RF.<\/div>\n<div>\n<p>&lt;10 dBm (10 mW).<\/p>\n<\/div>\n<div style=\"font-weight: bold\">Rango de operaci\u00f3n m\u00e1ximo.<\/div>\n<div>\n<p>60 metros.<\/p>\n<\/div>\n<div style=\"font-weight: bold\">Gama din\u00e1mica.<\/div>\n<div>\n<p>95 dB ponderado A.<\/p>\n<\/div>\n<div style=\"font-weight: bold\">Ruido de entrada equivalente.<\/div>\n<div>\n<p>-115 dBu, no ponderado a 24 dB de ganancia, 600 ohms.<\/p>\n<\/div>\n<div style=\"font-weight: bold\">Frequency response.<\/div>\n<div>\n<p>20 Hz &#8211; 20 kHz, + 0.1 \/ -1 dB.<\/p>\n<\/div>\n<div style=\"font-weight: bold\">Tasa de muestreo.<\/div>\n<div>\n<p>48 kHz.<\/p>\n<\/div>\n<div style=\"font-weight: bold\">Resoluci\u00f3n.<\/div>\n<div>\n<p>4 bits.<\/p>\n<\/div>\n<div style=\"font-weight: bold\">Codificaci\u00f3n.<\/div>\n<div>\n<p>ADPCM de 4 bits (192 kbps).<\/p>\n<\/div>\n<div style=\"font-weight: bold\">Latencia m\u00e1xima.<\/div>\n<div>\n<p>14.5 ms.<\/p>\n<\/div>\n<div style=\"font-weight: bold\">Frecuencia de radiofrecuencia.<\/div>\n<div>\n<p>2.404 &#8211; 2.476 GHz, 37 canales 2.404 &#8211; 2.478 GHz, 38 canales.<\/p>\n<\/div>\n<div style=\"font-weight: bold\">Tipo de bater\u00eda.<\/div>\n<div>\n<p>2 x AA (por micr\u00f3fono).<\/p>\n<\/div>\n<div style=\"font-weight: bold\">Duraci\u00f3n de la bater\u00eda.<\/div>\n<div>\n<p>&gt; 24 horas.<\/p>\n<\/div>\n<div style=\"font-weight: bold\">Dimensiones del ULM300M.<\/div>\n<div>\n<p>260 x 53 x 53 mm.<\/p>\n<\/div>\n<div style=\"font-weight: bold\">Dimensiones del ULM300RD.<\/div>\n<div>\n<p>41 x 150 x 119 mm.<\/p>\n<\/div>\n<div style=\"font-weight: bold\">Peso del ULM300M.<\/div>\n<div>\n<p>0.3 kg.<\/p>\n<\/div>\n<div style=\"font-weight: bold\">Peso del ULM300RD.<\/div>\n<div>\n<p>0.25 kg.<\/p>\n<\/div>\n<\/div>\n<\/div>","protected":false},"excerpt":{"rendered":"<p>Sistema inal\u00e1mbrico digital de 2.4 GHz de alto rendimiento que incluye 2 micr\u00f3fonos de mano ULM300M y un receptor de doble canal ULM300RD, c\u00e1psulas de micr\u00f3fono de alta calidad para aplicaciones vocales dedicadas, receptor inal\u00e1mbrico de doble canal de alto rendimiento, la conectividad inal\u00e1mbrica digital de 2.4 GHz ofrece una calidad de sonido superior, alcance m\u00e1ximo de 60 metros, botones integrados para subir y bajar el volumen en los micr\u00f3fonos de mano, funci\u00f3n de mute de p\u00e1nico en los micr\u00f3fonos, salidas de audio del receptor en conectores XLR balanceados y TS de 1\/4\u201d desbalanceados, el funcionamiento en la banda ISM de 2.4 GHz permite el uso sin licencia en todo el mundo, dise\u00f1ado y fabricado en Alemania.&hellip; <a class=\"kt-excerpt-readmore more-link\" href=\"https:\/\/www.mexicanguitarplayers.com\/en\/tienda\/audio\/sistema-de-monitoreo-personal\/transmisores-y-receptores-sistema-de-monitoreo-personal\/sistema-behringer-inalambrico-mod-ulm302mic\/\">Read more<\/a><\/p>","protected":false},"featured_media":43775,"comment_status":"open","ping_status":"closed","template":"","meta":{"kt_blocks_editor_width":""},"pwb-brand":[171],"product_brand":[],"product_cat":[213,214,231,245],"product_tag":[],"class_list":{"0":"post-43780","1":"product","2":"type-product","3":"status-publish","4":"has-post-thumbnail","6":"pwb-brand-behringer","7":"product_cat-audio","8":"product_cat-microfonia","9":"product_cat-microfonos-inalambricos","10":"product_cat-transmisores-y-receptores-sistema-de-monitoreo-personal","11":"product_shipping_class-0-5-kg","13":"first","14":"outofstock","15":"taxable","16":"shipping-taxable","17":"purchasable","18":"product-type-simple"},"yoast_head":"<!-- This site is optimized with the Yoast SEO plugin v27.6 - https:\/\/yoast.com\/product\/yoast-seo-wordpress\/ -->\n<title>SISTEMA BEHRINGER INALAMBRICO MOD. ULM302MIC - Mexican Guitar Players<\/title>\n<meta name=\"description\" content=\"Sistema inal\u00e1mbrico digital de 2.4 GHz de alto rendimiento que incluye 2 micr\u00f3fonos de mano ULM300M y un receptor de doble canal ULM300RD, c\u00e1psulas de micr\u00f3fono de alta calidad para aplicaciones vocales dedicadas, receptor inal\u00e1mbrico de doble canal de alto rendimiento, la conectividad inal\u00e1mbrica digital de 2.4 GHz ofrece una calidad de sonido superior, alcance m\u00e1ximo de 60 metros, botones integrados para subir y bajar el volumen en los micr\u00f3fonos de mano, funci\u00f3n de mute de p\u00e1nico en los micr\u00f3fonos, salidas de audio del receptor en conectores XLR balanceados y TS de 1\/4\u201d desbalanceados, el funcionamiento en la banda ISM de 2.4 GHz permite el uso sin licencia en todo el mundo, dise\u00f1ado y fabricado en Alemania.\" \/>\n<meta name=\"robots\" content=\"index, follow, max-snippet:-1, max-image-preview:large, max-video-preview:-1\" \/>\n<link rel=\"canonical\" href=\"https:\/\/www.mexicanguitarplayers.com\/en\/tienda\/sin%20categor\u00eda\/sistema-behringer-inalambrico-mod-ulm302mic\/\" \/>\n<meta property=\"og:locale\" content=\"en_US\" \/>\n<meta property=\"og:type\" content=\"article\" \/>\n<meta property=\"og:title\" content=\"SISTEMA BEHRINGER INALAMBRICO MOD. ULM302MIC - Mexican Guitar Players\" \/>\n<meta property=\"og:description\" content=\"Sistema inal\u00e1mbrico digital de 2.4 GHz de alto rendimiento que incluye 2 micr\u00f3fonos de mano ULM300M y un receptor de doble canal ULM300RD, c\u00e1psulas de micr\u00f3fono de alta calidad para aplicaciones vocales dedicadas, receptor inal\u00e1mbrico de doble canal de alto rendimiento, la conectividad inal\u00e1mbrica digital de 2.4 GHz ofrece una calidad de sonido superior, alcance m\u00e1ximo de 60 metros, botones integrados para subir y bajar el volumen en los micr\u00f3fonos de mano, funci\u00f3n de mute de p\u00e1nico en los micr\u00f3fonos, salidas de audio del receptor en conectores XLR balanceados y TS de 1\/4\u201d desbalanceados, el funcionamiento en la banda ISM de 2.4 GHz permite el uso sin licencia en todo el mundo, dise\u00f1ado y fabricado en Alemania.\" \/>\n<meta property=\"og:url\" content=\"https:\/\/www.mexicanguitarplayers.com\/en\/tienda\/sin categor\u00eda\/sistema-behringer-inalambrico-mod-ulm302mic\/\" \/>\n<meta property=\"og:site_name\" content=\"Mexican Guitar Players\" \/>\n<meta property=\"article:modified_time\" content=\"2026-04-10T10:15:12+00:00\" \/>\n<meta name=\"twitter:card\" content=\"summary_large_image\" \/>\n<meta name=\"twitter:label1\" content=\"Est. reading time\" \/>\n\t<meta name=\"twitter:data1\" content=\"3 minutes\" \/>\n<script type=\"application\/ld+json\" class=\"yoast-schema-graph\">{\"@context\":\"https:\\\/\\\/schema.org\",\"@graph\":[{\"@type\":[\"WebPage\",\"ItemPage\"],\"@id\":\"https:\\\/\\\/www.mexicanguitarplayers.com\\\/tienda\\\/sin categor\u00eda\\\/sistema-behringer-inalambrico-mod-ulm302mic\\\/\",\"url\":\"https:\\\/\\\/www.mexicanguitarplayers.com\\\/tienda\\\/sin categor\u00eda\\\/sistema-behringer-inalambrico-mod-ulm302mic\\\/\",\"name\":\"SISTEMA BEHRINGER INALAMBRICO MOD. ULM302MIC - Mexican Guitar Players\",\"isPartOf\":{\"@id\":\"https:\\\/\\\/www.mexicanguitarplayers.com\\\/#website\"},\"primaryImageOfPage\":{\"@id\":\"https:\\\/\\\/www.mexicanguitarplayers.com\\\/tienda\\\/sin categor\u00eda\\\/sistema-behringer-inalambrico-mod-ulm302mic\\\/#primaryimage\"},\"image\":{\"@id\":\"https:\\\/\\\/www.mexicanguitarplayers.com\\\/tienda\\\/sin categor\u00eda\\\/sistema-behringer-inalambrico-mod-ulm302mic\\\/#primaryimage\"},\"thumbnailUrl\":\"https:\\\/\\\/www.mexicanguitarplayers.com\\\/wp-content\\\/uploads\\\/2025\\\/04\\\/IABEHULM302MIC-1.jpg\",\"datePublished\":\"2025-04-09T22:13:22+00:00\",\"dateModified\":\"2026-04-10T10:15:12+00:00\",\"description\":\"Sistema inal\u00e1mbrico digital de 2.4 GHz de alto rendimiento que incluye 2 micr\u00f3fonos de mano ULM300M y un receptor de doble canal ULM300RD, c\u00e1psulas de micr\u00f3fono de alta calidad para aplicaciones vocales dedicadas, receptor inal\u00e1mbrico de doble canal de alto rendimiento, la conectividad inal\u00e1mbrica digital de 2.4 GHz ofrece una calidad de sonido superior, alcance m\u00e1ximo de 60 metros, botones integrados para subir y bajar el volumen en los micr\u00f3fonos de mano, funci\u00f3n de mute de p\u00e1nico en los micr\u00f3fonos, salidas de audio del receptor en conectores XLR balanceados y TS de 1\\\/4\u201d desbalanceados, el funcionamiento en la banda ISM de 2.4 GHz permite el uso sin licencia en todo el mundo, dise\u00f1ado y fabricado en Alemania.\",\"breadcrumb\":{\"@id\":\"https:\\\/\\\/www.mexicanguitarplayers.com\\\/tienda\\\/sin categor\u00eda\\\/sistema-behringer-inalambrico-mod-ulm302mic\\\/#breadcrumb\"},\"inLanguage\":\"en-US\",\"potentialAction\":[{\"@type\":\"ReadAction\",\"target\":[\"https:\\\/\\\/www.mexicanguitarplayers.com\\\/tienda\\\/sin categor\u00eda\\\/sistema-behringer-inalambrico-mod-ulm302mic\\\/\"]}]},{\"@type\":\"ImageObject\",\"inLanguage\":\"en-US\",\"@id\":\"https:\\\/\\\/www.mexicanguitarplayers.com\\\/tienda\\\/sin categor\u00eda\\\/sistema-behringer-inalambrico-mod-ulm302mic\\\/#primaryimage\",\"url\":\"https:\\\/\\\/www.mexicanguitarplayers.com\\\/wp-content\\\/uploads\\\/2025\\\/04\\\/IABEHULM302MIC-1.jpg\",\"contentUrl\":\"https:\\\/\\\/www.mexicanguitarplayers.com\\\/wp-content\\\/uploads\\\/2025\\\/04\\\/IABEHULM302MIC-1.jpg\",\"width\":1200,\"height\":1200},{\"@type\":\"BreadcrumbList\",\"@id\":\"https:\\\/\\\/www.mexicanguitarplayers.com\\\/tienda\\\/sin categor\u00eda\\\/sistema-behringer-inalambrico-mod-ulm302mic\\\/#breadcrumb\",\"itemListElement\":[{\"@type\":\"ListItem\",\"position\":1,\"name\":\"Portada\",\"item\":\"https:\\\/\\\/www.mexicanguitarplayers.com\\\/\"},{\"@type\":\"ListItem\",\"position\":2,\"name\":\"Tienda\",\"item\":\"https:\\\/\\\/www.mexicanguitarplayers.com\\\/tienda\\\/\"},{\"@type\":\"ListItem\",\"position\":3,\"name\":\"SISTEMA BEHRINGER INALAMBRICO MOD. ULM302MIC\"}]},{\"@type\":\"WebSite\",\"@id\":\"https:\\\/\\\/www.mexicanguitarplayers.com\\\/#website\",\"url\":\"https:\\\/\\\/www.mexicanguitarplayers.com\\\/\",\"name\":\"Mexican Guitar Players\",\"description\":\"Website\",\"publisher\":{\"@id\":\"https:\\\/\\\/www.mexicanguitarplayers.com\\\/#organization\"},\"potentialAction\":[{\"@type\":\"SearchAction\",\"target\":{\"@type\":\"EntryPoint\",\"urlTemplate\":\"https:\\\/\\\/www.mexicanguitarplayers.com\\\/?s={search_term_string}\"},\"query-input\":{\"@type\":\"PropertyValueSpecification\",\"valueRequired\":true,\"valueName\":\"search_term_string\"}}],\"inLanguage\":\"en-US\"},{\"@type\":\"Organization\",\"@id\":\"https:\\\/\\\/www.mexicanguitarplayers.com\\\/#organization\",\"name\":\"Mexican Guitar Players\",\"url\":\"https:\\\/\\\/www.mexicanguitarplayers.com\\\/\",\"logo\":{\"@type\":\"ImageObject\",\"inLanguage\":\"en-US\",\"@id\":\"https:\\\/\\\/www.mexicanguitarplayers.com\\\/#\\\/schema\\\/logo\\\/image\\\/\",\"url\":\"\",\"contentUrl\":\"\",\"caption\":\"Mexican Guitar Players\"},\"image\":{\"@id\":\"https:\\\/\\\/www.mexicanguitarplayers.com\\\/#\\\/schema\\\/logo\\\/image\\\/\"}}]}<\/script>\n<!-- \/ Yoast SEO plugin. -->","yoast_head_json":{"title":"SISTEMA BEHRINGER INALAMBRICO MOD. ULM302MIC - Mexican Guitar Players","description":"Sistema inal\u00e1mbrico digital de 2.4 GHz de alto rendimiento que incluye 2 micr\u00f3fonos de mano ULM300M y un receptor de doble canal ULM300RD, c\u00e1psulas de micr\u00f3fono de alta calidad para aplicaciones vocales dedicadas, receptor inal\u00e1mbrico de doble canal de alto rendimiento, la conectividad inal\u00e1mbrica digital de 2.4 GHz ofrece una calidad de sonido superior, alcance m\u00e1ximo de 60 metros, botones integrados para subir y bajar el volumen en los micr\u00f3fonos de mano, funci\u00f3n de mute de p\u00e1nico en los micr\u00f3fonos, salidas de audio del receptor en conectores XLR balanceados y TS de 1\/4\u201d desbalanceados, el funcionamiento en la banda ISM de 2.4 GHz permite el uso sin licencia en todo el mundo, dise\u00f1ado y fabricado en Alemania.","robots":{"index":"index","follow":"follow","max-snippet":"max-snippet:-1","max-image-preview":"max-image-preview:large","max-video-preview":"max-video-preview:-1"},"canonical":"https:\/\/www.mexicanguitarplayers.com\/en\/tienda\/sin categor\u00eda\/sistema-behringer-inalambrico-mod-ulm302mic\/","og_locale":"en_US","og_type":"article","og_title":"SISTEMA BEHRINGER INALAMBRICO MOD. ULM302MIC - Mexican Guitar Players","og_description":"Sistema inal\u00e1mbrico digital de 2.4 GHz de alto rendimiento que incluye 2 micr\u00f3fonos de mano ULM300M y un receptor de doble canal ULM300RD, c\u00e1psulas de micr\u00f3fono de alta calidad para aplicaciones vocales dedicadas, receptor inal\u00e1mbrico de doble canal de alto rendimiento, la conectividad inal\u00e1mbrica digital de 2.4 GHz ofrece una calidad de sonido superior, alcance m\u00e1ximo de 60 metros, botones integrados para subir y bajar el volumen en los micr\u00f3fonos de mano, funci\u00f3n de mute de p\u00e1nico en los micr\u00f3fonos, salidas de audio del receptor en conectores XLR balanceados y TS de 1\/4\u201d desbalanceados, el funcionamiento en la banda ISM de 2.4 GHz permite el uso sin licencia en todo el mundo, dise\u00f1ado y fabricado en Alemania.","og_url":"https:\/\/www.mexicanguitarplayers.com\/en\/tienda\/sin categor\u00eda\/sistema-behringer-inalambrico-mod-ulm302mic\/","og_site_name":"Mexican Guitar Players","article_modified_time":"2026-04-10T10:15:12+00:00","twitter_card":"summary_large_image","twitter_misc":{"Est. reading time":"3 minutes"},"schema":{"@context":"https:\/\/schema.org","@graph":[{"@type":["WebPage","ItemPage"],"@id":"https:\/\/www.mexicanguitarplayers.com\/tienda\/sin categor\u00eda\/sistema-behringer-inalambrico-mod-ulm302mic\/","url":"https:\/\/www.mexicanguitarplayers.com\/tienda\/sin categor\u00eda\/sistema-behringer-inalambrico-mod-ulm302mic\/","name":"SISTEMA BEHRINGER INALAMBRICO MOD. ULM302MIC - Mexican Guitar Players","isPartOf":{"@id":"https:\/\/www.mexicanguitarplayers.com\/#website"},"primaryImageOfPage":{"@id":"https:\/\/www.mexicanguitarplayers.com\/tienda\/sin categor\u00eda\/sistema-behringer-inalambrico-mod-ulm302mic\/#primaryimage"},"image":{"@id":"https:\/\/www.mexicanguitarplayers.com\/tienda\/sin categor\u00eda\/sistema-behringer-inalambrico-mod-ulm302mic\/#primaryimage"},"thumbnailUrl":"https:\/\/www.mexicanguitarplayers.com\/wp-content\/uploads\/2025\/04\/IABEHULM302MIC-1.jpg","datePublished":"2025-04-09T22:13:22+00:00","dateModified":"2026-04-10T10:15:12+00:00","description":"Sistema inal\u00e1mbrico digital de 2.4 GHz de alto rendimiento que incluye 2 micr\u00f3fonos de mano ULM300M y un receptor de doble canal ULM300RD, c\u00e1psulas de micr\u00f3fono de alta calidad para aplicaciones vocales dedicadas, receptor inal\u00e1mbrico de doble canal de alto rendimiento, la conectividad inal\u00e1mbrica digital de 2.4 GHz ofrece una calidad de sonido superior, alcance m\u00e1ximo de 60 metros, botones integrados para subir y bajar el volumen en los micr\u00f3fonos de mano, funci\u00f3n de mute de p\u00e1nico en los micr\u00f3fonos, salidas de audio del receptor en conectores XLR balanceados y TS de 1\/4\u201d desbalanceados, el funcionamiento en la banda ISM de 2.4 GHz permite el uso sin licencia en todo el mundo, dise\u00f1ado y fabricado en Alemania.","breadcrumb":{"@id":"https:\/\/www.mexicanguitarplayers.com\/tienda\/sin categor\u00eda\/sistema-behringer-inalambrico-mod-ulm302mic\/#breadcrumb"},"inLanguage":"en-US","potentialAction":[{"@type":"ReadAction","target":["https:\/\/www.mexicanguitarplayers.com\/tienda\/sin categor\u00eda\/sistema-behringer-inalambrico-mod-ulm302mic\/"]}]},{"@type":"ImageObject","inLanguage":"en-US","@id":"https:\/\/www.mexicanguitarplayers.com\/tienda\/sin categor\u00eda\/sistema-behringer-inalambrico-mod-ulm302mic\/#primaryimage","url":"https:\/\/www.mexicanguitarplayers.com\/wp-content\/uploads\/2025\/04\/IABEHULM302MIC-1.jpg","contentUrl":"https:\/\/www.mexicanguitarplayers.com\/wp-content\/uploads\/2025\/04\/IABEHULM302MIC-1.jpg","width":1200,"height":1200},{"@type":"BreadcrumbList","@id":"https:\/\/www.mexicanguitarplayers.com\/tienda\/sin categor\u00eda\/sistema-behringer-inalambrico-mod-ulm302mic\/#breadcrumb","itemListElement":[{"@type":"ListItem","position":1,"name":"Portada","item":"https:\/\/www.mexicanguitarplayers.com\/"},{"@type":"ListItem","position":2,"name":"Tienda","item":"https:\/\/www.mexicanguitarplayers.com\/tienda\/"},{"@type":"ListItem","position":3,"name":"SISTEMA BEHRINGER INALAMBRICO MOD. ULM302MIC"}]},{"@type":"WebSite","@id":"https:\/\/www.mexicanguitarplayers.com\/#website","url":"https:\/\/www.mexicanguitarplayers.com\/","name":"Mexican Guitar Players","description":"Website","publisher":{"@id":"https:\/\/www.mexicanguitarplayers.com\/#organization"},"potentialAction":[{"@type":"SearchAction","target":{"@type":"EntryPoint","urlTemplate":"https:\/\/www.mexicanguitarplayers.com\/?s={search_term_string}"},"query-input":{"@type":"PropertyValueSpecification","valueRequired":true,"valueName":"search_term_string"}}],"inLanguage":"en-US"},{"@type":"Organization","@id":"https:\/\/www.mexicanguitarplayers.com\/#organization","name":"Mexican Guitar Players","url":"https:\/\/www.mexicanguitarplayers.com\/","logo":{"@type":"ImageObject","inLanguage":"en-US","@id":"https:\/\/www.mexicanguitarplayers.com\/#\/schema\/logo\/image\/","url":"","contentUrl":"","caption":"Mexican Guitar Players"},"image":{"@id":"https:\/\/www.mexicanguitarplayers.com\/#\/schema\/logo\/image\/"}}]}},"brands":[{"id":171,"name":"BEHRINGER","slug":"behringer"}],"_links":{"self":[{"href":"https:\/\/www.mexicanguitarplayers.com\/en\/wp-json\/wp\/v2\/product\/43780","targetHints":{"allow":["GET"]}}],"collection":[{"href":"https:\/\/www.mexicanguitarplayers.com\/en\/wp-json\/wp\/v2\/product"}],"about":[{"href":"https:\/\/www.mexicanguitarplayers.com\/en\/wp-json\/wp\/v2\/types\/product"}],"replies":[{"embeddable":true,"href":"https:\/\/www.mexicanguitarplayers.com\/en\/wp-json\/wp\/v2\/comments?post=43780"}],"wp:featuredmedia":[{"embeddable":true,"href":"https:\/\/www.mexicanguitarplayers.com\/en\/wp-json\/wp\/v2\/media\/43775"}],"wp:attachment":[{"href":"https:\/\/www.mexicanguitarplayers.com\/en\/wp-json\/wp\/v2\/media?parent=43780"}],"wp:term":[{"taxonomy":"pwb-brand","embeddable":true,"href":"https:\/\/www.mexicanguitarplayers.com\/en\/wp-json\/wp\/v2\/pwb-brand?post=43780"},{"taxonomy":"product_brand","embeddable":true,"href":"https:\/\/www.mexicanguitarplayers.com\/en\/wp-json\/wp\/v2\/product_brand?post=43780"},{"taxonomy":"product_cat","embeddable":true,"href":"https:\/\/www.mexicanguitarplayers.com\/en\/wp-json\/wp\/v2\/product_cat?post=43780"},{"taxonomy":"product_tag","embeddable":true,"href":"https:\/\/www.mexicanguitarplayers.com\/en\/wp-json\/wp\/v2\/product_tag?post=43780"}],"curies":[{"name":"wp","href":"https:\/\/api.w.org\/{rel}","templated":true}]}}