{"id":43784,"date":"2025-04-09T16:13:27","date_gmt":"2025-04-09T22:13:27","guid":{"rendered":"https:\/\/www.mexicanguitarplayers.com\/tienda\/sin categor\u00eda\/pedal-hotone-mod-bme-1-binary-mod\/"},"modified":"2026-04-10T04:15:11","modified_gmt":"2026-04-10T10:15:11","slug":"pedal-hotone-mod-bme-1-binary-mod","status":"publish","type":"product","link":"https:\/\/www.mexicanguitarplayers.com\/en\/tienda\/cuerdas\/efectos\/efectos-individuales\/pedal-hotone-mod-bme-1-binary-mod\/","title":{"rendered":"PEDAL HOTONE   MOD. BME-1 BINARY MOD"},"content":{"rendered":"<div style=\"text-align: justify\">\n<div>\n<h3>El mejor pedal de modulaci\u00f3n.<\/h3>\n<\/div>\n<div>Producido a partir de la tecnolog\u00eda XTOMP de pr\u00f3xima generaci\u00f3n, la Serie Binary de Hotone, ofrece vers\u00e1tiles efectos de nivel profesional en carcasas compactas. Basadas en la misma biblioteca de modelos\/efectos originales que sorprendi\u00f3 a los usuarios de XTOMP en todo el mundo, la serie Binary est\u00e1 dedicada a reunir una gran cantidad de efectos de alta calidad en una carcasa con precios m\u00e1s competitivos y asequibles. Presentan una carcasa compacta, un dise\u00f1o de interruptor de pedal doble, vers\u00e1tiles E\/S y una pantalla OLED clara y brillante, que desdibuja la l\u00ednea entre &#8220;pedales cl\u00e1sicos&#8221; y multi-efectos. En el n\u00facleo de todos los pedales de la serie Binary, una poderosa plataforma de doble DSP y el sistema de modelado CDCM (Comprehensive Dynamic Circuit Modeling) aseguran una experiencia realista al tocar. El sistema CDCM est\u00e1 construido sobre una matriz de variaci\u00f3n din\u00e1mica extremadamente compleja, capaz de expresar de manera realista cada cambio detallado que ocurre durante el proceso operacional de los circuitos reales: Todo est\u00e1 VIVO y funciona como su original. El Hotone Binary Mod es un pedal de efectos de modulaci\u00f3n con E\/S est\u00e9reo y soporte de pedal de expresi\u00f3n para ofrecer aut\u00e9nticos sonidos de modulaci\u00f3n originales, nuevos e inspiradores de Hotone. 24 efectos de modulaci\u00f3n de alta calidad que incluyen chorus, flangers, phasers, tr\u00e9molos, simuladores de altavoz giratorio, vibratos, wahs, detuners y m\u00e1s.<\/div>\n<div>\n<h4>Quick look<\/h4>\n<\/div>\n<ul style=\"margin: 0px 0px 0px 25px\">\n<li style=\"list-style-type: circle;margin: 5px\">Number of effects.<\/li>\n<li style=\"list-style-type: circle;margin: 5px\">Numero de patches.<\/li>\n<li style=\"list-style-type: circle;margin: 5px\">Digital processing.<\/li>\n<li style=\"list-style-type: circle;margin: 5px\">Frequency response.<\/li>\n<li style=\"list-style-type: circle;margin: 5px\">Signal to noise ratio.<\/li>\n<li style=\"list-style-type: circle;margin: 5px\">Input impedance.<\/li>\n<li style=\"list-style-type: circle;margin: 5px\">Output impedance.<\/li>\n<li style=\"list-style-type: circle;margin: 5px\">Energy.<\/li>\n<li style=\"list-style-type: circle;margin: 5px\">Energy consumption.<\/li>\n<li style=\"list-style-type: circle;margin: 5px\">Dimensions.<\/li>\n<li style=\"list-style-type: circle;margin: 5px\">Weight.<\/li>\n<\/ul>\n<div>\n<div style=\"font-weight: bold\">Number of effects.<\/div>\n<div>\n<p>24.<\/p>\n<\/div>\n<div style=\"font-weight: bold\">Numero de patches.<\/div>\n<div>\n<p>10 (2 bancos x 5 patches).<\/p>\n<\/div>\n<div style=\"font-weight: bold\">Digital processing.<\/div>\n<div>\n<p>24-bit A \/ D \/ A conversion, 44.1 kHz sampling rate.<\/p>\n<\/div>\n<div style=\"font-weight: bold\">Frequency response.<\/div>\n<div>\n<p>20 Hz - 20 kHz.<\/p>\n<\/div>\n<div style=\"font-weight: bold\">Signal to noise ratio.<\/div>\n<div>\n<p>Up to 110 dB.<\/p>\n<\/div>\n<div style=\"font-weight: bold\">Input impedance.<\/div>\n<div>\n<p>1 milli-ohm.<\/p>\n<\/div>\n<div style=\"font-weight: bold\">Output impedance.<\/div>\n<div>\n<p>100 ohms.<\/p>\n<\/div>\n<div style=\"font-weight: bold\">Energy.<\/div>\n<div>\n<p>DC 9V, center negative.<\/p>\n<\/div>\n<div style=\"font-weight: bold\">Energy consumption.<\/div>\n<div>\n<p>M\u00ednimo 200 mA.<\/p>\n<\/div>\n<div style=\"font-weight: bold\">Dimensions.<\/div>\n<div>\n<p>121 x 72 x 47 mm.<\/p>\n<\/div>\n<div style=\"font-weight: bold\">Weight.<\/div>\n<div>\n<p>340 g.<\/p>\n<\/div>\n<\/div>\n<\/div>","protected":false},"excerpt":{"rendered":"<p>Pedal de modulaci\u00f3n, f\u00e1cil de usar, con tap tempo, utiliza la tecnolog\u00eda XTOMP de nueva generaci\u00f3n, avanzado sistema de modelado CDCM que garantiza una experiencia de realista al tocar,  plataforma con alimentaci\u00f3n DSP, conversi\u00f3n A\/D\/A de 24 bits, 24 efectos de modulaci\u00f3n de alta calidad que incluyen cl\u00e1sicos basados en CDCM y originales de Hotone, funci\u00f3n Tap Tempo con Tap Divide, E\/S est\u00e9reo, jack conector EXP para controlar pedal de expresi\u00f3n, conector USB para actualizaci\u00f3n de firmware, 10 pre ajustes (2 bancos x 5 patches), pantalla OLED incorporada con pantalla clara, 5 perillas transparentes con LED, fuente de alimentaci\u00f3n de CC de 9V.&hellip; <a class=\"kt-excerpt-readmore more-link\" href=\"https:\/\/www.mexicanguitarplayers.com\/en\/tienda\/cuerdas\/efectos\/efectos-individuales\/pedal-hotone-mod-bme-1-binary-mod\/\">Read more<\/a><\/p>","protected":false},"featured_media":43781,"comment_status":"open","ping_status":"closed","template":"","meta":{"kt_blocks_editor_width":""},"pwb-brand":[183],"product_brand":[],"product_cat":[224,241,504],"product_tag":[],"class_list":{"0":"post-43784","1":"product","2":"type-product","3":"status-publish","4":"has-post-thumbnail","6":"pwb-brand-hotone","7":"product_cat-cuerdas","8":"product_cat-efectos","9":"product_cat-efectos-individuales","10":"product_shipping_class-0-5-kg","12":"first","13":"outofstock","14":"taxable","15":"shipping-taxable","16":"purchasable","17":"product-type-simple"},"yoast_head":"<!-- This site is optimized with the Yoast SEO plugin v27.5 - https:\/\/yoast.com\/product\/yoast-seo-wordpress\/ -->\n<title>PEDAL HOTONE  MOD. BME-1 BINARY MOD - Mexican Guitar Players<\/title>\n<meta name=\"description\" content=\"Pedal de modulaci\u00f3n, f\u00e1cil de usar, con tap tempo, utiliza la tecnolog\u00eda XTOMP de nueva generaci\u00f3n, avanzado sistema de modelado CDCM que garantiza una experiencia de realista al tocar, plataforma con alimentaci\u00f3n DSP, conversi\u00f3n A\/D\/A de 24 bits, 24 efectos de modulaci\u00f3n de alta calidad que incluyen cl\u00e1sicos basados en CDCM y originales de Hotone, funci\u00f3n Tap Tempo con Tap Divide, E\/S est\u00e9reo, jack conector EXP para controlar pedal de expresi\u00f3n, conector USB para actualizaci\u00f3n de firmware, 10 pre ajustes (2 bancos x 5 patches), pantalla OLED incorporada con pantalla clara, 5 perillas transparentes con LED, fuente de alimentaci\u00f3n de CC de 9V.\" \/>\n<meta name=\"robots\" content=\"index, follow, max-snippet:-1, max-image-preview:large, max-video-preview:-1\" \/>\n<link rel=\"canonical\" href=\"https:\/\/www.mexicanguitarplayers.com\/en\/tienda\/sin%20categor\u00eda\/pedal-hotone-mod-bme-1-binary-mod\/\" \/>\n<meta property=\"og:locale\" content=\"en_US\" \/>\n<meta property=\"og:type\" content=\"article\" \/>\n<meta property=\"og:title\" content=\"PEDAL HOTONE  MOD. BME-1 BINARY MOD - Mexican Guitar Players\" \/>\n<meta property=\"og:description\" content=\"Pedal de modulaci\u00f3n, f\u00e1cil de usar, con tap tempo, utiliza la tecnolog\u00eda XTOMP de nueva generaci\u00f3n, avanzado sistema de modelado CDCM que garantiza una experiencia de realista al tocar, plataforma con alimentaci\u00f3n DSP, conversi\u00f3n A\/D\/A de 24 bits, 24 efectos de modulaci\u00f3n de alta calidad que incluyen cl\u00e1sicos basados en CDCM y originales de Hotone, funci\u00f3n Tap Tempo con Tap Divide, E\/S est\u00e9reo, jack conector EXP para controlar pedal de expresi\u00f3n, conector USB para actualizaci\u00f3n de firmware, 10 pre ajustes (2 bancos x 5 patches), pantalla OLED incorporada con pantalla clara, 5 perillas transparentes con LED, fuente de alimentaci\u00f3n de CC de 9V.\" \/>\n<meta property=\"og:url\" content=\"https:\/\/www.mexicanguitarplayers.com\/en\/tienda\/sin categor\u00eda\/pedal-hotone-mod-bme-1-binary-mod\/\" \/>\n<meta property=\"og:site_name\" content=\"Mexican Guitar Players\" \/>\n<meta property=\"article:modified_time\" content=\"2026-04-10T10:15:11+00:00\" \/>\n<meta name=\"twitter:card\" content=\"summary_large_image\" \/>\n<meta name=\"twitter:label1\" content=\"Est. reading time\" \/>\n\t<meta name=\"twitter:data1\" content=\"2 minutes\" \/>\n<script type=\"application\/ld+json\" class=\"yoast-schema-graph\">{\"@context\":\"https:\\\/\\\/schema.org\",\"@graph\":[{\"@type\":[\"WebPage\",\"ItemPage\"],\"@id\":\"https:\\\/\\\/www.mexicanguitarplayers.com\\\/tienda\\\/sin categor\u00eda\\\/pedal-hotone-mod-bme-1-binary-mod\\\/\",\"url\":\"https:\\\/\\\/www.mexicanguitarplayers.com\\\/tienda\\\/sin categor\u00eda\\\/pedal-hotone-mod-bme-1-binary-mod\\\/\",\"name\":\"PEDAL HOTONE MOD. BME-1 BINARY MOD - Mexican Guitar Players\",\"isPartOf\":{\"@id\":\"https:\\\/\\\/www.mexicanguitarplayers.com\\\/#website\"},\"primaryImageOfPage\":{\"@id\":\"https:\\\/\\\/www.mexicanguitarplayers.com\\\/tienda\\\/sin categor\u00eda\\\/pedal-hotone-mod-bme-1-binary-mod\\\/#primaryimage\"},\"image\":{\"@id\":\"https:\\\/\\\/www.mexicanguitarplayers.com\\\/tienda\\\/sin categor\u00eda\\\/pedal-hotone-mod-bme-1-binary-mod\\\/#primaryimage\"},\"thumbnailUrl\":\"https:\\\/\\\/www.mexicanguitarplayers.com\\\/wp-content\\\/uploads\\\/2025\\\/04\\\/VAHOTBME1-1.jpg\",\"datePublished\":\"2025-04-09T22:13:27+00:00\",\"dateModified\":\"2026-04-10T10:15:11+00:00\",\"description\":\"Pedal de modulaci\u00f3n, f\u00e1cil de usar, con tap tempo, utiliza la tecnolog\u00eda XTOMP de nueva generaci\u00f3n, avanzado sistema de modelado CDCM que garantiza una experiencia de realista al tocar, plataforma con alimentaci\u00f3n DSP, conversi\u00f3n A\\\/D\\\/A de 24 bits, 24 efectos de modulaci\u00f3n de alta calidad que incluyen cl\u00e1sicos basados en CDCM y originales de Hotone, funci\u00f3n Tap Tempo con Tap Divide, E\\\/S est\u00e9reo, jack conector EXP para controlar pedal de expresi\u00f3n, conector USB para actualizaci\u00f3n de firmware, 10 pre ajustes (2 bancos x 5 patches), pantalla OLED incorporada con pantalla clara, 5 perillas transparentes con LED, fuente de alimentaci\u00f3n de CC de 9V.\",\"breadcrumb\":{\"@id\":\"https:\\\/\\\/www.mexicanguitarplayers.com\\\/tienda\\\/sin categor\u00eda\\\/pedal-hotone-mod-bme-1-binary-mod\\\/#breadcrumb\"},\"inLanguage\":\"en-US\",\"potentialAction\":[{\"@type\":\"ReadAction\",\"target\":[\"https:\\\/\\\/www.mexicanguitarplayers.com\\\/tienda\\\/sin categor\u00eda\\\/pedal-hotone-mod-bme-1-binary-mod\\\/\"]}]},{\"@type\":\"ImageObject\",\"inLanguage\":\"en-US\",\"@id\":\"https:\\\/\\\/www.mexicanguitarplayers.com\\\/tienda\\\/sin categor\u00eda\\\/pedal-hotone-mod-bme-1-binary-mod\\\/#primaryimage\",\"url\":\"https:\\\/\\\/www.mexicanguitarplayers.com\\\/wp-content\\\/uploads\\\/2025\\\/04\\\/VAHOTBME1-1.jpg\",\"contentUrl\":\"https:\\\/\\\/www.mexicanguitarplayers.com\\\/wp-content\\\/uploads\\\/2025\\\/04\\\/VAHOTBME1-1.jpg\",\"width\":1200,\"height\":1200},{\"@type\":\"BreadcrumbList\",\"@id\":\"https:\\\/\\\/www.mexicanguitarplayers.com\\\/tienda\\\/sin categor\u00eda\\\/pedal-hotone-mod-bme-1-binary-mod\\\/#breadcrumb\",\"itemListElement\":[{\"@type\":\"ListItem\",\"position\":1,\"name\":\"Portada\",\"item\":\"https:\\\/\\\/www.mexicanguitarplayers.com\\\/\"},{\"@type\":\"ListItem\",\"position\":2,\"name\":\"Tienda\",\"item\":\"https:\\\/\\\/www.mexicanguitarplayers.com\\\/tienda\\\/\"},{\"@type\":\"ListItem\",\"position\":3,\"name\":\"PEDAL HOTONE MOD. BME-1 BINARY MOD\"}]},{\"@type\":\"WebSite\",\"@id\":\"https:\\\/\\\/www.mexicanguitarplayers.com\\\/#website\",\"url\":\"https:\\\/\\\/www.mexicanguitarplayers.com\\\/\",\"name\":\"Mexican Guitar Players\",\"description\":\"Website\",\"publisher\":{\"@id\":\"https:\\\/\\\/www.mexicanguitarplayers.com\\\/#organization\"},\"potentialAction\":[{\"@type\":\"SearchAction\",\"target\":{\"@type\":\"EntryPoint\",\"urlTemplate\":\"https:\\\/\\\/www.mexicanguitarplayers.com\\\/?s={search_term_string}\"},\"query-input\":{\"@type\":\"PropertyValueSpecification\",\"valueRequired\":true,\"valueName\":\"search_term_string\"}}],\"inLanguage\":\"en-US\"},{\"@type\":\"Organization\",\"@id\":\"https:\\\/\\\/www.mexicanguitarplayers.com\\\/#organization\",\"name\":\"Mexican Guitar Players\",\"url\":\"https:\\\/\\\/www.mexicanguitarplayers.com\\\/\",\"logo\":{\"@type\":\"ImageObject\",\"inLanguage\":\"en-US\",\"@id\":\"https:\\\/\\\/www.mexicanguitarplayers.com\\\/#\\\/schema\\\/logo\\\/image\\\/\",\"url\":\"\",\"contentUrl\":\"\",\"caption\":\"Mexican Guitar Players\"},\"image\":{\"@id\":\"https:\\\/\\\/www.mexicanguitarplayers.com\\\/#\\\/schema\\\/logo\\\/image\\\/\"}}]}<\/script>\n<!-- \/ Yoast SEO plugin. -->","yoast_head_json":{"title":"PEDAL HOTONE  MOD. BME-1 BINARY MOD - Mexican Guitar Players","description":"Pedal de modulaci\u00f3n, f\u00e1cil de usar, con tap tempo, utiliza la tecnolog\u00eda XTOMP de nueva generaci\u00f3n, avanzado sistema de modelado CDCM que garantiza una experiencia de realista al tocar, plataforma con alimentaci\u00f3n DSP, conversi\u00f3n A\/D\/A de 24 bits, 24 efectos de modulaci\u00f3n de alta calidad que incluyen cl\u00e1sicos basados en CDCM y originales de Hotone, funci\u00f3n Tap Tempo con Tap Divide, E\/S est\u00e9reo, jack conector EXP para controlar pedal de expresi\u00f3n, conector USB para actualizaci\u00f3n de firmware, 10 pre ajustes (2 bancos x 5 patches), pantalla OLED incorporada con pantalla clara, 5 perillas transparentes con LED, fuente de alimentaci\u00f3n de CC de 9V.","robots":{"index":"index","follow":"follow","max-snippet":"max-snippet:-1","max-image-preview":"max-image-preview:large","max-video-preview":"max-video-preview:-1"},"canonical":"https:\/\/www.mexicanguitarplayers.com\/en\/tienda\/sin categor\u00eda\/pedal-hotone-mod-bme-1-binary-mod\/","og_locale":"en_US","og_type":"article","og_title":"PEDAL HOTONE  MOD. BME-1 BINARY MOD - Mexican Guitar Players","og_description":"Pedal de modulaci\u00f3n, f\u00e1cil de usar, con tap tempo, utiliza la tecnolog\u00eda XTOMP de nueva generaci\u00f3n, avanzado sistema de modelado CDCM que garantiza una experiencia de realista al tocar, plataforma con alimentaci\u00f3n DSP, conversi\u00f3n A\/D\/A de 24 bits, 24 efectos de modulaci\u00f3n de alta calidad que incluyen cl\u00e1sicos basados en CDCM y originales de Hotone, funci\u00f3n Tap Tempo con Tap Divide, E\/S est\u00e9reo, jack conector EXP para controlar pedal de expresi\u00f3n, conector USB para actualizaci\u00f3n de firmware, 10 pre ajustes (2 bancos x 5 patches), pantalla OLED incorporada con pantalla clara, 5 perillas transparentes con LED, fuente de alimentaci\u00f3n de CC de 9V.","og_url":"https:\/\/www.mexicanguitarplayers.com\/en\/tienda\/sin categor\u00eda\/pedal-hotone-mod-bme-1-binary-mod\/","og_site_name":"Mexican Guitar Players","article_modified_time":"2026-04-10T10:15:11+00:00","twitter_card":"summary_large_image","twitter_misc":{"Est. reading time":"2 minutes"},"schema":{"@context":"https:\/\/schema.org","@graph":[{"@type":["WebPage","ItemPage"],"@id":"https:\/\/www.mexicanguitarplayers.com\/tienda\/sin categor\u00eda\/pedal-hotone-mod-bme-1-binary-mod\/","url":"https:\/\/www.mexicanguitarplayers.com\/tienda\/sin categor\u00eda\/pedal-hotone-mod-bme-1-binary-mod\/","name":"PEDAL HOTONE MOD. BME-1 BINARY MOD - Mexican Guitar Players","isPartOf":{"@id":"https:\/\/www.mexicanguitarplayers.com\/#website"},"primaryImageOfPage":{"@id":"https:\/\/www.mexicanguitarplayers.com\/tienda\/sin categor\u00eda\/pedal-hotone-mod-bme-1-binary-mod\/#primaryimage"},"image":{"@id":"https:\/\/www.mexicanguitarplayers.com\/tienda\/sin categor\u00eda\/pedal-hotone-mod-bme-1-binary-mod\/#primaryimage"},"thumbnailUrl":"https:\/\/www.mexicanguitarplayers.com\/wp-content\/uploads\/2025\/04\/VAHOTBME1-1.jpg","datePublished":"2025-04-09T22:13:27+00:00","dateModified":"2026-04-10T10:15:11+00:00","description":"Pedal de modulaci\u00f3n, f\u00e1cil de usar, con tap tempo, utiliza la tecnolog\u00eda XTOMP de nueva generaci\u00f3n, avanzado sistema de modelado CDCM que garantiza una experiencia de realista al tocar, plataforma con alimentaci\u00f3n DSP, conversi\u00f3n A\/D\/A de 24 bits, 24 efectos de modulaci\u00f3n de alta calidad que incluyen cl\u00e1sicos basados en CDCM y originales de Hotone, funci\u00f3n Tap Tempo con Tap Divide, E\/S est\u00e9reo, jack conector EXP para controlar pedal de expresi\u00f3n, conector USB para actualizaci\u00f3n de firmware, 10 pre ajustes (2 bancos x 5 patches), pantalla OLED incorporada con pantalla clara, 5 perillas transparentes con LED, fuente de alimentaci\u00f3n de CC de 9V.","breadcrumb":{"@id":"https:\/\/www.mexicanguitarplayers.com\/tienda\/sin categor\u00eda\/pedal-hotone-mod-bme-1-binary-mod\/#breadcrumb"},"inLanguage":"en-US","potentialAction":[{"@type":"ReadAction","target":["https:\/\/www.mexicanguitarplayers.com\/tienda\/sin categor\u00eda\/pedal-hotone-mod-bme-1-binary-mod\/"]}]},{"@type":"ImageObject","inLanguage":"en-US","@id":"https:\/\/www.mexicanguitarplayers.com\/tienda\/sin categor\u00eda\/pedal-hotone-mod-bme-1-binary-mod\/#primaryimage","url":"https:\/\/www.mexicanguitarplayers.com\/wp-content\/uploads\/2025\/04\/VAHOTBME1-1.jpg","contentUrl":"https:\/\/www.mexicanguitarplayers.com\/wp-content\/uploads\/2025\/04\/VAHOTBME1-1.jpg","width":1200,"height":1200},{"@type":"BreadcrumbList","@id":"https:\/\/www.mexicanguitarplayers.com\/tienda\/sin categor\u00eda\/pedal-hotone-mod-bme-1-binary-mod\/#breadcrumb","itemListElement":[{"@type":"ListItem","position":1,"name":"Portada","item":"https:\/\/www.mexicanguitarplayers.com\/"},{"@type":"ListItem","position":2,"name":"Tienda","item":"https:\/\/www.mexicanguitarplayers.com\/tienda\/"},{"@type":"ListItem","position":3,"name":"PEDAL HOTONE MOD. BME-1 BINARY MOD"}]},{"@type":"WebSite","@id":"https:\/\/www.mexicanguitarplayers.com\/#website","url":"https:\/\/www.mexicanguitarplayers.com\/","name":"Mexican Guitar Players","description":"Website","publisher":{"@id":"https:\/\/www.mexicanguitarplayers.com\/#organization"},"potentialAction":[{"@type":"SearchAction","target":{"@type":"EntryPoint","urlTemplate":"https:\/\/www.mexicanguitarplayers.com\/?s={search_term_string}"},"query-input":{"@type":"PropertyValueSpecification","valueRequired":true,"valueName":"search_term_string"}}],"inLanguage":"en-US"},{"@type":"Organization","@id":"https:\/\/www.mexicanguitarplayers.com\/#organization","name":"Mexican Guitar Players","url":"https:\/\/www.mexicanguitarplayers.com\/","logo":{"@type":"ImageObject","inLanguage":"en-US","@id":"https:\/\/www.mexicanguitarplayers.com\/#\/schema\/logo\/image\/","url":"","contentUrl":"","caption":"Mexican Guitar Players"},"image":{"@id":"https:\/\/www.mexicanguitarplayers.com\/#\/schema\/logo\/image\/"}}]}},"brands":[{"id":183,"name":"HOTONE","slug":"hotone"}],"_links":{"self":[{"href":"https:\/\/www.mexicanguitarplayers.com\/en\/wp-json\/wp\/v2\/product\/43784","targetHints":{"allow":["GET"]}}],"collection":[{"href":"https:\/\/www.mexicanguitarplayers.com\/en\/wp-json\/wp\/v2\/product"}],"about":[{"href":"https:\/\/www.mexicanguitarplayers.com\/en\/wp-json\/wp\/v2\/types\/product"}],"replies":[{"embeddable":true,"href":"https:\/\/www.mexicanguitarplayers.com\/en\/wp-json\/wp\/v2\/comments?post=43784"}],"wp:featuredmedia":[{"embeddable":true,"href":"https:\/\/www.mexicanguitarplayers.com\/en\/wp-json\/wp\/v2\/media\/43781"}],"wp:attachment":[{"href":"https:\/\/www.mexicanguitarplayers.com\/en\/wp-json\/wp\/v2\/media?parent=43784"}],"wp:term":[{"taxonomy":"pwb-brand","embeddable":true,"href":"https:\/\/www.mexicanguitarplayers.com\/en\/wp-json\/wp\/v2\/pwb-brand?post=43784"},{"taxonomy":"product_brand","embeddable":true,"href":"https:\/\/www.mexicanguitarplayers.com\/en\/wp-json\/wp\/v2\/product_brand?post=43784"},{"taxonomy":"product_cat","embeddable":true,"href":"https:\/\/www.mexicanguitarplayers.com\/en\/wp-json\/wp\/v2\/product_cat?post=43784"},{"taxonomy":"product_tag","embeddable":true,"href":"https:\/\/www.mexicanguitarplayers.com\/en\/wp-json\/wp\/v2\/product_tag?post=43784"}],"curies":[{"name":"wp","href":"https:\/\/api.w.org\/{rel}","templated":true}]}}