{"id":43821,"date":"2025-04-09T16:14:33","date_gmt":"2025-04-09T22:14:33","guid":{"rendered":"https:\/\/www.mexicanguitarplayers.com\/tienda\/sin categor\u00eda\/bateria-gretsch-acustica-mod-renegade\/"},"modified":"2026-05-01T07:15:15","modified_gmt":"2026-05-01T13:15:15","slug":"bateria-gretsch-acustica-mod-renegade","status":"publish","type":"product","link":"https:\/\/www.mexicanguitarplayers.com\/en\/tienda\/percusiones\/baterias\/baterias-acusticas\/baterias-profesionales\/bateria-gretsch-acustica-mod-renegade\/","title":{"rendered":"BATERIA GRETSCH ACUSTICA MOD. RENEGADE"},"content":{"rendered":"<div style=\"text-align: justify\">\n<div>\n<h3>BATERIA GRETSCH RENEGADE<\/h3>\n<\/div>\n<div>La nueva serie Renegade de Gretsch da un paso m\u00e1s al ofrecer una bater\u00eda con todo lo que necesita a un gran precio. Renegade ofrece cinco tambores con cada pieza de hardware necesaria, incluido un pedal de bombo, un soporte para hihat, un soporte para tarola, un soporte recto para platillos, un banco y un par de baquetas.<\/div>\n<div>\n<h4>Characteristics<\/h4>\n<\/div>\n<div>\n<ul style=\"margin: 0px 0px 0px 25px\">\n<li style=\"list-style-type: circle;margin: 5px\">Bombo<\/li>\n<li style=\"list-style-type: circle;margin: 5px\">Toms<\/li>\n<li style=\"list-style-type: circle;margin: 5px\">Tom de piso<\/li>\n<li style=\"list-style-type: circle;margin: 5px\">Tarola<\/li>\n<li style=\"list-style-type: circle;margin: 5px\">Hardware<\/li>\n<li style=\"list-style-type: circle;margin: 5px\">cymbals<\/li>\n<li style=\"list-style-type: circle;margin: 5px\">accesorios<\/li>\n<li style=\"list-style-type: circle;margin: 5px\">parche &#8211; bombo<\/li>\n<\/ul>\n<\/div>\n<\/div>","protected":false},"excerpt":{"rendered":"<p>La nueva serie Renegade de Gretsch de cinco tambores con cada pieza de hardware, incluido un pedal de bombo, un soporte para hihat, un soporte para tarola, un soporte recto para platillos, un banco y un par de baquetas. Tambi\u00e9n se agrega un juego de platillos de lat\u00f3n.Renegade est\u00e1 disponible en cuatro colores diferentes: Gris Sparkle, Ruby Sparkle, Azul Sparkle y Negro Mist.\u2022 Bombo de 22\u201dx16\u201d, Toms de 10\u201dx7\u201d y 12\u201dx8\u201d, Tom de piso de 16\u201dx14\u201d y Tarola de 14\u201dx5\u201d\u2022 Hardware: Pedal de Bombo, Atril de Hihat, Atril de Tarola, Atril recto de Platillo y Banco\u2022 Platillos: Hihat de 13\u201d, Crash Ride de 15\u201d\u2022 Cl\u00e1sicos Lugs Gretsch de Rango Completo\u2022 El ic\u00f3nico logo de Gretsch impreso en el Parche de Bombo&hellip; <a class=\"kt-excerpt-readmore more-link\" href=\"https:\/\/www.mexicanguitarplayers.com\/en\/tienda\/percusiones\/baterias\/baterias-acusticas\/baterias-profesionales\/bateria-gretsch-acustica-mod-renegade\/\">Read more<\/a><\/p>","protected":false},"featured_media":43800,"comment_status":"open","ping_status":"closed","template":"","meta":{"kt_blocks_editor_width":""},"pwb-brand":[275],"product_brand":[],"product_cat":[209,210,211,208],"product_tag":[],"class_list":{"0":"post-43821","1":"product","2":"type-product","3":"status-publish","4":"has-post-thumbnail","6":"pwb-brand-gretsch","7":"product_cat-baterias","8":"product_cat-baterias-acusticas","9":"product_cat-baterias-profesionales","10":"product_cat-percusiones","12":"first","13":"instock","14":"taxable","15":"shipping-taxable","16":"purchasable","17":"product-type-simple"},"yoast_head":"<!-- This site is optimized with the Yoast SEO plugin v27.6 - https:\/\/yoast.com\/product\/yoast-seo-wordpress\/ -->\n<title>BATERIA GRETSCH ACUSTICA MOD. RENEGADE - Mexican Guitar Players<\/title>\n<meta name=\"description\" content=\"La nueva serie Renegade de Gretsch de cinco tambores con cada pieza de hardware, incluido un pedal de bombo, un soporte para hihat, un soporte para tarola, un soporte recto para platillos, un banco y un par de baquetas. Tambi\u00e9n se agrega un juego de platillos de lat\u00f3n.Renegade est\u00e1 disponible en cuatro colores diferentes: Gris Sparkle, Ruby Sparkle, Azul Sparkle y Negro Mist.\u2022 Bombo de 22\u201dx16\u201d, Toms de 10\u201dx7\u201d y 12\u201dx8\u201d, Tom de piso de 16\u201dx14\u201d y Tarola de 14\u201dx5\u201d\u2022 Hardware: Pedal de Bombo, Atril de Hihat, Atril de Tarola, Atril recto de Platillo y Banco\u2022 Platillos: Hihat de 13\u201d, Crash Ride de 15\u201d\u2022 Cl\u00e1sicos Lugs Gretsch de Rango Completo\u2022 El ic\u00f3nico logo de Gretsch impreso en el Parche de Bombo\" \/>\n<meta name=\"robots\" content=\"index, follow, max-snippet:-1, max-image-preview:large, max-video-preview:-1\" \/>\n<link rel=\"canonical\" href=\"https:\/\/www.mexicanguitarplayers.com\/en\/tienda\/sin%20categor\u00eda\/bateria-gretsch-acustica-mod-renegade\/\" \/>\n<meta property=\"og:locale\" content=\"en_US\" \/>\n<meta property=\"og:type\" content=\"article\" \/>\n<meta property=\"og:title\" content=\"BATERIA GRETSCH ACUSTICA MOD. RENEGADE - Mexican Guitar Players\" \/>\n<meta property=\"og:description\" content=\"La nueva serie Renegade de Gretsch de cinco tambores con cada pieza de hardware, incluido un pedal de bombo, un soporte para hihat, un soporte para tarola, un soporte recto para platillos, un banco y un par de baquetas. Tambi\u00e9n se agrega un juego de platillos de lat\u00f3n.Renegade est\u00e1 disponible en cuatro colores diferentes: Gris Sparkle, Ruby Sparkle, Azul Sparkle y Negro Mist.\u2022 Bombo de 22\u201dx16\u201d, Toms de 10\u201dx7\u201d y 12\u201dx8\u201d, Tom de piso de 16\u201dx14\u201d y Tarola de 14\u201dx5\u201d\u2022 Hardware: Pedal de Bombo, Atril de Hihat, Atril de Tarola, Atril recto de Platillo y Banco\u2022 Platillos: Hihat de 13\u201d, Crash Ride de 15\u201d\u2022 Cl\u00e1sicos Lugs Gretsch de Rango Completo\u2022 El ic\u00f3nico logo de Gretsch impreso en el Parche de Bombo\" \/>\n<meta property=\"og:url\" content=\"https:\/\/www.mexicanguitarplayers.com\/en\/tienda\/sin categor\u00eda\/bateria-gretsch-acustica-mod-renegade\/\" \/>\n<meta property=\"og:site_name\" content=\"Mexican Guitar Players\" \/>\n<meta property=\"article:modified_time\" content=\"2026-05-01T13:15:15+00:00\" \/>\n<meta name=\"twitter:card\" content=\"summary_large_image\" \/>\n<script type=\"application\/ld+json\" class=\"yoast-schema-graph\">{\"@context\":\"https:\\\/\\\/schema.org\",\"@graph\":[{\"@type\":[\"WebPage\",\"ItemPage\"],\"@id\":\"https:\\\/\\\/www.mexicanguitarplayers.com\\\/tienda\\\/sin categor\u00eda\\\/bateria-gretsch-acustica-mod-renegade\\\/\",\"url\":\"https:\\\/\\\/www.mexicanguitarplayers.com\\\/tienda\\\/sin categor\u00eda\\\/bateria-gretsch-acustica-mod-renegade\\\/\",\"name\":\"BATERIA GRETSCH ACUSTICA MOD. RENEGADE - Mexican Guitar Players\",\"isPartOf\":{\"@id\":\"https:\\\/\\\/www.mexicanguitarplayers.com\\\/#website\"},\"primaryImageOfPage\":{\"@id\":\"https:\\\/\\\/www.mexicanguitarplayers.com\\\/tienda\\\/sin categor\u00eda\\\/bateria-gretsch-acustica-mod-renegade\\\/#primaryimage\"},\"image\":{\"@id\":\"https:\\\/\\\/www.mexicanguitarplayers.com\\\/tienda\\\/sin categor\u00eda\\\/bateria-gretsch-acustica-mod-renegade\\\/#primaryimage\"},\"thumbnailUrl\":\"https:\\\/\\\/www.mexicanguitarplayers.com\\\/wp-content\\\/uploads\\\/2025\\\/04\\\/IPGRTRGE625II-4.jpg\",\"datePublished\":\"2025-04-09T22:14:33+00:00\",\"dateModified\":\"2026-05-01T13:15:15+00:00\",\"description\":\"La nueva serie Renegade de Gretsch de cinco tambores con cada pieza de hardware, incluido un pedal de bombo, un soporte para hihat, un soporte para tarola, un soporte recto para platillos, un banco y un par de baquetas. Tambi\u00e9n se agrega un juego de platillos de lat\u00f3n.Renegade est\u00e1 disponible en cuatro colores diferentes: Gris Sparkle, Ruby Sparkle, Azul Sparkle y Negro Mist.\u2022 Bombo de 22\u201dx16\u201d, Toms de 10\u201dx7\u201d y 12\u201dx8\u201d, Tom de piso de 16\u201dx14\u201d y Tarola de 14\u201dx5\u201d\u2022 Hardware: Pedal de Bombo, Atril de Hihat, Atril de Tarola, Atril recto de Platillo y Banco\u2022 Platillos: Hihat de 13\u201d, Crash Ride de 15\u201d\u2022 Cl\u00e1sicos Lugs Gretsch de Rango Completo\u2022 El ic\u00f3nico logo de Gretsch impreso en el Parche de Bombo\",\"breadcrumb\":{\"@id\":\"https:\\\/\\\/www.mexicanguitarplayers.com\\\/tienda\\\/sin categor\u00eda\\\/bateria-gretsch-acustica-mod-renegade\\\/#breadcrumb\"},\"inLanguage\":\"en-US\",\"potentialAction\":[{\"@type\":\"ReadAction\",\"target\":[\"https:\\\/\\\/www.mexicanguitarplayers.com\\\/tienda\\\/sin categor\u00eda\\\/bateria-gretsch-acustica-mod-renegade\\\/\"]}]},{\"@type\":\"ImageObject\",\"inLanguage\":\"en-US\",\"@id\":\"https:\\\/\\\/www.mexicanguitarplayers.com\\\/tienda\\\/sin categor\u00eda\\\/bateria-gretsch-acustica-mod-renegade\\\/#primaryimage\",\"url\":\"https:\\\/\\\/www.mexicanguitarplayers.com\\\/wp-content\\\/uploads\\\/2025\\\/04\\\/IPGRTRGE625II-4.jpg\",\"contentUrl\":\"https:\\\/\\\/www.mexicanguitarplayers.com\\\/wp-content\\\/uploads\\\/2025\\\/04\\\/IPGRTRGE625II-4.jpg\",\"width\":1200,\"height\":1200},{\"@type\":\"BreadcrumbList\",\"@id\":\"https:\\\/\\\/www.mexicanguitarplayers.com\\\/tienda\\\/sin categor\u00eda\\\/bateria-gretsch-acustica-mod-renegade\\\/#breadcrumb\",\"itemListElement\":[{\"@type\":\"ListItem\",\"position\":1,\"name\":\"Portada\",\"item\":\"https:\\\/\\\/www.mexicanguitarplayers.com\\\/\"},{\"@type\":\"ListItem\",\"position\":2,\"name\":\"Tienda\",\"item\":\"https:\\\/\\\/www.mexicanguitarplayers.com\\\/tienda\\\/\"},{\"@type\":\"ListItem\",\"position\":3,\"name\":\"BATERIA GRETSCH ACUSTICA MOD. RENEGADE\"}]},{\"@type\":\"WebSite\",\"@id\":\"https:\\\/\\\/www.mexicanguitarplayers.com\\\/#website\",\"url\":\"https:\\\/\\\/www.mexicanguitarplayers.com\\\/\",\"name\":\"Mexican Guitar Players\",\"description\":\"Website\",\"publisher\":{\"@id\":\"https:\\\/\\\/www.mexicanguitarplayers.com\\\/#organization\"},\"potentialAction\":[{\"@type\":\"SearchAction\",\"target\":{\"@type\":\"EntryPoint\",\"urlTemplate\":\"https:\\\/\\\/www.mexicanguitarplayers.com\\\/?s={search_term_string}\"},\"query-input\":{\"@type\":\"PropertyValueSpecification\",\"valueRequired\":true,\"valueName\":\"search_term_string\"}}],\"inLanguage\":\"en-US\"},{\"@type\":\"Organization\",\"@id\":\"https:\\\/\\\/www.mexicanguitarplayers.com\\\/#organization\",\"name\":\"Mexican Guitar Players\",\"url\":\"https:\\\/\\\/www.mexicanguitarplayers.com\\\/\",\"logo\":{\"@type\":\"ImageObject\",\"inLanguage\":\"en-US\",\"@id\":\"https:\\\/\\\/www.mexicanguitarplayers.com\\\/#\\\/schema\\\/logo\\\/image\\\/\",\"url\":\"\",\"contentUrl\":\"\",\"caption\":\"Mexican Guitar Players\"},\"image\":{\"@id\":\"https:\\\/\\\/www.mexicanguitarplayers.com\\\/#\\\/schema\\\/logo\\\/image\\\/\"}}]}<\/script>\n<!-- \/ Yoast SEO plugin. -->","yoast_head_json":{"title":"BATERIA GRETSCH ACUSTICA MOD. RENEGADE - Mexican Guitar Players","description":"La nueva serie Renegade de Gretsch de cinco tambores con cada pieza de hardware, incluido un pedal de bombo, un soporte para hihat, un soporte para tarola, un soporte recto para platillos, un banco y un par de baquetas. Tambi\u00e9n se agrega un juego de platillos de lat\u00f3n.Renegade est\u00e1 disponible en cuatro colores diferentes: Gris Sparkle, Ruby Sparkle, Azul Sparkle y Negro Mist.\u2022 Bombo de 22\u201dx16\u201d, Toms de 10\u201dx7\u201d y 12\u201dx8\u201d, Tom de piso de 16\u201dx14\u201d y Tarola de 14\u201dx5\u201d\u2022 Hardware: Pedal de Bombo, Atril de Hihat, Atril de Tarola, Atril recto de Platillo y Banco\u2022 Platillos: Hihat de 13\u201d, Crash Ride de 15\u201d\u2022 Cl\u00e1sicos Lugs Gretsch de Rango Completo\u2022 El ic\u00f3nico logo de Gretsch impreso en el Parche de Bombo","robots":{"index":"index","follow":"follow","max-snippet":"max-snippet:-1","max-image-preview":"max-image-preview:large","max-video-preview":"max-video-preview:-1"},"canonical":"https:\/\/www.mexicanguitarplayers.com\/en\/tienda\/sin categor\u00eda\/bateria-gretsch-acustica-mod-renegade\/","og_locale":"en_US","og_type":"article","og_title":"BATERIA GRETSCH ACUSTICA MOD. RENEGADE - Mexican Guitar Players","og_description":"La nueva serie Renegade de Gretsch de cinco tambores con cada pieza de hardware, incluido un pedal de bombo, un soporte para hihat, un soporte para tarola, un soporte recto para platillos, un banco y un par de baquetas. Tambi\u00e9n se agrega un juego de platillos de lat\u00f3n.Renegade est\u00e1 disponible en cuatro colores diferentes: Gris Sparkle, Ruby Sparkle, Azul Sparkle y Negro Mist.\u2022 Bombo de 22\u201dx16\u201d, Toms de 10\u201dx7\u201d y 12\u201dx8\u201d, Tom de piso de 16\u201dx14\u201d y Tarola de 14\u201dx5\u201d\u2022 Hardware: Pedal de Bombo, Atril de Hihat, Atril de Tarola, Atril recto de Platillo y Banco\u2022 Platillos: Hihat de 13\u201d, Crash Ride de 15\u201d\u2022 Cl\u00e1sicos Lugs Gretsch de Rango Completo\u2022 El ic\u00f3nico logo de Gretsch impreso en el Parche de Bombo","og_url":"https:\/\/www.mexicanguitarplayers.com\/en\/tienda\/sin categor\u00eda\/bateria-gretsch-acustica-mod-renegade\/","og_site_name":"Mexican Guitar Players","article_modified_time":"2026-05-01T13:15:15+00:00","twitter_card":"summary_large_image","schema":{"@context":"https:\/\/schema.org","@graph":[{"@type":["WebPage","ItemPage"],"@id":"https:\/\/www.mexicanguitarplayers.com\/tienda\/sin categor\u00eda\/bateria-gretsch-acustica-mod-renegade\/","url":"https:\/\/www.mexicanguitarplayers.com\/tienda\/sin categor\u00eda\/bateria-gretsch-acustica-mod-renegade\/","name":"BATERIA GRETSCH ACUSTICA MOD. RENEGADE - Mexican Guitar Players","isPartOf":{"@id":"https:\/\/www.mexicanguitarplayers.com\/#website"},"primaryImageOfPage":{"@id":"https:\/\/www.mexicanguitarplayers.com\/tienda\/sin categor\u00eda\/bateria-gretsch-acustica-mod-renegade\/#primaryimage"},"image":{"@id":"https:\/\/www.mexicanguitarplayers.com\/tienda\/sin categor\u00eda\/bateria-gretsch-acustica-mod-renegade\/#primaryimage"},"thumbnailUrl":"https:\/\/www.mexicanguitarplayers.com\/wp-content\/uploads\/2025\/04\/IPGRTRGE625II-4.jpg","datePublished":"2025-04-09T22:14:33+00:00","dateModified":"2026-05-01T13:15:15+00:00","description":"La nueva serie Renegade de Gretsch de cinco tambores con cada pieza de hardware, incluido un pedal de bombo, un soporte para hihat, un soporte para tarola, un soporte recto para platillos, un banco y un par de baquetas. Tambi\u00e9n se agrega un juego de platillos de lat\u00f3n.Renegade est\u00e1 disponible en cuatro colores diferentes: Gris Sparkle, Ruby Sparkle, Azul Sparkle y Negro Mist.\u2022 Bombo de 22\u201dx16\u201d, Toms de 10\u201dx7\u201d y 12\u201dx8\u201d, Tom de piso de 16\u201dx14\u201d y Tarola de 14\u201dx5\u201d\u2022 Hardware: Pedal de Bombo, Atril de Hihat, Atril de Tarola, Atril recto de Platillo y Banco\u2022 Platillos: Hihat de 13\u201d, Crash Ride de 15\u201d\u2022 Cl\u00e1sicos Lugs Gretsch de Rango Completo\u2022 El ic\u00f3nico logo de Gretsch impreso en el Parche de Bombo","breadcrumb":{"@id":"https:\/\/www.mexicanguitarplayers.com\/tienda\/sin categor\u00eda\/bateria-gretsch-acustica-mod-renegade\/#breadcrumb"},"inLanguage":"en-US","potentialAction":[{"@type":"ReadAction","target":["https:\/\/www.mexicanguitarplayers.com\/tienda\/sin categor\u00eda\/bateria-gretsch-acustica-mod-renegade\/"]}]},{"@type":"ImageObject","inLanguage":"en-US","@id":"https:\/\/www.mexicanguitarplayers.com\/tienda\/sin categor\u00eda\/bateria-gretsch-acustica-mod-renegade\/#primaryimage","url":"https:\/\/www.mexicanguitarplayers.com\/wp-content\/uploads\/2025\/04\/IPGRTRGE625II-4.jpg","contentUrl":"https:\/\/www.mexicanguitarplayers.com\/wp-content\/uploads\/2025\/04\/IPGRTRGE625II-4.jpg","width":1200,"height":1200},{"@type":"BreadcrumbList","@id":"https:\/\/www.mexicanguitarplayers.com\/tienda\/sin categor\u00eda\/bateria-gretsch-acustica-mod-renegade\/#breadcrumb","itemListElement":[{"@type":"ListItem","position":1,"name":"Portada","item":"https:\/\/www.mexicanguitarplayers.com\/"},{"@type":"ListItem","position":2,"name":"Tienda","item":"https:\/\/www.mexicanguitarplayers.com\/tienda\/"},{"@type":"ListItem","position":3,"name":"BATERIA GRETSCH ACUSTICA MOD. RENEGADE"}]},{"@type":"WebSite","@id":"https:\/\/www.mexicanguitarplayers.com\/#website","url":"https:\/\/www.mexicanguitarplayers.com\/","name":"Mexican Guitar Players","description":"Website","publisher":{"@id":"https:\/\/www.mexicanguitarplayers.com\/#organization"},"potentialAction":[{"@type":"SearchAction","target":{"@type":"EntryPoint","urlTemplate":"https:\/\/www.mexicanguitarplayers.com\/?s={search_term_string}"},"query-input":{"@type":"PropertyValueSpecification","valueRequired":true,"valueName":"search_term_string"}}],"inLanguage":"en-US"},{"@type":"Organization","@id":"https:\/\/www.mexicanguitarplayers.com\/#organization","name":"Mexican Guitar Players","url":"https:\/\/www.mexicanguitarplayers.com\/","logo":{"@type":"ImageObject","inLanguage":"en-US","@id":"https:\/\/www.mexicanguitarplayers.com\/#\/schema\/logo\/image\/","url":"","contentUrl":"","caption":"Mexican Guitar Players"},"image":{"@id":"https:\/\/www.mexicanguitarplayers.com\/#\/schema\/logo\/image\/"}}]}},"brands":[{"id":275,"name":"GRETSCH","slug":"gretsch"}],"_links":{"self":[{"href":"https:\/\/www.mexicanguitarplayers.com\/en\/wp-json\/wp\/v2\/product\/43821","targetHints":{"allow":["GET"]}}],"collection":[{"href":"https:\/\/www.mexicanguitarplayers.com\/en\/wp-json\/wp\/v2\/product"}],"about":[{"href":"https:\/\/www.mexicanguitarplayers.com\/en\/wp-json\/wp\/v2\/types\/product"}],"replies":[{"embeddable":true,"href":"https:\/\/www.mexicanguitarplayers.com\/en\/wp-json\/wp\/v2\/comments?post=43821"}],"wp:featuredmedia":[{"embeddable":true,"href":"https:\/\/www.mexicanguitarplayers.com\/en\/wp-json\/wp\/v2\/media\/43800"}],"wp:attachment":[{"href":"https:\/\/www.mexicanguitarplayers.com\/en\/wp-json\/wp\/v2\/media?parent=43821"}],"wp:term":[{"taxonomy":"pwb-brand","embeddable":true,"href":"https:\/\/www.mexicanguitarplayers.com\/en\/wp-json\/wp\/v2\/pwb-brand?post=43821"},{"taxonomy":"product_brand","embeddable":true,"href":"https:\/\/www.mexicanguitarplayers.com\/en\/wp-json\/wp\/v2\/product_brand?post=43821"},{"taxonomy":"product_cat","embeddable":true,"href":"https:\/\/www.mexicanguitarplayers.com\/en\/wp-json\/wp\/v2\/product_cat?post=43821"},{"taxonomy":"product_tag","embeddable":true,"href":"https:\/\/www.mexicanguitarplayers.com\/en\/wp-json\/wp\/v2\/product_tag?post=43821"}],"curies":[{"name":"wp","href":"https:\/\/api.w.org\/{rel}","templated":true}]}}