{"id":43867,"date":"2025-04-09T16:17:05","date_gmt":"2025-04-09T22:17:05","guid":{"rendered":"https:\/\/www.mexicanguitarplayers.com\/tienda\/sin categor\u00eda\/teclado-controlador-behringer-mod-swing\/"},"modified":"2026-03-23T16:15:02","modified_gmt":"2026-03-23T22:15:02","slug":"teclado-controlador-behringer-mod-swing","status":"publish","type":"product","link":"https:\/\/www.mexicanguitarplayers.com\/en\/tienda\/teclas\/sintetizador-y-controlador\/controlador-midi\/teclado-controlador-behringer-mod-swing\/","title":{"rendered":"TECLADO CONTROLADOR BEHRINGER MOD. SWING"},"content":{"rendered":"<div style=\"text-align: justify\">\n<div>\n<h3>SWING<\/h3>\n<\/div>\n<div>El Behringer SWING ofrece un control total sobre cualquier sintetizador o instrumento virtual en tu DAW a trav\u00e9s de USB o MIDI. Con un secuenciador de 64 pasos y una secuencia polif\u00f3nica de 8 notas combinado con 32 teclas compactas y tiras t\u00e1ctiles de pitch y modulaci\u00f3n, proporciona formas ilimitadas de expresarte en un paquete compacto y port\u00e1til. Sus 32 teclas compactas crean un equilibrio perfecto entre tama\u00f1o y capacidad de juego, con funcionalidades de velocidad y after-touch para crear pasajes m\u00e1s matizados y coloridos. El modo Chord Play permite tocar un acorde con hasta 16 notas con una sola tecla, mientras que el secuenciador polif\u00f3nico de 64 pasos te permite crear progresiones imaginables y tocar sobre ellas. Los controles incluyen perillas para seleccionar programas en el secuenciador y el arpegiador, ajuste de firmas de tiempo y tempo, botones de grabaci\u00f3n y edici\u00f3n de secuencias y arpegios sobre la marcha.<\/div>\n<div>\n<h4>Characteristics<\/h4>\n<\/div>\n<div>\n<ul style=\"margin: 0px 0px 0px 25px\">\n<li style=\"list-style-type: circle;margin: 5px\">Global<\/li>\n<li style=\"list-style-type: circle;margin: 5px\">Control<\/li>\n<li style=\"list-style-type: circle;margin: 5px\">Modulador<\/li>\n<li style=\"list-style-type: circle;margin: 5px\">Pitch Bend<\/li>\n<li style=\"list-style-type: circle;margin: 5px\">Transport (seq and arp)<\/li>\n<li style=\"list-style-type: circle;margin: 5px\">conectores<\/li>\n<li style=\"list-style-type: circle;margin: 5px\">Power supply <\/li>\n<li style=\"list-style-type: circle;margin: 5px\">Physical<\/li>\n<\/ul>\n<\/div>\n<\/div>","protected":false},"excerpt":{"rendered":"<p>Este teclado compacto cuenta con 32 teclas para una expresividad \u00f3ptima, con funcionalidad de velocidad y after-touch. Su secuenciador de 64 pasos ofrece polifon\u00eda de 8 notas con opciones de descanso, ligadura y entrada de notas legato. Adem\u00e1s, cuenta con un modo Chord Play que permite hasta 16 notas para bucles extensos y muestras de larga duraci\u00f3n, as\u00ed como un modo Arpeggiator con 8 notas simult\u00e1neas por paso y 8 estilos diferentes. Sus tiras t\u00e1ctiles de pitch y modulaci\u00f3n altamente reactivas ofrecen un rendimiento extremo y creativo, mientras que las funciones de control de rendimiento incluyen botones de grabaci\u00f3n, reproducci\u00f3n y detenci\u00f3n para controlar el secuenciador y el arpegiador. Con conectores CV\/Gate y Sync, USB compatible, MIDI Out y entrada de pedal de sustain, este teclado ofrece una conectividad vers\u00e1til para controlar sintetizadores, cajas de ritmos y otros equipos, todo en un dise\u00f1o compacto y alimentado por USB para una portabilidad \u00f3ptima.&hellip; <a class=\"kt-excerpt-readmore more-link\" href=\"https:\/\/www.mexicanguitarplayers.com\/en\/tienda\/teclas\/sintetizador-y-controlador\/controlador-midi\/teclado-controlador-behringer-mod-swing\/\">Read more<\/a><\/p>","protected":false},"featured_media":43862,"comment_status":"open","ping_status":"closed","template":"","meta":{"kt_blocks_editor_width":""},"pwb-brand":[171],"product_brand":[],"product_cat":[387,386,376],"product_tag":[],"class_list":{"0":"post-43867","1":"product","2":"type-product","3":"status-publish","4":"has-post-thumbnail","6":"pwb-brand-behringer","7":"product_cat-controlador-midi","8":"product_cat-sintetizador-y-controlador","9":"product_cat-teclas","10":"product_shipping_class-0-5-kg","12":"first","13":"instock","14":"taxable","15":"shipping-taxable","16":"purchasable","17":"product-type-simple"},"yoast_head":"<!-- This site is optimized with the Yoast SEO plugin v27.3 - https:\/\/yoast.com\/product\/yoast-seo-wordpress\/ -->\n<title>TECLADO CONTROLADOR BEHRINGER MOD. SWING - Mexican Guitar Players<\/title>\n<meta name=\"description\" content=\"Este teclado compacto cuenta con 32 teclas para una expresividad \u00f3ptima, con funcionalidad de velocidad y after-touch. Su secuenciador de 64 pasos ofrece polifon\u00eda de 8 notas con opciones de descanso, ligadura y entrada de notas legato. Adem\u00e1s, cuenta con un modo Chord Play que permite hasta 16 notas para bucles extensos y muestras de larga duraci\u00f3n, as\u00ed como un modo Arpeggiator con 8 notas simult\u00e1neas por paso y 8 estilos diferentes. Sus tiras t\u00e1ctiles de pitch y modulaci\u00f3n altamente reactivas ofrecen un rendimiento extremo y creativo, mientras que las funciones de control de rendimiento incluyen botones de grabaci\u00f3n, reproducci\u00f3n y detenci\u00f3n para controlar el secuenciador y el arpegiador. Con conectores CV\/Gate y Sync, USB compatible, MIDI Out y entrada de pedal de sustain, este teclado ofrece una conectividad vers\u00e1til para controlar sintetizadores, cajas de ritmos y otros equipos, todo en un dise\u00f1o compacto y alimentado por USB para una portabilidad \u00f3ptima.\" \/>\n<meta name=\"robots\" content=\"index, follow, max-snippet:-1, max-image-preview:large, max-video-preview:-1\" \/>\n<link rel=\"canonical\" href=\"https:\/\/www.mexicanguitarplayers.com\/en\/tienda\/sin%20categor\u00eda\/teclado-controlador-behringer-mod-swing\/\" \/>\n<meta property=\"og:locale\" content=\"en_US\" \/>\n<meta property=\"og:type\" content=\"article\" \/>\n<meta property=\"og:title\" content=\"TECLADO CONTROLADOR BEHRINGER MOD. SWING - Mexican Guitar Players\" \/>\n<meta property=\"og:description\" content=\"Este teclado compacto cuenta con 32 teclas para una expresividad \u00f3ptima, con funcionalidad de velocidad y after-touch. Su secuenciador de 64 pasos ofrece polifon\u00eda de 8 notas con opciones de descanso, ligadura y entrada de notas legato. Adem\u00e1s, cuenta con un modo Chord Play que permite hasta 16 notas para bucles extensos y muestras de larga duraci\u00f3n, as\u00ed como un modo Arpeggiator con 8 notas simult\u00e1neas por paso y 8 estilos diferentes. Sus tiras t\u00e1ctiles de pitch y modulaci\u00f3n altamente reactivas ofrecen un rendimiento extremo y creativo, mientras que las funciones de control de rendimiento incluyen botones de grabaci\u00f3n, reproducci\u00f3n y detenci\u00f3n para controlar el secuenciador y el arpegiador. Con conectores CV\/Gate y Sync, USB compatible, MIDI Out y entrada de pedal de sustain, este teclado ofrece una conectividad vers\u00e1til para controlar sintetizadores, cajas de ritmos y otros equipos, todo en un dise\u00f1o compacto y alimentado por USB para una portabilidad \u00f3ptima.\" \/>\n<meta property=\"og:url\" content=\"https:\/\/www.mexicanguitarplayers.com\/en\/tienda\/sin categor\u00eda\/teclado-controlador-behringer-mod-swing\/\" \/>\n<meta property=\"og:site_name\" content=\"Mexican Guitar Players\" \/>\n<meta property=\"article:modified_time\" content=\"2026-03-23T22:15:02+00:00\" \/>\n<meta name=\"twitter:card\" content=\"summary_large_image\" \/>\n<meta name=\"twitter:label1\" content=\"Est. reading time\" \/>\n\t<meta name=\"twitter:data1\" content=\"1 minute\" \/>\n<script type=\"application\/ld+json\" class=\"yoast-schema-graph\">{\"@context\":\"https:\\\/\\\/schema.org\",\"@graph\":[{\"@type\":[\"WebPage\",\"ItemPage\"],\"@id\":\"https:\\\/\\\/www.mexicanguitarplayers.com\\\/tienda\\\/sin categor\u00eda\\\/teclado-controlador-behringer-mod-swing\\\/\",\"url\":\"https:\\\/\\\/www.mexicanguitarplayers.com\\\/tienda\\\/sin categor\u00eda\\\/teclado-controlador-behringer-mod-swing\\\/\",\"name\":\"TECLADO CONTROLADOR BEHRINGER MOD. SWING - Mexican Guitar Players\",\"isPartOf\":{\"@id\":\"https:\\\/\\\/www.mexicanguitarplayers.com\\\/#website\"},\"primaryImageOfPage\":{\"@id\":\"https:\\\/\\\/www.mexicanguitarplayers.com\\\/tienda\\\/sin categor\u00eda\\\/teclado-controlador-behringer-mod-swing\\\/#primaryimage\"},\"image\":{\"@id\":\"https:\\\/\\\/www.mexicanguitarplayers.com\\\/tienda\\\/sin categor\u00eda\\\/teclado-controlador-behringer-mod-swing\\\/#primaryimage\"},\"thumbnailUrl\":\"https:\\\/\\\/www.mexicanguitarplayers.com\\\/wp-content\\\/uploads\\\/2025\\\/04\\\/IABEHSWING-1.png\",\"datePublished\":\"2025-04-09T22:17:05+00:00\",\"dateModified\":\"2026-03-23T22:15:02+00:00\",\"description\":\"Este teclado compacto cuenta con 32 teclas para una expresividad \u00f3ptima, con funcionalidad de velocidad y after-touch. Su secuenciador de 64 pasos ofrece polifon\u00eda de 8 notas con opciones de descanso, ligadura y entrada de notas legato. Adem\u00e1s, cuenta con un modo Chord Play que permite hasta 16 notas para bucles extensos y muestras de larga duraci\u00f3n, as\u00ed como un modo Arpeggiator con 8 notas simult\u00e1neas por paso y 8 estilos diferentes. Sus tiras t\u00e1ctiles de pitch y modulaci\u00f3n altamente reactivas ofrecen un rendimiento extremo y creativo, mientras que las funciones de control de rendimiento incluyen botones de grabaci\u00f3n, reproducci\u00f3n y detenci\u00f3n para controlar el secuenciador y el arpegiador. Con conectores CV\\\/Gate y Sync, USB compatible, MIDI Out y entrada de pedal de sustain, este teclado ofrece una conectividad vers\u00e1til para controlar sintetizadores, cajas de ritmos y otros equipos, todo en un dise\u00f1o compacto y alimentado por USB para una portabilidad \u00f3ptima.\",\"breadcrumb\":{\"@id\":\"https:\\\/\\\/www.mexicanguitarplayers.com\\\/tienda\\\/sin categor\u00eda\\\/teclado-controlador-behringer-mod-swing\\\/#breadcrumb\"},\"inLanguage\":\"en-US\",\"potentialAction\":[{\"@type\":\"ReadAction\",\"target\":[\"https:\\\/\\\/www.mexicanguitarplayers.com\\\/tienda\\\/sin categor\u00eda\\\/teclado-controlador-behringer-mod-swing\\\/\"]}]},{\"@type\":\"ImageObject\",\"inLanguage\":\"en-US\",\"@id\":\"https:\\\/\\\/www.mexicanguitarplayers.com\\\/tienda\\\/sin categor\u00eda\\\/teclado-controlador-behringer-mod-swing\\\/#primaryimage\",\"url\":\"https:\\\/\\\/www.mexicanguitarplayers.com\\\/wp-content\\\/uploads\\\/2025\\\/04\\\/IABEHSWING-1.png\",\"contentUrl\":\"https:\\\/\\\/www.mexicanguitarplayers.com\\\/wp-content\\\/uploads\\\/2025\\\/04\\\/IABEHSWING-1.png\",\"width\":1600,\"height\":800},{\"@type\":\"BreadcrumbList\",\"@id\":\"https:\\\/\\\/www.mexicanguitarplayers.com\\\/tienda\\\/sin categor\u00eda\\\/teclado-controlador-behringer-mod-swing\\\/#breadcrumb\",\"itemListElement\":[{\"@type\":\"ListItem\",\"position\":1,\"name\":\"Portada\",\"item\":\"https:\\\/\\\/www.mexicanguitarplayers.com\\\/\"},{\"@type\":\"ListItem\",\"position\":2,\"name\":\"Tienda\",\"item\":\"https:\\\/\\\/www.mexicanguitarplayers.com\\\/tienda\\\/\"},{\"@type\":\"ListItem\",\"position\":3,\"name\":\"TECLADO CONTROLADOR BEHRINGER MOD. SWING\"}]},{\"@type\":\"WebSite\",\"@id\":\"https:\\\/\\\/www.mexicanguitarplayers.com\\\/#website\",\"url\":\"https:\\\/\\\/www.mexicanguitarplayers.com\\\/\",\"name\":\"Mexican Guitar Players\",\"description\":\"Website\",\"publisher\":{\"@id\":\"https:\\\/\\\/www.mexicanguitarplayers.com\\\/#organization\"},\"potentialAction\":[{\"@type\":\"SearchAction\",\"target\":{\"@type\":\"EntryPoint\",\"urlTemplate\":\"https:\\\/\\\/www.mexicanguitarplayers.com\\\/?s={search_term_string}\"},\"query-input\":{\"@type\":\"PropertyValueSpecification\",\"valueRequired\":true,\"valueName\":\"search_term_string\"}}],\"inLanguage\":\"en-US\"},{\"@type\":\"Organization\",\"@id\":\"https:\\\/\\\/www.mexicanguitarplayers.com\\\/#organization\",\"name\":\"Mexican Guitar Players\",\"url\":\"https:\\\/\\\/www.mexicanguitarplayers.com\\\/\",\"logo\":{\"@type\":\"ImageObject\",\"inLanguage\":\"en-US\",\"@id\":\"https:\\\/\\\/www.mexicanguitarplayers.com\\\/#\\\/schema\\\/logo\\\/image\\\/\",\"url\":\"\",\"contentUrl\":\"\",\"caption\":\"Mexican Guitar Players\"},\"image\":{\"@id\":\"https:\\\/\\\/www.mexicanguitarplayers.com\\\/#\\\/schema\\\/logo\\\/image\\\/\"}}]}<\/script>\n<!-- \/ Yoast SEO plugin. -->","yoast_head_json":{"title":"TECLADO CONTROLADOR BEHRINGER MOD. SWING - Mexican Guitar Players","description":"Este teclado compacto cuenta con 32 teclas para una expresividad \u00f3ptima, con funcionalidad de velocidad y after-touch. Su secuenciador de 64 pasos ofrece polifon\u00eda de 8 notas con opciones de descanso, ligadura y entrada de notas legato. Adem\u00e1s, cuenta con un modo Chord Play que permite hasta 16 notas para bucles extensos y muestras de larga duraci\u00f3n, as\u00ed como un modo Arpeggiator con 8 notas simult\u00e1neas por paso y 8 estilos diferentes. Sus tiras t\u00e1ctiles de pitch y modulaci\u00f3n altamente reactivas ofrecen un rendimiento extremo y creativo, mientras que las funciones de control de rendimiento incluyen botones de grabaci\u00f3n, reproducci\u00f3n y detenci\u00f3n para controlar el secuenciador y el arpegiador. Con conectores CV\/Gate y Sync, USB compatible, MIDI Out y entrada de pedal de sustain, este teclado ofrece una conectividad vers\u00e1til para controlar sintetizadores, cajas de ritmos y otros equipos, todo en un dise\u00f1o compacto y alimentado por USB para una portabilidad \u00f3ptima.","robots":{"index":"index","follow":"follow","max-snippet":"max-snippet:-1","max-image-preview":"max-image-preview:large","max-video-preview":"max-video-preview:-1"},"canonical":"https:\/\/www.mexicanguitarplayers.com\/en\/tienda\/sin categor\u00eda\/teclado-controlador-behringer-mod-swing\/","og_locale":"en_US","og_type":"article","og_title":"TECLADO CONTROLADOR BEHRINGER MOD. SWING - Mexican Guitar Players","og_description":"Este teclado compacto cuenta con 32 teclas para una expresividad \u00f3ptima, con funcionalidad de velocidad y after-touch. Su secuenciador de 64 pasos ofrece polifon\u00eda de 8 notas con opciones de descanso, ligadura y entrada de notas legato. Adem\u00e1s, cuenta con un modo Chord Play que permite hasta 16 notas para bucles extensos y muestras de larga duraci\u00f3n, as\u00ed como un modo Arpeggiator con 8 notas simult\u00e1neas por paso y 8 estilos diferentes. Sus tiras t\u00e1ctiles de pitch y modulaci\u00f3n altamente reactivas ofrecen un rendimiento extremo y creativo, mientras que las funciones de control de rendimiento incluyen botones de grabaci\u00f3n, reproducci\u00f3n y detenci\u00f3n para controlar el secuenciador y el arpegiador. Con conectores CV\/Gate y Sync, USB compatible, MIDI Out y entrada de pedal de sustain, este teclado ofrece una conectividad vers\u00e1til para controlar sintetizadores, cajas de ritmos y otros equipos, todo en un dise\u00f1o compacto y alimentado por USB para una portabilidad \u00f3ptima.","og_url":"https:\/\/www.mexicanguitarplayers.com\/en\/tienda\/sin categor\u00eda\/teclado-controlador-behringer-mod-swing\/","og_site_name":"Mexican Guitar Players","article_modified_time":"2026-03-23T22:15:02+00:00","twitter_card":"summary_large_image","twitter_misc":{"Est. reading time":"1 minute"},"schema":{"@context":"https:\/\/schema.org","@graph":[{"@type":["WebPage","ItemPage"],"@id":"https:\/\/www.mexicanguitarplayers.com\/tienda\/sin categor\u00eda\/teclado-controlador-behringer-mod-swing\/","url":"https:\/\/www.mexicanguitarplayers.com\/tienda\/sin categor\u00eda\/teclado-controlador-behringer-mod-swing\/","name":"TECLADO CONTROLADOR BEHRINGER MOD. SWING - Mexican Guitar Players","isPartOf":{"@id":"https:\/\/www.mexicanguitarplayers.com\/#website"},"primaryImageOfPage":{"@id":"https:\/\/www.mexicanguitarplayers.com\/tienda\/sin categor\u00eda\/teclado-controlador-behringer-mod-swing\/#primaryimage"},"image":{"@id":"https:\/\/www.mexicanguitarplayers.com\/tienda\/sin categor\u00eda\/teclado-controlador-behringer-mod-swing\/#primaryimage"},"thumbnailUrl":"https:\/\/www.mexicanguitarplayers.com\/wp-content\/uploads\/2025\/04\/IABEHSWING-1.png","datePublished":"2025-04-09T22:17:05+00:00","dateModified":"2026-03-23T22:15:02+00:00","description":"Este teclado compacto cuenta con 32 teclas para una expresividad \u00f3ptima, con funcionalidad de velocidad y after-touch. Su secuenciador de 64 pasos ofrece polifon\u00eda de 8 notas con opciones de descanso, ligadura y entrada de notas legato. Adem\u00e1s, cuenta con un modo Chord Play que permite hasta 16 notas para bucles extensos y muestras de larga duraci\u00f3n, as\u00ed como un modo Arpeggiator con 8 notas simult\u00e1neas por paso y 8 estilos diferentes. Sus tiras t\u00e1ctiles de pitch y modulaci\u00f3n altamente reactivas ofrecen un rendimiento extremo y creativo, mientras que las funciones de control de rendimiento incluyen botones de grabaci\u00f3n, reproducci\u00f3n y detenci\u00f3n para controlar el secuenciador y el arpegiador. Con conectores CV\/Gate y Sync, USB compatible, MIDI Out y entrada de pedal de sustain, este teclado ofrece una conectividad vers\u00e1til para controlar sintetizadores, cajas de ritmos y otros equipos, todo en un dise\u00f1o compacto y alimentado por USB para una portabilidad \u00f3ptima.","breadcrumb":{"@id":"https:\/\/www.mexicanguitarplayers.com\/tienda\/sin categor\u00eda\/teclado-controlador-behringer-mod-swing\/#breadcrumb"},"inLanguage":"en-US","potentialAction":[{"@type":"ReadAction","target":["https:\/\/www.mexicanguitarplayers.com\/tienda\/sin categor\u00eda\/teclado-controlador-behringer-mod-swing\/"]}]},{"@type":"ImageObject","inLanguage":"en-US","@id":"https:\/\/www.mexicanguitarplayers.com\/tienda\/sin categor\u00eda\/teclado-controlador-behringer-mod-swing\/#primaryimage","url":"https:\/\/www.mexicanguitarplayers.com\/wp-content\/uploads\/2025\/04\/IABEHSWING-1.png","contentUrl":"https:\/\/www.mexicanguitarplayers.com\/wp-content\/uploads\/2025\/04\/IABEHSWING-1.png","width":1600,"height":800},{"@type":"BreadcrumbList","@id":"https:\/\/www.mexicanguitarplayers.com\/tienda\/sin categor\u00eda\/teclado-controlador-behringer-mod-swing\/#breadcrumb","itemListElement":[{"@type":"ListItem","position":1,"name":"Portada","item":"https:\/\/www.mexicanguitarplayers.com\/"},{"@type":"ListItem","position":2,"name":"Tienda","item":"https:\/\/www.mexicanguitarplayers.com\/tienda\/"},{"@type":"ListItem","position":3,"name":"TECLADO CONTROLADOR BEHRINGER MOD. SWING"}]},{"@type":"WebSite","@id":"https:\/\/www.mexicanguitarplayers.com\/#website","url":"https:\/\/www.mexicanguitarplayers.com\/","name":"Mexican Guitar Players","description":"Website","publisher":{"@id":"https:\/\/www.mexicanguitarplayers.com\/#organization"},"potentialAction":[{"@type":"SearchAction","target":{"@type":"EntryPoint","urlTemplate":"https:\/\/www.mexicanguitarplayers.com\/?s={search_term_string}"},"query-input":{"@type":"PropertyValueSpecification","valueRequired":true,"valueName":"search_term_string"}}],"inLanguage":"en-US"},{"@type":"Organization","@id":"https:\/\/www.mexicanguitarplayers.com\/#organization","name":"Mexican Guitar Players","url":"https:\/\/www.mexicanguitarplayers.com\/","logo":{"@type":"ImageObject","inLanguage":"en-US","@id":"https:\/\/www.mexicanguitarplayers.com\/#\/schema\/logo\/image\/","url":"","contentUrl":"","caption":"Mexican Guitar Players"},"image":{"@id":"https:\/\/www.mexicanguitarplayers.com\/#\/schema\/logo\/image\/"}}]}},"brands":[{"id":171,"name":"BEHRINGER","slug":"behringer"}],"_links":{"self":[{"href":"https:\/\/www.mexicanguitarplayers.com\/en\/wp-json\/wp\/v2\/product\/43867","targetHints":{"allow":["GET"]}}],"collection":[{"href":"https:\/\/www.mexicanguitarplayers.com\/en\/wp-json\/wp\/v2\/product"}],"about":[{"href":"https:\/\/www.mexicanguitarplayers.com\/en\/wp-json\/wp\/v2\/types\/product"}],"replies":[{"embeddable":true,"href":"https:\/\/www.mexicanguitarplayers.com\/en\/wp-json\/wp\/v2\/comments?post=43867"}],"wp:featuredmedia":[{"embeddable":true,"href":"https:\/\/www.mexicanguitarplayers.com\/en\/wp-json\/wp\/v2\/media\/43862"}],"wp:attachment":[{"href":"https:\/\/www.mexicanguitarplayers.com\/en\/wp-json\/wp\/v2\/media?parent=43867"}],"wp:term":[{"taxonomy":"pwb-brand","embeddable":true,"href":"https:\/\/www.mexicanguitarplayers.com\/en\/wp-json\/wp\/v2\/pwb-brand?post=43867"},{"taxonomy":"product_brand","embeddable":true,"href":"https:\/\/www.mexicanguitarplayers.com\/en\/wp-json\/wp\/v2\/product_brand?post=43867"},{"taxonomy":"product_cat","embeddable":true,"href":"https:\/\/www.mexicanguitarplayers.com\/en\/wp-json\/wp\/v2\/product_cat?post=43867"},{"taxonomy":"product_tag","embeddable":true,"href":"https:\/\/www.mexicanguitarplayers.com\/en\/wp-json\/wp\/v2\/product_tag?post=43867"}],"curies":[{"name":"wp","href":"https:\/\/api.w.org\/{rel}","templated":true}]}}