{"id":43930,"date":"2025-04-09T16:18:50","date_gmt":"2025-04-09T22:18:50","guid":{"rendered":"https:\/\/www.mexicanguitarplayers.com\/tienda\/sin categor\u00eda\/pedal-t-c-p-guitarra-echobrain-analog-d\/"},"modified":"2026-04-14T04:15:05","modified_gmt":"2026-04-14T10:15:05","slug":"pedal-t-c-p-guitarra-echobrain-analog-d","status":"publish","type":"product","link":"https:\/\/www.mexicanguitarplayers.com\/en\/tienda\/cuerdas\/efectos\/efectos-individuales\/pedal-t-c-p-guitarra-echobrain-analog-d\/","title":{"rendered":"PEDAL T.C. P\/GUITARRA ECHOBRAIN ANALOG D"},"content":{"rendered":"<div style=\"text-align: justify\">\n<div>\n<h3>The echoes of the past.<\/h3>\n<\/div>\n<div>EchoBrain es la elecci\u00f3n natural para cada vintage delay que haya por ah\u00ed. Con un dise\u00f1o cl\u00e1sico y completamente an\u00e1logo, este compacto pedal de delay se ajusta a ecos templados y magn\u00edficos retardos que alg\u00fan d\u00eda podr\u00edas necesitar, Tenlo listo para escuchar cantar el eco de los \u00e1ngeles. EchoBrain es tu boleto a los ic\u00f3nicos retardos del pasado. No encontrar\u00e1s ning\u00fan retardo digital pr\u00edstino o ecos futuristas multi tap aqu\u00ed. En su lugar encontrar\u00e1s exuberantes y org\u00e1nicas repeticiones para llevar tus notas m\u00e1s lejos en un ambiente brillante. Es perfecto para solos de Gilmouresque, slapbacks de Albert Lee-like  o progresiones en acordes post-rock. El circuito de entrada completamente an\u00e1logo del EchoBrain te dar\u00e1 hasta 300 ms de retardo. Con estos tiempos m\u00e1s bajos, tus ecos ser\u00e1n m\u00e1s pr\u00edstinos y penetrantes, pero cuanto m\u00e1s tiempo lo hagas, m\u00e1s comenzar\u00e1s a introducir ese efecto natural de alto nivel que es la esencia de un gran eco anal\u00f3gico.<\/div>\n<div>\n<h4>Quick look<\/h4>\n<\/div>\n<ul style=\"margin: 0px 0px 0px 25px\">\n<li style=\"list-style-type: circle;margin: 5px\">Entrance.<\/li>\n<li style=\"list-style-type: circle;margin: 5px\">Input impedance.<\/li>\n<li style=\"list-style-type: circle;margin: 5px\">Departure.<\/li>\n<li style=\"list-style-type: circle;margin: 5px\">Output impedance.<\/li>\n<li style=\"list-style-type: circle;margin: 5px\">Power input.<\/li>\n<li style=\"list-style-type: circle;margin: 5px\">Drums.<\/li>\n<li style=\"list-style-type: circle;margin: 5px\">Energy consumption.<\/li>\n<li style=\"list-style-type: circle;margin: 5px\">Dimensions.<\/li>\n<li style=\"list-style-type: circle;margin: 5px\">Weight.<\/li>\n<\/ul>\n<div>\n<div style=\"font-weight: bold\">Entrance.<\/div>\n<div>\n<p>1\/4 \u2033 TS unbalanced.<\/p>\n<\/div>\n<div style=\"font-weight: bold\">Input impedance.<\/div>\n<div>\n<p>&gt; 800 kohms.<\/p>\n<\/div>\n<div style=\"font-weight: bold\">Departure.<\/div>\n<div>\n<p>1\/4 \u2033 TS unbalanced.<\/p>\n<\/div>\n<div style=\"font-weight: bold\">Output impedance.<\/div>\n<div>\n<p>1 kohm.<\/p>\n<\/div>\n<div style=\"font-weight: bold\">Power input.<\/div>\n<div>\n<p>Standard 9 V DC, center negative,&gt; 100 mA.<\/p>\n<\/div>\n<div style=\"font-weight: bold\">Drums.<\/div>\n<div>\n<p>9V battery connector.<\/p>\n<\/div>\n<div style=\"font-weight: bold\">Energy consumption.<\/div>\n<div>\n<p>&lt;25 mA.<\/p>\n<\/div>\n<div style=\"font-weight: bold\">Dimensions.<\/div>\n<div>\n<p>58 x 74 x 132 mm.<\/p>\n<\/div>\n<div style=\"font-weight: bold\">Weight.<\/div>\n<div>\n<p>0.5 kg.<\/p>\n<\/div>\n<\/div>\n<div>\n<h4>Characteristics<\/h4>\n<\/div>\n<div>\n<ul style=\"margin: 0px 0px 0px 25px\">\n<li style=\"list-style-type: circle;margin: 5px\">Vintage style delay pedal.<\/li>\n<li style=\"list-style-type: circle;margin: 5px\">Completely analog circuit.<\/li>\n<li style=\"list-style-type: circle;margin: 5px\">300 ms delay.<\/li>\n<li style=\"list-style-type: circle;margin: 5px\">True bypass.<\/li>\n<li style=\"list-style-type: circle;margin: 5px\">Top-mounted I \/ O.<\/li>\n<li style=\"list-style-type: circle;margin: 5px\">You can create cool runaway delays.<\/li>\n<li style=\"list-style-type: circle;margin: 5px\">Chasis robusto y compacto,<\/li>\n<\/ul>\n<\/div>\n<\/div>","protected":false},"excerpt":{"rendered":"<p>Pedal delay estilo vintage para guitarra, circuito completamente an\u00e1logo, retardo de 300 ms, true bypass, top-mounted I\/O, puedes crear cool runaway delays, chasis robusto y compacto, utiliza adaptador DC o bater\u00eda de 9V (no incluidos), consumo de energ\u00eda: &lt;25 mA, dimensiones: 58 x 74 x 132 mm, peso: 0.5 kg.&hellip; <a class=\"kt-excerpt-readmore more-link\" href=\"https:\/\/www.mexicanguitarplayers.com\/en\/tienda\/cuerdas\/efectos\/efectos-individuales\/pedal-t-c-p-guitarra-echobrain-analog-d\/\">Read more<\/a><\/p>","protected":false},"featured_media":43928,"comment_status":"open","ping_status":"closed","template":"","meta":{"kt_blocks_editor_width":""},"pwb-brand":[170],"product_brand":[],"product_cat":[224,241,504],"product_tag":[],"class_list":{"0":"post-43930","1":"product","2":"type-product","3":"status-publish","4":"has-post-thumbnail","6":"pwb-brand-tc-electronic","7":"product_cat-cuerdas","8":"product_cat-efectos","9":"product_cat-efectos-individuales","10":"product_shipping_class-0-5-kg","12":"first","13":"outofstock","14":"taxable","15":"shipping-taxable","16":"purchasable","17":"product-type-simple"},"yoast_head":"<!-- This site is optimized with the Yoast SEO plugin v27.5 - https:\/\/yoast.com\/product\/yoast-seo-wordpress\/ -->\n<title>PEDAL T.C. P\/GUITARRA ECHOBRAIN ANALOG D - Mexican Guitar Players<\/title>\n<meta name=\"description\" content=\"Pedal delay estilo vintage para guitarra, circuito completamente an\u00e1logo, retardo de 300 ms, true bypass, top-mounted I\/O, puedes crear cool runaway delays, chasis robusto y compacto, utiliza adaptador DC o bater\u00eda de 9V (no incluidos), consumo de energ\u00eda: &lt;25 mA, dimensiones: 58 x 74 x 132 mm, peso: 0.5 kg.\" \/>\n<meta name=\"robots\" content=\"index, follow, max-snippet:-1, max-image-preview:large, max-video-preview:-1\" \/>\n<link rel=\"canonical\" href=\"https:\/\/www.mexicanguitarplayers.com\/en\/tienda\/sin%20categor\u00eda\/pedal-t-c-p-guitarra-echobrain-analog-d\/\" \/>\n<meta property=\"og:locale\" content=\"en_US\" \/>\n<meta property=\"og:type\" content=\"article\" \/>\n<meta property=\"og:title\" content=\"PEDAL T.C. P\/GUITARRA ECHOBRAIN ANALOG D - Mexican Guitar Players\" \/>\n<meta property=\"og:description\" content=\"Pedal delay estilo vintage para guitarra, circuito completamente an\u00e1logo, retardo de 300 ms, true bypass, top-mounted I\/O, puedes crear cool runaway delays, chasis robusto y compacto, utiliza adaptador DC o bater\u00eda de 9V (no incluidos), consumo de energ\u00eda: &lt;25 mA, dimensiones: 58 x 74 x 132 mm, peso: 0.5 kg.\" \/>\n<meta property=\"og:url\" content=\"https:\/\/www.mexicanguitarplayers.com\/en\/tienda\/sin categor\u00eda\/pedal-t-c-p-guitarra-echobrain-analog-d\/\" \/>\n<meta property=\"og:site_name\" content=\"Mexican Guitar Players\" \/>\n<meta property=\"article:modified_time\" content=\"2026-04-14T10:15:05+00:00\" \/>\n<meta name=\"twitter:card\" content=\"summary_large_image\" \/>\n<meta name=\"twitter:label1\" content=\"Est. reading time\" \/>\n\t<meta name=\"twitter:data1\" content=\"1 minute\" \/>\n<script type=\"application\/ld+json\" class=\"yoast-schema-graph\">{\"@context\":\"https:\\\/\\\/schema.org\",\"@graph\":[{\"@type\":[\"WebPage\",\"ItemPage\"],\"@id\":\"https:\\\/\\\/www.mexicanguitarplayers.com\\\/tienda\\\/sin categor\u00eda\\\/pedal-t-c-p-guitarra-echobrain-analog-d\\\/\",\"url\":\"https:\\\/\\\/www.mexicanguitarplayers.com\\\/tienda\\\/sin categor\u00eda\\\/pedal-t-c-p-guitarra-echobrain-analog-d\\\/\",\"name\":\"PEDAL T.C. P\\\/GUITARRA ECHOBRAIN ANALOG D - Mexican Guitar Players\",\"isPartOf\":{\"@id\":\"https:\\\/\\\/www.mexicanguitarplayers.com\\\/#website\"},\"primaryImageOfPage\":{\"@id\":\"https:\\\/\\\/www.mexicanguitarplayers.com\\\/tienda\\\/sin categor\u00eda\\\/pedal-t-c-p-guitarra-echobrain-analog-d\\\/#primaryimage\"},\"image\":{\"@id\":\"https:\\\/\\\/www.mexicanguitarplayers.com\\\/tienda\\\/sin categor\u00eda\\\/pedal-t-c-p-guitarra-echobrain-analog-d\\\/#primaryimage\"},\"thumbnailUrl\":\"https:\\\/\\\/www.mexicanguitarplayers.com\\\/wp-content\\\/uploads\\\/2025\\\/04\\\/VATCEECHOBRDIS-1.jpg\",\"datePublished\":\"2025-04-09T22:18:50+00:00\",\"dateModified\":\"2026-04-14T10:15:05+00:00\",\"description\":\"Pedal delay estilo vintage para guitarra, circuito completamente an\u00e1logo, retardo de 300 ms, true bypass, top-mounted I\\\/O, puedes crear cool runaway delays, chasis robusto y compacto, utiliza adaptador DC o bater\u00eda de 9V (no incluidos), consumo de energ\u00eda: &lt;25 mA, dimensiones: 58 x 74 x 132 mm, peso: 0.5 kg.\",\"breadcrumb\":{\"@id\":\"https:\\\/\\\/www.mexicanguitarplayers.com\\\/tienda\\\/sin categor\u00eda\\\/pedal-t-c-p-guitarra-echobrain-analog-d\\\/#breadcrumb\"},\"inLanguage\":\"en-US\",\"potentialAction\":[{\"@type\":\"ReadAction\",\"target\":[\"https:\\\/\\\/www.mexicanguitarplayers.com\\\/tienda\\\/sin categor\u00eda\\\/pedal-t-c-p-guitarra-echobrain-analog-d\\\/\"]}]},{\"@type\":\"ImageObject\",\"inLanguage\":\"en-US\",\"@id\":\"https:\\\/\\\/www.mexicanguitarplayers.com\\\/tienda\\\/sin categor\u00eda\\\/pedal-t-c-p-guitarra-echobrain-analog-d\\\/#primaryimage\",\"url\":\"https:\\\/\\\/www.mexicanguitarplayers.com\\\/wp-content\\\/uploads\\\/2025\\\/04\\\/VATCEECHOBRDIS-1.jpg\",\"contentUrl\":\"https:\\\/\\\/www.mexicanguitarplayers.com\\\/wp-content\\\/uploads\\\/2025\\\/04\\\/VATCEECHOBRDIS-1.jpg\",\"width\":1200,\"height\":1200},{\"@type\":\"BreadcrumbList\",\"@id\":\"https:\\\/\\\/www.mexicanguitarplayers.com\\\/tienda\\\/sin categor\u00eda\\\/pedal-t-c-p-guitarra-echobrain-analog-d\\\/#breadcrumb\",\"itemListElement\":[{\"@type\":\"ListItem\",\"position\":1,\"name\":\"Portada\",\"item\":\"https:\\\/\\\/www.mexicanguitarplayers.com\\\/\"},{\"@type\":\"ListItem\",\"position\":2,\"name\":\"Tienda\",\"item\":\"https:\\\/\\\/www.mexicanguitarplayers.com\\\/tienda\\\/\"},{\"@type\":\"ListItem\",\"position\":3,\"name\":\"PEDAL T.C. P\\\/GUITARRA ECHOBRAIN ANALOG D\"}]},{\"@type\":\"WebSite\",\"@id\":\"https:\\\/\\\/www.mexicanguitarplayers.com\\\/#website\",\"url\":\"https:\\\/\\\/www.mexicanguitarplayers.com\\\/\",\"name\":\"Mexican Guitar Players\",\"description\":\"Website\",\"publisher\":{\"@id\":\"https:\\\/\\\/www.mexicanguitarplayers.com\\\/#organization\"},\"potentialAction\":[{\"@type\":\"SearchAction\",\"target\":{\"@type\":\"EntryPoint\",\"urlTemplate\":\"https:\\\/\\\/www.mexicanguitarplayers.com\\\/?s={search_term_string}\"},\"query-input\":{\"@type\":\"PropertyValueSpecification\",\"valueRequired\":true,\"valueName\":\"search_term_string\"}}],\"inLanguage\":\"en-US\"},{\"@type\":\"Organization\",\"@id\":\"https:\\\/\\\/www.mexicanguitarplayers.com\\\/#organization\",\"name\":\"Mexican Guitar Players\",\"url\":\"https:\\\/\\\/www.mexicanguitarplayers.com\\\/\",\"logo\":{\"@type\":\"ImageObject\",\"inLanguage\":\"en-US\",\"@id\":\"https:\\\/\\\/www.mexicanguitarplayers.com\\\/#\\\/schema\\\/logo\\\/image\\\/\",\"url\":\"\",\"contentUrl\":\"\",\"caption\":\"Mexican Guitar Players\"},\"image\":{\"@id\":\"https:\\\/\\\/www.mexicanguitarplayers.com\\\/#\\\/schema\\\/logo\\\/image\\\/\"}}]}<\/script>\n<!-- \/ Yoast SEO plugin. -->","yoast_head_json":{"title":"PEDAL T.C. P\/GUITARRA ECHOBRAIN ANALOG D - Mexican Guitar Players","description":"Pedal delay estilo vintage para guitarra, circuito completamente an\u00e1logo, retardo de 300 ms, true bypass, top-mounted I\/O, puedes crear cool runaway delays, chasis robusto y compacto, utiliza adaptador DC o bater\u00eda de 9V (no incluidos), consumo de energ\u00eda: &lt;25 mA, dimensiones: 58 x 74 x 132 mm, peso: 0.5 kg.","robots":{"index":"index","follow":"follow","max-snippet":"max-snippet:-1","max-image-preview":"max-image-preview:large","max-video-preview":"max-video-preview:-1"},"canonical":"https:\/\/www.mexicanguitarplayers.com\/en\/tienda\/sin categor\u00eda\/pedal-t-c-p-guitarra-echobrain-analog-d\/","og_locale":"en_US","og_type":"article","og_title":"PEDAL T.C. P\/GUITARRA ECHOBRAIN ANALOG D - Mexican Guitar Players","og_description":"Pedal delay estilo vintage para guitarra, circuito completamente an\u00e1logo, retardo de 300 ms, true bypass, top-mounted I\/O, puedes crear cool runaway delays, chasis robusto y compacto, utiliza adaptador DC o bater\u00eda de 9V (no incluidos), consumo de energ\u00eda: &lt;25 mA, dimensiones: 58 x 74 x 132 mm, peso: 0.5 kg.","og_url":"https:\/\/www.mexicanguitarplayers.com\/en\/tienda\/sin categor\u00eda\/pedal-t-c-p-guitarra-echobrain-analog-d\/","og_site_name":"Mexican Guitar Players","article_modified_time":"2026-04-14T10:15:05+00:00","twitter_card":"summary_large_image","twitter_misc":{"Est. reading time":"1 minute"},"schema":{"@context":"https:\/\/schema.org","@graph":[{"@type":["WebPage","ItemPage"],"@id":"https:\/\/www.mexicanguitarplayers.com\/tienda\/sin categor\u00eda\/pedal-t-c-p-guitarra-echobrain-analog-d\/","url":"https:\/\/www.mexicanguitarplayers.com\/tienda\/sin categor\u00eda\/pedal-t-c-p-guitarra-echobrain-analog-d\/","name":"PEDAL T.C. P\/GUITARRA ECHOBRAIN ANALOG D - Mexican Guitar Players","isPartOf":{"@id":"https:\/\/www.mexicanguitarplayers.com\/#website"},"primaryImageOfPage":{"@id":"https:\/\/www.mexicanguitarplayers.com\/tienda\/sin categor\u00eda\/pedal-t-c-p-guitarra-echobrain-analog-d\/#primaryimage"},"image":{"@id":"https:\/\/www.mexicanguitarplayers.com\/tienda\/sin categor\u00eda\/pedal-t-c-p-guitarra-echobrain-analog-d\/#primaryimage"},"thumbnailUrl":"https:\/\/www.mexicanguitarplayers.com\/wp-content\/uploads\/2025\/04\/VATCEECHOBRDIS-1.jpg","datePublished":"2025-04-09T22:18:50+00:00","dateModified":"2026-04-14T10:15:05+00:00","description":"Pedal delay estilo vintage para guitarra, circuito completamente an\u00e1logo, retardo de 300 ms, true bypass, top-mounted I\/O, puedes crear cool runaway delays, chasis robusto y compacto, utiliza adaptador DC o bater\u00eda de 9V (no incluidos), consumo de energ\u00eda: &lt;25 mA, dimensiones: 58 x 74 x 132 mm, peso: 0.5 kg.","breadcrumb":{"@id":"https:\/\/www.mexicanguitarplayers.com\/tienda\/sin categor\u00eda\/pedal-t-c-p-guitarra-echobrain-analog-d\/#breadcrumb"},"inLanguage":"en-US","potentialAction":[{"@type":"ReadAction","target":["https:\/\/www.mexicanguitarplayers.com\/tienda\/sin categor\u00eda\/pedal-t-c-p-guitarra-echobrain-analog-d\/"]}]},{"@type":"ImageObject","inLanguage":"en-US","@id":"https:\/\/www.mexicanguitarplayers.com\/tienda\/sin categor\u00eda\/pedal-t-c-p-guitarra-echobrain-analog-d\/#primaryimage","url":"https:\/\/www.mexicanguitarplayers.com\/wp-content\/uploads\/2025\/04\/VATCEECHOBRDIS-1.jpg","contentUrl":"https:\/\/www.mexicanguitarplayers.com\/wp-content\/uploads\/2025\/04\/VATCEECHOBRDIS-1.jpg","width":1200,"height":1200},{"@type":"BreadcrumbList","@id":"https:\/\/www.mexicanguitarplayers.com\/tienda\/sin categor\u00eda\/pedal-t-c-p-guitarra-echobrain-analog-d\/#breadcrumb","itemListElement":[{"@type":"ListItem","position":1,"name":"Portada","item":"https:\/\/www.mexicanguitarplayers.com\/"},{"@type":"ListItem","position":2,"name":"Tienda","item":"https:\/\/www.mexicanguitarplayers.com\/tienda\/"},{"@type":"ListItem","position":3,"name":"PEDAL T.C. P\/GUITARRA ECHOBRAIN ANALOG D"}]},{"@type":"WebSite","@id":"https:\/\/www.mexicanguitarplayers.com\/#website","url":"https:\/\/www.mexicanguitarplayers.com\/","name":"Mexican Guitar Players","description":"Website","publisher":{"@id":"https:\/\/www.mexicanguitarplayers.com\/#organization"},"potentialAction":[{"@type":"SearchAction","target":{"@type":"EntryPoint","urlTemplate":"https:\/\/www.mexicanguitarplayers.com\/?s={search_term_string}"},"query-input":{"@type":"PropertyValueSpecification","valueRequired":true,"valueName":"search_term_string"}}],"inLanguage":"en-US"},{"@type":"Organization","@id":"https:\/\/www.mexicanguitarplayers.com\/#organization","name":"Mexican Guitar Players","url":"https:\/\/www.mexicanguitarplayers.com\/","logo":{"@type":"ImageObject","inLanguage":"en-US","@id":"https:\/\/www.mexicanguitarplayers.com\/#\/schema\/logo\/image\/","url":"","contentUrl":"","caption":"Mexican Guitar Players"},"image":{"@id":"https:\/\/www.mexicanguitarplayers.com\/#\/schema\/logo\/image\/"}}]}},"brands":[{"id":170,"name":"TC-ELECTRONIC","slug":"tc-electronic"}],"_links":{"self":[{"href":"https:\/\/www.mexicanguitarplayers.com\/en\/wp-json\/wp\/v2\/product\/43930","targetHints":{"allow":["GET"]}}],"collection":[{"href":"https:\/\/www.mexicanguitarplayers.com\/en\/wp-json\/wp\/v2\/product"}],"about":[{"href":"https:\/\/www.mexicanguitarplayers.com\/en\/wp-json\/wp\/v2\/types\/product"}],"replies":[{"embeddable":true,"href":"https:\/\/www.mexicanguitarplayers.com\/en\/wp-json\/wp\/v2\/comments?post=43930"}],"wp:featuredmedia":[{"embeddable":true,"href":"https:\/\/www.mexicanguitarplayers.com\/en\/wp-json\/wp\/v2\/media\/43928"}],"wp:attachment":[{"href":"https:\/\/www.mexicanguitarplayers.com\/en\/wp-json\/wp\/v2\/media?parent=43930"}],"wp:term":[{"taxonomy":"pwb-brand","embeddable":true,"href":"https:\/\/www.mexicanguitarplayers.com\/en\/wp-json\/wp\/v2\/pwb-brand?post=43930"},{"taxonomy":"product_brand","embeddable":true,"href":"https:\/\/www.mexicanguitarplayers.com\/en\/wp-json\/wp\/v2\/product_brand?post=43930"},{"taxonomy":"product_cat","embeddable":true,"href":"https:\/\/www.mexicanguitarplayers.com\/en\/wp-json\/wp\/v2\/product_cat?post=43930"},{"taxonomy":"product_tag","embeddable":true,"href":"https:\/\/www.mexicanguitarplayers.com\/en\/wp-json\/wp\/v2\/product_tag?post=43930"}],"curies":[{"name":"wp","href":"https:\/\/api.w.org\/{rel}","templated":true}]}}