{"id":43934,"date":"2025-04-09T16:18:56","date_gmt":"2025-04-09T22:18:56","guid":{"rendered":"https:\/\/www.mexicanguitarplayers.com\/tienda\/sin categor\u00eda\/pedal-behringer-um300-ultra-metal\/"},"modified":"2026-05-01T07:15:14","modified_gmt":"2026-05-01T13:15:14","slug":"pedal-behringer-um300-ultra-metal","status":"publish","type":"product","link":"https:\/\/www.mexicanguitarplayers.com\/en\/tienda\/cuerdas\/efectos\/efectos-individuales\/pedal-behringer-um300-ultra-metal\/","title":{"rendered":"PEDAL BEHRINGER UM300 ULTRA METAL"},"content":{"rendered":"<div style=\"text-align: justify\">\n<div>\n<h3>The full sound of metal.<\/h3>\n<\/div>\n<div>Con el UM300 ULTRA METAL, no s\u00f3lo consigues control sobre los medios, puedes micro manejarlos. Metal al m\u00e1ximo. El UM300 te ofrece los sonidos m\u00e1s exigentes del hard rock y heavy metal, con una distorsi\u00f3n s\u00faper gruesa similar a la de un bulbo y un sustain pr\u00e1cticamente infinito. El arte del sonido. Al igual que la mayor\u00eda de los pedales de distorsi\u00f3n cuentan con controles para Distortion y Level y los controles High y Low te permiten marcar la cantidad de grave que desees, pero la similitud de este pedal con todos los dem\u00e1s termina ah\u00ed. Al igual que nuestras mezcladoras de clase mundial hemos dado al UM300 un control de frecuencia media, lo que te permite seleccionar una frecuencia de rango medio (de 200 Hz a 5 kHz) y boost\/cut hasta 15 dB.<\/div>\n<div>\n<h4>Quick look<\/h4>\n<\/div>\n<ul style=\"margin: 0px 0px 0px 25px\">\n<li style=\"list-style-type: circle;margin: 5px\">Entrance.<\/li>\n<li style=\"list-style-type: circle;margin: 5px\">Departure.<\/li>\n<li style=\"list-style-type: circle;margin: 5px\">Power supply.<\/li>\n<li style=\"list-style-type: circle;margin: 5px\">Dimensions.<\/li>\n<li style=\"list-style-type: circle;margin: 5px\">Weight.<\/li>\n<\/ul>\n<div>\n<div style=\"font-weight: bold\">Entrance.<\/div>\n<div>\n<p>Conector: Jack mono de 6.3 mm.Impedancia: 500 kohms.<\/p>\n<\/div>\n<div style=\"font-weight: bold\">Departure.<\/div>\n<div>\n<p>Conector: Jack mono de 6.3 mm.Impedancia: 1 kohm.<\/p>\n<\/div>\n<div style=\"font-weight: bold\">Power supply.<\/div>\n<div>\n<p>9V~, 100 mA regulada.120V, 60 Hz.Conector de alimentaci\u00f3n: Jack DC de 2 mm, centro negativo.Consumo de corriente: 30 mA.<\/p>\n<\/div>\n<div style=\"font-weight: bold\">Dimensions.<\/div>\n<div>\n<p>54 x 70 x 123 mm.<\/p>\n<\/div>\n<div style=\"font-weight: bold\">Weight.<\/div>\n<div>\n<p>0.33 kg.<\/p>\n<\/div>\n<\/div>\n<\/div>","protected":false},"excerpt":{"rendered":"<p>Pedal de distorsi\u00f3n Ultra Metal, despega con la m\u00e1s extrema y buscada distorsi\u00f3nde rock o heavy metal, circuito de ganancia m\u00faltiple para darte una distorsi\u00f3ns\u00faper gruesa similar a la de un bulbo y un sustain sin fin, controles dedicadospara Distortion, Level y ecualizador de 3 bandas para una formaci\u00f3n formidable del sonido, LED de estado para activar y desactivar el efecto y checar la bater\u00eda, funciona con una pila de 9V o con un adaptador de corriente PSU-SB DC de Behringer (no incluido), interruptor electr\u00f3nico On\/Off de primera clase para una mayor integridad de la se\u00f1al en modo bypass, dimensiones: 54 x 70 x 123 mm, peso: 0.33 kg.&hellip; <a class=\"kt-excerpt-readmore more-link\" href=\"https:\/\/www.mexicanguitarplayers.com\/en\/tienda\/cuerdas\/efectos\/efectos-individuales\/pedal-behringer-um300-ultra-metal\/\">Read more<\/a><\/p>","protected":false},"featured_media":43931,"comment_status":"open","ping_status":"closed","template":"","meta":{"kt_blocks_editor_width":""},"pwb-brand":[171],"product_brand":[],"product_cat":[224,241,504],"product_tag":[],"class_list":{"0":"post-43934","1":"product","2":"type-product","3":"status-publish","4":"has-post-thumbnail","6":"pwb-brand-behringer","7":"product_cat-cuerdas","8":"product_cat-efectos","9":"product_cat-efectos-individuales","10":"product_shipping_class-0-5-kg","12":"first","13":"instock","14":"taxable","15":"shipping-taxable","16":"purchasable","17":"product-type-simple"},"yoast_head":"<!-- This site is optimized with the Yoast SEO plugin v27.6 - https:\/\/yoast.com\/product\/yoast-seo-wordpress\/ -->\n<title>PEDAL BEHRINGER UM300 ULTRA METAL - Mexican Guitar Players<\/title>\n<meta name=\"description\" content=\"Pedal de distorsi\u00f3n Ultra Metal, despega con la m\u00e1s extrema y buscada distorsi\u00f3nde rock o heavy metal, circuito de ganancia m\u00faltiple para darte una distorsi\u00f3ns\u00faper gruesa similar a la de un bulbo y un sustain sin fin, controles dedicadospara Distortion, Level y ecualizador de 3 bandas para una formaci\u00f3n formidable del sonido, LED de estado para activar y desactivar el efecto y checar la bater\u00eda, funciona con una pila de 9V o con un adaptador de corriente PSU-SB DC de Behringer (no incluido), interruptor electr\u00f3nico On\/Off de primera clase para una mayor integridad de la se\u00f1al en modo bypass, dimensiones: 54 x 70 x 123 mm, peso: 0.33 kg.\" \/>\n<meta name=\"robots\" content=\"index, follow, max-snippet:-1, max-image-preview:large, max-video-preview:-1\" \/>\n<link rel=\"canonical\" href=\"https:\/\/www.mexicanguitarplayers.com\/en\/tienda\/sin%20categor\u00eda\/pedal-behringer-um300-ultra-metal\/\" \/>\n<meta property=\"og:locale\" content=\"en_US\" \/>\n<meta property=\"og:type\" content=\"article\" \/>\n<meta property=\"og:title\" content=\"PEDAL BEHRINGER UM300 ULTRA METAL - Mexican Guitar Players\" \/>\n<meta property=\"og:description\" content=\"Pedal de distorsi\u00f3n Ultra Metal, despega con la m\u00e1s extrema y buscada distorsi\u00f3nde rock o heavy metal, circuito de ganancia m\u00faltiple para darte una distorsi\u00f3ns\u00faper gruesa similar a la de un bulbo y un sustain sin fin, controles dedicadospara Distortion, Level y ecualizador de 3 bandas para una formaci\u00f3n formidable del sonido, LED de estado para activar y desactivar el efecto y checar la bater\u00eda, funciona con una pila de 9V o con un adaptador de corriente PSU-SB DC de Behringer (no incluido), interruptor electr\u00f3nico On\/Off de primera clase para una mayor integridad de la se\u00f1al en modo bypass, dimensiones: 54 x 70 x 123 mm, peso: 0.33 kg.\" \/>\n<meta property=\"og:url\" content=\"https:\/\/www.mexicanguitarplayers.com\/en\/tienda\/sin categor\u00eda\/pedal-behringer-um300-ultra-metal\/\" \/>\n<meta property=\"og:site_name\" content=\"Mexican Guitar Players\" \/>\n<meta property=\"article:modified_time\" content=\"2026-05-01T13:15:14+00:00\" \/>\n<meta name=\"twitter:card\" content=\"summary_large_image\" \/>\n<meta name=\"twitter:label1\" content=\"Est. reading time\" \/>\n\t<meta name=\"twitter:data1\" content=\"1 minute\" \/>\n<script type=\"application\/ld+json\" class=\"yoast-schema-graph\">{\"@context\":\"https:\\\/\\\/schema.org\",\"@graph\":[{\"@type\":[\"WebPage\",\"ItemPage\"],\"@id\":\"https:\\\/\\\/www.mexicanguitarplayers.com\\\/tienda\\\/sin categor\u00eda\\\/pedal-behringer-um300-ultra-metal\\\/\",\"url\":\"https:\\\/\\\/www.mexicanguitarplayers.com\\\/tienda\\\/sin categor\u00eda\\\/pedal-behringer-um300-ultra-metal\\\/\",\"name\":\"PEDAL BEHRINGER UM300 ULTRA METAL - Mexican Guitar Players\",\"isPartOf\":{\"@id\":\"https:\\\/\\\/www.mexicanguitarplayers.com\\\/#website\"},\"primaryImageOfPage\":{\"@id\":\"https:\\\/\\\/www.mexicanguitarplayers.com\\\/tienda\\\/sin categor\u00eda\\\/pedal-behringer-um300-ultra-metal\\\/#primaryimage\"},\"image\":{\"@id\":\"https:\\\/\\\/www.mexicanguitarplayers.com\\\/tienda\\\/sin categor\u00eda\\\/pedal-behringer-um300-ultra-metal\\\/#primaryimage\"},\"thumbnailUrl\":\"https:\\\/\\\/www.mexicanguitarplayers.com\\\/wp-content\\\/uploads\\\/2025\\\/04\\\/VABEHUM300-1.jpg\",\"datePublished\":\"2025-04-09T22:18:56+00:00\",\"dateModified\":\"2026-05-01T13:15:14+00:00\",\"description\":\"Pedal de distorsi\u00f3n Ultra Metal, despega con la m\u00e1s extrema y buscada distorsi\u00f3nde rock o heavy metal, circuito de ganancia m\u00faltiple para darte una distorsi\u00f3ns\u00faper gruesa similar a la de un bulbo y un sustain sin fin, controles dedicadospara Distortion, Level y ecualizador de 3 bandas para una formaci\u00f3n formidable del sonido, LED de estado para activar y desactivar el efecto y checar la bater\u00eda, funciona con una pila de 9V o con un adaptador de corriente PSU-SB DC de Behringer (no incluido), interruptor electr\u00f3nico On\\\/Off de primera clase para una mayor integridad de la se\u00f1al en modo bypass, dimensiones: 54 x 70 x 123 mm, peso: 0.33 kg.\",\"breadcrumb\":{\"@id\":\"https:\\\/\\\/www.mexicanguitarplayers.com\\\/tienda\\\/sin categor\u00eda\\\/pedal-behringer-um300-ultra-metal\\\/#breadcrumb\"},\"inLanguage\":\"en-US\",\"potentialAction\":[{\"@type\":\"ReadAction\",\"target\":[\"https:\\\/\\\/www.mexicanguitarplayers.com\\\/tienda\\\/sin categor\u00eda\\\/pedal-behringer-um300-ultra-metal\\\/\"]}]},{\"@type\":\"ImageObject\",\"inLanguage\":\"en-US\",\"@id\":\"https:\\\/\\\/www.mexicanguitarplayers.com\\\/tienda\\\/sin categor\u00eda\\\/pedal-behringer-um300-ultra-metal\\\/#primaryimage\",\"url\":\"https:\\\/\\\/www.mexicanguitarplayers.com\\\/wp-content\\\/uploads\\\/2025\\\/04\\\/VABEHUM300-1.jpg\",\"contentUrl\":\"https:\\\/\\\/www.mexicanguitarplayers.com\\\/wp-content\\\/uploads\\\/2025\\\/04\\\/VABEHUM300-1.jpg\",\"width\":1200,\"height\":1200},{\"@type\":\"BreadcrumbList\",\"@id\":\"https:\\\/\\\/www.mexicanguitarplayers.com\\\/tienda\\\/sin categor\u00eda\\\/pedal-behringer-um300-ultra-metal\\\/#breadcrumb\",\"itemListElement\":[{\"@type\":\"ListItem\",\"position\":1,\"name\":\"Portada\",\"item\":\"https:\\\/\\\/www.mexicanguitarplayers.com\\\/\"},{\"@type\":\"ListItem\",\"position\":2,\"name\":\"Tienda\",\"item\":\"https:\\\/\\\/www.mexicanguitarplayers.com\\\/tienda\\\/\"},{\"@type\":\"ListItem\",\"position\":3,\"name\":\"PEDAL BEHRINGER UM300 ULTRA METAL\"}]},{\"@type\":\"WebSite\",\"@id\":\"https:\\\/\\\/www.mexicanguitarplayers.com\\\/#website\",\"url\":\"https:\\\/\\\/www.mexicanguitarplayers.com\\\/\",\"name\":\"Mexican Guitar Players\",\"description\":\"Website\",\"publisher\":{\"@id\":\"https:\\\/\\\/www.mexicanguitarplayers.com\\\/#organization\"},\"potentialAction\":[{\"@type\":\"SearchAction\",\"target\":{\"@type\":\"EntryPoint\",\"urlTemplate\":\"https:\\\/\\\/www.mexicanguitarplayers.com\\\/?s={search_term_string}\"},\"query-input\":{\"@type\":\"PropertyValueSpecification\",\"valueRequired\":true,\"valueName\":\"search_term_string\"}}],\"inLanguage\":\"en-US\"},{\"@type\":\"Organization\",\"@id\":\"https:\\\/\\\/www.mexicanguitarplayers.com\\\/#organization\",\"name\":\"Mexican Guitar Players\",\"url\":\"https:\\\/\\\/www.mexicanguitarplayers.com\\\/\",\"logo\":{\"@type\":\"ImageObject\",\"inLanguage\":\"en-US\",\"@id\":\"https:\\\/\\\/www.mexicanguitarplayers.com\\\/#\\\/schema\\\/logo\\\/image\\\/\",\"url\":\"\",\"contentUrl\":\"\",\"caption\":\"Mexican Guitar Players\"},\"image\":{\"@id\":\"https:\\\/\\\/www.mexicanguitarplayers.com\\\/#\\\/schema\\\/logo\\\/image\\\/\"}}]}<\/script>\n<!-- \/ Yoast SEO plugin. -->","yoast_head_json":{"title":"PEDAL BEHRINGER UM300 ULTRA METAL - Mexican Guitar Players","description":"Pedal de distorsi\u00f3n Ultra Metal, despega con la m\u00e1s extrema y buscada distorsi\u00f3nde rock o heavy metal, circuito de ganancia m\u00faltiple para darte una distorsi\u00f3ns\u00faper gruesa similar a la de un bulbo y un sustain sin fin, controles dedicadospara Distortion, Level y ecualizador de 3 bandas para una formaci\u00f3n formidable del sonido, LED de estado para activar y desactivar el efecto y checar la bater\u00eda, funciona con una pila de 9V o con un adaptador de corriente PSU-SB DC de Behringer (no incluido), interruptor electr\u00f3nico On\/Off de primera clase para una mayor integridad de la se\u00f1al en modo bypass, dimensiones: 54 x 70 x 123 mm, peso: 0.33 kg.","robots":{"index":"index","follow":"follow","max-snippet":"max-snippet:-1","max-image-preview":"max-image-preview:large","max-video-preview":"max-video-preview:-1"},"canonical":"https:\/\/www.mexicanguitarplayers.com\/en\/tienda\/sin categor\u00eda\/pedal-behringer-um300-ultra-metal\/","og_locale":"en_US","og_type":"article","og_title":"PEDAL BEHRINGER UM300 ULTRA METAL - Mexican Guitar Players","og_description":"Pedal de distorsi\u00f3n Ultra Metal, despega con la m\u00e1s extrema y buscada distorsi\u00f3nde rock o heavy metal, circuito de ganancia m\u00faltiple para darte una distorsi\u00f3ns\u00faper gruesa similar a la de un bulbo y un sustain sin fin, controles dedicadospara Distortion, Level y ecualizador de 3 bandas para una formaci\u00f3n formidable del sonido, LED de estado para activar y desactivar el efecto y checar la bater\u00eda, funciona con una pila de 9V o con un adaptador de corriente PSU-SB DC de Behringer (no incluido), interruptor electr\u00f3nico On\/Off de primera clase para una mayor integridad de la se\u00f1al en modo bypass, dimensiones: 54 x 70 x 123 mm, peso: 0.33 kg.","og_url":"https:\/\/www.mexicanguitarplayers.com\/en\/tienda\/sin categor\u00eda\/pedal-behringer-um300-ultra-metal\/","og_site_name":"Mexican Guitar Players","article_modified_time":"2026-05-01T13:15:14+00:00","twitter_card":"summary_large_image","twitter_misc":{"Est. reading time":"1 minute"},"schema":{"@context":"https:\/\/schema.org","@graph":[{"@type":["WebPage","ItemPage"],"@id":"https:\/\/www.mexicanguitarplayers.com\/tienda\/sin categor\u00eda\/pedal-behringer-um300-ultra-metal\/","url":"https:\/\/www.mexicanguitarplayers.com\/tienda\/sin categor\u00eda\/pedal-behringer-um300-ultra-metal\/","name":"PEDAL BEHRINGER UM300 ULTRA METAL - Mexican Guitar Players","isPartOf":{"@id":"https:\/\/www.mexicanguitarplayers.com\/#website"},"primaryImageOfPage":{"@id":"https:\/\/www.mexicanguitarplayers.com\/tienda\/sin categor\u00eda\/pedal-behringer-um300-ultra-metal\/#primaryimage"},"image":{"@id":"https:\/\/www.mexicanguitarplayers.com\/tienda\/sin categor\u00eda\/pedal-behringer-um300-ultra-metal\/#primaryimage"},"thumbnailUrl":"https:\/\/www.mexicanguitarplayers.com\/wp-content\/uploads\/2025\/04\/VABEHUM300-1.jpg","datePublished":"2025-04-09T22:18:56+00:00","dateModified":"2026-05-01T13:15:14+00:00","description":"Pedal de distorsi\u00f3n Ultra Metal, despega con la m\u00e1s extrema y buscada distorsi\u00f3nde rock o heavy metal, circuito de ganancia m\u00faltiple para darte una distorsi\u00f3ns\u00faper gruesa similar a la de un bulbo y un sustain sin fin, controles dedicadospara Distortion, Level y ecualizador de 3 bandas para una formaci\u00f3n formidable del sonido, LED de estado para activar y desactivar el efecto y checar la bater\u00eda, funciona con una pila de 9V o con un adaptador de corriente PSU-SB DC de Behringer (no incluido), interruptor electr\u00f3nico On\/Off de primera clase para una mayor integridad de la se\u00f1al en modo bypass, dimensiones: 54 x 70 x 123 mm, peso: 0.33 kg.","breadcrumb":{"@id":"https:\/\/www.mexicanguitarplayers.com\/tienda\/sin categor\u00eda\/pedal-behringer-um300-ultra-metal\/#breadcrumb"},"inLanguage":"en-US","potentialAction":[{"@type":"ReadAction","target":["https:\/\/www.mexicanguitarplayers.com\/tienda\/sin categor\u00eda\/pedal-behringer-um300-ultra-metal\/"]}]},{"@type":"ImageObject","inLanguage":"en-US","@id":"https:\/\/www.mexicanguitarplayers.com\/tienda\/sin categor\u00eda\/pedal-behringer-um300-ultra-metal\/#primaryimage","url":"https:\/\/www.mexicanguitarplayers.com\/wp-content\/uploads\/2025\/04\/VABEHUM300-1.jpg","contentUrl":"https:\/\/www.mexicanguitarplayers.com\/wp-content\/uploads\/2025\/04\/VABEHUM300-1.jpg","width":1200,"height":1200},{"@type":"BreadcrumbList","@id":"https:\/\/www.mexicanguitarplayers.com\/tienda\/sin categor\u00eda\/pedal-behringer-um300-ultra-metal\/#breadcrumb","itemListElement":[{"@type":"ListItem","position":1,"name":"Portada","item":"https:\/\/www.mexicanguitarplayers.com\/"},{"@type":"ListItem","position":2,"name":"Tienda","item":"https:\/\/www.mexicanguitarplayers.com\/tienda\/"},{"@type":"ListItem","position":3,"name":"PEDAL BEHRINGER UM300 ULTRA METAL"}]},{"@type":"WebSite","@id":"https:\/\/www.mexicanguitarplayers.com\/#website","url":"https:\/\/www.mexicanguitarplayers.com\/","name":"Mexican Guitar Players","description":"Website","publisher":{"@id":"https:\/\/www.mexicanguitarplayers.com\/#organization"},"potentialAction":[{"@type":"SearchAction","target":{"@type":"EntryPoint","urlTemplate":"https:\/\/www.mexicanguitarplayers.com\/?s={search_term_string}"},"query-input":{"@type":"PropertyValueSpecification","valueRequired":true,"valueName":"search_term_string"}}],"inLanguage":"en-US"},{"@type":"Organization","@id":"https:\/\/www.mexicanguitarplayers.com\/#organization","name":"Mexican Guitar Players","url":"https:\/\/www.mexicanguitarplayers.com\/","logo":{"@type":"ImageObject","inLanguage":"en-US","@id":"https:\/\/www.mexicanguitarplayers.com\/#\/schema\/logo\/image\/","url":"","contentUrl":"","caption":"Mexican Guitar Players"},"image":{"@id":"https:\/\/www.mexicanguitarplayers.com\/#\/schema\/logo\/image\/"}}]}},"brands":[{"id":171,"name":"BEHRINGER","slug":"behringer"}],"_links":{"self":[{"href":"https:\/\/www.mexicanguitarplayers.com\/en\/wp-json\/wp\/v2\/product\/43934","targetHints":{"allow":["GET"]}}],"collection":[{"href":"https:\/\/www.mexicanguitarplayers.com\/en\/wp-json\/wp\/v2\/product"}],"about":[{"href":"https:\/\/www.mexicanguitarplayers.com\/en\/wp-json\/wp\/v2\/types\/product"}],"replies":[{"embeddable":true,"href":"https:\/\/www.mexicanguitarplayers.com\/en\/wp-json\/wp\/v2\/comments?post=43934"}],"wp:featuredmedia":[{"embeddable":true,"href":"https:\/\/www.mexicanguitarplayers.com\/en\/wp-json\/wp\/v2\/media\/43931"}],"wp:attachment":[{"href":"https:\/\/www.mexicanguitarplayers.com\/en\/wp-json\/wp\/v2\/media?parent=43934"}],"wp:term":[{"taxonomy":"pwb-brand","embeddable":true,"href":"https:\/\/www.mexicanguitarplayers.com\/en\/wp-json\/wp\/v2\/pwb-brand?post=43934"},{"taxonomy":"product_brand","embeddable":true,"href":"https:\/\/www.mexicanguitarplayers.com\/en\/wp-json\/wp\/v2\/product_brand?post=43934"},{"taxonomy":"product_cat","embeddable":true,"href":"https:\/\/www.mexicanguitarplayers.com\/en\/wp-json\/wp\/v2\/product_cat?post=43934"},{"taxonomy":"product_tag","embeddable":true,"href":"https:\/\/www.mexicanguitarplayers.com\/en\/wp-json\/wp\/v2\/product_tag?post=43934"}],"curies":[{"name":"wp","href":"https:\/\/api.w.org\/{rel}","templated":true}]}}