{"id":44033,"date":"2025-04-09T16:22:11","date_gmt":"2025-04-09T22:22:11","guid":{"rendered":"https:\/\/www.mexicanguitarplayers.com\/tienda\/sin categor\u00eda\/guitarra-mars-electrica-mod-jazz-satin\/"},"modified":"2026-05-01T07:15:12","modified_gmt":"2026-05-01T13:15:12","slug":"guitarra-mars-electrica-mod-jazz-satin","status":"publish","type":"product","link":"https:\/\/www.mexicanguitarplayers.com\/en\/tienda\/cuerdas\/guitarras-cuerdas\/electricas\/guitarras-electricas-semisolidas\/guitarra-mars-electrica-mod-jazz-satin\/","title":{"rendered":"GUITARRA MARS ELECTRICA MOD. JAZZ SATIN"},"content":{"rendered":"<div style=\"text-align: justify\">\n<div>\n<h3>Descubre la Elegancia Potente: Mars Electrica Jazz Satin<\/h3>\n<\/div>\n<div>La Mars Electrica Jazz Satin es una guitarra de alta gama con cuerpo de arce contrachapado y tapa de chapa de arce acolchado, que ofrece un tono potente y resonante. Equipada con dos humbuckers cer\u00e1micos, proporciona una amplia gama de tonos, desde c\u00e1lidos y suaves hasta distorsiones intensas. Con un puente Stop Bar Tail para estabilidad de afinaci\u00f3n y controles est\u00e1ndar de volumen y tono, junto con un selector de 3 posiciones, ofrece flexibilidad tonal y facilidad de ajuste. <\/div>\n<div>\n<h4>Quick look<\/h4>\n<\/div>\n<ul style=\"margin: 0px 0px 0px 25px\">\n<li style=\"list-style-type: circle;margin: 5px\">Colores disponibles<\/li>\n<li style=\"list-style-type: circle;margin: 5px\">Controls<\/li>\n<li style=\"list-style-type: circle;margin: 5px\">Puente<\/li>\n<li style=\"list-style-type: circle;margin: 5px\">Tablets<\/li>\n<li style=\"list-style-type: circle;margin: 5px\">Tapa<\/li>\n<li style=\"list-style-type: circle;margin: 5px\">Material del cuerpo<\/li>\n<li style=\"list-style-type: circle;margin: 5px\">Forma del cuerpo<\/li>\n<li style=\"list-style-type: circle;margin: 5px\">N\u00famero de trastes<\/li>\n<li style=\"list-style-type: circle;margin: 5px\">Escala de cuerda<\/li>\n<li style=\"list-style-type: circle;margin: 5px\">Ancho de nut<\/li>\n<li style=\"list-style-type: circle;margin: 5px\">Material de nut<\/li>\n<li style=\"list-style-type: circle;margin: 5px\">Diapas\u00f3n<\/li>\n<li style=\"list-style-type: circle;margin: 5px\">M\u00e1stil<\/li>\n<li style=\"list-style-type: circle;margin: 5px\">Configurac\u00f3n de maquinaria<\/li>\n<li style=\"list-style-type: circle;margin: 5px\">Radio<\/li>\n<\/ul>\n<div>\n<div style=\"font-weight: bold\">Colores disponibles<\/div>\n<div>\n<p>Red, Violin Sunburst, Blue<\/p>\n<\/div>\n<div style=\"font-weight: bold\">Controls<\/div>\n<div>\n<p>2 de volumen, 2 de tono, interruptor de 3 posiciones<\/p>\n<\/div>\n<div style=\"font-weight: bold\">Puente<\/div>\n<div>\n<p>Stop Bar Tail<\/p>\n<\/div>\n<div style=\"font-weight: bold\">Tablets<\/div>\n<div>\n<p>2 humbuckers cer\u00e1micos<\/p>\n<\/div>\n<div style=\"font-weight: bold\">Tapa<\/div>\n<div>\n<p>Chapa de maple acolchado<\/p>\n<\/div>\n<div style=\"font-weight: bold\">Material del cuerpo<\/div>\n<div>\n<p>Maple contrachapado<\/p>\n<\/div>\n<div style=\"font-weight: bold\">Forma del cuerpo<\/div>\n<div>\n<p>Double Cutaway Arch Top<\/p>\n<\/div>\n<div style=\"font-weight: bold\">N\u00famero de trastes<\/div>\n<div>\n<p>22<\/p>\n<\/div>\n<div style=\"font-weight: bold\">Escala de cuerda<\/div>\n<div>\n<p>628 mm (25 pulgadas)<\/p>\n<\/div>\n<div style=\"font-weight: bold\">Ancho de nut<\/div>\n<div>\n<p>1.65 pulgadas<\/p>\n<\/div>\n<div style=\"font-weight: bold\">Material de nut<\/div>\n<div>\n<p>Pl\u00e1stico U-Lite<\/p>\n<\/div>\n<div style=\"font-weight: bold\">Diapas\u00f3n<\/div>\n<div>\n<p>Palisandro, radio de 12&#8243;<\/p>\n<\/div>\n<div style=\"font-weight: bold\">M\u00e1stil<\/div>\n<div>\n<p>Arce, forma moderna C<\/p>\n<\/div>\n<div style=\"font-weight: bold\">Configurac\u00f3n de maquinaria<\/div>\n<div>\n<p>3*3<\/p>\n<\/div>\n<div style=\"font-weight: bold\">Radio<\/div>\n<div>\n<p>12 pulgadas<\/p>\n<\/div>\n<\/div>\n<\/div>","protected":false},"excerpt":{"rendered":"<p>La Mars Electrica Jazz Satin combina elegancia y potencia. Con cuerpo de arce contrachapado y tapa de chapa de arce acolchado, ofrece dos humbuckers cer\u00e1micos para tonos vers\u00e1tiles. Equipada con puente Stop Bar Tail, controles de volumen y tono dobles, y disponible en colores llamativos como Red, Violin Sunburst, y Blue. Perfecta para m\u00fasicos exigentes que valoran tanto el estilo como el rendimiento.&hellip; <a class=\"kt-excerpt-readmore more-link\" href=\"https:\/\/www.mexicanguitarplayers.com\/en\/tienda\/cuerdas\/guitarras-cuerdas\/electricas\/guitarras-electricas-semisolidas\/guitarra-mars-electrica-mod-jazz-satin\/\">Read more<\/a><\/p>","protected":false},"featured_media":44006,"comment_status":"open","ping_status":"closed","template":"","meta":{"kt_blocks_editor_width":""},"pwb-brand":[332],"product_brand":[],"product_cat":[224,313,312,334],"product_tag":[],"class_list":{"0":"post-44033","1":"product","2":"type-product","3":"status-publish","4":"has-post-thumbnail","6":"pwb-brand-mars","7":"product_cat-cuerdas","8":"product_cat-electricas","9":"product_cat-guitarras-cuerdas","10":"product_cat-guitarras-electricas-semisolidas","11":"product_shipping_class-0-5-kg","13":"first","14":"instock","15":"taxable","16":"shipping-taxable","17":"purchasable","18":"product-type-simple"},"yoast_head":"<!-- This site is optimized with the Yoast SEO plugin v27.6 - https:\/\/yoast.com\/product\/yoast-seo-wordpress\/ -->\n<title>GUITARRA MARS ELECTRICA MOD. JAZZ SATIN - Mexican Guitar Players<\/title>\n<meta name=\"description\" content=\"La Mars Electrica Jazz Satin combina elegancia y potencia. Con cuerpo de arce contrachapado y tapa de chapa de arce acolchado, ofrece dos humbuckers cer\u00e1micos para tonos vers\u00e1tiles. Equipada con puente Stop Bar Tail, controles de volumen y tono dobles, y disponible en colores llamativos como Red, Violin Sunburst, y Blue. Perfecta para m\u00fasicos exigentes que valoran tanto el estilo como el rendimiento.\" \/>\n<meta name=\"robots\" content=\"index, follow, max-snippet:-1, max-image-preview:large, max-video-preview:-1\" \/>\n<link rel=\"canonical\" href=\"https:\/\/www.mexicanguitarplayers.com\/en\/tienda\/sin%20categor\u00eda\/guitarra-mars-electrica-mod-jazz-satin\/\" \/>\n<meta property=\"og:locale\" content=\"en_US\" \/>\n<meta property=\"og:type\" content=\"article\" \/>\n<meta property=\"og:title\" content=\"GUITARRA MARS ELECTRICA MOD. JAZZ SATIN - Mexican Guitar Players\" \/>\n<meta property=\"og:description\" content=\"La Mars Electrica Jazz Satin combina elegancia y potencia. Con cuerpo de arce contrachapado y tapa de chapa de arce acolchado, ofrece dos humbuckers cer\u00e1micos para tonos vers\u00e1tiles. Equipada con puente Stop Bar Tail, controles de volumen y tono dobles, y disponible en colores llamativos como Red, Violin Sunburst, y Blue. Perfecta para m\u00fasicos exigentes que valoran tanto el estilo como el rendimiento.\" \/>\n<meta property=\"og:url\" content=\"https:\/\/www.mexicanguitarplayers.com\/en\/tienda\/sin categor\u00eda\/guitarra-mars-electrica-mod-jazz-satin\/\" \/>\n<meta property=\"og:site_name\" content=\"Mexican Guitar Players\" \/>\n<meta property=\"article:modified_time\" content=\"2026-05-01T13:15:12+00:00\" \/>\n<meta name=\"twitter:card\" content=\"summary_large_image\" \/>\n<meta name=\"twitter:label1\" content=\"Est. reading time\" \/>\n\t<meta name=\"twitter:data1\" content=\"1 minute\" \/>\n<script type=\"application\/ld+json\" class=\"yoast-schema-graph\">{\"@context\":\"https:\\\/\\\/schema.org\",\"@graph\":[{\"@type\":[\"WebPage\",\"ItemPage\"],\"@id\":\"https:\\\/\\\/www.mexicanguitarplayers.com\\\/tienda\\\/sin categor\u00eda\\\/guitarra-mars-electrica-mod-jazz-satin\\\/\",\"url\":\"https:\\\/\\\/www.mexicanguitarplayers.com\\\/tienda\\\/sin categor\u00eda\\\/guitarra-mars-electrica-mod-jazz-satin\\\/\",\"name\":\"GUITARRA MARS ELECTRICA MOD. JAZZ SATIN - Mexican Guitar Players\",\"isPartOf\":{\"@id\":\"https:\\\/\\\/www.mexicanguitarplayers.com\\\/#website\"},\"primaryImageOfPage\":{\"@id\":\"https:\\\/\\\/www.mexicanguitarplayers.com\\\/tienda\\\/sin categor\u00eda\\\/guitarra-mars-electrica-mod-jazz-satin\\\/#primaryimage\"},\"image\":{\"@id\":\"https:\\\/\\\/www.mexicanguitarplayers.com\\\/tienda\\\/sin categor\u00eda\\\/guitarra-mars-electrica-mod-jazz-satin\\\/#primaryimage\"},\"thumbnailUrl\":\"https:\\\/\\\/www.mexicanguitarplayers.com\\\/wp-content\\\/uploads\\\/2025\\\/04\\\/ISMASJAZZS-1.jpg\",\"datePublished\":\"2025-04-09T22:22:11+00:00\",\"dateModified\":\"2026-05-01T13:15:12+00:00\",\"description\":\"La Mars Electrica Jazz Satin combina elegancia y potencia. Con cuerpo de arce contrachapado y tapa de chapa de arce acolchado, ofrece dos humbuckers cer\u00e1micos para tonos vers\u00e1tiles. Equipada con puente Stop Bar Tail, controles de volumen y tono dobles, y disponible en colores llamativos como Red, Violin Sunburst, y Blue. Perfecta para m\u00fasicos exigentes que valoran tanto el estilo como el rendimiento.\",\"breadcrumb\":{\"@id\":\"https:\\\/\\\/www.mexicanguitarplayers.com\\\/tienda\\\/sin categor\u00eda\\\/guitarra-mars-electrica-mod-jazz-satin\\\/#breadcrumb\"},\"inLanguage\":\"en-US\",\"potentialAction\":[{\"@type\":\"ReadAction\",\"target\":[\"https:\\\/\\\/www.mexicanguitarplayers.com\\\/tienda\\\/sin categor\u00eda\\\/guitarra-mars-electrica-mod-jazz-satin\\\/\"]}]},{\"@type\":\"ImageObject\",\"inLanguage\":\"en-US\",\"@id\":\"https:\\\/\\\/www.mexicanguitarplayers.com\\\/tienda\\\/sin categor\u00eda\\\/guitarra-mars-electrica-mod-jazz-satin\\\/#primaryimage\",\"url\":\"https:\\\/\\\/www.mexicanguitarplayers.com\\\/wp-content\\\/uploads\\\/2025\\\/04\\\/ISMASJAZZS-1.jpg\",\"contentUrl\":\"https:\\\/\\\/www.mexicanguitarplayers.com\\\/wp-content\\\/uploads\\\/2025\\\/04\\\/ISMASJAZZS-1.jpg\",\"width\":800,\"height\":1600},{\"@type\":\"BreadcrumbList\",\"@id\":\"https:\\\/\\\/www.mexicanguitarplayers.com\\\/tienda\\\/sin categor\u00eda\\\/guitarra-mars-electrica-mod-jazz-satin\\\/#breadcrumb\",\"itemListElement\":[{\"@type\":\"ListItem\",\"position\":1,\"name\":\"Portada\",\"item\":\"https:\\\/\\\/www.mexicanguitarplayers.com\\\/\"},{\"@type\":\"ListItem\",\"position\":2,\"name\":\"Tienda\",\"item\":\"https:\\\/\\\/www.mexicanguitarplayers.com\\\/tienda\\\/\"},{\"@type\":\"ListItem\",\"position\":3,\"name\":\"GUITARRA MARS ELECTRICA MOD. JAZZ SATIN\"}]},{\"@type\":\"WebSite\",\"@id\":\"https:\\\/\\\/www.mexicanguitarplayers.com\\\/#website\",\"url\":\"https:\\\/\\\/www.mexicanguitarplayers.com\\\/\",\"name\":\"Mexican Guitar Players\",\"description\":\"Website\",\"publisher\":{\"@id\":\"https:\\\/\\\/www.mexicanguitarplayers.com\\\/#organization\"},\"potentialAction\":[{\"@type\":\"SearchAction\",\"target\":{\"@type\":\"EntryPoint\",\"urlTemplate\":\"https:\\\/\\\/www.mexicanguitarplayers.com\\\/?s={search_term_string}\"},\"query-input\":{\"@type\":\"PropertyValueSpecification\",\"valueRequired\":true,\"valueName\":\"search_term_string\"}}],\"inLanguage\":\"en-US\"},{\"@type\":\"Organization\",\"@id\":\"https:\\\/\\\/www.mexicanguitarplayers.com\\\/#organization\",\"name\":\"Mexican Guitar Players\",\"url\":\"https:\\\/\\\/www.mexicanguitarplayers.com\\\/\",\"logo\":{\"@type\":\"ImageObject\",\"inLanguage\":\"en-US\",\"@id\":\"https:\\\/\\\/www.mexicanguitarplayers.com\\\/#\\\/schema\\\/logo\\\/image\\\/\",\"url\":\"\",\"contentUrl\":\"\",\"caption\":\"Mexican Guitar Players\"},\"image\":{\"@id\":\"https:\\\/\\\/www.mexicanguitarplayers.com\\\/#\\\/schema\\\/logo\\\/image\\\/\"}}]}<\/script>\n<!-- \/ Yoast SEO plugin. -->","yoast_head_json":{"title":"GUITARRA MARS ELECTRICA MOD. JAZZ SATIN - Mexican Guitar Players","description":"La Mars Electrica Jazz Satin combina elegancia y potencia. Con cuerpo de arce contrachapado y tapa de chapa de arce acolchado, ofrece dos humbuckers cer\u00e1micos para tonos vers\u00e1tiles. Equipada con puente Stop Bar Tail, controles de volumen y tono dobles, y disponible en colores llamativos como Red, Violin Sunburst, y Blue. Perfecta para m\u00fasicos exigentes que valoran tanto el estilo como el rendimiento.","robots":{"index":"index","follow":"follow","max-snippet":"max-snippet:-1","max-image-preview":"max-image-preview:large","max-video-preview":"max-video-preview:-1"},"canonical":"https:\/\/www.mexicanguitarplayers.com\/en\/tienda\/sin categor\u00eda\/guitarra-mars-electrica-mod-jazz-satin\/","og_locale":"en_US","og_type":"article","og_title":"GUITARRA MARS ELECTRICA MOD. JAZZ SATIN - Mexican Guitar Players","og_description":"La Mars Electrica Jazz Satin combina elegancia y potencia. Con cuerpo de arce contrachapado y tapa de chapa de arce acolchado, ofrece dos humbuckers cer\u00e1micos para tonos vers\u00e1tiles. Equipada con puente Stop Bar Tail, controles de volumen y tono dobles, y disponible en colores llamativos como Red, Violin Sunburst, y Blue. Perfecta para m\u00fasicos exigentes que valoran tanto el estilo como el rendimiento.","og_url":"https:\/\/www.mexicanguitarplayers.com\/en\/tienda\/sin categor\u00eda\/guitarra-mars-electrica-mod-jazz-satin\/","og_site_name":"Mexican Guitar Players","article_modified_time":"2026-05-01T13:15:12+00:00","twitter_card":"summary_large_image","twitter_misc":{"Est. reading time":"1 minute"},"schema":{"@context":"https:\/\/schema.org","@graph":[{"@type":["WebPage","ItemPage"],"@id":"https:\/\/www.mexicanguitarplayers.com\/tienda\/sin categor\u00eda\/guitarra-mars-electrica-mod-jazz-satin\/","url":"https:\/\/www.mexicanguitarplayers.com\/tienda\/sin categor\u00eda\/guitarra-mars-electrica-mod-jazz-satin\/","name":"GUITARRA MARS ELECTRICA MOD. JAZZ SATIN - Mexican Guitar Players","isPartOf":{"@id":"https:\/\/www.mexicanguitarplayers.com\/#website"},"primaryImageOfPage":{"@id":"https:\/\/www.mexicanguitarplayers.com\/tienda\/sin categor\u00eda\/guitarra-mars-electrica-mod-jazz-satin\/#primaryimage"},"image":{"@id":"https:\/\/www.mexicanguitarplayers.com\/tienda\/sin categor\u00eda\/guitarra-mars-electrica-mod-jazz-satin\/#primaryimage"},"thumbnailUrl":"https:\/\/www.mexicanguitarplayers.com\/wp-content\/uploads\/2025\/04\/ISMASJAZZS-1.jpg","datePublished":"2025-04-09T22:22:11+00:00","dateModified":"2026-05-01T13:15:12+00:00","description":"La Mars Electrica Jazz Satin combina elegancia y potencia. Con cuerpo de arce contrachapado y tapa de chapa de arce acolchado, ofrece dos humbuckers cer\u00e1micos para tonos vers\u00e1tiles. Equipada con puente Stop Bar Tail, controles de volumen y tono dobles, y disponible en colores llamativos como Red, Violin Sunburst, y Blue. Perfecta para m\u00fasicos exigentes que valoran tanto el estilo como el rendimiento.","breadcrumb":{"@id":"https:\/\/www.mexicanguitarplayers.com\/tienda\/sin categor\u00eda\/guitarra-mars-electrica-mod-jazz-satin\/#breadcrumb"},"inLanguage":"en-US","potentialAction":[{"@type":"ReadAction","target":["https:\/\/www.mexicanguitarplayers.com\/tienda\/sin categor\u00eda\/guitarra-mars-electrica-mod-jazz-satin\/"]}]},{"@type":"ImageObject","inLanguage":"en-US","@id":"https:\/\/www.mexicanguitarplayers.com\/tienda\/sin categor\u00eda\/guitarra-mars-electrica-mod-jazz-satin\/#primaryimage","url":"https:\/\/www.mexicanguitarplayers.com\/wp-content\/uploads\/2025\/04\/ISMASJAZZS-1.jpg","contentUrl":"https:\/\/www.mexicanguitarplayers.com\/wp-content\/uploads\/2025\/04\/ISMASJAZZS-1.jpg","width":800,"height":1600},{"@type":"BreadcrumbList","@id":"https:\/\/www.mexicanguitarplayers.com\/tienda\/sin categor\u00eda\/guitarra-mars-electrica-mod-jazz-satin\/#breadcrumb","itemListElement":[{"@type":"ListItem","position":1,"name":"Portada","item":"https:\/\/www.mexicanguitarplayers.com\/"},{"@type":"ListItem","position":2,"name":"Tienda","item":"https:\/\/www.mexicanguitarplayers.com\/tienda\/"},{"@type":"ListItem","position":3,"name":"GUITARRA MARS ELECTRICA MOD. JAZZ SATIN"}]},{"@type":"WebSite","@id":"https:\/\/www.mexicanguitarplayers.com\/#website","url":"https:\/\/www.mexicanguitarplayers.com\/","name":"Mexican Guitar Players","description":"Website","publisher":{"@id":"https:\/\/www.mexicanguitarplayers.com\/#organization"},"potentialAction":[{"@type":"SearchAction","target":{"@type":"EntryPoint","urlTemplate":"https:\/\/www.mexicanguitarplayers.com\/?s={search_term_string}"},"query-input":{"@type":"PropertyValueSpecification","valueRequired":true,"valueName":"search_term_string"}}],"inLanguage":"en-US"},{"@type":"Organization","@id":"https:\/\/www.mexicanguitarplayers.com\/#organization","name":"Mexican Guitar Players","url":"https:\/\/www.mexicanguitarplayers.com\/","logo":{"@type":"ImageObject","inLanguage":"en-US","@id":"https:\/\/www.mexicanguitarplayers.com\/#\/schema\/logo\/image\/","url":"","contentUrl":"","caption":"Mexican Guitar Players"},"image":{"@id":"https:\/\/www.mexicanguitarplayers.com\/#\/schema\/logo\/image\/"}}]}},"brands":[{"id":332,"name":"MARS","slug":"mars"}],"_links":{"self":[{"href":"https:\/\/www.mexicanguitarplayers.com\/en\/wp-json\/wp\/v2\/product\/44033","targetHints":{"allow":["GET"]}}],"collection":[{"href":"https:\/\/www.mexicanguitarplayers.com\/en\/wp-json\/wp\/v2\/product"}],"about":[{"href":"https:\/\/www.mexicanguitarplayers.com\/en\/wp-json\/wp\/v2\/types\/product"}],"replies":[{"embeddable":true,"href":"https:\/\/www.mexicanguitarplayers.com\/en\/wp-json\/wp\/v2\/comments?post=44033"}],"wp:featuredmedia":[{"embeddable":true,"href":"https:\/\/www.mexicanguitarplayers.com\/en\/wp-json\/wp\/v2\/media\/44006"}],"wp:attachment":[{"href":"https:\/\/www.mexicanguitarplayers.com\/en\/wp-json\/wp\/v2\/media?parent=44033"}],"wp:term":[{"taxonomy":"pwb-brand","embeddable":true,"href":"https:\/\/www.mexicanguitarplayers.com\/en\/wp-json\/wp\/v2\/pwb-brand?post=44033"},{"taxonomy":"product_brand","embeddable":true,"href":"https:\/\/www.mexicanguitarplayers.com\/en\/wp-json\/wp\/v2\/product_brand?post=44033"},{"taxonomy":"product_cat","embeddable":true,"href":"https:\/\/www.mexicanguitarplayers.com\/en\/wp-json\/wp\/v2\/product_cat?post=44033"},{"taxonomy":"product_tag","embeddable":true,"href":"https:\/\/www.mexicanguitarplayers.com\/en\/wp-json\/wp\/v2\/product_tag?post=44033"}],"curies":[{"name":"wp","href":"https:\/\/api.w.org\/{rel}","templated":true}]}}