{"id":44048,"date":"2025-04-09T16:23:39","date_gmt":"2025-04-09T22:23:39","guid":{"rendered":"https:\/\/www.mexicanguitarplayers.com\/tienda\/sin categor\u00eda\/soporte-sonor-p-platillo-mod-cts-4000\/"},"modified":"2026-05-01T07:15:11","modified_gmt":"2026-05-01T13:15:11","slug":"soporte-sonor-p-platillo-mod-cts-4000","status":"publish","type":"product","link":"https:\/\/www.mexicanguitarplayers.com\/en\/tienda\/accesorios\/para-bateria\/hardware-para-bateria\/atriles\/soporte-sonor-p-platillo-mod-cts-4000\/","title":{"rendered":"SOPORTE SONOR P\/PLATILLO MOD. CTS 4000"},"content":{"rendered":"<div style=\"text-align: justify\">\n<div>\n<h3>Soporte para Tom Sonor Serie 4000: Estabilidad y Flexibilidad en Cada Ajuste<\/h3>\n<\/div>\n<div>El soporte para tom Sonor Serie 4000 combina funcionalidad y durabilidad con un dise\u00f1o innovador. Cuenta con inclinaci\u00f3n sin engranajes para un ajuste r\u00e1pido y preciso del tom, mientras que los pies de goma garantizan m\u00e1xima estabilidad durante el uso. El nuevo tornillo de mariposa proporciona un mejor agarre, mientras que los brazos de tom incorporan una abrazadera de bola abierta flexible para mayor versatilidad. Con una varilla hexagonal corta y una abrazadera de tubo de 2 segmentos, ofrece ajustes de altura f\u00e1ciles y seguros. Adem\u00e1s, es extensible en dos segmentos, adapt\u00e1ndose perfectamente a las necesidades del baterista. Ideal para quienes buscan un soporte de tom robusto, flexible y f\u00e1cil de usar.<\/div>\n<div>\n<h4>Characteristics<\/h4>\n<\/div>\n<div>\n<ul style=\"margin: 0px 0px 0px 25px\">\n<li style=\"list-style-type: circle;margin: 5px\">Soporte para platillo y tom.<\/li>\n<li style=\"list-style-type: circle;margin: 5px\">Terminado cromado.<\/li>\n<li style=\"list-style-type: circle;margin: 5px\">Hardware 4000.<\/li>\n<li style=\"list-style-type: circle;margin: 5px\">Brazo de tom con abrazadera de bola.<\/li>\n<li style=\"list-style-type: circle;margin: 5px\">Patas de goma.<\/li>\n<li style=\"list-style-type: circle;margin: 5px\">Patas de doble solera.<\/li>\n<\/ul>\n<\/div>\n<\/div>","protected":false},"excerpt":{"rendered":"<p>El soporte para tom Sonor Serie 4000 ofrece ajuste sin engranajes y pies de goma para m\u00e1xima estabilidad. Con un tornillo de mariposa para mejor agarre y brazos de tom con abrazadera de bola abierta, proporciona flexibilidad y facilidad de ajuste. Su varilla hexagonal corta y abrazadera de tubo de 2 segmentos permiten un ajuste seguro y preciso en dos segmentos. Ideal para un soporte robusto y adaptable.&hellip; <a class=\"kt-excerpt-readmore more-link\" href=\"https:\/\/www.mexicanguitarplayers.com\/en\/tienda\/accesorios\/para-bateria\/hardware-para-bateria\/atriles\/soporte-sonor-p-platillo-mod-cts-4000\/\">Read more<\/a><\/p>","protected":false},"featured_media":44040,"comment_status":"open","ping_status":"closed","template":"","meta":{"kt_blocks_editor_width":""},"pwb-brand":[321],"product_brand":[],"product_cat":[85,515,435,306],"product_tag":[],"class_list":{"0":"post-44048","1":"product","2":"type-product","3":"status-publish","4":"has-post-thumbnail","6":"pwb-brand-sonor","7":"product_cat-accesorios","8":"product_cat-atriles","9":"product_cat-hardware-para-bateria","10":"product_cat-para-bateria","11":"product_shipping_class-5-10-kg","13":"first","14":"instock","15":"taxable","16":"shipping-taxable","17":"purchasable","18":"product-type-simple"},"yoast_head":"<!-- This site is optimized with the Yoast SEO plugin v27.5 - https:\/\/yoast.com\/product\/yoast-seo-wordpress\/ -->\n<title>SOPORTE SONOR P\/PLATILLO MOD. CTS 4000 - Mexican Guitar Players<\/title>\n<meta name=\"description\" content=\"El soporte para tom Sonor Serie 4000 ofrece ajuste sin engranajes y pies de goma para m\u00e1xima estabilidad. Con un tornillo de mariposa para mejor agarre y brazos de tom con abrazadera de bola abierta, proporciona flexibilidad y facilidad de ajuste. Su varilla hexagonal corta y abrazadera de tubo de 2 segmentos permiten un ajuste seguro y preciso en dos segmentos. Ideal para un soporte robusto y adaptable.\" \/>\n<meta name=\"robots\" content=\"index, follow, max-snippet:-1, max-image-preview:large, max-video-preview:-1\" \/>\n<link rel=\"canonical\" href=\"https:\/\/www.mexicanguitarplayers.com\/en\/tienda\/sin%20categor\u00eda\/soporte-sonor-p-platillo-mod-cts-4000\/\" \/>\n<meta property=\"og:locale\" content=\"en_US\" \/>\n<meta property=\"og:type\" content=\"article\" \/>\n<meta property=\"og:title\" content=\"SOPORTE SONOR P\/PLATILLO MOD. CTS 4000 - Mexican Guitar Players\" \/>\n<meta property=\"og:description\" content=\"El soporte para tom Sonor Serie 4000 ofrece ajuste sin engranajes y pies de goma para m\u00e1xima estabilidad. Con un tornillo de mariposa para mejor agarre y brazos de tom con abrazadera de bola abierta, proporciona flexibilidad y facilidad de ajuste. Su varilla hexagonal corta y abrazadera de tubo de 2 segmentos permiten un ajuste seguro y preciso en dos segmentos. Ideal para un soporte robusto y adaptable.\" \/>\n<meta property=\"og:url\" content=\"https:\/\/www.mexicanguitarplayers.com\/en\/tienda\/sin categor\u00eda\/soporte-sonor-p-platillo-mod-cts-4000\/\" \/>\n<meta property=\"og:site_name\" content=\"Mexican Guitar Players\" \/>\n<meta property=\"article:modified_time\" content=\"2026-05-01T13:15:11+00:00\" \/>\n<meta name=\"twitter:card\" content=\"summary_large_image\" \/>\n<meta name=\"twitter:label1\" content=\"Est. reading time\" \/>\n\t<meta name=\"twitter:data1\" content=\"1 minute\" \/>\n<script type=\"application\/ld+json\" class=\"yoast-schema-graph\">{\"@context\":\"https:\\\/\\\/schema.org\",\"@graph\":[{\"@type\":[\"WebPage\",\"ItemPage\"],\"@id\":\"https:\\\/\\\/www.mexicanguitarplayers.com\\\/tienda\\\/sin categor\u00eda\\\/soporte-sonor-p-platillo-mod-cts-4000\\\/\",\"url\":\"https:\\\/\\\/www.mexicanguitarplayers.com\\\/tienda\\\/sin categor\u00eda\\\/soporte-sonor-p-platillo-mod-cts-4000\\\/\",\"name\":\"SOPORTE SONOR P\\\/PLATILLO MOD. CTS 4000 - Mexican Guitar Players\",\"isPartOf\":{\"@id\":\"https:\\\/\\\/www.mexicanguitarplayers.com\\\/#website\"},\"primaryImageOfPage\":{\"@id\":\"https:\\\/\\\/www.mexicanguitarplayers.com\\\/tienda\\\/sin categor\u00eda\\\/soporte-sonor-p-platillo-mod-cts-4000\\\/#primaryimage\"},\"image\":{\"@id\":\"https:\\\/\\\/www.mexicanguitarplayers.com\\\/tienda\\\/sin categor\u00eda\\\/soporte-sonor-p-platillo-mod-cts-4000\\\/#primaryimage\"},\"thumbnailUrl\":\"https:\\\/\\\/www.mexicanguitarplayers.com\\\/wp-content\\\/uploads\\\/2025\\\/04\\\/VASORCTS4000-1.png\",\"datePublished\":\"2025-04-09T22:23:39+00:00\",\"dateModified\":\"2026-05-01T13:15:11+00:00\",\"description\":\"El soporte para tom Sonor Serie 4000 ofrece ajuste sin engranajes y pies de goma para m\u00e1xima estabilidad. Con un tornillo de mariposa para mejor agarre y brazos de tom con abrazadera de bola abierta, proporciona flexibilidad y facilidad de ajuste. Su varilla hexagonal corta y abrazadera de tubo de 2 segmentos permiten un ajuste seguro y preciso en dos segmentos. Ideal para un soporte robusto y adaptable.\",\"breadcrumb\":{\"@id\":\"https:\\\/\\\/www.mexicanguitarplayers.com\\\/tienda\\\/sin categor\u00eda\\\/soporte-sonor-p-platillo-mod-cts-4000\\\/#breadcrumb\"},\"inLanguage\":\"en-US\",\"potentialAction\":[{\"@type\":\"ReadAction\",\"target\":[\"https:\\\/\\\/www.mexicanguitarplayers.com\\\/tienda\\\/sin categor\u00eda\\\/soporte-sonor-p-platillo-mod-cts-4000\\\/\"]}]},{\"@type\":\"ImageObject\",\"inLanguage\":\"en-US\",\"@id\":\"https:\\\/\\\/www.mexicanguitarplayers.com\\\/tienda\\\/sin categor\u00eda\\\/soporte-sonor-p-platillo-mod-cts-4000\\\/#primaryimage\",\"url\":\"https:\\\/\\\/www.mexicanguitarplayers.com\\\/wp-content\\\/uploads\\\/2025\\\/04\\\/VASORCTS4000-1.png\",\"contentUrl\":\"https:\\\/\\\/www.mexicanguitarplayers.com\\\/wp-content\\\/uploads\\\/2025\\\/04\\\/VASORCTS4000-1.png\",\"width\":2400,\"height\":2400},{\"@type\":\"BreadcrumbList\",\"@id\":\"https:\\\/\\\/www.mexicanguitarplayers.com\\\/tienda\\\/sin categor\u00eda\\\/soporte-sonor-p-platillo-mod-cts-4000\\\/#breadcrumb\",\"itemListElement\":[{\"@type\":\"ListItem\",\"position\":1,\"name\":\"Portada\",\"item\":\"https:\\\/\\\/www.mexicanguitarplayers.com\\\/\"},{\"@type\":\"ListItem\",\"position\":2,\"name\":\"Tienda\",\"item\":\"https:\\\/\\\/www.mexicanguitarplayers.com\\\/tienda\\\/\"},{\"@type\":\"ListItem\",\"position\":3,\"name\":\"SOPORTE SONOR P\\\/PLATILLO MOD. CTS 4000\"}]},{\"@type\":\"WebSite\",\"@id\":\"https:\\\/\\\/www.mexicanguitarplayers.com\\\/#website\",\"url\":\"https:\\\/\\\/www.mexicanguitarplayers.com\\\/\",\"name\":\"Mexican Guitar Players\",\"description\":\"Website\",\"publisher\":{\"@id\":\"https:\\\/\\\/www.mexicanguitarplayers.com\\\/#organization\"},\"potentialAction\":[{\"@type\":\"SearchAction\",\"target\":{\"@type\":\"EntryPoint\",\"urlTemplate\":\"https:\\\/\\\/www.mexicanguitarplayers.com\\\/?s={search_term_string}\"},\"query-input\":{\"@type\":\"PropertyValueSpecification\",\"valueRequired\":true,\"valueName\":\"search_term_string\"}}],\"inLanguage\":\"en-US\"},{\"@type\":\"Organization\",\"@id\":\"https:\\\/\\\/www.mexicanguitarplayers.com\\\/#organization\",\"name\":\"Mexican Guitar Players\",\"url\":\"https:\\\/\\\/www.mexicanguitarplayers.com\\\/\",\"logo\":{\"@type\":\"ImageObject\",\"inLanguage\":\"en-US\",\"@id\":\"https:\\\/\\\/www.mexicanguitarplayers.com\\\/#\\\/schema\\\/logo\\\/image\\\/\",\"url\":\"\",\"contentUrl\":\"\",\"caption\":\"Mexican Guitar Players\"},\"image\":{\"@id\":\"https:\\\/\\\/www.mexicanguitarplayers.com\\\/#\\\/schema\\\/logo\\\/image\\\/\"}}]}<\/script>\n<!-- \/ Yoast SEO plugin. -->","yoast_head_json":{"title":"SOPORTE SONOR P\/PLATILLO MOD. CTS 4000 - Mexican Guitar Players","description":"El soporte para tom Sonor Serie 4000 ofrece ajuste sin engranajes y pies de goma para m\u00e1xima estabilidad. Con un tornillo de mariposa para mejor agarre y brazos de tom con abrazadera de bola abierta, proporciona flexibilidad y facilidad de ajuste. Su varilla hexagonal corta y abrazadera de tubo de 2 segmentos permiten un ajuste seguro y preciso en dos segmentos. Ideal para un soporte robusto y adaptable.","robots":{"index":"index","follow":"follow","max-snippet":"max-snippet:-1","max-image-preview":"max-image-preview:large","max-video-preview":"max-video-preview:-1"},"canonical":"https:\/\/www.mexicanguitarplayers.com\/en\/tienda\/sin categor\u00eda\/soporte-sonor-p-platillo-mod-cts-4000\/","og_locale":"en_US","og_type":"article","og_title":"SOPORTE SONOR P\/PLATILLO MOD. CTS 4000 - Mexican Guitar Players","og_description":"El soporte para tom Sonor Serie 4000 ofrece ajuste sin engranajes y pies de goma para m\u00e1xima estabilidad. Con un tornillo de mariposa para mejor agarre y brazos de tom con abrazadera de bola abierta, proporciona flexibilidad y facilidad de ajuste. Su varilla hexagonal corta y abrazadera de tubo de 2 segmentos permiten un ajuste seguro y preciso en dos segmentos. Ideal para un soporte robusto y adaptable.","og_url":"https:\/\/www.mexicanguitarplayers.com\/en\/tienda\/sin categor\u00eda\/soporte-sonor-p-platillo-mod-cts-4000\/","og_site_name":"Mexican Guitar Players","article_modified_time":"2026-05-01T13:15:11+00:00","twitter_card":"summary_large_image","twitter_misc":{"Est. reading time":"1 minute"},"schema":{"@context":"https:\/\/schema.org","@graph":[{"@type":["WebPage","ItemPage"],"@id":"https:\/\/www.mexicanguitarplayers.com\/tienda\/sin categor\u00eda\/soporte-sonor-p-platillo-mod-cts-4000\/","url":"https:\/\/www.mexicanguitarplayers.com\/tienda\/sin categor\u00eda\/soporte-sonor-p-platillo-mod-cts-4000\/","name":"SOPORTE SONOR P\/PLATILLO MOD. CTS 4000 - Mexican Guitar Players","isPartOf":{"@id":"https:\/\/www.mexicanguitarplayers.com\/#website"},"primaryImageOfPage":{"@id":"https:\/\/www.mexicanguitarplayers.com\/tienda\/sin categor\u00eda\/soporte-sonor-p-platillo-mod-cts-4000\/#primaryimage"},"image":{"@id":"https:\/\/www.mexicanguitarplayers.com\/tienda\/sin categor\u00eda\/soporte-sonor-p-platillo-mod-cts-4000\/#primaryimage"},"thumbnailUrl":"https:\/\/www.mexicanguitarplayers.com\/wp-content\/uploads\/2025\/04\/VASORCTS4000-1.png","datePublished":"2025-04-09T22:23:39+00:00","dateModified":"2026-05-01T13:15:11+00:00","description":"El soporte para tom Sonor Serie 4000 ofrece ajuste sin engranajes y pies de goma para m\u00e1xima estabilidad. Con un tornillo de mariposa para mejor agarre y brazos de tom con abrazadera de bola abierta, proporciona flexibilidad y facilidad de ajuste. Su varilla hexagonal corta y abrazadera de tubo de 2 segmentos permiten un ajuste seguro y preciso en dos segmentos. Ideal para un soporte robusto y adaptable.","breadcrumb":{"@id":"https:\/\/www.mexicanguitarplayers.com\/tienda\/sin categor\u00eda\/soporte-sonor-p-platillo-mod-cts-4000\/#breadcrumb"},"inLanguage":"en-US","potentialAction":[{"@type":"ReadAction","target":["https:\/\/www.mexicanguitarplayers.com\/tienda\/sin categor\u00eda\/soporte-sonor-p-platillo-mod-cts-4000\/"]}]},{"@type":"ImageObject","inLanguage":"en-US","@id":"https:\/\/www.mexicanguitarplayers.com\/tienda\/sin categor\u00eda\/soporte-sonor-p-platillo-mod-cts-4000\/#primaryimage","url":"https:\/\/www.mexicanguitarplayers.com\/wp-content\/uploads\/2025\/04\/VASORCTS4000-1.png","contentUrl":"https:\/\/www.mexicanguitarplayers.com\/wp-content\/uploads\/2025\/04\/VASORCTS4000-1.png","width":2400,"height":2400},{"@type":"BreadcrumbList","@id":"https:\/\/www.mexicanguitarplayers.com\/tienda\/sin categor\u00eda\/soporte-sonor-p-platillo-mod-cts-4000\/#breadcrumb","itemListElement":[{"@type":"ListItem","position":1,"name":"Portada","item":"https:\/\/www.mexicanguitarplayers.com\/"},{"@type":"ListItem","position":2,"name":"Tienda","item":"https:\/\/www.mexicanguitarplayers.com\/tienda\/"},{"@type":"ListItem","position":3,"name":"SOPORTE SONOR P\/PLATILLO MOD. CTS 4000"}]},{"@type":"WebSite","@id":"https:\/\/www.mexicanguitarplayers.com\/#website","url":"https:\/\/www.mexicanguitarplayers.com\/","name":"Mexican Guitar Players","description":"Website","publisher":{"@id":"https:\/\/www.mexicanguitarplayers.com\/#organization"},"potentialAction":[{"@type":"SearchAction","target":{"@type":"EntryPoint","urlTemplate":"https:\/\/www.mexicanguitarplayers.com\/?s={search_term_string}"},"query-input":{"@type":"PropertyValueSpecification","valueRequired":true,"valueName":"search_term_string"}}],"inLanguage":"en-US"},{"@type":"Organization","@id":"https:\/\/www.mexicanguitarplayers.com\/#organization","name":"Mexican Guitar Players","url":"https:\/\/www.mexicanguitarplayers.com\/","logo":{"@type":"ImageObject","inLanguage":"en-US","@id":"https:\/\/www.mexicanguitarplayers.com\/#\/schema\/logo\/image\/","url":"","contentUrl":"","caption":"Mexican Guitar Players"},"image":{"@id":"https:\/\/www.mexicanguitarplayers.com\/#\/schema\/logo\/image\/"}}]}},"brands":[{"id":321,"name":"SOUND","slug":"sonor"}],"_links":{"self":[{"href":"https:\/\/www.mexicanguitarplayers.com\/en\/wp-json\/wp\/v2\/product\/44048","targetHints":{"allow":["GET"]}}],"collection":[{"href":"https:\/\/www.mexicanguitarplayers.com\/en\/wp-json\/wp\/v2\/product"}],"about":[{"href":"https:\/\/www.mexicanguitarplayers.com\/en\/wp-json\/wp\/v2\/types\/product"}],"replies":[{"embeddable":true,"href":"https:\/\/www.mexicanguitarplayers.com\/en\/wp-json\/wp\/v2\/comments?post=44048"}],"wp:featuredmedia":[{"embeddable":true,"href":"https:\/\/www.mexicanguitarplayers.com\/en\/wp-json\/wp\/v2\/media\/44040"}],"wp:attachment":[{"href":"https:\/\/www.mexicanguitarplayers.com\/en\/wp-json\/wp\/v2\/media?parent=44048"}],"wp:term":[{"taxonomy":"pwb-brand","embeddable":true,"href":"https:\/\/www.mexicanguitarplayers.com\/en\/wp-json\/wp\/v2\/pwb-brand?post=44048"},{"taxonomy":"product_brand","embeddable":true,"href":"https:\/\/www.mexicanguitarplayers.com\/en\/wp-json\/wp\/v2\/product_brand?post=44048"},{"taxonomy":"product_cat","embeddable":true,"href":"https:\/\/www.mexicanguitarplayers.com\/en\/wp-json\/wp\/v2\/product_cat?post=44048"},{"taxonomy":"product_tag","embeddable":true,"href":"https:\/\/www.mexicanguitarplayers.com\/en\/wp-json\/wp\/v2\/product_tag?post=44048"}],"curies":[{"name":"wp","href":"https:\/\/api.w.org\/{rel}","templated":true}]}}