{"id":8212,"date":"2022-08-18T00:51:45","date_gmt":"2022-08-18T05:51:45","guid":{"rendered":"https:\/\/www.mexicanguitarplayers.com\/tienda\/sin%20categor\u00eda\/microfono-boya-mod-by-m2\/"},"modified":"2025-04-28T13:15:52","modified_gmt":"2025-04-28T19:15:52","slug":"microfono-boya-mod-by-m2","status":"publish","type":"product","link":"https:\/\/www.mexicanguitarplayers.com\/en\/tienda\/audio\/microfonia\/microfonos-alambricos\/de-mano\/microfono-boya-mod-by-m2\/","title":{"rendered":"BUOY MICROPHONE MOD. BY-M2"},"content":{"rendered":"<div style=\"text-align: justify; list-style: circle;\">\n<div>\n<h3>BUOY MICROPHONE MOD. BY-M2<\/h3>\n<\/div>\n<div>Clip-on Condenser Lavalier Microphone for iOS Devices, Omnidirectional Polar Pattern, Detachable Design for Multiple Uses, Apple MFi Certified Lightning Connector, Allows Other 3.5mm Microphone, TRS Output to iOS Devices, No Battery Required, Frequency Response: 50Hz \u2013 20 kHz, 6 meter cable, weight: 46 g.<\/div>\n<\/div>","protected":false},"excerpt":{"rendered":"<p>Micr\u00f3fono lavalier de condensador con clips para dispositivos iOs, patr\u00f3n polar omnidireccional, dise\u00f1o desmontable para m\u00faltiples usos, conector lightning con certificaci\u00f3n Apple MFi, permite otro micr\u00f3fono de 3.5 mm, salida TRS a dispositivos iOs, no requiere bater\u00eda, respuesta de frecuencia: 50 Hz &#8211; 20 kHz, cable de 6 metros, peso: 46 g.&hellip; <a class=\"kt-excerpt-readmore more-link\" href=\"https:\/\/www.mexicanguitarplayers.com\/en\/tienda\/audio\/microfonia\/microfonos-alambricos\/de-mano\/microfono-boya-mod-by-m2\/\">Read more<\/a><\/p>","protected":false},"featured_media":21856,"comment_status":"open","ping_status":"closed","template":"","meta":{"kt_blocks_editor_width":""},"pwb-brand":[228],"product_brand":[],"product_cat":[213,218,214,215],"product_tag":[],"class_list":{"0":"post-8212","1":"product","2":"type-product","3":"status-publish","4":"has-post-thumbnail","6":"pwb-brand-boya","7":"product_cat-audio","8":"product_cat-de-mano","9":"product_cat-microfonia","10":"product_cat-microfonos-alambricos","11":"product_shipping_class-0-5-kg","13":"first","14":"outofstock","15":"taxable","16":"shipping-taxable","17":"purchasable","18":"product-type-simple"},"yoast_head":"<!-- This site is optimized with the Yoast SEO plugin v27.6 - https:\/\/yoast.com\/product\/yoast-seo-wordpress\/ -->\n<title>MICROFONO BOYA MOD. BY-M2 - Mexican Guitar Players<\/title>\n<meta name=\"description\" content=\"MICROFONO BOYA MOD. BY-M2. Micr\u00f3fono lavalier de condensador con clips para dispositivos iOs, patr\u00f3n polar omnidireccional, dise\u00f1o desmontable para m\u00faltiples usos, conector lightning con certificaci\u00f3n Apple MFi, permite otro micr\u00f3fono de 3.5 mm, salida TRS a dispositivos iOs, no requiere bater\u00eda, respuesta de frecuencia: 50 Hz - 20 kHz, cable de 6 metros, peso: 46 g.\" \/>\n<meta name=\"robots\" content=\"index, follow, max-snippet:-1, max-image-preview:large, max-video-preview:-1\" \/>\n<link rel=\"canonical\" href=\"https:\/\/www.mexicanguitarplayers.com\/en\/tienda\/audio\/microfonia\/microfonos-alambricos\/de-mano\/microfono-boya-mod-by-m2\/\" \/>\n<meta property=\"og:locale\" content=\"en_US\" \/>\n<meta property=\"og:type\" content=\"article\" \/>\n<meta property=\"og:title\" content=\"MICROFONO BOYA MOD. BY-M2 - Mexican Guitar Players\" \/>\n<meta property=\"og:description\" content=\"MICROFONO BOYA MOD. BY-M2. Micr\u00f3fono lavalier de condensador con clips para dispositivos iOs, patr\u00f3n polar omnidireccional, dise\u00f1o desmontable para m\u00faltiples usos, conector lightning con certificaci\u00f3n Apple MFi, permite otro micr\u00f3fono de 3.5 mm, salida TRS a dispositivos iOs, no requiere bater\u00eda, respuesta de frecuencia: 50 Hz - 20 kHz, cable de 6 metros, peso: 46 g.\" \/>\n<meta property=\"og:url\" content=\"https:\/\/www.mexicanguitarplayers.com\/en\/tienda\/audio\/microfonia\/microfonos-alambricos\/de-mano\/microfono-boya-mod-by-m2\/\" \/>\n<meta property=\"og:site_name\" content=\"Mexican Guitar Players\" \/>\n<meta property=\"article:modified_time\" content=\"2025-04-28T19:15:52+00:00\" \/>\n<meta property=\"og:image\" content=\"https:\/\/www.mexicanguitarplayers.com\/wp-content\/uploads\/2022\/08\/IABOYBYM2-1.jpg\" \/>\n\t<meta property=\"og:image:width\" content=\"1200\" \/>\n\t<meta property=\"og:image:height\" content=\"1200\" \/>\n\t<meta property=\"og:image:type\" content=\"image\/jpeg\" \/>\n<meta name=\"twitter:card\" content=\"summary_large_image\" \/>\n<script type=\"application\/ld+json\" class=\"yoast-schema-graph\">{\"@context\":\"https:\\\/\\\/schema.org\",\"@graph\":[{\"@type\":[\"WebPage\",\"ItemPage\"],\"@id\":\"https:\\\/\\\/www.mexicanguitarplayers.com\\\/tienda\\\/audio\\\/microfonia\\\/microfonos-alambricos\\\/de-mano\\\/microfono-boya-mod-by-m2\\\/\",\"url\":\"https:\\\/\\\/www.mexicanguitarplayers.com\\\/tienda\\\/audio\\\/microfonia\\\/microfonos-alambricos\\\/de-mano\\\/microfono-boya-mod-by-m2\\\/\",\"name\":\"MICROFONO BOYA MOD. BY-M2 - Mexican Guitar Players\",\"isPartOf\":{\"@id\":\"https:\\\/\\\/www.mexicanguitarplayers.com\\\/#website\"},\"primaryImageOfPage\":{\"@id\":\"https:\\\/\\\/www.mexicanguitarplayers.com\\\/tienda\\\/audio\\\/microfonia\\\/microfonos-alambricos\\\/de-mano\\\/microfono-boya-mod-by-m2\\\/#primaryimage\"},\"image\":{\"@id\":\"https:\\\/\\\/www.mexicanguitarplayers.com\\\/tienda\\\/audio\\\/microfonia\\\/microfonos-alambricos\\\/de-mano\\\/microfono-boya-mod-by-m2\\\/#primaryimage\"},\"thumbnailUrl\":\"https:\\\/\\\/www.mexicanguitarplayers.com\\\/wp-content\\\/uploads\\\/2022\\\/08\\\/IABOYBYM2-1.jpg\",\"datePublished\":\"2022-08-18T05:51:45+00:00\",\"dateModified\":\"2025-04-28T19:15:52+00:00\",\"description\":\"MICROFONO BOYA MOD. BY-M2. Micr\u00f3fono lavalier de condensador con clips para dispositivos iOs, patr\u00f3n polar omnidireccional, dise\u00f1o desmontable para m\u00faltiples usos, conector lightning con certificaci\u00f3n Apple MFi, permite otro micr\u00f3fono de 3.5 mm, salida TRS a dispositivos iOs, no requiere bater\u00eda, respuesta de frecuencia: 50 Hz - 20 kHz, cable de 6 metros, peso: 46 g.\",\"breadcrumb\":{\"@id\":\"https:\\\/\\\/www.mexicanguitarplayers.com\\\/tienda\\\/audio\\\/microfonia\\\/microfonos-alambricos\\\/de-mano\\\/microfono-boya-mod-by-m2\\\/#breadcrumb\"},\"inLanguage\":\"en-US\",\"potentialAction\":[{\"@type\":\"ReadAction\",\"target\":[\"https:\\\/\\\/www.mexicanguitarplayers.com\\\/tienda\\\/audio\\\/microfonia\\\/microfonos-alambricos\\\/de-mano\\\/microfono-boya-mod-by-m2\\\/\"]}]},{\"@type\":\"ImageObject\",\"inLanguage\":\"en-US\",\"@id\":\"https:\\\/\\\/www.mexicanguitarplayers.com\\\/tienda\\\/audio\\\/microfonia\\\/microfonos-alambricos\\\/de-mano\\\/microfono-boya-mod-by-m2\\\/#primaryimage\",\"url\":\"https:\\\/\\\/www.mexicanguitarplayers.com\\\/wp-content\\\/uploads\\\/2022\\\/08\\\/IABOYBYM2-1.jpg\",\"contentUrl\":\"https:\\\/\\\/www.mexicanguitarplayers.com\\\/wp-content\\\/uploads\\\/2022\\\/08\\\/IABOYBYM2-1.jpg\",\"width\":1200,\"height\":1200},{\"@type\":\"BreadcrumbList\",\"@id\":\"https:\\\/\\\/www.mexicanguitarplayers.com\\\/tienda\\\/audio\\\/microfonia\\\/microfonos-alambricos\\\/de-mano\\\/microfono-boya-mod-by-m2\\\/#breadcrumb\",\"itemListElement\":[{\"@type\":\"ListItem\",\"position\":1,\"name\":\"Portada\",\"item\":\"https:\\\/\\\/www.mexicanguitarplayers.com\\\/\"},{\"@type\":\"ListItem\",\"position\":2,\"name\":\"Tienda\",\"item\":\"https:\\\/\\\/www.mexicanguitarplayers.com\\\/tienda\\\/\"},{\"@type\":\"ListItem\",\"position\":3,\"name\":\"MICROFONO BOYA MOD. BY-M2\"}]},{\"@type\":\"WebSite\",\"@id\":\"https:\\\/\\\/www.mexicanguitarplayers.com\\\/#website\",\"url\":\"https:\\\/\\\/www.mexicanguitarplayers.com\\\/\",\"name\":\"Mexican Guitar Players\",\"description\":\"Website\",\"publisher\":{\"@id\":\"https:\\\/\\\/www.mexicanguitarplayers.com\\\/#organization\"},\"potentialAction\":[{\"@type\":\"SearchAction\",\"target\":{\"@type\":\"EntryPoint\",\"urlTemplate\":\"https:\\\/\\\/www.mexicanguitarplayers.com\\\/?s={search_term_string}\"},\"query-input\":{\"@type\":\"PropertyValueSpecification\",\"valueRequired\":true,\"valueName\":\"search_term_string\"}}],\"inLanguage\":\"en-US\"},{\"@type\":\"Organization\",\"@id\":\"https:\\\/\\\/www.mexicanguitarplayers.com\\\/#organization\",\"name\":\"Mexican Guitar Players\",\"url\":\"https:\\\/\\\/www.mexicanguitarplayers.com\\\/\",\"logo\":{\"@type\":\"ImageObject\",\"inLanguage\":\"en-US\",\"@id\":\"https:\\\/\\\/www.mexicanguitarplayers.com\\\/#\\\/schema\\\/logo\\\/image\\\/\",\"url\":\"\",\"contentUrl\":\"\",\"caption\":\"Mexican Guitar Players\"},\"image\":{\"@id\":\"https:\\\/\\\/www.mexicanguitarplayers.com\\\/#\\\/schema\\\/logo\\\/image\\\/\"}}]}<\/script>\n<!-- \/ Yoast SEO plugin. -->","yoast_head_json":{"title":"MICROFONO BOYA MOD. BY-M2 - Mexican Guitar Players","description":"MICROFONO BOYA MOD. BY-M2. Micr\u00f3fono lavalier de condensador con clips para dispositivos iOs, patr\u00f3n polar omnidireccional, dise\u00f1o desmontable para m\u00faltiples usos, conector lightning con certificaci\u00f3n Apple MFi, permite otro micr\u00f3fono de 3.5 mm, salida TRS a dispositivos iOs, no requiere bater\u00eda, respuesta de frecuencia: 50 Hz - 20 kHz, cable de 6 metros, peso: 46 g.","robots":{"index":"index","follow":"follow","max-snippet":"max-snippet:-1","max-image-preview":"max-image-preview:large","max-video-preview":"max-video-preview:-1"},"canonical":"https:\/\/www.mexicanguitarplayers.com\/en\/tienda\/audio\/microfonia\/microfonos-alambricos\/de-mano\/microfono-boya-mod-by-m2\/","og_locale":"en_US","og_type":"article","og_title":"MICROFONO BOYA MOD. BY-M2 - Mexican Guitar Players","og_description":"MICROFONO BOYA MOD. BY-M2. Micr\u00f3fono lavalier de condensador con clips para dispositivos iOs, patr\u00f3n polar omnidireccional, dise\u00f1o desmontable para m\u00faltiples usos, conector lightning con certificaci\u00f3n Apple MFi, permite otro micr\u00f3fono de 3.5 mm, salida TRS a dispositivos iOs, no requiere bater\u00eda, respuesta de frecuencia: 50 Hz - 20 kHz, cable de 6 metros, peso: 46 g.","og_url":"https:\/\/www.mexicanguitarplayers.com\/en\/tienda\/audio\/microfonia\/microfonos-alambricos\/de-mano\/microfono-boya-mod-by-m2\/","og_site_name":"Mexican Guitar Players","article_modified_time":"2025-04-28T19:15:52+00:00","og_image":[{"width":1200,"height":1200,"url":"https:\/\/www.mexicanguitarplayers.com\/wp-content\/uploads\/2022\/08\/IABOYBYM2-1.jpg","type":"image\/jpeg"}],"twitter_card":"summary_large_image","schema":{"@context":"https:\/\/schema.org","@graph":[{"@type":["WebPage","ItemPage"],"@id":"https:\/\/www.mexicanguitarplayers.com\/tienda\/audio\/microfonia\/microfonos-alambricos\/de-mano\/microfono-boya-mod-by-m2\/","url":"https:\/\/www.mexicanguitarplayers.com\/tienda\/audio\/microfonia\/microfonos-alambricos\/de-mano\/microfono-boya-mod-by-m2\/","name":"MICROFONO BOYA MOD. BY-M2 - Mexican Guitar Players","isPartOf":{"@id":"https:\/\/www.mexicanguitarplayers.com\/#website"},"primaryImageOfPage":{"@id":"https:\/\/www.mexicanguitarplayers.com\/tienda\/audio\/microfonia\/microfonos-alambricos\/de-mano\/microfono-boya-mod-by-m2\/#primaryimage"},"image":{"@id":"https:\/\/www.mexicanguitarplayers.com\/tienda\/audio\/microfonia\/microfonos-alambricos\/de-mano\/microfono-boya-mod-by-m2\/#primaryimage"},"thumbnailUrl":"https:\/\/www.mexicanguitarplayers.com\/wp-content\/uploads\/2022\/08\/IABOYBYM2-1.jpg","datePublished":"2022-08-18T05:51:45+00:00","dateModified":"2025-04-28T19:15:52+00:00","description":"MICROFONO BOYA MOD. BY-M2. Micr\u00f3fono lavalier de condensador con clips para dispositivos iOs, patr\u00f3n polar omnidireccional, dise\u00f1o desmontable para m\u00faltiples usos, conector lightning con certificaci\u00f3n Apple MFi, permite otro micr\u00f3fono de 3.5 mm, salida TRS a dispositivos iOs, no requiere bater\u00eda, respuesta de frecuencia: 50 Hz - 20 kHz, cable de 6 metros, peso: 46 g.","breadcrumb":{"@id":"https:\/\/www.mexicanguitarplayers.com\/tienda\/audio\/microfonia\/microfonos-alambricos\/de-mano\/microfono-boya-mod-by-m2\/#breadcrumb"},"inLanguage":"en-US","potentialAction":[{"@type":"ReadAction","target":["https:\/\/www.mexicanguitarplayers.com\/tienda\/audio\/microfonia\/microfonos-alambricos\/de-mano\/microfono-boya-mod-by-m2\/"]}]},{"@type":"ImageObject","inLanguage":"en-US","@id":"https:\/\/www.mexicanguitarplayers.com\/tienda\/audio\/microfonia\/microfonos-alambricos\/de-mano\/microfono-boya-mod-by-m2\/#primaryimage","url":"https:\/\/www.mexicanguitarplayers.com\/wp-content\/uploads\/2022\/08\/IABOYBYM2-1.jpg","contentUrl":"https:\/\/www.mexicanguitarplayers.com\/wp-content\/uploads\/2022\/08\/IABOYBYM2-1.jpg","width":1200,"height":1200},{"@type":"BreadcrumbList","@id":"https:\/\/www.mexicanguitarplayers.com\/tienda\/audio\/microfonia\/microfonos-alambricos\/de-mano\/microfono-boya-mod-by-m2\/#breadcrumb","itemListElement":[{"@type":"ListItem","position":1,"name":"Portada","item":"https:\/\/www.mexicanguitarplayers.com\/"},{"@type":"ListItem","position":2,"name":"Tienda","item":"https:\/\/www.mexicanguitarplayers.com\/tienda\/"},{"@type":"ListItem","position":3,"name":"MICROFONO BOYA MOD. BY-M2"}]},{"@type":"WebSite","@id":"https:\/\/www.mexicanguitarplayers.com\/#website","url":"https:\/\/www.mexicanguitarplayers.com\/","name":"Mexican Guitar Players","description":"Website","publisher":{"@id":"https:\/\/www.mexicanguitarplayers.com\/#organization"},"potentialAction":[{"@type":"SearchAction","target":{"@type":"EntryPoint","urlTemplate":"https:\/\/www.mexicanguitarplayers.com\/?s={search_term_string}"},"query-input":{"@type":"PropertyValueSpecification","valueRequired":true,"valueName":"search_term_string"}}],"inLanguage":"en-US"},{"@type":"Organization","@id":"https:\/\/www.mexicanguitarplayers.com\/#organization","name":"Mexican Guitar Players","url":"https:\/\/www.mexicanguitarplayers.com\/","logo":{"@type":"ImageObject","inLanguage":"en-US","@id":"https:\/\/www.mexicanguitarplayers.com\/#\/schema\/logo\/image\/","url":"","contentUrl":"","caption":"Mexican Guitar Players"},"image":{"@id":"https:\/\/www.mexicanguitarplayers.com\/#\/schema\/logo\/image\/"}}]}},"brands":[{"id":228,"name":"BUOY","slug":"boya"}],"_links":{"self":[{"href":"https:\/\/www.mexicanguitarplayers.com\/en\/wp-json\/wp\/v2\/product\/8212","targetHints":{"allow":["GET"]}}],"collection":[{"href":"https:\/\/www.mexicanguitarplayers.com\/en\/wp-json\/wp\/v2\/product"}],"about":[{"href":"https:\/\/www.mexicanguitarplayers.com\/en\/wp-json\/wp\/v2\/types\/product"}],"replies":[{"embeddable":true,"href":"https:\/\/www.mexicanguitarplayers.com\/en\/wp-json\/wp\/v2\/comments?post=8212"}],"wp:featuredmedia":[{"embeddable":true,"href":"https:\/\/www.mexicanguitarplayers.com\/en\/wp-json\/wp\/v2\/media\/21856"}],"wp:attachment":[{"href":"https:\/\/www.mexicanguitarplayers.com\/en\/wp-json\/wp\/v2\/media?parent=8212"}],"wp:term":[{"taxonomy":"pwb-brand","embeddable":true,"href":"https:\/\/www.mexicanguitarplayers.com\/en\/wp-json\/wp\/v2\/pwb-brand?post=8212"},{"taxonomy":"product_brand","embeddable":true,"href":"https:\/\/www.mexicanguitarplayers.com\/en\/wp-json\/wp\/v2\/product_brand?post=8212"},{"taxonomy":"product_cat","embeddable":true,"href":"https:\/\/www.mexicanguitarplayers.com\/en\/wp-json\/wp\/v2\/product_cat?post=8212"},{"taxonomy":"product_tag","embeddable":true,"href":"https:\/\/www.mexicanguitarplayers.com\/en\/wp-json\/wp\/v2\/product_tag?post=8212"}],"curies":[{"name":"wp","href":"https:\/\/api.w.org\/{rel}","templated":true}]}}