{"id":8240,"date":"2022-08-18T00:52:21","date_gmt":"2022-08-18T05:52:21","guid":{"rendered":"https:\/\/www.mexicanguitarplayers.com\/tienda\/sin%20categor\u00eda\/microfono-boya-mod-by-a7h\/"},"modified":"2025-03-27T00:29:07","modified_gmt":"2025-03-27T06:29:07","slug":"microfono-boya-mod-by-a7h","status":"publish","type":"product","link":"https:\/\/www.mexicanguitarplayers.com\/en\/tienda\/audio\/microfonia\/microfonos-alambricos\/de-mano\/microfono-boya-mod-by-a7h\/","title":{"rendered":"BUOY MICROPHONE MOD. BY-A7H"},"content":{"rendered":"<div style=\"text-align: justify; list-style: circle;\">\n<div>\n<h3>BUOY MICROPHONE MOD. BY-A7H<\/h3>\n<\/div>\n<div>Microphone compatible with cell phones or tablets, works with iOs and Android devices, omnidirectional polar pattern, high quality recording, plug &amp; play, rubber ferrule design that guarantees the fixed position of the microphone, 1\/8\u201d TRRS connector, includes transport bag.<\/div>\n<\/div>","protected":false},"excerpt":{"rendered":"<p>Micr\u00f3fono compatible con tel\u00e9fonos celulares o tablets, funciona con dispositivos iOs y Android, patr\u00f3n polar omnidireccional, grabaci\u00f3n de alta calidad, plug &#038; play, dise\u00f1o de f\u00e9rula de goma que garantiza la posici\u00f3n fija del micr\u00f3fono, conector TRRS de 1\/8\u201d, incluye bolsa de transporte.&hellip; <a class=\"kt-excerpt-readmore more-link\" href=\"https:\/\/www.mexicanguitarplayers.com\/en\/tienda\/audio\/microfonia\/microfonos-alambricos\/de-mano\/microfono-boya-mod-by-a7h\/\">Read more<\/a><\/p>","protected":false},"featured_media":21829,"comment_status":"open","ping_status":"closed","template":"","meta":{"kt_blocks_editor_width":""},"pwb-brand":[228],"product_brand":[],"product_cat":[213,218,214,215],"product_tag":[],"class_list":{"0":"post-8240","1":"product","2":"type-product","3":"status-publish","4":"has-post-thumbnail","6":"pwb-brand-boya","7":"product_cat-audio","8":"product_cat-de-mano","9":"product_cat-microfonia","10":"product_cat-microfonos-alambricos","11":"product_shipping_class-0-5-kg","13":"first","14":"outofstock","15":"taxable","16":"shipping-taxable","17":"purchasable","18":"product-type-simple"},"yoast_head":"<!-- This site is optimized with the Yoast SEO plugin v27.4 - https:\/\/yoast.com\/product\/yoast-seo-wordpress\/ -->\n<title>MICROFONO BOYA MOD. BY-A7H - Mexican Guitar Players<\/title>\n<meta name=\"description\" content=\"MICROFONO BOYA MOD. BY-A7H. Micr\u00f3fono compatible con tel\u00e9fonos celulares o tablets, funciona con dispositivos iOs y Android, patr\u00f3n polar omnidireccional, grabaci\u00f3n de alta calidad, plug &amp; play, dise\u00f1o de f\u00e9rula de goma que garantiza la posici\u00f3n fija del micr\u00f3fono, conector TRRS de 1\/8\u201d, incluye bolsa de transporte.\" \/>\n<meta name=\"robots\" content=\"index, follow, max-snippet:-1, max-image-preview:large, max-video-preview:-1\" \/>\n<link rel=\"canonical\" href=\"https:\/\/www.mexicanguitarplayers.com\/en\/tienda\/audio\/microfonia\/microfonos-alambricos\/de-mano\/microfono-boya-mod-by-a7h\/\" \/>\n<meta property=\"og:locale\" content=\"en_US\" \/>\n<meta property=\"og:type\" content=\"article\" \/>\n<meta property=\"og:title\" content=\"MICROFONO BOYA MOD. BY-A7H - Mexican Guitar Players\" \/>\n<meta property=\"og:description\" content=\"MICROFONO BOYA MOD. BY-A7H. Micr\u00f3fono compatible con tel\u00e9fonos celulares o tablets, funciona con dispositivos iOs y Android, patr\u00f3n polar omnidireccional, grabaci\u00f3n de alta calidad, plug &amp; play, dise\u00f1o de f\u00e9rula de goma que garantiza la posici\u00f3n fija del micr\u00f3fono, conector TRRS de 1\/8\u201d, incluye bolsa de transporte.\" \/>\n<meta property=\"og:url\" content=\"https:\/\/www.mexicanguitarplayers.com\/en\/tienda\/audio\/microfonia\/microfonos-alambricos\/de-mano\/microfono-boya-mod-by-a7h\/\" \/>\n<meta property=\"og:site_name\" content=\"Mexican Guitar Players\" \/>\n<meta property=\"article:modified_time\" content=\"2025-03-27T06:29:07+00:00\" \/>\n<meta property=\"og:image\" content=\"https:\/\/www.mexicanguitarplayers.com\/wp-content\/uploads\/2022\/08\/IABOYBYA7H-1.jpg\" \/>\n\t<meta property=\"og:image:width\" content=\"1200\" \/>\n\t<meta property=\"og:image:height\" content=\"1200\" \/>\n\t<meta property=\"og:image:type\" content=\"image\/jpeg\" \/>\n<meta name=\"twitter:card\" content=\"summary_large_image\" \/>\n<script type=\"application\/ld+json\" class=\"yoast-schema-graph\">{\"@context\":\"https:\\\/\\\/schema.org\",\"@graph\":[{\"@type\":[\"WebPage\",\"ItemPage\"],\"@id\":\"https:\\\/\\\/www.mexicanguitarplayers.com\\\/tienda\\\/audio\\\/microfonia\\\/microfonos-alambricos\\\/de-mano\\\/microfono-boya-mod-by-a7h\\\/\",\"url\":\"https:\\\/\\\/www.mexicanguitarplayers.com\\\/tienda\\\/audio\\\/microfonia\\\/microfonos-alambricos\\\/de-mano\\\/microfono-boya-mod-by-a7h\\\/\",\"name\":\"MICROFONO BOYA MOD. BY-A7H - Mexican Guitar Players\",\"isPartOf\":{\"@id\":\"https:\\\/\\\/www.mexicanguitarplayers.com\\\/#website\"},\"primaryImageOfPage\":{\"@id\":\"https:\\\/\\\/www.mexicanguitarplayers.com\\\/tienda\\\/audio\\\/microfonia\\\/microfonos-alambricos\\\/de-mano\\\/microfono-boya-mod-by-a7h\\\/#primaryimage\"},\"image\":{\"@id\":\"https:\\\/\\\/www.mexicanguitarplayers.com\\\/tienda\\\/audio\\\/microfonia\\\/microfonos-alambricos\\\/de-mano\\\/microfono-boya-mod-by-a7h\\\/#primaryimage\"},\"thumbnailUrl\":\"https:\\\/\\\/www.mexicanguitarplayers.com\\\/wp-content\\\/uploads\\\/2022\\\/08\\\/IABOYBYA7H-1.jpg\",\"datePublished\":\"2022-08-18T05:52:21+00:00\",\"dateModified\":\"2025-03-27T06:29:07+00:00\",\"description\":\"MICROFONO BOYA MOD. BY-A7H. Micr\u00f3fono compatible con tel\u00e9fonos celulares o tablets, funciona con dispositivos iOs y Android, patr\u00f3n polar omnidireccional, grabaci\u00f3n de alta calidad, plug & play, dise\u00f1o de f\u00e9rula de goma que garantiza la posici\u00f3n fija del micr\u00f3fono, conector TRRS de 1\\\/8\u201d, incluye bolsa de transporte.\",\"breadcrumb\":{\"@id\":\"https:\\\/\\\/www.mexicanguitarplayers.com\\\/tienda\\\/audio\\\/microfonia\\\/microfonos-alambricos\\\/de-mano\\\/microfono-boya-mod-by-a7h\\\/#breadcrumb\"},\"inLanguage\":\"en-US\",\"potentialAction\":[{\"@type\":\"ReadAction\",\"target\":[\"https:\\\/\\\/www.mexicanguitarplayers.com\\\/tienda\\\/audio\\\/microfonia\\\/microfonos-alambricos\\\/de-mano\\\/microfono-boya-mod-by-a7h\\\/\"]}]},{\"@type\":\"ImageObject\",\"inLanguage\":\"en-US\",\"@id\":\"https:\\\/\\\/www.mexicanguitarplayers.com\\\/tienda\\\/audio\\\/microfonia\\\/microfonos-alambricos\\\/de-mano\\\/microfono-boya-mod-by-a7h\\\/#primaryimage\",\"url\":\"https:\\\/\\\/www.mexicanguitarplayers.com\\\/wp-content\\\/uploads\\\/2022\\\/08\\\/IABOYBYA7H-1.jpg\",\"contentUrl\":\"https:\\\/\\\/www.mexicanguitarplayers.com\\\/wp-content\\\/uploads\\\/2022\\\/08\\\/IABOYBYA7H-1.jpg\",\"width\":1200,\"height\":1200},{\"@type\":\"BreadcrumbList\",\"@id\":\"https:\\\/\\\/www.mexicanguitarplayers.com\\\/tienda\\\/audio\\\/microfonia\\\/microfonos-alambricos\\\/de-mano\\\/microfono-boya-mod-by-a7h\\\/#breadcrumb\",\"itemListElement\":[{\"@type\":\"ListItem\",\"position\":1,\"name\":\"Portada\",\"item\":\"https:\\\/\\\/www.mexicanguitarplayers.com\\\/\"},{\"@type\":\"ListItem\",\"position\":2,\"name\":\"Tienda\",\"item\":\"https:\\\/\\\/www.mexicanguitarplayers.com\\\/tienda\\\/\"},{\"@type\":\"ListItem\",\"position\":3,\"name\":\"MICROFONO BOYA MOD. BY-A7H\"}]},{\"@type\":\"WebSite\",\"@id\":\"https:\\\/\\\/www.mexicanguitarplayers.com\\\/#website\",\"url\":\"https:\\\/\\\/www.mexicanguitarplayers.com\\\/\",\"name\":\"Mexican Guitar Players\",\"description\":\"Website\",\"publisher\":{\"@id\":\"https:\\\/\\\/www.mexicanguitarplayers.com\\\/#organization\"},\"potentialAction\":[{\"@type\":\"SearchAction\",\"target\":{\"@type\":\"EntryPoint\",\"urlTemplate\":\"https:\\\/\\\/www.mexicanguitarplayers.com\\\/?s={search_term_string}\"},\"query-input\":{\"@type\":\"PropertyValueSpecification\",\"valueRequired\":true,\"valueName\":\"search_term_string\"}}],\"inLanguage\":\"en-US\"},{\"@type\":\"Organization\",\"@id\":\"https:\\\/\\\/www.mexicanguitarplayers.com\\\/#organization\",\"name\":\"Mexican Guitar Players\",\"url\":\"https:\\\/\\\/www.mexicanguitarplayers.com\\\/\",\"logo\":{\"@type\":\"ImageObject\",\"inLanguage\":\"en-US\",\"@id\":\"https:\\\/\\\/www.mexicanguitarplayers.com\\\/#\\\/schema\\\/logo\\\/image\\\/\",\"url\":\"\",\"contentUrl\":\"\",\"caption\":\"Mexican Guitar Players\"},\"image\":{\"@id\":\"https:\\\/\\\/www.mexicanguitarplayers.com\\\/#\\\/schema\\\/logo\\\/image\\\/\"}}]}<\/script>\n<!-- \/ Yoast SEO plugin. -->","yoast_head_json":{"title":"MICROFONO BOYA MOD. BY-A7H - Mexican Guitar Players","description":"MICROFONO BOYA MOD. BY-A7H. Micr\u00f3fono compatible con tel\u00e9fonos celulares o tablets, funciona con dispositivos iOs y Android, patr\u00f3n polar omnidireccional, grabaci\u00f3n de alta calidad, plug & play, dise\u00f1o de f\u00e9rula de goma que garantiza la posici\u00f3n fija del micr\u00f3fono, conector TRRS de 1\/8\u201d, incluye bolsa de transporte.","robots":{"index":"index","follow":"follow","max-snippet":"max-snippet:-1","max-image-preview":"max-image-preview:large","max-video-preview":"max-video-preview:-1"},"canonical":"https:\/\/www.mexicanguitarplayers.com\/en\/tienda\/audio\/microfonia\/microfonos-alambricos\/de-mano\/microfono-boya-mod-by-a7h\/","og_locale":"en_US","og_type":"article","og_title":"MICROFONO BOYA MOD. BY-A7H - Mexican Guitar Players","og_description":"MICROFONO BOYA MOD. BY-A7H. Micr\u00f3fono compatible con tel\u00e9fonos celulares o tablets, funciona con dispositivos iOs y Android, patr\u00f3n polar omnidireccional, grabaci\u00f3n de alta calidad, plug & play, dise\u00f1o de f\u00e9rula de goma que garantiza la posici\u00f3n fija del micr\u00f3fono, conector TRRS de 1\/8\u201d, incluye bolsa de transporte.","og_url":"https:\/\/www.mexicanguitarplayers.com\/en\/tienda\/audio\/microfonia\/microfonos-alambricos\/de-mano\/microfono-boya-mod-by-a7h\/","og_site_name":"Mexican Guitar Players","article_modified_time":"2025-03-27T06:29:07+00:00","og_image":[{"width":1200,"height":1200,"url":"https:\/\/www.mexicanguitarplayers.com\/wp-content\/uploads\/2022\/08\/IABOYBYA7H-1.jpg","type":"image\/jpeg"}],"twitter_card":"summary_large_image","schema":{"@context":"https:\/\/schema.org","@graph":[{"@type":["WebPage","ItemPage"],"@id":"https:\/\/www.mexicanguitarplayers.com\/tienda\/audio\/microfonia\/microfonos-alambricos\/de-mano\/microfono-boya-mod-by-a7h\/","url":"https:\/\/www.mexicanguitarplayers.com\/tienda\/audio\/microfonia\/microfonos-alambricos\/de-mano\/microfono-boya-mod-by-a7h\/","name":"MICROFONO BOYA MOD. BY-A7H - Mexican Guitar Players","isPartOf":{"@id":"https:\/\/www.mexicanguitarplayers.com\/#website"},"primaryImageOfPage":{"@id":"https:\/\/www.mexicanguitarplayers.com\/tienda\/audio\/microfonia\/microfonos-alambricos\/de-mano\/microfono-boya-mod-by-a7h\/#primaryimage"},"image":{"@id":"https:\/\/www.mexicanguitarplayers.com\/tienda\/audio\/microfonia\/microfonos-alambricos\/de-mano\/microfono-boya-mod-by-a7h\/#primaryimage"},"thumbnailUrl":"https:\/\/www.mexicanguitarplayers.com\/wp-content\/uploads\/2022\/08\/IABOYBYA7H-1.jpg","datePublished":"2022-08-18T05:52:21+00:00","dateModified":"2025-03-27T06:29:07+00:00","description":"MICROFONO BOYA MOD. BY-A7H. Micr\u00f3fono compatible con tel\u00e9fonos celulares o tablets, funciona con dispositivos iOs y Android, patr\u00f3n polar omnidireccional, grabaci\u00f3n de alta calidad, plug & play, dise\u00f1o de f\u00e9rula de goma que garantiza la posici\u00f3n fija del micr\u00f3fono, conector TRRS de 1\/8\u201d, incluye bolsa de transporte.","breadcrumb":{"@id":"https:\/\/www.mexicanguitarplayers.com\/tienda\/audio\/microfonia\/microfonos-alambricos\/de-mano\/microfono-boya-mod-by-a7h\/#breadcrumb"},"inLanguage":"en-US","potentialAction":[{"@type":"ReadAction","target":["https:\/\/www.mexicanguitarplayers.com\/tienda\/audio\/microfonia\/microfonos-alambricos\/de-mano\/microfono-boya-mod-by-a7h\/"]}]},{"@type":"ImageObject","inLanguage":"en-US","@id":"https:\/\/www.mexicanguitarplayers.com\/tienda\/audio\/microfonia\/microfonos-alambricos\/de-mano\/microfono-boya-mod-by-a7h\/#primaryimage","url":"https:\/\/www.mexicanguitarplayers.com\/wp-content\/uploads\/2022\/08\/IABOYBYA7H-1.jpg","contentUrl":"https:\/\/www.mexicanguitarplayers.com\/wp-content\/uploads\/2022\/08\/IABOYBYA7H-1.jpg","width":1200,"height":1200},{"@type":"BreadcrumbList","@id":"https:\/\/www.mexicanguitarplayers.com\/tienda\/audio\/microfonia\/microfonos-alambricos\/de-mano\/microfono-boya-mod-by-a7h\/#breadcrumb","itemListElement":[{"@type":"ListItem","position":1,"name":"Portada","item":"https:\/\/www.mexicanguitarplayers.com\/"},{"@type":"ListItem","position":2,"name":"Tienda","item":"https:\/\/www.mexicanguitarplayers.com\/tienda\/"},{"@type":"ListItem","position":3,"name":"MICROFONO BOYA MOD. BY-A7H"}]},{"@type":"WebSite","@id":"https:\/\/www.mexicanguitarplayers.com\/#website","url":"https:\/\/www.mexicanguitarplayers.com\/","name":"Mexican Guitar Players","description":"Website","publisher":{"@id":"https:\/\/www.mexicanguitarplayers.com\/#organization"},"potentialAction":[{"@type":"SearchAction","target":{"@type":"EntryPoint","urlTemplate":"https:\/\/www.mexicanguitarplayers.com\/?s={search_term_string}"},"query-input":{"@type":"PropertyValueSpecification","valueRequired":true,"valueName":"search_term_string"}}],"inLanguage":"en-US"},{"@type":"Organization","@id":"https:\/\/www.mexicanguitarplayers.com\/#organization","name":"Mexican Guitar Players","url":"https:\/\/www.mexicanguitarplayers.com\/","logo":{"@type":"ImageObject","inLanguage":"en-US","@id":"https:\/\/www.mexicanguitarplayers.com\/#\/schema\/logo\/image\/","url":"","contentUrl":"","caption":"Mexican Guitar Players"},"image":{"@id":"https:\/\/www.mexicanguitarplayers.com\/#\/schema\/logo\/image\/"}}]}},"brands":[{"id":228,"name":"BUOY","slug":"boya"}],"_links":{"self":[{"href":"https:\/\/www.mexicanguitarplayers.com\/en\/wp-json\/wp\/v2\/product\/8240","targetHints":{"allow":["GET"]}}],"collection":[{"href":"https:\/\/www.mexicanguitarplayers.com\/en\/wp-json\/wp\/v2\/product"}],"about":[{"href":"https:\/\/www.mexicanguitarplayers.com\/en\/wp-json\/wp\/v2\/types\/product"}],"replies":[{"embeddable":true,"href":"https:\/\/www.mexicanguitarplayers.com\/en\/wp-json\/wp\/v2\/comments?post=8240"}],"wp:featuredmedia":[{"embeddable":true,"href":"https:\/\/www.mexicanguitarplayers.com\/en\/wp-json\/wp\/v2\/media\/21829"}],"wp:attachment":[{"href":"https:\/\/www.mexicanguitarplayers.com\/en\/wp-json\/wp\/v2\/media?parent=8240"}],"wp:term":[{"taxonomy":"pwb-brand","embeddable":true,"href":"https:\/\/www.mexicanguitarplayers.com\/en\/wp-json\/wp\/v2\/pwb-brand?post=8240"},{"taxonomy":"product_brand","embeddable":true,"href":"https:\/\/www.mexicanguitarplayers.com\/en\/wp-json\/wp\/v2\/product_brand?post=8240"},{"taxonomy":"product_cat","embeddable":true,"href":"https:\/\/www.mexicanguitarplayers.com\/en\/wp-json\/wp\/v2\/product_cat?post=8240"},{"taxonomy":"product_tag","embeddable":true,"href":"https:\/\/www.mexicanguitarplayers.com\/en\/wp-json\/wp\/v2\/product_tag?post=8240"}],"curies":[{"name":"wp","href":"https:\/\/api.w.org\/{rel}","templated":true}]}}