{"id":8252,"date":"2022-08-18T00:52:41","date_gmt":"2022-08-18T05:52:41","guid":{"rendered":"https:\/\/www.mexicanguitarplayers.com\/tienda\/sin%20categor\u00eda\/microfono-boya-mod-by-bm57\/"},"modified":"2025-03-27T00:28:58","modified_gmt":"2025-03-27T06:28:58","slug":"microfono-boya-mod-by-bm57","status":"publish","type":"product","link":"https:\/\/www.mexicanguitarplayers.com\/en\/tienda\/audio\/microfonia\/microfonos-alambricos\/para-instrumento\/microfono-boya-mod-by-bm57\/","title":{"rendered":"BUOY MICROPHONE MOD. BY-BM57"},"content":{"rendered":"<div style=\"text-align: justify; list-style: circle;\">\n<div>\n<h3>BUOY MICROPHONE MOD. BY-BM57<\/h3>\n<\/div>\n<div>Cardioid Dynamic Instrument Microphone, XLR Female to 6.34mm Male Adapter Cable, Clearly Reproduces Vocal and Instrument Sound, Ideal for Picking Up Percussion and Drum Sounds or Other Instruments and Speakers, Excellent Cardioid Polar Pattern, Built-in Pop Filter, Zinc Alloy Body and durable aluminum, includes a microphone stand, carry bag, user guide.<\/div>\n<\/div>","protected":false},"excerpt":{"rendered":"<p>Micr\u00f3fono din\u00e1mico cardioide para instrumento, cable adaptador XLR hembra a 6.34 mm macho, reproduce claramente sonido vocal e instrumental, ideal para captar sonidos de percusi\u00f3n y bater\u00eda u otros instrumentos y altavoces, excelente patr\u00f3n polar cardioide, filtro antipop incorporado, cuerpo de aleaci\u00f3n de zinc y aluminio duradero, incluye un soporte para micr\u00f3fono, bolsa de transporte, gu\u00eda de usuario.&hellip; <a class=\"kt-excerpt-readmore more-link\" href=\"https:\/\/www.mexicanguitarplayers.com\/en\/tienda\/audio\/microfonia\/microfonos-alambricos\/para-instrumento\/microfono-boya-mod-by-bm57\/\">Read more<\/a><\/p>","protected":false},"featured_media":21840,"comment_status":"open","ping_status":"closed","template":"","meta":{"kt_blocks_editor_width":""},"pwb-brand":[228],"product_brand":[],"product_cat":[213,214,215,216],"product_tag":[],"class_list":{"0":"post-8252","1":"product","2":"type-product","3":"status-publish","4":"has-post-thumbnail","6":"pwb-brand-boya","7":"product_cat-audio","8":"product_cat-microfonia","9":"product_cat-microfonos-alambricos","10":"product_cat-para-instrumento","11":"product_shipping_class-0-5-kg","13":"first","14":"outofstock","15":"taxable","16":"shipping-taxable","17":"purchasable","18":"product-type-simple"},"yoast_head":"<!-- This site is optimized with the Yoast SEO plugin v27.5 - https:\/\/yoast.com\/product\/yoast-seo-wordpress\/ -->\n<title>MICROFONO BOYA MOD. BY-BM57 - Mexican Guitar Players<\/title>\n<meta name=\"description\" content=\"MICROFONO BOYA MOD. BY-BM57. Micr\u00f3fono din\u00e1mico cardioide para instrumento, cable adaptador XLR hembra a 6.34 mm macho, reproduce claramente sonido vocal e instrumental, ideal para captar sonidos de percusi\u00f3n y bater\u00eda u otros instrumentos y altavoces, excelente patr\u00f3n polar cardioide, filtro antipop incorporado, cuerpo de aleaci\u00f3n de zinc y aluminio duradero, incluye un soporte para micr\u00f3fono, bolsa de transporte, gu\u00eda de usuario.\" \/>\n<meta name=\"robots\" content=\"index, follow, max-snippet:-1, max-image-preview:large, max-video-preview:-1\" \/>\n<link rel=\"canonical\" href=\"https:\/\/www.mexicanguitarplayers.com\/en\/tienda\/audio\/microfonia\/microfonos-alambricos\/para-instrumento\/microfono-boya-mod-by-bm57\/\" \/>\n<meta property=\"og:locale\" content=\"en_US\" \/>\n<meta property=\"og:type\" content=\"article\" \/>\n<meta property=\"og:title\" content=\"MICROFONO BOYA MOD. BY-BM57 - Mexican Guitar Players\" \/>\n<meta property=\"og:description\" content=\"MICROFONO BOYA MOD. BY-BM57. Micr\u00f3fono din\u00e1mico cardioide para instrumento, cable adaptador XLR hembra a 6.34 mm macho, reproduce claramente sonido vocal e instrumental, ideal para captar sonidos de percusi\u00f3n y bater\u00eda u otros instrumentos y altavoces, excelente patr\u00f3n polar cardioide, filtro antipop incorporado, cuerpo de aleaci\u00f3n de zinc y aluminio duradero, incluye un soporte para micr\u00f3fono, bolsa de transporte, gu\u00eda de usuario.\" \/>\n<meta property=\"og:url\" content=\"https:\/\/www.mexicanguitarplayers.com\/en\/tienda\/audio\/microfonia\/microfonos-alambricos\/para-instrumento\/microfono-boya-mod-by-bm57\/\" \/>\n<meta property=\"og:site_name\" content=\"Mexican Guitar Players\" \/>\n<meta property=\"article:modified_time\" content=\"2025-03-27T06:28:58+00:00\" \/>\n<meta property=\"og:image\" content=\"https:\/\/www.mexicanguitarplayers.com\/wp-content\/uploads\/2022\/08\/IABOYBYBM57-1.jpg\" \/>\n\t<meta property=\"og:image:width\" content=\"800\" \/>\n\t<meta property=\"og:image:height\" content=\"1600\" \/>\n\t<meta property=\"og:image:type\" content=\"image\/jpeg\" \/>\n<meta name=\"twitter:card\" content=\"summary_large_image\" \/>\n<script type=\"application\/ld+json\" class=\"yoast-schema-graph\">{\"@context\":\"https:\\\/\\\/schema.org\",\"@graph\":[{\"@type\":[\"WebPage\",\"ItemPage\"],\"@id\":\"https:\\\/\\\/www.mexicanguitarplayers.com\\\/tienda\\\/audio\\\/microfonia\\\/microfonos-alambricos\\\/para-instrumento\\\/microfono-boya-mod-by-bm57\\\/\",\"url\":\"https:\\\/\\\/www.mexicanguitarplayers.com\\\/tienda\\\/audio\\\/microfonia\\\/microfonos-alambricos\\\/para-instrumento\\\/microfono-boya-mod-by-bm57\\\/\",\"name\":\"MICROFONO BOYA MOD. BY-BM57 - Mexican Guitar Players\",\"isPartOf\":{\"@id\":\"https:\\\/\\\/www.mexicanguitarplayers.com\\\/#website\"},\"primaryImageOfPage\":{\"@id\":\"https:\\\/\\\/www.mexicanguitarplayers.com\\\/tienda\\\/audio\\\/microfonia\\\/microfonos-alambricos\\\/para-instrumento\\\/microfono-boya-mod-by-bm57\\\/#primaryimage\"},\"image\":{\"@id\":\"https:\\\/\\\/www.mexicanguitarplayers.com\\\/tienda\\\/audio\\\/microfonia\\\/microfonos-alambricos\\\/para-instrumento\\\/microfono-boya-mod-by-bm57\\\/#primaryimage\"},\"thumbnailUrl\":\"https:\\\/\\\/www.mexicanguitarplayers.com\\\/wp-content\\\/uploads\\\/2022\\\/08\\\/IABOYBYBM57-1.jpg\",\"datePublished\":\"2022-08-18T05:52:41+00:00\",\"dateModified\":\"2025-03-27T06:28:58+00:00\",\"description\":\"MICROFONO BOYA MOD. BY-BM57. Micr\u00f3fono din\u00e1mico cardioide para instrumento, cable adaptador XLR hembra a 6.34 mm macho, reproduce claramente sonido vocal e instrumental, ideal para captar sonidos de percusi\u00f3n y bater\u00eda u otros instrumentos y altavoces, excelente patr\u00f3n polar cardioide, filtro antipop incorporado, cuerpo de aleaci\u00f3n de zinc y aluminio duradero, incluye un soporte para micr\u00f3fono, bolsa de transporte, gu\u00eda de usuario.\",\"breadcrumb\":{\"@id\":\"https:\\\/\\\/www.mexicanguitarplayers.com\\\/tienda\\\/audio\\\/microfonia\\\/microfonos-alambricos\\\/para-instrumento\\\/microfono-boya-mod-by-bm57\\\/#breadcrumb\"},\"inLanguage\":\"en-US\",\"potentialAction\":[{\"@type\":\"ReadAction\",\"target\":[\"https:\\\/\\\/www.mexicanguitarplayers.com\\\/tienda\\\/audio\\\/microfonia\\\/microfonos-alambricos\\\/para-instrumento\\\/microfono-boya-mod-by-bm57\\\/\"]}]},{\"@type\":\"ImageObject\",\"inLanguage\":\"en-US\",\"@id\":\"https:\\\/\\\/www.mexicanguitarplayers.com\\\/tienda\\\/audio\\\/microfonia\\\/microfonos-alambricos\\\/para-instrumento\\\/microfono-boya-mod-by-bm57\\\/#primaryimage\",\"url\":\"https:\\\/\\\/www.mexicanguitarplayers.com\\\/wp-content\\\/uploads\\\/2022\\\/08\\\/IABOYBYBM57-1.jpg\",\"contentUrl\":\"https:\\\/\\\/www.mexicanguitarplayers.com\\\/wp-content\\\/uploads\\\/2022\\\/08\\\/IABOYBYBM57-1.jpg\",\"width\":800,\"height\":1600},{\"@type\":\"BreadcrumbList\",\"@id\":\"https:\\\/\\\/www.mexicanguitarplayers.com\\\/tienda\\\/audio\\\/microfonia\\\/microfonos-alambricos\\\/para-instrumento\\\/microfono-boya-mod-by-bm57\\\/#breadcrumb\",\"itemListElement\":[{\"@type\":\"ListItem\",\"position\":1,\"name\":\"Portada\",\"item\":\"https:\\\/\\\/www.mexicanguitarplayers.com\\\/\"},{\"@type\":\"ListItem\",\"position\":2,\"name\":\"Tienda\",\"item\":\"https:\\\/\\\/www.mexicanguitarplayers.com\\\/tienda\\\/\"},{\"@type\":\"ListItem\",\"position\":3,\"name\":\"MICROFONO BOYA MOD. BY-BM57\"}]},{\"@type\":\"WebSite\",\"@id\":\"https:\\\/\\\/www.mexicanguitarplayers.com\\\/#website\",\"url\":\"https:\\\/\\\/www.mexicanguitarplayers.com\\\/\",\"name\":\"Mexican Guitar Players\",\"description\":\"Website\",\"publisher\":{\"@id\":\"https:\\\/\\\/www.mexicanguitarplayers.com\\\/#organization\"},\"potentialAction\":[{\"@type\":\"SearchAction\",\"target\":{\"@type\":\"EntryPoint\",\"urlTemplate\":\"https:\\\/\\\/www.mexicanguitarplayers.com\\\/?s={search_term_string}\"},\"query-input\":{\"@type\":\"PropertyValueSpecification\",\"valueRequired\":true,\"valueName\":\"search_term_string\"}}],\"inLanguage\":\"en-US\"},{\"@type\":\"Organization\",\"@id\":\"https:\\\/\\\/www.mexicanguitarplayers.com\\\/#organization\",\"name\":\"Mexican Guitar Players\",\"url\":\"https:\\\/\\\/www.mexicanguitarplayers.com\\\/\",\"logo\":{\"@type\":\"ImageObject\",\"inLanguage\":\"en-US\",\"@id\":\"https:\\\/\\\/www.mexicanguitarplayers.com\\\/#\\\/schema\\\/logo\\\/image\\\/\",\"url\":\"\",\"contentUrl\":\"\",\"caption\":\"Mexican Guitar Players\"},\"image\":{\"@id\":\"https:\\\/\\\/www.mexicanguitarplayers.com\\\/#\\\/schema\\\/logo\\\/image\\\/\"}}]}<\/script>\n<!-- \/ Yoast SEO plugin. -->","yoast_head_json":{"title":"MICROFONO BOYA MOD. BY-BM57 - Mexican Guitar Players","description":"MICROFONO BOYA MOD. BY-BM57. Micr\u00f3fono din\u00e1mico cardioide para instrumento, cable adaptador XLR hembra a 6.34 mm macho, reproduce claramente sonido vocal e instrumental, ideal para captar sonidos de percusi\u00f3n y bater\u00eda u otros instrumentos y altavoces, excelente patr\u00f3n polar cardioide, filtro antipop incorporado, cuerpo de aleaci\u00f3n de zinc y aluminio duradero, incluye un soporte para micr\u00f3fono, bolsa de transporte, gu\u00eda de usuario.","robots":{"index":"index","follow":"follow","max-snippet":"max-snippet:-1","max-image-preview":"max-image-preview:large","max-video-preview":"max-video-preview:-1"},"canonical":"https:\/\/www.mexicanguitarplayers.com\/en\/tienda\/audio\/microfonia\/microfonos-alambricos\/para-instrumento\/microfono-boya-mod-by-bm57\/","og_locale":"en_US","og_type":"article","og_title":"MICROFONO BOYA MOD. BY-BM57 - Mexican Guitar Players","og_description":"MICROFONO BOYA MOD. BY-BM57. Micr\u00f3fono din\u00e1mico cardioide para instrumento, cable adaptador XLR hembra a 6.34 mm macho, reproduce claramente sonido vocal e instrumental, ideal para captar sonidos de percusi\u00f3n y bater\u00eda u otros instrumentos y altavoces, excelente patr\u00f3n polar cardioide, filtro antipop incorporado, cuerpo de aleaci\u00f3n de zinc y aluminio duradero, incluye un soporte para micr\u00f3fono, bolsa de transporte, gu\u00eda de usuario.","og_url":"https:\/\/www.mexicanguitarplayers.com\/en\/tienda\/audio\/microfonia\/microfonos-alambricos\/para-instrumento\/microfono-boya-mod-by-bm57\/","og_site_name":"Mexican Guitar Players","article_modified_time":"2025-03-27T06:28:58+00:00","og_image":[{"width":800,"height":1600,"url":"https:\/\/www.mexicanguitarplayers.com\/wp-content\/uploads\/2022\/08\/IABOYBYBM57-1.jpg","type":"image\/jpeg"}],"twitter_card":"summary_large_image","schema":{"@context":"https:\/\/schema.org","@graph":[{"@type":["WebPage","ItemPage"],"@id":"https:\/\/www.mexicanguitarplayers.com\/tienda\/audio\/microfonia\/microfonos-alambricos\/para-instrumento\/microfono-boya-mod-by-bm57\/","url":"https:\/\/www.mexicanguitarplayers.com\/tienda\/audio\/microfonia\/microfonos-alambricos\/para-instrumento\/microfono-boya-mod-by-bm57\/","name":"MICROFONO BOYA MOD. BY-BM57 - Mexican Guitar Players","isPartOf":{"@id":"https:\/\/www.mexicanguitarplayers.com\/#website"},"primaryImageOfPage":{"@id":"https:\/\/www.mexicanguitarplayers.com\/tienda\/audio\/microfonia\/microfonos-alambricos\/para-instrumento\/microfono-boya-mod-by-bm57\/#primaryimage"},"image":{"@id":"https:\/\/www.mexicanguitarplayers.com\/tienda\/audio\/microfonia\/microfonos-alambricos\/para-instrumento\/microfono-boya-mod-by-bm57\/#primaryimage"},"thumbnailUrl":"https:\/\/www.mexicanguitarplayers.com\/wp-content\/uploads\/2022\/08\/IABOYBYBM57-1.jpg","datePublished":"2022-08-18T05:52:41+00:00","dateModified":"2025-03-27T06:28:58+00:00","description":"MICROFONO BOYA MOD. BY-BM57. Micr\u00f3fono din\u00e1mico cardioide para instrumento, cable adaptador XLR hembra a 6.34 mm macho, reproduce claramente sonido vocal e instrumental, ideal para captar sonidos de percusi\u00f3n y bater\u00eda u otros instrumentos y altavoces, excelente patr\u00f3n polar cardioide, filtro antipop incorporado, cuerpo de aleaci\u00f3n de zinc y aluminio duradero, incluye un soporte para micr\u00f3fono, bolsa de transporte, gu\u00eda de usuario.","breadcrumb":{"@id":"https:\/\/www.mexicanguitarplayers.com\/tienda\/audio\/microfonia\/microfonos-alambricos\/para-instrumento\/microfono-boya-mod-by-bm57\/#breadcrumb"},"inLanguage":"en-US","potentialAction":[{"@type":"ReadAction","target":["https:\/\/www.mexicanguitarplayers.com\/tienda\/audio\/microfonia\/microfonos-alambricos\/para-instrumento\/microfono-boya-mod-by-bm57\/"]}]},{"@type":"ImageObject","inLanguage":"en-US","@id":"https:\/\/www.mexicanguitarplayers.com\/tienda\/audio\/microfonia\/microfonos-alambricos\/para-instrumento\/microfono-boya-mod-by-bm57\/#primaryimage","url":"https:\/\/www.mexicanguitarplayers.com\/wp-content\/uploads\/2022\/08\/IABOYBYBM57-1.jpg","contentUrl":"https:\/\/www.mexicanguitarplayers.com\/wp-content\/uploads\/2022\/08\/IABOYBYBM57-1.jpg","width":800,"height":1600},{"@type":"BreadcrumbList","@id":"https:\/\/www.mexicanguitarplayers.com\/tienda\/audio\/microfonia\/microfonos-alambricos\/para-instrumento\/microfono-boya-mod-by-bm57\/#breadcrumb","itemListElement":[{"@type":"ListItem","position":1,"name":"Portada","item":"https:\/\/www.mexicanguitarplayers.com\/"},{"@type":"ListItem","position":2,"name":"Tienda","item":"https:\/\/www.mexicanguitarplayers.com\/tienda\/"},{"@type":"ListItem","position":3,"name":"MICROFONO BOYA MOD. BY-BM57"}]},{"@type":"WebSite","@id":"https:\/\/www.mexicanguitarplayers.com\/#website","url":"https:\/\/www.mexicanguitarplayers.com\/","name":"Mexican Guitar Players","description":"Website","publisher":{"@id":"https:\/\/www.mexicanguitarplayers.com\/#organization"},"potentialAction":[{"@type":"SearchAction","target":{"@type":"EntryPoint","urlTemplate":"https:\/\/www.mexicanguitarplayers.com\/?s={search_term_string}"},"query-input":{"@type":"PropertyValueSpecification","valueRequired":true,"valueName":"search_term_string"}}],"inLanguage":"en-US"},{"@type":"Organization","@id":"https:\/\/www.mexicanguitarplayers.com\/#organization","name":"Mexican Guitar Players","url":"https:\/\/www.mexicanguitarplayers.com\/","logo":{"@type":"ImageObject","inLanguage":"en-US","@id":"https:\/\/www.mexicanguitarplayers.com\/#\/schema\/logo\/image\/","url":"","contentUrl":"","caption":"Mexican Guitar Players"},"image":{"@id":"https:\/\/www.mexicanguitarplayers.com\/#\/schema\/logo\/image\/"}}]}},"brands":[{"id":228,"name":"BUOY","slug":"boya"}],"_links":{"self":[{"href":"https:\/\/www.mexicanguitarplayers.com\/en\/wp-json\/wp\/v2\/product\/8252","targetHints":{"allow":["GET"]}}],"collection":[{"href":"https:\/\/www.mexicanguitarplayers.com\/en\/wp-json\/wp\/v2\/product"}],"about":[{"href":"https:\/\/www.mexicanguitarplayers.com\/en\/wp-json\/wp\/v2\/types\/product"}],"replies":[{"embeddable":true,"href":"https:\/\/www.mexicanguitarplayers.com\/en\/wp-json\/wp\/v2\/comments?post=8252"}],"wp:featuredmedia":[{"embeddable":true,"href":"https:\/\/www.mexicanguitarplayers.com\/en\/wp-json\/wp\/v2\/media\/21840"}],"wp:attachment":[{"href":"https:\/\/www.mexicanguitarplayers.com\/en\/wp-json\/wp\/v2\/media?parent=8252"}],"wp:term":[{"taxonomy":"pwb-brand","embeddable":true,"href":"https:\/\/www.mexicanguitarplayers.com\/en\/wp-json\/wp\/v2\/pwb-brand?post=8252"},{"taxonomy":"product_brand","embeddable":true,"href":"https:\/\/www.mexicanguitarplayers.com\/en\/wp-json\/wp\/v2\/product_brand?post=8252"},{"taxonomy":"product_cat","embeddable":true,"href":"https:\/\/www.mexicanguitarplayers.com\/en\/wp-json\/wp\/v2\/product_cat?post=8252"},{"taxonomy":"product_tag","embeddable":true,"href":"https:\/\/www.mexicanguitarplayers.com\/en\/wp-json\/wp\/v2\/product_tag?post=8252"}],"curies":[{"name":"wp","href":"https:\/\/api.w.org\/{rel}","templated":true}]}}