{"id":8289,"date":"2022-08-18T00:54:19","date_gmt":"2022-08-18T05:54:19","guid":{"rendered":"https:\/\/www.mexicanguitarplayers.com\/tienda\/sin%20categor\u00eda\/microfono-eikon-instrumento-mod-dm12\/"},"modified":"2026-01-03T04:54:21","modified_gmt":"2026-01-03T10:54:21","slug":"microfono-eikon-instrumento-mod-dm12","status":"publish","type":"product","link":"https:\/\/www.mexicanguitarplayers.com\/en\/tienda\/audio\/microfonia\/microfonos-alambricos\/para-instrumento\/microfono-eikon-instrumento-mod-dm12\/","title":{"rendered":"EIKON INSTRUMENT MICROPHONE MOD. DM12"},"content":{"rendered":"<div style=\"text-align: justify\">\n<div>\n<h3>EIKON INSTRUMENT MICROPHONE MOD. DM12<\/h3>\n<\/div>\n<div>Professional dynamic microphone ideal for kick drums, bass cabinets, tubas and other low frequency instruments, super cardioid polar pattern, frequency response: 50 Hz \u2013 16 kHz, sensitivity: -58 dB +- 3 dB, maximum SPL for 1% THD: 152 dB (calculated), signal to noise ratio: &gt;65 dB, nominal impedance: 400 ohms, recommended load impedance: &gt;1000 ohms, connector: XLR 3-pin male, dimensions: 105 X 65 mm, weight: 320 g.<\/div>\n<\/div>","protected":false},"excerpt":{"rendered":"<p>Micr\u00f3fono din\u00e1mico profesional ideal para bombos, gabinetes para bajo, tubas y otros instrumentos de baja frecuencia, patr\u00f3n polar s\u00faper cardioide, respuesta defrecuencia: 50 Hz &#8211; 16 kHz, sensibilidad: -58 dB +- 3 dB, SPL m\u00e1ximo para 1% THD: 152 dB (calculado), relaci\u00f3n se\u00f1al a ruido: &gt;65 dB, impedancia nominal: 400 ohms, impedancia de carga recomendada: &gt;1000 ohms, conector: XLR macho de 3 pines, dimensiones: 105 X 65 mm, peso: 320 g.&hellip; <a class=\"kt-excerpt-readmore more-link\" href=\"https:\/\/www.mexicanguitarplayers.com\/en\/tienda\/audio\/microfonia\/microfonos-alambricos\/para-instrumento\/microfono-eikon-instrumento-mod-dm12\/\">Read more<\/a><\/p>","protected":false},"featured_media":21888,"comment_status":"open","ping_status":"closed","template":"","meta":{"kt_blocks_editor_width":""},"pwb-brand":[239],"product_brand":[],"product_cat":[213,214,215,216],"product_tag":[],"class_list":{"0":"post-8289","1":"product","2":"type-product","3":"status-publish","4":"has-post-thumbnail","6":"pwb-brand-eikon","7":"product_cat-audio","8":"product_cat-microfonia","9":"product_cat-microfonos-alambricos","10":"product_cat-para-instrumento","11":"product_shipping_class-0-5-kg","13":"first","14":"outofstock","15":"taxable","16":"shipping-taxable","17":"purchasable","18":"product-type-simple"},"yoast_head":"<!-- This site is optimized with the Yoast SEO plugin v27.3 - https:\/\/yoast.com\/product\/yoast-seo-wordpress\/ -->\n<title>MICROFONO EIKON INSTRUMENTO MOD. DM12 - Mexican Guitar Players<\/title>\n<meta name=\"description\" content=\"MICROFONO EIKON INSTRUMENTO MOD. DM12. Micr\u00f3fono din\u00e1mico profesional ideal para bombos, gabinetes para bajo, tubas y otros instrumentos de baja frecuencia, patr\u00f3n polar s\u00faper cardioide, respuesta defrecuencia: 50 Hz - 16 kHz, sensibilidad: -58 dB +- 3 dB, SPL m\u00e1ximo para 1% THD: 152 dB (calculado), relaci\u00f3n se\u00f1al a ruido: &gt;65 dB, impedancia nominal: 400 ohms, impedancia de carga recomendada: &gt;1000 ohms, conector: XLR macho de 3 pines, dimensiones: 105 X 65 mm, peso: 320 g.\" \/>\n<meta name=\"robots\" content=\"index, follow, max-snippet:-1, max-image-preview:large, max-video-preview:-1\" \/>\n<link rel=\"canonical\" href=\"https:\/\/www.mexicanguitarplayers.com\/en\/tienda\/audio\/microfonia\/microfonos-alambricos\/para-instrumento\/microfono-eikon-instrumento-mod-dm12\/\" \/>\n<meta property=\"og:locale\" content=\"en_US\" \/>\n<meta property=\"og:type\" content=\"article\" \/>\n<meta property=\"og:title\" content=\"MICROFONO EIKON INSTRUMENTO MOD. DM12 - Mexican Guitar Players\" \/>\n<meta property=\"og:description\" content=\"MICROFONO EIKON INSTRUMENTO MOD. DM12. Micr\u00f3fono din\u00e1mico profesional ideal para bombos, gabinetes para bajo, tubas y otros instrumentos de baja frecuencia, patr\u00f3n polar s\u00faper cardioide, respuesta defrecuencia: 50 Hz - 16 kHz, sensibilidad: -58 dB +- 3 dB, SPL m\u00e1ximo para 1% THD: 152 dB (calculado), relaci\u00f3n se\u00f1al a ruido: &gt;65 dB, impedancia nominal: 400 ohms, impedancia de carga recomendada: &gt;1000 ohms, conector: XLR macho de 3 pines, dimensiones: 105 X 65 mm, peso: 320 g.\" \/>\n<meta property=\"og:url\" content=\"https:\/\/www.mexicanguitarplayers.com\/en\/tienda\/audio\/microfonia\/microfonos-alambricos\/para-instrumento\/microfono-eikon-instrumento-mod-dm12\/\" \/>\n<meta property=\"og:site_name\" content=\"Mexican Guitar Players\" \/>\n<meta property=\"article:modified_time\" content=\"2026-01-03T10:54:21+00:00\" \/>\n<meta property=\"og:image\" content=\"https:\/\/www.mexicanguitarplayers.com\/wp-content\/uploads\/2022\/08\/IAEIODM12-1.jpg\" \/>\n\t<meta property=\"og:image:width\" content=\"1200\" \/>\n\t<meta property=\"og:image:height\" content=\"1200\" \/>\n\t<meta property=\"og:image:type\" content=\"image\/jpeg\" \/>\n<meta name=\"twitter:card\" content=\"summary_large_image\" \/>\n<script type=\"application\/ld+json\" class=\"yoast-schema-graph\">{\"@context\":\"https:\\\/\\\/schema.org\",\"@graph\":[{\"@type\":[\"WebPage\",\"ItemPage\"],\"@id\":\"https:\\\/\\\/www.mexicanguitarplayers.com\\\/tienda\\\/audio\\\/microfonia\\\/microfonos-alambricos\\\/para-instrumento\\\/microfono-eikon-instrumento-mod-dm12\\\/\",\"url\":\"https:\\\/\\\/www.mexicanguitarplayers.com\\\/tienda\\\/audio\\\/microfonia\\\/microfonos-alambricos\\\/para-instrumento\\\/microfono-eikon-instrumento-mod-dm12\\\/\",\"name\":\"MICROFONO EIKON INSTRUMENTO MOD. DM12 - Mexican Guitar Players\",\"isPartOf\":{\"@id\":\"https:\\\/\\\/www.mexicanguitarplayers.com\\\/#website\"},\"primaryImageOfPage\":{\"@id\":\"https:\\\/\\\/www.mexicanguitarplayers.com\\\/tienda\\\/audio\\\/microfonia\\\/microfonos-alambricos\\\/para-instrumento\\\/microfono-eikon-instrumento-mod-dm12\\\/#primaryimage\"},\"image\":{\"@id\":\"https:\\\/\\\/www.mexicanguitarplayers.com\\\/tienda\\\/audio\\\/microfonia\\\/microfonos-alambricos\\\/para-instrumento\\\/microfono-eikon-instrumento-mod-dm12\\\/#primaryimage\"},\"thumbnailUrl\":\"https:\\\/\\\/www.mexicanguitarplayers.com\\\/wp-content\\\/uploads\\\/2022\\\/08\\\/IAEIODM12-1.jpg\",\"datePublished\":\"2022-08-18T05:54:19+00:00\",\"dateModified\":\"2026-01-03T10:54:21+00:00\",\"description\":\"MICROFONO EIKON INSTRUMENTO MOD. DM12. Micr\u00f3fono din\u00e1mico profesional ideal para bombos, gabinetes para bajo, tubas y otros instrumentos de baja frecuencia, patr\u00f3n polar s\u00faper cardioide, respuesta defrecuencia: 50 Hz - 16 kHz, sensibilidad: -58 dB +- 3 dB, SPL m\u00e1ximo para 1% THD: 152 dB (calculado), relaci\u00f3n se\u00f1al a ruido: &gt;65 dB, impedancia nominal: 400 ohms, impedancia de carga recomendada: &gt;1000 ohms, conector: XLR macho de 3 pines, dimensiones: 105 X 65 mm, peso: 320 g.\",\"breadcrumb\":{\"@id\":\"https:\\\/\\\/www.mexicanguitarplayers.com\\\/tienda\\\/audio\\\/microfonia\\\/microfonos-alambricos\\\/para-instrumento\\\/microfono-eikon-instrumento-mod-dm12\\\/#breadcrumb\"},\"inLanguage\":\"en-US\",\"potentialAction\":[{\"@type\":\"ReadAction\",\"target\":[\"https:\\\/\\\/www.mexicanguitarplayers.com\\\/tienda\\\/audio\\\/microfonia\\\/microfonos-alambricos\\\/para-instrumento\\\/microfono-eikon-instrumento-mod-dm12\\\/\"]}]},{\"@type\":\"ImageObject\",\"inLanguage\":\"en-US\",\"@id\":\"https:\\\/\\\/www.mexicanguitarplayers.com\\\/tienda\\\/audio\\\/microfonia\\\/microfonos-alambricos\\\/para-instrumento\\\/microfono-eikon-instrumento-mod-dm12\\\/#primaryimage\",\"url\":\"https:\\\/\\\/www.mexicanguitarplayers.com\\\/wp-content\\\/uploads\\\/2022\\\/08\\\/IAEIODM12-1.jpg\",\"contentUrl\":\"https:\\\/\\\/www.mexicanguitarplayers.com\\\/wp-content\\\/uploads\\\/2022\\\/08\\\/IAEIODM12-1.jpg\",\"width\":1200,\"height\":1200},{\"@type\":\"BreadcrumbList\",\"@id\":\"https:\\\/\\\/www.mexicanguitarplayers.com\\\/tienda\\\/audio\\\/microfonia\\\/microfonos-alambricos\\\/para-instrumento\\\/microfono-eikon-instrumento-mod-dm12\\\/#breadcrumb\",\"itemListElement\":[{\"@type\":\"ListItem\",\"position\":1,\"name\":\"Portada\",\"item\":\"https:\\\/\\\/www.mexicanguitarplayers.com\\\/\"},{\"@type\":\"ListItem\",\"position\":2,\"name\":\"Tienda\",\"item\":\"https:\\\/\\\/www.mexicanguitarplayers.com\\\/tienda\\\/\"},{\"@type\":\"ListItem\",\"position\":3,\"name\":\"MICROFONO EIKON INSTRUMENTO MOD. DM12\"}]},{\"@type\":\"WebSite\",\"@id\":\"https:\\\/\\\/www.mexicanguitarplayers.com\\\/#website\",\"url\":\"https:\\\/\\\/www.mexicanguitarplayers.com\\\/\",\"name\":\"Mexican Guitar Players\",\"description\":\"Website\",\"publisher\":{\"@id\":\"https:\\\/\\\/www.mexicanguitarplayers.com\\\/#organization\"},\"potentialAction\":[{\"@type\":\"SearchAction\",\"target\":{\"@type\":\"EntryPoint\",\"urlTemplate\":\"https:\\\/\\\/www.mexicanguitarplayers.com\\\/?s={search_term_string}\"},\"query-input\":{\"@type\":\"PropertyValueSpecification\",\"valueRequired\":true,\"valueName\":\"search_term_string\"}}],\"inLanguage\":\"en-US\"},{\"@type\":\"Organization\",\"@id\":\"https:\\\/\\\/www.mexicanguitarplayers.com\\\/#organization\",\"name\":\"Mexican Guitar Players\",\"url\":\"https:\\\/\\\/www.mexicanguitarplayers.com\\\/\",\"logo\":{\"@type\":\"ImageObject\",\"inLanguage\":\"en-US\",\"@id\":\"https:\\\/\\\/www.mexicanguitarplayers.com\\\/#\\\/schema\\\/logo\\\/image\\\/\",\"url\":\"\",\"contentUrl\":\"\",\"caption\":\"Mexican Guitar Players\"},\"image\":{\"@id\":\"https:\\\/\\\/www.mexicanguitarplayers.com\\\/#\\\/schema\\\/logo\\\/image\\\/\"}}]}<\/script>\n<!-- \/ Yoast SEO plugin. -->","yoast_head_json":{"title":"MICROFONO EIKON INSTRUMENTO MOD. DM12 - Mexican Guitar Players","description":"MICROFONO EIKON INSTRUMENTO MOD. DM12. Micr\u00f3fono din\u00e1mico profesional ideal para bombos, gabinetes para bajo, tubas y otros instrumentos de baja frecuencia, patr\u00f3n polar s\u00faper cardioide, respuesta defrecuencia: 50 Hz - 16 kHz, sensibilidad: -58 dB +- 3 dB, SPL m\u00e1ximo para 1% THD: 152 dB (calculado), relaci\u00f3n se\u00f1al a ruido: &gt;65 dB, impedancia nominal: 400 ohms, impedancia de carga recomendada: &gt;1000 ohms, conector: XLR macho de 3 pines, dimensiones: 105 X 65 mm, peso: 320 g.","robots":{"index":"index","follow":"follow","max-snippet":"max-snippet:-1","max-image-preview":"max-image-preview:large","max-video-preview":"max-video-preview:-1"},"canonical":"https:\/\/www.mexicanguitarplayers.com\/en\/tienda\/audio\/microfonia\/microfonos-alambricos\/para-instrumento\/microfono-eikon-instrumento-mod-dm12\/","og_locale":"en_US","og_type":"article","og_title":"MICROFONO EIKON INSTRUMENTO MOD. DM12 - Mexican Guitar Players","og_description":"MICROFONO EIKON INSTRUMENTO MOD. DM12. Micr\u00f3fono din\u00e1mico profesional ideal para bombos, gabinetes para bajo, tubas y otros instrumentos de baja frecuencia, patr\u00f3n polar s\u00faper cardioide, respuesta defrecuencia: 50 Hz - 16 kHz, sensibilidad: -58 dB +- 3 dB, SPL m\u00e1ximo para 1% THD: 152 dB (calculado), relaci\u00f3n se\u00f1al a ruido: &gt;65 dB, impedancia nominal: 400 ohms, impedancia de carga recomendada: &gt;1000 ohms, conector: XLR macho de 3 pines, dimensiones: 105 X 65 mm, peso: 320 g.","og_url":"https:\/\/www.mexicanguitarplayers.com\/en\/tienda\/audio\/microfonia\/microfonos-alambricos\/para-instrumento\/microfono-eikon-instrumento-mod-dm12\/","og_site_name":"Mexican Guitar Players","article_modified_time":"2026-01-03T10:54:21+00:00","og_image":[{"width":1200,"height":1200,"url":"https:\/\/www.mexicanguitarplayers.com\/wp-content\/uploads\/2022\/08\/IAEIODM12-1.jpg","type":"image\/jpeg"}],"twitter_card":"summary_large_image","schema":{"@context":"https:\/\/schema.org","@graph":[{"@type":["WebPage","ItemPage"],"@id":"https:\/\/www.mexicanguitarplayers.com\/tienda\/audio\/microfonia\/microfonos-alambricos\/para-instrumento\/microfono-eikon-instrumento-mod-dm12\/","url":"https:\/\/www.mexicanguitarplayers.com\/tienda\/audio\/microfonia\/microfonos-alambricos\/para-instrumento\/microfono-eikon-instrumento-mod-dm12\/","name":"MICROFONO EIKON INSTRUMENTO MOD. DM12 - Mexican Guitar Players","isPartOf":{"@id":"https:\/\/www.mexicanguitarplayers.com\/#website"},"primaryImageOfPage":{"@id":"https:\/\/www.mexicanguitarplayers.com\/tienda\/audio\/microfonia\/microfonos-alambricos\/para-instrumento\/microfono-eikon-instrumento-mod-dm12\/#primaryimage"},"image":{"@id":"https:\/\/www.mexicanguitarplayers.com\/tienda\/audio\/microfonia\/microfonos-alambricos\/para-instrumento\/microfono-eikon-instrumento-mod-dm12\/#primaryimage"},"thumbnailUrl":"https:\/\/www.mexicanguitarplayers.com\/wp-content\/uploads\/2022\/08\/IAEIODM12-1.jpg","datePublished":"2022-08-18T05:54:19+00:00","dateModified":"2026-01-03T10:54:21+00:00","description":"MICROFONO EIKON INSTRUMENTO MOD. DM12. Micr\u00f3fono din\u00e1mico profesional ideal para bombos, gabinetes para bajo, tubas y otros instrumentos de baja frecuencia, patr\u00f3n polar s\u00faper cardioide, respuesta defrecuencia: 50 Hz - 16 kHz, sensibilidad: -58 dB +- 3 dB, SPL m\u00e1ximo para 1% THD: 152 dB (calculado), relaci\u00f3n se\u00f1al a ruido: &gt;65 dB, impedancia nominal: 400 ohms, impedancia de carga recomendada: &gt;1000 ohms, conector: XLR macho de 3 pines, dimensiones: 105 X 65 mm, peso: 320 g.","breadcrumb":{"@id":"https:\/\/www.mexicanguitarplayers.com\/tienda\/audio\/microfonia\/microfonos-alambricos\/para-instrumento\/microfono-eikon-instrumento-mod-dm12\/#breadcrumb"},"inLanguage":"en-US","potentialAction":[{"@type":"ReadAction","target":["https:\/\/www.mexicanguitarplayers.com\/tienda\/audio\/microfonia\/microfonos-alambricos\/para-instrumento\/microfono-eikon-instrumento-mod-dm12\/"]}]},{"@type":"ImageObject","inLanguage":"en-US","@id":"https:\/\/www.mexicanguitarplayers.com\/tienda\/audio\/microfonia\/microfonos-alambricos\/para-instrumento\/microfono-eikon-instrumento-mod-dm12\/#primaryimage","url":"https:\/\/www.mexicanguitarplayers.com\/wp-content\/uploads\/2022\/08\/IAEIODM12-1.jpg","contentUrl":"https:\/\/www.mexicanguitarplayers.com\/wp-content\/uploads\/2022\/08\/IAEIODM12-1.jpg","width":1200,"height":1200},{"@type":"BreadcrumbList","@id":"https:\/\/www.mexicanguitarplayers.com\/tienda\/audio\/microfonia\/microfonos-alambricos\/para-instrumento\/microfono-eikon-instrumento-mod-dm12\/#breadcrumb","itemListElement":[{"@type":"ListItem","position":1,"name":"Portada","item":"https:\/\/www.mexicanguitarplayers.com\/"},{"@type":"ListItem","position":2,"name":"Tienda","item":"https:\/\/www.mexicanguitarplayers.com\/tienda\/"},{"@type":"ListItem","position":3,"name":"MICROFONO EIKON INSTRUMENTO MOD. DM12"}]},{"@type":"WebSite","@id":"https:\/\/www.mexicanguitarplayers.com\/#website","url":"https:\/\/www.mexicanguitarplayers.com\/","name":"Mexican Guitar Players","description":"Website","publisher":{"@id":"https:\/\/www.mexicanguitarplayers.com\/#organization"},"potentialAction":[{"@type":"SearchAction","target":{"@type":"EntryPoint","urlTemplate":"https:\/\/www.mexicanguitarplayers.com\/?s={search_term_string}"},"query-input":{"@type":"PropertyValueSpecification","valueRequired":true,"valueName":"search_term_string"}}],"inLanguage":"en-US"},{"@type":"Organization","@id":"https:\/\/www.mexicanguitarplayers.com\/#organization","name":"Mexican Guitar Players","url":"https:\/\/www.mexicanguitarplayers.com\/","logo":{"@type":"ImageObject","inLanguage":"en-US","@id":"https:\/\/www.mexicanguitarplayers.com\/#\/schema\/logo\/image\/","url":"","contentUrl":"","caption":"Mexican Guitar Players"},"image":{"@id":"https:\/\/www.mexicanguitarplayers.com\/#\/schema\/logo\/image\/"}}]}},"brands":[{"id":239,"name":"EIKON","slug":"eikon"}],"_links":{"self":[{"href":"https:\/\/www.mexicanguitarplayers.com\/en\/wp-json\/wp\/v2\/product\/8289","targetHints":{"allow":["GET"]}}],"collection":[{"href":"https:\/\/www.mexicanguitarplayers.com\/en\/wp-json\/wp\/v2\/product"}],"about":[{"href":"https:\/\/www.mexicanguitarplayers.com\/en\/wp-json\/wp\/v2\/types\/product"}],"replies":[{"embeddable":true,"href":"https:\/\/www.mexicanguitarplayers.com\/en\/wp-json\/wp\/v2\/comments?post=8289"}],"wp:featuredmedia":[{"embeddable":true,"href":"https:\/\/www.mexicanguitarplayers.com\/en\/wp-json\/wp\/v2\/media\/21888"}],"wp:attachment":[{"href":"https:\/\/www.mexicanguitarplayers.com\/en\/wp-json\/wp\/v2\/media?parent=8289"}],"wp:term":[{"taxonomy":"pwb-brand","embeddable":true,"href":"https:\/\/www.mexicanguitarplayers.com\/en\/wp-json\/wp\/v2\/pwb-brand?post=8289"},{"taxonomy":"product_brand","embeddable":true,"href":"https:\/\/www.mexicanguitarplayers.com\/en\/wp-json\/wp\/v2\/product_brand?post=8289"},{"taxonomy":"product_cat","embeddable":true,"href":"https:\/\/www.mexicanguitarplayers.com\/en\/wp-json\/wp\/v2\/product_cat?post=8289"},{"taxonomy":"product_tag","embeddable":true,"href":"https:\/\/www.mexicanguitarplayers.com\/en\/wp-json\/wp\/v2\/product_tag?post=8289"}],"curies":[{"name":"wp","href":"https:\/\/api.w.org\/{rel}","templated":true}]}}