{"id":8328,"date":"2022-08-18T00:55:19","date_gmt":"2022-08-18T05:55:19","guid":{"rendered":"https:\/\/www.mexicanguitarplayers.com\/tienda\/sin%20categor\u00eda\/microfono-eikon-mod-ekd8\/"},"modified":"2026-05-01T07:48:33","modified_gmt":"2026-05-01T13:48:33","slug":"microfono-eikon-mod-ekd8","status":"publish","type":"product","link":"https:\/\/www.mexicanguitarplayers.com\/en\/tienda\/audio\/microfonia\/microfonos-alambricos\/de-mano\/microfono-eikon-mod-ekd8\/","title":{"rendered":"EIKON MICROPHONE MOD. EKD8"},"content":{"rendered":"<div style=\"text-align: justify\">\n<div>\n<h3>EIKON MICROPHONE MOD. EKD8<\/h3>\n<\/div>\n<div>Vocal microphone, dynamic transducer, super cardioid polar pattern, optimized for all vocal applications, specifically controls proximity effects through its low-frequency roll-off, minimizes handling noise without compromising sound quality, high gain before feedback , Rugged Construction, Advanced Dual-Shock Construction, Frequency Response Tailored For Vocals, With Brightened Midrange And Bass Rolloff To Control Proximity Effect, Frequency Response: 50 \u2013 18,000 Hz, Impedance: 300 Ohms, Load Impedance: 1000 ohms, 3-pin male XLR connector, dimensions: L.182 \u00d8 52.5 mm, weight: 179 g.<\/div>\n<\/div>","protected":false},"excerpt":{"rendered":"<p>Micr\u00f3fono vocal, transductor din\u00e1mico, patr\u00f3n polar s\u00faper cardioide, optimizado para todas las aplicaciones vocales, controla espec\u00edficamente efectos de proximidad a trav\u00e9s de su reducci\u00f3n de baja frecuencia, minimiza el ruido de manejo sin comprometer la calidad del sonido, alta ganancia antes de la retroalimentaci\u00f3n, construcci\u00f3n robusta, construcci\u00f3n avanzada de doble amortiguador, respuesta de frecuencia adaptada para voces, con rango medio iluminado y reducci\u00f3n de graves para controlar el efecto de proximidad, respuesta de frecuencia: 50 &#8211; 18,000 Hz, impedancia: 300 ohms, impedancia de carga: 1000 ohms, conector XLR macho de 3 pines, dimensiones: L.182   \u00d8 52,5 mm, peso: 179 g.&hellip; <a class=\"kt-excerpt-readmore more-link\" href=\"https:\/\/www.mexicanguitarplayers.com\/en\/tienda\/audio\/microfonia\/microfonos-alambricos\/de-mano\/microfono-eikon-mod-ekd8\/\">Read more<\/a><\/p>","protected":false},"featured_media":21915,"comment_status":"open","ping_status":"closed","template":"","meta":{"kt_blocks_editor_width":""},"pwb-brand":[239],"product_brand":[],"product_cat":[213,218,214,215],"product_tag":[],"class_list":{"0":"post-8328","1":"product","2":"type-product","3":"status-publish","4":"has-post-thumbnail","6":"pwb-brand-eikon","7":"product_cat-audio","8":"product_cat-de-mano","9":"product_cat-microfonia","10":"product_cat-microfonos-alambricos","11":"product_shipping_class-0-5-kg","13":"first","14":"instock","15":"taxable","16":"shipping-taxable","17":"purchasable","18":"product-type-simple"},"yoast_head":"<!-- This site is optimized with the Yoast SEO plugin v27.5 - https:\/\/yoast.com\/product\/yoast-seo-wordpress\/ -->\n<title>MICROFONO EIKON MOD. EKD8 - Mexican Guitar Players<\/title>\n<meta name=\"description\" content=\"MICROFONO EIKON MOD. EKD8. Micr\u00f3fono vocal, transductor din\u00e1mico, patr\u00f3n polar s\u00faper cardioide, optimizado para todas las aplicaciones vocales, controla espec\u00edficamente efectos de proximidad a trav\u00e9s de su reducci\u00f3n de baja frecuencia, minimiza el ruido de manejo sin comprometer la calidad del sonido, alta ganancia antes de la retroalimentaci\u00f3n, construcci\u00f3n robusta, construcci\u00f3n avanzada de doble amortiguador, respuesta de frecuencia adaptada para voces, con rango medio iluminado y reducci\u00f3n de graves para controlar el efecto de proximidad, respuesta de frecuencia: 50 - 18,000 Hz, impedancia: 300 ohms, impedancia de carga: 1000 ohms, conector XLR macho de 3 pines, dimensiones: L.182  \u00d8 52,5 mm, peso: 179 g.\" \/>\n<meta name=\"robots\" content=\"index, follow, max-snippet:-1, max-image-preview:large, max-video-preview:-1\" \/>\n<link rel=\"canonical\" href=\"https:\/\/www.mexicanguitarplayers.com\/en\/tienda\/audio\/microfonia\/microfonos-alambricos\/de-mano\/microfono-eikon-mod-ekd8\/\" \/>\n<meta property=\"og:locale\" content=\"en_US\" \/>\n<meta property=\"og:type\" content=\"article\" \/>\n<meta property=\"og:title\" content=\"MICROFONO EIKON MOD. EKD8 - Mexican Guitar Players\" \/>\n<meta property=\"og:description\" content=\"MICROFONO EIKON MOD. EKD8. Micr\u00f3fono vocal, transductor din\u00e1mico, patr\u00f3n polar s\u00faper cardioide, optimizado para todas las aplicaciones vocales, controla espec\u00edficamente efectos de proximidad a trav\u00e9s de su reducci\u00f3n de baja frecuencia, minimiza el ruido de manejo sin comprometer la calidad del sonido, alta ganancia antes de la retroalimentaci\u00f3n, construcci\u00f3n robusta, construcci\u00f3n avanzada de doble amortiguador, respuesta de frecuencia adaptada para voces, con rango medio iluminado y reducci\u00f3n de graves para controlar el efecto de proximidad, respuesta de frecuencia: 50 - 18,000 Hz, impedancia: 300 ohms, impedancia de carga: 1000 ohms, conector XLR macho de 3 pines, dimensiones: L.182  \u00d8 52,5 mm, peso: 179 g.\" \/>\n<meta property=\"og:url\" content=\"https:\/\/www.mexicanguitarplayers.com\/en\/tienda\/audio\/microfonia\/microfonos-alambricos\/de-mano\/microfono-eikon-mod-ekd8\/\" \/>\n<meta property=\"og:site_name\" content=\"Mexican Guitar Players\" \/>\n<meta property=\"article:modified_time\" content=\"2026-05-01T13:48:33+00:00\" \/>\n<meta property=\"og:image\" content=\"https:\/\/www.mexicanguitarplayers.com\/wp-content\/uploads\/2022\/08\/IAEIOEKD8-1.jpg\" \/>\n\t<meta property=\"og:image:width\" content=\"800\" \/>\n\t<meta property=\"og:image:height\" content=\"1600\" \/>\n\t<meta property=\"og:image:type\" content=\"image\/jpeg\" \/>\n<meta name=\"twitter:card\" content=\"summary_large_image\" \/>\n<meta name=\"twitter:label1\" content=\"Est. reading time\" \/>\n\t<meta name=\"twitter:data1\" content=\"1 minute\" \/>\n<script type=\"application\/ld+json\" class=\"yoast-schema-graph\">{\"@context\":\"https:\\\/\\\/schema.org\",\"@graph\":[{\"@type\":[\"WebPage\",\"ItemPage\"],\"@id\":\"https:\\\/\\\/www.mexicanguitarplayers.com\\\/tienda\\\/audio\\\/microfonia\\\/microfonos-alambricos\\\/de-mano\\\/microfono-eikon-mod-ekd8\\\/\",\"url\":\"https:\\\/\\\/www.mexicanguitarplayers.com\\\/tienda\\\/audio\\\/microfonia\\\/microfonos-alambricos\\\/de-mano\\\/microfono-eikon-mod-ekd8\\\/\",\"name\":\"MICROFONO EIKON MOD. EKD8 - Mexican Guitar Players\",\"isPartOf\":{\"@id\":\"https:\\\/\\\/www.mexicanguitarplayers.com\\\/#website\"},\"primaryImageOfPage\":{\"@id\":\"https:\\\/\\\/www.mexicanguitarplayers.com\\\/tienda\\\/audio\\\/microfonia\\\/microfonos-alambricos\\\/de-mano\\\/microfono-eikon-mod-ekd8\\\/#primaryimage\"},\"image\":{\"@id\":\"https:\\\/\\\/www.mexicanguitarplayers.com\\\/tienda\\\/audio\\\/microfonia\\\/microfonos-alambricos\\\/de-mano\\\/microfono-eikon-mod-ekd8\\\/#primaryimage\"},\"thumbnailUrl\":\"https:\\\/\\\/www.mexicanguitarplayers.com\\\/wp-content\\\/uploads\\\/2022\\\/08\\\/IAEIOEKD8-1.jpg\",\"datePublished\":\"2022-08-18T05:55:19+00:00\",\"dateModified\":\"2026-05-01T13:48:33+00:00\",\"description\":\"MICROFONO EIKON MOD. EKD8. Micr\u00f3fono vocal, transductor din\u00e1mico, patr\u00f3n polar s\u00faper cardioide, optimizado para todas las aplicaciones vocales, controla espec\u00edficamente efectos de proximidad a trav\u00e9s de su reducci\u00f3n de baja frecuencia, minimiza el ruido de manejo sin comprometer la calidad del sonido, alta ganancia antes de la retroalimentaci\u00f3n, construcci\u00f3n robusta, construcci\u00f3n avanzada de doble amortiguador, respuesta de frecuencia adaptada para voces, con rango medio iluminado y reducci\u00f3n de graves para controlar el efecto de proximidad, respuesta de frecuencia: 50 - 18,000 Hz, impedancia: 300 ohms, impedancia de carga: 1000 ohms, conector XLR macho de 3 pines, dimensiones: L.182 \u00d8 52,5 mm, peso: 179 g.\",\"breadcrumb\":{\"@id\":\"https:\\\/\\\/www.mexicanguitarplayers.com\\\/tienda\\\/audio\\\/microfonia\\\/microfonos-alambricos\\\/de-mano\\\/microfono-eikon-mod-ekd8\\\/#breadcrumb\"},\"inLanguage\":\"en-US\",\"potentialAction\":[{\"@type\":\"ReadAction\",\"target\":[\"https:\\\/\\\/www.mexicanguitarplayers.com\\\/tienda\\\/audio\\\/microfonia\\\/microfonos-alambricos\\\/de-mano\\\/microfono-eikon-mod-ekd8\\\/\"]}]},{\"@type\":\"ImageObject\",\"inLanguage\":\"en-US\",\"@id\":\"https:\\\/\\\/www.mexicanguitarplayers.com\\\/tienda\\\/audio\\\/microfonia\\\/microfonos-alambricos\\\/de-mano\\\/microfono-eikon-mod-ekd8\\\/#primaryimage\",\"url\":\"https:\\\/\\\/www.mexicanguitarplayers.com\\\/wp-content\\\/uploads\\\/2022\\\/08\\\/IAEIOEKD8-1.jpg\",\"contentUrl\":\"https:\\\/\\\/www.mexicanguitarplayers.com\\\/wp-content\\\/uploads\\\/2022\\\/08\\\/IAEIOEKD8-1.jpg\",\"width\":800,\"height\":1600},{\"@type\":\"BreadcrumbList\",\"@id\":\"https:\\\/\\\/www.mexicanguitarplayers.com\\\/tienda\\\/audio\\\/microfonia\\\/microfonos-alambricos\\\/de-mano\\\/microfono-eikon-mod-ekd8\\\/#breadcrumb\",\"itemListElement\":[{\"@type\":\"ListItem\",\"position\":1,\"name\":\"Portada\",\"item\":\"https:\\\/\\\/www.mexicanguitarplayers.com\\\/\"},{\"@type\":\"ListItem\",\"position\":2,\"name\":\"Tienda\",\"item\":\"https:\\\/\\\/www.mexicanguitarplayers.com\\\/tienda\\\/\"},{\"@type\":\"ListItem\",\"position\":3,\"name\":\"MICROFONO EIKON MOD. EKD8\"}]},{\"@type\":\"WebSite\",\"@id\":\"https:\\\/\\\/www.mexicanguitarplayers.com\\\/#website\",\"url\":\"https:\\\/\\\/www.mexicanguitarplayers.com\\\/\",\"name\":\"Mexican Guitar Players\",\"description\":\"Website\",\"publisher\":{\"@id\":\"https:\\\/\\\/www.mexicanguitarplayers.com\\\/#organization\"},\"potentialAction\":[{\"@type\":\"SearchAction\",\"target\":{\"@type\":\"EntryPoint\",\"urlTemplate\":\"https:\\\/\\\/www.mexicanguitarplayers.com\\\/?s={search_term_string}\"},\"query-input\":{\"@type\":\"PropertyValueSpecification\",\"valueRequired\":true,\"valueName\":\"search_term_string\"}}],\"inLanguage\":\"en-US\"},{\"@type\":\"Organization\",\"@id\":\"https:\\\/\\\/www.mexicanguitarplayers.com\\\/#organization\",\"name\":\"Mexican Guitar Players\",\"url\":\"https:\\\/\\\/www.mexicanguitarplayers.com\\\/\",\"logo\":{\"@type\":\"ImageObject\",\"inLanguage\":\"en-US\",\"@id\":\"https:\\\/\\\/www.mexicanguitarplayers.com\\\/#\\\/schema\\\/logo\\\/image\\\/\",\"url\":\"\",\"contentUrl\":\"\",\"caption\":\"Mexican Guitar Players\"},\"image\":{\"@id\":\"https:\\\/\\\/www.mexicanguitarplayers.com\\\/#\\\/schema\\\/logo\\\/image\\\/\"}}]}<\/script>\n<!-- \/ Yoast SEO plugin. -->","yoast_head_json":{"title":"MICROFONO EIKON MOD. EKD8 - Mexican Guitar Players","description":"MICROFONO EIKON MOD. EKD8. Micr\u00f3fono vocal, transductor din\u00e1mico, patr\u00f3n polar s\u00faper cardioide, optimizado para todas las aplicaciones vocales, controla espec\u00edficamente efectos de proximidad a trav\u00e9s de su reducci\u00f3n de baja frecuencia, minimiza el ruido de manejo sin comprometer la calidad del sonido, alta ganancia antes de la retroalimentaci\u00f3n, construcci\u00f3n robusta, construcci\u00f3n avanzada de doble amortiguador, respuesta de frecuencia adaptada para voces, con rango medio iluminado y reducci\u00f3n de graves para controlar el efecto de proximidad, respuesta de frecuencia: 50 - 18,000 Hz, impedancia: 300 ohms, impedancia de carga: 1000 ohms, conector XLR macho de 3 pines, dimensiones: L.182  \u00d8 52,5 mm, peso: 179 g.","robots":{"index":"index","follow":"follow","max-snippet":"max-snippet:-1","max-image-preview":"max-image-preview:large","max-video-preview":"max-video-preview:-1"},"canonical":"https:\/\/www.mexicanguitarplayers.com\/en\/tienda\/audio\/microfonia\/microfonos-alambricos\/de-mano\/microfono-eikon-mod-ekd8\/","og_locale":"en_US","og_type":"article","og_title":"MICROFONO EIKON MOD. EKD8 - Mexican Guitar Players","og_description":"MICROFONO EIKON MOD. EKD8. Micr\u00f3fono vocal, transductor din\u00e1mico, patr\u00f3n polar s\u00faper cardioide, optimizado para todas las aplicaciones vocales, controla espec\u00edficamente efectos de proximidad a trav\u00e9s de su reducci\u00f3n de baja frecuencia, minimiza el ruido de manejo sin comprometer la calidad del sonido, alta ganancia antes de la retroalimentaci\u00f3n, construcci\u00f3n robusta, construcci\u00f3n avanzada de doble amortiguador, respuesta de frecuencia adaptada para voces, con rango medio iluminado y reducci\u00f3n de graves para controlar el efecto de proximidad, respuesta de frecuencia: 50 - 18,000 Hz, impedancia: 300 ohms, impedancia de carga: 1000 ohms, conector XLR macho de 3 pines, dimensiones: L.182  \u00d8 52,5 mm, peso: 179 g.","og_url":"https:\/\/www.mexicanguitarplayers.com\/en\/tienda\/audio\/microfonia\/microfonos-alambricos\/de-mano\/microfono-eikon-mod-ekd8\/","og_site_name":"Mexican Guitar Players","article_modified_time":"2026-05-01T13:48:33+00:00","og_image":[{"width":800,"height":1600,"url":"https:\/\/www.mexicanguitarplayers.com\/wp-content\/uploads\/2022\/08\/IAEIOEKD8-1.jpg","type":"image\/jpeg"}],"twitter_card":"summary_large_image","twitter_misc":{"Est. reading time":"1 minute"},"schema":{"@context":"https:\/\/schema.org","@graph":[{"@type":["WebPage","ItemPage"],"@id":"https:\/\/www.mexicanguitarplayers.com\/tienda\/audio\/microfonia\/microfonos-alambricos\/de-mano\/microfono-eikon-mod-ekd8\/","url":"https:\/\/www.mexicanguitarplayers.com\/tienda\/audio\/microfonia\/microfonos-alambricos\/de-mano\/microfono-eikon-mod-ekd8\/","name":"MICROFONO EIKON MOD. EKD8 - Mexican Guitar Players","isPartOf":{"@id":"https:\/\/www.mexicanguitarplayers.com\/#website"},"primaryImageOfPage":{"@id":"https:\/\/www.mexicanguitarplayers.com\/tienda\/audio\/microfonia\/microfonos-alambricos\/de-mano\/microfono-eikon-mod-ekd8\/#primaryimage"},"image":{"@id":"https:\/\/www.mexicanguitarplayers.com\/tienda\/audio\/microfonia\/microfonos-alambricos\/de-mano\/microfono-eikon-mod-ekd8\/#primaryimage"},"thumbnailUrl":"https:\/\/www.mexicanguitarplayers.com\/wp-content\/uploads\/2022\/08\/IAEIOEKD8-1.jpg","datePublished":"2022-08-18T05:55:19+00:00","dateModified":"2026-05-01T13:48:33+00:00","description":"MICROFONO EIKON MOD. EKD8. Micr\u00f3fono vocal, transductor din\u00e1mico, patr\u00f3n polar s\u00faper cardioide, optimizado para todas las aplicaciones vocales, controla espec\u00edficamente efectos de proximidad a trav\u00e9s de su reducci\u00f3n de baja frecuencia, minimiza el ruido de manejo sin comprometer la calidad del sonido, alta ganancia antes de la retroalimentaci\u00f3n, construcci\u00f3n robusta, construcci\u00f3n avanzada de doble amortiguador, respuesta de frecuencia adaptada para voces, con rango medio iluminado y reducci\u00f3n de graves para controlar el efecto de proximidad, respuesta de frecuencia: 50 - 18,000 Hz, impedancia: 300 ohms, impedancia de carga: 1000 ohms, conector XLR macho de 3 pines, dimensiones: L.182 \u00d8 52,5 mm, peso: 179 g.","breadcrumb":{"@id":"https:\/\/www.mexicanguitarplayers.com\/tienda\/audio\/microfonia\/microfonos-alambricos\/de-mano\/microfono-eikon-mod-ekd8\/#breadcrumb"},"inLanguage":"en-US","potentialAction":[{"@type":"ReadAction","target":["https:\/\/www.mexicanguitarplayers.com\/tienda\/audio\/microfonia\/microfonos-alambricos\/de-mano\/microfono-eikon-mod-ekd8\/"]}]},{"@type":"ImageObject","inLanguage":"en-US","@id":"https:\/\/www.mexicanguitarplayers.com\/tienda\/audio\/microfonia\/microfonos-alambricos\/de-mano\/microfono-eikon-mod-ekd8\/#primaryimage","url":"https:\/\/www.mexicanguitarplayers.com\/wp-content\/uploads\/2022\/08\/IAEIOEKD8-1.jpg","contentUrl":"https:\/\/www.mexicanguitarplayers.com\/wp-content\/uploads\/2022\/08\/IAEIOEKD8-1.jpg","width":800,"height":1600},{"@type":"BreadcrumbList","@id":"https:\/\/www.mexicanguitarplayers.com\/tienda\/audio\/microfonia\/microfonos-alambricos\/de-mano\/microfono-eikon-mod-ekd8\/#breadcrumb","itemListElement":[{"@type":"ListItem","position":1,"name":"Portada","item":"https:\/\/www.mexicanguitarplayers.com\/"},{"@type":"ListItem","position":2,"name":"Tienda","item":"https:\/\/www.mexicanguitarplayers.com\/tienda\/"},{"@type":"ListItem","position":3,"name":"MICROFONO EIKON MOD. EKD8"}]},{"@type":"WebSite","@id":"https:\/\/www.mexicanguitarplayers.com\/#website","url":"https:\/\/www.mexicanguitarplayers.com\/","name":"Mexican Guitar Players","description":"Website","publisher":{"@id":"https:\/\/www.mexicanguitarplayers.com\/#organization"},"potentialAction":[{"@type":"SearchAction","target":{"@type":"EntryPoint","urlTemplate":"https:\/\/www.mexicanguitarplayers.com\/?s={search_term_string}"},"query-input":{"@type":"PropertyValueSpecification","valueRequired":true,"valueName":"search_term_string"}}],"inLanguage":"en-US"},{"@type":"Organization","@id":"https:\/\/www.mexicanguitarplayers.com\/#organization","name":"Mexican Guitar Players","url":"https:\/\/www.mexicanguitarplayers.com\/","logo":{"@type":"ImageObject","inLanguage":"en-US","@id":"https:\/\/www.mexicanguitarplayers.com\/#\/schema\/logo\/image\/","url":"","contentUrl":"","caption":"Mexican Guitar Players"},"image":{"@id":"https:\/\/www.mexicanguitarplayers.com\/#\/schema\/logo\/image\/"}}]}},"brands":[{"id":239,"name":"EIKON","slug":"eikon"}],"_links":{"self":[{"href":"https:\/\/www.mexicanguitarplayers.com\/en\/wp-json\/wp\/v2\/product\/8328","targetHints":{"allow":["GET"]}}],"collection":[{"href":"https:\/\/www.mexicanguitarplayers.com\/en\/wp-json\/wp\/v2\/product"}],"about":[{"href":"https:\/\/www.mexicanguitarplayers.com\/en\/wp-json\/wp\/v2\/types\/product"}],"replies":[{"embeddable":true,"href":"https:\/\/www.mexicanguitarplayers.com\/en\/wp-json\/wp\/v2\/comments?post=8328"}],"wp:featuredmedia":[{"embeddable":true,"href":"https:\/\/www.mexicanguitarplayers.com\/en\/wp-json\/wp\/v2\/media\/21915"}],"wp:attachment":[{"href":"https:\/\/www.mexicanguitarplayers.com\/en\/wp-json\/wp\/v2\/media?parent=8328"}],"wp:term":[{"taxonomy":"pwb-brand","embeddable":true,"href":"https:\/\/www.mexicanguitarplayers.com\/en\/wp-json\/wp\/v2\/pwb-brand?post=8328"},{"taxonomy":"product_brand","embeddable":true,"href":"https:\/\/www.mexicanguitarplayers.com\/en\/wp-json\/wp\/v2\/product_brand?post=8328"},{"taxonomy":"product_cat","embeddable":true,"href":"https:\/\/www.mexicanguitarplayers.com\/en\/wp-json\/wp\/v2\/product_cat?post=8328"},{"taxonomy":"product_tag","embeddable":true,"href":"https:\/\/www.mexicanguitarplayers.com\/en\/wp-json\/wp\/v2\/product_tag?post=8328"}],"curies":[{"name":"wp","href":"https:\/\/api.w.org\/{rel}","templated":true}]}}