{"id":8364,"date":"2022-08-18T00:56:25","date_gmt":"2022-08-18T05:56:25","guid":{"rendered":"https:\/\/www.mexicanguitarplayers.com\/tienda\/sin%20categor\u00eda\/controlador-fishman-triple-play-connect\/"},"modified":"2026-04-10T05:26:46","modified_gmt":"2026-04-10T11:26:46","slug":"controlador-fishman-triple-play-connect","status":"publish","type":"product","link":"https:\/\/www.mexicanguitarplayers.com\/en\/tienda\/audio\/interfaces\/controlador-fishman-triple-play-connect\/","title":{"rendered":"FISHMAN TRIPLE PLAY CONNECT CONTROLLER"},"content":{"rendered":"<div style=\"text-align: justify; list-style: circle;\">\n<div>\n<h3>FISHMAN TRIPLE PLAY CONNECT CONTROLLER<\/h3>\n<\/div>\n<div>TriplePlay ConnectTM Controller, Ideal for creating music, exploring soundscapes, sharing and interacting, Bridge between your guitar and iPad, Easy non-invasive installation on any 6-string guitar, Low latency pitch tracking technology, Connects with cables USB and Lightning Supplied, Magnetic Mounting Hardware Makes Driver Easy to Attach and Remove, Power: Micro USB to Lightning or Standard USB Cable, Requires IOS 9.3 and up to 2.5 GB of Available Storage Space, Driver Included, Hexaphonic Pickup, Lightning Cable , USB cable and mounting bracket and hardware.<\/div>\n<\/div>","protected":false},"excerpt":{"rendered":"<p>Controlador TriplePlay ConnectTM, Ideal para crear m\u00fasica, explorar paisajes sonoros, compartir e interactuar, puente entre tu guitarra y tu iPad, instalaci\u00f3n f\u00e1cil y no invasiva en cualquier guitarra de 6 cuerdas, tecnolog\u00eda de pitch tracking de baja latencia, se conecta con los cables USB y lightning suministrados, hardware de montaje magn\u00e9tico que facilita la conexi\u00f3n y la extracci\u00f3n del controlador, alimentaci\u00f3n: Cable Micro USB a lightning o USB est\u00e1ndar, requiere IOS 9.3 y hasta 2.5 GB de espacio de almacenamiento disponible, incluye controlador, pastilla hexaf\u00f3nica cable lightning, cable USB y soporte de montaje y hardware.&hellip; <a class=\"kt-excerpt-readmore more-link\" href=\"https:\/\/www.mexicanguitarplayers.com\/en\/tienda\/audio\/interfaces\/controlador-fishman-triple-play-connect\/\">Read more<\/a><\/p>","protected":false},"featured_media":21941,"comment_status":"open","ping_status":"closed","template":"","meta":{"kt_blocks_editor_width":""},"pwb-brand":[248],"product_brand":[],"product_cat":[213,233],"product_tag":[],"class_list":{"0":"post-8364","1":"product","2":"type-product","3":"status-publish","4":"has-post-thumbnail","6":"pwb-brand-fishman","7":"product_cat-audio","8":"product_cat-interfaces","9":"product_shipping_class-0-5-kg","11":"first","12":"outofstock","13":"taxable","14":"shipping-taxable","15":"purchasable","16":"product-type-simple"},"yoast_head":"<!-- This site is optimized with the Yoast SEO plugin v27.6 - https:\/\/yoast.com\/product\/yoast-seo-wordpress\/ -->\n<title>CONTROLADOR FISHMAN TRIPLE PLAY CONNECT - Mexican Guitar Players<\/title>\n<meta name=\"description\" content=\"CONTROLADOR FISHMAN TRIPLE PLAY CONNECT. Controlador TriplePlay ConnectTM, Ideal para crear m\u00fasica, explorar paisajes sonoros, compartir e interactuar, puente entre tu guitarra y tu iPad, instalaci\u00f3n f\u00e1cil y no invasiva en cualquier guitarra de 6 cuerdas, tecnolog\u00eda de pitch tracking de baja latencia, se conecta con los cables USB y lightning suministrados, hardware de montaje magn\u00e9tico que facilita la conexi\u00f3n y la extracci\u00f3n del controlador, alimentaci\u00f3n: Cable Micro USB a lightning o USB est\u00e1ndar, requiere IOS 9.3 y hasta 2.5 GB de espacio de almacenamiento disponible, incluye controlador, pastilla hexaf\u00f3nica cable lightning, cable USB y soporte de montaje y hardware.\" \/>\n<meta name=\"robots\" content=\"index, follow, max-snippet:-1, max-image-preview:large, max-video-preview:-1\" \/>\n<link rel=\"canonical\" href=\"https:\/\/www.mexicanguitarplayers.com\/en\/tienda\/audio\/interfaces\/controlador-fishman-triple-play-connect\/\" \/>\n<meta property=\"og:locale\" content=\"en_US\" \/>\n<meta property=\"og:type\" content=\"article\" \/>\n<meta property=\"og:title\" content=\"CONTROLADOR FISHMAN TRIPLE PLAY CONNECT - Mexican Guitar Players\" \/>\n<meta property=\"og:description\" content=\"CONTROLADOR FISHMAN TRIPLE PLAY CONNECT. Controlador TriplePlay ConnectTM, Ideal para crear m\u00fasica, explorar paisajes sonoros, compartir e interactuar, puente entre tu guitarra y tu iPad, instalaci\u00f3n f\u00e1cil y no invasiva en cualquier guitarra de 6 cuerdas, tecnolog\u00eda de pitch tracking de baja latencia, se conecta con los cables USB y lightning suministrados, hardware de montaje magn\u00e9tico que facilita la conexi\u00f3n y la extracci\u00f3n del controlador, alimentaci\u00f3n: Cable Micro USB a lightning o USB est\u00e1ndar, requiere IOS 9.3 y hasta 2.5 GB de espacio de almacenamiento disponible, incluye controlador, pastilla hexaf\u00f3nica cable lightning, cable USB y soporte de montaje y hardware.\" \/>\n<meta property=\"og:url\" content=\"https:\/\/www.mexicanguitarplayers.com\/en\/tienda\/audio\/interfaces\/controlador-fishman-triple-play-connect\/\" \/>\n<meta property=\"og:site_name\" content=\"Mexican Guitar Players\" \/>\n<meta property=\"article:modified_time\" content=\"2026-04-10T11:26:46+00:00\" \/>\n<meta property=\"og:image\" content=\"https:\/\/www.mexicanguitarplayers.com\/wp-content\/uploads\/2022\/08\/IAFISPROTRP401-1.jpg\" \/>\n\t<meta property=\"og:image:width\" content=\"1200\" \/>\n\t<meta property=\"og:image:height\" content=\"1200\" \/>\n\t<meta property=\"og:image:type\" content=\"image\/jpeg\" \/>\n<meta name=\"twitter:card\" content=\"summary_large_image\" \/>\n<meta name=\"twitter:label1\" content=\"Est. reading time\" \/>\n\t<meta name=\"twitter:data1\" content=\"1 minute\" \/>\n<script type=\"application\/ld+json\" class=\"yoast-schema-graph\">{\"@context\":\"https:\\\/\\\/schema.org\",\"@graph\":[{\"@type\":[\"WebPage\",\"ItemPage\"],\"@id\":\"https:\\\/\\\/www.mexicanguitarplayers.com\\\/tienda\\\/audio\\\/interfaces\\\/controlador-fishman-triple-play-connect\\\/\",\"url\":\"https:\\\/\\\/www.mexicanguitarplayers.com\\\/tienda\\\/audio\\\/interfaces\\\/controlador-fishman-triple-play-connect\\\/\",\"name\":\"CONTROLADOR FISHMAN TRIPLE PLAY CONNECT - Mexican Guitar Players\",\"isPartOf\":{\"@id\":\"https:\\\/\\\/www.mexicanguitarplayers.com\\\/#website\"},\"primaryImageOfPage\":{\"@id\":\"https:\\\/\\\/www.mexicanguitarplayers.com\\\/tienda\\\/audio\\\/interfaces\\\/controlador-fishman-triple-play-connect\\\/#primaryimage\"},\"image\":{\"@id\":\"https:\\\/\\\/www.mexicanguitarplayers.com\\\/tienda\\\/audio\\\/interfaces\\\/controlador-fishman-triple-play-connect\\\/#primaryimage\"},\"thumbnailUrl\":\"https:\\\/\\\/www.mexicanguitarplayers.com\\\/wp-content\\\/uploads\\\/2022\\\/08\\\/IAFISPROTRP401-1.jpg\",\"datePublished\":\"2022-08-18T05:56:25+00:00\",\"dateModified\":\"2026-04-10T11:26:46+00:00\",\"description\":\"CONTROLADOR FISHMAN TRIPLE PLAY CONNECT. Controlador TriplePlay ConnectTM, Ideal para crear m\u00fasica, explorar paisajes sonoros, compartir e interactuar, puente entre tu guitarra y tu iPad, instalaci\u00f3n f\u00e1cil y no invasiva en cualquier guitarra de 6 cuerdas, tecnolog\u00eda de pitch tracking de baja latencia, se conecta con los cables USB y lightning suministrados, hardware de montaje magn\u00e9tico que facilita la conexi\u00f3n y la extracci\u00f3n del controlador, alimentaci\u00f3n: Cable Micro USB a lightning o USB est\u00e1ndar, requiere IOS 9.3 y hasta 2.5 GB de espacio de almacenamiento disponible, incluye controlador, pastilla hexaf\u00f3nica cable lightning, cable USB y soporte de montaje y hardware.\",\"breadcrumb\":{\"@id\":\"https:\\\/\\\/www.mexicanguitarplayers.com\\\/tienda\\\/audio\\\/interfaces\\\/controlador-fishman-triple-play-connect\\\/#breadcrumb\"},\"inLanguage\":\"en-US\",\"potentialAction\":[{\"@type\":\"ReadAction\",\"target\":[\"https:\\\/\\\/www.mexicanguitarplayers.com\\\/tienda\\\/audio\\\/interfaces\\\/controlador-fishman-triple-play-connect\\\/\"]}]},{\"@type\":\"ImageObject\",\"inLanguage\":\"en-US\",\"@id\":\"https:\\\/\\\/www.mexicanguitarplayers.com\\\/tienda\\\/audio\\\/interfaces\\\/controlador-fishman-triple-play-connect\\\/#primaryimage\",\"url\":\"https:\\\/\\\/www.mexicanguitarplayers.com\\\/wp-content\\\/uploads\\\/2022\\\/08\\\/IAFISPROTRP401-1.jpg\",\"contentUrl\":\"https:\\\/\\\/www.mexicanguitarplayers.com\\\/wp-content\\\/uploads\\\/2022\\\/08\\\/IAFISPROTRP401-1.jpg\",\"width\":1200,\"height\":1200},{\"@type\":\"BreadcrumbList\",\"@id\":\"https:\\\/\\\/www.mexicanguitarplayers.com\\\/tienda\\\/audio\\\/interfaces\\\/controlador-fishman-triple-play-connect\\\/#breadcrumb\",\"itemListElement\":[{\"@type\":\"ListItem\",\"position\":1,\"name\":\"Portada\",\"item\":\"https:\\\/\\\/www.mexicanguitarplayers.com\\\/\"},{\"@type\":\"ListItem\",\"position\":2,\"name\":\"Tienda\",\"item\":\"https:\\\/\\\/www.mexicanguitarplayers.com\\\/tienda\\\/\"},{\"@type\":\"ListItem\",\"position\":3,\"name\":\"CONTROLADOR FISHMAN TRIPLE PLAY CONNECT\"}]},{\"@type\":\"WebSite\",\"@id\":\"https:\\\/\\\/www.mexicanguitarplayers.com\\\/#website\",\"url\":\"https:\\\/\\\/www.mexicanguitarplayers.com\\\/\",\"name\":\"Mexican Guitar Players\",\"description\":\"Website\",\"publisher\":{\"@id\":\"https:\\\/\\\/www.mexicanguitarplayers.com\\\/#organization\"},\"potentialAction\":[{\"@type\":\"SearchAction\",\"target\":{\"@type\":\"EntryPoint\",\"urlTemplate\":\"https:\\\/\\\/www.mexicanguitarplayers.com\\\/?s={search_term_string}\"},\"query-input\":{\"@type\":\"PropertyValueSpecification\",\"valueRequired\":true,\"valueName\":\"search_term_string\"}}],\"inLanguage\":\"en-US\"},{\"@type\":\"Organization\",\"@id\":\"https:\\\/\\\/www.mexicanguitarplayers.com\\\/#organization\",\"name\":\"Mexican Guitar Players\",\"url\":\"https:\\\/\\\/www.mexicanguitarplayers.com\\\/\",\"logo\":{\"@type\":\"ImageObject\",\"inLanguage\":\"en-US\",\"@id\":\"https:\\\/\\\/www.mexicanguitarplayers.com\\\/#\\\/schema\\\/logo\\\/image\\\/\",\"url\":\"\",\"contentUrl\":\"\",\"caption\":\"Mexican Guitar Players\"},\"image\":{\"@id\":\"https:\\\/\\\/www.mexicanguitarplayers.com\\\/#\\\/schema\\\/logo\\\/image\\\/\"}}]}<\/script>\n<!-- \/ Yoast SEO plugin. -->","yoast_head_json":{"title":"CONTROLADOR FISHMAN TRIPLE PLAY CONNECT - Mexican Guitar Players","description":"CONTROLADOR FISHMAN TRIPLE PLAY CONNECT. Controlador TriplePlay ConnectTM, Ideal para crear m\u00fasica, explorar paisajes sonoros, compartir e interactuar, puente entre tu guitarra y tu iPad, instalaci\u00f3n f\u00e1cil y no invasiva en cualquier guitarra de 6 cuerdas, tecnolog\u00eda de pitch tracking de baja latencia, se conecta con los cables USB y lightning suministrados, hardware de montaje magn\u00e9tico que facilita la conexi\u00f3n y la extracci\u00f3n del controlador, alimentaci\u00f3n: Cable Micro USB a lightning o USB est\u00e1ndar, requiere IOS 9.3 y hasta 2.5 GB de espacio de almacenamiento disponible, incluye controlador, pastilla hexaf\u00f3nica cable lightning, cable USB y soporte de montaje y hardware.","robots":{"index":"index","follow":"follow","max-snippet":"max-snippet:-1","max-image-preview":"max-image-preview:large","max-video-preview":"max-video-preview:-1"},"canonical":"https:\/\/www.mexicanguitarplayers.com\/en\/tienda\/audio\/interfaces\/controlador-fishman-triple-play-connect\/","og_locale":"en_US","og_type":"article","og_title":"CONTROLADOR FISHMAN TRIPLE PLAY CONNECT - Mexican Guitar Players","og_description":"CONTROLADOR FISHMAN TRIPLE PLAY CONNECT. Controlador TriplePlay ConnectTM, Ideal para crear m\u00fasica, explorar paisajes sonoros, compartir e interactuar, puente entre tu guitarra y tu iPad, instalaci\u00f3n f\u00e1cil y no invasiva en cualquier guitarra de 6 cuerdas, tecnolog\u00eda de pitch tracking de baja latencia, se conecta con los cables USB y lightning suministrados, hardware de montaje magn\u00e9tico que facilita la conexi\u00f3n y la extracci\u00f3n del controlador, alimentaci\u00f3n: Cable Micro USB a lightning o USB est\u00e1ndar, requiere IOS 9.3 y hasta 2.5 GB de espacio de almacenamiento disponible, incluye controlador, pastilla hexaf\u00f3nica cable lightning, cable USB y soporte de montaje y hardware.","og_url":"https:\/\/www.mexicanguitarplayers.com\/en\/tienda\/audio\/interfaces\/controlador-fishman-triple-play-connect\/","og_site_name":"Mexican Guitar Players","article_modified_time":"2026-04-10T11:26:46+00:00","og_image":[{"width":1200,"height":1200,"url":"https:\/\/www.mexicanguitarplayers.com\/wp-content\/uploads\/2022\/08\/IAFISPROTRP401-1.jpg","type":"image\/jpeg"}],"twitter_card":"summary_large_image","twitter_misc":{"Est. reading time":"1 minute"},"schema":{"@context":"https:\/\/schema.org","@graph":[{"@type":["WebPage","ItemPage"],"@id":"https:\/\/www.mexicanguitarplayers.com\/tienda\/audio\/interfaces\/controlador-fishman-triple-play-connect\/","url":"https:\/\/www.mexicanguitarplayers.com\/tienda\/audio\/interfaces\/controlador-fishman-triple-play-connect\/","name":"CONTROLADOR FISHMAN TRIPLE PLAY CONNECT - Mexican Guitar Players","isPartOf":{"@id":"https:\/\/www.mexicanguitarplayers.com\/#website"},"primaryImageOfPage":{"@id":"https:\/\/www.mexicanguitarplayers.com\/tienda\/audio\/interfaces\/controlador-fishman-triple-play-connect\/#primaryimage"},"image":{"@id":"https:\/\/www.mexicanguitarplayers.com\/tienda\/audio\/interfaces\/controlador-fishman-triple-play-connect\/#primaryimage"},"thumbnailUrl":"https:\/\/www.mexicanguitarplayers.com\/wp-content\/uploads\/2022\/08\/IAFISPROTRP401-1.jpg","datePublished":"2022-08-18T05:56:25+00:00","dateModified":"2026-04-10T11:26:46+00:00","description":"CONTROLADOR FISHMAN TRIPLE PLAY CONNECT. Controlador TriplePlay ConnectTM, Ideal para crear m\u00fasica, explorar paisajes sonoros, compartir e interactuar, puente entre tu guitarra y tu iPad, instalaci\u00f3n f\u00e1cil y no invasiva en cualquier guitarra de 6 cuerdas, tecnolog\u00eda de pitch tracking de baja latencia, se conecta con los cables USB y lightning suministrados, hardware de montaje magn\u00e9tico que facilita la conexi\u00f3n y la extracci\u00f3n del controlador, alimentaci\u00f3n: Cable Micro USB a lightning o USB est\u00e1ndar, requiere IOS 9.3 y hasta 2.5 GB de espacio de almacenamiento disponible, incluye controlador, pastilla hexaf\u00f3nica cable lightning, cable USB y soporte de montaje y hardware.","breadcrumb":{"@id":"https:\/\/www.mexicanguitarplayers.com\/tienda\/audio\/interfaces\/controlador-fishman-triple-play-connect\/#breadcrumb"},"inLanguage":"en-US","potentialAction":[{"@type":"ReadAction","target":["https:\/\/www.mexicanguitarplayers.com\/tienda\/audio\/interfaces\/controlador-fishman-triple-play-connect\/"]}]},{"@type":"ImageObject","inLanguage":"en-US","@id":"https:\/\/www.mexicanguitarplayers.com\/tienda\/audio\/interfaces\/controlador-fishman-triple-play-connect\/#primaryimage","url":"https:\/\/www.mexicanguitarplayers.com\/wp-content\/uploads\/2022\/08\/IAFISPROTRP401-1.jpg","contentUrl":"https:\/\/www.mexicanguitarplayers.com\/wp-content\/uploads\/2022\/08\/IAFISPROTRP401-1.jpg","width":1200,"height":1200},{"@type":"BreadcrumbList","@id":"https:\/\/www.mexicanguitarplayers.com\/tienda\/audio\/interfaces\/controlador-fishman-triple-play-connect\/#breadcrumb","itemListElement":[{"@type":"ListItem","position":1,"name":"Portada","item":"https:\/\/www.mexicanguitarplayers.com\/"},{"@type":"ListItem","position":2,"name":"Tienda","item":"https:\/\/www.mexicanguitarplayers.com\/tienda\/"},{"@type":"ListItem","position":3,"name":"CONTROLADOR FISHMAN TRIPLE PLAY CONNECT"}]},{"@type":"WebSite","@id":"https:\/\/www.mexicanguitarplayers.com\/#website","url":"https:\/\/www.mexicanguitarplayers.com\/","name":"Mexican Guitar Players","description":"Website","publisher":{"@id":"https:\/\/www.mexicanguitarplayers.com\/#organization"},"potentialAction":[{"@type":"SearchAction","target":{"@type":"EntryPoint","urlTemplate":"https:\/\/www.mexicanguitarplayers.com\/?s={search_term_string}"},"query-input":{"@type":"PropertyValueSpecification","valueRequired":true,"valueName":"search_term_string"}}],"inLanguage":"en-US"},{"@type":"Organization","@id":"https:\/\/www.mexicanguitarplayers.com\/#organization","name":"Mexican Guitar Players","url":"https:\/\/www.mexicanguitarplayers.com\/","logo":{"@type":"ImageObject","inLanguage":"en-US","@id":"https:\/\/www.mexicanguitarplayers.com\/#\/schema\/logo\/image\/","url":"","contentUrl":"","caption":"Mexican Guitar Players"},"image":{"@id":"https:\/\/www.mexicanguitarplayers.com\/#\/schema\/logo\/image\/"}}]}},"brands":[{"id":248,"name":"FISHMAN","slug":"fishman"}],"_links":{"self":[{"href":"https:\/\/www.mexicanguitarplayers.com\/en\/wp-json\/wp\/v2\/product\/8364","targetHints":{"allow":["GET"]}}],"collection":[{"href":"https:\/\/www.mexicanguitarplayers.com\/en\/wp-json\/wp\/v2\/product"}],"about":[{"href":"https:\/\/www.mexicanguitarplayers.com\/en\/wp-json\/wp\/v2\/types\/product"}],"replies":[{"embeddable":true,"href":"https:\/\/www.mexicanguitarplayers.com\/en\/wp-json\/wp\/v2\/comments?post=8364"}],"wp:featuredmedia":[{"embeddable":true,"href":"https:\/\/www.mexicanguitarplayers.com\/en\/wp-json\/wp\/v2\/media\/21941"}],"wp:attachment":[{"href":"https:\/\/www.mexicanguitarplayers.com\/en\/wp-json\/wp\/v2\/media?parent=8364"}],"wp:term":[{"taxonomy":"pwb-brand","embeddable":true,"href":"https:\/\/www.mexicanguitarplayers.com\/en\/wp-json\/wp\/v2\/pwb-brand?post=8364"},{"taxonomy":"product_brand","embeddable":true,"href":"https:\/\/www.mexicanguitarplayers.com\/en\/wp-json\/wp\/v2\/product_brand?post=8364"},{"taxonomy":"product_cat","embeddable":true,"href":"https:\/\/www.mexicanguitarplayers.com\/en\/wp-json\/wp\/v2\/product_cat?post=8364"},{"taxonomy":"product_tag","embeddable":true,"href":"https:\/\/www.mexicanguitarplayers.com\/en\/wp-json\/wp\/v2\/product_tag?post=8364"}],"curies":[{"name":"wp","href":"https:\/\/api.w.org\/{rel}","templated":true}]}}