{"id":8368,"date":"2022-08-18T00:56:32","date_gmt":"2022-08-18T05:56:32","guid":{"rendered":"https:\/\/www.mexicanguitarplayers.com\/tienda\/sin%20categor\u00eda\/sistema-nux-inalambrico-mod-b-2\/"},"modified":"2023-01-04T07:12:08","modified_gmt":"2023-01-04T13:12:08","slug":"sistema-nux-inalambrico-mod-b-2","status":"publish","type":"product","link":"https:\/\/www.mexicanguitarplayers.com\/en\/tienda\/audio\/microfonia\/microfonos-inalambricos\/transmisores-y-receptores\/sistema-nux-inalambrico-mod-b-2\/","title":{"rendered":"WIRELESS NUX SYSTEM MOD. B-2"},"content":{"rendered":"<div style=\"text-align: justify\">\n<div>\n<h3>WIRELESS NUX SYSTEM MOD. B-2<\/h3>\n<\/div>\n<div>Instrument wireless system, 2.4 GHz interference-free signal frequency, 32-bit audio quality with 48 kHz frequency response, 15 meter operating range and up to 30 meters in open air, &lt;5ms latency with no delay or loss of signal, up to 20 hours of battery life, auto sleep power saving mode, guitar-friendly smart design connection.<\/div>\n<\/div>","protected":false},"excerpt":{"rendered":"<p>Sistema inal\u00e1mbrico para instrumento, frecuencia de se\u00f1al libre de interferencias de 2.4 GHz, calidad de audio de 32 bits con respuesta de frecuencia de 48 kHz, rango de operaci\u00f3n de 15 metros y hasta 30 metros al aire libre, latencia de &lt;5 ms sin retraso o p\u00e9rdida de se\u00f1al, hasta 20 horas de duraci\u00f3n de la bater\u00eda, modo de ahorro de energ\u00eda de reposo autom\u00e1tico, conexi\u00f3n de dise\u00f1o inteligente amigable con guitarras.&hellip; <a class=\"kt-excerpt-readmore more-link\" href=\"https:\/\/www.mexicanguitarplayers.com\/en\/tienda\/audio\/microfonia\/microfonos-inalambricos\/transmisores-y-receptores\/sistema-nux-inalambrico-mod-b-2\/\">Read more<\/a><\/p>","protected":false},"featured_media":21943,"comment_status":"open","ping_status":"closed","template":"","meta":{"kt_blocks_editor_width":""},"pwb-brand":[177],"product_brand":[],"product_cat":[213,214,231,238],"product_tag":[],"class_list":{"0":"post-8368","1":"product","2":"type-product","3":"status-publish","4":"has-post-thumbnail","6":"pwb-brand-nux","7":"product_cat-audio","8":"product_cat-microfonia","9":"product_cat-microfonos-inalambricos","10":"product_cat-transmisores-y-receptores","11":"product_shipping_class-0-5-kg","13":"first","14":"outofstock","15":"taxable","16":"shipping-taxable","17":"purchasable","18":"product-type-simple"},"yoast_head":"<!-- This site is optimized with the Yoast SEO plugin v27.5 - https:\/\/yoast.com\/product\/yoast-seo-wordpress\/ -->\n<title>SISTEMA NUX INALAMBRICO MOD. B-2 - Mexican Guitar Players<\/title>\n<meta name=\"description\" content=\"SISTEMA NUX INALAMBRICO MOD. B-2. Sistema inal\u00e1mbrico para instrumento, frecuencia de se\u00f1al libre de interferencias de 2.4 GHz, calidad de audio de 32 bits con respuesta de frecuencia de 48 kHz, rango de operaci\u00f3n de 15 metros y hasta 30 metros al aire libre, latencia de &lt;5 ms sin retraso o p\u00e9rdida de se\u00f1al, hasta 20 horas de duraci\u00f3n de la bater\u00eda, modo de ahorro de energ\u00eda de reposo autom\u00e1tico, conexi\u00f3n de dise\u00f1o inteligente amigable con guitarras.\" \/>\n<meta name=\"robots\" content=\"index, follow, max-snippet:-1, max-image-preview:large, max-video-preview:-1\" \/>\n<link rel=\"canonical\" href=\"https:\/\/www.mexicanguitarplayers.com\/en\/tienda\/audio\/microfonia\/microfonos-inalambricos\/transmisores-y-receptores\/sistema-nux-inalambrico-mod-b-2\/\" \/>\n<meta property=\"og:locale\" content=\"en_US\" \/>\n<meta property=\"og:type\" content=\"article\" \/>\n<meta property=\"og:title\" content=\"SISTEMA NUX INALAMBRICO MOD. B-2 - Mexican Guitar Players\" \/>\n<meta property=\"og:description\" content=\"SISTEMA NUX INALAMBRICO MOD. B-2. Sistema inal\u00e1mbrico para instrumento, frecuencia de se\u00f1al libre de interferencias de 2.4 GHz, calidad de audio de 32 bits con respuesta de frecuencia de 48 kHz, rango de operaci\u00f3n de 15 metros y hasta 30 metros al aire libre, latencia de &lt;5 ms sin retraso o p\u00e9rdida de se\u00f1al, hasta 20 horas de duraci\u00f3n de la bater\u00eda, modo de ahorro de energ\u00eda de reposo autom\u00e1tico, conexi\u00f3n de dise\u00f1o inteligente amigable con guitarras.\" \/>\n<meta property=\"og:url\" content=\"https:\/\/www.mexicanguitarplayers.com\/en\/tienda\/audio\/microfonia\/microfonos-inalambricos\/transmisores-y-receptores\/sistema-nux-inalambrico-mod-b-2\/\" \/>\n<meta property=\"og:site_name\" content=\"Mexican Guitar Players\" \/>\n<meta property=\"article:modified_time\" content=\"2023-01-04T13:12:08+00:00\" \/>\n<meta property=\"og:image\" content=\"https:\/\/www.mexicanguitarplayers.com\/wp-content\/uploads\/2022\/08\/IANUXB2-1.jpg\" \/>\n\t<meta property=\"og:image:width\" content=\"1200\" \/>\n\t<meta property=\"og:image:height\" content=\"1200\" \/>\n\t<meta property=\"og:image:type\" content=\"image\/jpeg\" \/>\n<meta name=\"twitter:card\" content=\"summary_large_image\" \/>\n<script type=\"application\/ld+json\" class=\"yoast-schema-graph\">{\"@context\":\"https:\\\/\\\/schema.org\",\"@graph\":[{\"@type\":[\"WebPage\",\"ItemPage\"],\"@id\":\"https:\\\/\\\/www.mexicanguitarplayers.com\\\/tienda\\\/audio\\\/microfonia\\\/microfonos-inalambricos\\\/transmisores-y-receptores\\\/sistema-nux-inalambrico-mod-b-2\\\/\",\"url\":\"https:\\\/\\\/www.mexicanguitarplayers.com\\\/tienda\\\/audio\\\/microfonia\\\/microfonos-inalambricos\\\/transmisores-y-receptores\\\/sistema-nux-inalambrico-mod-b-2\\\/\",\"name\":\"SISTEMA NUX INALAMBRICO MOD. B-2 - Mexican Guitar Players\",\"isPartOf\":{\"@id\":\"https:\\\/\\\/www.mexicanguitarplayers.com\\\/#website\"},\"primaryImageOfPage\":{\"@id\":\"https:\\\/\\\/www.mexicanguitarplayers.com\\\/tienda\\\/audio\\\/microfonia\\\/microfonos-inalambricos\\\/transmisores-y-receptores\\\/sistema-nux-inalambrico-mod-b-2\\\/#primaryimage\"},\"image\":{\"@id\":\"https:\\\/\\\/www.mexicanguitarplayers.com\\\/tienda\\\/audio\\\/microfonia\\\/microfonos-inalambricos\\\/transmisores-y-receptores\\\/sistema-nux-inalambrico-mod-b-2\\\/#primaryimage\"},\"thumbnailUrl\":\"https:\\\/\\\/www.mexicanguitarplayers.com\\\/wp-content\\\/uploads\\\/2022\\\/08\\\/IANUXB2-1.jpg\",\"datePublished\":\"2022-08-18T05:56:32+00:00\",\"dateModified\":\"2023-01-04T13:12:08+00:00\",\"description\":\"SISTEMA NUX INALAMBRICO MOD. B-2. Sistema inal\u00e1mbrico para instrumento, frecuencia de se\u00f1al libre de interferencias de 2.4 GHz, calidad de audio de 32 bits con respuesta de frecuencia de 48 kHz, rango de operaci\u00f3n de 15 metros y hasta 30 metros al aire libre, latencia de &lt;5 ms sin retraso o p\u00e9rdida de se\u00f1al, hasta 20 horas de duraci\u00f3n de la bater\u00eda, modo de ahorro de energ\u00eda de reposo autom\u00e1tico, conexi\u00f3n de dise\u00f1o inteligente amigable con guitarras.\",\"breadcrumb\":{\"@id\":\"https:\\\/\\\/www.mexicanguitarplayers.com\\\/tienda\\\/audio\\\/microfonia\\\/microfonos-inalambricos\\\/transmisores-y-receptores\\\/sistema-nux-inalambrico-mod-b-2\\\/#breadcrumb\"},\"inLanguage\":\"en-US\",\"potentialAction\":[{\"@type\":\"ReadAction\",\"target\":[\"https:\\\/\\\/www.mexicanguitarplayers.com\\\/tienda\\\/audio\\\/microfonia\\\/microfonos-inalambricos\\\/transmisores-y-receptores\\\/sistema-nux-inalambrico-mod-b-2\\\/\"]}]},{\"@type\":\"ImageObject\",\"inLanguage\":\"en-US\",\"@id\":\"https:\\\/\\\/www.mexicanguitarplayers.com\\\/tienda\\\/audio\\\/microfonia\\\/microfonos-inalambricos\\\/transmisores-y-receptores\\\/sistema-nux-inalambrico-mod-b-2\\\/#primaryimage\",\"url\":\"https:\\\/\\\/www.mexicanguitarplayers.com\\\/wp-content\\\/uploads\\\/2022\\\/08\\\/IANUXB2-1.jpg\",\"contentUrl\":\"https:\\\/\\\/www.mexicanguitarplayers.com\\\/wp-content\\\/uploads\\\/2022\\\/08\\\/IANUXB2-1.jpg\",\"width\":1200,\"height\":1200},{\"@type\":\"BreadcrumbList\",\"@id\":\"https:\\\/\\\/www.mexicanguitarplayers.com\\\/tienda\\\/audio\\\/microfonia\\\/microfonos-inalambricos\\\/transmisores-y-receptores\\\/sistema-nux-inalambrico-mod-b-2\\\/#breadcrumb\",\"itemListElement\":[{\"@type\":\"ListItem\",\"position\":1,\"name\":\"Portada\",\"item\":\"https:\\\/\\\/www.mexicanguitarplayers.com\\\/\"},{\"@type\":\"ListItem\",\"position\":2,\"name\":\"Tienda\",\"item\":\"https:\\\/\\\/www.mexicanguitarplayers.com\\\/tienda\\\/\"},{\"@type\":\"ListItem\",\"position\":3,\"name\":\"SISTEMA NUX INALAMBRICO MOD. B-2\"}]},{\"@type\":\"WebSite\",\"@id\":\"https:\\\/\\\/www.mexicanguitarplayers.com\\\/#website\",\"url\":\"https:\\\/\\\/www.mexicanguitarplayers.com\\\/\",\"name\":\"Mexican Guitar Players\",\"description\":\"Website\",\"publisher\":{\"@id\":\"https:\\\/\\\/www.mexicanguitarplayers.com\\\/#organization\"},\"potentialAction\":[{\"@type\":\"SearchAction\",\"target\":{\"@type\":\"EntryPoint\",\"urlTemplate\":\"https:\\\/\\\/www.mexicanguitarplayers.com\\\/?s={search_term_string}\"},\"query-input\":{\"@type\":\"PropertyValueSpecification\",\"valueRequired\":true,\"valueName\":\"search_term_string\"}}],\"inLanguage\":\"en-US\"},{\"@type\":\"Organization\",\"@id\":\"https:\\\/\\\/www.mexicanguitarplayers.com\\\/#organization\",\"name\":\"Mexican Guitar Players\",\"url\":\"https:\\\/\\\/www.mexicanguitarplayers.com\\\/\",\"logo\":{\"@type\":\"ImageObject\",\"inLanguage\":\"en-US\",\"@id\":\"https:\\\/\\\/www.mexicanguitarplayers.com\\\/#\\\/schema\\\/logo\\\/image\\\/\",\"url\":\"\",\"contentUrl\":\"\",\"caption\":\"Mexican Guitar Players\"},\"image\":{\"@id\":\"https:\\\/\\\/www.mexicanguitarplayers.com\\\/#\\\/schema\\\/logo\\\/image\\\/\"}}]}<\/script>\n<!-- \/ Yoast SEO plugin. -->","yoast_head_json":{"title":"SISTEMA NUX INALAMBRICO MOD. B-2 - Mexican Guitar Players","description":"SISTEMA NUX INALAMBRICO MOD. B-2. Sistema inal\u00e1mbrico para instrumento, frecuencia de se\u00f1al libre de interferencias de 2.4 GHz, calidad de audio de 32 bits con respuesta de frecuencia de 48 kHz, rango de operaci\u00f3n de 15 metros y hasta 30 metros al aire libre, latencia de &lt;5 ms sin retraso o p\u00e9rdida de se\u00f1al, hasta 20 horas de duraci\u00f3n de la bater\u00eda, modo de ahorro de energ\u00eda de reposo autom\u00e1tico, conexi\u00f3n de dise\u00f1o inteligente amigable con guitarras.","robots":{"index":"index","follow":"follow","max-snippet":"max-snippet:-1","max-image-preview":"max-image-preview:large","max-video-preview":"max-video-preview:-1"},"canonical":"https:\/\/www.mexicanguitarplayers.com\/en\/tienda\/audio\/microfonia\/microfonos-inalambricos\/transmisores-y-receptores\/sistema-nux-inalambrico-mod-b-2\/","og_locale":"en_US","og_type":"article","og_title":"SISTEMA NUX INALAMBRICO MOD. B-2 - Mexican Guitar Players","og_description":"SISTEMA NUX INALAMBRICO MOD. B-2. Sistema inal\u00e1mbrico para instrumento, frecuencia de se\u00f1al libre de interferencias de 2.4 GHz, calidad de audio de 32 bits con respuesta de frecuencia de 48 kHz, rango de operaci\u00f3n de 15 metros y hasta 30 metros al aire libre, latencia de &lt;5 ms sin retraso o p\u00e9rdida de se\u00f1al, hasta 20 horas de duraci\u00f3n de la bater\u00eda, modo de ahorro de energ\u00eda de reposo autom\u00e1tico, conexi\u00f3n de dise\u00f1o inteligente amigable con guitarras.","og_url":"https:\/\/www.mexicanguitarplayers.com\/en\/tienda\/audio\/microfonia\/microfonos-inalambricos\/transmisores-y-receptores\/sistema-nux-inalambrico-mod-b-2\/","og_site_name":"Mexican Guitar Players","article_modified_time":"2023-01-04T13:12:08+00:00","og_image":[{"width":1200,"height":1200,"url":"https:\/\/www.mexicanguitarplayers.com\/wp-content\/uploads\/2022\/08\/IANUXB2-1.jpg","type":"image\/jpeg"}],"twitter_card":"summary_large_image","schema":{"@context":"https:\/\/schema.org","@graph":[{"@type":["WebPage","ItemPage"],"@id":"https:\/\/www.mexicanguitarplayers.com\/tienda\/audio\/microfonia\/microfonos-inalambricos\/transmisores-y-receptores\/sistema-nux-inalambrico-mod-b-2\/","url":"https:\/\/www.mexicanguitarplayers.com\/tienda\/audio\/microfonia\/microfonos-inalambricos\/transmisores-y-receptores\/sistema-nux-inalambrico-mod-b-2\/","name":"SISTEMA NUX INALAMBRICO MOD. B-2 - Mexican Guitar Players","isPartOf":{"@id":"https:\/\/www.mexicanguitarplayers.com\/#website"},"primaryImageOfPage":{"@id":"https:\/\/www.mexicanguitarplayers.com\/tienda\/audio\/microfonia\/microfonos-inalambricos\/transmisores-y-receptores\/sistema-nux-inalambrico-mod-b-2\/#primaryimage"},"image":{"@id":"https:\/\/www.mexicanguitarplayers.com\/tienda\/audio\/microfonia\/microfonos-inalambricos\/transmisores-y-receptores\/sistema-nux-inalambrico-mod-b-2\/#primaryimage"},"thumbnailUrl":"https:\/\/www.mexicanguitarplayers.com\/wp-content\/uploads\/2022\/08\/IANUXB2-1.jpg","datePublished":"2022-08-18T05:56:32+00:00","dateModified":"2023-01-04T13:12:08+00:00","description":"SISTEMA NUX INALAMBRICO MOD. B-2. Sistema inal\u00e1mbrico para instrumento, frecuencia de se\u00f1al libre de interferencias de 2.4 GHz, calidad de audio de 32 bits con respuesta de frecuencia de 48 kHz, rango de operaci\u00f3n de 15 metros y hasta 30 metros al aire libre, latencia de &lt;5 ms sin retraso o p\u00e9rdida de se\u00f1al, hasta 20 horas de duraci\u00f3n de la bater\u00eda, modo de ahorro de energ\u00eda de reposo autom\u00e1tico, conexi\u00f3n de dise\u00f1o inteligente amigable con guitarras.","breadcrumb":{"@id":"https:\/\/www.mexicanguitarplayers.com\/tienda\/audio\/microfonia\/microfonos-inalambricos\/transmisores-y-receptores\/sistema-nux-inalambrico-mod-b-2\/#breadcrumb"},"inLanguage":"en-US","potentialAction":[{"@type":"ReadAction","target":["https:\/\/www.mexicanguitarplayers.com\/tienda\/audio\/microfonia\/microfonos-inalambricos\/transmisores-y-receptores\/sistema-nux-inalambrico-mod-b-2\/"]}]},{"@type":"ImageObject","inLanguage":"en-US","@id":"https:\/\/www.mexicanguitarplayers.com\/tienda\/audio\/microfonia\/microfonos-inalambricos\/transmisores-y-receptores\/sistema-nux-inalambrico-mod-b-2\/#primaryimage","url":"https:\/\/www.mexicanguitarplayers.com\/wp-content\/uploads\/2022\/08\/IANUXB2-1.jpg","contentUrl":"https:\/\/www.mexicanguitarplayers.com\/wp-content\/uploads\/2022\/08\/IANUXB2-1.jpg","width":1200,"height":1200},{"@type":"BreadcrumbList","@id":"https:\/\/www.mexicanguitarplayers.com\/tienda\/audio\/microfonia\/microfonos-inalambricos\/transmisores-y-receptores\/sistema-nux-inalambrico-mod-b-2\/#breadcrumb","itemListElement":[{"@type":"ListItem","position":1,"name":"Portada","item":"https:\/\/www.mexicanguitarplayers.com\/"},{"@type":"ListItem","position":2,"name":"Tienda","item":"https:\/\/www.mexicanguitarplayers.com\/tienda\/"},{"@type":"ListItem","position":3,"name":"SISTEMA NUX INALAMBRICO MOD. B-2"}]},{"@type":"WebSite","@id":"https:\/\/www.mexicanguitarplayers.com\/#website","url":"https:\/\/www.mexicanguitarplayers.com\/","name":"Mexican Guitar Players","description":"Website","publisher":{"@id":"https:\/\/www.mexicanguitarplayers.com\/#organization"},"potentialAction":[{"@type":"SearchAction","target":{"@type":"EntryPoint","urlTemplate":"https:\/\/www.mexicanguitarplayers.com\/?s={search_term_string}"},"query-input":{"@type":"PropertyValueSpecification","valueRequired":true,"valueName":"search_term_string"}}],"inLanguage":"en-US"},{"@type":"Organization","@id":"https:\/\/www.mexicanguitarplayers.com\/#organization","name":"Mexican Guitar Players","url":"https:\/\/www.mexicanguitarplayers.com\/","logo":{"@type":"ImageObject","inLanguage":"en-US","@id":"https:\/\/www.mexicanguitarplayers.com\/#\/schema\/logo\/image\/","url":"","contentUrl":"","caption":"Mexican Guitar Players"},"image":{"@id":"https:\/\/www.mexicanguitarplayers.com\/#\/schema\/logo\/image\/"}}]}},"brands":[{"id":177,"name":"NUX","slug":"nux"}],"_links":{"self":[{"href":"https:\/\/www.mexicanguitarplayers.com\/en\/wp-json\/wp\/v2\/product\/8368","targetHints":{"allow":["GET"]}}],"collection":[{"href":"https:\/\/www.mexicanguitarplayers.com\/en\/wp-json\/wp\/v2\/product"}],"about":[{"href":"https:\/\/www.mexicanguitarplayers.com\/en\/wp-json\/wp\/v2\/types\/product"}],"replies":[{"embeddable":true,"href":"https:\/\/www.mexicanguitarplayers.com\/en\/wp-json\/wp\/v2\/comments?post=8368"}],"wp:featuredmedia":[{"embeddable":true,"href":"https:\/\/www.mexicanguitarplayers.com\/en\/wp-json\/wp\/v2\/media\/21943"}],"wp:attachment":[{"href":"https:\/\/www.mexicanguitarplayers.com\/en\/wp-json\/wp\/v2\/media?parent=8368"}],"wp:term":[{"taxonomy":"pwb-brand","embeddable":true,"href":"https:\/\/www.mexicanguitarplayers.com\/en\/wp-json\/wp\/v2\/pwb-brand?post=8368"},{"taxonomy":"product_brand","embeddable":true,"href":"https:\/\/www.mexicanguitarplayers.com\/en\/wp-json\/wp\/v2\/product_brand?post=8368"},{"taxonomy":"product_cat","embeddable":true,"href":"https:\/\/www.mexicanguitarplayers.com\/en\/wp-json\/wp\/v2\/product_cat?post=8368"},{"taxonomy":"product_tag","embeddable":true,"href":"https:\/\/www.mexicanguitarplayers.com\/en\/wp-json\/wp\/v2\/product_tag?post=8368"}],"curies":[{"name":"wp","href":"https:\/\/api.w.org\/{rel}","templated":true}]}}