{"id":8380,"date":"2022-08-18T00:56:49","date_gmt":"2022-08-18T05:56:49","guid":{"rendered":"https:\/\/www.mexicanguitarplayers.com\/tienda\/sin%20categor\u00eda\/amplificador-nux-p-audifonos-mod-gp-1\/"},"modified":"2026-04-14T07:15:05","modified_gmt":"2026-04-14T13:15:05","slug":"amplificador-nux-p-audifonos-mod-gp-1","status":"publish","type":"product","link":"https:\/\/www.mexicanguitarplayers.com\/en\/tienda\/audio\/amplificadores-audio\/amplificadores-para-audifonos\/amplificador-nux-p-audifonos-mod-gp-1\/","title":{"rendered":"NUX AMPLIFIER FOR HEADPHONES MOD. GP-1"},"content":{"rendered":"<div style=\"text-align: justify\">\n<div>\n<h3>NUX AMPLIFIER FOR HEADPHONES MOD. GP-1<\/h3>\n<\/div>\n<div>Headphone amplifier for electric guitar with built-in distortion, headphone input and AUX In with audio player, works with two AAA batteries (for a duration of more than 40 hours), is ideal for practicing in quiet environments, lightweight design, includes controls of gain, tone and level with a power button.<\/div>\n<\/div>","protected":false},"excerpt":{"rendered":"<p>Amplificador de aud\u00edfonos para guitarra el\u00e9ctrica con distorsi\u00f3n incorporada, entrada de aud\u00edfonos y AUX In con reproductor de audio, funciona con dos pilas AAA (para una duraci\u00f3n de m\u00e1s de 40 horas), es ideal para practicar en entornos tranquilos, dise\u00f1o ligero, incluye controles de ganancia, tono y nivel con un bot\u00f3n de encendido.&hellip; <a class=\"kt-excerpt-readmore more-link\" href=\"https:\/\/www.mexicanguitarplayers.com\/en\/tienda\/audio\/amplificadores-audio\/amplificadores-para-audifonos\/amplificador-nux-p-audifonos-mod-gp-1\/\">Read more<\/a><\/p>","protected":false},"featured_media":21949,"comment_status":"open","ping_status":"closed","template":"","meta":{"kt_blocks_editor_width":""},"pwb-brand":[177],"product_brand":[],"product_cat":[219,240,213],"product_tag":[],"class_list":{"0":"post-8380","1":"product","2":"type-product","3":"status-publish","4":"has-post-thumbnail","6":"pwb-brand-nux","7":"product_cat-amplificadores-audio","8":"product_cat-amplificadores-para-audifonos","9":"product_cat-audio","10":"product_shipping_class-0-5-kg","12":"first","13":"outofstock","14":"taxable","15":"shipping-taxable","16":"purchasable","17":"product-type-simple"},"yoast_head":"<!-- This site is optimized with the Yoast SEO plugin v27.6 - https:\/\/yoast.com\/product\/yoast-seo-wordpress\/ -->\n<title>AMPLIFICADOR NUX P\/AUDIFONOS MOD. GP-1 - Mexican Guitar Players<\/title>\n<meta name=\"description\" content=\"AMPLIFICADOR NUX P\/AUDIFONOS MOD. GP-1. Amplificador de aud\u00edfonos para guitarra el\u00e9ctrica con distorsi\u00f3n incorporada, entrada de aud\u00edfonos y AUX In con reproductor de audio, funciona con dos pilas AAA (para una duraci\u00f3n de m\u00e1s de 40 horas), es ideal para practicar en entornos tranquilos, dise\u00f1o ligero, incluye controles de ganancia, tono y nivel con un bot\u00f3n de encendido.\" \/>\n<meta name=\"robots\" content=\"index, follow, max-snippet:-1, max-image-preview:large, max-video-preview:-1\" \/>\n<link rel=\"canonical\" href=\"https:\/\/www.mexicanguitarplayers.com\/en\/tienda\/audio\/amplificadores-audio\/amplificadores-para-audifonos\/amplificador-nux-p-audifonos-mod-gp-1\/\" \/>\n<meta property=\"og:locale\" content=\"en_US\" \/>\n<meta property=\"og:type\" content=\"article\" \/>\n<meta property=\"og:title\" content=\"AMPLIFICADOR NUX P\/AUDIFONOS MOD. GP-1 - Mexican Guitar Players\" \/>\n<meta property=\"og:description\" content=\"AMPLIFICADOR NUX P\/AUDIFONOS MOD. GP-1. Amplificador de aud\u00edfonos para guitarra el\u00e9ctrica con distorsi\u00f3n incorporada, entrada de aud\u00edfonos y AUX In con reproductor de audio, funciona con dos pilas AAA (para una duraci\u00f3n de m\u00e1s de 40 horas), es ideal para practicar en entornos tranquilos, dise\u00f1o ligero, incluye controles de ganancia, tono y nivel con un bot\u00f3n de encendido.\" \/>\n<meta property=\"og:url\" content=\"https:\/\/www.mexicanguitarplayers.com\/en\/tienda\/audio\/amplificadores-audio\/amplificadores-para-audifonos\/amplificador-nux-p-audifonos-mod-gp-1\/\" \/>\n<meta property=\"og:site_name\" content=\"Mexican Guitar Players\" \/>\n<meta property=\"article:modified_time\" content=\"2026-04-14T13:15:05+00:00\" \/>\n<meta property=\"og:image\" content=\"https:\/\/www.mexicanguitarplayers.com\/wp-content\/uploads\/2022\/08\/IANUXGP1-1.jpg\" \/>\n\t<meta property=\"og:image:width\" content=\"1200\" \/>\n\t<meta property=\"og:image:height\" content=\"1200\" \/>\n\t<meta property=\"og:image:type\" content=\"image\/jpeg\" \/>\n<meta name=\"twitter:card\" content=\"summary_large_image\" \/>\n<script type=\"application\/ld+json\" class=\"yoast-schema-graph\">{\"@context\":\"https:\\\/\\\/schema.org\",\"@graph\":[{\"@type\":[\"WebPage\",\"ItemPage\"],\"@id\":\"https:\\\/\\\/www.mexicanguitarplayers.com\\\/tienda\\\/audio\\\/amplificadores-audio\\\/amplificadores-para-audifonos\\\/amplificador-nux-p-audifonos-mod-gp-1\\\/\",\"url\":\"https:\\\/\\\/www.mexicanguitarplayers.com\\\/tienda\\\/audio\\\/amplificadores-audio\\\/amplificadores-para-audifonos\\\/amplificador-nux-p-audifonos-mod-gp-1\\\/\",\"name\":\"AMPLIFICADOR NUX P\\\/AUDIFONOS MOD. GP-1 - Mexican Guitar Players\",\"isPartOf\":{\"@id\":\"https:\\\/\\\/www.mexicanguitarplayers.com\\\/#website\"},\"primaryImageOfPage\":{\"@id\":\"https:\\\/\\\/www.mexicanguitarplayers.com\\\/tienda\\\/audio\\\/amplificadores-audio\\\/amplificadores-para-audifonos\\\/amplificador-nux-p-audifonos-mod-gp-1\\\/#primaryimage\"},\"image\":{\"@id\":\"https:\\\/\\\/www.mexicanguitarplayers.com\\\/tienda\\\/audio\\\/amplificadores-audio\\\/amplificadores-para-audifonos\\\/amplificador-nux-p-audifonos-mod-gp-1\\\/#primaryimage\"},\"thumbnailUrl\":\"https:\\\/\\\/www.mexicanguitarplayers.com\\\/wp-content\\\/uploads\\\/2022\\\/08\\\/IANUXGP1-1.jpg\",\"datePublished\":\"2022-08-18T05:56:49+00:00\",\"dateModified\":\"2026-04-14T13:15:05+00:00\",\"description\":\"AMPLIFICADOR NUX P\\\/AUDIFONOS MOD. GP-1. Amplificador de aud\u00edfonos para guitarra el\u00e9ctrica con distorsi\u00f3n incorporada, entrada de aud\u00edfonos y AUX In con reproductor de audio, funciona con dos pilas AAA (para una duraci\u00f3n de m\u00e1s de 40 horas), es ideal para practicar en entornos tranquilos, dise\u00f1o ligero, incluye controles de ganancia, tono y nivel con un bot\u00f3n de encendido.\",\"breadcrumb\":{\"@id\":\"https:\\\/\\\/www.mexicanguitarplayers.com\\\/tienda\\\/audio\\\/amplificadores-audio\\\/amplificadores-para-audifonos\\\/amplificador-nux-p-audifonos-mod-gp-1\\\/#breadcrumb\"},\"inLanguage\":\"en-US\",\"potentialAction\":[{\"@type\":\"ReadAction\",\"target\":[\"https:\\\/\\\/www.mexicanguitarplayers.com\\\/tienda\\\/audio\\\/amplificadores-audio\\\/amplificadores-para-audifonos\\\/amplificador-nux-p-audifonos-mod-gp-1\\\/\"]}]},{\"@type\":\"ImageObject\",\"inLanguage\":\"en-US\",\"@id\":\"https:\\\/\\\/www.mexicanguitarplayers.com\\\/tienda\\\/audio\\\/amplificadores-audio\\\/amplificadores-para-audifonos\\\/amplificador-nux-p-audifonos-mod-gp-1\\\/#primaryimage\",\"url\":\"https:\\\/\\\/www.mexicanguitarplayers.com\\\/wp-content\\\/uploads\\\/2022\\\/08\\\/IANUXGP1-1.jpg\",\"contentUrl\":\"https:\\\/\\\/www.mexicanguitarplayers.com\\\/wp-content\\\/uploads\\\/2022\\\/08\\\/IANUXGP1-1.jpg\",\"width\":1200,\"height\":1200},{\"@type\":\"BreadcrumbList\",\"@id\":\"https:\\\/\\\/www.mexicanguitarplayers.com\\\/tienda\\\/audio\\\/amplificadores-audio\\\/amplificadores-para-audifonos\\\/amplificador-nux-p-audifonos-mod-gp-1\\\/#breadcrumb\",\"itemListElement\":[{\"@type\":\"ListItem\",\"position\":1,\"name\":\"Portada\",\"item\":\"https:\\\/\\\/www.mexicanguitarplayers.com\\\/\"},{\"@type\":\"ListItem\",\"position\":2,\"name\":\"Tienda\",\"item\":\"https:\\\/\\\/www.mexicanguitarplayers.com\\\/tienda\\\/\"},{\"@type\":\"ListItem\",\"position\":3,\"name\":\"AMPLIFICADOR NUX P\\\/AUDIFONOS MOD. GP-1\"}]},{\"@type\":\"WebSite\",\"@id\":\"https:\\\/\\\/www.mexicanguitarplayers.com\\\/#website\",\"url\":\"https:\\\/\\\/www.mexicanguitarplayers.com\\\/\",\"name\":\"Mexican Guitar Players\",\"description\":\"Website\",\"publisher\":{\"@id\":\"https:\\\/\\\/www.mexicanguitarplayers.com\\\/#organization\"},\"potentialAction\":[{\"@type\":\"SearchAction\",\"target\":{\"@type\":\"EntryPoint\",\"urlTemplate\":\"https:\\\/\\\/www.mexicanguitarplayers.com\\\/?s={search_term_string}\"},\"query-input\":{\"@type\":\"PropertyValueSpecification\",\"valueRequired\":true,\"valueName\":\"search_term_string\"}}],\"inLanguage\":\"en-US\"},{\"@type\":\"Organization\",\"@id\":\"https:\\\/\\\/www.mexicanguitarplayers.com\\\/#organization\",\"name\":\"Mexican Guitar Players\",\"url\":\"https:\\\/\\\/www.mexicanguitarplayers.com\\\/\",\"logo\":{\"@type\":\"ImageObject\",\"inLanguage\":\"en-US\",\"@id\":\"https:\\\/\\\/www.mexicanguitarplayers.com\\\/#\\\/schema\\\/logo\\\/image\\\/\",\"url\":\"\",\"contentUrl\":\"\",\"caption\":\"Mexican Guitar Players\"},\"image\":{\"@id\":\"https:\\\/\\\/www.mexicanguitarplayers.com\\\/#\\\/schema\\\/logo\\\/image\\\/\"}}]}<\/script>\n<!-- \/ Yoast SEO plugin. -->","yoast_head_json":{"title":"AMPLIFICADOR NUX P\/AUDIFONOS MOD. GP-1 - Mexican Guitar Players","description":"AMPLIFICADOR NUX P\/AUDIFONOS MOD. GP-1. Amplificador de aud\u00edfonos para guitarra el\u00e9ctrica con distorsi\u00f3n incorporada, entrada de aud\u00edfonos y AUX In con reproductor de audio, funciona con dos pilas AAA (para una duraci\u00f3n de m\u00e1s de 40 horas), es ideal para practicar en entornos tranquilos, dise\u00f1o ligero, incluye controles de ganancia, tono y nivel con un bot\u00f3n de encendido.","robots":{"index":"index","follow":"follow","max-snippet":"max-snippet:-1","max-image-preview":"max-image-preview:large","max-video-preview":"max-video-preview:-1"},"canonical":"https:\/\/www.mexicanguitarplayers.com\/en\/tienda\/audio\/amplificadores-audio\/amplificadores-para-audifonos\/amplificador-nux-p-audifonos-mod-gp-1\/","og_locale":"en_US","og_type":"article","og_title":"AMPLIFICADOR NUX P\/AUDIFONOS MOD. GP-1 - Mexican Guitar Players","og_description":"AMPLIFICADOR NUX P\/AUDIFONOS MOD. GP-1. Amplificador de aud\u00edfonos para guitarra el\u00e9ctrica con distorsi\u00f3n incorporada, entrada de aud\u00edfonos y AUX In con reproductor de audio, funciona con dos pilas AAA (para una duraci\u00f3n de m\u00e1s de 40 horas), es ideal para practicar en entornos tranquilos, dise\u00f1o ligero, incluye controles de ganancia, tono y nivel con un bot\u00f3n de encendido.","og_url":"https:\/\/www.mexicanguitarplayers.com\/en\/tienda\/audio\/amplificadores-audio\/amplificadores-para-audifonos\/amplificador-nux-p-audifonos-mod-gp-1\/","og_site_name":"Mexican Guitar Players","article_modified_time":"2026-04-14T13:15:05+00:00","og_image":[{"width":1200,"height":1200,"url":"https:\/\/www.mexicanguitarplayers.com\/wp-content\/uploads\/2022\/08\/IANUXGP1-1.jpg","type":"image\/jpeg"}],"twitter_card":"summary_large_image","schema":{"@context":"https:\/\/schema.org","@graph":[{"@type":["WebPage","ItemPage"],"@id":"https:\/\/www.mexicanguitarplayers.com\/tienda\/audio\/amplificadores-audio\/amplificadores-para-audifonos\/amplificador-nux-p-audifonos-mod-gp-1\/","url":"https:\/\/www.mexicanguitarplayers.com\/tienda\/audio\/amplificadores-audio\/amplificadores-para-audifonos\/amplificador-nux-p-audifonos-mod-gp-1\/","name":"AMPLIFICADOR NUX P\/AUDIFONOS MOD. GP-1 - Mexican Guitar Players","isPartOf":{"@id":"https:\/\/www.mexicanguitarplayers.com\/#website"},"primaryImageOfPage":{"@id":"https:\/\/www.mexicanguitarplayers.com\/tienda\/audio\/amplificadores-audio\/amplificadores-para-audifonos\/amplificador-nux-p-audifonos-mod-gp-1\/#primaryimage"},"image":{"@id":"https:\/\/www.mexicanguitarplayers.com\/tienda\/audio\/amplificadores-audio\/amplificadores-para-audifonos\/amplificador-nux-p-audifonos-mod-gp-1\/#primaryimage"},"thumbnailUrl":"https:\/\/www.mexicanguitarplayers.com\/wp-content\/uploads\/2022\/08\/IANUXGP1-1.jpg","datePublished":"2022-08-18T05:56:49+00:00","dateModified":"2026-04-14T13:15:05+00:00","description":"AMPLIFICADOR NUX P\/AUDIFONOS MOD. GP-1. Amplificador de aud\u00edfonos para guitarra el\u00e9ctrica con distorsi\u00f3n incorporada, entrada de aud\u00edfonos y AUX In con reproductor de audio, funciona con dos pilas AAA (para una duraci\u00f3n de m\u00e1s de 40 horas), es ideal para practicar en entornos tranquilos, dise\u00f1o ligero, incluye controles de ganancia, tono y nivel con un bot\u00f3n de encendido.","breadcrumb":{"@id":"https:\/\/www.mexicanguitarplayers.com\/tienda\/audio\/amplificadores-audio\/amplificadores-para-audifonos\/amplificador-nux-p-audifonos-mod-gp-1\/#breadcrumb"},"inLanguage":"en-US","potentialAction":[{"@type":"ReadAction","target":["https:\/\/www.mexicanguitarplayers.com\/tienda\/audio\/amplificadores-audio\/amplificadores-para-audifonos\/amplificador-nux-p-audifonos-mod-gp-1\/"]}]},{"@type":"ImageObject","inLanguage":"en-US","@id":"https:\/\/www.mexicanguitarplayers.com\/tienda\/audio\/amplificadores-audio\/amplificadores-para-audifonos\/amplificador-nux-p-audifonos-mod-gp-1\/#primaryimage","url":"https:\/\/www.mexicanguitarplayers.com\/wp-content\/uploads\/2022\/08\/IANUXGP1-1.jpg","contentUrl":"https:\/\/www.mexicanguitarplayers.com\/wp-content\/uploads\/2022\/08\/IANUXGP1-1.jpg","width":1200,"height":1200},{"@type":"BreadcrumbList","@id":"https:\/\/www.mexicanguitarplayers.com\/tienda\/audio\/amplificadores-audio\/amplificadores-para-audifonos\/amplificador-nux-p-audifonos-mod-gp-1\/#breadcrumb","itemListElement":[{"@type":"ListItem","position":1,"name":"Portada","item":"https:\/\/www.mexicanguitarplayers.com\/"},{"@type":"ListItem","position":2,"name":"Tienda","item":"https:\/\/www.mexicanguitarplayers.com\/tienda\/"},{"@type":"ListItem","position":3,"name":"AMPLIFICADOR NUX P\/AUDIFONOS MOD. GP-1"}]},{"@type":"WebSite","@id":"https:\/\/www.mexicanguitarplayers.com\/#website","url":"https:\/\/www.mexicanguitarplayers.com\/","name":"Mexican Guitar Players","description":"Website","publisher":{"@id":"https:\/\/www.mexicanguitarplayers.com\/#organization"},"potentialAction":[{"@type":"SearchAction","target":{"@type":"EntryPoint","urlTemplate":"https:\/\/www.mexicanguitarplayers.com\/?s={search_term_string}"},"query-input":{"@type":"PropertyValueSpecification","valueRequired":true,"valueName":"search_term_string"}}],"inLanguage":"en-US"},{"@type":"Organization","@id":"https:\/\/www.mexicanguitarplayers.com\/#organization","name":"Mexican Guitar Players","url":"https:\/\/www.mexicanguitarplayers.com\/","logo":{"@type":"ImageObject","inLanguage":"en-US","@id":"https:\/\/www.mexicanguitarplayers.com\/#\/schema\/logo\/image\/","url":"","contentUrl":"","caption":"Mexican Guitar Players"},"image":{"@id":"https:\/\/www.mexicanguitarplayers.com\/#\/schema\/logo\/image\/"}}]}},"brands":[{"id":177,"name":"NUX","slug":"nux"}],"_links":{"self":[{"href":"https:\/\/www.mexicanguitarplayers.com\/en\/wp-json\/wp\/v2\/product\/8380","targetHints":{"allow":["GET"]}}],"collection":[{"href":"https:\/\/www.mexicanguitarplayers.com\/en\/wp-json\/wp\/v2\/product"}],"about":[{"href":"https:\/\/www.mexicanguitarplayers.com\/en\/wp-json\/wp\/v2\/types\/product"}],"replies":[{"embeddable":true,"href":"https:\/\/www.mexicanguitarplayers.com\/en\/wp-json\/wp\/v2\/comments?post=8380"}],"wp:featuredmedia":[{"embeddable":true,"href":"https:\/\/www.mexicanguitarplayers.com\/en\/wp-json\/wp\/v2\/media\/21949"}],"wp:attachment":[{"href":"https:\/\/www.mexicanguitarplayers.com\/en\/wp-json\/wp\/v2\/media?parent=8380"}],"wp:term":[{"taxonomy":"pwb-brand","embeddable":true,"href":"https:\/\/www.mexicanguitarplayers.com\/en\/wp-json\/wp\/v2\/pwb-brand?post=8380"},{"taxonomy":"product_brand","embeddable":true,"href":"https:\/\/www.mexicanguitarplayers.com\/en\/wp-json\/wp\/v2\/product_brand?post=8380"},{"taxonomy":"product_cat","embeddable":true,"href":"https:\/\/www.mexicanguitarplayers.com\/en\/wp-json\/wp\/v2\/product_cat?post=8380"},{"taxonomy":"product_tag","embeddable":true,"href":"https:\/\/www.mexicanguitarplayers.com\/en\/wp-json\/wp\/v2\/product_tag?post=8380"}],"curies":[{"name":"wp","href":"https:\/\/api.w.org\/{rel}","templated":true}]}}