{"id":8427,"date":"2022-08-18T00:58:10","date_gmt":"2022-08-18T05:58:10","guid":{"rendered":"https:\/\/www.mexicanguitarplayers.com\/tienda\/sin%20categor\u00eda\/bafle-proel-plafon-mod-pa-cs4t\/"},"modified":"2026-05-01T07:48:29","modified_gmt":"2026-05-01T13:48:29","slug":"bafle-proel-plafon-mod-pa-cs4t","status":"publish","type":"product","link":"https:\/\/www.mexicanguitarplayers.com\/en\/tienda\/audio\/bafles-y-bocinas\/bafles\/instalacion\/bafle-proel-plafon-mod-pa-cs4t\/","title":{"rendered":"SPEAKER PROEL PLAFON MOD. PA CS4T"},"content":{"rendered":"<div style=\"text-align: justify; list-style: circle;\">\n<div>\n<h3>SPEAKER PROEL PLAFON MOD. PA CS4T<\/h3>\n<\/div>\n<div>Passive sealed in-ceiling baffle, designed for fixed installation, protective cover that allows this loudspeaker to be used in aseptic environment as well as dusty environments where complete driver sealing is required, 4\u201d full-range woofer, RMS power: 7\/3.5 \/1.75W, constant voltage: 100\/70V, frequency response: 180 Hz \u2013 20 kHz (-10 dB), SPL: 88 dB, maximum SPL: 97 dB, coverage angle 1 kHz\/4 kHz (-6 dB) : 140\u00b0\/ 90\u00b0, made of steel and ABS plastic, dimensions: 142.5 x 121.5 mm, weight: 0.82 kg, fixing system: recessed in the ceiling, mounting hole \u00d8 125 mm.<\/div>\n<\/div>","protected":false},"excerpt":{"rendered":"<p>Bafle pasivo sellado para techo, dise\u00f1ado para instalaci\u00f3n fija, cubierta protectora que permite usar este altavoz en un entorno as\u00e9ptico as\u00ed como entornos polvorientos donde se requiere un sellado completo del driver, woofer de 4\u201d pulgadas de rango completo, potencia RMS: 7\/3.5\/1.75W, tensi\u00f3n constante: 100\/70V, respuesta de frecuencia: 180 Hz &#8211; 20 kHz (-10 dB), SPL: 88 dB, SPL m\u00e1ximo: 97 dB, \u00e1ngulo de cobertura 1 kHz\/4 kHz (-6 dB): 140\u00b0\/ 90\u00b0, fabricado con acero y pl\u00e1stico ABS, dimensiones: 142.5 x 121.5 mm, peso: 0.82 kg, sistema de fijaci\u00f3n: empotrado en el techo, orificio de montaje \u00d8 125 mm.&hellip; <a class=\"kt-excerpt-readmore more-link\" href=\"https:\/\/www.mexicanguitarplayers.com\/en\/tienda\/audio\/bafles-y-bocinas\/bafles\/instalacion\/bafle-proel-plafon-mod-pa-cs4t\/\">Read more<\/a><\/p>","protected":false},"featured_media":21984,"comment_status":"open","ping_status":"closed","template":"","meta":{"kt_blocks_editor_width":""},"pwb-brand":[252],"product_brand":[],"product_cat":[213,222,221,243],"product_tag":[],"class_list":{"0":"post-8427","1":"product","2":"type-product","3":"status-publish","4":"has-post-thumbnail","6":"pwb-brand-proel","7":"product_cat-audio","8":"product_cat-bafles","9":"product_cat-bafles-y-bocinas","10":"product_cat-instalacion","11":"product_shipping_class-0-5-kg","13":"first","14":"instock","15":"taxable","16":"shipping-taxable","17":"purchasable","18":"product-type-simple"},"yoast_head":"<!-- This site is optimized with the Yoast SEO plugin v27.5 - https:\/\/yoast.com\/product\/yoast-seo-wordpress\/ -->\n<title>BAFLE PROEL PLAFON MOD. PA CS4T - Mexican Guitar Players<\/title>\n<meta name=\"description\" content=\"BAFLE PROEL PLAFON MOD. PA CS4T. Bafle pasivo sellado para techo, dise\u00f1ado para instalaci\u00f3n fija, cubierta protectora que permite usar este altavoz en un entorno as\u00e9ptico as\u00ed como entornos polvorientos donde se requiere un sellado completo del driver, woofer de 4\u201d pulgadas de rango completo, potencia RMS: 7\/3.5\/1.75W, tensi\u00f3n constante: 100\/70V, respuesta de frecuencia: 180 Hz - 20 kHz (-10 dB), SPL: 88 dB, SPL m\u00e1ximo: 97 dB, \u00e1ngulo de cobertura 1 kHz\/4 kHz (-6 dB): 140\u00b0\/ 90\u00b0, fabricado con acero y pl\u00e1stico ABS, dimensiones: 142.5 x 121.5 mm, peso: 0.82 kg, sistema de fijaci\u00f3n: empotrado en el techo, orificio de montaje \u00d8 125 mm.\" \/>\n<meta name=\"robots\" content=\"index, follow, max-snippet:-1, max-image-preview:large, max-video-preview:-1\" \/>\n<link rel=\"canonical\" href=\"https:\/\/www.mexicanguitarplayers.com\/en\/tienda\/audio\/bafles-y-bocinas\/bafles\/instalacion\/bafle-proel-plafon-mod-pa-cs4t\/\" \/>\n<meta property=\"og:locale\" content=\"en_US\" \/>\n<meta property=\"og:type\" content=\"article\" \/>\n<meta property=\"og:title\" content=\"BAFLE PROEL PLAFON MOD. PA CS4T - Mexican Guitar Players\" \/>\n<meta property=\"og:description\" content=\"BAFLE PROEL PLAFON MOD. PA CS4T. Bafle pasivo sellado para techo, dise\u00f1ado para instalaci\u00f3n fija, cubierta protectora que permite usar este altavoz en un entorno as\u00e9ptico as\u00ed como entornos polvorientos donde se requiere un sellado completo del driver, woofer de 4\u201d pulgadas de rango completo, potencia RMS: 7\/3.5\/1.75W, tensi\u00f3n constante: 100\/70V, respuesta de frecuencia: 180 Hz - 20 kHz (-10 dB), SPL: 88 dB, SPL m\u00e1ximo: 97 dB, \u00e1ngulo de cobertura 1 kHz\/4 kHz (-6 dB): 140\u00b0\/ 90\u00b0, fabricado con acero y pl\u00e1stico ABS, dimensiones: 142.5 x 121.5 mm, peso: 0.82 kg, sistema de fijaci\u00f3n: empotrado en el techo, orificio de montaje \u00d8 125 mm.\" \/>\n<meta property=\"og:url\" content=\"https:\/\/www.mexicanguitarplayers.com\/en\/tienda\/audio\/bafles-y-bocinas\/bafles\/instalacion\/bafle-proel-plafon-mod-pa-cs4t\/\" \/>\n<meta property=\"og:site_name\" content=\"Mexican Guitar Players\" \/>\n<meta property=\"article:modified_time\" content=\"2026-05-01T13:48:29+00:00\" \/>\n<meta property=\"og:image\" content=\"https:\/\/www.mexicanguitarplayers.com\/wp-content\/uploads\/2022\/08\/IAPREPACS4T-1.jpg\" \/>\n\t<meta property=\"og:image:width\" content=\"1200\" \/>\n\t<meta property=\"og:image:height\" content=\"1200\" \/>\n\t<meta property=\"og:image:type\" content=\"image\/jpeg\" \/>\n<meta name=\"twitter:card\" content=\"summary_large_image\" \/>\n<script type=\"application\/ld+json\" class=\"yoast-schema-graph\">{\"@context\":\"https:\\\/\\\/schema.org\",\"@graph\":[{\"@type\":[\"WebPage\",\"ItemPage\"],\"@id\":\"https:\\\/\\\/www.mexicanguitarplayers.com\\\/tienda\\\/audio\\\/bafles-y-bocinas\\\/bafles\\\/instalacion\\\/bafle-proel-plafon-mod-pa-cs4t\\\/\",\"url\":\"https:\\\/\\\/www.mexicanguitarplayers.com\\\/tienda\\\/audio\\\/bafles-y-bocinas\\\/bafles\\\/instalacion\\\/bafle-proel-plafon-mod-pa-cs4t\\\/\",\"name\":\"BAFLE PROEL PLAFON MOD. PA CS4T - Mexican Guitar Players\",\"isPartOf\":{\"@id\":\"https:\\\/\\\/www.mexicanguitarplayers.com\\\/#website\"},\"primaryImageOfPage\":{\"@id\":\"https:\\\/\\\/www.mexicanguitarplayers.com\\\/tienda\\\/audio\\\/bafles-y-bocinas\\\/bafles\\\/instalacion\\\/bafle-proel-plafon-mod-pa-cs4t\\\/#primaryimage\"},\"image\":{\"@id\":\"https:\\\/\\\/www.mexicanguitarplayers.com\\\/tienda\\\/audio\\\/bafles-y-bocinas\\\/bafles\\\/instalacion\\\/bafle-proel-plafon-mod-pa-cs4t\\\/#primaryimage\"},\"thumbnailUrl\":\"https:\\\/\\\/www.mexicanguitarplayers.com\\\/wp-content\\\/uploads\\\/2022\\\/08\\\/IAPREPACS4T-1.jpg\",\"datePublished\":\"2022-08-18T05:58:10+00:00\",\"dateModified\":\"2026-05-01T13:48:29+00:00\",\"description\":\"BAFLE PROEL PLAFON MOD. PA CS4T. Bafle pasivo sellado para techo, dise\u00f1ado para instalaci\u00f3n fija, cubierta protectora que permite usar este altavoz en un entorno as\u00e9ptico as\u00ed como entornos polvorientos donde se requiere un sellado completo del driver, woofer de 4\u201d pulgadas de rango completo, potencia RMS: 7\\\/3.5\\\/1.75W, tensi\u00f3n constante: 100\\\/70V, respuesta de frecuencia: 180 Hz - 20 kHz (-10 dB), SPL: 88 dB, SPL m\u00e1ximo: 97 dB, \u00e1ngulo de cobertura 1 kHz\\\/4 kHz (-6 dB): 140\u00b0\\\/ 90\u00b0, fabricado con acero y pl\u00e1stico ABS, dimensiones: 142.5 x 121.5 mm, peso: 0.82 kg, sistema de fijaci\u00f3n: empotrado en el techo, orificio de montaje \u00d8 125 mm.\",\"breadcrumb\":{\"@id\":\"https:\\\/\\\/www.mexicanguitarplayers.com\\\/tienda\\\/audio\\\/bafles-y-bocinas\\\/bafles\\\/instalacion\\\/bafle-proel-plafon-mod-pa-cs4t\\\/#breadcrumb\"},\"inLanguage\":\"en-US\",\"potentialAction\":[{\"@type\":\"ReadAction\",\"target\":[\"https:\\\/\\\/www.mexicanguitarplayers.com\\\/tienda\\\/audio\\\/bafles-y-bocinas\\\/bafles\\\/instalacion\\\/bafle-proel-plafon-mod-pa-cs4t\\\/\"]}]},{\"@type\":\"ImageObject\",\"inLanguage\":\"en-US\",\"@id\":\"https:\\\/\\\/www.mexicanguitarplayers.com\\\/tienda\\\/audio\\\/bafles-y-bocinas\\\/bafles\\\/instalacion\\\/bafle-proel-plafon-mod-pa-cs4t\\\/#primaryimage\",\"url\":\"https:\\\/\\\/www.mexicanguitarplayers.com\\\/wp-content\\\/uploads\\\/2022\\\/08\\\/IAPREPACS4T-1.jpg\",\"contentUrl\":\"https:\\\/\\\/www.mexicanguitarplayers.com\\\/wp-content\\\/uploads\\\/2022\\\/08\\\/IAPREPACS4T-1.jpg\",\"width\":1200,\"height\":1200},{\"@type\":\"BreadcrumbList\",\"@id\":\"https:\\\/\\\/www.mexicanguitarplayers.com\\\/tienda\\\/audio\\\/bafles-y-bocinas\\\/bafles\\\/instalacion\\\/bafle-proel-plafon-mod-pa-cs4t\\\/#breadcrumb\",\"itemListElement\":[{\"@type\":\"ListItem\",\"position\":1,\"name\":\"Portada\",\"item\":\"https:\\\/\\\/www.mexicanguitarplayers.com\\\/\"},{\"@type\":\"ListItem\",\"position\":2,\"name\":\"Tienda\",\"item\":\"https:\\\/\\\/www.mexicanguitarplayers.com\\\/tienda\\\/\"},{\"@type\":\"ListItem\",\"position\":3,\"name\":\"BAFLE PROEL PLAFON MOD. PA CS4T\"}]},{\"@type\":\"WebSite\",\"@id\":\"https:\\\/\\\/www.mexicanguitarplayers.com\\\/#website\",\"url\":\"https:\\\/\\\/www.mexicanguitarplayers.com\\\/\",\"name\":\"Mexican Guitar Players\",\"description\":\"Website\",\"publisher\":{\"@id\":\"https:\\\/\\\/www.mexicanguitarplayers.com\\\/#organization\"},\"potentialAction\":[{\"@type\":\"SearchAction\",\"target\":{\"@type\":\"EntryPoint\",\"urlTemplate\":\"https:\\\/\\\/www.mexicanguitarplayers.com\\\/?s={search_term_string}\"},\"query-input\":{\"@type\":\"PropertyValueSpecification\",\"valueRequired\":true,\"valueName\":\"search_term_string\"}}],\"inLanguage\":\"en-US\"},{\"@type\":\"Organization\",\"@id\":\"https:\\\/\\\/www.mexicanguitarplayers.com\\\/#organization\",\"name\":\"Mexican Guitar Players\",\"url\":\"https:\\\/\\\/www.mexicanguitarplayers.com\\\/\",\"logo\":{\"@type\":\"ImageObject\",\"inLanguage\":\"en-US\",\"@id\":\"https:\\\/\\\/www.mexicanguitarplayers.com\\\/#\\\/schema\\\/logo\\\/image\\\/\",\"url\":\"\",\"contentUrl\":\"\",\"caption\":\"Mexican Guitar Players\"},\"image\":{\"@id\":\"https:\\\/\\\/www.mexicanguitarplayers.com\\\/#\\\/schema\\\/logo\\\/image\\\/\"}}]}<\/script>\n<!-- \/ Yoast SEO plugin. -->","yoast_head_json":{"title":"BAFLE PROEL PLAFON MOD. PA CS4T - Mexican Guitar Players","description":"BAFLE PROEL PLAFON MOD. PA CS4T. Bafle pasivo sellado para techo, dise\u00f1ado para instalaci\u00f3n fija, cubierta protectora que permite usar este altavoz en un entorno as\u00e9ptico as\u00ed como entornos polvorientos donde se requiere un sellado completo del driver, woofer de 4\u201d pulgadas de rango completo, potencia RMS: 7\/3.5\/1.75W, tensi\u00f3n constante: 100\/70V, respuesta de frecuencia: 180 Hz - 20 kHz (-10 dB), SPL: 88 dB, SPL m\u00e1ximo: 97 dB, \u00e1ngulo de cobertura 1 kHz\/4 kHz (-6 dB): 140\u00b0\/ 90\u00b0, fabricado con acero y pl\u00e1stico ABS, dimensiones: 142.5 x 121.5 mm, peso: 0.82 kg, sistema de fijaci\u00f3n: empotrado en el techo, orificio de montaje \u00d8 125 mm.","robots":{"index":"index","follow":"follow","max-snippet":"max-snippet:-1","max-image-preview":"max-image-preview:large","max-video-preview":"max-video-preview:-1"},"canonical":"https:\/\/www.mexicanguitarplayers.com\/en\/tienda\/audio\/bafles-y-bocinas\/bafles\/instalacion\/bafle-proel-plafon-mod-pa-cs4t\/","og_locale":"en_US","og_type":"article","og_title":"BAFLE PROEL PLAFON MOD. PA CS4T - Mexican Guitar Players","og_description":"BAFLE PROEL PLAFON MOD. PA CS4T. Bafle pasivo sellado para techo, dise\u00f1ado para instalaci\u00f3n fija, cubierta protectora que permite usar este altavoz en un entorno as\u00e9ptico as\u00ed como entornos polvorientos donde se requiere un sellado completo del driver, woofer de 4\u201d pulgadas de rango completo, potencia RMS: 7\/3.5\/1.75W, tensi\u00f3n constante: 100\/70V, respuesta de frecuencia: 180 Hz - 20 kHz (-10 dB), SPL: 88 dB, SPL m\u00e1ximo: 97 dB, \u00e1ngulo de cobertura 1 kHz\/4 kHz (-6 dB): 140\u00b0\/ 90\u00b0, fabricado con acero y pl\u00e1stico ABS, dimensiones: 142.5 x 121.5 mm, peso: 0.82 kg, sistema de fijaci\u00f3n: empotrado en el techo, orificio de montaje \u00d8 125 mm.","og_url":"https:\/\/www.mexicanguitarplayers.com\/en\/tienda\/audio\/bafles-y-bocinas\/bafles\/instalacion\/bafle-proel-plafon-mod-pa-cs4t\/","og_site_name":"Mexican Guitar Players","article_modified_time":"2026-05-01T13:48:29+00:00","og_image":[{"width":1200,"height":1200,"url":"https:\/\/www.mexicanguitarplayers.com\/wp-content\/uploads\/2022\/08\/IAPREPACS4T-1.jpg","type":"image\/jpeg"}],"twitter_card":"summary_large_image","schema":{"@context":"https:\/\/schema.org","@graph":[{"@type":["WebPage","ItemPage"],"@id":"https:\/\/www.mexicanguitarplayers.com\/tienda\/audio\/bafles-y-bocinas\/bafles\/instalacion\/bafle-proel-plafon-mod-pa-cs4t\/","url":"https:\/\/www.mexicanguitarplayers.com\/tienda\/audio\/bafles-y-bocinas\/bafles\/instalacion\/bafle-proel-plafon-mod-pa-cs4t\/","name":"BAFLE PROEL PLAFON MOD. PA CS4T - Mexican Guitar Players","isPartOf":{"@id":"https:\/\/www.mexicanguitarplayers.com\/#website"},"primaryImageOfPage":{"@id":"https:\/\/www.mexicanguitarplayers.com\/tienda\/audio\/bafles-y-bocinas\/bafles\/instalacion\/bafle-proel-plafon-mod-pa-cs4t\/#primaryimage"},"image":{"@id":"https:\/\/www.mexicanguitarplayers.com\/tienda\/audio\/bafles-y-bocinas\/bafles\/instalacion\/bafle-proel-plafon-mod-pa-cs4t\/#primaryimage"},"thumbnailUrl":"https:\/\/www.mexicanguitarplayers.com\/wp-content\/uploads\/2022\/08\/IAPREPACS4T-1.jpg","datePublished":"2022-08-18T05:58:10+00:00","dateModified":"2026-05-01T13:48:29+00:00","description":"BAFLE PROEL PLAFON MOD. PA CS4T. Bafle pasivo sellado para techo, dise\u00f1ado para instalaci\u00f3n fija, cubierta protectora que permite usar este altavoz en un entorno as\u00e9ptico as\u00ed como entornos polvorientos donde se requiere un sellado completo del driver, woofer de 4\u201d pulgadas de rango completo, potencia RMS: 7\/3.5\/1.75W, tensi\u00f3n constante: 100\/70V, respuesta de frecuencia: 180 Hz - 20 kHz (-10 dB), SPL: 88 dB, SPL m\u00e1ximo: 97 dB, \u00e1ngulo de cobertura 1 kHz\/4 kHz (-6 dB): 140\u00b0\/ 90\u00b0, fabricado con acero y pl\u00e1stico ABS, dimensiones: 142.5 x 121.5 mm, peso: 0.82 kg, sistema de fijaci\u00f3n: empotrado en el techo, orificio de montaje \u00d8 125 mm.","breadcrumb":{"@id":"https:\/\/www.mexicanguitarplayers.com\/tienda\/audio\/bafles-y-bocinas\/bafles\/instalacion\/bafle-proel-plafon-mod-pa-cs4t\/#breadcrumb"},"inLanguage":"en-US","potentialAction":[{"@type":"ReadAction","target":["https:\/\/www.mexicanguitarplayers.com\/tienda\/audio\/bafles-y-bocinas\/bafles\/instalacion\/bafle-proel-plafon-mod-pa-cs4t\/"]}]},{"@type":"ImageObject","inLanguage":"en-US","@id":"https:\/\/www.mexicanguitarplayers.com\/tienda\/audio\/bafles-y-bocinas\/bafles\/instalacion\/bafle-proel-plafon-mod-pa-cs4t\/#primaryimage","url":"https:\/\/www.mexicanguitarplayers.com\/wp-content\/uploads\/2022\/08\/IAPREPACS4T-1.jpg","contentUrl":"https:\/\/www.mexicanguitarplayers.com\/wp-content\/uploads\/2022\/08\/IAPREPACS4T-1.jpg","width":1200,"height":1200},{"@type":"BreadcrumbList","@id":"https:\/\/www.mexicanguitarplayers.com\/tienda\/audio\/bafles-y-bocinas\/bafles\/instalacion\/bafle-proel-plafon-mod-pa-cs4t\/#breadcrumb","itemListElement":[{"@type":"ListItem","position":1,"name":"Portada","item":"https:\/\/www.mexicanguitarplayers.com\/"},{"@type":"ListItem","position":2,"name":"Tienda","item":"https:\/\/www.mexicanguitarplayers.com\/tienda\/"},{"@type":"ListItem","position":3,"name":"BAFLE PROEL PLAFON MOD. PA CS4T"}]},{"@type":"WebSite","@id":"https:\/\/www.mexicanguitarplayers.com\/#website","url":"https:\/\/www.mexicanguitarplayers.com\/","name":"Mexican Guitar Players","description":"Website","publisher":{"@id":"https:\/\/www.mexicanguitarplayers.com\/#organization"},"potentialAction":[{"@type":"SearchAction","target":{"@type":"EntryPoint","urlTemplate":"https:\/\/www.mexicanguitarplayers.com\/?s={search_term_string}"},"query-input":{"@type":"PropertyValueSpecification","valueRequired":true,"valueName":"search_term_string"}}],"inLanguage":"en-US"},{"@type":"Organization","@id":"https:\/\/www.mexicanguitarplayers.com\/#organization","name":"Mexican Guitar Players","url":"https:\/\/www.mexicanguitarplayers.com\/","logo":{"@type":"ImageObject","inLanguage":"en-US","@id":"https:\/\/www.mexicanguitarplayers.com\/#\/schema\/logo\/image\/","url":"","contentUrl":"","caption":"Mexican Guitar Players"},"image":{"@id":"https:\/\/www.mexicanguitarplayers.com\/#\/schema\/logo\/image\/"}}]}},"brands":[{"id":252,"name":"PROEL","slug":"proel"}],"_links":{"self":[{"href":"https:\/\/www.mexicanguitarplayers.com\/en\/wp-json\/wp\/v2\/product\/8427","targetHints":{"allow":["GET"]}}],"collection":[{"href":"https:\/\/www.mexicanguitarplayers.com\/en\/wp-json\/wp\/v2\/product"}],"about":[{"href":"https:\/\/www.mexicanguitarplayers.com\/en\/wp-json\/wp\/v2\/types\/product"}],"replies":[{"embeddable":true,"href":"https:\/\/www.mexicanguitarplayers.com\/en\/wp-json\/wp\/v2\/comments?post=8427"}],"wp:featuredmedia":[{"embeddable":true,"href":"https:\/\/www.mexicanguitarplayers.com\/en\/wp-json\/wp\/v2\/media\/21984"}],"wp:attachment":[{"href":"https:\/\/www.mexicanguitarplayers.com\/en\/wp-json\/wp\/v2\/media?parent=8427"}],"wp:term":[{"taxonomy":"pwb-brand","embeddable":true,"href":"https:\/\/www.mexicanguitarplayers.com\/en\/wp-json\/wp\/v2\/pwb-brand?post=8427"},{"taxonomy":"product_brand","embeddable":true,"href":"https:\/\/www.mexicanguitarplayers.com\/en\/wp-json\/wp\/v2\/product_brand?post=8427"},{"taxonomy":"product_cat","embeddable":true,"href":"https:\/\/www.mexicanguitarplayers.com\/en\/wp-json\/wp\/v2\/product_cat?post=8427"},{"taxonomy":"product_tag","embeddable":true,"href":"https:\/\/www.mexicanguitarplayers.com\/en\/wp-json\/wp\/v2\/product_tag?post=8427"}],"curies":[{"name":"wp","href":"https:\/\/api.w.org\/{rel}","templated":true}]}}