{"id":8448,"date":"2022-08-18T00:58:48","date_gmt":"2022-08-18T05:58:48","guid":{"rendered":"https:\/\/www.mexicanguitarplayers.com\/tienda\/sin%20categor\u00eda\/microfono-proel-vocal-mod-rm8\/"},"modified":"2026-04-10T05:26:36","modified_gmt":"2026-04-10T11:26:36","slug":"microfono-proel-vocal-mod-rm8","status":"publish","type":"product","link":"https:\/\/www.mexicanguitarplayers.com\/en\/tienda\/audio\/microfonia\/microfonos-alambricos\/para-estudio\/microfono-proel-vocal-mod-rm8\/","title":{"rendered":"PROEL VOCAL MICROPHONE MOD. RM8"},"content":{"rendered":"<div style=\"text-align: justify\">\n<div>\n<h3>PROEL VOCAL MICROPHONE MOD. RM8<\/h3>\n<\/div>\n<div>Bi-directional ribbon microphone, figure-8 polar pattern, 0.02mm double-sided pure aluminum foil, vivid and natural sound, frequency response: 20Hz \u2013 20kHz, sensitivity: -34dB \u00b12dB (0dB=1vPa @ 1 kHz), wide low-frequency range to capture fast transients in vocals, acoustic instruments, and concert hall shows, Max SPL: 130 dB, Signal-to-Noise Ratio: 79 dB, Impedance: 200 ohms + 30% (at 1 kHz) , recommended load impedance: 1000 ohms, self noise: 15 dB A, filter: high-pass 100 Hz 12 dB\/Oct, pad: 0 \/ \u2013 10 dB, power requirements: phantom power: 48 Volt DC, connector: 3 Pin XLR male, WIMA capacitors, works well with audio interfaces in home studios, aluminum case with latches for storage, weight: 512 g, dimensions: 50.5 (diameter) x 152 mm, power consumption: 3 mA, accessories: shockmount .<\/div>\n<\/div>","protected":false},"excerpt":{"rendered":"<p>Micr\u00f3fono ribbon bidireccional, patr\u00f3n polar figura en 8, papel aluminio puro de doble cara de 0.02 mm, sonido v\u00edvido y natural, respuesta de frecuencia: 20 Hz &#8211; 20 kHz, sensibilidad: -34 dB \u00b12 dB (0 dB=1vPa @ 1 kHz), amplio rango de frecuencia grave para capturar transitorios r\u00e1pidos en las voces, instrumentos ac\u00fasticos y shows en salas de conciertos, SPL m\u00e1ximo: 130 dB, relaci\u00f3n se\u00f1al a ruido: 79 dB, impedancia: 200 ohms + 30% (a 1 kHz), impedancia de carga recomendada: 1000 ohms, ruido propio: 15 dB A, filtro: high-pass 100 Hz 12 dB\/Oct, pad: 0 \/ &#8211; 10 dB, requerimientos de energ\u00eda: alimentaci\u00f3n phantom: 48 Volt DC, conector: 3 Pin XLR macho, capacitores WIMA, funciona bien con interfaces de audio en estudios caseros, funda de aluminio con seguros para almacenamiento, peso: 512 g, dimensiones: 50.5 (di\u00e1metro) x 152 mm, consumo de energ\u00eda: 3 mA, accesorios: shockmount.&hellip; <a class=\"kt-excerpt-readmore more-link\" href=\"https:\/\/www.mexicanguitarplayers.com\/en\/tienda\/audio\/microfonia\/microfonos-alambricos\/para-estudio\/microfono-proel-vocal-mod-rm8\/\">Read more<\/a><\/p>","protected":false},"featured_media":21997,"comment_status":"open","ping_status":"closed","template":"","meta":{"kt_blocks_editor_width":""},"pwb-brand":[252],"product_brand":[],"product_cat":[213,214,215,227],"product_tag":[],"class_list":{"0":"post-8448","1":"product","2":"type-product","3":"status-publish","4":"has-post-thumbnail","6":"pwb-brand-proel","7":"product_cat-audio","8":"product_cat-microfonia","9":"product_cat-microfonos-alambricos","10":"product_cat-para-estudio","11":"product_shipping_class-0-5-kg","13":"first","14":"outofstock","15":"taxable","16":"shipping-taxable","17":"purchasable","18":"product-type-simple"},"yoast_head":"<!-- This site is optimized with the Yoast SEO plugin v27.5 - https:\/\/yoast.com\/product\/yoast-seo-wordpress\/ -->\n<title>MICROFONO PROEL VOCAL MOD. RM8 - Mexican Guitar Players<\/title>\n<meta name=\"description\" content=\"MICROFONO PROEL VOCAL MOD. RM8. Micr\u00f3fono ribbon bidireccional, patr\u00f3n polar figura en 8, papel aluminio puro de doble cara de 0.02 mm, sonido v\u00edvido y natural, respuesta de frecuencia: 20 Hz - 20 kHz, sensibilidad: -34 dB \u00b12 dB (0 dB=1vPa @ 1 kHz), amplio rango de frecuencia grave para capturar transitorios r\u00e1pidos en las voces, instrumentos ac\u00fasticos y shows en salas de conciertos, SPL m\u00e1ximo: 130 dB, relaci\u00f3n se\u00f1al a ruido: 79 dB, impedancia: 200 ohms + 30% (a 1 kHz), impedancia de carga recomendada: 1000 ohms, ruido propio: 15 dB A, filtro: high-pass 100 Hz 12 dB\/Oct, pad: 0 \/ - 10 dB, requerimientos de energ\u00eda: alimentaci\u00f3n phantom: 48 Volt DC, conector: 3 Pin XLR macho, capacitores WIMA, funciona bien con interfaces de audio en estudios caseros, funda de aluminio con seguros para almacenamiento, peso: 512 g, dimensiones: 50.5 (di\u00e1metro) x 152 mm, consumo de energ\u00eda: 3 mA, accesorios: shockmount.\" \/>\n<meta name=\"robots\" content=\"index, follow, max-snippet:-1, max-image-preview:large, max-video-preview:-1\" \/>\n<link rel=\"canonical\" href=\"https:\/\/www.mexicanguitarplayers.com\/en\/tienda\/audio\/microfonia\/microfonos-alambricos\/para-estudio\/microfono-proel-vocal-mod-rm8\/\" \/>\n<meta property=\"og:locale\" content=\"en_US\" \/>\n<meta property=\"og:type\" content=\"article\" \/>\n<meta property=\"og:title\" content=\"MICROFONO PROEL VOCAL MOD. RM8 - Mexican Guitar Players\" \/>\n<meta property=\"og:description\" content=\"MICROFONO PROEL VOCAL MOD. RM8. Micr\u00f3fono ribbon bidireccional, patr\u00f3n polar figura en 8, papel aluminio puro de doble cara de 0.02 mm, sonido v\u00edvido y natural, respuesta de frecuencia: 20 Hz - 20 kHz, sensibilidad: -34 dB \u00b12 dB (0 dB=1vPa @ 1 kHz), amplio rango de frecuencia grave para capturar transitorios r\u00e1pidos en las voces, instrumentos ac\u00fasticos y shows en salas de conciertos, SPL m\u00e1ximo: 130 dB, relaci\u00f3n se\u00f1al a ruido: 79 dB, impedancia: 200 ohms + 30% (a 1 kHz), impedancia de carga recomendada: 1000 ohms, ruido propio: 15 dB A, filtro: high-pass 100 Hz 12 dB\/Oct, pad: 0 \/ - 10 dB, requerimientos de energ\u00eda: alimentaci\u00f3n phantom: 48 Volt DC, conector: 3 Pin XLR macho, capacitores WIMA, funciona bien con interfaces de audio en estudios caseros, funda de aluminio con seguros para almacenamiento, peso: 512 g, dimensiones: 50.5 (di\u00e1metro) x 152 mm, consumo de energ\u00eda: 3 mA, accesorios: shockmount.\" \/>\n<meta property=\"og:url\" content=\"https:\/\/www.mexicanguitarplayers.com\/en\/tienda\/audio\/microfonia\/microfonos-alambricos\/para-estudio\/microfono-proel-vocal-mod-rm8\/\" \/>\n<meta property=\"og:site_name\" content=\"Mexican Guitar Players\" \/>\n<meta property=\"article:modified_time\" content=\"2026-04-10T11:26:36+00:00\" \/>\n<meta property=\"og:image\" content=\"https:\/\/www.mexicanguitarplayers.com\/wp-content\/uploads\/2022\/08\/IAPRERM8-1.jpg\" \/>\n\t<meta property=\"og:image:width\" content=\"800\" \/>\n\t<meta property=\"og:image:height\" content=\"1600\" \/>\n\t<meta property=\"og:image:type\" content=\"image\/jpeg\" \/>\n<meta name=\"twitter:card\" content=\"summary_large_image\" \/>\n<meta name=\"twitter:label1\" content=\"Est. reading time\" \/>\n\t<meta name=\"twitter:data1\" content=\"1 minute\" \/>\n<script type=\"application\/ld+json\" class=\"yoast-schema-graph\">{\"@context\":\"https:\\\/\\\/schema.org\",\"@graph\":[{\"@type\":[\"WebPage\",\"ItemPage\"],\"@id\":\"https:\\\/\\\/www.mexicanguitarplayers.com\\\/tienda\\\/audio\\\/microfonia\\\/microfonos-alambricos\\\/para-estudio\\\/microfono-proel-vocal-mod-rm8\\\/\",\"url\":\"https:\\\/\\\/www.mexicanguitarplayers.com\\\/tienda\\\/audio\\\/microfonia\\\/microfonos-alambricos\\\/para-estudio\\\/microfono-proel-vocal-mod-rm8\\\/\",\"name\":\"MICROFONO PROEL VOCAL MOD. RM8 - Mexican Guitar Players\",\"isPartOf\":{\"@id\":\"https:\\\/\\\/www.mexicanguitarplayers.com\\\/#website\"},\"primaryImageOfPage\":{\"@id\":\"https:\\\/\\\/www.mexicanguitarplayers.com\\\/tienda\\\/audio\\\/microfonia\\\/microfonos-alambricos\\\/para-estudio\\\/microfono-proel-vocal-mod-rm8\\\/#primaryimage\"},\"image\":{\"@id\":\"https:\\\/\\\/www.mexicanguitarplayers.com\\\/tienda\\\/audio\\\/microfonia\\\/microfonos-alambricos\\\/para-estudio\\\/microfono-proel-vocal-mod-rm8\\\/#primaryimage\"},\"thumbnailUrl\":\"https:\\\/\\\/www.mexicanguitarplayers.com\\\/wp-content\\\/uploads\\\/2022\\\/08\\\/IAPRERM8-1.jpg\",\"datePublished\":\"2022-08-18T05:58:48+00:00\",\"dateModified\":\"2026-04-10T11:26:36+00:00\",\"description\":\"MICROFONO PROEL VOCAL MOD. RM8. Micr\u00f3fono ribbon bidireccional, patr\u00f3n polar figura en 8, papel aluminio puro de doble cara de 0.02 mm, sonido v\u00edvido y natural, respuesta de frecuencia: 20 Hz - 20 kHz, sensibilidad: -34 dB \u00b12 dB (0 dB=1vPa @ 1 kHz), amplio rango de frecuencia grave para capturar transitorios r\u00e1pidos en las voces, instrumentos ac\u00fasticos y shows en salas de conciertos, SPL m\u00e1ximo: 130 dB, relaci\u00f3n se\u00f1al a ruido: 79 dB, impedancia: 200 ohms + 30% (a 1 kHz), impedancia de carga recomendada: 1000 ohms, ruido propio: 15 dB A, filtro: high-pass 100 Hz 12 dB\\\/Oct, pad: 0 \\\/ - 10 dB, requerimientos de energ\u00eda: alimentaci\u00f3n phantom: 48 Volt DC, conector: 3 Pin XLR macho, capacitores WIMA, funciona bien con interfaces de audio en estudios caseros, funda de aluminio con seguros para almacenamiento, peso: 512 g, dimensiones: 50.5 (di\u00e1metro) x 152 mm, consumo de energ\u00eda: 3 mA, accesorios: shockmount.\",\"breadcrumb\":{\"@id\":\"https:\\\/\\\/www.mexicanguitarplayers.com\\\/tienda\\\/audio\\\/microfonia\\\/microfonos-alambricos\\\/para-estudio\\\/microfono-proel-vocal-mod-rm8\\\/#breadcrumb\"},\"inLanguage\":\"en-US\",\"potentialAction\":[{\"@type\":\"ReadAction\",\"target\":[\"https:\\\/\\\/www.mexicanguitarplayers.com\\\/tienda\\\/audio\\\/microfonia\\\/microfonos-alambricos\\\/para-estudio\\\/microfono-proel-vocal-mod-rm8\\\/\"]}]},{\"@type\":\"ImageObject\",\"inLanguage\":\"en-US\",\"@id\":\"https:\\\/\\\/www.mexicanguitarplayers.com\\\/tienda\\\/audio\\\/microfonia\\\/microfonos-alambricos\\\/para-estudio\\\/microfono-proel-vocal-mod-rm8\\\/#primaryimage\",\"url\":\"https:\\\/\\\/www.mexicanguitarplayers.com\\\/wp-content\\\/uploads\\\/2022\\\/08\\\/IAPRERM8-1.jpg\",\"contentUrl\":\"https:\\\/\\\/www.mexicanguitarplayers.com\\\/wp-content\\\/uploads\\\/2022\\\/08\\\/IAPRERM8-1.jpg\",\"width\":800,\"height\":1600},{\"@type\":\"BreadcrumbList\",\"@id\":\"https:\\\/\\\/www.mexicanguitarplayers.com\\\/tienda\\\/audio\\\/microfonia\\\/microfonos-alambricos\\\/para-estudio\\\/microfono-proel-vocal-mod-rm8\\\/#breadcrumb\",\"itemListElement\":[{\"@type\":\"ListItem\",\"position\":1,\"name\":\"Portada\",\"item\":\"https:\\\/\\\/www.mexicanguitarplayers.com\\\/\"},{\"@type\":\"ListItem\",\"position\":2,\"name\":\"Tienda\",\"item\":\"https:\\\/\\\/www.mexicanguitarplayers.com\\\/tienda\\\/\"},{\"@type\":\"ListItem\",\"position\":3,\"name\":\"MICROFONO PROEL VOCAL MOD. RM8\"}]},{\"@type\":\"WebSite\",\"@id\":\"https:\\\/\\\/www.mexicanguitarplayers.com\\\/#website\",\"url\":\"https:\\\/\\\/www.mexicanguitarplayers.com\\\/\",\"name\":\"Mexican Guitar Players\",\"description\":\"Website\",\"publisher\":{\"@id\":\"https:\\\/\\\/www.mexicanguitarplayers.com\\\/#organization\"},\"potentialAction\":[{\"@type\":\"SearchAction\",\"target\":{\"@type\":\"EntryPoint\",\"urlTemplate\":\"https:\\\/\\\/www.mexicanguitarplayers.com\\\/?s={search_term_string}\"},\"query-input\":{\"@type\":\"PropertyValueSpecification\",\"valueRequired\":true,\"valueName\":\"search_term_string\"}}],\"inLanguage\":\"en-US\"},{\"@type\":\"Organization\",\"@id\":\"https:\\\/\\\/www.mexicanguitarplayers.com\\\/#organization\",\"name\":\"Mexican Guitar Players\",\"url\":\"https:\\\/\\\/www.mexicanguitarplayers.com\\\/\",\"logo\":{\"@type\":\"ImageObject\",\"inLanguage\":\"en-US\",\"@id\":\"https:\\\/\\\/www.mexicanguitarplayers.com\\\/#\\\/schema\\\/logo\\\/image\\\/\",\"url\":\"\",\"contentUrl\":\"\",\"caption\":\"Mexican Guitar Players\"},\"image\":{\"@id\":\"https:\\\/\\\/www.mexicanguitarplayers.com\\\/#\\\/schema\\\/logo\\\/image\\\/\"}}]}<\/script>\n<!-- \/ Yoast SEO plugin. -->","yoast_head_json":{"title":"MICROFONO PROEL VOCAL MOD. RM8 - Mexican Guitar Players","description":"MICROFONO PROEL VOCAL MOD. RM8. Micr\u00f3fono ribbon bidireccional, patr\u00f3n polar figura en 8, papel aluminio puro de doble cara de 0.02 mm, sonido v\u00edvido y natural, respuesta de frecuencia: 20 Hz - 20 kHz, sensibilidad: -34 dB \u00b12 dB (0 dB=1vPa @ 1 kHz), amplio rango de frecuencia grave para capturar transitorios r\u00e1pidos en las voces, instrumentos ac\u00fasticos y shows en salas de conciertos, SPL m\u00e1ximo: 130 dB, relaci\u00f3n se\u00f1al a ruido: 79 dB, impedancia: 200 ohms + 30% (a 1 kHz), impedancia de carga recomendada: 1000 ohms, ruido propio: 15 dB A, filtro: high-pass 100 Hz 12 dB\/Oct, pad: 0 \/ - 10 dB, requerimientos de energ\u00eda: alimentaci\u00f3n phantom: 48 Volt DC, conector: 3 Pin XLR macho, capacitores WIMA, funciona bien con interfaces de audio en estudios caseros, funda de aluminio con seguros para almacenamiento, peso: 512 g, dimensiones: 50.5 (di\u00e1metro) x 152 mm, consumo de energ\u00eda: 3 mA, accesorios: shockmount.","robots":{"index":"index","follow":"follow","max-snippet":"max-snippet:-1","max-image-preview":"max-image-preview:large","max-video-preview":"max-video-preview:-1"},"canonical":"https:\/\/www.mexicanguitarplayers.com\/en\/tienda\/audio\/microfonia\/microfonos-alambricos\/para-estudio\/microfono-proel-vocal-mod-rm8\/","og_locale":"en_US","og_type":"article","og_title":"MICROFONO PROEL VOCAL MOD. RM8 - Mexican Guitar Players","og_description":"MICROFONO PROEL VOCAL MOD. RM8. Micr\u00f3fono ribbon bidireccional, patr\u00f3n polar figura en 8, papel aluminio puro de doble cara de 0.02 mm, sonido v\u00edvido y natural, respuesta de frecuencia: 20 Hz - 20 kHz, sensibilidad: -34 dB \u00b12 dB (0 dB=1vPa @ 1 kHz), amplio rango de frecuencia grave para capturar transitorios r\u00e1pidos en las voces, instrumentos ac\u00fasticos y shows en salas de conciertos, SPL m\u00e1ximo: 130 dB, relaci\u00f3n se\u00f1al a ruido: 79 dB, impedancia: 200 ohms + 30% (a 1 kHz), impedancia de carga recomendada: 1000 ohms, ruido propio: 15 dB A, filtro: high-pass 100 Hz 12 dB\/Oct, pad: 0 \/ - 10 dB, requerimientos de energ\u00eda: alimentaci\u00f3n phantom: 48 Volt DC, conector: 3 Pin XLR macho, capacitores WIMA, funciona bien con interfaces de audio en estudios caseros, funda de aluminio con seguros para almacenamiento, peso: 512 g, dimensiones: 50.5 (di\u00e1metro) x 152 mm, consumo de energ\u00eda: 3 mA, accesorios: shockmount.","og_url":"https:\/\/www.mexicanguitarplayers.com\/en\/tienda\/audio\/microfonia\/microfonos-alambricos\/para-estudio\/microfono-proel-vocal-mod-rm8\/","og_site_name":"Mexican Guitar Players","article_modified_time":"2026-04-10T11:26:36+00:00","og_image":[{"width":800,"height":1600,"url":"https:\/\/www.mexicanguitarplayers.com\/wp-content\/uploads\/2022\/08\/IAPRERM8-1.jpg","type":"image\/jpeg"}],"twitter_card":"summary_large_image","twitter_misc":{"Est. reading time":"1 minute"},"schema":{"@context":"https:\/\/schema.org","@graph":[{"@type":["WebPage","ItemPage"],"@id":"https:\/\/www.mexicanguitarplayers.com\/tienda\/audio\/microfonia\/microfonos-alambricos\/para-estudio\/microfono-proel-vocal-mod-rm8\/","url":"https:\/\/www.mexicanguitarplayers.com\/tienda\/audio\/microfonia\/microfonos-alambricos\/para-estudio\/microfono-proel-vocal-mod-rm8\/","name":"MICROFONO PROEL VOCAL MOD. RM8 - Mexican Guitar Players","isPartOf":{"@id":"https:\/\/www.mexicanguitarplayers.com\/#website"},"primaryImageOfPage":{"@id":"https:\/\/www.mexicanguitarplayers.com\/tienda\/audio\/microfonia\/microfonos-alambricos\/para-estudio\/microfono-proel-vocal-mod-rm8\/#primaryimage"},"image":{"@id":"https:\/\/www.mexicanguitarplayers.com\/tienda\/audio\/microfonia\/microfonos-alambricos\/para-estudio\/microfono-proel-vocal-mod-rm8\/#primaryimage"},"thumbnailUrl":"https:\/\/www.mexicanguitarplayers.com\/wp-content\/uploads\/2022\/08\/IAPRERM8-1.jpg","datePublished":"2022-08-18T05:58:48+00:00","dateModified":"2026-04-10T11:26:36+00:00","description":"MICROFONO PROEL VOCAL MOD. RM8. Micr\u00f3fono ribbon bidireccional, patr\u00f3n polar figura en 8, papel aluminio puro de doble cara de 0.02 mm, sonido v\u00edvido y natural, respuesta de frecuencia: 20 Hz - 20 kHz, sensibilidad: -34 dB \u00b12 dB (0 dB=1vPa @ 1 kHz), amplio rango de frecuencia grave para capturar transitorios r\u00e1pidos en las voces, instrumentos ac\u00fasticos y shows en salas de conciertos, SPL m\u00e1ximo: 130 dB, relaci\u00f3n se\u00f1al a ruido: 79 dB, impedancia: 200 ohms + 30% (a 1 kHz), impedancia de carga recomendada: 1000 ohms, ruido propio: 15 dB A, filtro: high-pass 100 Hz 12 dB\/Oct, pad: 0 \/ - 10 dB, requerimientos de energ\u00eda: alimentaci\u00f3n phantom: 48 Volt DC, conector: 3 Pin XLR macho, capacitores WIMA, funciona bien con interfaces de audio en estudios caseros, funda de aluminio con seguros para almacenamiento, peso: 512 g, dimensiones: 50.5 (di\u00e1metro) x 152 mm, consumo de energ\u00eda: 3 mA, accesorios: shockmount.","breadcrumb":{"@id":"https:\/\/www.mexicanguitarplayers.com\/tienda\/audio\/microfonia\/microfonos-alambricos\/para-estudio\/microfono-proel-vocal-mod-rm8\/#breadcrumb"},"inLanguage":"en-US","potentialAction":[{"@type":"ReadAction","target":["https:\/\/www.mexicanguitarplayers.com\/tienda\/audio\/microfonia\/microfonos-alambricos\/para-estudio\/microfono-proel-vocal-mod-rm8\/"]}]},{"@type":"ImageObject","inLanguage":"en-US","@id":"https:\/\/www.mexicanguitarplayers.com\/tienda\/audio\/microfonia\/microfonos-alambricos\/para-estudio\/microfono-proel-vocal-mod-rm8\/#primaryimage","url":"https:\/\/www.mexicanguitarplayers.com\/wp-content\/uploads\/2022\/08\/IAPRERM8-1.jpg","contentUrl":"https:\/\/www.mexicanguitarplayers.com\/wp-content\/uploads\/2022\/08\/IAPRERM8-1.jpg","width":800,"height":1600},{"@type":"BreadcrumbList","@id":"https:\/\/www.mexicanguitarplayers.com\/tienda\/audio\/microfonia\/microfonos-alambricos\/para-estudio\/microfono-proel-vocal-mod-rm8\/#breadcrumb","itemListElement":[{"@type":"ListItem","position":1,"name":"Portada","item":"https:\/\/www.mexicanguitarplayers.com\/"},{"@type":"ListItem","position":2,"name":"Tienda","item":"https:\/\/www.mexicanguitarplayers.com\/tienda\/"},{"@type":"ListItem","position":3,"name":"MICROFONO PROEL VOCAL MOD. RM8"}]},{"@type":"WebSite","@id":"https:\/\/www.mexicanguitarplayers.com\/#website","url":"https:\/\/www.mexicanguitarplayers.com\/","name":"Mexican Guitar Players","description":"Website","publisher":{"@id":"https:\/\/www.mexicanguitarplayers.com\/#organization"},"potentialAction":[{"@type":"SearchAction","target":{"@type":"EntryPoint","urlTemplate":"https:\/\/www.mexicanguitarplayers.com\/?s={search_term_string}"},"query-input":{"@type":"PropertyValueSpecification","valueRequired":true,"valueName":"search_term_string"}}],"inLanguage":"en-US"},{"@type":"Organization","@id":"https:\/\/www.mexicanguitarplayers.com\/#organization","name":"Mexican Guitar Players","url":"https:\/\/www.mexicanguitarplayers.com\/","logo":{"@type":"ImageObject","inLanguage":"en-US","@id":"https:\/\/www.mexicanguitarplayers.com\/#\/schema\/logo\/image\/","url":"","contentUrl":"","caption":"Mexican Guitar Players"},"image":{"@id":"https:\/\/www.mexicanguitarplayers.com\/#\/schema\/logo\/image\/"}}]}},"brands":[{"id":252,"name":"PROEL","slug":"proel"}],"_links":{"self":[{"href":"https:\/\/www.mexicanguitarplayers.com\/en\/wp-json\/wp\/v2\/product\/8448","targetHints":{"allow":["GET"]}}],"collection":[{"href":"https:\/\/www.mexicanguitarplayers.com\/en\/wp-json\/wp\/v2\/product"}],"about":[{"href":"https:\/\/www.mexicanguitarplayers.com\/en\/wp-json\/wp\/v2\/types\/product"}],"replies":[{"embeddable":true,"href":"https:\/\/www.mexicanguitarplayers.com\/en\/wp-json\/wp\/v2\/comments?post=8448"}],"wp:featuredmedia":[{"embeddable":true,"href":"https:\/\/www.mexicanguitarplayers.com\/en\/wp-json\/wp\/v2\/media\/21997"}],"wp:attachment":[{"href":"https:\/\/www.mexicanguitarplayers.com\/en\/wp-json\/wp\/v2\/media?parent=8448"}],"wp:term":[{"taxonomy":"pwb-brand","embeddable":true,"href":"https:\/\/www.mexicanguitarplayers.com\/en\/wp-json\/wp\/v2\/pwb-brand?post=8448"},{"taxonomy":"product_brand","embeddable":true,"href":"https:\/\/www.mexicanguitarplayers.com\/en\/wp-json\/wp\/v2\/product_brand?post=8448"},{"taxonomy":"product_cat","embeddable":true,"href":"https:\/\/www.mexicanguitarplayers.com\/en\/wp-json\/wp\/v2\/product_cat?post=8448"},{"taxonomy":"product_tag","embeddable":true,"href":"https:\/\/www.mexicanguitarplayers.com\/en\/wp-json\/wp\/v2\/product_tag?post=8448"}],"curies":[{"name":"wp","href":"https:\/\/api.w.org\/{rel}","templated":true}]}}