{"id":8513,"date":"2022-08-18T01:01:08","date_gmt":"2022-08-18T06:01:08","guid":{"rendered":"https:\/\/www.mexicanguitarplayers.com\/tienda\/sin%20categor\u00eda\/combo-blackstar-p-guit-10-6l6-surf-green\/"},"modified":"2023-06-05T17:12:03","modified_gmt":"2023-06-05T22:12:03","slug":"combo-blackstar-p-guit-10-6l6-surf-green","status":"publish","type":"product","link":"https:\/\/www.mexicanguitarplayers.com\/en\/tienda\/cuerdas\/combos\/combos-para-guitarra\/combo-blackstar-p-guit-10-6l6-surf-green\/","title":{"rendered":"COMBO BLACKSTAR P\/GUIT 10 6L6 SURF GREEN"},"content":{"rendered":"<div style=\"text-align: justify\">\n<div>\n<h3>COMBO BLACKSTAR P\/GUIT 10 6L6 SURF GREEN<\/h3>\n<\/div>\n<div>Guitar combo, 12\u201d speaker, 10W power, one 6L6 tube and one ECC83 tube, gain, tone, reverb and master volume controls, StandBy and On\/Off switch, power LED indicator, main input, outputs speaker at 1\u00d716 ohms, 1\u00d78 ohms and 2\u00d716 ohms, emulated speaker output and headphone output, effects loop (return, send and level switch +4 and -10 dBV), input for footswitch, dimensions: 473 x 421 x 251 mm, weight: 14.7 kg, includes FS-4S footswitch, an FS-8 footswitch (not included) can be used to control drive and reverb.<\/div>\n<\/div>","protected":false},"excerpt":{"rendered":"<p>Combo para guitarra, altavoz de 12\u201d pulgadas, potencia de 10W, un bulbo 6L6 y un bulbo ECC83, controles de ganancia, tono, reverb y volumen master, switch de StandBy y On\/Off, indicador LED de encendido, entrada main, salidas de altavoz a 1&#215;16 ohms, 1&#215;8 ohms y 2&#215;16 ohms, salida emulada de altavoz y salida de aud\u00edfonos, loop de efectos (return, send y switch de nivel +4 y -10 dBV), entrada para footswitch, dimensiones: 473 x 421 x 251 mm, peso: 14.7 kg, incluye pedal FS-4S, se puede usar un pedal FS-8 (no incluido) para controlar drive y reverb.&hellip; <a class=\"kt-excerpt-readmore more-link\" href=\"https:\/\/www.mexicanguitarplayers.com\/en\/tienda\/cuerdas\/combos\/combos-para-guitarra\/combo-blackstar-p-guit-10-6l6-surf-green\/\">Read more<\/a><\/p>","protected":false},"featured_media":22042,"comment_status":"open","ping_status":"closed","template":"","meta":{"kt_blocks_editor_width":""},"pwb-brand":[172],"product_brand":[],"product_cat":[236,237,224],"product_tag":[],"class_list":{"0":"post-8513","1":"product","2":"type-product","3":"status-publish","4":"has-post-thumbnail","6":"pwb-brand-blackstar","7":"product_cat-combos","8":"product_cat-combos-para-guitarra","9":"product_cat-cuerdas","10":"product_shipping_class-15-20-kg","12":"first","13":"outofstock","14":"taxable","15":"shipping-taxable","16":"purchasable","17":"product-type-simple"},"yoast_head":"<!-- This site is optimized with the Yoast SEO plugin v27.6 - https:\/\/yoast.com\/product\/yoast-seo-wordpress\/ -->\n<title>COMBO BLACKSTAR P\/GUIT 10 6L6 SURF GREEN - Mexican Guitar Players<\/title>\n<meta name=\"description\" content=\"COMBO BLACKSTAR P\/GUIT 10 6L6 SURF GREEN. Combo para guitarra, altavoz de 12\u201d pulgadas, potencia de 10W, un bulbo 6L6 y un bulbo ECC83, controles de ganancia, tono, reverb y volumen master, switch de StandBy y On\/Off, indicador LED de encendido, entrada main, salidas de altavoz a 1x16 ohms, 1x8 ohms y 2x16 ohms, salida emulada de altavoz y salida de aud\u00edfonos, loop de efectos (return, send y switch de nivel +4 y -10 dBV), entrada para footswitch, dimensiones: 473 x 421 x 251 mm, peso: 14.7 kg, incluye pedal FS-4S, se puede usar un pedal FS-8 (no incluido) para controlar drive y reverb.\" \/>\n<meta name=\"robots\" content=\"index, follow, max-snippet:-1, max-image-preview:large, max-video-preview:-1\" \/>\n<link rel=\"canonical\" href=\"https:\/\/www.mexicanguitarplayers.com\/en\/tienda\/cuerdas\/combos\/combos-para-guitarra\/combo-blackstar-p-guit-10-6l6-surf-green\/\" \/>\n<meta property=\"og:locale\" content=\"en_US\" \/>\n<meta property=\"og:type\" content=\"article\" \/>\n<meta property=\"og:title\" content=\"COMBO BLACKSTAR P\/GUIT 10 6L6 SURF GREEN - Mexican Guitar Players\" \/>\n<meta property=\"og:description\" content=\"COMBO BLACKSTAR P\/GUIT 10 6L6 SURF GREEN. Combo para guitarra, altavoz de 12\u201d pulgadas, potencia de 10W, un bulbo 6L6 y un bulbo ECC83, controles de ganancia, tono, reverb y volumen master, switch de StandBy y On\/Off, indicador LED de encendido, entrada main, salidas de altavoz a 1x16 ohms, 1x8 ohms y 2x16 ohms, salida emulada de altavoz y salida de aud\u00edfonos, loop de efectos (return, send y switch de nivel +4 y -10 dBV), entrada para footswitch, dimensiones: 473 x 421 x 251 mm, peso: 14.7 kg, incluye pedal FS-4S, se puede usar un pedal FS-8 (no incluido) para controlar drive y reverb.\" \/>\n<meta property=\"og:url\" content=\"https:\/\/www.mexicanguitarplayers.com\/en\/tienda\/cuerdas\/combos\/combos-para-guitarra\/combo-blackstar-p-guit-10-6l6-surf-green\/\" \/>\n<meta property=\"og:site_name\" content=\"Mexican Guitar Players\" \/>\n<meta property=\"article:modified_time\" content=\"2023-06-05T22:12:03+00:00\" \/>\n<meta property=\"og:image\" content=\"https:\/\/www.mexicanguitarplayers.com\/wp-content\/uploads\/2022\/08\/ICBLS106L6SURF-1-1024x1024.png\" \/>\n\t<meta property=\"og:image:width\" content=\"1024\" \/>\n\t<meta property=\"og:image:height\" content=\"1024\" \/>\n\t<meta property=\"og:image:type\" content=\"image\/png\" \/>\n<meta name=\"twitter:card\" content=\"summary_large_image\" \/>\n<meta name=\"twitter:label1\" content=\"Est. reading time\" \/>\n\t<meta name=\"twitter:data1\" content=\"1 minute\" \/>\n<script type=\"application\/ld+json\" class=\"yoast-schema-graph\">{\"@context\":\"https:\\\/\\\/schema.org\",\"@graph\":[{\"@type\":[\"WebPage\",\"ItemPage\"],\"@id\":\"https:\\\/\\\/www.mexicanguitarplayers.com\\\/tienda\\\/cuerdas\\\/combos\\\/combos-para-guitarra\\\/combo-blackstar-p-guit-10-6l6-surf-green\\\/\",\"url\":\"https:\\\/\\\/www.mexicanguitarplayers.com\\\/tienda\\\/cuerdas\\\/combos\\\/combos-para-guitarra\\\/combo-blackstar-p-guit-10-6l6-surf-green\\\/\",\"name\":\"COMBO BLACKSTAR P\\\/GUIT 10 6L6 SURF GREEN - Mexican Guitar Players\",\"isPartOf\":{\"@id\":\"https:\\\/\\\/www.mexicanguitarplayers.com\\\/#website\"},\"primaryImageOfPage\":{\"@id\":\"https:\\\/\\\/www.mexicanguitarplayers.com\\\/tienda\\\/cuerdas\\\/combos\\\/combos-para-guitarra\\\/combo-blackstar-p-guit-10-6l6-surf-green\\\/#primaryimage\"},\"image\":{\"@id\":\"https:\\\/\\\/www.mexicanguitarplayers.com\\\/tienda\\\/cuerdas\\\/combos\\\/combos-para-guitarra\\\/combo-blackstar-p-guit-10-6l6-surf-green\\\/#primaryimage\"},\"thumbnailUrl\":\"https:\\\/\\\/www.mexicanguitarplayers.com\\\/wp-content\\\/uploads\\\/2022\\\/08\\\/ICBLS106L6SURF-1.png\",\"datePublished\":\"2022-08-18T06:01:08+00:00\",\"dateModified\":\"2023-06-05T22:12:03+00:00\",\"description\":\"COMBO BLACKSTAR P\\\/GUIT 10 6L6 SURF GREEN. Combo para guitarra, altavoz de 12\u201d pulgadas, potencia de 10W, un bulbo 6L6 y un bulbo ECC83, controles de ganancia, tono, reverb y volumen master, switch de StandBy y On\\\/Off, indicador LED de encendido, entrada main, salidas de altavoz a 1x16 ohms, 1x8 ohms y 2x16 ohms, salida emulada de altavoz y salida de aud\u00edfonos, loop de efectos (return, send y switch de nivel +4 y -10 dBV), entrada para footswitch, dimensiones: 473 x 421 x 251 mm, peso: 14.7 kg, incluye pedal FS-4S, se puede usar un pedal FS-8 (no incluido) para controlar drive y reverb.\",\"breadcrumb\":{\"@id\":\"https:\\\/\\\/www.mexicanguitarplayers.com\\\/tienda\\\/cuerdas\\\/combos\\\/combos-para-guitarra\\\/combo-blackstar-p-guit-10-6l6-surf-green\\\/#breadcrumb\"},\"inLanguage\":\"en-US\",\"potentialAction\":[{\"@type\":\"ReadAction\",\"target\":[\"https:\\\/\\\/www.mexicanguitarplayers.com\\\/tienda\\\/cuerdas\\\/combos\\\/combos-para-guitarra\\\/combo-blackstar-p-guit-10-6l6-surf-green\\\/\"]}]},{\"@type\":\"ImageObject\",\"inLanguage\":\"en-US\",\"@id\":\"https:\\\/\\\/www.mexicanguitarplayers.com\\\/tienda\\\/cuerdas\\\/combos\\\/combos-para-guitarra\\\/combo-blackstar-p-guit-10-6l6-surf-green\\\/#primaryimage\",\"url\":\"https:\\\/\\\/www.mexicanguitarplayers.com\\\/wp-content\\\/uploads\\\/2022\\\/08\\\/ICBLS106L6SURF-1.png\",\"contentUrl\":\"https:\\\/\\\/www.mexicanguitarplayers.com\\\/wp-content\\\/uploads\\\/2022\\\/08\\\/ICBLS106L6SURF-1.png\",\"width\":1200,\"height\":1200},{\"@type\":\"BreadcrumbList\",\"@id\":\"https:\\\/\\\/www.mexicanguitarplayers.com\\\/tienda\\\/cuerdas\\\/combos\\\/combos-para-guitarra\\\/combo-blackstar-p-guit-10-6l6-surf-green\\\/#breadcrumb\",\"itemListElement\":[{\"@type\":\"ListItem\",\"position\":1,\"name\":\"Portada\",\"item\":\"https:\\\/\\\/www.mexicanguitarplayers.com\\\/\"},{\"@type\":\"ListItem\",\"position\":2,\"name\":\"Tienda\",\"item\":\"https:\\\/\\\/www.mexicanguitarplayers.com\\\/tienda\\\/\"},{\"@type\":\"ListItem\",\"position\":3,\"name\":\"COMBO BLACKSTAR P\\\/GUIT 10 6L6 SURF GREEN\"}]},{\"@type\":\"WebSite\",\"@id\":\"https:\\\/\\\/www.mexicanguitarplayers.com\\\/#website\",\"url\":\"https:\\\/\\\/www.mexicanguitarplayers.com\\\/\",\"name\":\"Mexican Guitar Players\",\"description\":\"Website\",\"publisher\":{\"@id\":\"https:\\\/\\\/www.mexicanguitarplayers.com\\\/#organization\"},\"potentialAction\":[{\"@type\":\"SearchAction\",\"target\":{\"@type\":\"EntryPoint\",\"urlTemplate\":\"https:\\\/\\\/www.mexicanguitarplayers.com\\\/?s={search_term_string}\"},\"query-input\":{\"@type\":\"PropertyValueSpecification\",\"valueRequired\":true,\"valueName\":\"search_term_string\"}}],\"inLanguage\":\"en-US\"},{\"@type\":\"Organization\",\"@id\":\"https:\\\/\\\/www.mexicanguitarplayers.com\\\/#organization\",\"name\":\"Mexican Guitar Players\",\"url\":\"https:\\\/\\\/www.mexicanguitarplayers.com\\\/\",\"logo\":{\"@type\":\"ImageObject\",\"inLanguage\":\"en-US\",\"@id\":\"https:\\\/\\\/www.mexicanguitarplayers.com\\\/#\\\/schema\\\/logo\\\/image\\\/\",\"url\":\"\",\"contentUrl\":\"\",\"caption\":\"Mexican Guitar Players\"},\"image\":{\"@id\":\"https:\\\/\\\/www.mexicanguitarplayers.com\\\/#\\\/schema\\\/logo\\\/image\\\/\"}}]}<\/script>\n<!-- \/ Yoast SEO plugin. -->","yoast_head_json":{"title":"COMBO BLACKSTAR P\/GUIT 10 6L6 SURF GREEN - Mexican Guitar Players","description":"COMBO BLACKSTAR P\/GUIT 10 6L6 SURF GREEN. Combo para guitarra, altavoz de 12\u201d pulgadas, potencia de 10W, un bulbo 6L6 y un bulbo ECC83, controles de ganancia, tono, reverb y volumen master, switch de StandBy y On\/Off, indicador LED de encendido, entrada main, salidas de altavoz a 1x16 ohms, 1x8 ohms y 2x16 ohms, salida emulada de altavoz y salida de aud\u00edfonos, loop de efectos (return, send y switch de nivel +4 y -10 dBV), entrada para footswitch, dimensiones: 473 x 421 x 251 mm, peso: 14.7 kg, incluye pedal FS-4S, se puede usar un pedal FS-8 (no incluido) para controlar drive y reverb.","robots":{"index":"index","follow":"follow","max-snippet":"max-snippet:-1","max-image-preview":"max-image-preview:large","max-video-preview":"max-video-preview:-1"},"canonical":"https:\/\/www.mexicanguitarplayers.com\/en\/tienda\/cuerdas\/combos\/combos-para-guitarra\/combo-blackstar-p-guit-10-6l6-surf-green\/","og_locale":"en_US","og_type":"article","og_title":"COMBO BLACKSTAR P\/GUIT 10 6L6 SURF GREEN - Mexican Guitar Players","og_description":"COMBO BLACKSTAR P\/GUIT 10 6L6 SURF GREEN. Combo para guitarra, altavoz de 12\u201d pulgadas, potencia de 10W, un bulbo 6L6 y un bulbo ECC83, controles de ganancia, tono, reverb y volumen master, switch de StandBy y On\/Off, indicador LED de encendido, entrada main, salidas de altavoz a 1x16 ohms, 1x8 ohms y 2x16 ohms, salida emulada de altavoz y salida de aud\u00edfonos, loop de efectos (return, send y switch de nivel +4 y -10 dBV), entrada para footswitch, dimensiones: 473 x 421 x 251 mm, peso: 14.7 kg, incluye pedal FS-4S, se puede usar un pedal FS-8 (no incluido) para controlar drive y reverb.","og_url":"https:\/\/www.mexicanguitarplayers.com\/en\/tienda\/cuerdas\/combos\/combos-para-guitarra\/combo-blackstar-p-guit-10-6l6-surf-green\/","og_site_name":"Mexican Guitar Players","article_modified_time":"2023-06-05T22:12:03+00:00","og_image":[{"width":1024,"height":1024,"url":"https:\/\/www.mexicanguitarplayers.com\/wp-content\/uploads\/2022\/08\/ICBLS106L6SURF-1-1024x1024.png","type":"image\/png"}],"twitter_card":"summary_large_image","twitter_misc":{"Est. reading time":"1 minute"},"schema":{"@context":"https:\/\/schema.org","@graph":[{"@type":["WebPage","ItemPage"],"@id":"https:\/\/www.mexicanguitarplayers.com\/tienda\/cuerdas\/combos\/combos-para-guitarra\/combo-blackstar-p-guit-10-6l6-surf-green\/","url":"https:\/\/www.mexicanguitarplayers.com\/tienda\/cuerdas\/combos\/combos-para-guitarra\/combo-blackstar-p-guit-10-6l6-surf-green\/","name":"COMBO BLACKSTAR P\/GUIT 10 6L6 SURF GREEN - Mexican Guitar Players","isPartOf":{"@id":"https:\/\/www.mexicanguitarplayers.com\/#website"},"primaryImageOfPage":{"@id":"https:\/\/www.mexicanguitarplayers.com\/tienda\/cuerdas\/combos\/combos-para-guitarra\/combo-blackstar-p-guit-10-6l6-surf-green\/#primaryimage"},"image":{"@id":"https:\/\/www.mexicanguitarplayers.com\/tienda\/cuerdas\/combos\/combos-para-guitarra\/combo-blackstar-p-guit-10-6l6-surf-green\/#primaryimage"},"thumbnailUrl":"https:\/\/www.mexicanguitarplayers.com\/wp-content\/uploads\/2022\/08\/ICBLS106L6SURF-1.png","datePublished":"2022-08-18T06:01:08+00:00","dateModified":"2023-06-05T22:12:03+00:00","description":"COMBO BLACKSTAR P\/GUIT 10 6L6 SURF GREEN. Combo para guitarra, altavoz de 12\u201d pulgadas, potencia de 10W, un bulbo 6L6 y un bulbo ECC83, controles de ganancia, tono, reverb y volumen master, switch de StandBy y On\/Off, indicador LED de encendido, entrada main, salidas de altavoz a 1x16 ohms, 1x8 ohms y 2x16 ohms, salida emulada de altavoz y salida de aud\u00edfonos, loop de efectos (return, send y switch de nivel +4 y -10 dBV), entrada para footswitch, dimensiones: 473 x 421 x 251 mm, peso: 14.7 kg, incluye pedal FS-4S, se puede usar un pedal FS-8 (no incluido) para controlar drive y reverb.","breadcrumb":{"@id":"https:\/\/www.mexicanguitarplayers.com\/tienda\/cuerdas\/combos\/combos-para-guitarra\/combo-blackstar-p-guit-10-6l6-surf-green\/#breadcrumb"},"inLanguage":"en-US","potentialAction":[{"@type":"ReadAction","target":["https:\/\/www.mexicanguitarplayers.com\/tienda\/cuerdas\/combos\/combos-para-guitarra\/combo-blackstar-p-guit-10-6l6-surf-green\/"]}]},{"@type":"ImageObject","inLanguage":"en-US","@id":"https:\/\/www.mexicanguitarplayers.com\/tienda\/cuerdas\/combos\/combos-para-guitarra\/combo-blackstar-p-guit-10-6l6-surf-green\/#primaryimage","url":"https:\/\/www.mexicanguitarplayers.com\/wp-content\/uploads\/2022\/08\/ICBLS106L6SURF-1.png","contentUrl":"https:\/\/www.mexicanguitarplayers.com\/wp-content\/uploads\/2022\/08\/ICBLS106L6SURF-1.png","width":1200,"height":1200},{"@type":"BreadcrumbList","@id":"https:\/\/www.mexicanguitarplayers.com\/tienda\/cuerdas\/combos\/combos-para-guitarra\/combo-blackstar-p-guit-10-6l6-surf-green\/#breadcrumb","itemListElement":[{"@type":"ListItem","position":1,"name":"Portada","item":"https:\/\/www.mexicanguitarplayers.com\/"},{"@type":"ListItem","position":2,"name":"Tienda","item":"https:\/\/www.mexicanguitarplayers.com\/tienda\/"},{"@type":"ListItem","position":3,"name":"COMBO BLACKSTAR P\/GUIT 10 6L6 SURF GREEN"}]},{"@type":"WebSite","@id":"https:\/\/www.mexicanguitarplayers.com\/#website","url":"https:\/\/www.mexicanguitarplayers.com\/","name":"Mexican Guitar Players","description":"Website","publisher":{"@id":"https:\/\/www.mexicanguitarplayers.com\/#organization"},"potentialAction":[{"@type":"SearchAction","target":{"@type":"EntryPoint","urlTemplate":"https:\/\/www.mexicanguitarplayers.com\/?s={search_term_string}"},"query-input":{"@type":"PropertyValueSpecification","valueRequired":true,"valueName":"search_term_string"}}],"inLanguage":"en-US"},{"@type":"Organization","@id":"https:\/\/www.mexicanguitarplayers.com\/#organization","name":"Mexican Guitar Players","url":"https:\/\/www.mexicanguitarplayers.com\/","logo":{"@type":"ImageObject","inLanguage":"en-US","@id":"https:\/\/www.mexicanguitarplayers.com\/#\/schema\/logo\/image\/","url":"","contentUrl":"","caption":"Mexican Guitar Players"},"image":{"@id":"https:\/\/www.mexicanguitarplayers.com\/#\/schema\/logo\/image\/"}}]}},"brands":[{"id":172,"name":"BLACKSTAR","slug":"blackstar"}],"_links":{"self":[{"href":"https:\/\/www.mexicanguitarplayers.com\/en\/wp-json\/wp\/v2\/product\/8513","targetHints":{"allow":["GET"]}}],"collection":[{"href":"https:\/\/www.mexicanguitarplayers.com\/en\/wp-json\/wp\/v2\/product"}],"about":[{"href":"https:\/\/www.mexicanguitarplayers.com\/en\/wp-json\/wp\/v2\/types\/product"}],"replies":[{"embeddable":true,"href":"https:\/\/www.mexicanguitarplayers.com\/en\/wp-json\/wp\/v2\/comments?post=8513"}],"wp:featuredmedia":[{"embeddable":true,"href":"https:\/\/www.mexicanguitarplayers.com\/en\/wp-json\/wp\/v2\/media\/22042"}],"wp:attachment":[{"href":"https:\/\/www.mexicanguitarplayers.com\/en\/wp-json\/wp\/v2\/media?parent=8513"}],"wp:term":[{"taxonomy":"pwb-brand","embeddable":true,"href":"https:\/\/www.mexicanguitarplayers.com\/en\/wp-json\/wp\/v2\/pwb-brand?post=8513"},{"taxonomy":"product_brand","embeddable":true,"href":"https:\/\/www.mexicanguitarplayers.com\/en\/wp-json\/wp\/v2\/product_brand?post=8513"},{"taxonomy":"product_cat","embeddable":true,"href":"https:\/\/www.mexicanguitarplayers.com\/en\/wp-json\/wp\/v2\/product_cat?post=8513"},{"taxonomy":"product_tag","embeddable":true,"href":"https:\/\/www.mexicanguitarplayers.com\/en\/wp-json\/wp\/v2\/product_tag?post=8513"}],"curies":[{"name":"wp","href":"https:\/\/api.w.org\/{rel}","templated":true}]}}