{"id":8541,"date":"2022-08-18T01:02:11","date_gmt":"2022-08-18T06:02:11","guid":{"rendered":"https:\/\/www.mexicanguitarplayers.com\/tienda\/sin%20categor\u00eda\/combo-blackstar-p-guitarra-ht-1r-mkii\/"},"modified":"2026-04-10T05:26:23","modified_gmt":"2026-04-10T11:26:23","slug":"combo-blackstar-p-guitarra-ht-1r-mkii","status":"publish","type":"product","link":"https:\/\/www.mexicanguitarplayers.com\/en\/tienda\/cuerdas\/combos\/combos-para-guitarra\/combo-blackstar-p-guitarra-ht-1r-mkii\/","title":{"rendered":"BLACKSTAR COMBO FOR HT-1R MKII GUITAR"},"content":{"rendered":"<div style=\"text-align: justify\">\n<div>\n<h3>BLACKSTAR COMBO FOR HT-1R MKII GUITAR<\/h3>\n<\/div>\n<div>Electric Guitar Combo, 1 Watt, Unique ECC83 Tube Pre-Amp Push-Pull Power Amp Design, ECC82 Tube Power Amp, 2 Channels, Vocals with Switch for Clean and Overdrive Channel, USB Audio Out, Bass Reverb studio quality, 4-16 ohm extension speaker jack, 1\u00d78\u201d speaker.<\/div>\n<\/div>","protected":false},"excerpt":{"rendered":"<p>Combo para guitarra el\u00e9ctrica, 1 watt, dise\u00f1o \u00fanico de amplificador de potencia push-pull pre-amp de bulbo ECC83, bulbo de amplificaci\u00f3n de potencia ECC82, 2 canales, voces con interruptor para canal limpio y overdrive, salida de audio usb, reverb de calidad de estudio, toma de altavoz de extensi\u00f3n de 4-16 ohms, altavoz de 1&#215;8\u201d.&hellip; <a class=\"kt-excerpt-readmore more-link\" href=\"https:\/\/www.mexicanguitarplayers.com\/en\/tienda\/cuerdas\/combos\/combos-para-guitarra\/combo-blackstar-p-guitarra-ht-1r-mkii\/\">Read more<\/a><\/p>","protected":false},"featured_media":22059,"comment_status":"open","ping_status":"closed","template":"","meta":{"kt_blocks_editor_width":""},"pwb-brand":[172],"product_brand":[],"product_cat":[236,237,224],"product_tag":[],"class_list":{"0":"post-8541","1":"product","2":"type-product","3":"status-publish","4":"has-post-thumbnail","6":"pwb-brand-blackstar","7":"product_cat-combos","8":"product_cat-combos-para-guitarra","9":"product_cat-cuerdas","10":"product_shipping_class-5-10-kg","12":"first","13":"outofstock","14":"taxable","15":"shipping-taxable","16":"purchasable","17":"product-type-simple"},"yoast_head":"<!-- This site is optimized with the Yoast SEO plugin v27.5 - https:\/\/yoast.com\/product\/yoast-seo-wordpress\/ -->\n<title>COMBO BLACKSTAR P\/GUITARRA HT-1R MKII - Mexican Guitar Players<\/title>\n<meta name=\"description\" content=\"COMBO BLACKSTAR P\/GUITARRA HT-1R MKII. Combo para guitarra el\u00e9ctrica, 1 watt, dise\u00f1o \u00fanico de amplificador de potencia push-pull pre-amp de bulbo ECC83, bulbo de amplificaci\u00f3n de potencia ECC82, 2 canales, voces con interruptor para canal limpio y overdrive, salida de audio usb, reverb de calidad de estudio, toma de altavoz de extensi\u00f3n de 4-16 ohms, altavoz de 1x8\u201d.\" \/>\n<meta name=\"robots\" content=\"index, follow, max-snippet:-1, max-image-preview:large, max-video-preview:-1\" \/>\n<link rel=\"canonical\" href=\"https:\/\/www.mexicanguitarplayers.com\/en\/tienda\/cuerdas\/combos\/combos-para-guitarra\/combo-blackstar-p-guitarra-ht-1r-mkii\/\" \/>\n<meta property=\"og:locale\" content=\"en_US\" \/>\n<meta property=\"og:type\" content=\"article\" \/>\n<meta property=\"og:title\" content=\"COMBO BLACKSTAR P\/GUITARRA HT-1R MKII - Mexican Guitar Players\" \/>\n<meta property=\"og:description\" content=\"COMBO BLACKSTAR P\/GUITARRA HT-1R MKII. Combo para guitarra el\u00e9ctrica, 1 watt, dise\u00f1o \u00fanico de amplificador de potencia push-pull pre-amp de bulbo ECC83, bulbo de amplificaci\u00f3n de potencia ECC82, 2 canales, voces con interruptor para canal limpio y overdrive, salida de audio usb, reverb de calidad de estudio, toma de altavoz de extensi\u00f3n de 4-16 ohms, altavoz de 1x8\u201d.\" \/>\n<meta property=\"og:url\" content=\"https:\/\/www.mexicanguitarplayers.com\/en\/tienda\/cuerdas\/combos\/combos-para-guitarra\/combo-blackstar-p-guitarra-ht-1r-mkii\/\" \/>\n<meta property=\"og:site_name\" content=\"Mexican Guitar Players\" \/>\n<meta property=\"article:modified_time\" content=\"2026-04-10T11:26:23+00:00\" \/>\n<meta property=\"og:image\" content=\"https:\/\/www.mexicanguitarplayers.com\/wp-content\/uploads\/2022\/08\/ICBLSHT1RMKII-1.jpg\" \/>\n\t<meta property=\"og:image:width\" content=\"1200\" \/>\n\t<meta property=\"og:image:height\" content=\"1200\" \/>\n\t<meta property=\"og:image:type\" content=\"image\/jpeg\" \/>\n<meta name=\"twitter:card\" content=\"summary_large_image\" \/>\n<script type=\"application\/ld+json\" class=\"yoast-schema-graph\">{\"@context\":\"https:\\\/\\\/schema.org\",\"@graph\":[{\"@type\":[\"WebPage\",\"ItemPage\"],\"@id\":\"https:\\\/\\\/www.mexicanguitarplayers.com\\\/tienda\\\/cuerdas\\\/combos\\\/combos-para-guitarra\\\/combo-blackstar-p-guitarra-ht-1r-mkii\\\/\",\"url\":\"https:\\\/\\\/www.mexicanguitarplayers.com\\\/tienda\\\/cuerdas\\\/combos\\\/combos-para-guitarra\\\/combo-blackstar-p-guitarra-ht-1r-mkii\\\/\",\"name\":\"COMBO BLACKSTAR P\\\/GUITARRA HT-1R MKII - Mexican Guitar Players\",\"isPartOf\":{\"@id\":\"https:\\\/\\\/www.mexicanguitarplayers.com\\\/#website\"},\"primaryImageOfPage\":{\"@id\":\"https:\\\/\\\/www.mexicanguitarplayers.com\\\/tienda\\\/cuerdas\\\/combos\\\/combos-para-guitarra\\\/combo-blackstar-p-guitarra-ht-1r-mkii\\\/#primaryimage\"},\"image\":{\"@id\":\"https:\\\/\\\/www.mexicanguitarplayers.com\\\/tienda\\\/cuerdas\\\/combos\\\/combos-para-guitarra\\\/combo-blackstar-p-guitarra-ht-1r-mkii\\\/#primaryimage\"},\"thumbnailUrl\":\"https:\\\/\\\/www.mexicanguitarplayers.com\\\/wp-content\\\/uploads\\\/2022\\\/08\\\/ICBLSHT1RMKII-1.jpg\",\"datePublished\":\"2022-08-18T06:02:11+00:00\",\"dateModified\":\"2026-04-10T11:26:23+00:00\",\"description\":\"COMBO BLACKSTAR P\\\/GUITARRA HT-1R MKII. Combo para guitarra el\u00e9ctrica, 1 watt, dise\u00f1o \u00fanico de amplificador de potencia push-pull pre-amp de bulbo ECC83, bulbo de amplificaci\u00f3n de potencia ECC82, 2 canales, voces con interruptor para canal limpio y overdrive, salida de audio usb, reverb de calidad de estudio, toma de altavoz de extensi\u00f3n de 4-16 ohms, altavoz de 1x8\u201d.\",\"breadcrumb\":{\"@id\":\"https:\\\/\\\/www.mexicanguitarplayers.com\\\/tienda\\\/cuerdas\\\/combos\\\/combos-para-guitarra\\\/combo-blackstar-p-guitarra-ht-1r-mkii\\\/#breadcrumb\"},\"inLanguage\":\"en-US\",\"potentialAction\":[{\"@type\":\"ReadAction\",\"target\":[\"https:\\\/\\\/www.mexicanguitarplayers.com\\\/tienda\\\/cuerdas\\\/combos\\\/combos-para-guitarra\\\/combo-blackstar-p-guitarra-ht-1r-mkii\\\/\"]}]},{\"@type\":\"ImageObject\",\"inLanguage\":\"en-US\",\"@id\":\"https:\\\/\\\/www.mexicanguitarplayers.com\\\/tienda\\\/cuerdas\\\/combos\\\/combos-para-guitarra\\\/combo-blackstar-p-guitarra-ht-1r-mkii\\\/#primaryimage\",\"url\":\"https:\\\/\\\/www.mexicanguitarplayers.com\\\/wp-content\\\/uploads\\\/2022\\\/08\\\/ICBLSHT1RMKII-1.jpg\",\"contentUrl\":\"https:\\\/\\\/www.mexicanguitarplayers.com\\\/wp-content\\\/uploads\\\/2022\\\/08\\\/ICBLSHT1RMKII-1.jpg\",\"width\":1200,\"height\":1200},{\"@type\":\"BreadcrumbList\",\"@id\":\"https:\\\/\\\/www.mexicanguitarplayers.com\\\/tienda\\\/cuerdas\\\/combos\\\/combos-para-guitarra\\\/combo-blackstar-p-guitarra-ht-1r-mkii\\\/#breadcrumb\",\"itemListElement\":[{\"@type\":\"ListItem\",\"position\":1,\"name\":\"Portada\",\"item\":\"https:\\\/\\\/www.mexicanguitarplayers.com\\\/\"},{\"@type\":\"ListItem\",\"position\":2,\"name\":\"Tienda\",\"item\":\"https:\\\/\\\/www.mexicanguitarplayers.com\\\/tienda\\\/\"},{\"@type\":\"ListItem\",\"position\":3,\"name\":\"COMBO BLACKSTAR P\\\/GUITARRA HT-1R MKII\"}]},{\"@type\":\"WebSite\",\"@id\":\"https:\\\/\\\/www.mexicanguitarplayers.com\\\/#website\",\"url\":\"https:\\\/\\\/www.mexicanguitarplayers.com\\\/\",\"name\":\"Mexican Guitar Players\",\"description\":\"Website\",\"publisher\":{\"@id\":\"https:\\\/\\\/www.mexicanguitarplayers.com\\\/#organization\"},\"potentialAction\":[{\"@type\":\"SearchAction\",\"target\":{\"@type\":\"EntryPoint\",\"urlTemplate\":\"https:\\\/\\\/www.mexicanguitarplayers.com\\\/?s={search_term_string}\"},\"query-input\":{\"@type\":\"PropertyValueSpecification\",\"valueRequired\":true,\"valueName\":\"search_term_string\"}}],\"inLanguage\":\"en-US\"},{\"@type\":\"Organization\",\"@id\":\"https:\\\/\\\/www.mexicanguitarplayers.com\\\/#organization\",\"name\":\"Mexican Guitar Players\",\"url\":\"https:\\\/\\\/www.mexicanguitarplayers.com\\\/\",\"logo\":{\"@type\":\"ImageObject\",\"inLanguage\":\"en-US\",\"@id\":\"https:\\\/\\\/www.mexicanguitarplayers.com\\\/#\\\/schema\\\/logo\\\/image\\\/\",\"url\":\"\",\"contentUrl\":\"\",\"caption\":\"Mexican Guitar Players\"},\"image\":{\"@id\":\"https:\\\/\\\/www.mexicanguitarplayers.com\\\/#\\\/schema\\\/logo\\\/image\\\/\"}}]}<\/script>\n<!-- \/ Yoast SEO plugin. -->","yoast_head_json":{"title":"COMBO BLACKSTAR P\/GUITARRA HT-1R MKII - Mexican Guitar Players","description":"COMBO BLACKSTAR P\/GUITARRA HT-1R MKII. Combo para guitarra el\u00e9ctrica, 1 watt, dise\u00f1o \u00fanico de amplificador de potencia push-pull pre-amp de bulbo ECC83, bulbo de amplificaci\u00f3n de potencia ECC82, 2 canales, voces con interruptor para canal limpio y overdrive, salida de audio usb, reverb de calidad de estudio, toma de altavoz de extensi\u00f3n de 4-16 ohms, altavoz de 1x8\u201d.","robots":{"index":"index","follow":"follow","max-snippet":"max-snippet:-1","max-image-preview":"max-image-preview:large","max-video-preview":"max-video-preview:-1"},"canonical":"https:\/\/www.mexicanguitarplayers.com\/en\/tienda\/cuerdas\/combos\/combos-para-guitarra\/combo-blackstar-p-guitarra-ht-1r-mkii\/","og_locale":"en_US","og_type":"article","og_title":"COMBO BLACKSTAR P\/GUITARRA HT-1R MKII - Mexican Guitar Players","og_description":"COMBO BLACKSTAR P\/GUITARRA HT-1R MKII. Combo para guitarra el\u00e9ctrica, 1 watt, dise\u00f1o \u00fanico de amplificador de potencia push-pull pre-amp de bulbo ECC83, bulbo de amplificaci\u00f3n de potencia ECC82, 2 canales, voces con interruptor para canal limpio y overdrive, salida de audio usb, reverb de calidad de estudio, toma de altavoz de extensi\u00f3n de 4-16 ohms, altavoz de 1x8\u201d.","og_url":"https:\/\/www.mexicanguitarplayers.com\/en\/tienda\/cuerdas\/combos\/combos-para-guitarra\/combo-blackstar-p-guitarra-ht-1r-mkii\/","og_site_name":"Mexican Guitar Players","article_modified_time":"2026-04-10T11:26:23+00:00","og_image":[{"width":1200,"height":1200,"url":"https:\/\/www.mexicanguitarplayers.com\/wp-content\/uploads\/2022\/08\/ICBLSHT1RMKII-1.jpg","type":"image\/jpeg"}],"twitter_card":"summary_large_image","schema":{"@context":"https:\/\/schema.org","@graph":[{"@type":["WebPage","ItemPage"],"@id":"https:\/\/www.mexicanguitarplayers.com\/tienda\/cuerdas\/combos\/combos-para-guitarra\/combo-blackstar-p-guitarra-ht-1r-mkii\/","url":"https:\/\/www.mexicanguitarplayers.com\/tienda\/cuerdas\/combos\/combos-para-guitarra\/combo-blackstar-p-guitarra-ht-1r-mkii\/","name":"COMBO BLACKSTAR P\/GUITARRA HT-1R MKII - Mexican Guitar Players","isPartOf":{"@id":"https:\/\/www.mexicanguitarplayers.com\/#website"},"primaryImageOfPage":{"@id":"https:\/\/www.mexicanguitarplayers.com\/tienda\/cuerdas\/combos\/combos-para-guitarra\/combo-blackstar-p-guitarra-ht-1r-mkii\/#primaryimage"},"image":{"@id":"https:\/\/www.mexicanguitarplayers.com\/tienda\/cuerdas\/combos\/combos-para-guitarra\/combo-blackstar-p-guitarra-ht-1r-mkii\/#primaryimage"},"thumbnailUrl":"https:\/\/www.mexicanguitarplayers.com\/wp-content\/uploads\/2022\/08\/ICBLSHT1RMKII-1.jpg","datePublished":"2022-08-18T06:02:11+00:00","dateModified":"2026-04-10T11:26:23+00:00","description":"COMBO BLACKSTAR P\/GUITARRA HT-1R MKII. Combo para guitarra el\u00e9ctrica, 1 watt, dise\u00f1o \u00fanico de amplificador de potencia push-pull pre-amp de bulbo ECC83, bulbo de amplificaci\u00f3n de potencia ECC82, 2 canales, voces con interruptor para canal limpio y overdrive, salida de audio usb, reverb de calidad de estudio, toma de altavoz de extensi\u00f3n de 4-16 ohms, altavoz de 1x8\u201d.","breadcrumb":{"@id":"https:\/\/www.mexicanguitarplayers.com\/tienda\/cuerdas\/combos\/combos-para-guitarra\/combo-blackstar-p-guitarra-ht-1r-mkii\/#breadcrumb"},"inLanguage":"en-US","potentialAction":[{"@type":"ReadAction","target":["https:\/\/www.mexicanguitarplayers.com\/tienda\/cuerdas\/combos\/combos-para-guitarra\/combo-blackstar-p-guitarra-ht-1r-mkii\/"]}]},{"@type":"ImageObject","inLanguage":"en-US","@id":"https:\/\/www.mexicanguitarplayers.com\/tienda\/cuerdas\/combos\/combos-para-guitarra\/combo-blackstar-p-guitarra-ht-1r-mkii\/#primaryimage","url":"https:\/\/www.mexicanguitarplayers.com\/wp-content\/uploads\/2022\/08\/ICBLSHT1RMKII-1.jpg","contentUrl":"https:\/\/www.mexicanguitarplayers.com\/wp-content\/uploads\/2022\/08\/ICBLSHT1RMKII-1.jpg","width":1200,"height":1200},{"@type":"BreadcrumbList","@id":"https:\/\/www.mexicanguitarplayers.com\/tienda\/cuerdas\/combos\/combos-para-guitarra\/combo-blackstar-p-guitarra-ht-1r-mkii\/#breadcrumb","itemListElement":[{"@type":"ListItem","position":1,"name":"Portada","item":"https:\/\/www.mexicanguitarplayers.com\/"},{"@type":"ListItem","position":2,"name":"Tienda","item":"https:\/\/www.mexicanguitarplayers.com\/tienda\/"},{"@type":"ListItem","position":3,"name":"COMBO BLACKSTAR P\/GUITARRA HT-1R MKII"}]},{"@type":"WebSite","@id":"https:\/\/www.mexicanguitarplayers.com\/#website","url":"https:\/\/www.mexicanguitarplayers.com\/","name":"Mexican Guitar Players","description":"Website","publisher":{"@id":"https:\/\/www.mexicanguitarplayers.com\/#organization"},"potentialAction":[{"@type":"SearchAction","target":{"@type":"EntryPoint","urlTemplate":"https:\/\/www.mexicanguitarplayers.com\/?s={search_term_string}"},"query-input":{"@type":"PropertyValueSpecification","valueRequired":true,"valueName":"search_term_string"}}],"inLanguage":"en-US"},{"@type":"Organization","@id":"https:\/\/www.mexicanguitarplayers.com\/#organization","name":"Mexican Guitar Players","url":"https:\/\/www.mexicanguitarplayers.com\/","logo":{"@type":"ImageObject","inLanguage":"en-US","@id":"https:\/\/www.mexicanguitarplayers.com\/#\/schema\/logo\/image\/","url":"","contentUrl":"","caption":"Mexican Guitar Players"},"image":{"@id":"https:\/\/www.mexicanguitarplayers.com\/#\/schema\/logo\/image\/"}}]}},"brands":[{"id":172,"name":"BLACKSTAR","slug":"blackstar"}],"_links":{"self":[{"href":"https:\/\/www.mexicanguitarplayers.com\/en\/wp-json\/wp\/v2\/product\/8541","targetHints":{"allow":["GET"]}}],"collection":[{"href":"https:\/\/www.mexicanguitarplayers.com\/en\/wp-json\/wp\/v2\/product"}],"about":[{"href":"https:\/\/www.mexicanguitarplayers.com\/en\/wp-json\/wp\/v2\/types\/product"}],"replies":[{"embeddable":true,"href":"https:\/\/www.mexicanguitarplayers.com\/en\/wp-json\/wp\/v2\/comments?post=8541"}],"wp:featuredmedia":[{"embeddable":true,"href":"https:\/\/www.mexicanguitarplayers.com\/en\/wp-json\/wp\/v2\/media\/22059"}],"wp:attachment":[{"href":"https:\/\/www.mexicanguitarplayers.com\/en\/wp-json\/wp\/v2\/media?parent=8541"}],"wp:term":[{"taxonomy":"pwb-brand","embeddable":true,"href":"https:\/\/www.mexicanguitarplayers.com\/en\/wp-json\/wp\/v2\/pwb-brand?post=8541"},{"taxonomy":"product_brand","embeddable":true,"href":"https:\/\/www.mexicanguitarplayers.com\/en\/wp-json\/wp\/v2\/product_brand?post=8541"},{"taxonomy":"product_cat","embeddable":true,"href":"https:\/\/www.mexicanguitarplayers.com\/en\/wp-json\/wp\/v2\/product_cat?post=8541"},{"taxonomy":"product_tag","embeddable":true,"href":"https:\/\/www.mexicanguitarplayers.com\/en\/wp-json\/wp\/v2\/product_tag?post=8541"}],"curies":[{"name":"wp","href":"https:\/\/api.w.org\/{rel}","templated":true}]}}