{"id":8574,"date":"2022-08-18T01:02:58","date_gmt":"2022-08-18T06:02:58","guid":{"rendered":"https:\/\/www.mexicanguitarplayers.com\/tienda\/sin%20categor\u00eda\/amplificador-blackstar-p-guit-ht-metal5h\/"},"modified":"2026-04-10T05:26:19","modified_gmt":"2026-04-10T11:26:19","slug":"amplificador-blackstar-p-guit-ht-metal5h","status":"publish","type":"product","link":"https:\/\/www.mexicanguitarplayers.com\/en\/tienda\/cuerdas\/amplificadores-cuerdas\/amps-para-guitarra\/amplificador-blackstar-p-guit-ht-metal5h\/","title":{"rendered":"BLACKSTAR P\/GUIT.HT-METAL5H AMPLIFIER"},"content":{"rendered":"<div style=\"text-align: justify\">\n<div>\n<h3>BLACKSTAR P\/GUIT.HT-METAL5H AMPLIFIER<\/h3>\n<\/div>\n<div>Guitar Amplifier, 5 Watts Power, Tube Technology, 2 Channels, Specifically Designed for Metal, Extreme Gain and Tone, Tubes: 1 x ECC83 and 1 x 12BH7, Unique Push-Pull Design, Based on the Award Winning HT-1R, patented ISF circuit, perfect for studio or rehearsal, speaker emulation output, MP3\/Line output, speaker emulation output with 1\u00d712 and 4\u00d712 voicing, stereo reverb, metal grill, dimensions: 395 x 239 x 230mm, weight: 7.6kg.<\/div>\n<\/div>","protected":false},"excerpt":{"rendered":"<p>Amplificador de guitarra, 5 watts de potencia, tecnolog\u00eda de bulbos, 2 canales, espec\u00edficamente dise\u00f1ado para metal, ganancia y tono extremo, bulbos: 1 x ECC83 y 1 x 12BH7, dise\u00f1o \u00fanico push-pull, basado en el premiado HT-1R, circuito ISF patentado, perfecto para estudio o para ensayo, salida de emulaci\u00f3n de altavoz, salida MP3\/Line, salida de emulaci\u00f3n de altavoz con voicing de 1&#215;12 y 4&#215;12, reverb est\u00e9reo, rejilla de metal, dimensiones: 395 x 239 x 230 mm, peso: 7.6 kg.&hellip; <a class=\"kt-excerpt-readmore more-link\" href=\"https:\/\/www.mexicanguitarplayers.com\/en\/tienda\/cuerdas\/amplificadores-cuerdas\/amps-para-guitarra\/amplificador-blackstar-p-guit-ht-metal5h\/\">Read more<\/a><\/p>","protected":false},"featured_media":22086,"comment_status":"open","ping_status":"closed","template":"","meta":{"kt_blocks_editor_width":""},"pwb-brand":[172],"product_brand":[],"product_cat":[225,226,224],"product_tag":[],"class_list":{"0":"post-8574","1":"product","2":"type-product","3":"status-publish","4":"has-post-thumbnail","6":"pwb-brand-blackstar","7":"product_cat-amplificadores-cuerdas","8":"product_cat-amps-para-guitarra","9":"product_cat-cuerdas","10":"product_shipping_class-5-10-kg","12":"first","13":"outofstock","14":"taxable","15":"shipping-taxable","16":"purchasable","17":"product-type-simple"},"yoast_head":"<!-- This site is optimized with the Yoast SEO plugin v27.6 - https:\/\/yoast.com\/product\/yoast-seo-wordpress\/ -->\n<title>AMPLIFICADOR BLACKSTAR P\/GUIT.HT-METAL5H - Mexican Guitar Players<\/title>\n<meta name=\"description\" content=\"AMPLIFICADOR BLACKSTAR P\/GUIT.HT-METAL5H. Amplificador de guitarra, 5 watts de potencia, tecnolog\u00eda de bulbos, 2 canales, espec\u00edficamente dise\u00f1ado para metal, ganancia y tono extremo, bulbos: 1 x ECC83 y 1 x 12BH7, dise\u00f1o \u00fanico push-pull, basado en el premiado HT-1R, circuito ISF patentado, perfecto para estudio o para ensayo, salida de emulaci\u00f3n de altavoz, salida MP3\/Line, salida de emulaci\u00f3n de altavoz con voicing de 1x12 y 4x12, reverb est\u00e9reo, rejilla de metal, dimensiones: 395 x 239 x 230 mm, peso: 7.6 kg.\" \/>\n<meta name=\"robots\" content=\"index, follow, max-snippet:-1, max-image-preview:large, max-video-preview:-1\" \/>\n<link rel=\"canonical\" href=\"https:\/\/www.mexicanguitarplayers.com\/en\/tienda\/cuerdas\/amplificadores-cuerdas\/amps-para-guitarra\/amplificador-blackstar-p-guit-ht-metal5h\/\" \/>\n<meta property=\"og:locale\" content=\"en_US\" \/>\n<meta property=\"og:type\" content=\"article\" \/>\n<meta property=\"og:title\" content=\"AMPLIFICADOR BLACKSTAR P\/GUIT.HT-METAL5H - Mexican Guitar Players\" \/>\n<meta property=\"og:description\" content=\"AMPLIFICADOR BLACKSTAR P\/GUIT.HT-METAL5H. Amplificador de guitarra, 5 watts de potencia, tecnolog\u00eda de bulbos, 2 canales, espec\u00edficamente dise\u00f1ado para metal, ganancia y tono extremo, bulbos: 1 x ECC83 y 1 x 12BH7, dise\u00f1o \u00fanico push-pull, basado en el premiado HT-1R, circuito ISF patentado, perfecto para estudio o para ensayo, salida de emulaci\u00f3n de altavoz, salida MP3\/Line, salida de emulaci\u00f3n de altavoz con voicing de 1x12 y 4x12, reverb est\u00e9reo, rejilla de metal, dimensiones: 395 x 239 x 230 mm, peso: 7.6 kg.\" \/>\n<meta property=\"og:url\" content=\"https:\/\/www.mexicanguitarplayers.com\/en\/tienda\/cuerdas\/amplificadores-cuerdas\/amps-para-guitarra\/amplificador-blackstar-p-guit-ht-metal5h\/\" \/>\n<meta property=\"og:site_name\" content=\"Mexican Guitar Players\" \/>\n<meta property=\"article:modified_time\" content=\"2026-04-10T11:26:19+00:00\" \/>\n<meta property=\"og:image\" content=\"https:\/\/www.mexicanguitarplayers.com\/wp-content\/uploads\/2022\/08\/ICBLSHTMET5H-1.jpg\" \/>\n\t<meta property=\"og:image:width\" content=\"1200\" \/>\n\t<meta property=\"og:image:height\" content=\"1200\" \/>\n\t<meta property=\"og:image:type\" content=\"image\/jpeg\" \/>\n<meta name=\"twitter:card\" content=\"summary_large_image\" \/>\n<script type=\"application\/ld+json\" class=\"yoast-schema-graph\">{\"@context\":\"https:\\\/\\\/schema.org\",\"@graph\":[{\"@type\":[\"WebPage\",\"ItemPage\"],\"@id\":\"https:\\\/\\\/www.mexicanguitarplayers.com\\\/tienda\\\/cuerdas\\\/amplificadores-cuerdas\\\/amps-para-guitarra\\\/amplificador-blackstar-p-guit-ht-metal5h\\\/\",\"url\":\"https:\\\/\\\/www.mexicanguitarplayers.com\\\/tienda\\\/cuerdas\\\/amplificadores-cuerdas\\\/amps-para-guitarra\\\/amplificador-blackstar-p-guit-ht-metal5h\\\/\",\"name\":\"AMPLIFICADOR BLACKSTAR P\\\/GUIT.HT-METAL5H - Mexican Guitar Players\",\"isPartOf\":{\"@id\":\"https:\\\/\\\/www.mexicanguitarplayers.com\\\/#website\"},\"primaryImageOfPage\":{\"@id\":\"https:\\\/\\\/www.mexicanguitarplayers.com\\\/tienda\\\/cuerdas\\\/amplificadores-cuerdas\\\/amps-para-guitarra\\\/amplificador-blackstar-p-guit-ht-metal5h\\\/#primaryimage\"},\"image\":{\"@id\":\"https:\\\/\\\/www.mexicanguitarplayers.com\\\/tienda\\\/cuerdas\\\/amplificadores-cuerdas\\\/amps-para-guitarra\\\/amplificador-blackstar-p-guit-ht-metal5h\\\/#primaryimage\"},\"thumbnailUrl\":\"https:\\\/\\\/www.mexicanguitarplayers.com\\\/wp-content\\\/uploads\\\/2022\\\/08\\\/ICBLSHTMET5H-1.jpg\",\"datePublished\":\"2022-08-18T06:02:58+00:00\",\"dateModified\":\"2026-04-10T11:26:19+00:00\",\"description\":\"AMPLIFICADOR BLACKSTAR P\\\/GUIT.HT-METAL5H. Amplificador de guitarra, 5 watts de potencia, tecnolog\u00eda de bulbos, 2 canales, espec\u00edficamente dise\u00f1ado para metal, ganancia y tono extremo, bulbos: 1 x ECC83 y 1 x 12BH7, dise\u00f1o \u00fanico push-pull, basado en el premiado HT-1R, circuito ISF patentado, perfecto para estudio o para ensayo, salida de emulaci\u00f3n de altavoz, salida MP3\\\/Line, salida de emulaci\u00f3n de altavoz con voicing de 1x12 y 4x12, reverb est\u00e9reo, rejilla de metal, dimensiones: 395 x 239 x 230 mm, peso: 7.6 kg.\",\"breadcrumb\":{\"@id\":\"https:\\\/\\\/www.mexicanguitarplayers.com\\\/tienda\\\/cuerdas\\\/amplificadores-cuerdas\\\/amps-para-guitarra\\\/amplificador-blackstar-p-guit-ht-metal5h\\\/#breadcrumb\"},\"inLanguage\":\"en-US\",\"potentialAction\":[{\"@type\":\"ReadAction\",\"target\":[\"https:\\\/\\\/www.mexicanguitarplayers.com\\\/tienda\\\/cuerdas\\\/amplificadores-cuerdas\\\/amps-para-guitarra\\\/amplificador-blackstar-p-guit-ht-metal5h\\\/\"]}]},{\"@type\":\"ImageObject\",\"inLanguage\":\"en-US\",\"@id\":\"https:\\\/\\\/www.mexicanguitarplayers.com\\\/tienda\\\/cuerdas\\\/amplificadores-cuerdas\\\/amps-para-guitarra\\\/amplificador-blackstar-p-guit-ht-metal5h\\\/#primaryimage\",\"url\":\"https:\\\/\\\/www.mexicanguitarplayers.com\\\/wp-content\\\/uploads\\\/2022\\\/08\\\/ICBLSHTMET5H-1.jpg\",\"contentUrl\":\"https:\\\/\\\/www.mexicanguitarplayers.com\\\/wp-content\\\/uploads\\\/2022\\\/08\\\/ICBLSHTMET5H-1.jpg\",\"width\":1200,\"height\":1200},{\"@type\":\"BreadcrumbList\",\"@id\":\"https:\\\/\\\/www.mexicanguitarplayers.com\\\/tienda\\\/cuerdas\\\/amplificadores-cuerdas\\\/amps-para-guitarra\\\/amplificador-blackstar-p-guit-ht-metal5h\\\/#breadcrumb\",\"itemListElement\":[{\"@type\":\"ListItem\",\"position\":1,\"name\":\"Portada\",\"item\":\"https:\\\/\\\/www.mexicanguitarplayers.com\\\/\"},{\"@type\":\"ListItem\",\"position\":2,\"name\":\"Tienda\",\"item\":\"https:\\\/\\\/www.mexicanguitarplayers.com\\\/tienda\\\/\"},{\"@type\":\"ListItem\",\"position\":3,\"name\":\"AMPLIFICADOR BLACKSTAR P\\\/GUIT.HT-METAL5H\"}]},{\"@type\":\"WebSite\",\"@id\":\"https:\\\/\\\/www.mexicanguitarplayers.com\\\/#website\",\"url\":\"https:\\\/\\\/www.mexicanguitarplayers.com\\\/\",\"name\":\"Mexican Guitar Players\",\"description\":\"Website\",\"publisher\":{\"@id\":\"https:\\\/\\\/www.mexicanguitarplayers.com\\\/#organization\"},\"potentialAction\":[{\"@type\":\"SearchAction\",\"target\":{\"@type\":\"EntryPoint\",\"urlTemplate\":\"https:\\\/\\\/www.mexicanguitarplayers.com\\\/?s={search_term_string}\"},\"query-input\":{\"@type\":\"PropertyValueSpecification\",\"valueRequired\":true,\"valueName\":\"search_term_string\"}}],\"inLanguage\":\"en-US\"},{\"@type\":\"Organization\",\"@id\":\"https:\\\/\\\/www.mexicanguitarplayers.com\\\/#organization\",\"name\":\"Mexican Guitar Players\",\"url\":\"https:\\\/\\\/www.mexicanguitarplayers.com\\\/\",\"logo\":{\"@type\":\"ImageObject\",\"inLanguage\":\"en-US\",\"@id\":\"https:\\\/\\\/www.mexicanguitarplayers.com\\\/#\\\/schema\\\/logo\\\/image\\\/\",\"url\":\"\",\"contentUrl\":\"\",\"caption\":\"Mexican Guitar Players\"},\"image\":{\"@id\":\"https:\\\/\\\/www.mexicanguitarplayers.com\\\/#\\\/schema\\\/logo\\\/image\\\/\"}}]}<\/script>\n<!-- \/ Yoast SEO plugin. -->","yoast_head_json":{"title":"AMPLIFICADOR BLACKSTAR P\/GUIT.HT-METAL5H - Mexican Guitar Players","description":"AMPLIFICADOR BLACKSTAR P\/GUIT.HT-METAL5H. Amplificador de guitarra, 5 watts de potencia, tecnolog\u00eda de bulbos, 2 canales, espec\u00edficamente dise\u00f1ado para metal, ganancia y tono extremo, bulbos: 1 x ECC83 y 1 x 12BH7, dise\u00f1o \u00fanico push-pull, basado en el premiado HT-1R, circuito ISF patentado, perfecto para estudio o para ensayo, salida de emulaci\u00f3n de altavoz, salida MP3\/Line, salida de emulaci\u00f3n de altavoz con voicing de 1x12 y 4x12, reverb est\u00e9reo, rejilla de metal, dimensiones: 395 x 239 x 230 mm, peso: 7.6 kg.","robots":{"index":"index","follow":"follow","max-snippet":"max-snippet:-1","max-image-preview":"max-image-preview:large","max-video-preview":"max-video-preview:-1"},"canonical":"https:\/\/www.mexicanguitarplayers.com\/en\/tienda\/cuerdas\/amplificadores-cuerdas\/amps-para-guitarra\/amplificador-blackstar-p-guit-ht-metal5h\/","og_locale":"en_US","og_type":"article","og_title":"AMPLIFICADOR BLACKSTAR P\/GUIT.HT-METAL5H - Mexican Guitar Players","og_description":"AMPLIFICADOR BLACKSTAR P\/GUIT.HT-METAL5H. Amplificador de guitarra, 5 watts de potencia, tecnolog\u00eda de bulbos, 2 canales, espec\u00edficamente dise\u00f1ado para metal, ganancia y tono extremo, bulbos: 1 x ECC83 y 1 x 12BH7, dise\u00f1o \u00fanico push-pull, basado en el premiado HT-1R, circuito ISF patentado, perfecto para estudio o para ensayo, salida de emulaci\u00f3n de altavoz, salida MP3\/Line, salida de emulaci\u00f3n de altavoz con voicing de 1x12 y 4x12, reverb est\u00e9reo, rejilla de metal, dimensiones: 395 x 239 x 230 mm, peso: 7.6 kg.","og_url":"https:\/\/www.mexicanguitarplayers.com\/en\/tienda\/cuerdas\/amplificadores-cuerdas\/amps-para-guitarra\/amplificador-blackstar-p-guit-ht-metal5h\/","og_site_name":"Mexican Guitar Players","article_modified_time":"2026-04-10T11:26:19+00:00","og_image":[{"width":1200,"height":1200,"url":"https:\/\/www.mexicanguitarplayers.com\/wp-content\/uploads\/2022\/08\/ICBLSHTMET5H-1.jpg","type":"image\/jpeg"}],"twitter_card":"summary_large_image","schema":{"@context":"https:\/\/schema.org","@graph":[{"@type":["WebPage","ItemPage"],"@id":"https:\/\/www.mexicanguitarplayers.com\/tienda\/cuerdas\/amplificadores-cuerdas\/amps-para-guitarra\/amplificador-blackstar-p-guit-ht-metal5h\/","url":"https:\/\/www.mexicanguitarplayers.com\/tienda\/cuerdas\/amplificadores-cuerdas\/amps-para-guitarra\/amplificador-blackstar-p-guit-ht-metal5h\/","name":"AMPLIFICADOR BLACKSTAR P\/GUIT.HT-METAL5H - Mexican Guitar Players","isPartOf":{"@id":"https:\/\/www.mexicanguitarplayers.com\/#website"},"primaryImageOfPage":{"@id":"https:\/\/www.mexicanguitarplayers.com\/tienda\/cuerdas\/amplificadores-cuerdas\/amps-para-guitarra\/amplificador-blackstar-p-guit-ht-metal5h\/#primaryimage"},"image":{"@id":"https:\/\/www.mexicanguitarplayers.com\/tienda\/cuerdas\/amplificadores-cuerdas\/amps-para-guitarra\/amplificador-blackstar-p-guit-ht-metal5h\/#primaryimage"},"thumbnailUrl":"https:\/\/www.mexicanguitarplayers.com\/wp-content\/uploads\/2022\/08\/ICBLSHTMET5H-1.jpg","datePublished":"2022-08-18T06:02:58+00:00","dateModified":"2026-04-10T11:26:19+00:00","description":"AMPLIFICADOR BLACKSTAR P\/GUIT.HT-METAL5H. Amplificador de guitarra, 5 watts de potencia, tecnolog\u00eda de bulbos, 2 canales, espec\u00edficamente dise\u00f1ado para metal, ganancia y tono extremo, bulbos: 1 x ECC83 y 1 x 12BH7, dise\u00f1o \u00fanico push-pull, basado en el premiado HT-1R, circuito ISF patentado, perfecto para estudio o para ensayo, salida de emulaci\u00f3n de altavoz, salida MP3\/Line, salida de emulaci\u00f3n de altavoz con voicing de 1x12 y 4x12, reverb est\u00e9reo, rejilla de metal, dimensiones: 395 x 239 x 230 mm, peso: 7.6 kg.","breadcrumb":{"@id":"https:\/\/www.mexicanguitarplayers.com\/tienda\/cuerdas\/amplificadores-cuerdas\/amps-para-guitarra\/amplificador-blackstar-p-guit-ht-metal5h\/#breadcrumb"},"inLanguage":"en-US","potentialAction":[{"@type":"ReadAction","target":["https:\/\/www.mexicanguitarplayers.com\/tienda\/cuerdas\/amplificadores-cuerdas\/amps-para-guitarra\/amplificador-blackstar-p-guit-ht-metal5h\/"]}]},{"@type":"ImageObject","inLanguage":"en-US","@id":"https:\/\/www.mexicanguitarplayers.com\/tienda\/cuerdas\/amplificadores-cuerdas\/amps-para-guitarra\/amplificador-blackstar-p-guit-ht-metal5h\/#primaryimage","url":"https:\/\/www.mexicanguitarplayers.com\/wp-content\/uploads\/2022\/08\/ICBLSHTMET5H-1.jpg","contentUrl":"https:\/\/www.mexicanguitarplayers.com\/wp-content\/uploads\/2022\/08\/ICBLSHTMET5H-1.jpg","width":1200,"height":1200},{"@type":"BreadcrumbList","@id":"https:\/\/www.mexicanguitarplayers.com\/tienda\/cuerdas\/amplificadores-cuerdas\/amps-para-guitarra\/amplificador-blackstar-p-guit-ht-metal5h\/#breadcrumb","itemListElement":[{"@type":"ListItem","position":1,"name":"Portada","item":"https:\/\/www.mexicanguitarplayers.com\/"},{"@type":"ListItem","position":2,"name":"Tienda","item":"https:\/\/www.mexicanguitarplayers.com\/tienda\/"},{"@type":"ListItem","position":3,"name":"AMPLIFICADOR BLACKSTAR P\/GUIT.HT-METAL5H"}]},{"@type":"WebSite","@id":"https:\/\/www.mexicanguitarplayers.com\/#website","url":"https:\/\/www.mexicanguitarplayers.com\/","name":"Mexican Guitar Players","description":"Website","publisher":{"@id":"https:\/\/www.mexicanguitarplayers.com\/#organization"},"potentialAction":[{"@type":"SearchAction","target":{"@type":"EntryPoint","urlTemplate":"https:\/\/www.mexicanguitarplayers.com\/?s={search_term_string}"},"query-input":{"@type":"PropertyValueSpecification","valueRequired":true,"valueName":"search_term_string"}}],"inLanguage":"en-US"},{"@type":"Organization","@id":"https:\/\/www.mexicanguitarplayers.com\/#organization","name":"Mexican Guitar Players","url":"https:\/\/www.mexicanguitarplayers.com\/","logo":{"@type":"ImageObject","inLanguage":"en-US","@id":"https:\/\/www.mexicanguitarplayers.com\/#\/schema\/logo\/image\/","url":"","contentUrl":"","caption":"Mexican Guitar Players"},"image":{"@id":"https:\/\/www.mexicanguitarplayers.com\/#\/schema\/logo\/image\/"}}]}},"brands":[{"id":172,"name":"BLACKSTAR","slug":"blackstar"}],"_links":{"self":[{"href":"https:\/\/www.mexicanguitarplayers.com\/en\/wp-json\/wp\/v2\/product\/8574","targetHints":{"allow":["GET"]}}],"collection":[{"href":"https:\/\/www.mexicanguitarplayers.com\/en\/wp-json\/wp\/v2\/product"}],"about":[{"href":"https:\/\/www.mexicanguitarplayers.com\/en\/wp-json\/wp\/v2\/types\/product"}],"replies":[{"embeddable":true,"href":"https:\/\/www.mexicanguitarplayers.com\/en\/wp-json\/wp\/v2\/comments?post=8574"}],"wp:featuredmedia":[{"embeddable":true,"href":"https:\/\/www.mexicanguitarplayers.com\/en\/wp-json\/wp\/v2\/media\/22086"}],"wp:attachment":[{"href":"https:\/\/www.mexicanguitarplayers.com\/en\/wp-json\/wp\/v2\/media?parent=8574"}],"wp:term":[{"taxonomy":"pwb-brand","embeddable":true,"href":"https:\/\/www.mexicanguitarplayers.com\/en\/wp-json\/wp\/v2\/pwb-brand?post=8574"},{"taxonomy":"product_brand","embeddable":true,"href":"https:\/\/www.mexicanguitarplayers.com\/en\/wp-json\/wp\/v2\/product_brand?post=8574"},{"taxonomy":"product_cat","embeddable":true,"href":"https:\/\/www.mexicanguitarplayers.com\/en\/wp-json\/wp\/v2\/product_cat?post=8574"},{"taxonomy":"product_tag","embeddable":true,"href":"https:\/\/www.mexicanguitarplayers.com\/en\/wp-json\/wp\/v2\/product_tag?post=8574"}],"curies":[{"name":"wp","href":"https:\/\/api.w.org\/{rel}","templated":true}]}}