{"id":8581,"date":"2022-08-18T01:03:08","date_gmt":"2022-08-18T06:03:08","guid":{"rendered":"https:\/\/www.mexicanguitarplayers.com\/tienda\/sin%20categor\u00eda\/bafle-blackstar-p-guitarra-htv2-112\/"},"modified":"2026-04-10T05:26:18","modified_gmt":"2026-04-10T11:26:18","slug":"bafle-blackstar-p-guitarra-htv2-112","status":"publish","type":"product","link":"https:\/\/www.mexicanguitarplayers.com\/en\/tienda\/cuerdas\/bafles-cuerdas\/bafles-para-guitarra\/bafle-blackstar-p-guitarra-htv2-112\/","title":{"rendered":"BLACKSTAR BAFFER FOR GUITAR HTV2-112"},"content":{"rendered":"<div style=\"text-align: justify\">\n<div>\n<h3>BLACKSTAR BAFFER FOR GUITAR HTV2-112<\/h3>\n<\/div>\n<div>Guitar Cabinet, HT Venue Series, 1x12, speaker extension cabinet, one 12\u201d Celestion speaker, power rating: 80 watts, impedance: 16 ohms mono, open back design, rugged construction, designed for use with HT Venue series guitar amp range, finger-locked joints, heavy-duty wiring and great vintage styling, dimensions: 621 x 530 x 294mm, weight: 17.6kg.<\/div>\n<\/div>","protected":false},"excerpt":{"rendered":"<p>Bafle para guitarra, serie HT Venue, 1&#215;12, gabinete de extensi\u00f3n de altavoz, un altavoz Celestion de 12\u201d pulgadas, potencia de 80 watts, impedancia: 16 ohms mono, dise\u00f1o posterior abierto, construcci\u00f3n resistente, dise\u00f1ado para su uso con la gama de amplificadores para guitarra de la serie HT Venue, juntas finger-locked, cableado de servicio pesado y un genial estilo vintage, dimensiones: 621 x 530 x 294 mm, peso: 17.6 kg.&hellip; <a class=\"kt-excerpt-readmore more-link\" href=\"https:\/\/www.mexicanguitarplayers.com\/en\/tienda\/cuerdas\/bafles-cuerdas\/bafles-para-guitarra\/bafle-blackstar-p-guitarra-htv2-112\/\">Read more<\/a><\/p>","protected":false},"featured_media":22090,"comment_status":"open","ping_status":"closed","template":"","meta":{"kt_blocks_editor_width":""},"pwb-brand":[172],"product_brand":[],"product_cat":[250,253,224],"product_tag":[],"class_list":{"0":"post-8581","1":"product","2":"type-product","3":"status-publish","4":"has-post-thumbnail","6":"pwb-brand-blackstar","7":"product_cat-bafles-cuerdas","8":"product_cat-bafles-para-guitarra","9":"product_cat-cuerdas","10":"product_shipping_class-25-30-kg","12":"first","13":"outofstock","14":"taxable","15":"shipping-taxable","16":"purchasable","17":"product-type-simple"},"yoast_head":"<!-- This site is optimized with the Yoast SEO plugin v27.6 - https:\/\/yoast.com\/product\/yoast-seo-wordpress\/ -->\n<title>BAFLE BLACKSTAR P\/GUITARRA HTV2-112 - Mexican Guitar Players<\/title>\n<meta name=\"description\" content=\"BAFLE BLACKSTAR P\/GUITARRA HTV2-112. Bafle para guitarra, serie HT Venue, 1x12, gabinete de extensi\u00f3n de altavoz, un altavoz Celestion de 12\u201d pulgadas, potencia de 80 watts, impedancia: 16 ohms mono, dise\u00f1o posterior abierto, construcci\u00f3n resistente, dise\u00f1ado para su uso con la gama de amplificadores para guitarra de la serie HT Venue, juntas finger-locked, cableado de servicio pesado y un genial estilo vintage, dimensiones: 621 x 530 x 294 mm, peso: 17.6 kg.\" \/>\n<meta name=\"robots\" content=\"index, follow, max-snippet:-1, max-image-preview:large, max-video-preview:-1\" \/>\n<link rel=\"canonical\" href=\"https:\/\/www.mexicanguitarplayers.com\/en\/tienda\/cuerdas\/bafles-cuerdas\/bafles-para-guitarra\/bafle-blackstar-p-guitarra-htv2-112\/\" \/>\n<meta property=\"og:locale\" content=\"en_US\" \/>\n<meta property=\"og:type\" content=\"article\" \/>\n<meta property=\"og:title\" content=\"BAFLE BLACKSTAR P\/GUITARRA HTV2-112 - Mexican Guitar Players\" \/>\n<meta property=\"og:description\" content=\"BAFLE BLACKSTAR P\/GUITARRA HTV2-112. Bafle para guitarra, serie HT Venue, 1x12, gabinete de extensi\u00f3n de altavoz, un altavoz Celestion de 12\u201d pulgadas, potencia de 80 watts, impedancia: 16 ohms mono, dise\u00f1o posterior abierto, construcci\u00f3n resistente, dise\u00f1ado para su uso con la gama de amplificadores para guitarra de la serie HT Venue, juntas finger-locked, cableado de servicio pesado y un genial estilo vintage, dimensiones: 621 x 530 x 294 mm, peso: 17.6 kg.\" \/>\n<meta property=\"og:url\" content=\"https:\/\/www.mexicanguitarplayers.com\/en\/tienda\/cuerdas\/bafles-cuerdas\/bafles-para-guitarra\/bafle-blackstar-p-guitarra-htv2-112\/\" \/>\n<meta property=\"og:site_name\" content=\"Mexican Guitar Players\" \/>\n<meta property=\"article:modified_time\" content=\"2026-04-10T11:26:18+00:00\" \/>\n<meta property=\"og:image\" content=\"https:\/\/www.mexicanguitarplayers.com\/wp-content\/uploads\/2022\/08\/ICBLSHTV2112-1.jpg\" \/>\n\t<meta property=\"og:image:width\" content=\"1200\" \/>\n\t<meta property=\"og:image:height\" content=\"1200\" \/>\n\t<meta property=\"og:image:type\" content=\"image\/jpeg\" \/>\n<meta name=\"twitter:card\" content=\"summary_large_image\" \/>\n<script type=\"application\/ld+json\" class=\"yoast-schema-graph\">{\"@context\":\"https:\\\/\\\/schema.org\",\"@graph\":[{\"@type\":[\"WebPage\",\"ItemPage\"],\"@id\":\"https:\\\/\\\/www.mexicanguitarplayers.com\\\/tienda\\\/cuerdas\\\/bafles-cuerdas\\\/bafles-para-guitarra\\\/bafle-blackstar-p-guitarra-htv2-112\\\/\",\"url\":\"https:\\\/\\\/www.mexicanguitarplayers.com\\\/tienda\\\/cuerdas\\\/bafles-cuerdas\\\/bafles-para-guitarra\\\/bafle-blackstar-p-guitarra-htv2-112\\\/\",\"name\":\"BAFLE BLACKSTAR P\\\/GUITARRA HTV2-112 - Mexican Guitar Players\",\"isPartOf\":{\"@id\":\"https:\\\/\\\/www.mexicanguitarplayers.com\\\/#website\"},\"primaryImageOfPage\":{\"@id\":\"https:\\\/\\\/www.mexicanguitarplayers.com\\\/tienda\\\/cuerdas\\\/bafles-cuerdas\\\/bafles-para-guitarra\\\/bafle-blackstar-p-guitarra-htv2-112\\\/#primaryimage\"},\"image\":{\"@id\":\"https:\\\/\\\/www.mexicanguitarplayers.com\\\/tienda\\\/cuerdas\\\/bafles-cuerdas\\\/bafles-para-guitarra\\\/bafle-blackstar-p-guitarra-htv2-112\\\/#primaryimage\"},\"thumbnailUrl\":\"https:\\\/\\\/www.mexicanguitarplayers.com\\\/wp-content\\\/uploads\\\/2022\\\/08\\\/ICBLSHTV2112-1.jpg\",\"datePublished\":\"2022-08-18T06:03:08+00:00\",\"dateModified\":\"2026-04-10T11:26:18+00:00\",\"description\":\"BAFLE BLACKSTAR P\\\/GUITARRA HTV2-112. Bafle para guitarra, serie HT Venue, 1x12, gabinete de extensi\u00f3n de altavoz, un altavoz Celestion de 12\u201d pulgadas, potencia de 80 watts, impedancia: 16 ohms mono, dise\u00f1o posterior abierto, construcci\u00f3n resistente, dise\u00f1ado para su uso con la gama de amplificadores para guitarra de la serie HT Venue, juntas finger-locked, cableado de servicio pesado y un genial estilo vintage, dimensiones: 621 x 530 x 294 mm, peso: 17.6 kg.\",\"breadcrumb\":{\"@id\":\"https:\\\/\\\/www.mexicanguitarplayers.com\\\/tienda\\\/cuerdas\\\/bafles-cuerdas\\\/bafles-para-guitarra\\\/bafle-blackstar-p-guitarra-htv2-112\\\/#breadcrumb\"},\"inLanguage\":\"en-US\",\"potentialAction\":[{\"@type\":\"ReadAction\",\"target\":[\"https:\\\/\\\/www.mexicanguitarplayers.com\\\/tienda\\\/cuerdas\\\/bafles-cuerdas\\\/bafles-para-guitarra\\\/bafle-blackstar-p-guitarra-htv2-112\\\/\"]}]},{\"@type\":\"ImageObject\",\"inLanguage\":\"en-US\",\"@id\":\"https:\\\/\\\/www.mexicanguitarplayers.com\\\/tienda\\\/cuerdas\\\/bafles-cuerdas\\\/bafles-para-guitarra\\\/bafle-blackstar-p-guitarra-htv2-112\\\/#primaryimage\",\"url\":\"https:\\\/\\\/www.mexicanguitarplayers.com\\\/wp-content\\\/uploads\\\/2022\\\/08\\\/ICBLSHTV2112-1.jpg\",\"contentUrl\":\"https:\\\/\\\/www.mexicanguitarplayers.com\\\/wp-content\\\/uploads\\\/2022\\\/08\\\/ICBLSHTV2112-1.jpg\",\"width\":1200,\"height\":1200},{\"@type\":\"BreadcrumbList\",\"@id\":\"https:\\\/\\\/www.mexicanguitarplayers.com\\\/tienda\\\/cuerdas\\\/bafles-cuerdas\\\/bafles-para-guitarra\\\/bafle-blackstar-p-guitarra-htv2-112\\\/#breadcrumb\",\"itemListElement\":[{\"@type\":\"ListItem\",\"position\":1,\"name\":\"Portada\",\"item\":\"https:\\\/\\\/www.mexicanguitarplayers.com\\\/\"},{\"@type\":\"ListItem\",\"position\":2,\"name\":\"Tienda\",\"item\":\"https:\\\/\\\/www.mexicanguitarplayers.com\\\/tienda\\\/\"},{\"@type\":\"ListItem\",\"position\":3,\"name\":\"BAFLE BLACKSTAR P\\\/GUITARRA HTV2-112\"}]},{\"@type\":\"WebSite\",\"@id\":\"https:\\\/\\\/www.mexicanguitarplayers.com\\\/#website\",\"url\":\"https:\\\/\\\/www.mexicanguitarplayers.com\\\/\",\"name\":\"Mexican Guitar Players\",\"description\":\"Website\",\"publisher\":{\"@id\":\"https:\\\/\\\/www.mexicanguitarplayers.com\\\/#organization\"},\"potentialAction\":[{\"@type\":\"SearchAction\",\"target\":{\"@type\":\"EntryPoint\",\"urlTemplate\":\"https:\\\/\\\/www.mexicanguitarplayers.com\\\/?s={search_term_string}\"},\"query-input\":{\"@type\":\"PropertyValueSpecification\",\"valueRequired\":true,\"valueName\":\"search_term_string\"}}],\"inLanguage\":\"en-US\"},{\"@type\":\"Organization\",\"@id\":\"https:\\\/\\\/www.mexicanguitarplayers.com\\\/#organization\",\"name\":\"Mexican Guitar Players\",\"url\":\"https:\\\/\\\/www.mexicanguitarplayers.com\\\/\",\"logo\":{\"@type\":\"ImageObject\",\"inLanguage\":\"en-US\",\"@id\":\"https:\\\/\\\/www.mexicanguitarplayers.com\\\/#\\\/schema\\\/logo\\\/image\\\/\",\"url\":\"\",\"contentUrl\":\"\",\"caption\":\"Mexican Guitar Players\"},\"image\":{\"@id\":\"https:\\\/\\\/www.mexicanguitarplayers.com\\\/#\\\/schema\\\/logo\\\/image\\\/\"}}]}<\/script>\n<!-- \/ Yoast SEO plugin. -->","yoast_head_json":{"title":"BAFLE BLACKSTAR P\/GUITARRA HTV2-112 - Mexican Guitar Players","description":"BAFLE BLACKSTAR P\/GUITARRA HTV2-112. Bafle para guitarra, serie HT Venue, 1x12, gabinete de extensi\u00f3n de altavoz, un altavoz Celestion de 12\u201d pulgadas, potencia de 80 watts, impedancia: 16 ohms mono, dise\u00f1o posterior abierto, construcci\u00f3n resistente, dise\u00f1ado para su uso con la gama de amplificadores para guitarra de la serie HT Venue, juntas finger-locked, cableado de servicio pesado y un genial estilo vintage, dimensiones: 621 x 530 x 294 mm, peso: 17.6 kg.","robots":{"index":"index","follow":"follow","max-snippet":"max-snippet:-1","max-image-preview":"max-image-preview:large","max-video-preview":"max-video-preview:-1"},"canonical":"https:\/\/www.mexicanguitarplayers.com\/en\/tienda\/cuerdas\/bafles-cuerdas\/bafles-para-guitarra\/bafle-blackstar-p-guitarra-htv2-112\/","og_locale":"en_US","og_type":"article","og_title":"BAFLE BLACKSTAR P\/GUITARRA HTV2-112 - Mexican Guitar Players","og_description":"BAFLE BLACKSTAR P\/GUITARRA HTV2-112. Bafle para guitarra, serie HT Venue, 1x12, gabinete de extensi\u00f3n de altavoz, un altavoz Celestion de 12\u201d pulgadas, potencia de 80 watts, impedancia: 16 ohms mono, dise\u00f1o posterior abierto, construcci\u00f3n resistente, dise\u00f1ado para su uso con la gama de amplificadores para guitarra de la serie HT Venue, juntas finger-locked, cableado de servicio pesado y un genial estilo vintage, dimensiones: 621 x 530 x 294 mm, peso: 17.6 kg.","og_url":"https:\/\/www.mexicanguitarplayers.com\/en\/tienda\/cuerdas\/bafles-cuerdas\/bafles-para-guitarra\/bafle-blackstar-p-guitarra-htv2-112\/","og_site_name":"Mexican Guitar Players","article_modified_time":"2026-04-10T11:26:18+00:00","og_image":[{"width":1200,"height":1200,"url":"https:\/\/www.mexicanguitarplayers.com\/wp-content\/uploads\/2022\/08\/ICBLSHTV2112-1.jpg","type":"image\/jpeg"}],"twitter_card":"summary_large_image","schema":{"@context":"https:\/\/schema.org","@graph":[{"@type":["WebPage","ItemPage"],"@id":"https:\/\/www.mexicanguitarplayers.com\/tienda\/cuerdas\/bafles-cuerdas\/bafles-para-guitarra\/bafle-blackstar-p-guitarra-htv2-112\/","url":"https:\/\/www.mexicanguitarplayers.com\/tienda\/cuerdas\/bafles-cuerdas\/bafles-para-guitarra\/bafle-blackstar-p-guitarra-htv2-112\/","name":"BAFLE BLACKSTAR P\/GUITARRA HTV2-112 - Mexican Guitar Players","isPartOf":{"@id":"https:\/\/www.mexicanguitarplayers.com\/#website"},"primaryImageOfPage":{"@id":"https:\/\/www.mexicanguitarplayers.com\/tienda\/cuerdas\/bafles-cuerdas\/bafles-para-guitarra\/bafle-blackstar-p-guitarra-htv2-112\/#primaryimage"},"image":{"@id":"https:\/\/www.mexicanguitarplayers.com\/tienda\/cuerdas\/bafles-cuerdas\/bafles-para-guitarra\/bafle-blackstar-p-guitarra-htv2-112\/#primaryimage"},"thumbnailUrl":"https:\/\/www.mexicanguitarplayers.com\/wp-content\/uploads\/2022\/08\/ICBLSHTV2112-1.jpg","datePublished":"2022-08-18T06:03:08+00:00","dateModified":"2026-04-10T11:26:18+00:00","description":"BAFLE BLACKSTAR P\/GUITARRA HTV2-112. Bafle para guitarra, serie HT Venue, 1x12, gabinete de extensi\u00f3n de altavoz, un altavoz Celestion de 12\u201d pulgadas, potencia de 80 watts, impedancia: 16 ohms mono, dise\u00f1o posterior abierto, construcci\u00f3n resistente, dise\u00f1ado para su uso con la gama de amplificadores para guitarra de la serie HT Venue, juntas finger-locked, cableado de servicio pesado y un genial estilo vintage, dimensiones: 621 x 530 x 294 mm, peso: 17.6 kg.","breadcrumb":{"@id":"https:\/\/www.mexicanguitarplayers.com\/tienda\/cuerdas\/bafles-cuerdas\/bafles-para-guitarra\/bafle-blackstar-p-guitarra-htv2-112\/#breadcrumb"},"inLanguage":"en-US","potentialAction":[{"@type":"ReadAction","target":["https:\/\/www.mexicanguitarplayers.com\/tienda\/cuerdas\/bafles-cuerdas\/bafles-para-guitarra\/bafle-blackstar-p-guitarra-htv2-112\/"]}]},{"@type":"ImageObject","inLanguage":"en-US","@id":"https:\/\/www.mexicanguitarplayers.com\/tienda\/cuerdas\/bafles-cuerdas\/bafles-para-guitarra\/bafle-blackstar-p-guitarra-htv2-112\/#primaryimage","url":"https:\/\/www.mexicanguitarplayers.com\/wp-content\/uploads\/2022\/08\/ICBLSHTV2112-1.jpg","contentUrl":"https:\/\/www.mexicanguitarplayers.com\/wp-content\/uploads\/2022\/08\/ICBLSHTV2112-1.jpg","width":1200,"height":1200},{"@type":"BreadcrumbList","@id":"https:\/\/www.mexicanguitarplayers.com\/tienda\/cuerdas\/bafles-cuerdas\/bafles-para-guitarra\/bafle-blackstar-p-guitarra-htv2-112\/#breadcrumb","itemListElement":[{"@type":"ListItem","position":1,"name":"Portada","item":"https:\/\/www.mexicanguitarplayers.com\/"},{"@type":"ListItem","position":2,"name":"Tienda","item":"https:\/\/www.mexicanguitarplayers.com\/tienda\/"},{"@type":"ListItem","position":3,"name":"BAFLE BLACKSTAR P\/GUITARRA HTV2-112"}]},{"@type":"WebSite","@id":"https:\/\/www.mexicanguitarplayers.com\/#website","url":"https:\/\/www.mexicanguitarplayers.com\/","name":"Mexican Guitar Players","description":"Website","publisher":{"@id":"https:\/\/www.mexicanguitarplayers.com\/#organization"},"potentialAction":[{"@type":"SearchAction","target":{"@type":"EntryPoint","urlTemplate":"https:\/\/www.mexicanguitarplayers.com\/?s={search_term_string}"},"query-input":{"@type":"PropertyValueSpecification","valueRequired":true,"valueName":"search_term_string"}}],"inLanguage":"en-US"},{"@type":"Organization","@id":"https:\/\/www.mexicanguitarplayers.com\/#organization","name":"Mexican Guitar Players","url":"https:\/\/www.mexicanguitarplayers.com\/","logo":{"@type":"ImageObject","inLanguage":"en-US","@id":"https:\/\/www.mexicanguitarplayers.com\/#\/schema\/logo\/image\/","url":"","contentUrl":"","caption":"Mexican Guitar Players"},"image":{"@id":"https:\/\/www.mexicanguitarplayers.com\/#\/schema\/logo\/image\/"}}]}},"brands":[{"id":172,"name":"BLACKSTAR","slug":"blackstar"}],"_links":{"self":[{"href":"https:\/\/www.mexicanguitarplayers.com\/en\/wp-json\/wp\/v2\/product\/8581","targetHints":{"allow":["GET"]}}],"collection":[{"href":"https:\/\/www.mexicanguitarplayers.com\/en\/wp-json\/wp\/v2\/product"}],"about":[{"href":"https:\/\/www.mexicanguitarplayers.com\/en\/wp-json\/wp\/v2\/types\/product"}],"replies":[{"embeddable":true,"href":"https:\/\/www.mexicanguitarplayers.com\/en\/wp-json\/wp\/v2\/comments?post=8581"}],"wp:featuredmedia":[{"embeddable":true,"href":"https:\/\/www.mexicanguitarplayers.com\/en\/wp-json\/wp\/v2\/media\/22090"}],"wp:attachment":[{"href":"https:\/\/www.mexicanguitarplayers.com\/en\/wp-json\/wp\/v2\/media?parent=8581"}],"wp:term":[{"taxonomy":"pwb-brand","embeddable":true,"href":"https:\/\/www.mexicanguitarplayers.com\/en\/wp-json\/wp\/v2\/pwb-brand?post=8581"},{"taxonomy":"product_brand","embeddable":true,"href":"https:\/\/www.mexicanguitarplayers.com\/en\/wp-json\/wp\/v2\/product_brand?post=8581"},{"taxonomy":"product_cat","embeddable":true,"href":"https:\/\/www.mexicanguitarplayers.com\/en\/wp-json\/wp\/v2\/product_cat?post=8581"},{"taxonomy":"product_tag","embeddable":true,"href":"https:\/\/www.mexicanguitarplayers.com\/en\/wp-json\/wp\/v2\/product_tag?post=8581"}],"curies":[{"name":"wp","href":"https:\/\/api.w.org\/{rel}","templated":true}]}}