{"id":8634,"date":"2022-08-18T01:04:52","date_gmt":"2022-08-18T06:04:52","guid":{"rendered":"https:\/\/www.mexicanguitarplayers.com\/tienda\/sin%20categor\u00eda\/combo-blackstar-p-guit-silverline-std\/"},"modified":"2026-05-01T07:48:25","modified_gmt":"2026-05-01T13:48:25","slug":"combo-blackstar-p-guit-silverline-std","status":"publish","type":"product","link":"https:\/\/www.mexicanguitarplayers.com\/en\/tienda\/cuerdas\/combos\/combos-para-guitarra\/combo-blackstar-p-guit-silverline-std\/","title":{"rendered":"BLACKSTAR P\/GUIT COMBO. SILVERLINE STD"},"content":{"rendered":"<div style=\"text-align: justify\">\n<div>\n<h3>BLACKSTAR P\/GUIT COMBO. SILVERLINE STD<\/h3>\n<\/div>\n<div>State-of-the-art digital guitar combo with innovative SHARC\u00ae DSP power, 1x10&quot; inch, 20 watts, attractive boutique style, response control based on patented TVP technology that accurately reproduces the nuances of classic power amp circuitry (EL84, 6V6, EL34, KT66, 6L6, KT88), Proprietary ISF control takes you from British to American tone, Six Blackstar preamp voices (Clean Warm, Clean Bright, Crunch, Super Crunch, OD 1, OD 2 ), USB port for direct recording and effortless amplification, INSIDER software that unlocks deep editing features and patch management and sharing, MP3\/Line input and emulated\/phone output that deliver studio-ready tone and quiet practice, enough Powerful for any stage yet subtle enough for home, manual and preset operation with 12 fully customizable preset locations (128 with footswitch), loaded with Celestion Type V speakers.<\/div>\n<\/div>","protected":false},"excerpt":{"rendered":"<p>Combo digital para guitarra de \u00faltima generaci\u00f3n con innovadora potencia SHARC\u00ae DSP, 1&#215;10\u201d pulgadas, 20 watts, atractivo estilo boutique, control de respuesta basado en la tecnolog\u00eda patentada TVP que reproduce con precisi\u00f3n los matices de los circuitos de amplificadores cl\u00e1sicos de potencia (EL84, 6V6, EL34, KT66, 6L6, KT88), control ISF patentado que te lleva de un tono brit\u00e1nico a uno americano, seis voces preamplificadas de Blackstar (Clean Warm, Clean Bright, Crunch, Super Crunch, OD 1, OD 2), puerto USB para grabaci\u00f3n directa y amplificaci\u00f3n sin esfuerzo, software INSIDER que desbloquea funciones de edici\u00f3n profunda y gesti\u00f3n y uso compartido de patches, entrada MP3\/Line y salida emulada\/aud\u00edfonos que ofrecen un tono listo para estudio y pr\u00e1ctica silenciosa, lo suficientemente potente para cualquier escenario pero lo suficientemente sutil para el hogar, operaci\u00f3n manual y prestablecida con 12 ubicaciones prestablecidas totalmente personalizables (128 con footswitch), cargado con altavoces Celestion tipo V.&hellip; <a class=\"kt-excerpt-readmore more-link\" href=\"https:\/\/www.mexicanguitarplayers.com\/en\/tienda\/cuerdas\/combos\/combos-para-guitarra\/combo-blackstar-p-guit-silverline-std\/\">Read more<\/a><\/p>","protected":false},"featured_media":22129,"comment_status":"open","ping_status":"closed","template":"","meta":{"kt_blocks_editor_width":""},"pwb-brand":[172],"product_brand":[],"product_cat":[236,237,224],"product_tag":[],"class_list":{"0":"post-8634","1":"product","2":"type-product","3":"status-publish","4":"has-post-thumbnail","6":"pwb-brand-blackstar","7":"product_cat-combos","8":"product_cat-combos-para-guitarra","9":"product_cat-cuerdas","10":"product_shipping_class-15-20-kg","12":"first","13":"instock","14":"taxable","15":"shipping-taxable","16":"purchasable","17":"product-type-simple"},"yoast_head":"<!-- This site is optimized with the Yoast SEO plugin v27.6 - https:\/\/yoast.com\/product\/yoast-seo-wordpress\/ -->\n<title>COMBO BLACKSTAR P\/GUIT. SILVERLINE STD - Mexican Guitar Players<\/title>\n<meta name=\"description\" content=\"COMBO BLACKSTAR P\/GUIT. SILVERLINE STD. Combo digital para guitarra de \u00faltima generaci\u00f3n con innovadora potencia SHARC\u00ae DSP, 1x10\u201d pulgadas, 20 watts, atractivo estilo boutique, control de respuesta basado en la tecnolog\u00eda patentada TVP que reproduce con precisi\u00f3n los matices de los circuitos de amplificadores cl\u00e1sicos de potencia (EL84, 6V6, EL34, KT66, 6L6, KT88), control ISF patentado que te lleva de un tono brit\u00e1nico a uno americano, seis voces preamplificadas de Blackstar (Clean Warm, Clean Bright, Crunch, Super Crunch, OD 1, OD 2), puerto USB para grabaci\u00f3n directa y amplificaci\u00f3n sin esfuerzo, software INSIDER que desbloquea funciones de edici\u00f3n profunda y gesti\u00f3n y uso compartido de patches, entrada MP3\/Line y salida emulada\/aud\u00edfonos que ofrecen un tono listo para estudio y pr\u00e1ctica silenciosa, lo suficientemente potente para cualquier escenario pero lo suficientemente sutil para el hogar, operaci\u00f3n manual y prestablecida con 12 ubicaciones prestablecidas totalmente personalizables (128 con footswitch), cargado con altavoces Celestion tipo V.\" \/>\n<meta name=\"robots\" content=\"index, follow, max-snippet:-1, max-image-preview:large, max-video-preview:-1\" \/>\n<link rel=\"canonical\" href=\"https:\/\/www.mexicanguitarplayers.com\/en\/tienda\/cuerdas\/combos\/combos-para-guitarra\/combo-blackstar-p-guit-silverline-std\/\" \/>\n<meta property=\"og:locale\" content=\"en_US\" \/>\n<meta property=\"og:type\" content=\"article\" \/>\n<meta property=\"og:title\" content=\"COMBO BLACKSTAR P\/GUIT. SILVERLINE STD - Mexican Guitar Players\" \/>\n<meta property=\"og:description\" content=\"COMBO BLACKSTAR P\/GUIT. SILVERLINE STD. Combo digital para guitarra de \u00faltima generaci\u00f3n con innovadora potencia SHARC\u00ae DSP, 1x10\u201d pulgadas, 20 watts, atractivo estilo boutique, control de respuesta basado en la tecnolog\u00eda patentada TVP que reproduce con precisi\u00f3n los matices de los circuitos de amplificadores cl\u00e1sicos de potencia (EL84, 6V6, EL34, KT66, 6L6, KT88), control ISF patentado que te lleva de un tono brit\u00e1nico a uno americano, seis voces preamplificadas de Blackstar (Clean Warm, Clean Bright, Crunch, Super Crunch, OD 1, OD 2), puerto USB para grabaci\u00f3n directa y amplificaci\u00f3n sin esfuerzo, software INSIDER que desbloquea funciones de edici\u00f3n profunda y gesti\u00f3n y uso compartido de patches, entrada MP3\/Line y salida emulada\/aud\u00edfonos que ofrecen un tono listo para estudio y pr\u00e1ctica silenciosa, lo suficientemente potente para cualquier escenario pero lo suficientemente sutil para el hogar, operaci\u00f3n manual y prestablecida con 12 ubicaciones prestablecidas totalmente personalizables (128 con footswitch), cargado con altavoces Celestion tipo V.\" \/>\n<meta property=\"og:url\" content=\"https:\/\/www.mexicanguitarplayers.com\/en\/tienda\/cuerdas\/combos\/combos-para-guitarra\/combo-blackstar-p-guit-silverline-std\/\" \/>\n<meta property=\"og:site_name\" content=\"Mexican Guitar Players\" \/>\n<meta property=\"article:modified_time\" content=\"2026-05-01T13:48:25+00:00\" \/>\n<meta property=\"og:image\" content=\"https:\/\/www.mexicanguitarplayers.com\/wp-content\/uploads\/2022\/08\/ICBLSSILSTD-1.jpg\" \/>\n\t<meta property=\"og:image:width\" content=\"1200\" \/>\n\t<meta property=\"og:image:height\" content=\"1200\" \/>\n\t<meta property=\"og:image:type\" content=\"image\/jpeg\" \/>\n<meta name=\"twitter:card\" content=\"summary_large_image\" \/>\n<meta name=\"twitter:label1\" content=\"Est. reading time\" \/>\n\t<meta name=\"twitter:data1\" content=\"1 minute\" \/>\n<script type=\"application\/ld+json\" class=\"yoast-schema-graph\">{\"@context\":\"https:\\\/\\\/schema.org\",\"@graph\":[{\"@type\":[\"WebPage\",\"ItemPage\"],\"@id\":\"https:\\\/\\\/www.mexicanguitarplayers.com\\\/tienda\\\/cuerdas\\\/combos\\\/combos-para-guitarra\\\/combo-blackstar-p-guit-silverline-std\\\/\",\"url\":\"https:\\\/\\\/www.mexicanguitarplayers.com\\\/tienda\\\/cuerdas\\\/combos\\\/combos-para-guitarra\\\/combo-blackstar-p-guit-silverline-std\\\/\",\"name\":\"COMBO BLACKSTAR P\\\/GUIT. SILVERLINE STD - Mexican Guitar Players\",\"isPartOf\":{\"@id\":\"https:\\\/\\\/www.mexicanguitarplayers.com\\\/#website\"},\"primaryImageOfPage\":{\"@id\":\"https:\\\/\\\/www.mexicanguitarplayers.com\\\/tienda\\\/cuerdas\\\/combos\\\/combos-para-guitarra\\\/combo-blackstar-p-guit-silverline-std\\\/#primaryimage\"},\"image\":{\"@id\":\"https:\\\/\\\/www.mexicanguitarplayers.com\\\/tienda\\\/cuerdas\\\/combos\\\/combos-para-guitarra\\\/combo-blackstar-p-guit-silverline-std\\\/#primaryimage\"},\"thumbnailUrl\":\"https:\\\/\\\/www.mexicanguitarplayers.com\\\/wp-content\\\/uploads\\\/2022\\\/08\\\/ICBLSSILSTD-1.jpg\",\"datePublished\":\"2022-08-18T06:04:52+00:00\",\"dateModified\":\"2026-05-01T13:48:25+00:00\",\"description\":\"COMBO BLACKSTAR P\\\/GUIT. SILVERLINE STD. Combo digital para guitarra de \u00faltima generaci\u00f3n con innovadora potencia SHARC\u00ae DSP, 1x10\u201d pulgadas, 20 watts, atractivo estilo boutique, control de respuesta basado en la tecnolog\u00eda patentada TVP que reproduce con precisi\u00f3n los matices de los circuitos de amplificadores cl\u00e1sicos de potencia (EL84, 6V6, EL34, KT66, 6L6, KT88), control ISF patentado que te lleva de un tono brit\u00e1nico a uno americano, seis voces preamplificadas de Blackstar (Clean Warm, Clean Bright, Crunch, Super Crunch, OD 1, OD 2), puerto USB para grabaci\u00f3n directa y amplificaci\u00f3n sin esfuerzo, software INSIDER que desbloquea funciones de edici\u00f3n profunda y gesti\u00f3n y uso compartido de patches, entrada MP3\\\/Line y salida emulada\\\/aud\u00edfonos que ofrecen un tono listo para estudio y pr\u00e1ctica silenciosa, lo suficientemente potente para cualquier escenario pero lo suficientemente sutil para el hogar, operaci\u00f3n manual y prestablecida con 12 ubicaciones prestablecidas totalmente personalizables (128 con footswitch), cargado con altavoces Celestion tipo V.\",\"breadcrumb\":{\"@id\":\"https:\\\/\\\/www.mexicanguitarplayers.com\\\/tienda\\\/cuerdas\\\/combos\\\/combos-para-guitarra\\\/combo-blackstar-p-guit-silverline-std\\\/#breadcrumb\"},\"inLanguage\":\"en-US\",\"potentialAction\":[{\"@type\":\"ReadAction\",\"target\":[\"https:\\\/\\\/www.mexicanguitarplayers.com\\\/tienda\\\/cuerdas\\\/combos\\\/combos-para-guitarra\\\/combo-blackstar-p-guit-silverline-std\\\/\"]}]},{\"@type\":\"ImageObject\",\"inLanguage\":\"en-US\",\"@id\":\"https:\\\/\\\/www.mexicanguitarplayers.com\\\/tienda\\\/cuerdas\\\/combos\\\/combos-para-guitarra\\\/combo-blackstar-p-guit-silverline-std\\\/#primaryimage\",\"url\":\"https:\\\/\\\/www.mexicanguitarplayers.com\\\/wp-content\\\/uploads\\\/2022\\\/08\\\/ICBLSSILSTD-1.jpg\",\"contentUrl\":\"https:\\\/\\\/www.mexicanguitarplayers.com\\\/wp-content\\\/uploads\\\/2022\\\/08\\\/ICBLSSILSTD-1.jpg\",\"width\":1200,\"height\":1200},{\"@type\":\"BreadcrumbList\",\"@id\":\"https:\\\/\\\/www.mexicanguitarplayers.com\\\/tienda\\\/cuerdas\\\/combos\\\/combos-para-guitarra\\\/combo-blackstar-p-guit-silverline-std\\\/#breadcrumb\",\"itemListElement\":[{\"@type\":\"ListItem\",\"position\":1,\"name\":\"Portada\",\"item\":\"https:\\\/\\\/www.mexicanguitarplayers.com\\\/\"},{\"@type\":\"ListItem\",\"position\":2,\"name\":\"Tienda\",\"item\":\"https:\\\/\\\/www.mexicanguitarplayers.com\\\/tienda\\\/\"},{\"@type\":\"ListItem\",\"position\":3,\"name\":\"COMBO BLACKSTAR P\\\/GUIT. SILVERLINE STD\"}]},{\"@type\":\"WebSite\",\"@id\":\"https:\\\/\\\/www.mexicanguitarplayers.com\\\/#website\",\"url\":\"https:\\\/\\\/www.mexicanguitarplayers.com\\\/\",\"name\":\"Mexican Guitar Players\",\"description\":\"Website\",\"publisher\":{\"@id\":\"https:\\\/\\\/www.mexicanguitarplayers.com\\\/#organization\"},\"potentialAction\":[{\"@type\":\"SearchAction\",\"target\":{\"@type\":\"EntryPoint\",\"urlTemplate\":\"https:\\\/\\\/www.mexicanguitarplayers.com\\\/?s={search_term_string}\"},\"query-input\":{\"@type\":\"PropertyValueSpecification\",\"valueRequired\":true,\"valueName\":\"search_term_string\"}}],\"inLanguage\":\"en-US\"},{\"@type\":\"Organization\",\"@id\":\"https:\\\/\\\/www.mexicanguitarplayers.com\\\/#organization\",\"name\":\"Mexican Guitar Players\",\"url\":\"https:\\\/\\\/www.mexicanguitarplayers.com\\\/\",\"logo\":{\"@type\":\"ImageObject\",\"inLanguage\":\"en-US\",\"@id\":\"https:\\\/\\\/www.mexicanguitarplayers.com\\\/#\\\/schema\\\/logo\\\/image\\\/\",\"url\":\"\",\"contentUrl\":\"\",\"caption\":\"Mexican Guitar Players\"},\"image\":{\"@id\":\"https:\\\/\\\/www.mexicanguitarplayers.com\\\/#\\\/schema\\\/logo\\\/image\\\/\"}}]}<\/script>\n<!-- \/ Yoast SEO plugin. -->","yoast_head_json":{"title":"COMBO BLACKSTAR P\/GUIT. SILVERLINE STD - Mexican Guitar Players","description":"COMBO BLACKSTAR P\/GUIT. SILVERLINE STD. Combo digital para guitarra de \u00faltima generaci\u00f3n con innovadora potencia SHARC\u00ae DSP, 1x10\u201d pulgadas, 20 watts, atractivo estilo boutique, control de respuesta basado en la tecnolog\u00eda patentada TVP que reproduce con precisi\u00f3n los matices de los circuitos de amplificadores cl\u00e1sicos de potencia (EL84, 6V6, EL34, KT66, 6L6, KT88), control ISF patentado que te lleva de un tono brit\u00e1nico a uno americano, seis voces preamplificadas de Blackstar (Clean Warm, Clean Bright, Crunch, Super Crunch, OD 1, OD 2), puerto USB para grabaci\u00f3n directa y amplificaci\u00f3n sin esfuerzo, software INSIDER que desbloquea funciones de edici\u00f3n profunda y gesti\u00f3n y uso compartido de patches, entrada MP3\/Line y salida emulada\/aud\u00edfonos que ofrecen un tono listo para estudio y pr\u00e1ctica silenciosa, lo suficientemente potente para cualquier escenario pero lo suficientemente sutil para el hogar, operaci\u00f3n manual y prestablecida con 12 ubicaciones prestablecidas totalmente personalizables (128 con footswitch), cargado con altavoces Celestion tipo V.","robots":{"index":"index","follow":"follow","max-snippet":"max-snippet:-1","max-image-preview":"max-image-preview:large","max-video-preview":"max-video-preview:-1"},"canonical":"https:\/\/www.mexicanguitarplayers.com\/en\/tienda\/cuerdas\/combos\/combos-para-guitarra\/combo-blackstar-p-guit-silverline-std\/","og_locale":"en_US","og_type":"article","og_title":"COMBO BLACKSTAR P\/GUIT. SILVERLINE STD - Mexican Guitar Players","og_description":"COMBO BLACKSTAR P\/GUIT. SILVERLINE STD. Combo digital para guitarra de \u00faltima generaci\u00f3n con innovadora potencia SHARC\u00ae DSP, 1x10\u201d pulgadas, 20 watts, atractivo estilo boutique, control de respuesta basado en la tecnolog\u00eda patentada TVP que reproduce con precisi\u00f3n los matices de los circuitos de amplificadores cl\u00e1sicos de potencia (EL84, 6V6, EL34, KT66, 6L6, KT88), control ISF patentado que te lleva de un tono brit\u00e1nico a uno americano, seis voces preamplificadas de Blackstar (Clean Warm, Clean Bright, Crunch, Super Crunch, OD 1, OD 2), puerto USB para grabaci\u00f3n directa y amplificaci\u00f3n sin esfuerzo, software INSIDER que desbloquea funciones de edici\u00f3n profunda y gesti\u00f3n y uso compartido de patches, entrada MP3\/Line y salida emulada\/aud\u00edfonos que ofrecen un tono listo para estudio y pr\u00e1ctica silenciosa, lo suficientemente potente para cualquier escenario pero lo suficientemente sutil para el hogar, operaci\u00f3n manual y prestablecida con 12 ubicaciones prestablecidas totalmente personalizables (128 con footswitch), cargado con altavoces Celestion tipo V.","og_url":"https:\/\/www.mexicanguitarplayers.com\/en\/tienda\/cuerdas\/combos\/combos-para-guitarra\/combo-blackstar-p-guit-silverline-std\/","og_site_name":"Mexican Guitar Players","article_modified_time":"2026-05-01T13:48:25+00:00","og_image":[{"width":1200,"height":1200,"url":"https:\/\/www.mexicanguitarplayers.com\/wp-content\/uploads\/2022\/08\/ICBLSSILSTD-1.jpg","type":"image\/jpeg"}],"twitter_card":"summary_large_image","twitter_misc":{"Est. reading time":"1 minute"},"schema":{"@context":"https:\/\/schema.org","@graph":[{"@type":["WebPage","ItemPage"],"@id":"https:\/\/www.mexicanguitarplayers.com\/tienda\/cuerdas\/combos\/combos-para-guitarra\/combo-blackstar-p-guit-silverline-std\/","url":"https:\/\/www.mexicanguitarplayers.com\/tienda\/cuerdas\/combos\/combos-para-guitarra\/combo-blackstar-p-guit-silverline-std\/","name":"COMBO BLACKSTAR P\/GUIT. SILVERLINE STD - Mexican Guitar Players","isPartOf":{"@id":"https:\/\/www.mexicanguitarplayers.com\/#website"},"primaryImageOfPage":{"@id":"https:\/\/www.mexicanguitarplayers.com\/tienda\/cuerdas\/combos\/combos-para-guitarra\/combo-blackstar-p-guit-silverline-std\/#primaryimage"},"image":{"@id":"https:\/\/www.mexicanguitarplayers.com\/tienda\/cuerdas\/combos\/combos-para-guitarra\/combo-blackstar-p-guit-silverline-std\/#primaryimage"},"thumbnailUrl":"https:\/\/www.mexicanguitarplayers.com\/wp-content\/uploads\/2022\/08\/ICBLSSILSTD-1.jpg","datePublished":"2022-08-18T06:04:52+00:00","dateModified":"2026-05-01T13:48:25+00:00","description":"COMBO BLACKSTAR P\/GUIT. SILVERLINE STD. Combo digital para guitarra de \u00faltima generaci\u00f3n con innovadora potencia SHARC\u00ae DSP, 1x10\u201d pulgadas, 20 watts, atractivo estilo boutique, control de respuesta basado en la tecnolog\u00eda patentada TVP que reproduce con precisi\u00f3n los matices de los circuitos de amplificadores cl\u00e1sicos de potencia (EL84, 6V6, EL34, KT66, 6L6, KT88), control ISF patentado que te lleva de un tono brit\u00e1nico a uno americano, seis voces preamplificadas de Blackstar (Clean Warm, Clean Bright, Crunch, Super Crunch, OD 1, OD 2), puerto USB para grabaci\u00f3n directa y amplificaci\u00f3n sin esfuerzo, software INSIDER que desbloquea funciones de edici\u00f3n profunda y gesti\u00f3n y uso compartido de patches, entrada MP3\/Line y salida emulada\/aud\u00edfonos que ofrecen un tono listo para estudio y pr\u00e1ctica silenciosa, lo suficientemente potente para cualquier escenario pero lo suficientemente sutil para el hogar, operaci\u00f3n manual y prestablecida con 12 ubicaciones prestablecidas totalmente personalizables (128 con footswitch), cargado con altavoces Celestion tipo V.","breadcrumb":{"@id":"https:\/\/www.mexicanguitarplayers.com\/tienda\/cuerdas\/combos\/combos-para-guitarra\/combo-blackstar-p-guit-silverline-std\/#breadcrumb"},"inLanguage":"en-US","potentialAction":[{"@type":"ReadAction","target":["https:\/\/www.mexicanguitarplayers.com\/tienda\/cuerdas\/combos\/combos-para-guitarra\/combo-blackstar-p-guit-silverline-std\/"]}]},{"@type":"ImageObject","inLanguage":"en-US","@id":"https:\/\/www.mexicanguitarplayers.com\/tienda\/cuerdas\/combos\/combos-para-guitarra\/combo-blackstar-p-guit-silverline-std\/#primaryimage","url":"https:\/\/www.mexicanguitarplayers.com\/wp-content\/uploads\/2022\/08\/ICBLSSILSTD-1.jpg","contentUrl":"https:\/\/www.mexicanguitarplayers.com\/wp-content\/uploads\/2022\/08\/ICBLSSILSTD-1.jpg","width":1200,"height":1200},{"@type":"BreadcrumbList","@id":"https:\/\/www.mexicanguitarplayers.com\/tienda\/cuerdas\/combos\/combos-para-guitarra\/combo-blackstar-p-guit-silverline-std\/#breadcrumb","itemListElement":[{"@type":"ListItem","position":1,"name":"Portada","item":"https:\/\/www.mexicanguitarplayers.com\/"},{"@type":"ListItem","position":2,"name":"Tienda","item":"https:\/\/www.mexicanguitarplayers.com\/tienda\/"},{"@type":"ListItem","position":3,"name":"COMBO BLACKSTAR P\/GUIT. SILVERLINE STD"}]},{"@type":"WebSite","@id":"https:\/\/www.mexicanguitarplayers.com\/#website","url":"https:\/\/www.mexicanguitarplayers.com\/","name":"Mexican Guitar Players","description":"Website","publisher":{"@id":"https:\/\/www.mexicanguitarplayers.com\/#organization"},"potentialAction":[{"@type":"SearchAction","target":{"@type":"EntryPoint","urlTemplate":"https:\/\/www.mexicanguitarplayers.com\/?s={search_term_string}"},"query-input":{"@type":"PropertyValueSpecification","valueRequired":true,"valueName":"search_term_string"}}],"inLanguage":"en-US"},{"@type":"Organization","@id":"https:\/\/www.mexicanguitarplayers.com\/#organization","name":"Mexican Guitar Players","url":"https:\/\/www.mexicanguitarplayers.com\/","logo":{"@type":"ImageObject","inLanguage":"en-US","@id":"https:\/\/www.mexicanguitarplayers.com\/#\/schema\/logo\/image\/","url":"","contentUrl":"","caption":"Mexican Guitar Players"},"image":{"@id":"https:\/\/www.mexicanguitarplayers.com\/#\/schema\/logo\/image\/"}}]}},"brands":[{"id":172,"name":"BLACKSTAR","slug":"blackstar"}],"_links":{"self":[{"href":"https:\/\/www.mexicanguitarplayers.com\/en\/wp-json\/wp\/v2\/product\/8634","targetHints":{"allow":["GET"]}}],"collection":[{"href":"https:\/\/www.mexicanguitarplayers.com\/en\/wp-json\/wp\/v2\/product"}],"about":[{"href":"https:\/\/www.mexicanguitarplayers.com\/en\/wp-json\/wp\/v2\/types\/product"}],"replies":[{"embeddable":true,"href":"https:\/\/www.mexicanguitarplayers.com\/en\/wp-json\/wp\/v2\/comments?post=8634"}],"wp:featuredmedia":[{"embeddable":true,"href":"https:\/\/www.mexicanguitarplayers.com\/en\/wp-json\/wp\/v2\/media\/22129"}],"wp:attachment":[{"href":"https:\/\/www.mexicanguitarplayers.com\/en\/wp-json\/wp\/v2\/media?parent=8634"}],"wp:term":[{"taxonomy":"pwb-brand","embeddable":true,"href":"https:\/\/www.mexicanguitarplayers.com\/en\/wp-json\/wp\/v2\/pwb-brand?post=8634"},{"taxonomy":"product_brand","embeddable":true,"href":"https:\/\/www.mexicanguitarplayers.com\/en\/wp-json\/wp\/v2\/product_brand?post=8634"},{"taxonomy":"product_cat","embeddable":true,"href":"https:\/\/www.mexicanguitarplayers.com\/en\/wp-json\/wp\/v2\/product_cat?post=8634"},{"taxonomy":"product_tag","embeddable":true,"href":"https:\/\/www.mexicanguitarplayers.com\/en\/wp-json\/wp\/v2\/product_tag?post=8634"}],"curies":[{"name":"wp","href":"https:\/\/api.w.org\/{rel}","templated":true}]}}