{"id":8645,"date":"2022-08-18T01:05:11","date_gmt":"2022-08-18T06:05:11","guid":{"rendered":"https:\/\/www.mexicanguitarplayers.com\/tienda\/sin%20categor\u00eda\/combo-blackstar-p-gtr-silverline-special\/"},"modified":"2026-05-01T07:48:24","modified_gmt":"2026-05-01T13:48:24","slug":"combo-blackstar-p-gtr-silverline-special","status":"publish","type":"product","link":"https:\/\/www.mexicanguitarplayers.com\/en\/tienda\/cuerdas\/combos\/combos-para-guitarra\/combo-blackstar-p-gtr-silverline-special\/","title":{"rendered":"COMBO BLACKSTAR P\/GTR SILVERLINE SPECIAL"},"content":{"rendered":"<div style=\"text-align: justify\">\n<div>\n<h3>COMBO BLACKSTAR P\/GTR SILVERLINE SPECIAL<\/h3>\n<\/div>\n<div>State-of-the-art digital guitar combo featuring innovative SHARC\u00ae DSP power, a 12\u201d speaker, 50-watt power, attractive boutique styling, response control based on patented TVP technology that precisely reproduces the nuances of guitar circuitry. classic power amps (EL84, 6V6, EL34, KT66, 6L6, KT88), proprietary ISF control that takes you from British to American tone, six Blackstar preamp voices (Clean Warm, Clean Bright, Crunch, Super Crunch, OD 1, OD 2), ISB port that offers effortless direct recording and amplification, INSIDER software that unlocks deep editing features and patch management and sharing, MP3\/Line input and emulated\/phone output that offer studio-ready tone or for quiet practice Powerful enough for any stage and subtle enough for home Manual and preset operation with 12 fully customizable preset locations zables (128 with footswitch), loaded with Celestion Type V speakers, dimensions: 416.5 x 502 x 246 mm, weight: 13.8 kg.<\/div>\n<\/div>","protected":false},"excerpt":{"rendered":"<p>Combo digital de \u00faltima generaci\u00f3n para guitarra con la innovadora potencia SHARC\u00ae DSP, un altavoz de 12\u201d pulgadas, potencia de 50 watts, atractivo estilo boutique, control de respuesta basado en la tecnolog\u00eda patentada TVP que reproduce con precisi\u00f3n los matices de los circuitos de amplificadores de potencia cl\u00e1sicos (EL84, 6V6, EL34, KT66, 6L6, KT88), control ISF patentado que te lleva de un tono brit\u00e1nico a uno americano, seis voces preamplificadas de Blackstar (Clean Warm, Clean Bright, Crunch, Super Crunch, OD 1, OD 2), puerto ISB que ofrece grabaci\u00f3n directa y amplificaci\u00f3n sin esfuerzo, software INSIDER que desbloquea funciones de edici\u00f3n profunda y gesti\u00f3n y uso compartido de patches, entrada MP3\/Line y salida emulada\/aud\u00edfonos que ofrecen un tono listo para el estudio  o para la pr\u00e1ctica silenciosa, lo suficientemente potente para cualquier escenario y lo suficientemente sutil para el hogar, operaci\u00f3n manual y prestablecida con 12 ubicaciones prestablecidas totalmente personalizables (128 con footswitch), cargado con altavoces Celestion tipo V, dimensiones: 416.5 x 502 x 246 mm, peso: 13.8 kg.&hellip; <a class=\"kt-excerpt-readmore more-link\" href=\"https:\/\/www.mexicanguitarplayers.com\/en\/tienda\/cuerdas\/combos\/combos-para-guitarra\/combo-blackstar-p-gtr-silverline-special\/\">Read more<\/a><\/p>","protected":false},"featured_media":22138,"comment_status":"open","ping_status":"closed","template":"","meta":{"kt_blocks_editor_width":""},"pwb-brand":[172],"product_brand":[],"product_cat":[236,237,224],"product_tag":[],"class_list":{"0":"post-8645","1":"product","2":"type-product","3":"status-publish","4":"has-post-thumbnail","6":"pwb-brand-blackstar","7":"product_cat-combos","8":"product_cat-combos-para-guitarra","9":"product_cat-cuerdas","10":"product_shipping_class-20-25-kg","12":"first","13":"instock","14":"taxable","15":"shipping-taxable","16":"purchasable","17":"product-type-simple"},"yoast_head":"<!-- This site is optimized with the Yoast SEO plugin v27.6 - https:\/\/yoast.com\/product\/yoast-seo-wordpress\/ -->\n<title>COMBO BLACKSTAR P\/GTR SILVERLINE SPECIAL - Mexican Guitar Players<\/title>\n<meta name=\"description\" content=\"COMBO BLACKSTAR P\/GTR SILVERLINE SPECIAL. Combo digital de \u00faltima generaci\u00f3n para guitarra con la innovadora potencia SHARC\u00ae DSP, un altavoz de 12\u201d pulgadas, potencia de 50 watts, atractivo estilo boutique, control de respuesta basado en la tecnolog\u00eda patentada TVP que reproduce con precisi\u00f3n los matices de los circuitos de amplificadores de potencia cl\u00e1sicos (EL84, 6V6, EL34, KT66, 6L6, KT88), control ISF patentado que te lleva de un tono brit\u00e1nico a uno americano, seis voces preamplificadas de Blackstar (Clean Warm, Clean Bright, Crunch, Super Crunch, OD 1, OD 2), puerto ISB que ofrece grabaci\u00f3n directa y amplificaci\u00f3n sin esfuerzo, software INSIDER que desbloquea funciones de edici\u00f3n profunda y gesti\u00f3n y uso compartido de patches, entrada MP3\/Line y salida emulada\/aud\u00edfonos que ofrecen un tono listo para el estudio o para la pr\u00e1ctica silenciosa, lo suficientemente potente para cualquier escenario y lo suficientemente sutil para el hogar, operaci\u00f3n manual y prestablecida con 12 ubicaciones prestablecidas totalmente personalizables (128 con footswitch), cargado con altavoces Celestion tipo V, dimensiones: 416.5 x 502 x 246 mm, peso: 13.8 kg.\" \/>\n<meta name=\"robots\" content=\"index, follow, max-snippet:-1, max-image-preview:large, max-video-preview:-1\" \/>\n<link rel=\"canonical\" href=\"https:\/\/www.mexicanguitarplayers.com\/en\/tienda\/cuerdas\/combos\/combos-para-guitarra\/combo-blackstar-p-gtr-silverline-special\/\" \/>\n<meta property=\"og:locale\" content=\"en_US\" \/>\n<meta property=\"og:type\" content=\"article\" \/>\n<meta property=\"og:title\" content=\"COMBO BLACKSTAR P\/GTR SILVERLINE SPECIAL - Mexican Guitar Players\" \/>\n<meta property=\"og:description\" content=\"COMBO BLACKSTAR P\/GTR SILVERLINE SPECIAL. Combo digital de \u00faltima generaci\u00f3n para guitarra con la innovadora potencia SHARC\u00ae DSP, un altavoz de 12\u201d pulgadas, potencia de 50 watts, atractivo estilo boutique, control de respuesta basado en la tecnolog\u00eda patentada TVP que reproduce con precisi\u00f3n los matices de los circuitos de amplificadores de potencia cl\u00e1sicos (EL84, 6V6, EL34, KT66, 6L6, KT88), control ISF patentado que te lleva de un tono brit\u00e1nico a uno americano, seis voces preamplificadas de Blackstar (Clean Warm, Clean Bright, Crunch, Super Crunch, OD 1, OD 2), puerto ISB que ofrece grabaci\u00f3n directa y amplificaci\u00f3n sin esfuerzo, software INSIDER que desbloquea funciones de edici\u00f3n profunda y gesti\u00f3n y uso compartido de patches, entrada MP3\/Line y salida emulada\/aud\u00edfonos que ofrecen un tono listo para el estudio o para la pr\u00e1ctica silenciosa, lo suficientemente potente para cualquier escenario y lo suficientemente sutil para el hogar, operaci\u00f3n manual y prestablecida con 12 ubicaciones prestablecidas totalmente personalizables (128 con footswitch), cargado con altavoces Celestion tipo V, dimensiones: 416.5 x 502 x 246 mm, peso: 13.8 kg.\" \/>\n<meta property=\"og:url\" content=\"https:\/\/www.mexicanguitarplayers.com\/en\/tienda\/cuerdas\/combos\/combos-para-guitarra\/combo-blackstar-p-gtr-silverline-special\/\" \/>\n<meta property=\"og:site_name\" content=\"Mexican Guitar Players\" \/>\n<meta property=\"article:modified_time\" content=\"2026-05-01T13:48:24+00:00\" \/>\n<meta property=\"og:image\" content=\"https:\/\/www.mexicanguitarplayers.com\/wp-content\/uploads\/2022\/08\/ICBLSSILVRSPEC-1.jpg\" \/>\n\t<meta property=\"og:image:width\" content=\"1200\" \/>\n\t<meta property=\"og:image:height\" content=\"1200\" \/>\n\t<meta property=\"og:image:type\" content=\"image\/jpeg\" \/>\n<meta name=\"twitter:card\" content=\"summary_large_image\" \/>\n<meta name=\"twitter:label1\" content=\"Est. reading time\" \/>\n\t<meta name=\"twitter:data1\" content=\"1 minute\" \/>\n<script type=\"application\/ld+json\" class=\"yoast-schema-graph\">{\"@context\":\"https:\\\/\\\/schema.org\",\"@graph\":[{\"@type\":[\"WebPage\",\"ItemPage\"],\"@id\":\"https:\\\/\\\/www.mexicanguitarplayers.com\\\/tienda\\\/cuerdas\\\/combos\\\/combos-para-guitarra\\\/combo-blackstar-p-gtr-silverline-special\\\/\",\"url\":\"https:\\\/\\\/www.mexicanguitarplayers.com\\\/tienda\\\/cuerdas\\\/combos\\\/combos-para-guitarra\\\/combo-blackstar-p-gtr-silverline-special\\\/\",\"name\":\"COMBO BLACKSTAR P\\\/GTR SILVERLINE SPECIAL - Mexican Guitar Players\",\"isPartOf\":{\"@id\":\"https:\\\/\\\/www.mexicanguitarplayers.com\\\/#website\"},\"primaryImageOfPage\":{\"@id\":\"https:\\\/\\\/www.mexicanguitarplayers.com\\\/tienda\\\/cuerdas\\\/combos\\\/combos-para-guitarra\\\/combo-blackstar-p-gtr-silverline-special\\\/#primaryimage\"},\"image\":{\"@id\":\"https:\\\/\\\/www.mexicanguitarplayers.com\\\/tienda\\\/cuerdas\\\/combos\\\/combos-para-guitarra\\\/combo-blackstar-p-gtr-silverline-special\\\/#primaryimage\"},\"thumbnailUrl\":\"https:\\\/\\\/www.mexicanguitarplayers.com\\\/wp-content\\\/uploads\\\/2022\\\/08\\\/ICBLSSILVRSPEC-1.jpg\",\"datePublished\":\"2022-08-18T06:05:11+00:00\",\"dateModified\":\"2026-05-01T13:48:24+00:00\",\"description\":\"COMBO BLACKSTAR P\\\/GTR SILVERLINE SPECIAL. Combo digital de \u00faltima generaci\u00f3n para guitarra con la innovadora potencia SHARC\u00ae DSP, un altavoz de 12\u201d pulgadas, potencia de 50 watts, atractivo estilo boutique, control de respuesta basado en la tecnolog\u00eda patentada TVP que reproduce con precisi\u00f3n los matices de los circuitos de amplificadores de potencia cl\u00e1sicos (EL84, 6V6, EL34, KT66, 6L6, KT88), control ISF patentado que te lleva de un tono brit\u00e1nico a uno americano, seis voces preamplificadas de Blackstar (Clean Warm, Clean Bright, Crunch, Super Crunch, OD 1, OD 2), puerto ISB que ofrece grabaci\u00f3n directa y amplificaci\u00f3n sin esfuerzo, software INSIDER que desbloquea funciones de edici\u00f3n profunda y gesti\u00f3n y uso compartido de patches, entrada MP3\\\/Line y salida emulada\\\/aud\u00edfonos que ofrecen un tono listo para el estudio o para la pr\u00e1ctica silenciosa, lo suficientemente potente para cualquier escenario y lo suficientemente sutil para el hogar, operaci\u00f3n manual y prestablecida con 12 ubicaciones prestablecidas totalmente personalizables (128 con footswitch), cargado con altavoces Celestion tipo V, dimensiones: 416.5 x 502 x 246 mm, peso: 13.8 kg.\",\"breadcrumb\":{\"@id\":\"https:\\\/\\\/www.mexicanguitarplayers.com\\\/tienda\\\/cuerdas\\\/combos\\\/combos-para-guitarra\\\/combo-blackstar-p-gtr-silverline-special\\\/#breadcrumb\"},\"inLanguage\":\"en-US\",\"potentialAction\":[{\"@type\":\"ReadAction\",\"target\":[\"https:\\\/\\\/www.mexicanguitarplayers.com\\\/tienda\\\/cuerdas\\\/combos\\\/combos-para-guitarra\\\/combo-blackstar-p-gtr-silverline-special\\\/\"]}]},{\"@type\":\"ImageObject\",\"inLanguage\":\"en-US\",\"@id\":\"https:\\\/\\\/www.mexicanguitarplayers.com\\\/tienda\\\/cuerdas\\\/combos\\\/combos-para-guitarra\\\/combo-blackstar-p-gtr-silverline-special\\\/#primaryimage\",\"url\":\"https:\\\/\\\/www.mexicanguitarplayers.com\\\/wp-content\\\/uploads\\\/2022\\\/08\\\/ICBLSSILVRSPEC-1.jpg\",\"contentUrl\":\"https:\\\/\\\/www.mexicanguitarplayers.com\\\/wp-content\\\/uploads\\\/2022\\\/08\\\/ICBLSSILVRSPEC-1.jpg\",\"width\":1200,\"height\":1200},{\"@type\":\"BreadcrumbList\",\"@id\":\"https:\\\/\\\/www.mexicanguitarplayers.com\\\/tienda\\\/cuerdas\\\/combos\\\/combos-para-guitarra\\\/combo-blackstar-p-gtr-silverline-special\\\/#breadcrumb\",\"itemListElement\":[{\"@type\":\"ListItem\",\"position\":1,\"name\":\"Portada\",\"item\":\"https:\\\/\\\/www.mexicanguitarplayers.com\\\/\"},{\"@type\":\"ListItem\",\"position\":2,\"name\":\"Tienda\",\"item\":\"https:\\\/\\\/www.mexicanguitarplayers.com\\\/tienda\\\/\"},{\"@type\":\"ListItem\",\"position\":3,\"name\":\"COMBO BLACKSTAR P\\\/GTR SILVERLINE SPECIAL\"}]},{\"@type\":\"WebSite\",\"@id\":\"https:\\\/\\\/www.mexicanguitarplayers.com\\\/#website\",\"url\":\"https:\\\/\\\/www.mexicanguitarplayers.com\\\/\",\"name\":\"Mexican Guitar Players\",\"description\":\"Website\",\"publisher\":{\"@id\":\"https:\\\/\\\/www.mexicanguitarplayers.com\\\/#organization\"},\"potentialAction\":[{\"@type\":\"SearchAction\",\"target\":{\"@type\":\"EntryPoint\",\"urlTemplate\":\"https:\\\/\\\/www.mexicanguitarplayers.com\\\/?s={search_term_string}\"},\"query-input\":{\"@type\":\"PropertyValueSpecification\",\"valueRequired\":true,\"valueName\":\"search_term_string\"}}],\"inLanguage\":\"en-US\"},{\"@type\":\"Organization\",\"@id\":\"https:\\\/\\\/www.mexicanguitarplayers.com\\\/#organization\",\"name\":\"Mexican Guitar Players\",\"url\":\"https:\\\/\\\/www.mexicanguitarplayers.com\\\/\",\"logo\":{\"@type\":\"ImageObject\",\"inLanguage\":\"en-US\",\"@id\":\"https:\\\/\\\/www.mexicanguitarplayers.com\\\/#\\\/schema\\\/logo\\\/image\\\/\",\"url\":\"\",\"contentUrl\":\"\",\"caption\":\"Mexican Guitar Players\"},\"image\":{\"@id\":\"https:\\\/\\\/www.mexicanguitarplayers.com\\\/#\\\/schema\\\/logo\\\/image\\\/\"}}]}<\/script>\n<!-- \/ Yoast SEO plugin. -->","yoast_head_json":{"title":"COMBO BLACKSTAR P\/GTR SILVERLINE SPECIAL - Mexican Guitar Players","description":"COMBO BLACKSTAR P\/GTR SILVERLINE SPECIAL. Combo digital de \u00faltima generaci\u00f3n para guitarra con la innovadora potencia SHARC\u00ae DSP, un altavoz de 12\u201d pulgadas, potencia de 50 watts, atractivo estilo boutique, control de respuesta basado en la tecnolog\u00eda patentada TVP que reproduce con precisi\u00f3n los matices de los circuitos de amplificadores de potencia cl\u00e1sicos (EL84, 6V6, EL34, KT66, 6L6, KT88), control ISF patentado que te lleva de un tono brit\u00e1nico a uno americano, seis voces preamplificadas de Blackstar (Clean Warm, Clean Bright, Crunch, Super Crunch, OD 1, OD 2), puerto ISB que ofrece grabaci\u00f3n directa y amplificaci\u00f3n sin esfuerzo, software INSIDER que desbloquea funciones de edici\u00f3n profunda y gesti\u00f3n y uso compartido de patches, entrada MP3\/Line y salida emulada\/aud\u00edfonos que ofrecen un tono listo para el estudio o para la pr\u00e1ctica silenciosa, lo suficientemente potente para cualquier escenario y lo suficientemente sutil para el hogar, operaci\u00f3n manual y prestablecida con 12 ubicaciones prestablecidas totalmente personalizables (128 con footswitch), cargado con altavoces Celestion tipo V, dimensiones: 416.5 x 502 x 246 mm, peso: 13.8 kg.","robots":{"index":"index","follow":"follow","max-snippet":"max-snippet:-1","max-image-preview":"max-image-preview:large","max-video-preview":"max-video-preview:-1"},"canonical":"https:\/\/www.mexicanguitarplayers.com\/en\/tienda\/cuerdas\/combos\/combos-para-guitarra\/combo-blackstar-p-gtr-silverline-special\/","og_locale":"en_US","og_type":"article","og_title":"COMBO BLACKSTAR P\/GTR SILVERLINE SPECIAL - Mexican Guitar Players","og_description":"COMBO BLACKSTAR P\/GTR SILVERLINE SPECIAL. Combo digital de \u00faltima generaci\u00f3n para guitarra con la innovadora potencia SHARC\u00ae DSP, un altavoz de 12\u201d pulgadas, potencia de 50 watts, atractivo estilo boutique, control de respuesta basado en la tecnolog\u00eda patentada TVP que reproduce con precisi\u00f3n los matices de los circuitos de amplificadores de potencia cl\u00e1sicos (EL84, 6V6, EL34, KT66, 6L6, KT88), control ISF patentado que te lleva de un tono brit\u00e1nico a uno americano, seis voces preamplificadas de Blackstar (Clean Warm, Clean Bright, Crunch, Super Crunch, OD 1, OD 2), puerto ISB que ofrece grabaci\u00f3n directa y amplificaci\u00f3n sin esfuerzo, software INSIDER que desbloquea funciones de edici\u00f3n profunda y gesti\u00f3n y uso compartido de patches, entrada MP3\/Line y salida emulada\/aud\u00edfonos que ofrecen un tono listo para el estudio o para la pr\u00e1ctica silenciosa, lo suficientemente potente para cualquier escenario y lo suficientemente sutil para el hogar, operaci\u00f3n manual y prestablecida con 12 ubicaciones prestablecidas totalmente personalizables (128 con footswitch), cargado con altavoces Celestion tipo V, dimensiones: 416.5 x 502 x 246 mm, peso: 13.8 kg.","og_url":"https:\/\/www.mexicanguitarplayers.com\/en\/tienda\/cuerdas\/combos\/combos-para-guitarra\/combo-blackstar-p-gtr-silverline-special\/","og_site_name":"Mexican Guitar Players","article_modified_time":"2026-05-01T13:48:24+00:00","og_image":[{"width":1200,"height":1200,"url":"https:\/\/www.mexicanguitarplayers.com\/wp-content\/uploads\/2022\/08\/ICBLSSILVRSPEC-1.jpg","type":"image\/jpeg"}],"twitter_card":"summary_large_image","twitter_misc":{"Est. reading time":"1 minute"},"schema":{"@context":"https:\/\/schema.org","@graph":[{"@type":["WebPage","ItemPage"],"@id":"https:\/\/www.mexicanguitarplayers.com\/tienda\/cuerdas\/combos\/combos-para-guitarra\/combo-blackstar-p-gtr-silverline-special\/","url":"https:\/\/www.mexicanguitarplayers.com\/tienda\/cuerdas\/combos\/combos-para-guitarra\/combo-blackstar-p-gtr-silverline-special\/","name":"COMBO BLACKSTAR P\/GTR SILVERLINE SPECIAL - Mexican Guitar Players","isPartOf":{"@id":"https:\/\/www.mexicanguitarplayers.com\/#website"},"primaryImageOfPage":{"@id":"https:\/\/www.mexicanguitarplayers.com\/tienda\/cuerdas\/combos\/combos-para-guitarra\/combo-blackstar-p-gtr-silverline-special\/#primaryimage"},"image":{"@id":"https:\/\/www.mexicanguitarplayers.com\/tienda\/cuerdas\/combos\/combos-para-guitarra\/combo-blackstar-p-gtr-silverline-special\/#primaryimage"},"thumbnailUrl":"https:\/\/www.mexicanguitarplayers.com\/wp-content\/uploads\/2022\/08\/ICBLSSILVRSPEC-1.jpg","datePublished":"2022-08-18T06:05:11+00:00","dateModified":"2026-05-01T13:48:24+00:00","description":"COMBO BLACKSTAR P\/GTR SILVERLINE SPECIAL. Combo digital de \u00faltima generaci\u00f3n para guitarra con la innovadora potencia SHARC\u00ae DSP, un altavoz de 12\u201d pulgadas, potencia de 50 watts, atractivo estilo boutique, control de respuesta basado en la tecnolog\u00eda patentada TVP que reproduce con precisi\u00f3n los matices de los circuitos de amplificadores de potencia cl\u00e1sicos (EL84, 6V6, EL34, KT66, 6L6, KT88), control ISF patentado que te lleva de un tono brit\u00e1nico a uno americano, seis voces preamplificadas de Blackstar (Clean Warm, Clean Bright, Crunch, Super Crunch, OD 1, OD 2), puerto ISB que ofrece grabaci\u00f3n directa y amplificaci\u00f3n sin esfuerzo, software INSIDER que desbloquea funciones de edici\u00f3n profunda y gesti\u00f3n y uso compartido de patches, entrada MP3\/Line y salida emulada\/aud\u00edfonos que ofrecen un tono listo para el estudio o para la pr\u00e1ctica silenciosa, lo suficientemente potente para cualquier escenario y lo suficientemente sutil para el hogar, operaci\u00f3n manual y prestablecida con 12 ubicaciones prestablecidas totalmente personalizables (128 con footswitch), cargado con altavoces Celestion tipo V, dimensiones: 416.5 x 502 x 246 mm, peso: 13.8 kg.","breadcrumb":{"@id":"https:\/\/www.mexicanguitarplayers.com\/tienda\/cuerdas\/combos\/combos-para-guitarra\/combo-blackstar-p-gtr-silverline-special\/#breadcrumb"},"inLanguage":"en-US","potentialAction":[{"@type":"ReadAction","target":["https:\/\/www.mexicanguitarplayers.com\/tienda\/cuerdas\/combos\/combos-para-guitarra\/combo-blackstar-p-gtr-silverline-special\/"]}]},{"@type":"ImageObject","inLanguage":"en-US","@id":"https:\/\/www.mexicanguitarplayers.com\/tienda\/cuerdas\/combos\/combos-para-guitarra\/combo-blackstar-p-gtr-silverline-special\/#primaryimage","url":"https:\/\/www.mexicanguitarplayers.com\/wp-content\/uploads\/2022\/08\/ICBLSSILVRSPEC-1.jpg","contentUrl":"https:\/\/www.mexicanguitarplayers.com\/wp-content\/uploads\/2022\/08\/ICBLSSILVRSPEC-1.jpg","width":1200,"height":1200},{"@type":"BreadcrumbList","@id":"https:\/\/www.mexicanguitarplayers.com\/tienda\/cuerdas\/combos\/combos-para-guitarra\/combo-blackstar-p-gtr-silverline-special\/#breadcrumb","itemListElement":[{"@type":"ListItem","position":1,"name":"Portada","item":"https:\/\/www.mexicanguitarplayers.com\/"},{"@type":"ListItem","position":2,"name":"Tienda","item":"https:\/\/www.mexicanguitarplayers.com\/tienda\/"},{"@type":"ListItem","position":3,"name":"COMBO BLACKSTAR P\/GTR SILVERLINE SPECIAL"}]},{"@type":"WebSite","@id":"https:\/\/www.mexicanguitarplayers.com\/#website","url":"https:\/\/www.mexicanguitarplayers.com\/","name":"Mexican Guitar Players","description":"Website","publisher":{"@id":"https:\/\/www.mexicanguitarplayers.com\/#organization"},"potentialAction":[{"@type":"SearchAction","target":{"@type":"EntryPoint","urlTemplate":"https:\/\/www.mexicanguitarplayers.com\/?s={search_term_string}"},"query-input":{"@type":"PropertyValueSpecification","valueRequired":true,"valueName":"search_term_string"}}],"inLanguage":"en-US"},{"@type":"Organization","@id":"https:\/\/www.mexicanguitarplayers.com\/#organization","name":"Mexican Guitar Players","url":"https:\/\/www.mexicanguitarplayers.com\/","logo":{"@type":"ImageObject","inLanguage":"en-US","@id":"https:\/\/www.mexicanguitarplayers.com\/#\/schema\/logo\/image\/","url":"","contentUrl":"","caption":"Mexican Guitar Players"},"image":{"@id":"https:\/\/www.mexicanguitarplayers.com\/#\/schema\/logo\/image\/"}}]}},"brands":[{"id":172,"name":"BLACKSTAR","slug":"blackstar"}],"_links":{"self":[{"href":"https:\/\/www.mexicanguitarplayers.com\/en\/wp-json\/wp\/v2\/product\/8645","targetHints":{"allow":["GET"]}}],"collection":[{"href":"https:\/\/www.mexicanguitarplayers.com\/en\/wp-json\/wp\/v2\/product"}],"about":[{"href":"https:\/\/www.mexicanguitarplayers.com\/en\/wp-json\/wp\/v2\/types\/product"}],"replies":[{"embeddable":true,"href":"https:\/\/www.mexicanguitarplayers.com\/en\/wp-json\/wp\/v2\/comments?post=8645"}],"wp:featuredmedia":[{"embeddable":true,"href":"https:\/\/www.mexicanguitarplayers.com\/en\/wp-json\/wp\/v2\/media\/22138"}],"wp:attachment":[{"href":"https:\/\/www.mexicanguitarplayers.com\/en\/wp-json\/wp\/v2\/media?parent=8645"}],"wp:term":[{"taxonomy":"pwb-brand","embeddable":true,"href":"https:\/\/www.mexicanguitarplayers.com\/en\/wp-json\/wp\/v2\/pwb-brand?post=8645"},{"taxonomy":"product_brand","embeddable":true,"href":"https:\/\/www.mexicanguitarplayers.com\/en\/wp-json\/wp\/v2\/product_brand?post=8645"},{"taxonomy":"product_cat","embeddable":true,"href":"https:\/\/www.mexicanguitarplayers.com\/en\/wp-json\/wp\/v2\/product_cat?post=8645"},{"taxonomy":"product_tag","embeddable":true,"href":"https:\/\/www.mexicanguitarplayers.com\/en\/wp-json\/wp\/v2\/product_tag?post=8645"}],"curies":[{"name":"wp","href":"https:\/\/api.w.org\/{rel}","templated":true}]}}