{"id":8660,"date":"2022-08-18T01:05:34","date_gmt":"2022-08-18T06:05:34","guid":{"rendered":"https:\/\/www.mexicanguitarplayers.com\/tienda\/sin%20categor\u00eda\/combo-blackstar-p-bajo-mod-unity-120\/"},"modified":"2026-04-10T01:35:05","modified_gmt":"2026-04-10T07:35:05","slug":"combo-blackstar-p-bajo-mod-unity-120","status":"publish","type":"product","link":"https:\/\/www.mexicanguitarplayers.com\/en\/tienda\/cuerdas\/combos\/combos-para-bajo\/combo-blackstar-p-bajo-mod-unity-120\/","title":{"rendered":"COMBO BLACKSTAR P\/BAJO MOD. UNITY 120"},"content":{"rendered":"<div style=\"text-align: justify\">\n<div>\n<h3>COMBO BLACKSTAR P\/BAJO MOD. UNITY 120<\/h3>\n<\/div>\n<div>Bass Combo, Power: 120 watts, custom designed 12\u201d Eminence Opus speaker, 3 voices: Classic, Modern and Overdrive, 3-band EQ with semi-parametric Mid, footswitchable overdrive and chorus, Compressor, Gain input with clip indicator, Pad switch for active or passive instruments, master volume, link to active Unity Bass cabinet, line\/MP3 input, XLR + \u00bc\u201d\/headphone output with independent level control.<\/div>\n<\/div>","protected":false},"excerpt":{"rendered":"<p>Combo para bajo, potencia: 120 watts, altavoz Eminence Opus de 12\u201d pulgadas de dise\u00f1o personalizado, 3 voces: Cl\u00e1sico, moderno y overdrive, ecualizador de 3 bandas con Mid semi param\u00e9trico, overdrive y chorus conmutables por footswitch, compresor, entrada Gain con indicador de clip, switch Pad para instrumentos activos o pasivos, volumen master, link a gabinete activo Unity Bass, entrada de l\u00ednea\/MP3, XLR + salida \u00bc\u201d\/aud\u00edfonos con control de nivel independiente.&hellip; <a class=\"kt-excerpt-readmore more-link\" href=\"https:\/\/www.mexicanguitarplayers.com\/en\/tienda\/cuerdas\/combos\/combos-para-bajo\/combo-blackstar-p-bajo-mod-unity-120\/\">Read more<\/a><\/p>","protected":false},"featured_media":22149,"comment_status":"open","ping_status":"closed","template":"","meta":{"kt_blocks_editor_width":""},"pwb-brand":[172],"product_brand":[],"product_cat":[236,255,224],"product_tag":[],"class_list":{"0":"post-8660","1":"product","2":"type-product","3":"status-publish","4":"has-post-thumbnail","6":"pwb-brand-blackstar","7":"product_cat-combos","8":"product_cat-combos-para-bajo","9":"product_cat-cuerdas","10":"product_shipping_class-25-30-kg","12":"first","13":"outofstock","14":"taxable","15":"shipping-taxable","16":"purchasable","17":"product-type-simple"},"yoast_head":"<!-- This site is optimized with the Yoast SEO plugin v27.5 - https:\/\/yoast.com\/product\/yoast-seo-wordpress\/ -->\n<title>COMBO BLACKSTAR P\/BAJO MOD. UNITY 120 - Mexican Guitar Players<\/title>\n<meta name=\"description\" content=\"COMBO BLACKSTAR P\/BAJO MOD. UNITY 120. Combo para bajo, potencia: 120 watts, altavoz Eminence Opus de 12\u201d pulgadas de dise\u00f1o personalizado, 3 voces: Cl\u00e1sico, moderno y overdrive, ecualizador de 3 bandas con Mid semi param\u00e9trico, overdrive y chorus conmutables por footswitch, compresor, entrada Gain con indicador de clip, switch Pad para instrumentos activos o pasivos, volumen master, link a gabinete activo Unity Bass, entrada de l\u00ednea\/MP3, XLR + salida \u00bc\u201d\/aud\u00edfonos con control de nivel independiente.\" \/>\n<meta name=\"robots\" content=\"index, follow, max-snippet:-1, max-image-preview:large, max-video-preview:-1\" \/>\n<link rel=\"canonical\" href=\"https:\/\/www.mexicanguitarplayers.com\/en\/tienda\/cuerdas\/combos\/combos-para-bajo\/combo-blackstar-p-bajo-mod-unity-120\/\" \/>\n<meta property=\"og:locale\" content=\"en_US\" \/>\n<meta property=\"og:type\" content=\"article\" \/>\n<meta property=\"og:title\" content=\"COMBO BLACKSTAR P\/BAJO MOD. UNITY 120 - Mexican Guitar Players\" \/>\n<meta property=\"og:description\" content=\"COMBO BLACKSTAR P\/BAJO MOD. UNITY 120. Combo para bajo, potencia: 120 watts, altavoz Eminence Opus de 12\u201d pulgadas de dise\u00f1o personalizado, 3 voces: Cl\u00e1sico, moderno y overdrive, ecualizador de 3 bandas con Mid semi param\u00e9trico, overdrive y chorus conmutables por footswitch, compresor, entrada Gain con indicador de clip, switch Pad para instrumentos activos o pasivos, volumen master, link a gabinete activo Unity Bass, entrada de l\u00ednea\/MP3, XLR + salida \u00bc\u201d\/aud\u00edfonos con control de nivel independiente.\" \/>\n<meta property=\"og:url\" content=\"https:\/\/www.mexicanguitarplayers.com\/en\/tienda\/cuerdas\/combos\/combos-para-bajo\/combo-blackstar-p-bajo-mod-unity-120\/\" \/>\n<meta property=\"og:site_name\" content=\"Mexican Guitar Players\" \/>\n<meta property=\"article:modified_time\" content=\"2026-04-10T07:35:05+00:00\" \/>\n<meta property=\"og:image\" content=\"https:\/\/www.mexicanguitarplayers.com\/wp-content\/uploads\/2022\/08\/ICBLSU120-1.jpg\" \/>\n\t<meta property=\"og:image:width\" content=\"1200\" \/>\n\t<meta property=\"og:image:height\" content=\"1200\" \/>\n\t<meta property=\"og:image:type\" content=\"image\/jpeg\" \/>\n<meta name=\"twitter:card\" content=\"summary_large_image\" \/>\n<script type=\"application\/ld+json\" class=\"yoast-schema-graph\">{\"@context\":\"https:\\\/\\\/schema.org\",\"@graph\":[{\"@type\":[\"WebPage\",\"ItemPage\"],\"@id\":\"https:\\\/\\\/www.mexicanguitarplayers.com\\\/tienda\\\/cuerdas\\\/combos\\\/combos-para-bajo\\\/combo-blackstar-p-bajo-mod-unity-120\\\/\",\"url\":\"https:\\\/\\\/www.mexicanguitarplayers.com\\\/tienda\\\/cuerdas\\\/combos\\\/combos-para-bajo\\\/combo-blackstar-p-bajo-mod-unity-120\\\/\",\"name\":\"COMBO BLACKSTAR P\\\/BAJO MOD. UNITY 120 - Mexican Guitar Players\",\"isPartOf\":{\"@id\":\"https:\\\/\\\/www.mexicanguitarplayers.com\\\/#website\"},\"primaryImageOfPage\":{\"@id\":\"https:\\\/\\\/www.mexicanguitarplayers.com\\\/tienda\\\/cuerdas\\\/combos\\\/combos-para-bajo\\\/combo-blackstar-p-bajo-mod-unity-120\\\/#primaryimage\"},\"image\":{\"@id\":\"https:\\\/\\\/www.mexicanguitarplayers.com\\\/tienda\\\/cuerdas\\\/combos\\\/combos-para-bajo\\\/combo-blackstar-p-bajo-mod-unity-120\\\/#primaryimage\"},\"thumbnailUrl\":\"https:\\\/\\\/www.mexicanguitarplayers.com\\\/wp-content\\\/uploads\\\/2022\\\/08\\\/ICBLSU120-1.jpg\",\"datePublished\":\"2022-08-18T06:05:34+00:00\",\"dateModified\":\"2026-04-10T07:35:05+00:00\",\"description\":\"COMBO BLACKSTAR P\\\/BAJO MOD. UNITY 120. Combo para bajo, potencia: 120 watts, altavoz Eminence Opus de 12\u201d pulgadas de dise\u00f1o personalizado, 3 voces: Cl\u00e1sico, moderno y overdrive, ecualizador de 3 bandas con Mid semi param\u00e9trico, overdrive y chorus conmutables por footswitch, compresor, entrada Gain con indicador de clip, switch Pad para instrumentos activos o pasivos, volumen master, link a gabinete activo Unity Bass, entrada de l\u00ednea\\\/MP3, XLR + salida \u00bc\u201d\\\/aud\u00edfonos con control de nivel independiente.\",\"breadcrumb\":{\"@id\":\"https:\\\/\\\/www.mexicanguitarplayers.com\\\/tienda\\\/cuerdas\\\/combos\\\/combos-para-bajo\\\/combo-blackstar-p-bajo-mod-unity-120\\\/#breadcrumb\"},\"inLanguage\":\"en-US\",\"potentialAction\":[{\"@type\":\"ReadAction\",\"target\":[\"https:\\\/\\\/www.mexicanguitarplayers.com\\\/tienda\\\/cuerdas\\\/combos\\\/combos-para-bajo\\\/combo-blackstar-p-bajo-mod-unity-120\\\/\"]}]},{\"@type\":\"ImageObject\",\"inLanguage\":\"en-US\",\"@id\":\"https:\\\/\\\/www.mexicanguitarplayers.com\\\/tienda\\\/cuerdas\\\/combos\\\/combos-para-bajo\\\/combo-blackstar-p-bajo-mod-unity-120\\\/#primaryimage\",\"url\":\"https:\\\/\\\/www.mexicanguitarplayers.com\\\/wp-content\\\/uploads\\\/2022\\\/08\\\/ICBLSU120-1.jpg\",\"contentUrl\":\"https:\\\/\\\/www.mexicanguitarplayers.com\\\/wp-content\\\/uploads\\\/2022\\\/08\\\/ICBLSU120-1.jpg\",\"width\":1200,\"height\":1200},{\"@type\":\"BreadcrumbList\",\"@id\":\"https:\\\/\\\/www.mexicanguitarplayers.com\\\/tienda\\\/cuerdas\\\/combos\\\/combos-para-bajo\\\/combo-blackstar-p-bajo-mod-unity-120\\\/#breadcrumb\",\"itemListElement\":[{\"@type\":\"ListItem\",\"position\":1,\"name\":\"Portada\",\"item\":\"https:\\\/\\\/www.mexicanguitarplayers.com\\\/\"},{\"@type\":\"ListItem\",\"position\":2,\"name\":\"Tienda\",\"item\":\"https:\\\/\\\/www.mexicanguitarplayers.com\\\/tienda\\\/\"},{\"@type\":\"ListItem\",\"position\":3,\"name\":\"COMBO BLACKSTAR P\\\/BAJO MOD. UNITY 120\"}]},{\"@type\":\"WebSite\",\"@id\":\"https:\\\/\\\/www.mexicanguitarplayers.com\\\/#website\",\"url\":\"https:\\\/\\\/www.mexicanguitarplayers.com\\\/\",\"name\":\"Mexican Guitar Players\",\"description\":\"Website\",\"publisher\":{\"@id\":\"https:\\\/\\\/www.mexicanguitarplayers.com\\\/#organization\"},\"potentialAction\":[{\"@type\":\"SearchAction\",\"target\":{\"@type\":\"EntryPoint\",\"urlTemplate\":\"https:\\\/\\\/www.mexicanguitarplayers.com\\\/?s={search_term_string}\"},\"query-input\":{\"@type\":\"PropertyValueSpecification\",\"valueRequired\":true,\"valueName\":\"search_term_string\"}}],\"inLanguage\":\"en-US\"},{\"@type\":\"Organization\",\"@id\":\"https:\\\/\\\/www.mexicanguitarplayers.com\\\/#organization\",\"name\":\"Mexican Guitar Players\",\"url\":\"https:\\\/\\\/www.mexicanguitarplayers.com\\\/\",\"logo\":{\"@type\":\"ImageObject\",\"inLanguage\":\"en-US\",\"@id\":\"https:\\\/\\\/www.mexicanguitarplayers.com\\\/#\\\/schema\\\/logo\\\/image\\\/\",\"url\":\"\",\"contentUrl\":\"\",\"caption\":\"Mexican Guitar Players\"},\"image\":{\"@id\":\"https:\\\/\\\/www.mexicanguitarplayers.com\\\/#\\\/schema\\\/logo\\\/image\\\/\"}}]}<\/script>\n<!-- \/ Yoast SEO plugin. -->","yoast_head_json":{"title":"COMBO BLACKSTAR P\/BAJO MOD. UNITY 120 - Mexican Guitar Players","description":"COMBO BLACKSTAR P\/BAJO MOD. UNITY 120. Combo para bajo, potencia: 120 watts, altavoz Eminence Opus de 12\u201d pulgadas de dise\u00f1o personalizado, 3 voces: Cl\u00e1sico, moderno y overdrive, ecualizador de 3 bandas con Mid semi param\u00e9trico, overdrive y chorus conmutables por footswitch, compresor, entrada Gain con indicador de clip, switch Pad para instrumentos activos o pasivos, volumen master, link a gabinete activo Unity Bass, entrada de l\u00ednea\/MP3, XLR + salida \u00bc\u201d\/aud\u00edfonos con control de nivel independiente.","robots":{"index":"index","follow":"follow","max-snippet":"max-snippet:-1","max-image-preview":"max-image-preview:large","max-video-preview":"max-video-preview:-1"},"canonical":"https:\/\/www.mexicanguitarplayers.com\/en\/tienda\/cuerdas\/combos\/combos-para-bajo\/combo-blackstar-p-bajo-mod-unity-120\/","og_locale":"en_US","og_type":"article","og_title":"COMBO BLACKSTAR P\/BAJO MOD. UNITY 120 - Mexican Guitar Players","og_description":"COMBO BLACKSTAR P\/BAJO MOD. UNITY 120. Combo para bajo, potencia: 120 watts, altavoz Eminence Opus de 12\u201d pulgadas de dise\u00f1o personalizado, 3 voces: Cl\u00e1sico, moderno y overdrive, ecualizador de 3 bandas con Mid semi param\u00e9trico, overdrive y chorus conmutables por footswitch, compresor, entrada Gain con indicador de clip, switch Pad para instrumentos activos o pasivos, volumen master, link a gabinete activo Unity Bass, entrada de l\u00ednea\/MP3, XLR + salida \u00bc\u201d\/aud\u00edfonos con control de nivel independiente.","og_url":"https:\/\/www.mexicanguitarplayers.com\/en\/tienda\/cuerdas\/combos\/combos-para-bajo\/combo-blackstar-p-bajo-mod-unity-120\/","og_site_name":"Mexican Guitar Players","article_modified_time":"2026-04-10T07:35:05+00:00","og_image":[{"width":1200,"height":1200,"url":"https:\/\/www.mexicanguitarplayers.com\/wp-content\/uploads\/2022\/08\/ICBLSU120-1.jpg","type":"image\/jpeg"}],"twitter_card":"summary_large_image","schema":{"@context":"https:\/\/schema.org","@graph":[{"@type":["WebPage","ItemPage"],"@id":"https:\/\/www.mexicanguitarplayers.com\/tienda\/cuerdas\/combos\/combos-para-bajo\/combo-blackstar-p-bajo-mod-unity-120\/","url":"https:\/\/www.mexicanguitarplayers.com\/tienda\/cuerdas\/combos\/combos-para-bajo\/combo-blackstar-p-bajo-mod-unity-120\/","name":"COMBO BLACKSTAR P\/BAJO MOD. UNITY 120 - Mexican Guitar Players","isPartOf":{"@id":"https:\/\/www.mexicanguitarplayers.com\/#website"},"primaryImageOfPage":{"@id":"https:\/\/www.mexicanguitarplayers.com\/tienda\/cuerdas\/combos\/combos-para-bajo\/combo-blackstar-p-bajo-mod-unity-120\/#primaryimage"},"image":{"@id":"https:\/\/www.mexicanguitarplayers.com\/tienda\/cuerdas\/combos\/combos-para-bajo\/combo-blackstar-p-bajo-mod-unity-120\/#primaryimage"},"thumbnailUrl":"https:\/\/www.mexicanguitarplayers.com\/wp-content\/uploads\/2022\/08\/ICBLSU120-1.jpg","datePublished":"2022-08-18T06:05:34+00:00","dateModified":"2026-04-10T07:35:05+00:00","description":"COMBO BLACKSTAR P\/BAJO MOD. UNITY 120. Combo para bajo, potencia: 120 watts, altavoz Eminence Opus de 12\u201d pulgadas de dise\u00f1o personalizado, 3 voces: Cl\u00e1sico, moderno y overdrive, ecualizador de 3 bandas con Mid semi param\u00e9trico, overdrive y chorus conmutables por footswitch, compresor, entrada Gain con indicador de clip, switch Pad para instrumentos activos o pasivos, volumen master, link a gabinete activo Unity Bass, entrada de l\u00ednea\/MP3, XLR + salida \u00bc\u201d\/aud\u00edfonos con control de nivel independiente.","breadcrumb":{"@id":"https:\/\/www.mexicanguitarplayers.com\/tienda\/cuerdas\/combos\/combos-para-bajo\/combo-blackstar-p-bajo-mod-unity-120\/#breadcrumb"},"inLanguage":"en-US","potentialAction":[{"@type":"ReadAction","target":["https:\/\/www.mexicanguitarplayers.com\/tienda\/cuerdas\/combos\/combos-para-bajo\/combo-blackstar-p-bajo-mod-unity-120\/"]}]},{"@type":"ImageObject","inLanguage":"en-US","@id":"https:\/\/www.mexicanguitarplayers.com\/tienda\/cuerdas\/combos\/combos-para-bajo\/combo-blackstar-p-bajo-mod-unity-120\/#primaryimage","url":"https:\/\/www.mexicanguitarplayers.com\/wp-content\/uploads\/2022\/08\/ICBLSU120-1.jpg","contentUrl":"https:\/\/www.mexicanguitarplayers.com\/wp-content\/uploads\/2022\/08\/ICBLSU120-1.jpg","width":1200,"height":1200},{"@type":"BreadcrumbList","@id":"https:\/\/www.mexicanguitarplayers.com\/tienda\/cuerdas\/combos\/combos-para-bajo\/combo-blackstar-p-bajo-mod-unity-120\/#breadcrumb","itemListElement":[{"@type":"ListItem","position":1,"name":"Portada","item":"https:\/\/www.mexicanguitarplayers.com\/"},{"@type":"ListItem","position":2,"name":"Tienda","item":"https:\/\/www.mexicanguitarplayers.com\/tienda\/"},{"@type":"ListItem","position":3,"name":"COMBO BLACKSTAR P\/BAJO MOD. UNITY 120"}]},{"@type":"WebSite","@id":"https:\/\/www.mexicanguitarplayers.com\/#website","url":"https:\/\/www.mexicanguitarplayers.com\/","name":"Mexican Guitar Players","description":"Website","publisher":{"@id":"https:\/\/www.mexicanguitarplayers.com\/#organization"},"potentialAction":[{"@type":"SearchAction","target":{"@type":"EntryPoint","urlTemplate":"https:\/\/www.mexicanguitarplayers.com\/?s={search_term_string}"},"query-input":{"@type":"PropertyValueSpecification","valueRequired":true,"valueName":"search_term_string"}}],"inLanguage":"en-US"},{"@type":"Organization","@id":"https:\/\/www.mexicanguitarplayers.com\/#organization","name":"Mexican Guitar Players","url":"https:\/\/www.mexicanguitarplayers.com\/","logo":{"@type":"ImageObject","inLanguage":"en-US","@id":"https:\/\/www.mexicanguitarplayers.com\/#\/schema\/logo\/image\/","url":"","contentUrl":"","caption":"Mexican Guitar Players"},"image":{"@id":"https:\/\/www.mexicanguitarplayers.com\/#\/schema\/logo\/image\/"}}]}},"brands":[{"id":172,"name":"BLACKSTAR","slug":"blackstar"}],"_links":{"self":[{"href":"https:\/\/www.mexicanguitarplayers.com\/en\/wp-json\/wp\/v2\/product\/8660","targetHints":{"allow":["GET"]}}],"collection":[{"href":"https:\/\/www.mexicanguitarplayers.com\/en\/wp-json\/wp\/v2\/product"}],"about":[{"href":"https:\/\/www.mexicanguitarplayers.com\/en\/wp-json\/wp\/v2\/types\/product"}],"replies":[{"embeddable":true,"href":"https:\/\/www.mexicanguitarplayers.com\/en\/wp-json\/wp\/v2\/comments?post=8660"}],"wp:featuredmedia":[{"embeddable":true,"href":"https:\/\/www.mexicanguitarplayers.com\/en\/wp-json\/wp\/v2\/media\/22149"}],"wp:attachment":[{"href":"https:\/\/www.mexicanguitarplayers.com\/en\/wp-json\/wp\/v2\/media?parent=8660"}],"wp:term":[{"taxonomy":"pwb-brand","embeddable":true,"href":"https:\/\/www.mexicanguitarplayers.com\/en\/wp-json\/wp\/v2\/pwb-brand?post=8660"},{"taxonomy":"product_brand","embeddable":true,"href":"https:\/\/www.mexicanguitarplayers.com\/en\/wp-json\/wp\/v2\/product_brand?post=8660"},{"taxonomy":"product_cat","embeddable":true,"href":"https:\/\/www.mexicanguitarplayers.com\/en\/wp-json\/wp\/v2\/product_cat?post=8660"},{"taxonomy":"product_tag","embeddable":true,"href":"https:\/\/www.mexicanguitarplayers.com\/en\/wp-json\/wp\/v2\/product_tag?post=8660"}],"curies":[{"name":"wp","href":"https:\/\/api.w.org\/{rel}","templated":true}]}}