{"id":8675,"date":"2022-08-18T01:06:00","date_gmt":"2022-08-18T06:06:00","guid":{"rendered":"https:\/\/www.mexicanguitarplayers.com\/tienda\/sin%20categor\u00eda\/combo-blackstar-p-bajo-mod-unity-500\/"},"modified":"2026-04-10T05:26:08","modified_gmt":"2026-04-10T11:26:08","slug":"combo-blackstar-p-bajo-mod-unity-500","status":"publish","type":"product","link":"https:\/\/www.mexicanguitarplayers.com\/en\/tienda\/cuerdas\/combos\/combos-para-bajo\/combo-blackstar-p-bajo-mod-unity-500\/","title":{"rendered":"COMBO BLACKSTAR P\/BASS MOD. UNITY 500"},"content":{"rendered":"<div style=\"text-align: justify\">\n<div>\n<h3>COMBO BLACKSTAR P\/BASS MOD. UNITY 500<\/h3>\n<\/div>\n<div>Bass combo, power: 500 watts, 2 custom designed 10\u201d Eminence Opus speakers, 3 voices: Classic, modern and flat, 3 footswitchable drives with user controllable blend: Overdrive, distortion and fuzz, EQ of 3 bands with semi-parametric Mid, unique control response: linear, 6L6 and 6556, overdrive, chorus and sub-octave with adjustable level control, compressor, gain input with clip indicator, pad switch for active or passive instruments, master volume , link to active Unity Bass cabinet, USB audio output for direct recording, effects loop series, MP3\/line input, XLR + \u00bc\u201d\/phones output with independent level control, DI outputs and cabinet emulation.<\/div>\n<\/div>","protected":false},"excerpt":{"rendered":"<p>Combo para bajo, potencia: 500 watts, 2 altavoces Eminence Opus de 10\u201d pulgadas de dise\u00f1o personalizado, 3 voces: Cl\u00e1sico, moderno y flat, 3 drives conmutables por footswitch con blend controlable por el usuario: Overdrive, distorsi\u00f3n y fuzz, ecualizador de 3 bandas con Mid semi param\u00e9trico, respuesta \u00fanica de control: lineal, 6L6 y 6556, overdrive, chorus y sub-octava  con control de nivel ajustable, compresor, entrada Gain con indicador de clip, switch Pad para instrumentos activos o pasivos, volumen master, link a gabinete activo Unity Bass, salida de audio USB para grabaci\u00f3n directa, serie de loop de efectos, entrada de l\u00ednea\/MP3, XLR + salida \u00bc\u201d\/aud\u00edfonos con control de nivel independiente, salidas D.I y emulaci\u00f3n de gabinete.&hellip; <a class=\"kt-excerpt-readmore more-link\" href=\"https:\/\/www.mexicanguitarplayers.com\/en\/tienda\/cuerdas\/combos\/combos-para-bajo\/combo-blackstar-p-bajo-mod-unity-500\/\">Read more<\/a><\/p>","protected":false},"featured_media":22161,"comment_status":"open","ping_status":"closed","template":"","meta":{"kt_blocks_editor_width":""},"pwb-brand":[172],"product_brand":[],"product_cat":[236,255,224],"product_tag":[],"class_list":{"0":"post-8675","1":"product","2":"type-product","3":"status-publish","4":"has-post-thumbnail","6":"pwb-brand-blackstar","7":"product_cat-combos","8":"product_cat-combos-para-bajo","9":"product_cat-cuerdas","10":"product_shipping_class-25-30-kg","12":"first","13":"outofstock","14":"taxable","15":"shipping-taxable","16":"purchasable","17":"product-type-simple"},"yoast_head":"<!-- This site is optimized with the Yoast SEO plugin v27.4 - https:\/\/yoast.com\/product\/yoast-seo-wordpress\/ -->\n<title>COMBO BLACKSTAR P\/BAJO MOD. UNITY 500 - Mexican Guitar Players<\/title>\n<meta name=\"description\" content=\"COMBO BLACKSTAR P\/BAJO MOD. UNITY 500. Combo para bajo, potencia: 500 watts, 2 altavoces Eminence Opus de 10\u201d pulgadas de dise\u00f1o personalizado, 3 voces: Cl\u00e1sico, moderno y flat, 3 drives conmutables por footswitch con blend controlable por el usuario: Overdrive, distorsi\u00f3n y fuzz, ecualizador de 3 bandas con Mid semi param\u00e9trico, respuesta \u00fanica de control: lineal, 6L6 y 6556, overdrive, chorus y sub-octava con control de nivel ajustable, compresor, entrada Gain con indicador de clip, switch Pad para instrumentos activos o pasivos, volumen master, link a gabinete activo Unity Bass, salida de audio USB para grabaci\u00f3n directa, serie de loop de efectos, entrada de l\u00ednea\/MP3, XLR + salida \u00bc\u201d\/aud\u00edfonos con control de nivel independiente, salidas D.I y emulaci\u00f3n de gabinete.\" \/>\n<meta name=\"robots\" content=\"index, follow, max-snippet:-1, max-image-preview:large, max-video-preview:-1\" \/>\n<link rel=\"canonical\" href=\"https:\/\/www.mexicanguitarplayers.com\/en\/tienda\/cuerdas\/combos\/combos-para-bajo\/combo-blackstar-p-bajo-mod-unity-500\/\" \/>\n<meta property=\"og:locale\" content=\"en_US\" \/>\n<meta property=\"og:type\" content=\"article\" \/>\n<meta property=\"og:title\" content=\"COMBO BLACKSTAR P\/BAJO MOD. UNITY 500 - Mexican Guitar Players\" \/>\n<meta property=\"og:description\" content=\"COMBO BLACKSTAR P\/BAJO MOD. UNITY 500. Combo para bajo, potencia: 500 watts, 2 altavoces Eminence Opus de 10\u201d pulgadas de dise\u00f1o personalizado, 3 voces: Cl\u00e1sico, moderno y flat, 3 drives conmutables por footswitch con blend controlable por el usuario: Overdrive, distorsi\u00f3n y fuzz, ecualizador de 3 bandas con Mid semi param\u00e9trico, respuesta \u00fanica de control: lineal, 6L6 y 6556, overdrive, chorus y sub-octava con control de nivel ajustable, compresor, entrada Gain con indicador de clip, switch Pad para instrumentos activos o pasivos, volumen master, link a gabinete activo Unity Bass, salida de audio USB para grabaci\u00f3n directa, serie de loop de efectos, entrada de l\u00ednea\/MP3, XLR + salida \u00bc\u201d\/aud\u00edfonos con control de nivel independiente, salidas D.I y emulaci\u00f3n de gabinete.\" \/>\n<meta property=\"og:url\" content=\"https:\/\/www.mexicanguitarplayers.com\/en\/tienda\/cuerdas\/combos\/combos-para-bajo\/combo-blackstar-p-bajo-mod-unity-500\/\" \/>\n<meta property=\"og:site_name\" content=\"Mexican Guitar Players\" \/>\n<meta property=\"article:modified_time\" content=\"2026-04-10T11:26:08+00:00\" \/>\n<meta property=\"og:image\" content=\"https:\/\/www.mexicanguitarplayers.com\/wp-content\/uploads\/2022\/08\/ICBLSU500-1.jpg\" \/>\n\t<meta property=\"og:image:width\" content=\"1200\" \/>\n\t<meta property=\"og:image:height\" content=\"1200\" \/>\n\t<meta property=\"og:image:type\" content=\"image\/jpeg\" \/>\n<meta name=\"twitter:card\" content=\"summary_large_image\" \/>\n<meta name=\"twitter:label1\" content=\"Est. reading time\" \/>\n\t<meta name=\"twitter:data1\" content=\"1 minute\" \/>\n<script type=\"application\/ld+json\" class=\"yoast-schema-graph\">{\"@context\":\"https:\\\/\\\/schema.org\",\"@graph\":[{\"@type\":[\"WebPage\",\"ItemPage\"],\"@id\":\"https:\\\/\\\/www.mexicanguitarplayers.com\\\/tienda\\\/cuerdas\\\/combos\\\/combos-para-bajo\\\/combo-blackstar-p-bajo-mod-unity-500\\\/\",\"url\":\"https:\\\/\\\/www.mexicanguitarplayers.com\\\/tienda\\\/cuerdas\\\/combos\\\/combos-para-bajo\\\/combo-blackstar-p-bajo-mod-unity-500\\\/\",\"name\":\"COMBO BLACKSTAR P\\\/BAJO MOD. UNITY 500 - Mexican Guitar Players\",\"isPartOf\":{\"@id\":\"https:\\\/\\\/www.mexicanguitarplayers.com\\\/#website\"},\"primaryImageOfPage\":{\"@id\":\"https:\\\/\\\/www.mexicanguitarplayers.com\\\/tienda\\\/cuerdas\\\/combos\\\/combos-para-bajo\\\/combo-blackstar-p-bajo-mod-unity-500\\\/#primaryimage\"},\"image\":{\"@id\":\"https:\\\/\\\/www.mexicanguitarplayers.com\\\/tienda\\\/cuerdas\\\/combos\\\/combos-para-bajo\\\/combo-blackstar-p-bajo-mod-unity-500\\\/#primaryimage\"},\"thumbnailUrl\":\"https:\\\/\\\/www.mexicanguitarplayers.com\\\/wp-content\\\/uploads\\\/2022\\\/08\\\/ICBLSU500-1.jpg\",\"datePublished\":\"2022-08-18T06:06:00+00:00\",\"dateModified\":\"2026-04-10T11:26:08+00:00\",\"description\":\"COMBO BLACKSTAR P\\\/BAJO MOD. UNITY 500. Combo para bajo, potencia: 500 watts, 2 altavoces Eminence Opus de 10\u201d pulgadas de dise\u00f1o personalizado, 3 voces: Cl\u00e1sico, moderno y flat, 3 drives conmutables por footswitch con blend controlable por el usuario: Overdrive, distorsi\u00f3n y fuzz, ecualizador de 3 bandas con Mid semi param\u00e9trico, respuesta \u00fanica de control: lineal, 6L6 y 6556, overdrive, chorus y sub-octava con control de nivel ajustable, compresor, entrada Gain con indicador de clip, switch Pad para instrumentos activos o pasivos, volumen master, link a gabinete activo Unity Bass, salida de audio USB para grabaci\u00f3n directa, serie de loop de efectos, entrada de l\u00ednea\\\/MP3, XLR + salida \u00bc\u201d\\\/aud\u00edfonos con control de nivel independiente, salidas D.I y emulaci\u00f3n de gabinete.\",\"breadcrumb\":{\"@id\":\"https:\\\/\\\/www.mexicanguitarplayers.com\\\/tienda\\\/cuerdas\\\/combos\\\/combos-para-bajo\\\/combo-blackstar-p-bajo-mod-unity-500\\\/#breadcrumb\"},\"inLanguage\":\"en-US\",\"potentialAction\":[{\"@type\":\"ReadAction\",\"target\":[\"https:\\\/\\\/www.mexicanguitarplayers.com\\\/tienda\\\/cuerdas\\\/combos\\\/combos-para-bajo\\\/combo-blackstar-p-bajo-mod-unity-500\\\/\"]}]},{\"@type\":\"ImageObject\",\"inLanguage\":\"en-US\",\"@id\":\"https:\\\/\\\/www.mexicanguitarplayers.com\\\/tienda\\\/cuerdas\\\/combos\\\/combos-para-bajo\\\/combo-blackstar-p-bajo-mod-unity-500\\\/#primaryimage\",\"url\":\"https:\\\/\\\/www.mexicanguitarplayers.com\\\/wp-content\\\/uploads\\\/2022\\\/08\\\/ICBLSU500-1.jpg\",\"contentUrl\":\"https:\\\/\\\/www.mexicanguitarplayers.com\\\/wp-content\\\/uploads\\\/2022\\\/08\\\/ICBLSU500-1.jpg\",\"width\":1200,\"height\":1200},{\"@type\":\"BreadcrumbList\",\"@id\":\"https:\\\/\\\/www.mexicanguitarplayers.com\\\/tienda\\\/cuerdas\\\/combos\\\/combos-para-bajo\\\/combo-blackstar-p-bajo-mod-unity-500\\\/#breadcrumb\",\"itemListElement\":[{\"@type\":\"ListItem\",\"position\":1,\"name\":\"Portada\",\"item\":\"https:\\\/\\\/www.mexicanguitarplayers.com\\\/\"},{\"@type\":\"ListItem\",\"position\":2,\"name\":\"Tienda\",\"item\":\"https:\\\/\\\/www.mexicanguitarplayers.com\\\/tienda\\\/\"},{\"@type\":\"ListItem\",\"position\":3,\"name\":\"COMBO BLACKSTAR P\\\/BAJO MOD. UNITY 500\"}]},{\"@type\":\"WebSite\",\"@id\":\"https:\\\/\\\/www.mexicanguitarplayers.com\\\/#website\",\"url\":\"https:\\\/\\\/www.mexicanguitarplayers.com\\\/\",\"name\":\"Mexican Guitar Players\",\"description\":\"Website\",\"publisher\":{\"@id\":\"https:\\\/\\\/www.mexicanguitarplayers.com\\\/#organization\"},\"potentialAction\":[{\"@type\":\"SearchAction\",\"target\":{\"@type\":\"EntryPoint\",\"urlTemplate\":\"https:\\\/\\\/www.mexicanguitarplayers.com\\\/?s={search_term_string}\"},\"query-input\":{\"@type\":\"PropertyValueSpecification\",\"valueRequired\":true,\"valueName\":\"search_term_string\"}}],\"inLanguage\":\"en-US\"},{\"@type\":\"Organization\",\"@id\":\"https:\\\/\\\/www.mexicanguitarplayers.com\\\/#organization\",\"name\":\"Mexican Guitar Players\",\"url\":\"https:\\\/\\\/www.mexicanguitarplayers.com\\\/\",\"logo\":{\"@type\":\"ImageObject\",\"inLanguage\":\"en-US\",\"@id\":\"https:\\\/\\\/www.mexicanguitarplayers.com\\\/#\\\/schema\\\/logo\\\/image\\\/\",\"url\":\"\",\"contentUrl\":\"\",\"caption\":\"Mexican Guitar Players\"},\"image\":{\"@id\":\"https:\\\/\\\/www.mexicanguitarplayers.com\\\/#\\\/schema\\\/logo\\\/image\\\/\"}}]}<\/script>\n<!-- \/ Yoast SEO plugin. -->","yoast_head_json":{"title":"COMBO BLACKSTAR P\/BAJO MOD. UNITY 500 - Mexican Guitar Players","description":"COMBO BLACKSTAR P\/BAJO MOD. UNITY 500. Combo para bajo, potencia: 500 watts, 2 altavoces Eminence Opus de 10\u201d pulgadas de dise\u00f1o personalizado, 3 voces: Cl\u00e1sico, moderno y flat, 3 drives conmutables por footswitch con blend controlable por el usuario: Overdrive, distorsi\u00f3n y fuzz, ecualizador de 3 bandas con Mid semi param\u00e9trico, respuesta \u00fanica de control: lineal, 6L6 y 6556, overdrive, chorus y sub-octava con control de nivel ajustable, compresor, entrada Gain con indicador de clip, switch Pad para instrumentos activos o pasivos, volumen master, link a gabinete activo Unity Bass, salida de audio USB para grabaci\u00f3n directa, serie de loop de efectos, entrada de l\u00ednea\/MP3, XLR + salida \u00bc\u201d\/aud\u00edfonos con control de nivel independiente, salidas D.I y emulaci\u00f3n de gabinete.","robots":{"index":"index","follow":"follow","max-snippet":"max-snippet:-1","max-image-preview":"max-image-preview:large","max-video-preview":"max-video-preview:-1"},"canonical":"https:\/\/www.mexicanguitarplayers.com\/en\/tienda\/cuerdas\/combos\/combos-para-bajo\/combo-blackstar-p-bajo-mod-unity-500\/","og_locale":"en_US","og_type":"article","og_title":"COMBO BLACKSTAR P\/BAJO MOD. UNITY 500 - Mexican Guitar Players","og_description":"COMBO BLACKSTAR P\/BAJO MOD. UNITY 500. Combo para bajo, potencia: 500 watts, 2 altavoces Eminence Opus de 10\u201d pulgadas de dise\u00f1o personalizado, 3 voces: Cl\u00e1sico, moderno y flat, 3 drives conmutables por footswitch con blend controlable por el usuario: Overdrive, distorsi\u00f3n y fuzz, ecualizador de 3 bandas con Mid semi param\u00e9trico, respuesta \u00fanica de control: lineal, 6L6 y 6556, overdrive, chorus y sub-octava con control de nivel ajustable, compresor, entrada Gain con indicador de clip, switch Pad para instrumentos activos o pasivos, volumen master, link a gabinete activo Unity Bass, salida de audio USB para grabaci\u00f3n directa, serie de loop de efectos, entrada de l\u00ednea\/MP3, XLR + salida \u00bc\u201d\/aud\u00edfonos con control de nivel independiente, salidas D.I y emulaci\u00f3n de gabinete.","og_url":"https:\/\/www.mexicanguitarplayers.com\/en\/tienda\/cuerdas\/combos\/combos-para-bajo\/combo-blackstar-p-bajo-mod-unity-500\/","og_site_name":"Mexican Guitar Players","article_modified_time":"2026-04-10T11:26:08+00:00","og_image":[{"width":1200,"height":1200,"url":"https:\/\/www.mexicanguitarplayers.com\/wp-content\/uploads\/2022\/08\/ICBLSU500-1.jpg","type":"image\/jpeg"}],"twitter_card":"summary_large_image","twitter_misc":{"Est. reading time":"1 minute"},"schema":{"@context":"https:\/\/schema.org","@graph":[{"@type":["WebPage","ItemPage"],"@id":"https:\/\/www.mexicanguitarplayers.com\/tienda\/cuerdas\/combos\/combos-para-bajo\/combo-blackstar-p-bajo-mod-unity-500\/","url":"https:\/\/www.mexicanguitarplayers.com\/tienda\/cuerdas\/combos\/combos-para-bajo\/combo-blackstar-p-bajo-mod-unity-500\/","name":"COMBO BLACKSTAR P\/BAJO MOD. UNITY 500 - Mexican Guitar Players","isPartOf":{"@id":"https:\/\/www.mexicanguitarplayers.com\/#website"},"primaryImageOfPage":{"@id":"https:\/\/www.mexicanguitarplayers.com\/tienda\/cuerdas\/combos\/combos-para-bajo\/combo-blackstar-p-bajo-mod-unity-500\/#primaryimage"},"image":{"@id":"https:\/\/www.mexicanguitarplayers.com\/tienda\/cuerdas\/combos\/combos-para-bajo\/combo-blackstar-p-bajo-mod-unity-500\/#primaryimage"},"thumbnailUrl":"https:\/\/www.mexicanguitarplayers.com\/wp-content\/uploads\/2022\/08\/ICBLSU500-1.jpg","datePublished":"2022-08-18T06:06:00+00:00","dateModified":"2026-04-10T11:26:08+00:00","description":"COMBO BLACKSTAR P\/BAJO MOD. UNITY 500. Combo para bajo, potencia: 500 watts, 2 altavoces Eminence Opus de 10\u201d pulgadas de dise\u00f1o personalizado, 3 voces: Cl\u00e1sico, moderno y flat, 3 drives conmutables por footswitch con blend controlable por el usuario: Overdrive, distorsi\u00f3n y fuzz, ecualizador de 3 bandas con Mid semi param\u00e9trico, respuesta \u00fanica de control: lineal, 6L6 y 6556, overdrive, chorus y sub-octava con control de nivel ajustable, compresor, entrada Gain con indicador de clip, switch Pad para instrumentos activos o pasivos, volumen master, link a gabinete activo Unity Bass, salida de audio USB para grabaci\u00f3n directa, serie de loop de efectos, entrada de l\u00ednea\/MP3, XLR + salida \u00bc\u201d\/aud\u00edfonos con control de nivel independiente, salidas D.I y emulaci\u00f3n de gabinete.","breadcrumb":{"@id":"https:\/\/www.mexicanguitarplayers.com\/tienda\/cuerdas\/combos\/combos-para-bajo\/combo-blackstar-p-bajo-mod-unity-500\/#breadcrumb"},"inLanguage":"en-US","potentialAction":[{"@type":"ReadAction","target":["https:\/\/www.mexicanguitarplayers.com\/tienda\/cuerdas\/combos\/combos-para-bajo\/combo-blackstar-p-bajo-mod-unity-500\/"]}]},{"@type":"ImageObject","inLanguage":"en-US","@id":"https:\/\/www.mexicanguitarplayers.com\/tienda\/cuerdas\/combos\/combos-para-bajo\/combo-blackstar-p-bajo-mod-unity-500\/#primaryimage","url":"https:\/\/www.mexicanguitarplayers.com\/wp-content\/uploads\/2022\/08\/ICBLSU500-1.jpg","contentUrl":"https:\/\/www.mexicanguitarplayers.com\/wp-content\/uploads\/2022\/08\/ICBLSU500-1.jpg","width":1200,"height":1200},{"@type":"BreadcrumbList","@id":"https:\/\/www.mexicanguitarplayers.com\/tienda\/cuerdas\/combos\/combos-para-bajo\/combo-blackstar-p-bajo-mod-unity-500\/#breadcrumb","itemListElement":[{"@type":"ListItem","position":1,"name":"Portada","item":"https:\/\/www.mexicanguitarplayers.com\/"},{"@type":"ListItem","position":2,"name":"Tienda","item":"https:\/\/www.mexicanguitarplayers.com\/tienda\/"},{"@type":"ListItem","position":3,"name":"COMBO BLACKSTAR P\/BAJO MOD. UNITY 500"}]},{"@type":"WebSite","@id":"https:\/\/www.mexicanguitarplayers.com\/#website","url":"https:\/\/www.mexicanguitarplayers.com\/","name":"Mexican Guitar Players","description":"Website","publisher":{"@id":"https:\/\/www.mexicanguitarplayers.com\/#organization"},"potentialAction":[{"@type":"SearchAction","target":{"@type":"EntryPoint","urlTemplate":"https:\/\/www.mexicanguitarplayers.com\/?s={search_term_string}"},"query-input":{"@type":"PropertyValueSpecification","valueRequired":true,"valueName":"search_term_string"}}],"inLanguage":"en-US"},{"@type":"Organization","@id":"https:\/\/www.mexicanguitarplayers.com\/#organization","name":"Mexican Guitar Players","url":"https:\/\/www.mexicanguitarplayers.com\/","logo":{"@type":"ImageObject","inLanguage":"en-US","@id":"https:\/\/www.mexicanguitarplayers.com\/#\/schema\/logo\/image\/","url":"","contentUrl":"","caption":"Mexican Guitar Players"},"image":{"@id":"https:\/\/www.mexicanguitarplayers.com\/#\/schema\/logo\/image\/"}}]}},"brands":[{"id":172,"name":"BLACKSTAR","slug":"blackstar"}],"_links":{"self":[{"href":"https:\/\/www.mexicanguitarplayers.com\/en\/wp-json\/wp\/v2\/product\/8675","targetHints":{"allow":["GET"]}}],"collection":[{"href":"https:\/\/www.mexicanguitarplayers.com\/en\/wp-json\/wp\/v2\/product"}],"about":[{"href":"https:\/\/www.mexicanguitarplayers.com\/en\/wp-json\/wp\/v2\/types\/product"}],"replies":[{"embeddable":true,"href":"https:\/\/www.mexicanguitarplayers.com\/en\/wp-json\/wp\/v2\/comments?post=8675"}],"wp:featuredmedia":[{"embeddable":true,"href":"https:\/\/www.mexicanguitarplayers.com\/en\/wp-json\/wp\/v2\/media\/22161"}],"wp:attachment":[{"href":"https:\/\/www.mexicanguitarplayers.com\/en\/wp-json\/wp\/v2\/media?parent=8675"}],"wp:term":[{"taxonomy":"pwb-brand","embeddable":true,"href":"https:\/\/www.mexicanguitarplayers.com\/en\/wp-json\/wp\/v2\/pwb-brand?post=8675"},{"taxonomy":"product_brand","embeddable":true,"href":"https:\/\/www.mexicanguitarplayers.com\/en\/wp-json\/wp\/v2\/product_brand?post=8675"},{"taxonomy":"product_cat","embeddable":true,"href":"https:\/\/www.mexicanguitarplayers.com\/en\/wp-json\/wp\/v2\/product_cat?post=8675"},{"taxonomy":"product_tag","embeddable":true,"href":"https:\/\/www.mexicanguitarplayers.com\/en\/wp-json\/wp\/v2\/product_tag?post=8675"}],"curies":[{"name":"wp","href":"https:\/\/api.w.org\/{rel}","templated":true}]}}