{"id":8703,"date":"2022-08-18T01:06:44","date_gmt":"2022-08-18T06:06:44","guid":{"rendered":"https:\/\/www.mexicanguitarplayers.com\/tienda\/sin%20categor\u00eda\/combo-fishman-p-gtr-loudbox-mini-charge\/"},"modified":"2026-01-17T06:04:31","modified_gmt":"2026-01-17T12:04:31","slug":"combo-fishman-p-gtr-loudbox-mini-charge","status":"publish","type":"product","link":"https:\/\/www.mexicanguitarplayers.com\/en\/tienda\/cuerdas\/amplificadores-cuerdas\/amps-para-guitarra\/combo-fishman-p-gtr-loudbox-mini-charge\/","title":{"rendered":"COMBO FISHMAN P\/GTR. LOUDBOX MINI CHARGE"},"content":{"rendered":"<div style=\"text-align: justify\">\n<div>\n<h3>COMBO FISHMAN P\/GTR. LOUDBOX MINI CHARGE<\/h3>\n<\/div>\n<div>Portable combo for acoustic guitar, works with a rechargeable battery, power of 60 watts, 2 dedicated channels, one XLR for microphone and another 1\/4\u201d for instrument, bluetooth connectivity, battery lasts up to 12 hours, reverb and chorus, indicator of battery level, master volume, phase control that enhances bass at low volumes and suppresses feedback at high volumes, DI output to send signal to a mixer, 1\/8\u201d auxiliary input, weight: 9.6 kg.<\/div>\n<\/div>","protected":false},"excerpt":{"rendered":"<p>Combo port\u00e1til para guitarra ac\u00fastica, funciona con una bater\u00eda recargable, potencia de 60 watts, 2 canales dedicados, uno XLR de micr\u00f3fono y otro 1\/4\u201d para instrumento, conectividad bluetooth, la bater\u00eda dura hasta 12 horas, reverb y chorus, indicador de nivel de bater\u00eda, volumen master, control de fase que mejora los graves a bajo volumen y suprime la retroalimentaci\u00f3n en alto volumen, salida D.I. para enviar se\u00f1al a una mezcladora, entrada auxiliar de 1\/8\u201d, peso: 9.6 kg.&hellip; <a class=\"kt-excerpt-readmore more-link\" href=\"https:\/\/www.mexicanguitarplayers.com\/en\/tienda\/cuerdas\/amplificadores-cuerdas\/amps-para-guitarra\/combo-fishman-p-gtr-loudbox-mini-charge\/\">Read more<\/a><\/p>","protected":false},"featured_media":22181,"comment_status":"open","ping_status":"closed","template":"","meta":{"kt_blocks_editor_width":""},"pwb-brand":[248],"product_brand":[],"product_cat":[225,226,224],"product_tag":[],"class_list":{"0":"post-8703","1":"product","2":"type-product","3":"status-publish","4":"has-post-thumbnail","6":"pwb-brand-fishman","7":"product_cat-amplificadores-cuerdas","8":"product_cat-amps-para-guitarra","9":"product_cat-cuerdas","10":"product_shipping_class-10-15-kg","12":"first","13":"instock","14":"taxable","15":"shipping-taxable","16":"purchasable","17":"product-type-simple"},"yoast_head":"<!-- This site is optimized with the Yoast SEO plugin v27.3 - https:\/\/yoast.com\/product\/yoast-seo-wordpress\/ -->\n<title>COMBO FISHMAN P\/GTR. LOUDBOX MINI CHARGE - Mexican Guitar Players<\/title>\n<meta name=\"description\" content=\"COMBO FISHMAN P\/GTR. LOUDBOX MINI CHARGE. Combo port\u00e1til para guitarra ac\u00fastica, funciona con una bater\u00eda recargable, potencia de 60 watts, 2 canales dedicados, uno XLR de micr\u00f3fono y otro 1\/4\u201d para instrumento, conectividad bluetooth, la bater\u00eda dura hasta 12 horas, reverb y chorus, indicador de nivel de bater\u00eda, volumen master, control de fase que mejora los graves a bajo volumen y suprime la retroalimentaci\u00f3n en alto volumen, salida D.I. para enviar se\u00f1al a una mezcladora, entrada auxiliar de 1\/8\u201d, peso: 9.6 kg.\" \/>\n<meta name=\"robots\" content=\"index, follow, max-snippet:-1, max-image-preview:large, max-video-preview:-1\" \/>\n<link rel=\"canonical\" href=\"https:\/\/www.mexicanguitarplayers.com\/en\/tienda\/cuerdas\/amplificadores-cuerdas\/amps-para-guitarra\/combo-fishman-p-gtr-loudbox-mini-charge\/\" \/>\n<meta property=\"og:locale\" content=\"en_US\" \/>\n<meta property=\"og:type\" content=\"article\" \/>\n<meta property=\"og:title\" content=\"COMBO FISHMAN P\/GTR. LOUDBOX MINI CHARGE - Mexican Guitar Players\" \/>\n<meta property=\"og:description\" content=\"COMBO FISHMAN P\/GTR. LOUDBOX MINI CHARGE. Combo port\u00e1til para guitarra ac\u00fastica, funciona con una bater\u00eda recargable, potencia de 60 watts, 2 canales dedicados, uno XLR de micr\u00f3fono y otro 1\/4\u201d para instrumento, conectividad bluetooth, la bater\u00eda dura hasta 12 horas, reverb y chorus, indicador de nivel de bater\u00eda, volumen master, control de fase que mejora los graves a bajo volumen y suprime la retroalimentaci\u00f3n en alto volumen, salida D.I. para enviar se\u00f1al a una mezcladora, entrada auxiliar de 1\/8\u201d, peso: 9.6 kg.\" \/>\n<meta property=\"og:url\" content=\"https:\/\/www.mexicanguitarplayers.com\/en\/tienda\/cuerdas\/amplificadores-cuerdas\/amps-para-guitarra\/combo-fishman-p-gtr-loudbox-mini-charge\/\" \/>\n<meta property=\"og:site_name\" content=\"Mexican Guitar Players\" \/>\n<meta property=\"article:modified_time\" content=\"2026-01-17T12:04:31+00:00\" \/>\n<meta property=\"og:image\" content=\"https:\/\/www.mexicanguitarplayers.com\/wp-content\/uploads\/2022\/08\/ICFISPROLBC500-1.jpg\" \/>\n\t<meta property=\"og:image:width\" content=\"1200\" \/>\n\t<meta property=\"og:image:height\" content=\"1200\" \/>\n\t<meta property=\"og:image:type\" content=\"image\/jpeg\" \/>\n<meta name=\"twitter:card\" content=\"summary_large_image\" \/>\n<script type=\"application\/ld+json\" class=\"yoast-schema-graph\">{\"@context\":\"https:\\\/\\\/schema.org\",\"@graph\":[{\"@type\":[\"WebPage\",\"ItemPage\"],\"@id\":\"https:\\\/\\\/www.mexicanguitarplayers.com\\\/tienda\\\/cuerdas\\\/amplificadores-cuerdas\\\/amps-para-guitarra\\\/combo-fishman-p-gtr-loudbox-mini-charge\\\/\",\"url\":\"https:\\\/\\\/www.mexicanguitarplayers.com\\\/tienda\\\/cuerdas\\\/amplificadores-cuerdas\\\/amps-para-guitarra\\\/combo-fishman-p-gtr-loudbox-mini-charge\\\/\",\"name\":\"COMBO FISHMAN P\\\/GTR. LOUDBOX MINI CHARGE - Mexican Guitar Players\",\"isPartOf\":{\"@id\":\"https:\\\/\\\/www.mexicanguitarplayers.com\\\/#website\"},\"primaryImageOfPage\":{\"@id\":\"https:\\\/\\\/www.mexicanguitarplayers.com\\\/tienda\\\/cuerdas\\\/amplificadores-cuerdas\\\/amps-para-guitarra\\\/combo-fishman-p-gtr-loudbox-mini-charge\\\/#primaryimage\"},\"image\":{\"@id\":\"https:\\\/\\\/www.mexicanguitarplayers.com\\\/tienda\\\/cuerdas\\\/amplificadores-cuerdas\\\/amps-para-guitarra\\\/combo-fishman-p-gtr-loudbox-mini-charge\\\/#primaryimage\"},\"thumbnailUrl\":\"https:\\\/\\\/www.mexicanguitarplayers.com\\\/wp-content\\\/uploads\\\/2022\\\/08\\\/ICFISPROLBC500-1.jpg\",\"datePublished\":\"2022-08-18T06:06:44+00:00\",\"dateModified\":\"2026-01-17T12:04:31+00:00\",\"description\":\"COMBO FISHMAN P\\\/GTR. LOUDBOX MINI CHARGE. Combo port\u00e1til para guitarra ac\u00fastica, funciona con una bater\u00eda recargable, potencia de 60 watts, 2 canales dedicados, uno XLR de micr\u00f3fono y otro 1\\\/4\u201d para instrumento, conectividad bluetooth, la bater\u00eda dura hasta 12 horas, reverb y chorus, indicador de nivel de bater\u00eda, volumen master, control de fase que mejora los graves a bajo volumen y suprime la retroalimentaci\u00f3n en alto volumen, salida D.I. para enviar se\u00f1al a una mezcladora, entrada auxiliar de 1\\\/8\u201d, peso: 9.6 kg.\",\"breadcrumb\":{\"@id\":\"https:\\\/\\\/www.mexicanguitarplayers.com\\\/tienda\\\/cuerdas\\\/amplificadores-cuerdas\\\/amps-para-guitarra\\\/combo-fishman-p-gtr-loudbox-mini-charge\\\/#breadcrumb\"},\"inLanguage\":\"en-US\",\"potentialAction\":[{\"@type\":\"ReadAction\",\"target\":[\"https:\\\/\\\/www.mexicanguitarplayers.com\\\/tienda\\\/cuerdas\\\/amplificadores-cuerdas\\\/amps-para-guitarra\\\/combo-fishman-p-gtr-loudbox-mini-charge\\\/\"]}]},{\"@type\":\"ImageObject\",\"inLanguage\":\"en-US\",\"@id\":\"https:\\\/\\\/www.mexicanguitarplayers.com\\\/tienda\\\/cuerdas\\\/amplificadores-cuerdas\\\/amps-para-guitarra\\\/combo-fishman-p-gtr-loudbox-mini-charge\\\/#primaryimage\",\"url\":\"https:\\\/\\\/www.mexicanguitarplayers.com\\\/wp-content\\\/uploads\\\/2022\\\/08\\\/ICFISPROLBC500-1.jpg\",\"contentUrl\":\"https:\\\/\\\/www.mexicanguitarplayers.com\\\/wp-content\\\/uploads\\\/2022\\\/08\\\/ICFISPROLBC500-1.jpg\",\"width\":1200,\"height\":1200},{\"@type\":\"BreadcrumbList\",\"@id\":\"https:\\\/\\\/www.mexicanguitarplayers.com\\\/tienda\\\/cuerdas\\\/amplificadores-cuerdas\\\/amps-para-guitarra\\\/combo-fishman-p-gtr-loudbox-mini-charge\\\/#breadcrumb\",\"itemListElement\":[{\"@type\":\"ListItem\",\"position\":1,\"name\":\"Portada\",\"item\":\"https:\\\/\\\/www.mexicanguitarplayers.com\\\/\"},{\"@type\":\"ListItem\",\"position\":2,\"name\":\"Tienda\",\"item\":\"https:\\\/\\\/www.mexicanguitarplayers.com\\\/tienda\\\/\"},{\"@type\":\"ListItem\",\"position\":3,\"name\":\"COMBO FISHMAN P\\\/GTR. LOUDBOX MINI CHARGE\"}]},{\"@type\":\"WebSite\",\"@id\":\"https:\\\/\\\/www.mexicanguitarplayers.com\\\/#website\",\"url\":\"https:\\\/\\\/www.mexicanguitarplayers.com\\\/\",\"name\":\"Mexican Guitar Players\",\"description\":\"Website\",\"publisher\":{\"@id\":\"https:\\\/\\\/www.mexicanguitarplayers.com\\\/#organization\"},\"potentialAction\":[{\"@type\":\"SearchAction\",\"target\":{\"@type\":\"EntryPoint\",\"urlTemplate\":\"https:\\\/\\\/www.mexicanguitarplayers.com\\\/?s={search_term_string}\"},\"query-input\":{\"@type\":\"PropertyValueSpecification\",\"valueRequired\":true,\"valueName\":\"search_term_string\"}}],\"inLanguage\":\"en-US\"},{\"@type\":\"Organization\",\"@id\":\"https:\\\/\\\/www.mexicanguitarplayers.com\\\/#organization\",\"name\":\"Mexican Guitar Players\",\"url\":\"https:\\\/\\\/www.mexicanguitarplayers.com\\\/\",\"logo\":{\"@type\":\"ImageObject\",\"inLanguage\":\"en-US\",\"@id\":\"https:\\\/\\\/www.mexicanguitarplayers.com\\\/#\\\/schema\\\/logo\\\/image\\\/\",\"url\":\"\",\"contentUrl\":\"\",\"caption\":\"Mexican Guitar Players\"},\"image\":{\"@id\":\"https:\\\/\\\/www.mexicanguitarplayers.com\\\/#\\\/schema\\\/logo\\\/image\\\/\"}}]}<\/script>\n<!-- \/ Yoast SEO plugin. -->","yoast_head_json":{"title":"COMBO FISHMAN P\/GTR. LOUDBOX MINI CHARGE - Mexican Guitar Players","description":"COMBO FISHMAN P\/GTR. LOUDBOX MINI CHARGE. Combo port\u00e1til para guitarra ac\u00fastica, funciona con una bater\u00eda recargable, potencia de 60 watts, 2 canales dedicados, uno XLR de micr\u00f3fono y otro 1\/4\u201d para instrumento, conectividad bluetooth, la bater\u00eda dura hasta 12 horas, reverb y chorus, indicador de nivel de bater\u00eda, volumen master, control de fase que mejora los graves a bajo volumen y suprime la retroalimentaci\u00f3n en alto volumen, salida D.I. para enviar se\u00f1al a una mezcladora, entrada auxiliar de 1\/8\u201d, peso: 9.6 kg.","robots":{"index":"index","follow":"follow","max-snippet":"max-snippet:-1","max-image-preview":"max-image-preview:large","max-video-preview":"max-video-preview:-1"},"canonical":"https:\/\/www.mexicanguitarplayers.com\/en\/tienda\/cuerdas\/amplificadores-cuerdas\/amps-para-guitarra\/combo-fishman-p-gtr-loudbox-mini-charge\/","og_locale":"en_US","og_type":"article","og_title":"COMBO FISHMAN P\/GTR. LOUDBOX MINI CHARGE - Mexican Guitar Players","og_description":"COMBO FISHMAN P\/GTR. LOUDBOX MINI CHARGE. Combo port\u00e1til para guitarra ac\u00fastica, funciona con una bater\u00eda recargable, potencia de 60 watts, 2 canales dedicados, uno XLR de micr\u00f3fono y otro 1\/4\u201d para instrumento, conectividad bluetooth, la bater\u00eda dura hasta 12 horas, reverb y chorus, indicador de nivel de bater\u00eda, volumen master, control de fase que mejora los graves a bajo volumen y suprime la retroalimentaci\u00f3n en alto volumen, salida D.I. para enviar se\u00f1al a una mezcladora, entrada auxiliar de 1\/8\u201d, peso: 9.6 kg.","og_url":"https:\/\/www.mexicanguitarplayers.com\/en\/tienda\/cuerdas\/amplificadores-cuerdas\/amps-para-guitarra\/combo-fishman-p-gtr-loudbox-mini-charge\/","og_site_name":"Mexican Guitar Players","article_modified_time":"2026-01-17T12:04:31+00:00","og_image":[{"width":1200,"height":1200,"url":"https:\/\/www.mexicanguitarplayers.com\/wp-content\/uploads\/2022\/08\/ICFISPROLBC500-1.jpg","type":"image\/jpeg"}],"twitter_card":"summary_large_image","schema":{"@context":"https:\/\/schema.org","@graph":[{"@type":["WebPage","ItemPage"],"@id":"https:\/\/www.mexicanguitarplayers.com\/tienda\/cuerdas\/amplificadores-cuerdas\/amps-para-guitarra\/combo-fishman-p-gtr-loudbox-mini-charge\/","url":"https:\/\/www.mexicanguitarplayers.com\/tienda\/cuerdas\/amplificadores-cuerdas\/amps-para-guitarra\/combo-fishman-p-gtr-loudbox-mini-charge\/","name":"COMBO FISHMAN P\/GTR. LOUDBOX MINI CHARGE - Mexican Guitar Players","isPartOf":{"@id":"https:\/\/www.mexicanguitarplayers.com\/#website"},"primaryImageOfPage":{"@id":"https:\/\/www.mexicanguitarplayers.com\/tienda\/cuerdas\/amplificadores-cuerdas\/amps-para-guitarra\/combo-fishman-p-gtr-loudbox-mini-charge\/#primaryimage"},"image":{"@id":"https:\/\/www.mexicanguitarplayers.com\/tienda\/cuerdas\/amplificadores-cuerdas\/amps-para-guitarra\/combo-fishman-p-gtr-loudbox-mini-charge\/#primaryimage"},"thumbnailUrl":"https:\/\/www.mexicanguitarplayers.com\/wp-content\/uploads\/2022\/08\/ICFISPROLBC500-1.jpg","datePublished":"2022-08-18T06:06:44+00:00","dateModified":"2026-01-17T12:04:31+00:00","description":"COMBO FISHMAN P\/GTR. LOUDBOX MINI CHARGE. Combo port\u00e1til para guitarra ac\u00fastica, funciona con una bater\u00eda recargable, potencia de 60 watts, 2 canales dedicados, uno XLR de micr\u00f3fono y otro 1\/4\u201d para instrumento, conectividad bluetooth, la bater\u00eda dura hasta 12 horas, reverb y chorus, indicador de nivel de bater\u00eda, volumen master, control de fase que mejora los graves a bajo volumen y suprime la retroalimentaci\u00f3n en alto volumen, salida D.I. para enviar se\u00f1al a una mezcladora, entrada auxiliar de 1\/8\u201d, peso: 9.6 kg.","breadcrumb":{"@id":"https:\/\/www.mexicanguitarplayers.com\/tienda\/cuerdas\/amplificadores-cuerdas\/amps-para-guitarra\/combo-fishman-p-gtr-loudbox-mini-charge\/#breadcrumb"},"inLanguage":"en-US","potentialAction":[{"@type":"ReadAction","target":["https:\/\/www.mexicanguitarplayers.com\/tienda\/cuerdas\/amplificadores-cuerdas\/amps-para-guitarra\/combo-fishman-p-gtr-loudbox-mini-charge\/"]}]},{"@type":"ImageObject","inLanguage":"en-US","@id":"https:\/\/www.mexicanguitarplayers.com\/tienda\/cuerdas\/amplificadores-cuerdas\/amps-para-guitarra\/combo-fishman-p-gtr-loudbox-mini-charge\/#primaryimage","url":"https:\/\/www.mexicanguitarplayers.com\/wp-content\/uploads\/2022\/08\/ICFISPROLBC500-1.jpg","contentUrl":"https:\/\/www.mexicanguitarplayers.com\/wp-content\/uploads\/2022\/08\/ICFISPROLBC500-1.jpg","width":1200,"height":1200},{"@type":"BreadcrumbList","@id":"https:\/\/www.mexicanguitarplayers.com\/tienda\/cuerdas\/amplificadores-cuerdas\/amps-para-guitarra\/combo-fishman-p-gtr-loudbox-mini-charge\/#breadcrumb","itemListElement":[{"@type":"ListItem","position":1,"name":"Portada","item":"https:\/\/www.mexicanguitarplayers.com\/"},{"@type":"ListItem","position":2,"name":"Tienda","item":"https:\/\/www.mexicanguitarplayers.com\/tienda\/"},{"@type":"ListItem","position":3,"name":"COMBO FISHMAN P\/GTR. LOUDBOX MINI CHARGE"}]},{"@type":"WebSite","@id":"https:\/\/www.mexicanguitarplayers.com\/#website","url":"https:\/\/www.mexicanguitarplayers.com\/","name":"Mexican Guitar Players","description":"Website","publisher":{"@id":"https:\/\/www.mexicanguitarplayers.com\/#organization"},"potentialAction":[{"@type":"SearchAction","target":{"@type":"EntryPoint","urlTemplate":"https:\/\/www.mexicanguitarplayers.com\/?s={search_term_string}"},"query-input":{"@type":"PropertyValueSpecification","valueRequired":true,"valueName":"search_term_string"}}],"inLanguage":"en-US"},{"@type":"Organization","@id":"https:\/\/www.mexicanguitarplayers.com\/#organization","name":"Mexican Guitar Players","url":"https:\/\/www.mexicanguitarplayers.com\/","logo":{"@type":"ImageObject","inLanguage":"en-US","@id":"https:\/\/www.mexicanguitarplayers.com\/#\/schema\/logo\/image\/","url":"","contentUrl":"","caption":"Mexican Guitar Players"},"image":{"@id":"https:\/\/www.mexicanguitarplayers.com\/#\/schema\/logo\/image\/"}}]}},"brands":[{"id":248,"name":"FISHMAN","slug":"fishman"}],"_links":{"self":[{"href":"https:\/\/www.mexicanguitarplayers.com\/en\/wp-json\/wp\/v2\/product\/8703","targetHints":{"allow":["GET"]}}],"collection":[{"href":"https:\/\/www.mexicanguitarplayers.com\/en\/wp-json\/wp\/v2\/product"}],"about":[{"href":"https:\/\/www.mexicanguitarplayers.com\/en\/wp-json\/wp\/v2\/types\/product"}],"replies":[{"embeddable":true,"href":"https:\/\/www.mexicanguitarplayers.com\/en\/wp-json\/wp\/v2\/comments?post=8703"}],"wp:featuredmedia":[{"embeddable":true,"href":"https:\/\/www.mexicanguitarplayers.com\/en\/wp-json\/wp\/v2\/media\/22181"}],"wp:attachment":[{"href":"https:\/\/www.mexicanguitarplayers.com\/en\/wp-json\/wp\/v2\/media?parent=8703"}],"wp:term":[{"taxonomy":"pwb-brand","embeddable":true,"href":"https:\/\/www.mexicanguitarplayers.com\/en\/wp-json\/wp\/v2\/pwb-brand?post=8703"},{"taxonomy":"product_brand","embeddable":true,"href":"https:\/\/www.mexicanguitarplayers.com\/en\/wp-json\/wp\/v2\/product_brand?post=8703"},{"taxonomy":"product_cat","embeddable":true,"href":"https:\/\/www.mexicanguitarplayers.com\/en\/wp-json\/wp\/v2\/product_cat?post=8703"},{"taxonomy":"product_tag","embeddable":true,"href":"https:\/\/www.mexicanguitarplayers.com\/en\/wp-json\/wp\/v2\/product_tag?post=8703"}],"curies":[{"name":"wp","href":"https:\/\/api.w.org\/{rel}","templated":true}]}}