{"id":8709,"date":"2022-08-18T01:06:53","date_gmt":"2022-08-18T06:06:53","guid":{"rendered":"https:\/\/www.mexicanguitarplayers.com\/tienda\/sin%20categor\u00eda\/combo-fishman-p-guitarra-loudbox-artist\/"},"modified":"2026-05-01T07:48:22","modified_gmt":"2026-05-01T13:48:22","slug":"combo-fishman-p-guitarra-loudbox-artist","status":"publish","type":"product","link":"https:\/\/www.mexicanguitarplayers.com\/en\/tienda\/cuerdas\/combos\/combos-para-guitarra\/combo-fishman-p-guitarra-loudbox-artist\/","title":{"rendered":"FISHMAN COMBO FOR LOUDBOX ARTIST GUITAR"},"content":{"rendered":"<div style=\"text-align: justify\">\n<div>\n<h3>FISHMAN COMBO FOR LOUDBOX ARTIST GUITAR<\/h3>\n<\/div>\n<div>Acoustic guitar combo, 8\u201d driver, 1\u201d neodymium soft dome tweeter, Bluetooth 4.0 connectivity, 120 watts of bi-amplified power, two Mic\/Line channels that accept 1\/4\u201d or XLR sources, input channels feature 3-band EQ and feedback controls, stereo aux input with level control and 1\/4\u201d and 1\/8\u201d connectors, dual digital effects section with independent effects channel and level, XLR DI output balanced on each input channel and main mix, Mute channel to mute both input channels, headphone output, footswitch input to remotely mute input or chorus channels, delay, reverb, flanger and slap echo effects, speaker layout two-day with integrated 10\u00b0 baffle angle, 24V phantom power for condenser microphones, dedicated effects loop, dimensions: 343 x 394 x 292 mm, weight: 11.3 kg.<\/div>\n<\/div>","protected":false},"excerpt":{"rendered":"<p>Combo para guitarra ac\u00fastica, driver de 8\u201d pulgadas, tweeter de neodimio de c\u00fapula blanda de 1\u201d pulgada, conectividad Bluetooth 4.0, 120 watts de potencia biamplificada, dos canales de Mic\/Line que aceptan fuentes de 1\/4\u201d o XLR, los canales de entrada cuentan con ecualizados de 3 bandas y controles de retroalimentaci\u00f3n, entrada auxiliar est\u00e9reo con control de nivel y conectores de 1\/4\u201d y 1\/8\u201d, secci\u00f3n dual de efectos digitales con canal y nivel de efectos independiente, salida D.I. XLR balanceadas en cada canal de entrada y main mix, canal Mute para silenciar ambos canales de entrada, salida de aud\u00edfonos, entrada footswitch para silenciar de forma remota los canales de entrada o chorus, efectos delay, reverb, flanger y slap echo, dise\u00f1o de altavoz de dos d\u00edas con \u00e1ngulo deflector integrado de 10\u00b0, alimentaci\u00f3n phantom de 24V para micr\u00f3fonos de condensador, loop de efectos dedicado, dimensiones: 343 x 394 x 292 mm, peso: 11.3 kg.&hellip; <a class=\"kt-excerpt-readmore more-link\" href=\"https:\/\/www.mexicanguitarplayers.com\/en\/tienda\/cuerdas\/combos\/combos-para-guitarra\/combo-fishman-p-guitarra-loudbox-artist\/\">Read more<\/a><\/p>","protected":false},"featured_media":22185,"comment_status":"open","ping_status":"closed","template":"","meta":{"kt_blocks_editor_width":""},"pwb-brand":[248],"product_brand":[],"product_cat":[236,237,224],"product_tag":[],"class_list":{"0":"post-8709","1":"product","2":"type-product","3":"status-publish","4":"has-post-thumbnail","6":"pwb-brand-fishman","7":"product_cat-combos","8":"product_cat-combos-para-guitarra","9":"product_cat-cuerdas","10":"product_shipping_class-15-20-kg","12":"first","13":"instock","14":"taxable","15":"shipping-taxable","16":"purchasable","17":"product-type-simple"},"yoast_head":"<!-- This site is optimized with the Yoast SEO plugin v27.6 - https:\/\/yoast.com\/product\/yoast-seo-wordpress\/ -->\n<title>COMBO FISHMAN P\/GUITARRA LOUDBOX ARTIST - Mexican Guitar Players<\/title>\n<meta name=\"description\" content=\"COMBO FISHMAN P\/GUITARRA LOUDBOX ARTIST. Combo para guitarra ac\u00fastica, driver de 8\u201d pulgadas, tweeter de neodimio de c\u00fapula blanda de 1\u201d pulgada, conectividad Bluetooth 4.0, 120 watts de potencia biamplificada, dos canales de Mic\/Line que aceptan fuentes de 1\/4\u201d o XLR, los canales de entrada cuentan con ecualizados de 3 bandas y controles de retroalimentaci\u00f3n, entrada auxiliar est\u00e9reo con control de nivel y conectores de 1\/4\u201d y 1\/8\u201d, secci\u00f3n dual de efectos digitales con canal y nivel de efectos independiente, salida D.I. XLR balanceadas en cada canal de entrada y main mix, canal Mute para silenciar ambos canales de entrada, salida de aud\u00edfonos, entrada footswitch para silenciar de forma remota los canales de entrada o chorus, efectos delay, reverb, flanger y slap echo, dise\u00f1o de altavoz de dos d\u00edas con \u00e1ngulo deflector integrado de 10\u00b0, alimentaci\u00f3n phantom de 24V para micr\u00f3fonos de condensador, loop de efectos dedicado, dimensiones: 343 x 394 x 292 mm, peso: 11.3 kg.\" \/>\n<meta name=\"robots\" content=\"index, follow, max-snippet:-1, max-image-preview:large, max-video-preview:-1\" \/>\n<link rel=\"canonical\" href=\"https:\/\/www.mexicanguitarplayers.com\/en\/tienda\/cuerdas\/combos\/combos-para-guitarra\/combo-fishman-p-guitarra-loudbox-artist\/\" \/>\n<meta property=\"og:locale\" content=\"en_US\" \/>\n<meta property=\"og:type\" content=\"article\" \/>\n<meta property=\"og:title\" content=\"COMBO FISHMAN P\/GUITARRA LOUDBOX ARTIST - Mexican Guitar Players\" \/>\n<meta property=\"og:description\" content=\"COMBO FISHMAN P\/GUITARRA LOUDBOX ARTIST. Combo para guitarra ac\u00fastica, driver de 8\u201d pulgadas, tweeter de neodimio de c\u00fapula blanda de 1\u201d pulgada, conectividad Bluetooth 4.0, 120 watts de potencia biamplificada, dos canales de Mic\/Line que aceptan fuentes de 1\/4\u201d o XLR, los canales de entrada cuentan con ecualizados de 3 bandas y controles de retroalimentaci\u00f3n, entrada auxiliar est\u00e9reo con control de nivel y conectores de 1\/4\u201d y 1\/8\u201d, secci\u00f3n dual de efectos digitales con canal y nivel de efectos independiente, salida D.I. XLR balanceadas en cada canal de entrada y main mix, canal Mute para silenciar ambos canales de entrada, salida de aud\u00edfonos, entrada footswitch para silenciar de forma remota los canales de entrada o chorus, efectos delay, reverb, flanger y slap echo, dise\u00f1o de altavoz de dos d\u00edas con \u00e1ngulo deflector integrado de 10\u00b0, alimentaci\u00f3n phantom de 24V para micr\u00f3fonos de condensador, loop de efectos dedicado, dimensiones: 343 x 394 x 292 mm, peso: 11.3 kg.\" \/>\n<meta property=\"og:url\" content=\"https:\/\/www.mexicanguitarplayers.com\/en\/tienda\/cuerdas\/combos\/combos-para-guitarra\/combo-fishman-p-guitarra-loudbox-artist\/\" \/>\n<meta property=\"og:site_name\" content=\"Mexican Guitar Players\" \/>\n<meta property=\"article:modified_time\" content=\"2026-05-01T13:48:22+00:00\" \/>\n<meta property=\"og:image\" content=\"https:\/\/www.mexicanguitarplayers.com\/wp-content\/uploads\/2022\/08\/ICFISPROLBT600-1.jpg\" \/>\n\t<meta property=\"og:image:width\" content=\"1200\" \/>\n\t<meta property=\"og:image:height\" content=\"1200\" \/>\n\t<meta property=\"og:image:type\" content=\"image\/jpeg\" \/>\n<meta name=\"twitter:card\" content=\"summary_large_image\" \/>\n<meta name=\"twitter:label1\" content=\"Est. reading time\" \/>\n\t<meta name=\"twitter:data1\" content=\"1 minute\" \/>\n<script type=\"application\/ld+json\" class=\"yoast-schema-graph\">{\"@context\":\"https:\\\/\\\/schema.org\",\"@graph\":[{\"@type\":[\"WebPage\",\"ItemPage\"],\"@id\":\"https:\\\/\\\/www.mexicanguitarplayers.com\\\/tienda\\\/cuerdas\\\/combos\\\/combos-para-guitarra\\\/combo-fishman-p-guitarra-loudbox-artist\\\/\",\"url\":\"https:\\\/\\\/www.mexicanguitarplayers.com\\\/tienda\\\/cuerdas\\\/combos\\\/combos-para-guitarra\\\/combo-fishman-p-guitarra-loudbox-artist\\\/\",\"name\":\"COMBO FISHMAN P\\\/GUITARRA LOUDBOX ARTIST - Mexican Guitar Players\",\"isPartOf\":{\"@id\":\"https:\\\/\\\/www.mexicanguitarplayers.com\\\/#website\"},\"primaryImageOfPage\":{\"@id\":\"https:\\\/\\\/www.mexicanguitarplayers.com\\\/tienda\\\/cuerdas\\\/combos\\\/combos-para-guitarra\\\/combo-fishman-p-guitarra-loudbox-artist\\\/#primaryimage\"},\"image\":{\"@id\":\"https:\\\/\\\/www.mexicanguitarplayers.com\\\/tienda\\\/cuerdas\\\/combos\\\/combos-para-guitarra\\\/combo-fishman-p-guitarra-loudbox-artist\\\/#primaryimage\"},\"thumbnailUrl\":\"https:\\\/\\\/www.mexicanguitarplayers.com\\\/wp-content\\\/uploads\\\/2022\\\/08\\\/ICFISPROLBT600-1.jpg\",\"datePublished\":\"2022-08-18T06:06:53+00:00\",\"dateModified\":\"2026-05-01T13:48:22+00:00\",\"description\":\"COMBO FISHMAN P\\\/GUITARRA LOUDBOX ARTIST. Combo para guitarra ac\u00fastica, driver de 8\u201d pulgadas, tweeter de neodimio de c\u00fapula blanda de 1\u201d pulgada, conectividad Bluetooth 4.0, 120 watts de potencia biamplificada, dos canales de Mic\\\/Line que aceptan fuentes de 1\\\/4\u201d o XLR, los canales de entrada cuentan con ecualizados de 3 bandas y controles de retroalimentaci\u00f3n, entrada auxiliar est\u00e9reo con control de nivel y conectores de 1\\\/4\u201d y 1\\\/8\u201d, secci\u00f3n dual de efectos digitales con canal y nivel de efectos independiente, salida D.I. XLR balanceadas en cada canal de entrada y main mix, canal Mute para silenciar ambos canales de entrada, salida de aud\u00edfonos, entrada footswitch para silenciar de forma remota los canales de entrada o chorus, efectos delay, reverb, flanger y slap echo, dise\u00f1o de altavoz de dos d\u00edas con \u00e1ngulo deflector integrado de 10\u00b0, alimentaci\u00f3n phantom de 24V para micr\u00f3fonos de condensador, loop de efectos dedicado, dimensiones: 343 x 394 x 292 mm, peso: 11.3 kg.\",\"breadcrumb\":{\"@id\":\"https:\\\/\\\/www.mexicanguitarplayers.com\\\/tienda\\\/cuerdas\\\/combos\\\/combos-para-guitarra\\\/combo-fishman-p-guitarra-loudbox-artist\\\/#breadcrumb\"},\"inLanguage\":\"en-US\",\"potentialAction\":[{\"@type\":\"ReadAction\",\"target\":[\"https:\\\/\\\/www.mexicanguitarplayers.com\\\/tienda\\\/cuerdas\\\/combos\\\/combos-para-guitarra\\\/combo-fishman-p-guitarra-loudbox-artist\\\/\"]}]},{\"@type\":\"ImageObject\",\"inLanguage\":\"en-US\",\"@id\":\"https:\\\/\\\/www.mexicanguitarplayers.com\\\/tienda\\\/cuerdas\\\/combos\\\/combos-para-guitarra\\\/combo-fishman-p-guitarra-loudbox-artist\\\/#primaryimage\",\"url\":\"https:\\\/\\\/www.mexicanguitarplayers.com\\\/wp-content\\\/uploads\\\/2022\\\/08\\\/ICFISPROLBT600-1.jpg\",\"contentUrl\":\"https:\\\/\\\/www.mexicanguitarplayers.com\\\/wp-content\\\/uploads\\\/2022\\\/08\\\/ICFISPROLBT600-1.jpg\",\"width\":1200,\"height\":1200},{\"@type\":\"BreadcrumbList\",\"@id\":\"https:\\\/\\\/www.mexicanguitarplayers.com\\\/tienda\\\/cuerdas\\\/combos\\\/combos-para-guitarra\\\/combo-fishman-p-guitarra-loudbox-artist\\\/#breadcrumb\",\"itemListElement\":[{\"@type\":\"ListItem\",\"position\":1,\"name\":\"Portada\",\"item\":\"https:\\\/\\\/www.mexicanguitarplayers.com\\\/\"},{\"@type\":\"ListItem\",\"position\":2,\"name\":\"Tienda\",\"item\":\"https:\\\/\\\/www.mexicanguitarplayers.com\\\/tienda\\\/\"},{\"@type\":\"ListItem\",\"position\":3,\"name\":\"COMBO FISHMAN P\\\/GUITARRA LOUDBOX ARTIST\"}]},{\"@type\":\"WebSite\",\"@id\":\"https:\\\/\\\/www.mexicanguitarplayers.com\\\/#website\",\"url\":\"https:\\\/\\\/www.mexicanguitarplayers.com\\\/\",\"name\":\"Mexican Guitar Players\",\"description\":\"Website\",\"publisher\":{\"@id\":\"https:\\\/\\\/www.mexicanguitarplayers.com\\\/#organization\"},\"potentialAction\":[{\"@type\":\"SearchAction\",\"target\":{\"@type\":\"EntryPoint\",\"urlTemplate\":\"https:\\\/\\\/www.mexicanguitarplayers.com\\\/?s={search_term_string}\"},\"query-input\":{\"@type\":\"PropertyValueSpecification\",\"valueRequired\":true,\"valueName\":\"search_term_string\"}}],\"inLanguage\":\"en-US\"},{\"@type\":\"Organization\",\"@id\":\"https:\\\/\\\/www.mexicanguitarplayers.com\\\/#organization\",\"name\":\"Mexican Guitar Players\",\"url\":\"https:\\\/\\\/www.mexicanguitarplayers.com\\\/\",\"logo\":{\"@type\":\"ImageObject\",\"inLanguage\":\"en-US\",\"@id\":\"https:\\\/\\\/www.mexicanguitarplayers.com\\\/#\\\/schema\\\/logo\\\/image\\\/\",\"url\":\"\",\"contentUrl\":\"\",\"caption\":\"Mexican Guitar Players\"},\"image\":{\"@id\":\"https:\\\/\\\/www.mexicanguitarplayers.com\\\/#\\\/schema\\\/logo\\\/image\\\/\"}}]}<\/script>\n<!-- \/ Yoast SEO plugin. -->","yoast_head_json":{"title":"COMBO FISHMAN P\/GUITARRA LOUDBOX ARTIST - Mexican Guitar Players","description":"COMBO FISHMAN P\/GUITARRA LOUDBOX ARTIST. Combo para guitarra ac\u00fastica, driver de 8\u201d pulgadas, tweeter de neodimio de c\u00fapula blanda de 1\u201d pulgada, conectividad Bluetooth 4.0, 120 watts de potencia biamplificada, dos canales de Mic\/Line que aceptan fuentes de 1\/4\u201d o XLR, los canales de entrada cuentan con ecualizados de 3 bandas y controles de retroalimentaci\u00f3n, entrada auxiliar est\u00e9reo con control de nivel y conectores de 1\/4\u201d y 1\/8\u201d, secci\u00f3n dual de efectos digitales con canal y nivel de efectos independiente, salida D.I. XLR balanceadas en cada canal de entrada y main mix, canal Mute para silenciar ambos canales de entrada, salida de aud\u00edfonos, entrada footswitch para silenciar de forma remota los canales de entrada o chorus, efectos delay, reverb, flanger y slap echo, dise\u00f1o de altavoz de dos d\u00edas con \u00e1ngulo deflector integrado de 10\u00b0, alimentaci\u00f3n phantom de 24V para micr\u00f3fonos de condensador, loop de efectos dedicado, dimensiones: 343 x 394 x 292 mm, peso: 11.3 kg.","robots":{"index":"index","follow":"follow","max-snippet":"max-snippet:-1","max-image-preview":"max-image-preview:large","max-video-preview":"max-video-preview:-1"},"canonical":"https:\/\/www.mexicanguitarplayers.com\/en\/tienda\/cuerdas\/combos\/combos-para-guitarra\/combo-fishman-p-guitarra-loudbox-artist\/","og_locale":"en_US","og_type":"article","og_title":"COMBO FISHMAN P\/GUITARRA LOUDBOX ARTIST - Mexican Guitar Players","og_description":"COMBO FISHMAN P\/GUITARRA LOUDBOX ARTIST. Combo para guitarra ac\u00fastica, driver de 8\u201d pulgadas, tweeter de neodimio de c\u00fapula blanda de 1\u201d pulgada, conectividad Bluetooth 4.0, 120 watts de potencia biamplificada, dos canales de Mic\/Line que aceptan fuentes de 1\/4\u201d o XLR, los canales de entrada cuentan con ecualizados de 3 bandas y controles de retroalimentaci\u00f3n, entrada auxiliar est\u00e9reo con control de nivel y conectores de 1\/4\u201d y 1\/8\u201d, secci\u00f3n dual de efectos digitales con canal y nivel de efectos independiente, salida D.I. XLR balanceadas en cada canal de entrada y main mix, canal Mute para silenciar ambos canales de entrada, salida de aud\u00edfonos, entrada footswitch para silenciar de forma remota los canales de entrada o chorus, efectos delay, reverb, flanger y slap echo, dise\u00f1o de altavoz de dos d\u00edas con \u00e1ngulo deflector integrado de 10\u00b0, alimentaci\u00f3n phantom de 24V para micr\u00f3fonos de condensador, loop de efectos dedicado, dimensiones: 343 x 394 x 292 mm, peso: 11.3 kg.","og_url":"https:\/\/www.mexicanguitarplayers.com\/en\/tienda\/cuerdas\/combos\/combos-para-guitarra\/combo-fishman-p-guitarra-loudbox-artist\/","og_site_name":"Mexican Guitar Players","article_modified_time":"2026-05-01T13:48:22+00:00","og_image":[{"width":1200,"height":1200,"url":"https:\/\/www.mexicanguitarplayers.com\/wp-content\/uploads\/2022\/08\/ICFISPROLBT600-1.jpg","type":"image\/jpeg"}],"twitter_card":"summary_large_image","twitter_misc":{"Est. reading time":"1 minute"},"schema":{"@context":"https:\/\/schema.org","@graph":[{"@type":["WebPage","ItemPage"],"@id":"https:\/\/www.mexicanguitarplayers.com\/tienda\/cuerdas\/combos\/combos-para-guitarra\/combo-fishman-p-guitarra-loudbox-artist\/","url":"https:\/\/www.mexicanguitarplayers.com\/tienda\/cuerdas\/combos\/combos-para-guitarra\/combo-fishman-p-guitarra-loudbox-artist\/","name":"COMBO FISHMAN P\/GUITARRA LOUDBOX ARTIST - Mexican Guitar Players","isPartOf":{"@id":"https:\/\/www.mexicanguitarplayers.com\/#website"},"primaryImageOfPage":{"@id":"https:\/\/www.mexicanguitarplayers.com\/tienda\/cuerdas\/combos\/combos-para-guitarra\/combo-fishman-p-guitarra-loudbox-artist\/#primaryimage"},"image":{"@id":"https:\/\/www.mexicanguitarplayers.com\/tienda\/cuerdas\/combos\/combos-para-guitarra\/combo-fishman-p-guitarra-loudbox-artist\/#primaryimage"},"thumbnailUrl":"https:\/\/www.mexicanguitarplayers.com\/wp-content\/uploads\/2022\/08\/ICFISPROLBT600-1.jpg","datePublished":"2022-08-18T06:06:53+00:00","dateModified":"2026-05-01T13:48:22+00:00","description":"COMBO FISHMAN P\/GUITARRA LOUDBOX ARTIST. Combo para guitarra ac\u00fastica, driver de 8\u201d pulgadas, tweeter de neodimio de c\u00fapula blanda de 1\u201d pulgada, conectividad Bluetooth 4.0, 120 watts de potencia biamplificada, dos canales de Mic\/Line que aceptan fuentes de 1\/4\u201d o XLR, los canales de entrada cuentan con ecualizados de 3 bandas y controles de retroalimentaci\u00f3n, entrada auxiliar est\u00e9reo con control de nivel y conectores de 1\/4\u201d y 1\/8\u201d, secci\u00f3n dual de efectos digitales con canal y nivel de efectos independiente, salida D.I. XLR balanceadas en cada canal de entrada y main mix, canal Mute para silenciar ambos canales de entrada, salida de aud\u00edfonos, entrada footswitch para silenciar de forma remota los canales de entrada o chorus, efectos delay, reverb, flanger y slap echo, dise\u00f1o de altavoz de dos d\u00edas con \u00e1ngulo deflector integrado de 10\u00b0, alimentaci\u00f3n phantom de 24V para micr\u00f3fonos de condensador, loop de efectos dedicado, dimensiones: 343 x 394 x 292 mm, peso: 11.3 kg.","breadcrumb":{"@id":"https:\/\/www.mexicanguitarplayers.com\/tienda\/cuerdas\/combos\/combos-para-guitarra\/combo-fishman-p-guitarra-loudbox-artist\/#breadcrumb"},"inLanguage":"en-US","potentialAction":[{"@type":"ReadAction","target":["https:\/\/www.mexicanguitarplayers.com\/tienda\/cuerdas\/combos\/combos-para-guitarra\/combo-fishman-p-guitarra-loudbox-artist\/"]}]},{"@type":"ImageObject","inLanguage":"en-US","@id":"https:\/\/www.mexicanguitarplayers.com\/tienda\/cuerdas\/combos\/combos-para-guitarra\/combo-fishman-p-guitarra-loudbox-artist\/#primaryimage","url":"https:\/\/www.mexicanguitarplayers.com\/wp-content\/uploads\/2022\/08\/ICFISPROLBT600-1.jpg","contentUrl":"https:\/\/www.mexicanguitarplayers.com\/wp-content\/uploads\/2022\/08\/ICFISPROLBT600-1.jpg","width":1200,"height":1200},{"@type":"BreadcrumbList","@id":"https:\/\/www.mexicanguitarplayers.com\/tienda\/cuerdas\/combos\/combos-para-guitarra\/combo-fishman-p-guitarra-loudbox-artist\/#breadcrumb","itemListElement":[{"@type":"ListItem","position":1,"name":"Portada","item":"https:\/\/www.mexicanguitarplayers.com\/"},{"@type":"ListItem","position":2,"name":"Tienda","item":"https:\/\/www.mexicanguitarplayers.com\/tienda\/"},{"@type":"ListItem","position":3,"name":"COMBO FISHMAN P\/GUITARRA LOUDBOX ARTIST"}]},{"@type":"WebSite","@id":"https:\/\/www.mexicanguitarplayers.com\/#website","url":"https:\/\/www.mexicanguitarplayers.com\/","name":"Mexican Guitar Players","description":"Website","publisher":{"@id":"https:\/\/www.mexicanguitarplayers.com\/#organization"},"potentialAction":[{"@type":"SearchAction","target":{"@type":"EntryPoint","urlTemplate":"https:\/\/www.mexicanguitarplayers.com\/?s={search_term_string}"},"query-input":{"@type":"PropertyValueSpecification","valueRequired":true,"valueName":"search_term_string"}}],"inLanguage":"en-US"},{"@type":"Organization","@id":"https:\/\/www.mexicanguitarplayers.com\/#organization","name":"Mexican Guitar Players","url":"https:\/\/www.mexicanguitarplayers.com\/","logo":{"@type":"ImageObject","inLanguage":"en-US","@id":"https:\/\/www.mexicanguitarplayers.com\/#\/schema\/logo\/image\/","url":"","contentUrl":"","caption":"Mexican Guitar Players"},"image":{"@id":"https:\/\/www.mexicanguitarplayers.com\/#\/schema\/logo\/image\/"}}]}},"brands":[{"id":248,"name":"FISHMAN","slug":"fishman"}],"_links":{"self":[{"href":"https:\/\/www.mexicanguitarplayers.com\/en\/wp-json\/wp\/v2\/product\/8709","targetHints":{"allow":["GET"]}}],"collection":[{"href":"https:\/\/www.mexicanguitarplayers.com\/en\/wp-json\/wp\/v2\/product"}],"about":[{"href":"https:\/\/www.mexicanguitarplayers.com\/en\/wp-json\/wp\/v2\/types\/product"}],"replies":[{"embeddable":true,"href":"https:\/\/www.mexicanguitarplayers.com\/en\/wp-json\/wp\/v2\/comments?post=8709"}],"wp:featuredmedia":[{"embeddable":true,"href":"https:\/\/www.mexicanguitarplayers.com\/en\/wp-json\/wp\/v2\/media\/22185"}],"wp:attachment":[{"href":"https:\/\/www.mexicanguitarplayers.com\/en\/wp-json\/wp\/v2\/media?parent=8709"}],"wp:term":[{"taxonomy":"pwb-brand","embeddable":true,"href":"https:\/\/www.mexicanguitarplayers.com\/en\/wp-json\/wp\/v2\/pwb-brand?post=8709"},{"taxonomy":"product_brand","embeddable":true,"href":"https:\/\/www.mexicanguitarplayers.com\/en\/wp-json\/wp\/v2\/product_brand?post=8709"},{"taxonomy":"product_cat","embeddable":true,"href":"https:\/\/www.mexicanguitarplayers.com\/en\/wp-json\/wp\/v2\/product_cat?post=8709"},{"taxonomy":"product_tag","embeddable":true,"href":"https:\/\/www.mexicanguitarplayers.com\/en\/wp-json\/wp\/v2\/product_tag?post=8709"}],"curies":[{"name":"wp","href":"https:\/\/api.w.org\/{rel}","templated":true}]}}