{"id":8789,"date":"2022-08-18T01:08:50","date_gmt":"2022-08-18T06:08:50","guid":{"rendered":"https:\/\/www.mexicanguitarplayers.com\/tienda\/sin%20categor\u00eda\/combo-nux-p-guitarra-mighty-8bt\/"},"modified":"2026-04-10T05:25:49","modified_gmt":"2026-04-10T11:25:49","slug":"combo-nux-p-guitarra-mighty-8bt","status":"publish","type":"product","link":"https:\/\/www.mexicanguitarplayers.com\/en\/tienda\/cuerdas\/combos\/combos-para-guitarra\/combo-nux-p-guitarra-mighty-8bt\/","title":{"rendered":"NUX COMBO FOR MIGHTY 8BT GUITAR"},"content":{"rendered":"<div style=\"text-align: justify\">\n<div>\n<h3>NUX COMBO FOR MIGHTY 8BT GUITAR<\/h3>\n<\/div>\n<div>Combo for electric guitar, 8 watt power, 3 sound presets (clean, overdrive and distortion), each preset can be customized, microphone and instrument inputs, 12 varieties of guitar effects and reverb send control for microphone input , bluetooth connection, powered by power adapter or two high-performance AA batteries for up to 8 hours, easy to transport with amplifier baldric (included), mobile application for Android or iOS devices, dimensions: 240 x 166 x 220 mm , weight: 2.6kg.<\/div>\n<\/div>","protected":false},"excerpt":{"rendered":"<p>Combo para guitarra el\u00e9ctrica, potencia de 8 watts, 3 preajustes de sonido (clean, overdrive y distorsi\u00f3n), cada preset puede ser personalizado, entradas de micr\u00f3fono e instrumento, 12 variedades de efectos de guitarra y control de env\u00edo de reverb para entrada de micr\u00f3fono, conexi\u00f3n bluetooth, alimentado por medio de adaptador de corriente o dos bater\u00edas AA de alto rendimiento hasta por 8 horas , f\u00e1cil de transportar con tahal\u00ed de amplificador (incluid), aplicaci\u00f3n m\u00f3vil para dispositivos Android o iOs, dimensiones: 240 x 166 x 220 mm, peso: 2.6 kg.&hellip; <a class=\"kt-excerpt-readmore more-link\" href=\"https:\/\/www.mexicanguitarplayers.com\/en\/tienda\/cuerdas\/combos\/combos-para-guitarra\/combo-nux-p-guitarra-mighty-8bt\/\">Read more<\/a><\/p>","protected":false},"featured_media":22241,"comment_status":"open","ping_status":"closed","template":"","meta":{"kt_blocks_editor_width":""},"pwb-brand":[177],"product_brand":[],"product_cat":[236,237,224],"product_tag":[],"class_list":{"0":"post-8789","1":"product","2":"type-product","3":"status-publish","4":"has-post-thumbnail","6":"pwb-brand-nux","7":"product_cat-combos","8":"product_cat-combos-para-guitarra","9":"product_cat-cuerdas","10":"product_shipping_class-0-5-kg","12":"first","13":"outofstock","14":"taxable","15":"shipping-taxable","16":"purchasable","17":"product-type-simple"},"yoast_head":"<!-- This site is optimized with the Yoast SEO plugin v27.6 - https:\/\/yoast.com\/product\/yoast-seo-wordpress\/ -->\n<title>COMBO NUX P\/GUITARRA MIGHTY 8BT - Mexican Guitar Players<\/title>\n<meta name=\"description\" content=\"COMBO NUX P\/GUITARRA MIGHTY 8BT. Combo para guitarra el\u00e9ctrica, potencia de 8 watts, 3 preajustes de sonido (clean, overdrive y distorsi\u00f3n), cada preset puede ser personalizado, entradas de micr\u00f3fono e instrumento, 12 variedades de efectos de guitarra y control de env\u00edo de reverb para entrada de micr\u00f3fono, conexi\u00f3n bluetooth, alimentado por medio de adaptador de corriente o dos bater\u00edas AA de alto rendimiento hasta por 8 horas , f\u00e1cil de transportar con tahal\u00ed de amplificador (incluid), aplicaci\u00f3n m\u00f3vil para dispositivos Android o iOs, dimensiones: 240 x 166 x 220 mm, peso: 2.6 kg.\" \/>\n<meta name=\"robots\" content=\"index, follow, max-snippet:-1, max-image-preview:large, max-video-preview:-1\" \/>\n<link rel=\"canonical\" href=\"https:\/\/www.mexicanguitarplayers.com\/en\/tienda\/cuerdas\/combos\/combos-para-guitarra\/combo-nux-p-guitarra-mighty-8bt\/\" \/>\n<meta property=\"og:locale\" content=\"en_US\" \/>\n<meta property=\"og:type\" content=\"article\" \/>\n<meta property=\"og:title\" content=\"COMBO NUX P\/GUITARRA MIGHTY 8BT - Mexican Guitar Players\" \/>\n<meta property=\"og:description\" content=\"COMBO NUX P\/GUITARRA MIGHTY 8BT. Combo para guitarra el\u00e9ctrica, potencia de 8 watts, 3 preajustes de sonido (clean, overdrive y distorsi\u00f3n), cada preset puede ser personalizado, entradas de micr\u00f3fono e instrumento, 12 variedades de efectos de guitarra y control de env\u00edo de reverb para entrada de micr\u00f3fono, conexi\u00f3n bluetooth, alimentado por medio de adaptador de corriente o dos bater\u00edas AA de alto rendimiento hasta por 8 horas , f\u00e1cil de transportar con tahal\u00ed de amplificador (incluid), aplicaci\u00f3n m\u00f3vil para dispositivos Android o iOs, dimensiones: 240 x 166 x 220 mm, peso: 2.6 kg.\" \/>\n<meta property=\"og:url\" content=\"https:\/\/www.mexicanguitarplayers.com\/en\/tienda\/cuerdas\/combos\/combos-para-guitarra\/combo-nux-p-guitarra-mighty-8bt\/\" \/>\n<meta property=\"og:site_name\" content=\"Mexican Guitar Players\" \/>\n<meta property=\"article:modified_time\" content=\"2026-04-10T11:25:49+00:00\" \/>\n<meta property=\"og:image\" content=\"https:\/\/www.mexicanguitarplayers.com\/wp-content\/uploads\/2022\/08\/ICNUXMIGHTY8BT-1.jpg\" \/>\n\t<meta property=\"og:image:width\" content=\"1200\" \/>\n\t<meta property=\"og:image:height\" content=\"1200\" \/>\n\t<meta property=\"og:image:type\" content=\"image\/jpeg\" \/>\n<meta name=\"twitter:card\" content=\"summary_large_image\" \/>\n<script type=\"application\/ld+json\" class=\"yoast-schema-graph\">{\"@context\":\"https:\\\/\\\/schema.org\",\"@graph\":[{\"@type\":[\"WebPage\",\"ItemPage\"],\"@id\":\"https:\\\/\\\/www.mexicanguitarplayers.com\\\/tienda\\\/cuerdas\\\/combos\\\/combos-para-guitarra\\\/combo-nux-p-guitarra-mighty-8bt\\\/\",\"url\":\"https:\\\/\\\/www.mexicanguitarplayers.com\\\/tienda\\\/cuerdas\\\/combos\\\/combos-para-guitarra\\\/combo-nux-p-guitarra-mighty-8bt\\\/\",\"name\":\"COMBO NUX P\\\/GUITARRA MIGHTY 8BT - Mexican Guitar Players\",\"isPartOf\":{\"@id\":\"https:\\\/\\\/www.mexicanguitarplayers.com\\\/#website\"},\"primaryImageOfPage\":{\"@id\":\"https:\\\/\\\/www.mexicanguitarplayers.com\\\/tienda\\\/cuerdas\\\/combos\\\/combos-para-guitarra\\\/combo-nux-p-guitarra-mighty-8bt\\\/#primaryimage\"},\"image\":{\"@id\":\"https:\\\/\\\/www.mexicanguitarplayers.com\\\/tienda\\\/cuerdas\\\/combos\\\/combos-para-guitarra\\\/combo-nux-p-guitarra-mighty-8bt\\\/#primaryimage\"},\"thumbnailUrl\":\"https:\\\/\\\/www.mexicanguitarplayers.com\\\/wp-content\\\/uploads\\\/2022\\\/08\\\/ICNUXMIGHTY8BT-1.jpg\",\"datePublished\":\"2022-08-18T06:08:50+00:00\",\"dateModified\":\"2026-04-10T11:25:49+00:00\",\"description\":\"COMBO NUX P\\\/GUITARRA MIGHTY 8BT. Combo para guitarra el\u00e9ctrica, potencia de 8 watts, 3 preajustes de sonido (clean, overdrive y distorsi\u00f3n), cada preset puede ser personalizado, entradas de micr\u00f3fono e instrumento, 12 variedades de efectos de guitarra y control de env\u00edo de reverb para entrada de micr\u00f3fono, conexi\u00f3n bluetooth, alimentado por medio de adaptador de corriente o dos bater\u00edas AA de alto rendimiento hasta por 8 horas , f\u00e1cil de transportar con tahal\u00ed de amplificador (incluid), aplicaci\u00f3n m\u00f3vil para dispositivos Android o iOs, dimensiones: 240 x 166 x 220 mm, peso: 2.6 kg.\",\"breadcrumb\":{\"@id\":\"https:\\\/\\\/www.mexicanguitarplayers.com\\\/tienda\\\/cuerdas\\\/combos\\\/combos-para-guitarra\\\/combo-nux-p-guitarra-mighty-8bt\\\/#breadcrumb\"},\"inLanguage\":\"en-US\",\"potentialAction\":[{\"@type\":\"ReadAction\",\"target\":[\"https:\\\/\\\/www.mexicanguitarplayers.com\\\/tienda\\\/cuerdas\\\/combos\\\/combos-para-guitarra\\\/combo-nux-p-guitarra-mighty-8bt\\\/\"]}]},{\"@type\":\"ImageObject\",\"inLanguage\":\"en-US\",\"@id\":\"https:\\\/\\\/www.mexicanguitarplayers.com\\\/tienda\\\/cuerdas\\\/combos\\\/combos-para-guitarra\\\/combo-nux-p-guitarra-mighty-8bt\\\/#primaryimage\",\"url\":\"https:\\\/\\\/www.mexicanguitarplayers.com\\\/wp-content\\\/uploads\\\/2022\\\/08\\\/ICNUXMIGHTY8BT-1.jpg\",\"contentUrl\":\"https:\\\/\\\/www.mexicanguitarplayers.com\\\/wp-content\\\/uploads\\\/2022\\\/08\\\/ICNUXMIGHTY8BT-1.jpg\",\"width\":1200,\"height\":1200},{\"@type\":\"BreadcrumbList\",\"@id\":\"https:\\\/\\\/www.mexicanguitarplayers.com\\\/tienda\\\/cuerdas\\\/combos\\\/combos-para-guitarra\\\/combo-nux-p-guitarra-mighty-8bt\\\/#breadcrumb\",\"itemListElement\":[{\"@type\":\"ListItem\",\"position\":1,\"name\":\"Portada\",\"item\":\"https:\\\/\\\/www.mexicanguitarplayers.com\\\/\"},{\"@type\":\"ListItem\",\"position\":2,\"name\":\"Tienda\",\"item\":\"https:\\\/\\\/www.mexicanguitarplayers.com\\\/tienda\\\/\"},{\"@type\":\"ListItem\",\"position\":3,\"name\":\"COMBO NUX P\\\/GUITARRA MIGHTY 8BT\"}]},{\"@type\":\"WebSite\",\"@id\":\"https:\\\/\\\/www.mexicanguitarplayers.com\\\/#website\",\"url\":\"https:\\\/\\\/www.mexicanguitarplayers.com\\\/\",\"name\":\"Mexican Guitar Players\",\"description\":\"Website\",\"publisher\":{\"@id\":\"https:\\\/\\\/www.mexicanguitarplayers.com\\\/#organization\"},\"potentialAction\":[{\"@type\":\"SearchAction\",\"target\":{\"@type\":\"EntryPoint\",\"urlTemplate\":\"https:\\\/\\\/www.mexicanguitarplayers.com\\\/?s={search_term_string}\"},\"query-input\":{\"@type\":\"PropertyValueSpecification\",\"valueRequired\":true,\"valueName\":\"search_term_string\"}}],\"inLanguage\":\"en-US\"},{\"@type\":\"Organization\",\"@id\":\"https:\\\/\\\/www.mexicanguitarplayers.com\\\/#organization\",\"name\":\"Mexican Guitar Players\",\"url\":\"https:\\\/\\\/www.mexicanguitarplayers.com\\\/\",\"logo\":{\"@type\":\"ImageObject\",\"inLanguage\":\"en-US\",\"@id\":\"https:\\\/\\\/www.mexicanguitarplayers.com\\\/#\\\/schema\\\/logo\\\/image\\\/\",\"url\":\"\",\"contentUrl\":\"\",\"caption\":\"Mexican Guitar Players\"},\"image\":{\"@id\":\"https:\\\/\\\/www.mexicanguitarplayers.com\\\/#\\\/schema\\\/logo\\\/image\\\/\"}}]}<\/script>\n<!-- \/ Yoast SEO plugin. -->","yoast_head_json":{"title":"COMBO NUX P\/GUITARRA MIGHTY 8BT - Mexican Guitar Players","description":"COMBO NUX P\/GUITARRA MIGHTY 8BT. Combo para guitarra el\u00e9ctrica, potencia de 8 watts, 3 preajustes de sonido (clean, overdrive y distorsi\u00f3n), cada preset puede ser personalizado, entradas de micr\u00f3fono e instrumento, 12 variedades de efectos de guitarra y control de env\u00edo de reverb para entrada de micr\u00f3fono, conexi\u00f3n bluetooth, alimentado por medio de adaptador de corriente o dos bater\u00edas AA de alto rendimiento hasta por 8 horas , f\u00e1cil de transportar con tahal\u00ed de amplificador (incluid), aplicaci\u00f3n m\u00f3vil para dispositivos Android o iOs, dimensiones: 240 x 166 x 220 mm, peso: 2.6 kg.","robots":{"index":"index","follow":"follow","max-snippet":"max-snippet:-1","max-image-preview":"max-image-preview:large","max-video-preview":"max-video-preview:-1"},"canonical":"https:\/\/www.mexicanguitarplayers.com\/en\/tienda\/cuerdas\/combos\/combos-para-guitarra\/combo-nux-p-guitarra-mighty-8bt\/","og_locale":"en_US","og_type":"article","og_title":"COMBO NUX P\/GUITARRA MIGHTY 8BT - Mexican Guitar Players","og_description":"COMBO NUX P\/GUITARRA MIGHTY 8BT. Combo para guitarra el\u00e9ctrica, potencia de 8 watts, 3 preajustes de sonido (clean, overdrive y distorsi\u00f3n), cada preset puede ser personalizado, entradas de micr\u00f3fono e instrumento, 12 variedades de efectos de guitarra y control de env\u00edo de reverb para entrada de micr\u00f3fono, conexi\u00f3n bluetooth, alimentado por medio de adaptador de corriente o dos bater\u00edas AA de alto rendimiento hasta por 8 horas , f\u00e1cil de transportar con tahal\u00ed de amplificador (incluid), aplicaci\u00f3n m\u00f3vil para dispositivos Android o iOs, dimensiones: 240 x 166 x 220 mm, peso: 2.6 kg.","og_url":"https:\/\/www.mexicanguitarplayers.com\/en\/tienda\/cuerdas\/combos\/combos-para-guitarra\/combo-nux-p-guitarra-mighty-8bt\/","og_site_name":"Mexican Guitar Players","article_modified_time":"2026-04-10T11:25:49+00:00","og_image":[{"width":1200,"height":1200,"url":"https:\/\/www.mexicanguitarplayers.com\/wp-content\/uploads\/2022\/08\/ICNUXMIGHTY8BT-1.jpg","type":"image\/jpeg"}],"twitter_card":"summary_large_image","schema":{"@context":"https:\/\/schema.org","@graph":[{"@type":["WebPage","ItemPage"],"@id":"https:\/\/www.mexicanguitarplayers.com\/tienda\/cuerdas\/combos\/combos-para-guitarra\/combo-nux-p-guitarra-mighty-8bt\/","url":"https:\/\/www.mexicanguitarplayers.com\/tienda\/cuerdas\/combos\/combos-para-guitarra\/combo-nux-p-guitarra-mighty-8bt\/","name":"COMBO NUX P\/GUITARRA MIGHTY 8BT - Mexican Guitar Players","isPartOf":{"@id":"https:\/\/www.mexicanguitarplayers.com\/#website"},"primaryImageOfPage":{"@id":"https:\/\/www.mexicanguitarplayers.com\/tienda\/cuerdas\/combos\/combos-para-guitarra\/combo-nux-p-guitarra-mighty-8bt\/#primaryimage"},"image":{"@id":"https:\/\/www.mexicanguitarplayers.com\/tienda\/cuerdas\/combos\/combos-para-guitarra\/combo-nux-p-guitarra-mighty-8bt\/#primaryimage"},"thumbnailUrl":"https:\/\/www.mexicanguitarplayers.com\/wp-content\/uploads\/2022\/08\/ICNUXMIGHTY8BT-1.jpg","datePublished":"2022-08-18T06:08:50+00:00","dateModified":"2026-04-10T11:25:49+00:00","description":"COMBO NUX P\/GUITARRA MIGHTY 8BT. Combo para guitarra el\u00e9ctrica, potencia de 8 watts, 3 preajustes de sonido (clean, overdrive y distorsi\u00f3n), cada preset puede ser personalizado, entradas de micr\u00f3fono e instrumento, 12 variedades de efectos de guitarra y control de env\u00edo de reverb para entrada de micr\u00f3fono, conexi\u00f3n bluetooth, alimentado por medio de adaptador de corriente o dos bater\u00edas AA de alto rendimiento hasta por 8 horas , f\u00e1cil de transportar con tahal\u00ed de amplificador (incluid), aplicaci\u00f3n m\u00f3vil para dispositivos Android o iOs, dimensiones: 240 x 166 x 220 mm, peso: 2.6 kg.","breadcrumb":{"@id":"https:\/\/www.mexicanguitarplayers.com\/tienda\/cuerdas\/combos\/combos-para-guitarra\/combo-nux-p-guitarra-mighty-8bt\/#breadcrumb"},"inLanguage":"en-US","potentialAction":[{"@type":"ReadAction","target":["https:\/\/www.mexicanguitarplayers.com\/tienda\/cuerdas\/combos\/combos-para-guitarra\/combo-nux-p-guitarra-mighty-8bt\/"]}]},{"@type":"ImageObject","inLanguage":"en-US","@id":"https:\/\/www.mexicanguitarplayers.com\/tienda\/cuerdas\/combos\/combos-para-guitarra\/combo-nux-p-guitarra-mighty-8bt\/#primaryimage","url":"https:\/\/www.mexicanguitarplayers.com\/wp-content\/uploads\/2022\/08\/ICNUXMIGHTY8BT-1.jpg","contentUrl":"https:\/\/www.mexicanguitarplayers.com\/wp-content\/uploads\/2022\/08\/ICNUXMIGHTY8BT-1.jpg","width":1200,"height":1200},{"@type":"BreadcrumbList","@id":"https:\/\/www.mexicanguitarplayers.com\/tienda\/cuerdas\/combos\/combos-para-guitarra\/combo-nux-p-guitarra-mighty-8bt\/#breadcrumb","itemListElement":[{"@type":"ListItem","position":1,"name":"Portada","item":"https:\/\/www.mexicanguitarplayers.com\/"},{"@type":"ListItem","position":2,"name":"Tienda","item":"https:\/\/www.mexicanguitarplayers.com\/tienda\/"},{"@type":"ListItem","position":3,"name":"COMBO NUX P\/GUITARRA MIGHTY 8BT"}]},{"@type":"WebSite","@id":"https:\/\/www.mexicanguitarplayers.com\/#website","url":"https:\/\/www.mexicanguitarplayers.com\/","name":"Mexican Guitar Players","description":"Website","publisher":{"@id":"https:\/\/www.mexicanguitarplayers.com\/#organization"},"potentialAction":[{"@type":"SearchAction","target":{"@type":"EntryPoint","urlTemplate":"https:\/\/www.mexicanguitarplayers.com\/?s={search_term_string}"},"query-input":{"@type":"PropertyValueSpecification","valueRequired":true,"valueName":"search_term_string"}}],"inLanguage":"en-US"},{"@type":"Organization","@id":"https:\/\/www.mexicanguitarplayers.com\/#organization","name":"Mexican Guitar Players","url":"https:\/\/www.mexicanguitarplayers.com\/","logo":{"@type":"ImageObject","inLanguage":"en-US","@id":"https:\/\/www.mexicanguitarplayers.com\/#\/schema\/logo\/image\/","url":"","contentUrl":"","caption":"Mexican Guitar Players"},"image":{"@id":"https:\/\/www.mexicanguitarplayers.com\/#\/schema\/logo\/image\/"}}]}},"brands":[{"id":177,"name":"NUX","slug":"nux"}],"_links":{"self":[{"href":"https:\/\/www.mexicanguitarplayers.com\/en\/wp-json\/wp\/v2\/product\/8789","targetHints":{"allow":["GET"]}}],"collection":[{"href":"https:\/\/www.mexicanguitarplayers.com\/en\/wp-json\/wp\/v2\/product"}],"about":[{"href":"https:\/\/www.mexicanguitarplayers.com\/en\/wp-json\/wp\/v2\/types\/product"}],"replies":[{"embeddable":true,"href":"https:\/\/www.mexicanguitarplayers.com\/en\/wp-json\/wp\/v2\/comments?post=8789"}],"wp:featuredmedia":[{"embeddable":true,"href":"https:\/\/www.mexicanguitarplayers.com\/en\/wp-json\/wp\/v2\/media\/22241"}],"wp:attachment":[{"href":"https:\/\/www.mexicanguitarplayers.com\/en\/wp-json\/wp\/v2\/media?parent=8789"}],"wp:term":[{"taxonomy":"pwb-brand","embeddable":true,"href":"https:\/\/www.mexicanguitarplayers.com\/en\/wp-json\/wp\/v2\/pwb-brand?post=8789"},{"taxonomy":"product_brand","embeddable":true,"href":"https:\/\/www.mexicanguitarplayers.com\/en\/wp-json\/wp\/v2\/product_brand?post=8789"},{"taxonomy":"product_cat","embeddable":true,"href":"https:\/\/www.mexicanguitarplayers.com\/en\/wp-json\/wp\/v2\/product_cat?post=8789"},{"taxonomy":"product_tag","embeddable":true,"href":"https:\/\/www.mexicanguitarplayers.com\/en\/wp-json\/wp\/v2\/product_tag?post=8789"}],"curies":[{"name":"wp","href":"https:\/\/api.w.org\/{rel}","templated":true}]}}